{"id":11662,"date":"2024-12-03T09:16:28","date_gmt":"2024-12-03T07:16:28","guid":{"rendered":"https:\/\/idakorea.ee\/?post_type=product&#038;p=11662"},"modified":"2026-03-24T14:26:57","modified_gmt":"2026-03-24T12:26:57","slug":"silmapadjad-bioheal-boh-probioderm-collagen-remodelling-eye-patch","status":"publish","type":"product","link":"https:\/\/idakorea.ee\/en\/product\/silmapadjad-bioheal-boh-probioderm-collagen-remodelling-eye-patch\/","title":{"rendered":"Bioheal Boh Probioderm Collagen Remodelling Eye Patch, 60pcs"},"content":{"rendered":"<p><strong>BIOHEAL BOH Probioderm Collagen Remodelling Eye Patch<\/strong> are effective eye masks designed to combat puffiness and dark circles. They reduce the visibility of wrinkles and improve skin tone.<\/p>\n<p><strong>Action:<\/strong><\/p>\n<ul>\n<li><strong>Reduces swelling and improves skin elasticity:<\/strong> Clinically proven results from the first use.<\/li>\n<li><strong>Unique composition:<\/strong> The pads become transparent when the active ingredients are fully absorbed into the skin.<\/li>\n<li><strong>Versatile use:<\/strong> Also suitable for other problem areas such as nasolabial folds, the area between the eyebrows and the forehead.<\/li>\n<\/ul>\n<p>Active ingredients in BIOHEAL BOH Probioderm Collagen Remodelling Eye Patches:<\/p>\n<p><strong>Patented PDRN - <\/strong>Derived from salmon extract, PDRN quickly restores tired skin.<\/p>\n<ul>\n<li><strong>Action:<\/strong> activates the growth and regeneration of new skin cells, stimulates the synthesis of collagen and elastin.<\/li>\n<li><strong>Results:<\/strong> Visible rejuvenating effect, wrinkle reduction, more even complexion, more supple and plump skin.<\/li>\n<\/ul>\n<p><strong>Four collagen complex - <\/strong>Restores the skin's collagen balance and stimulates collagen production, making the skin denser and more elastic.<\/p>\n<p><strong>Probioderm complex - <\/strong>Contains three live lactobacteria that:<\/p>\n<ul>\n<li style=\"list-style-type: none;\">\n<ul>\n<li>Restore the skin's barrier function.<\/li>\n<li>Improve skin elasticity and resistance.<\/li>\n<\/ul>\n<\/li>\n<\/ul>\n<p><strong>Glycogen and waterproline\u00a0<\/strong><\/p>\n<ul>\n<li class=\"translation-block\"><strong>Glucogen:<\/strong> responsible for moisturising the skin and brightening dark circles.<\/li>\n<li class=\"translation-block\"><strong>Vetoproline:<\/strong> provides deep and long-lasting hydration.<\/li>\n<\/ul>\n<p><strong>Twelve different peptides + vitamin C<\/strong><\/p>\n<ul>\n<li><strong>Vitamin C:<\/strong> whitens skin and fights wrinkles.<\/li>\n<li><strong>Peptide complex:<\/strong>\n<ul>\n<li class=\"translation-block\"><strong>Acetyl Tetrapeptide-5:<\/strong> improves skin elasticity and reduces swelling.<\/li>\n<li class=\"translation-block\"><strong>Nonapeptide-1:<\/strong> prevents melanin production, evens skin tone.<\/li>\n<li class=\"translation-block\"><strong>Acetyl Tetrapeptide-9:<\/strong> increases skin density and elasticity.<\/li>\n<li class=\"translation-block\"><strong>Acetyl Hexapeptide-8 (Argireline):<\/strong> relaxes muscles, preventing the formation of new wrinkles.<\/li>\n<li class=\"translation-block\"><strong>Tripeptide-1:<\/strong> stimulates the production of collagen, triggering skin cell regeneration.<\/li>\n<li class=\"translation-block\"><strong>Palmitoyl Tripeptide-1:<\/strong> signals fibroblasts to produce new collagen.<\/li>\n<\/ul>\n<\/li>\n<\/ul>\n<p>These ingredients work synergistically to provide effective care and visible results from the first application.<\/p>\n<h3><strong style=\"font-family: var(--global-body-font-family); font-size: 16px;\">Suitable for all skin types, providing intensive care and a rejuvenating effect.<\/strong><\/h3>\n<p>&nbsp;<\/p>\n<p><strong>User manual: <\/strong>Cleanse and tone your face. Place eye pads under the eyes or on another problem area. Leave the pads on the skin for 15-20 minutes. Remove the pads and gently pat the remaining serum into the skin with your fingertips.<\/p>","protected":false},"excerpt":{"rendered":"<p>BIOHEAL BOH Probioderm Collagen Remodelling Eye Patch is an effective eye patch designed to combat puffiness and dark circles. They reduce the visibility of wrinkles and improve skin tone. Action: Reduces puffiness and improves skin elasticity: Clinically proven results with the first use. Unique formulation. Versatile use: also suitable for...<\/p>","protected":false},"featured_media":11670,"comment_status":"open","ping_status":"closed","template":"","meta":{"_uf_show_specific_survey":0,"_uf_disable_surveys":false,"_bst_post_transparent":"default","_bst_post_title":"","_bst_post_layout":"default","_bst_post_sidebar_id":"","_bst_post_content_style":"default","_bst_post_vertical_padding":"default","_bst_post_feature":"","_bst_post_feature_position":"","_bst_post_header":false,"_bst_post_footer":false},"pwb-brand":[479],"product_brand":[],"product_cat":[92,99,385],"product_tag":[607,729],"class_list":{"0":"post-11662","1":"product","2":"type-product","3":"status-publish","4":"has-post-thumbnail","6":"pwb-brand-bioheal-boh","7":"product_cat-nagu","8":"product_cat-silmad-ja-huuled-2","9":"product_cat-silmapadjad","10":"product_tag-eye-patch","11":"product_tag-probioderm","13":"first","14":"instock","15":"sale","16":"shipping-taxable","17":"purchasable","18":"product-type-simple","19":"entry","20":"content-bg","21":"loop-entry"},"supplier_id":null,"supplier_sku":"","barcode":null,"atum_controlled":true,"out_stock_date":null,"out_stock_threshold":null,"inheritable":false,"inbound_stock":0,"stock_on_hold":0,"sold_today":0,"sales_last_days":2,"out_stock_days":0,"lost_sales":0,"has_location":false,"update_date":"2026-04-14T00:05:11","atum_locations":[],"atum_stock_status":"instock","restock_status":false,"low_stock_amount":"","sales_update_date":"2026-04-14T00:05:11","calc_backorders":null,"yoast_head":"<!-- This site is optimized with the Yoast SEO plugin v27.2 - https:\/\/yoast.com\/product\/yoast-seo-wordpress\/ -->\n<title>Silmapadjad Bioheal Boh Probioderm Collagen Remodelling Eye Patch, 60tk - IDA.KOREA<\/title>\n<meta name=\"robots\" content=\"index, follow, max-snippet:-1, max-image-preview:large, max-video-preview:-1\" \/>\n<link rel=\"canonical\" href=\"https:\/\/idakorea.ee\/en\/product\/silmapadjad-bioheal-boh-probioderm-collagen-remodelling-eye-patch\/\" \/>\n<meta property=\"og:locale\" content=\"en_US\" \/>\n<meta property=\"og:type\" content=\"article\" \/>\n<meta property=\"og:title\" content=\"Silmapadjad Bioheal Boh Probioderm Collagen Remodelling Eye Patch, 60tk - IDA.KOREA\" \/>\n<meta property=\"og:description\" content=\"BIOHEAL BOH Probioderm Collagen Remodelling Eye Patch on t\u00f5husad silmapadjad, mis on loodud v\u00f5itlema tursete ja tumedate silmaalustega. Need v\u00e4hendavad kortsude n\u00e4htavust ja parandavad naha toonust. Toime: V\u00e4hendab turseid ja parandab naha elastsust: Kliiniliselt t\u00f5estatud tulemused juba esimese kasutuskorraga. Unikaalne koostis: Padjakesed muutuvad l\u00e4bipaistvaks, kui aktiivsed koostisosad on t\u00e4ielikult nahka imendunud. Mitmek\u00fclgne kasutamine: Sobivad ka...\" \/>\n<meta property=\"og:url\" content=\"https:\/\/idakorea.ee\/en\/product\/silmapadjad-bioheal-boh-probioderm-collagen-remodelling-eye-patch\/\" \/>\n<meta property=\"og:site_name\" content=\"IDA.KOREA\" \/>\n<meta property=\"article:modified_time\" content=\"2026-03-24T12:26:57+00:00\" \/>\n<meta property=\"og:image\" content=\"https:\/\/idakorea.ee\/wp-content\/uploads\/2024\/12\/biohealboh_500021-650x650-2.jpg\" \/>\n\t<meta property=\"og:image:width\" content=\"650\" \/>\n\t<meta property=\"og:image:height\" content=\"650\" \/>\n\t<meta property=\"og:image:type\" content=\"image\/jpeg\" \/>\n<meta name=\"twitter:card\" content=\"summary_large_image\" \/>\n<meta name=\"twitter:label1\" content=\"Est. reading time\" \/>\n\t<meta name=\"twitter:data1\" content=\"2 minutes\" \/>\n<script type=\"application\/ld+json\" class=\"yoast-schema-graph\">{\"@context\":\"https:\/\/schema.org\",\"@graph\":[{\"@type\":\"WebPage\",\"@id\":\"https:\/\/idakorea.ee\/product\/silmapadjad-bioheal-boh-probioderm-collagen-remodelling-eye-patch\/\",\"url\":\"https:\/\/idakorea.ee\/product\/silmapadjad-bioheal-boh-probioderm-collagen-remodelling-eye-patch\/\",\"name\":\"Silmapadjad Bioheal Boh Probioderm Collagen Remodelling Eye Patch, 60tk - IDA.KOREA\",\"isPartOf\":{\"@id\":\"https:\/\/idakorea.ee\/#website\"},\"primaryImageOfPage\":{\"@id\":\"https:\/\/idakorea.ee\/product\/silmapadjad-bioheal-boh-probioderm-collagen-remodelling-eye-patch\/#primaryimage\"},\"image\":{\"@id\":\"https:\/\/idakorea.ee\/product\/silmapadjad-bioheal-boh-probioderm-collagen-remodelling-eye-patch\/#primaryimage\"},\"thumbnailUrl\":\"https:\/\/idakorea.ee\/wp-content\/uploads\/2024\/12\/biohealboh_500021-650x650-2.jpg\",\"datePublished\":\"2024-12-03T07:16:28+00:00\",\"dateModified\":\"2026-03-24T12:26:57+00:00\",\"breadcrumb\":{\"@id\":\"https:\/\/idakorea.ee\/product\/silmapadjad-bioheal-boh-probioderm-collagen-remodelling-eye-patch\/#breadcrumb\"},\"inLanguage\":\"en-US\",\"potentialAction\":[{\"@type\":\"ReadAction\",\"target\":[\"https:\/\/idakorea.ee\/product\/silmapadjad-bioheal-boh-probioderm-collagen-remodelling-eye-patch\/\"]}]},{\"@type\":\"ImageObject\",\"inLanguage\":\"en-US\",\"@id\":\"https:\/\/idakorea.ee\/product\/silmapadjad-bioheal-boh-probioderm-collagen-remodelling-eye-patch\/#primaryimage\",\"url\":\"https:\/\/idakorea.ee\/wp-content\/uploads\/2024\/12\/biohealboh_500021-650x650-2.jpg\",\"contentUrl\":\"https:\/\/idakorea.ee\/wp-content\/uploads\/2024\/12\/biohealboh_500021-650x650-2.jpg\",\"width\":650,\"height\":650},{\"@type\":\"BreadcrumbList\",\"@id\":\"https:\/\/idakorea.ee\/product\/silmapadjad-bioheal-boh-probioderm-collagen-remodelling-eye-patch\/#breadcrumb\",\"itemListElement\":[{\"@type\":\"ListItem\",\"position\":1,\"name\":\"\u0413\u043b\u0430\u0432\u043d\u0430\u044f \u0441\u0442\u0440\u0430\u043d\u0438\u0446\u0430\",\"item\":\"https:\/\/idakorea.ee\/\"},{\"@type\":\"ListItem\",\"position\":2,\"name\":\"Shop\",\"item\":\"https:\/\/idakorea.ee\/shop-2\/\"},{\"@type\":\"ListItem\",\"position\":3,\"name\":\"Silmapadjad Bioheal Boh Probioderm Collagen Remodelling Eye Patch, 60tk\"}]},{\"@type\":\"WebSite\",\"@id\":\"https:\/\/idakorea.ee\/#website\",\"url\":\"https:\/\/idakorea.ee\/\",\"name\":\"IDA.KOREA\",\"description\":\"Korea kosmeetika e-pood\",\"publisher\":{\"@id\":\"https:\/\/idakorea.ee\/#organization\"},\"alternateName\":\"Beauty Shop\",\"potentialAction\":[{\"@type\":\"SearchAction\",\"target\":{\"@type\":\"EntryPoint\",\"urlTemplate\":\"https:\/\/idakorea.ee\/?s={search_term_string}\"},\"query-input\":{\"@type\":\"PropertyValueSpecification\",\"valueRequired\":true,\"valueName\":\"search_term_string\"}}],\"inLanguage\":\"en-US\"},{\"@type\":\"Organization\",\"@id\":\"https:\/\/idakorea.ee\/#organization\",\"name\":\"IDA.KOREA\",\"url\":\"https:\/\/idakorea.ee\/\",\"logo\":{\"@type\":\"ImageObject\",\"inLanguage\":\"en-US\",\"@id\":\"https:\/\/idakorea.ee\/#\/schema\/logo\/image\/\",\"url\":\"https:\/\/idakorea.ee\/wp-content\/uploads\/2024\/05\/cropped-korea3.png\",\"contentUrl\":\"https:\/\/idakorea.ee\/wp-content\/uploads\/2024\/05\/cropped-korea3.png\",\"width\":688,\"height\":126,\"caption\":\"IDA.KOREA\"},\"image\":{\"@id\":\"https:\/\/idakorea.ee\/#\/schema\/logo\/image\/\"},\"sameAs\":[\"https:\/\/www.instagram.com\/ida.korea\/\"]}]}<\/script>\n<!-- \/ Yoast SEO plugin. -->","yoast_head_json":{"title":"Bioheal Boh Probioderm Collagen Remodelling Eye Patch, 60pcs - IDA.KOREA","robots":{"index":"index","follow":"follow","max-snippet":"max-snippet:-1","max-image-preview":"max-image-preview:large","max-video-preview":"max-video-preview:-1"},"canonical":"https:\/\/idakorea.ee\/en\/product\/silmapadjad-bioheal-boh-probioderm-collagen-remodelling-eye-patch\/","og_locale":"en_US","og_type":"article","og_title":"Silmapadjad Bioheal Boh Probioderm Collagen Remodelling Eye Patch, 60tk - IDA.KOREA","og_description":"BIOHEAL BOH Probioderm Collagen Remodelling Eye Patch on t\u00f5husad silmapadjad, mis on loodud v\u00f5itlema tursete ja tumedate silmaalustega. Need v\u00e4hendavad kortsude n\u00e4htavust ja parandavad naha toonust. Toime: V\u00e4hendab turseid ja parandab naha elastsust: Kliiniliselt t\u00f5estatud tulemused juba esimese kasutuskorraga. Unikaalne koostis: Padjakesed muutuvad l\u00e4bipaistvaks, kui aktiivsed koostisosad on t\u00e4ielikult nahka imendunud. Mitmek\u00fclgne kasutamine: Sobivad ka...","og_url":"https:\/\/idakorea.ee\/en\/product\/silmapadjad-bioheal-boh-probioderm-collagen-remodelling-eye-patch\/","og_site_name":"IDA.KOREA","article_modified_time":"2026-03-24T12:26:57+00:00","og_image":[{"width":650,"height":650,"url":"https:\/\/idakorea.ee\/wp-content\/uploads\/2024\/12\/biohealboh_500021-650x650-2.jpg","type":"image\/jpeg"}],"twitter_card":"summary_large_image","twitter_misc":{"Est. reading time":"2 minutes"},"schema":{"@context":"https:\/\/schema.org","@graph":[{"@type":"WebPage","@id":"https:\/\/idakorea.ee\/product\/silmapadjad-bioheal-boh-probioderm-collagen-remodelling-eye-patch\/","url":"https:\/\/idakorea.ee\/product\/silmapadjad-bioheal-boh-probioderm-collagen-remodelling-eye-patch\/","name":"Bioheal Boh Probioderm Collagen Remodelling Eye Patch, 60pcs - IDA.KOREA","isPartOf":{"@id":"https:\/\/idakorea.ee\/#website"},"primaryImageOfPage":{"@id":"https:\/\/idakorea.ee\/product\/silmapadjad-bioheal-boh-probioderm-collagen-remodelling-eye-patch\/#primaryimage"},"image":{"@id":"https:\/\/idakorea.ee\/product\/silmapadjad-bioheal-boh-probioderm-collagen-remodelling-eye-patch\/#primaryimage"},"thumbnailUrl":"https:\/\/idakorea.ee\/wp-content\/uploads\/2024\/12\/biohealboh_500021-650x650-2.jpg","datePublished":"2024-12-03T07:16:28+00:00","dateModified":"2026-03-24T12:26:57+00:00","breadcrumb":{"@id":"https:\/\/idakorea.ee\/product\/silmapadjad-bioheal-boh-probioderm-collagen-remodelling-eye-patch\/#breadcrumb"},"inLanguage":"en-US","potentialAction":[{"@type":"ReadAction","target":["https:\/\/idakorea.ee\/product\/silmapadjad-bioheal-boh-probioderm-collagen-remodelling-eye-patch\/"]}]},{"@type":"ImageObject","inLanguage":"en-US","@id":"https:\/\/idakorea.ee\/product\/silmapadjad-bioheal-boh-probioderm-collagen-remodelling-eye-patch\/#primaryimage","url":"https:\/\/idakorea.ee\/wp-content\/uploads\/2024\/12\/biohealboh_500021-650x650-2.jpg","contentUrl":"https:\/\/idakorea.ee\/wp-content\/uploads\/2024\/12\/biohealboh_500021-650x650-2.jpg","width":650,"height":650},{"@type":"BreadcrumbList","@id":"https:\/\/idakorea.ee\/product\/silmapadjad-bioheal-boh-probioderm-collagen-remodelling-eye-patch\/#breadcrumb","itemListElement":[{"@type":"ListItem","position":1,"name":"\u0413\u043b\u0430\u0432\u043d\u0430\u044f \u0441\u0442\u0440\u0430\u043d\u0438\u0446\u0430","item":"https:\/\/idakorea.ee\/"},{"@type":"ListItem","position":2,"name":"Shop","item":"https:\/\/idakorea.ee\/shop-2\/"},{"@type":"ListItem","position":3,"name":"Silmapadjad Bioheal Boh Probioderm Collagen Remodelling Eye Patch, 60tk"}]},{"@type":"WebSite","@id":"https:\/\/idakorea.ee\/#website","url":"https:\/\/idakorea.ee\/","name":"IDA.KOREA","description":"Korean cosmetics e-shop","publisher":{"@id":"https:\/\/idakorea.ee\/#organization"},"alternateName":"Beauty Shop","potentialAction":[{"@type":"SearchAction","target":{"@type":"EntryPoint","urlTemplate":"https:\/\/idakorea.ee\/?s={search_term_string}"},"query-input":{"@type":"PropertyValueSpecification","valueRequired":true,"valueName":"search_term_string"}}],"inLanguage":"en-US"},{"@type":"Organization","@id":"https:\/\/idakorea.ee\/#organization","name":"IDA.KOREA","url":"https:\/\/idakorea.ee\/","logo":{"@type":"ImageObject","inLanguage":"en-US","@id":"https:\/\/idakorea.ee\/#\/schema\/logo\/image\/","url":"https:\/\/idakorea.ee\/wp-content\/uploads\/2024\/05\/cropped-korea3.png","contentUrl":"https:\/\/idakorea.ee\/wp-content\/uploads\/2024\/05\/cropped-korea3.png","width":688,"height":126,"caption":"IDA.KOREA"},"image":{"@id":"https:\/\/idakorea.ee\/#\/schema\/logo\/image\/"},"sameAs":["https:\/\/www.instagram.com\/ida.korea\/"]}]}},"jetpack_sharing_enabled":true,"brands":[{"id":479,"name":"BIOHEAL BOH","slug":"bioheal-boh"}],"_links":{"self":[{"href":"https:\/\/idakorea.ee\/en\/wp-json\/wp\/v2\/product\/11662","targetHints":{"allow":["GET"]}}],"collection":[{"href":"https:\/\/idakorea.ee\/en\/wp-json\/wp\/v2\/product"}],"about":[{"href":"https:\/\/idakorea.ee\/en\/wp-json\/wp\/v2\/types\/product"}],"replies":[{"embeddable":true,"href":"https:\/\/idakorea.ee\/en\/wp-json\/wp\/v2\/comments?post=11662"}],"version-history":[{"count":5,"href":"https:\/\/idakorea.ee\/en\/wp-json\/wp\/v2\/product\/11662\/revisions"}],"predecessor-version":[{"id":12957,"href":"https:\/\/idakorea.ee\/en\/wp-json\/wp\/v2\/product\/11662\/revisions\/12957"}],"wp:featuredmedia":[{"embeddable":true,"href":"https:\/\/idakorea.ee\/en\/wp-json\/wp\/v2\/media\/11670"}],"wp:attachment":[{"href":"https:\/\/idakorea.ee\/en\/wp-json\/wp\/v2\/media?parent=11662"}],"wp:term":[{"taxonomy":"pwb-brand","embeddable":true,"href":"https:\/\/idakorea.ee\/en\/wp-json\/wp\/v2\/pwb-brand?post=11662"},{"taxonomy":"product_brand","embeddable":true,"href":"https:\/\/idakorea.ee\/en\/wp-json\/wp\/v2\/product_brand?post=11662"},{"taxonomy":"product_cat","embeddable":true,"href":"https:\/\/idakorea.ee\/en\/wp-json\/wp\/v2\/product_cat?post=11662"},{"taxonomy":"product_tag","embeddable":true,"href":"https:\/\/idakorea.ee\/en\/wp-json\/wp\/v2\/product_tag?post=11662"}],"curies":[{"name":"wp","href":"https:\/\/api.w.org\/{rel}","templated":true}]}}