{"id":11693,"date":"2024-12-05T17:04:49","date_gmt":"2024-12-05T15:04:49","guid":{"rendered":"https:\/\/idakorea.ee\/?post_type=product&#038;p=11693"},"modified":"2026-01-30T15:31:43","modified_gmt":"2026-01-30T13:31:43","slug":"boncept-by-tonymoly-retinol-eye-cream-lifting-care","status":"publish","type":"product","link":"https:\/\/idakorea.ee\/en\/product\/boncept-by-tonymoly-retinol-eye-cream-lifting-care\/","title":{"rendered":"Eye Cream Boncept by TonyMoly Retinol Eye Cream Lifting Care, 25ml"},"content":{"rendered":"<p><strong>Boncept Retinol Eye Cream Lifting Care<\/strong> is specially formulated to care for the delicate skin around the eyes, helping to reduce fine lines, wrinkles and puffiness. Enriched with retinol, the eye cream strengthens the skin's elasticity and tightens while providing intense hydration. Its lightweight formula absorbs quickly, leaving the eye area smooth, plump and fresh.<\/p>\n<p><strong>3 main advantages:<\/strong><\/p>\n<ol>\n<li><strong>Reduces fine lines and wrinkles:<\/strong> Retinol effectively smoothes wrinkles and fine lines around the eye area.<\/li>\n<li><strong>Relaxes and lifts:<\/strong> Improves the elasticity of the skin, giving the eye area a more plump and toned appearance.<\/li>\n<li><strong>Moisturises and brightens:<\/strong> Provides deep hydration, reducing puffiness and brightening dark under-eye circles, giving a fresh and refreshed look.<\/li>\n<\/ol>\n<p><strong>Recommended skin type:<\/strong> Suitable for all skin types, especially mature skin or those who are concerned about fine lines and puffiness around the eyes.<\/p>\n<p>&nbsp;<\/p>\n<p><strong>Usage:\u00a0<\/strong>Apply the required amount of cream to the eyelids and face and gently spread over the skin until fully absorbed. Use after cleansing and toning in the morning and evening.<\/p>\n<p>&nbsp;<\/p>","protected":false},"excerpt":{"rendered":"<p>Boncept Retinol Eye Cream Lifting Care is specially formulated to care for the delicate skin around the eyes, helping to reduce fine lines, wrinkles and puffiness. Enriched with retinol, the eye cream strengthens skin elasticity and tightens while providing intense hydration. Its lightweight formula absorbs quickly, leaving the eye area smooth, plump and fresh. 3 key benefits: Reduces the appearance of fine lines and wrinkles....<\/p>","protected":false},"featured_media":11702,"comment_status":"open","ping_status":"closed","template":"","meta":{"_uf_show_specific_survey":0,"_uf_disable_surveys":false,"_bst_post_transparent":"default","_bst_post_title":"","_bst_post_layout":"default","_bst_post_sidebar_id":"","_bst_post_content_style":"default","_bst_post_vertical_padding":"default","_bst_post_feature":"","_bst_post_feature_position":"","_bst_post_header":false,"_bst_post_footer":false},"pwb-brand":[696],"product_brand":[],"product_cat":[92,99,201],"product_tag":[698,735,697],"class_list":{"0":"post-11693","1":"product","2":"type-product","3":"status-publish","4":"has-post-thumbnail","6":"pwb-brand-boncept-by-tonymoly","7":"product_cat-nagu","8":"product_cat-silmad-ja-huuled-2","9":"product_cat-silmakreem","10":"product_tag-boncept","11":"product_tag-eye-cream-korea","12":"product_tag-tonymoly","14":"first","15":"instock","16":"sale","17":"shipping-taxable","18":"purchasable","19":"product-type-simple","20":"entry","21":"content-bg","22":"loop-entry"},"supplier_id":null,"supplier_sku":"","barcode":null,"atum_controlled":true,"out_stock_date":null,"out_stock_threshold":null,"inheritable":false,"inbound_stock":0,"stock_on_hold":0,"sold_today":0,"sales_last_days":0,"out_stock_days":0,"lost_sales":0,"has_location":false,"update_date":"2026-04-14T00:05:04","atum_locations":[],"atum_stock_status":"instock","restock_status":false,"low_stock_amount":"","sales_update_date":"2026-04-14T00:05:04","calc_backorders":null,"yoast_head":"<!-- This site is optimized with the Yoast SEO plugin v27.2 - https:\/\/yoast.com\/product\/yoast-seo-wordpress\/ -->\n<title>Boncept by TonyMoly Retinol Eye Cream Lifting Care - IDA.KOREA<\/title>\n<meta name=\"description\" content=\"Boncept Retinol Eye Cream Lifting Care on spetsiaalselt v\u00e4lja t\u00f6\u00f6tatud, et hooldada silmade \u00fcmbruse \u00f5rna nahka, aidates v\u00e4hendada peeneid jooni, kortse\" \/>\n<meta name=\"robots\" content=\"index, follow, max-snippet:-1, max-image-preview:large, max-video-preview:-1\" \/>\n<link rel=\"canonical\" href=\"https:\/\/idakorea.ee\/en\/product\/boncept-by-tonymoly-retinol-eye-cream-lifting-care\/\" \/>\n<meta property=\"og:locale\" content=\"en_US\" \/>\n<meta property=\"og:type\" content=\"article\" \/>\n<meta property=\"og:title\" content=\"Boncept by TonyMoly Retinol Eye Cream Lifting Care - IDA.KOREA\" \/>\n<meta property=\"og:description\" content=\"Boncept Retinol Eye Cream Lifting Care on spetsiaalselt v\u00e4lja t\u00f6\u00f6tatud, et hooldada silmade \u00fcmbruse \u00f5rna nahka, aidates v\u00e4hendada peeneid jooni, kortse\" \/>\n<meta property=\"og:url\" content=\"https:\/\/idakorea.ee\/en\/product\/boncept-by-tonymoly-retinol-eye-cream-lifting-care\/\" \/>\n<meta property=\"og:site_name\" content=\"IDA.KOREA\" \/>\n<meta property=\"article:modified_time\" content=\"2026-01-30T13:31:43+00:00\" \/>\n<meta property=\"og:image\" content=\"https:\/\/idakorea.ee\/wp-content\/uploads\/2024\/12\/boncept-eye-cream-retinol-1-1.jpg\" \/>\n\t<meta property=\"og:image:width\" content=\"800\" \/>\n\t<meta property=\"og:image:height\" content=\"800\" \/>\n\t<meta property=\"og:image:type\" content=\"image\/jpeg\" \/>\n<meta name=\"twitter:card\" content=\"summary_large_image\" \/>\n<meta name=\"twitter:label1\" content=\"Est. reading time\" \/>\n\t<meta name=\"twitter:data1\" content=\"1 minute\" \/>\n<script type=\"application\/ld+json\" class=\"yoast-schema-graph\">{\"@context\":\"https:\/\/schema.org\",\"@graph\":[{\"@type\":\"WebPage\",\"@id\":\"https:\/\/idakorea.ee\/product\/boncept-by-tonymoly-retinol-eye-cream-lifting-care\/\",\"url\":\"https:\/\/idakorea.ee\/product\/boncept-by-tonymoly-retinol-eye-cream-lifting-care\/\",\"name\":\"Boncept by TonyMoly Retinol Eye Cream Lifting Care - IDA.KOREA\",\"isPartOf\":{\"@id\":\"https:\/\/idakorea.ee\/#website\"},\"primaryImageOfPage\":{\"@id\":\"https:\/\/idakorea.ee\/product\/boncept-by-tonymoly-retinol-eye-cream-lifting-care\/#primaryimage\"},\"image\":{\"@id\":\"https:\/\/idakorea.ee\/product\/boncept-by-tonymoly-retinol-eye-cream-lifting-care\/#primaryimage\"},\"thumbnailUrl\":\"https:\/\/idakorea.ee\/wp-content\/uploads\/2024\/12\/boncept-eye-cream-retinol-1-1.jpg\",\"datePublished\":\"2024-12-05T15:04:49+00:00\",\"dateModified\":\"2026-01-30T13:31:43+00:00\",\"description\":\"Boncept Retinol Eye Cream Lifting Care on spetsiaalselt v\u00e4lja t\u00f6\u00f6tatud, et hooldada silmade \u00fcmbruse \u00f5rna nahka, aidates v\u00e4hendada peeneid jooni, kortse\",\"breadcrumb\":{\"@id\":\"https:\/\/idakorea.ee\/product\/boncept-by-tonymoly-retinol-eye-cream-lifting-care\/#breadcrumb\"},\"inLanguage\":\"en-US\",\"potentialAction\":[{\"@type\":\"ReadAction\",\"target\":[\"https:\/\/idakorea.ee\/product\/boncept-by-tonymoly-retinol-eye-cream-lifting-care\/\"]}]},{\"@type\":\"ImageObject\",\"inLanguage\":\"en-US\",\"@id\":\"https:\/\/idakorea.ee\/product\/boncept-by-tonymoly-retinol-eye-cream-lifting-care\/#primaryimage\",\"url\":\"https:\/\/idakorea.ee\/wp-content\/uploads\/2024\/12\/boncept-eye-cream-retinol-1-1.jpg\",\"contentUrl\":\"https:\/\/idakorea.ee\/wp-content\/uploads\/2024\/12\/boncept-eye-cream-retinol-1-1.jpg\",\"width\":800,\"height\":800},{\"@type\":\"BreadcrumbList\",\"@id\":\"https:\/\/idakorea.ee\/product\/boncept-by-tonymoly-retinol-eye-cream-lifting-care\/#breadcrumb\",\"itemListElement\":[{\"@type\":\"ListItem\",\"position\":1,\"name\":\"\u0413\u043b\u0430\u0432\u043d\u0430\u044f \u0441\u0442\u0440\u0430\u043d\u0438\u0446\u0430\",\"item\":\"https:\/\/idakorea.ee\/\"},{\"@type\":\"ListItem\",\"position\":2,\"name\":\"Shop\",\"item\":\"https:\/\/idakorea.ee\/shop-2\/\"},{\"@type\":\"ListItem\",\"position\":3,\"name\":\"Silmakreem Boncept by TonyMoly Retinol Eye Cream Lifting Care, 25ml\"}]},{\"@type\":\"WebSite\",\"@id\":\"https:\/\/idakorea.ee\/#website\",\"url\":\"https:\/\/idakorea.ee\/\",\"name\":\"IDA.KOREA\",\"description\":\"Korea kosmeetika e-pood\",\"publisher\":{\"@id\":\"https:\/\/idakorea.ee\/#organization\"},\"alternateName\":\"Beauty Shop\",\"potentialAction\":[{\"@type\":\"SearchAction\",\"target\":{\"@type\":\"EntryPoint\",\"urlTemplate\":\"https:\/\/idakorea.ee\/?s={search_term_string}\"},\"query-input\":{\"@type\":\"PropertyValueSpecification\",\"valueRequired\":true,\"valueName\":\"search_term_string\"}}],\"inLanguage\":\"en-US\"},{\"@type\":\"Organization\",\"@id\":\"https:\/\/idakorea.ee\/#organization\",\"name\":\"IDA.KOREA\",\"url\":\"https:\/\/idakorea.ee\/\",\"logo\":{\"@type\":\"ImageObject\",\"inLanguage\":\"en-US\",\"@id\":\"https:\/\/idakorea.ee\/#\/schema\/logo\/image\/\",\"url\":\"https:\/\/idakorea.ee\/wp-content\/uploads\/2024\/05\/cropped-korea3.png\",\"contentUrl\":\"https:\/\/idakorea.ee\/wp-content\/uploads\/2024\/05\/cropped-korea3.png\",\"width\":688,\"height\":126,\"caption\":\"IDA.KOREA\"},\"image\":{\"@id\":\"https:\/\/idakorea.ee\/#\/schema\/logo\/image\/\"},\"sameAs\":[\"https:\/\/www.instagram.com\/ida.korea\/\"]}]}<\/script>\n<!-- \/ Yoast SEO plugin. -->","yoast_head_json":{"title":"Boncept by TonyMoly Retinol Eye Cream Lifting Care - IDA.KOREA","description":"Boncept Retinol Eye Cream Lifting Care is specially formulated to care for the delicate skin around the eyes, helping to reduce fine lines, wrinkles and","robots":{"index":"index","follow":"follow","max-snippet":"max-snippet:-1","max-image-preview":"max-image-preview:large","max-video-preview":"max-video-preview:-1"},"canonical":"https:\/\/idakorea.ee\/en\/product\/boncept-by-tonymoly-retinol-eye-cream-lifting-care\/","og_locale":"en_US","og_type":"article","og_title":"Boncept by TonyMoly Retinol Eye Cream Lifting Care - IDA.KOREA","og_description":"Boncept Retinol Eye Cream Lifting Care on spetsiaalselt v\u00e4lja t\u00f6\u00f6tatud, et hooldada silmade \u00fcmbruse \u00f5rna nahka, aidates v\u00e4hendada peeneid jooni, kortse","og_url":"https:\/\/idakorea.ee\/en\/product\/boncept-by-tonymoly-retinol-eye-cream-lifting-care\/","og_site_name":"IDA.KOREA","article_modified_time":"2026-01-30T13:31:43+00:00","og_image":[{"width":800,"height":800,"url":"https:\/\/idakorea.ee\/wp-content\/uploads\/2024\/12\/boncept-eye-cream-retinol-1-1.jpg","type":"image\/jpeg"}],"twitter_card":"summary_large_image","twitter_misc":{"Est. reading time":"1 minute"},"schema":{"@context":"https:\/\/schema.org","@graph":[{"@type":"WebPage","@id":"https:\/\/idakorea.ee\/product\/boncept-by-tonymoly-retinol-eye-cream-lifting-care\/","url":"https:\/\/idakorea.ee\/product\/boncept-by-tonymoly-retinol-eye-cream-lifting-care\/","name":"Boncept by TonyMoly Retinol Eye Cream Lifting Care - IDA.KOREA","isPartOf":{"@id":"https:\/\/idakorea.ee\/#website"},"primaryImageOfPage":{"@id":"https:\/\/idakorea.ee\/product\/boncept-by-tonymoly-retinol-eye-cream-lifting-care\/#primaryimage"},"image":{"@id":"https:\/\/idakorea.ee\/product\/boncept-by-tonymoly-retinol-eye-cream-lifting-care\/#primaryimage"},"thumbnailUrl":"https:\/\/idakorea.ee\/wp-content\/uploads\/2024\/12\/boncept-eye-cream-retinol-1-1.jpg","datePublished":"2024-12-05T15:04:49+00:00","dateModified":"2026-01-30T13:31:43+00:00","description":"Boncept Retinol Eye Cream Lifting Care is specially formulated to care for the delicate skin around the eyes, helping to reduce fine lines, wrinkles and","breadcrumb":{"@id":"https:\/\/idakorea.ee\/product\/boncept-by-tonymoly-retinol-eye-cream-lifting-care\/#breadcrumb"},"inLanguage":"en-US","potentialAction":[{"@type":"ReadAction","target":["https:\/\/idakorea.ee\/product\/boncept-by-tonymoly-retinol-eye-cream-lifting-care\/"]}]},{"@type":"ImageObject","inLanguage":"en-US","@id":"https:\/\/idakorea.ee\/product\/boncept-by-tonymoly-retinol-eye-cream-lifting-care\/#primaryimage","url":"https:\/\/idakorea.ee\/wp-content\/uploads\/2024\/12\/boncept-eye-cream-retinol-1-1.jpg","contentUrl":"https:\/\/idakorea.ee\/wp-content\/uploads\/2024\/12\/boncept-eye-cream-retinol-1-1.jpg","width":800,"height":800},{"@type":"BreadcrumbList","@id":"https:\/\/idakorea.ee\/product\/boncept-by-tonymoly-retinol-eye-cream-lifting-care\/#breadcrumb","itemListElement":[{"@type":"ListItem","position":1,"name":"\u0413\u043b\u0430\u0432\u043d\u0430\u044f \u0441\u0442\u0440\u0430\u043d\u0438\u0446\u0430","item":"https:\/\/idakorea.ee\/"},{"@type":"ListItem","position":2,"name":"Shop","item":"https:\/\/idakorea.ee\/shop-2\/"},{"@type":"ListItem","position":3,"name":"Silmakreem Boncept by TonyMoly Retinol Eye Cream Lifting Care, 25ml"}]},{"@type":"WebSite","@id":"https:\/\/idakorea.ee\/#website","url":"https:\/\/idakorea.ee\/","name":"IDA.KOREA","description":"Korean cosmetics e-shop","publisher":{"@id":"https:\/\/idakorea.ee\/#organization"},"alternateName":"Beauty Shop","potentialAction":[{"@type":"SearchAction","target":{"@type":"EntryPoint","urlTemplate":"https:\/\/idakorea.ee\/?s={search_term_string}"},"query-input":{"@type":"PropertyValueSpecification","valueRequired":true,"valueName":"search_term_string"}}],"inLanguage":"en-US"},{"@type":"Organization","@id":"https:\/\/idakorea.ee\/#organization","name":"IDA.KOREA","url":"https:\/\/idakorea.ee\/","logo":{"@type":"ImageObject","inLanguage":"en-US","@id":"https:\/\/idakorea.ee\/#\/schema\/logo\/image\/","url":"https:\/\/idakorea.ee\/wp-content\/uploads\/2024\/05\/cropped-korea3.png","contentUrl":"https:\/\/idakorea.ee\/wp-content\/uploads\/2024\/05\/cropped-korea3.png","width":688,"height":126,"caption":"IDA.KOREA"},"image":{"@id":"https:\/\/idakorea.ee\/#\/schema\/logo\/image\/"},"sameAs":["https:\/\/www.instagram.com\/ida.korea\/"]}]}},"jetpack_sharing_enabled":true,"brands":[{"id":696,"name":"BONCEPT BY TONYMOLY","slug":"boncept-by-tonymoly"}],"_links":{"self":[{"href":"https:\/\/idakorea.ee\/en\/wp-json\/wp\/v2\/product\/11693","targetHints":{"allow":["GET"]}}],"collection":[{"href":"https:\/\/idakorea.ee\/en\/wp-json\/wp\/v2\/product"}],"about":[{"href":"https:\/\/idakorea.ee\/en\/wp-json\/wp\/v2\/types\/product"}],"replies":[{"embeddable":true,"href":"https:\/\/idakorea.ee\/en\/wp-json\/wp\/v2\/comments?post=11693"}],"version-history":[{"count":2,"href":"https:\/\/idakorea.ee\/en\/wp-json\/wp\/v2\/product\/11693\/revisions"}],"predecessor-version":[{"id":11704,"href":"https:\/\/idakorea.ee\/en\/wp-json\/wp\/v2\/product\/11693\/revisions\/11704"}],"wp:featuredmedia":[{"embeddable":true,"href":"https:\/\/idakorea.ee\/en\/wp-json\/wp\/v2\/media\/11702"}],"wp:attachment":[{"href":"https:\/\/idakorea.ee\/en\/wp-json\/wp\/v2\/media?parent=11693"}],"wp:term":[{"taxonomy":"pwb-brand","embeddable":true,"href":"https:\/\/idakorea.ee\/en\/wp-json\/wp\/v2\/pwb-brand?post=11693"},{"taxonomy":"product_brand","embeddable":true,"href":"https:\/\/idakorea.ee\/en\/wp-json\/wp\/v2\/product_brand?post=11693"},{"taxonomy":"product_cat","embeddable":true,"href":"https:\/\/idakorea.ee\/en\/wp-json\/wp\/v2\/product_cat?post=11693"},{"taxonomy":"product_tag","embeddable":true,"href":"https:\/\/idakorea.ee\/en\/wp-json\/wp\/v2\/product_tag?post=11693"}],"curies":[{"name":"wp","href":"https:\/\/api.w.org\/{rel}","templated":true}]}}