{"id":11720,"date":"2024-12-10T16:04:32","date_gmt":"2024-12-10T14:04:32","guid":{"rendered":"https:\/\/idakorea.ee\/?post_type=product&#038;p=11720"},"modified":"2026-03-27T09:13:17","modified_gmt":"2026-03-27T07:13:17","slug":"medipeel-red-lacto-pore-lifting-pad","status":"publish","type":"product","link":"https:\/\/idakorea.ee\/en\/product\/medipeel-red-lacto-pore-lifting-pad\/","title":{"rendered":"Exfoliating pads with probiotics and collagen MediPeel Red Lacto Pore Lifting Pad, 50pcs"},"content":{"rendered":"<p><strong>Peeling pads from the popular Korean brand MEDI-PEEL<\/strong> is an innovative skincare product that combines gentle skin care with effective pore tightening.<\/p>\n<p><strong>Key benefits:<\/strong><\/p>\n<ul>\n<li><strong>Effective pore constriction<\/strong>: Lacto-ferment enriched formula with tannin visibly tightens pores and improves skin texture.<\/li>\n<li><strong>Gentle and comfortable cleaning<\/strong>: The vegan textured fabric effectively removes dirt and dead skin cells without causing irritation.<\/li>\n<li><strong>Elasticity and shine<\/strong>: The collagen in the formula helps to make skin plump and radiant, giving it a healthy, fresh appearance.<\/li>\n<li><strong>For everyday use<\/strong>: Suitable for daily use, providing a continuous renewing and comfortable effect.<\/li>\n<li><strong>Clinically tested on sensitive skin<\/strong>, does not cause irritation.<\/li>\n<li><strong>Vegan certified product<\/strong>, which underlines its ethical and natural nature.<\/li>\n<\/ul>\n<p><strong>Active ingredients:<\/strong><\/p>\n<ul>\n<li><strong>Hydrolysed hyaluronic acid<\/strong> - deep moisturising and maintaining skin moisture balance. Retains moisture in the cells, preventing dryness and giving skin elasticity.<\/li>\n<li><strong>Grape extract<\/strong> - a potent antioxidant that protects the skin from free radicals, slows down ageing and improves overall skin tone.<\/li>\n<li><strong>Green tea extract<\/strong> - soothes the skin, reduces irritation and inflammation, leaves it feeling fresh and velvety.<\/li>\n<li><strong>Peptides<\/strong> - stimulate the production of collagen and elastin, help reduce fine wrinkles and restore skin elasticity.<\/li>\n<li><strong>Hydrolysed collagen<\/strong> - strengthens the skin's structure, improving its elasticity and making it smoother and more radiant.<\/li>\n<\/ul>\n<p>&nbsp;<\/p>\n<p><strong>Usage: <\/strong>After washing the face, gently wipe the skin with a cotton pad or use the pads as a topical mask by placing them on the face for 5-10 minutes.<br \/>\nDon't wash off any residue of the essence - let it absorb into your skin with gentle patting motions and continue with your normal skincare routine.<\/p>\n<p>&nbsp;<\/p>","protected":false},"excerpt":{"rendered":"<p>Exfoliating pads from the popular Korean brand MEDI-PEEL are an innovative skincare product that combines gentle skin care with effective pore tightening. Key benefits. Gentle and comfortable cleansing. Vegan skin cleanses and exfoliates with gentle, non-irritating cleansing: Formulated with.<\/p>","protected":false},"featured_media":13637,"comment_status":"open","ping_status":"closed","template":"","meta":{"_uf_show_specific_survey":0,"_uf_disable_surveys":false,"_bst_post_transparent":"default","_bst_post_title":"","_bst_post_layout":"default","_bst_post_sidebar_id":"","_bst_post_content_style":"default","_bst_post_vertical_padding":"default","_bst_post_feature":"","_bst_post_feature_position":"","_bst_post_header":false,"_bst_post_footer":false},"pwb-brand":[107],"product_brand":[],"product_cat":[158],"product_tag":[517,381,737],"class_list":{"0":"post-11720","1":"product","2":"type-product","3":"status-publish","4":"has-post-thumbnail","6":"pwb-brand-medipeel","7":"product_cat-toonik","8":"product_tag-collagen","9":"product_tag-medipeel","10":"product_tag-pad","12":"first","13":"instock","14":"sale","15":"shipping-taxable","16":"purchasable","17":"product-type-simple","18":"entry","19":"content-bg","20":"loop-entry"},"supplier_id":null,"supplier_sku":"","barcode":null,"atum_controlled":true,"out_stock_date":null,"out_stock_threshold":null,"inheritable":false,"inbound_stock":0,"stock_on_hold":0,"sold_today":0,"sales_last_days":1,"out_stock_days":0,"lost_sales":0,"has_location":false,"update_date":"2026-04-14T00:05:12","atum_locations":[],"atum_stock_status":"instock","restock_status":false,"low_stock_amount":"","sales_update_date":"2026-04-14T00:05:12","calc_backorders":null,"yoast_head":"<!-- This site is optimized with the Yoast SEO plugin v27.2 - https:\/\/yoast.com\/product\/yoast-seo-wordpress\/ -->\n<title>Koorimispadjad probiootikumidega ja kollageeniga MediPeel Red Lacto Pore Lifting Pad, 50tk - IDA.KOREA<\/title>\n<meta name=\"description\" content=\"Koorivad padjakesed populaarselt Korea br\u00e4ndilt MEDI-PEEL on innovaatiline hooldustoode, mis \u00fchendab \u00f5rna nahahoolduse ja t\u00f5husa pooride ahendamise.\" \/>\n<meta name=\"robots\" content=\"index, follow, max-snippet:-1, max-image-preview:large, max-video-preview:-1\" \/>\n<link rel=\"canonical\" href=\"https:\/\/idakorea.ee\/en\/product\/medipeel-red-lacto-pore-lifting-pad\/\" \/>\n<meta property=\"og:locale\" content=\"en_US\" \/>\n<meta property=\"og:type\" content=\"article\" \/>\n<meta property=\"og:title\" content=\"Koorimispadjad probiootikumidega ja kollageeniga MediPeel Red Lacto Pore Lifting Pad, 50tk - IDA.KOREA\" \/>\n<meta property=\"og:description\" content=\"Koorivad padjakesed populaarselt Korea br\u00e4ndilt MEDI-PEEL on innovaatiline hooldustoode, mis \u00fchendab \u00f5rna nahahoolduse ja t\u00f5husa pooride ahendamise.\" \/>\n<meta property=\"og:url\" content=\"https:\/\/idakorea.ee\/en\/product\/medipeel-red-lacto-pore-lifting-pad\/\" \/>\n<meta property=\"og:site_name\" content=\"IDA.KOREA\" \/>\n<meta property=\"article:modified_time\" content=\"2026-03-27T07:13:17+00:00\" \/>\n<meta property=\"og:image\" content=\"https:\/\/idakorea.ee\/wp-content\/uploads\/2024\/12\/medi-peel_lacto_pore_lifting_pad_50pcs.webp\" \/>\n\t<meta property=\"og:image:width\" content=\"1500\" \/>\n\t<meta property=\"og:image:height\" content=\"1500\" \/>\n\t<meta property=\"og:image:type\" content=\"image\/webp\" \/>\n<meta name=\"twitter:card\" content=\"summary_large_image\" \/>\n<meta name=\"twitter:label1\" content=\"Est. reading time\" \/>\n\t<meta name=\"twitter:data1\" content=\"2 minutes\" \/>\n<script type=\"application\/ld+json\" class=\"yoast-schema-graph\">{\"@context\":\"https:\/\/schema.org\",\"@graph\":[{\"@type\":\"WebPage\",\"@id\":\"https:\/\/idakorea.ee\/product\/medipeel-red-lacto-pore-lifting-pad\/\",\"url\":\"https:\/\/idakorea.ee\/product\/medipeel-red-lacto-pore-lifting-pad\/\",\"name\":\"Koorimispadjad probiootikumidega ja kollageeniga MediPeel Red Lacto Pore Lifting Pad, 50tk - IDA.KOREA\",\"isPartOf\":{\"@id\":\"https:\/\/idakorea.ee\/#website\"},\"primaryImageOfPage\":{\"@id\":\"https:\/\/idakorea.ee\/product\/medipeel-red-lacto-pore-lifting-pad\/#primaryimage\"},\"image\":{\"@id\":\"https:\/\/idakorea.ee\/product\/medipeel-red-lacto-pore-lifting-pad\/#primaryimage\"},\"thumbnailUrl\":\"https:\/\/idakorea.ee\/wp-content\/uploads\/2024\/12\/medi-peel_lacto_pore_lifting_pad_50pcs.webp\",\"datePublished\":\"2024-12-10T14:04:32+00:00\",\"dateModified\":\"2026-03-27T07:13:17+00:00\",\"description\":\"Koorivad padjakesed populaarselt Korea br\u00e4ndilt MEDI-PEEL on innovaatiline hooldustoode, mis \u00fchendab \u00f5rna nahahoolduse ja t\u00f5husa pooride ahendamise.\",\"breadcrumb\":{\"@id\":\"https:\/\/idakorea.ee\/product\/medipeel-red-lacto-pore-lifting-pad\/#breadcrumb\"},\"inLanguage\":\"en-US\",\"potentialAction\":[{\"@type\":\"ReadAction\",\"target\":[\"https:\/\/idakorea.ee\/product\/medipeel-red-lacto-pore-lifting-pad\/\"]}]},{\"@type\":\"ImageObject\",\"inLanguage\":\"en-US\",\"@id\":\"https:\/\/idakorea.ee\/product\/medipeel-red-lacto-pore-lifting-pad\/#primaryimage\",\"url\":\"https:\/\/idakorea.ee\/wp-content\/uploads\/2024\/12\/medi-peel_lacto_pore_lifting_pad_50pcs.webp\",\"contentUrl\":\"https:\/\/idakorea.ee\/wp-content\/uploads\/2024\/12\/medi-peel_lacto_pore_lifting_pad_50pcs.webp\",\"width\":1500,\"height\":1500},{\"@type\":\"BreadcrumbList\",\"@id\":\"https:\/\/idakorea.ee\/product\/medipeel-red-lacto-pore-lifting-pad\/#breadcrumb\",\"itemListElement\":[{\"@type\":\"ListItem\",\"position\":1,\"name\":\"\u0413\u043b\u0430\u0432\u043d\u0430\u044f \u0441\u0442\u0440\u0430\u043d\u0438\u0446\u0430\",\"item\":\"https:\/\/idakorea.ee\/\"},{\"@type\":\"ListItem\",\"position\":2,\"name\":\"Shop\",\"item\":\"https:\/\/idakorea.ee\/shop-2\/\"},{\"@type\":\"ListItem\",\"position\":3,\"name\":\"Koorimispadjad probiootikumidega ja kollageeniga MediPeel Red Lacto Pore Lifting Pad, 50tk\"}]},{\"@type\":\"WebSite\",\"@id\":\"https:\/\/idakorea.ee\/#website\",\"url\":\"https:\/\/idakorea.ee\/\",\"name\":\"IDA.KOREA\",\"description\":\"Korea kosmeetika e-pood\",\"publisher\":{\"@id\":\"https:\/\/idakorea.ee\/#organization\"},\"alternateName\":\"Beauty Shop\",\"potentialAction\":[{\"@type\":\"SearchAction\",\"target\":{\"@type\":\"EntryPoint\",\"urlTemplate\":\"https:\/\/idakorea.ee\/?s={search_term_string}\"},\"query-input\":{\"@type\":\"PropertyValueSpecification\",\"valueRequired\":true,\"valueName\":\"search_term_string\"}}],\"inLanguage\":\"en-US\"},{\"@type\":\"Organization\",\"@id\":\"https:\/\/idakorea.ee\/#organization\",\"name\":\"IDA.KOREA\",\"url\":\"https:\/\/idakorea.ee\/\",\"logo\":{\"@type\":\"ImageObject\",\"inLanguage\":\"en-US\",\"@id\":\"https:\/\/idakorea.ee\/#\/schema\/logo\/image\/\",\"url\":\"https:\/\/idakorea.ee\/wp-content\/uploads\/2024\/05\/cropped-korea3.png\",\"contentUrl\":\"https:\/\/idakorea.ee\/wp-content\/uploads\/2024\/05\/cropped-korea3.png\",\"width\":688,\"height\":126,\"caption\":\"IDA.KOREA\"},\"image\":{\"@id\":\"https:\/\/idakorea.ee\/#\/schema\/logo\/image\/\"},\"sameAs\":[\"https:\/\/www.instagram.com\/ida.korea\/\"]}]}<\/script>\n<!-- \/ Yoast SEO plugin. -->","yoast_head_json":{"title":"Exfoliating pads with probiotics and collagen MediPeel Red Lacto Pore Lifting Pad, 50pcs - IDA.KOREA","description":"Exfoliating pads from the popular Korean brand MEDI-PEEL are an innovative skincare product that combines gentle skin care with effective pore tightening.","robots":{"index":"index","follow":"follow","max-snippet":"max-snippet:-1","max-image-preview":"max-image-preview:large","max-video-preview":"max-video-preview:-1"},"canonical":"https:\/\/idakorea.ee\/en\/product\/medipeel-red-lacto-pore-lifting-pad\/","og_locale":"en_US","og_type":"article","og_title":"Koorimispadjad probiootikumidega ja kollageeniga MediPeel Red Lacto Pore Lifting Pad, 50tk - IDA.KOREA","og_description":"Koorivad padjakesed populaarselt Korea br\u00e4ndilt MEDI-PEEL on innovaatiline hooldustoode, mis \u00fchendab \u00f5rna nahahoolduse ja t\u00f5husa pooride ahendamise.","og_url":"https:\/\/idakorea.ee\/en\/product\/medipeel-red-lacto-pore-lifting-pad\/","og_site_name":"IDA.KOREA","article_modified_time":"2026-03-27T07:13:17+00:00","og_image":[{"width":1500,"height":1500,"url":"https:\/\/idakorea.ee\/wp-content\/uploads\/2024\/12\/medi-peel_lacto_pore_lifting_pad_50pcs.webp","type":"image\/webp"}],"twitter_card":"summary_large_image","twitter_misc":{"Est. reading time":"2 minutes"},"schema":{"@context":"https:\/\/schema.org","@graph":[{"@type":"WebPage","@id":"https:\/\/idakorea.ee\/product\/medipeel-red-lacto-pore-lifting-pad\/","url":"https:\/\/idakorea.ee\/product\/medipeel-red-lacto-pore-lifting-pad\/","name":"Exfoliating pads with probiotics and collagen MediPeel Red Lacto Pore Lifting Pad, 50pcs - IDA.KOREA","isPartOf":{"@id":"https:\/\/idakorea.ee\/#website"},"primaryImageOfPage":{"@id":"https:\/\/idakorea.ee\/product\/medipeel-red-lacto-pore-lifting-pad\/#primaryimage"},"image":{"@id":"https:\/\/idakorea.ee\/product\/medipeel-red-lacto-pore-lifting-pad\/#primaryimage"},"thumbnailUrl":"https:\/\/idakorea.ee\/wp-content\/uploads\/2024\/12\/medi-peel_lacto_pore_lifting_pad_50pcs.webp","datePublished":"2024-12-10T14:04:32+00:00","dateModified":"2026-03-27T07:13:17+00:00","description":"Exfoliating pads from the popular Korean brand MEDI-PEEL are an innovative skincare product that combines gentle skin care with effective pore tightening.","breadcrumb":{"@id":"https:\/\/idakorea.ee\/product\/medipeel-red-lacto-pore-lifting-pad\/#breadcrumb"},"inLanguage":"en-US","potentialAction":[{"@type":"ReadAction","target":["https:\/\/idakorea.ee\/product\/medipeel-red-lacto-pore-lifting-pad\/"]}]},{"@type":"ImageObject","inLanguage":"en-US","@id":"https:\/\/idakorea.ee\/product\/medipeel-red-lacto-pore-lifting-pad\/#primaryimage","url":"https:\/\/idakorea.ee\/wp-content\/uploads\/2024\/12\/medi-peel_lacto_pore_lifting_pad_50pcs.webp","contentUrl":"https:\/\/idakorea.ee\/wp-content\/uploads\/2024\/12\/medi-peel_lacto_pore_lifting_pad_50pcs.webp","width":1500,"height":1500},{"@type":"BreadcrumbList","@id":"https:\/\/idakorea.ee\/product\/medipeel-red-lacto-pore-lifting-pad\/#breadcrumb","itemListElement":[{"@type":"ListItem","position":1,"name":"\u0413\u043b\u0430\u0432\u043d\u0430\u044f \u0441\u0442\u0440\u0430\u043d\u0438\u0446\u0430","item":"https:\/\/idakorea.ee\/"},{"@type":"ListItem","position":2,"name":"Shop","item":"https:\/\/idakorea.ee\/shop-2\/"},{"@type":"ListItem","position":3,"name":"Koorimispadjad probiootikumidega ja kollageeniga MediPeel Red Lacto Pore Lifting Pad, 50tk"}]},{"@type":"WebSite","@id":"https:\/\/idakorea.ee\/#website","url":"https:\/\/idakorea.ee\/","name":"IDA.KOREA","description":"Korean cosmetics e-shop","publisher":{"@id":"https:\/\/idakorea.ee\/#organization"},"alternateName":"Beauty Shop","potentialAction":[{"@type":"SearchAction","target":{"@type":"EntryPoint","urlTemplate":"https:\/\/idakorea.ee\/?s={search_term_string}"},"query-input":{"@type":"PropertyValueSpecification","valueRequired":true,"valueName":"search_term_string"}}],"inLanguage":"en-US"},{"@type":"Organization","@id":"https:\/\/idakorea.ee\/#organization","name":"IDA.KOREA","url":"https:\/\/idakorea.ee\/","logo":{"@type":"ImageObject","inLanguage":"en-US","@id":"https:\/\/idakorea.ee\/#\/schema\/logo\/image\/","url":"https:\/\/idakorea.ee\/wp-content\/uploads\/2024\/05\/cropped-korea3.png","contentUrl":"https:\/\/idakorea.ee\/wp-content\/uploads\/2024\/05\/cropped-korea3.png","width":688,"height":126,"caption":"IDA.KOREA"},"image":{"@id":"https:\/\/idakorea.ee\/#\/schema\/logo\/image\/"},"sameAs":["https:\/\/www.instagram.com\/ida.korea\/"]}]}},"jetpack_sharing_enabled":true,"brands":[{"id":107,"name":"MEDIPEEL+","slug":"medipeel"}],"_links":{"self":[{"href":"https:\/\/idakorea.ee\/en\/wp-json\/wp\/v2\/product\/11720","targetHints":{"allow":["GET"]}}],"collection":[{"href":"https:\/\/idakorea.ee\/en\/wp-json\/wp\/v2\/product"}],"about":[{"href":"https:\/\/idakorea.ee\/en\/wp-json\/wp\/v2\/types\/product"}],"replies":[{"embeddable":true,"href":"https:\/\/idakorea.ee\/en\/wp-json\/wp\/v2\/comments?post=11720"}],"version-history":[{"count":3,"href":"https:\/\/idakorea.ee\/en\/wp-json\/wp\/v2\/product\/11720\/revisions"}],"predecessor-version":[{"id":16696,"href":"https:\/\/idakorea.ee\/en\/wp-json\/wp\/v2\/product\/11720\/revisions\/16696"}],"wp:featuredmedia":[{"embeddable":true,"href":"https:\/\/idakorea.ee\/en\/wp-json\/wp\/v2\/media\/13637"}],"wp:attachment":[{"href":"https:\/\/idakorea.ee\/en\/wp-json\/wp\/v2\/media?parent=11720"}],"wp:term":[{"taxonomy":"pwb-brand","embeddable":true,"href":"https:\/\/idakorea.ee\/en\/wp-json\/wp\/v2\/pwb-brand?post=11720"},{"taxonomy":"product_brand","embeddable":true,"href":"https:\/\/idakorea.ee\/en\/wp-json\/wp\/v2\/product_brand?post=11720"},{"taxonomy":"product_cat","embeddable":true,"href":"https:\/\/idakorea.ee\/en\/wp-json\/wp\/v2\/product_cat?post=11720"},{"taxonomy":"product_tag","embeddable":true,"href":"https:\/\/idakorea.ee\/en\/wp-json\/wp\/v2\/product_tag?post=11720"}],"curies":[{"name":"wp","href":"https:\/\/api.w.org\/{rel}","templated":true}]}}