{"id":11731,"date":"2024-12-11T11:51:30","date_gmt":"2024-12-11T09:51:30","guid":{"rendered":"https:\/\/idakorea.ee\/?post_type=product&#038;p=11731"},"modified":"2026-01-30T15:31:03","modified_gmt":"2026-01-30T13:31:03","slug":"vitamiini-kilemask-medipeel-vegan-vitamin-collagen-wrapping-mask-4ml","status":"publish","type":"product","link":"https:\/\/idakorea.ee\/en\/product\/vitamiini-kilemask-medipeel-vegan-vitamin-collagen-wrapping-mask-4ml\/","title":{"rendered":"Vitamin Wrapping Mask Medipeel Vegan Vitamin Collagen Wrapping Mask, 4ml"},"content":{"rendered":"<p><strong>Vitamin Wrapping Mask MEDIPEEL Vegan Vitamin Collagen Wrapping Mask<\/strong> is a skincare treatment for all skin types. Thanks to an ingredient derived from red seaweed, the mask plasticizes and hardens on the skin. The contouring of the face allows the active ingredients to be better absorbed, with a lifting effect.<\/p>\n<p>The product moisturizes the skin, replenishes the epidermal cells with a vitamin complex, promotes the gradual lightening of hyperpigmentation, acne scars and stubborn spots. It evens skin tone, eliminates dull and greyish complexions and gives a natural glow.<\/p>\n<p><strong>Main active ingredients:<\/strong><\/p>\n<ul>\n<li><strong>Knotweed hydrolate (605 800 ppm):<\/strong> Enriched with vitamin C. Gently brightens and evens tone, reduces inflammation, prevents dryness and flaking. Strengthens the lipid barrier of the epidermis and protects against the damaging effects of free radicals.<\/li>\n<li><strong>Vitamin B3 (niacinamide, 20 000 ppm):<\/strong> Slows down the transport of melanin into the epidermis, prevents pigmentation spots, reduces sensitivity to external irritants, evens tone, promotes collagen production and improves skin elasticity.<\/li>\n<li><strong>Vitamin B5 (panthenol, 7 500 ppm):<\/strong> Relieves redness and itching, optimises skin's protective functions, reduces transdermal moisture loss and promotes the regeneration of damaged tissues.<\/li>\n<li><strong>Vitamin C (ascorbic acid):<\/strong> In its non-stable form, it exerts antioxidant action, protects cells from free radicals, slowing down the ageing process, prevents pigmentation and evens tone, giving a natural glow.<\/li>\n<li><strong>AHA acids (mandelic acid, lactic acid):<\/strong> Exfoliate hardened cells, stimulate epidermal renewal and brighten pigmentation. Lactic acid is part of the skin's natural moisturising factor (NMF) and participates in the synthesis of ceramides.<\/li>\n<li><strong>PHA acids (gluconolactone):<\/strong> Gently exfoliate, smooth the skin texture and brighten pigmentation. PHA has larger molecules than AHA acids, making it suitable for sensitive skin.<\/li>\n<li><strong>Ferulic acid:<\/strong> Lightens pigmentation and acne scars, smoothes wrinkles, improves skin elasticity and firmness, stimulates regeneration, slows down ageing, reduces redness.<\/li>\n<\/ul>\n<p>&nbsp;<\/p>\n<p>Suitable for all skin types.<\/p>\n<p>&nbsp;<\/p>\n<p><strong>User manual:<\/strong><br \/>\nAfter cleansing, toning and moisturising, apply a thin layer of the mask to the face. Distribute evenly with hands or brush, avoiding the eye and lip area. After 20 to 30 minutes, when the mask has hardened, gently pull it off. Use 2-3 times a week.<\/p>","protected":false},"excerpt":{"rendered":"<p>The MEDIPEEL Vegan Vitamin Collagen Wrapping Mask is a skin care product for all skin types. Thanks to an ingredient derived from red seaweed, the mask plasticizes and hardens on the skin. With a coating that follows the contours of the face, the active ingredients are better absorbed, plus there is a lifting effect. The product moisturises the skin, replenishes the epidermal cells with a vitamin complex, promotes the gradual lightening of hyperpigmentation, acne scars and stubborn spots. Brightens the appearance of age spots, improves the...<\/p>","protected":false},"featured_media":11737,"comment_status":"open","ping_status":"closed","template":"","meta":{"_uf_show_specific_survey":0,"_uf_disable_surveys":false,"_bst_post_transparent":"default","_bst_post_title":"","_bst_post_layout":"default","_bst_post_sidebar_id":"","_bst_post_content_style":"default","_bst_post_vertical_padding":"default","_bst_post_feature":"","_bst_post_feature_position":"","_bst_post_header":false,"_bst_post_footer":false},"pwb-brand":[107],"product_brand":[],"product_cat":[92,98],"product_tag":[381,739,740,738],"class_list":{"0":"post-11731","1":"product","2":"type-product","3":"status-publish","4":"has-post-thumbnail","6":"pwb-brand-medipeel","7":"product_cat-nagu","8":"product_cat-naomaskid","9":"product_tag-medipeel","10":"product_tag-vegan","11":"product_tag-vitamin","12":"product_tag-wrapping-mask","14":"first","15":"instock","16":"sale","17":"shipping-taxable","18":"purchasable","19":"product-type-simple","20":"entry","21":"content-bg","22":"loop-entry"},"supplier_id":null,"supplier_sku":"","barcode":null,"atum_controlled":true,"out_stock_date":null,"out_stock_threshold":null,"inheritable":false,"inbound_stock":0,"stock_on_hold":0,"sold_today":0,"sales_last_days":0,"out_stock_days":0,"lost_sales":0,"has_location":false,"update_date":"2026-04-14T00:05:04","atum_locations":[],"atum_stock_status":"instock","restock_status":false,"low_stock_amount":"","sales_update_date":"2026-04-14T00:05:04","calc_backorders":null,"yoast_head":"<!-- This site is optimized with the Yoast SEO plugin v27.2 - https:\/\/yoast.com\/product\/yoast-seo-wordpress\/ -->\n<title>Vitamiini kilemask Medipeel Vegan Vitamin Collagen Wrapping Mask, 4ml - IDA.KOREA<\/title>\n<meta name=\"robots\" content=\"index, follow, max-snippet:-1, max-image-preview:large, max-video-preview:-1\" \/>\n<link rel=\"canonical\" href=\"https:\/\/idakorea.ee\/en\/product\/vitamiini-kilemask-medipeel-vegan-vitamin-collagen-wrapping-mask-4ml\/\" \/>\n<meta property=\"og:locale\" content=\"en_US\" \/>\n<meta property=\"og:type\" content=\"article\" \/>\n<meta property=\"og:title\" content=\"Vitamiini kilemask Medipeel Vegan Vitamin Collagen Wrapping Mask, 4ml - IDA.KOREA\" \/>\n<meta property=\"og:description\" content=\"Vitamiini kilemask MEDIPEEL Vegan Vitamin Collagen Wrapping Mask on lisahooldust pakkuv vahend k\u00f5igile nahat\u00fc\u00fcpidele. T\u00e4nu punastest merevetikatest saadud koostisosale mask plastifitseerub ja k\u00f5vastub nahal. N\u00e4o kontuure j\u00e4rgiva katte abil imenduvad aktiivsed komponendid paremini ja lisaks on t\u00f5stefekt. Toode niisutab nahka, t\u00e4idab epidermise rakud vitamiinikompleksiga, soodustab h\u00fcperpigmentatsiooni, aknearmide ja seisvate laikude j\u00e4rkj\u00e4rgulist helendamist. \u00dchtlustab nahatooni, k\u00f5rvaldab...\" \/>\n<meta property=\"og:url\" content=\"https:\/\/idakorea.ee\/en\/product\/vitamiini-kilemask-medipeel-vegan-vitamin-collagen-wrapping-mask-4ml\/\" \/>\n<meta property=\"og:site_name\" content=\"IDA.KOREA\" \/>\n<meta property=\"article:modified_time\" content=\"2026-01-30T13:31:03+00:00\" \/>\n<meta property=\"og:image\" content=\"https:\/\/idakorea.ee\/wp-content\/uploads\/2024\/12\/medi-wrapping-vita.jpg\" \/>\n\t<meta property=\"og:image:width\" content=\"641\" \/>\n\t<meta property=\"og:image:height\" content=\"641\" \/>\n\t<meta property=\"og:image:type\" content=\"image\/jpeg\" \/>\n<meta name=\"twitter:card\" content=\"summary_large_image\" \/>\n<meta name=\"twitter:label1\" content=\"Est. reading time\" \/>\n\t<meta name=\"twitter:data1\" content=\"2 minutes\" \/>\n<script type=\"application\/ld+json\" class=\"yoast-schema-graph\">{\"@context\":\"https:\/\/schema.org\",\"@graph\":[{\"@type\":\"WebPage\",\"@id\":\"https:\/\/idakorea.ee\/product\/vitamiini-kilemask-medipeel-vegan-vitamin-collagen-wrapping-mask-4ml\/\",\"url\":\"https:\/\/idakorea.ee\/product\/vitamiini-kilemask-medipeel-vegan-vitamin-collagen-wrapping-mask-4ml\/\",\"name\":\"Vitamiini kilemask Medipeel Vegan Vitamin Collagen Wrapping Mask, 4ml - IDA.KOREA\",\"isPartOf\":{\"@id\":\"https:\/\/idakorea.ee\/#website\"},\"primaryImageOfPage\":{\"@id\":\"https:\/\/idakorea.ee\/product\/vitamiini-kilemask-medipeel-vegan-vitamin-collagen-wrapping-mask-4ml\/#primaryimage\"},\"image\":{\"@id\":\"https:\/\/idakorea.ee\/product\/vitamiini-kilemask-medipeel-vegan-vitamin-collagen-wrapping-mask-4ml\/#primaryimage\"},\"thumbnailUrl\":\"https:\/\/idakorea.ee\/wp-content\/uploads\/2024\/12\/medi-wrapping-vita.jpg\",\"datePublished\":\"2024-12-11T09:51:30+00:00\",\"dateModified\":\"2026-01-30T13:31:03+00:00\",\"breadcrumb\":{\"@id\":\"https:\/\/idakorea.ee\/product\/vitamiini-kilemask-medipeel-vegan-vitamin-collagen-wrapping-mask-4ml\/#breadcrumb\"},\"inLanguage\":\"en-US\",\"potentialAction\":[{\"@type\":\"ReadAction\",\"target\":[\"https:\/\/idakorea.ee\/product\/vitamiini-kilemask-medipeel-vegan-vitamin-collagen-wrapping-mask-4ml\/\"]}]},{\"@type\":\"ImageObject\",\"inLanguage\":\"en-US\",\"@id\":\"https:\/\/idakorea.ee\/product\/vitamiini-kilemask-medipeel-vegan-vitamin-collagen-wrapping-mask-4ml\/#primaryimage\",\"url\":\"https:\/\/idakorea.ee\/wp-content\/uploads\/2024\/12\/medi-wrapping-vita.jpg\",\"contentUrl\":\"https:\/\/idakorea.ee\/wp-content\/uploads\/2024\/12\/medi-wrapping-vita.jpg\",\"width\":641,\"height\":641},{\"@type\":\"BreadcrumbList\",\"@id\":\"https:\/\/idakorea.ee\/product\/vitamiini-kilemask-medipeel-vegan-vitamin-collagen-wrapping-mask-4ml\/#breadcrumb\",\"itemListElement\":[{\"@type\":\"ListItem\",\"position\":1,\"name\":\"\u0413\u043b\u0430\u0432\u043d\u0430\u044f \u0441\u0442\u0440\u0430\u043d\u0438\u0446\u0430\",\"item\":\"https:\/\/idakorea.ee\/\"},{\"@type\":\"ListItem\",\"position\":2,\"name\":\"Shop\",\"item\":\"https:\/\/idakorea.ee\/shop-2\/\"},{\"@type\":\"ListItem\",\"position\":3,\"name\":\"Vitamiini kilemask Medipeel Vegan Vitamin Collagen Wrapping Mask, 4ml\"}]},{\"@type\":\"WebSite\",\"@id\":\"https:\/\/idakorea.ee\/#website\",\"url\":\"https:\/\/idakorea.ee\/\",\"name\":\"IDA.KOREA\",\"description\":\"Korea kosmeetika e-pood\",\"publisher\":{\"@id\":\"https:\/\/idakorea.ee\/#organization\"},\"alternateName\":\"Beauty Shop\",\"potentialAction\":[{\"@type\":\"SearchAction\",\"target\":{\"@type\":\"EntryPoint\",\"urlTemplate\":\"https:\/\/idakorea.ee\/?s={search_term_string}\"},\"query-input\":{\"@type\":\"PropertyValueSpecification\",\"valueRequired\":true,\"valueName\":\"search_term_string\"}}],\"inLanguage\":\"en-US\"},{\"@type\":\"Organization\",\"@id\":\"https:\/\/idakorea.ee\/#organization\",\"name\":\"IDA.KOREA\",\"url\":\"https:\/\/idakorea.ee\/\",\"logo\":{\"@type\":\"ImageObject\",\"inLanguage\":\"en-US\",\"@id\":\"https:\/\/idakorea.ee\/#\/schema\/logo\/image\/\",\"url\":\"https:\/\/idakorea.ee\/wp-content\/uploads\/2024\/05\/cropped-korea3.png\",\"contentUrl\":\"https:\/\/idakorea.ee\/wp-content\/uploads\/2024\/05\/cropped-korea3.png\",\"width\":688,\"height\":126,\"caption\":\"IDA.KOREA\"},\"image\":{\"@id\":\"https:\/\/idakorea.ee\/#\/schema\/logo\/image\/\"},\"sameAs\":[\"https:\/\/www.instagram.com\/ida.korea\/\"]}]}<\/script>\n<!-- \/ Yoast SEO plugin. -->","yoast_head_json":{"title":"Vitamin Wrapping Mask Medipeel Vegan Vitamin Collagen Wrapping Mask, 4ml - IDA.KOREA","robots":{"index":"index","follow":"follow","max-snippet":"max-snippet:-1","max-image-preview":"max-image-preview:large","max-video-preview":"max-video-preview:-1"},"canonical":"https:\/\/idakorea.ee\/en\/product\/vitamiini-kilemask-medipeel-vegan-vitamin-collagen-wrapping-mask-4ml\/","og_locale":"en_US","og_type":"article","og_title":"Vitamiini kilemask Medipeel Vegan Vitamin Collagen Wrapping Mask, 4ml - IDA.KOREA","og_description":"Vitamiini kilemask MEDIPEEL Vegan Vitamin Collagen Wrapping Mask on lisahooldust pakkuv vahend k\u00f5igile nahat\u00fc\u00fcpidele. T\u00e4nu punastest merevetikatest saadud koostisosale mask plastifitseerub ja k\u00f5vastub nahal. N\u00e4o kontuure j\u00e4rgiva katte abil imenduvad aktiivsed komponendid paremini ja lisaks on t\u00f5stefekt. Toode niisutab nahka, t\u00e4idab epidermise rakud vitamiinikompleksiga, soodustab h\u00fcperpigmentatsiooni, aknearmide ja seisvate laikude j\u00e4rkj\u00e4rgulist helendamist. \u00dchtlustab nahatooni, k\u00f5rvaldab...","og_url":"https:\/\/idakorea.ee\/en\/product\/vitamiini-kilemask-medipeel-vegan-vitamin-collagen-wrapping-mask-4ml\/","og_site_name":"IDA.KOREA","article_modified_time":"2026-01-30T13:31:03+00:00","og_image":[{"width":641,"height":641,"url":"https:\/\/idakorea.ee\/wp-content\/uploads\/2024\/12\/medi-wrapping-vita.jpg","type":"image\/jpeg"}],"twitter_card":"summary_large_image","twitter_misc":{"Est. reading time":"2 minutes"},"schema":{"@context":"https:\/\/schema.org","@graph":[{"@type":"WebPage","@id":"https:\/\/idakorea.ee\/product\/vitamiini-kilemask-medipeel-vegan-vitamin-collagen-wrapping-mask-4ml\/","url":"https:\/\/idakorea.ee\/product\/vitamiini-kilemask-medipeel-vegan-vitamin-collagen-wrapping-mask-4ml\/","name":"Vitamin Wrapping Mask Medipeel Vegan Vitamin Collagen Wrapping Mask, 4ml - IDA.KOREA","isPartOf":{"@id":"https:\/\/idakorea.ee\/#website"},"primaryImageOfPage":{"@id":"https:\/\/idakorea.ee\/product\/vitamiini-kilemask-medipeel-vegan-vitamin-collagen-wrapping-mask-4ml\/#primaryimage"},"image":{"@id":"https:\/\/idakorea.ee\/product\/vitamiini-kilemask-medipeel-vegan-vitamin-collagen-wrapping-mask-4ml\/#primaryimage"},"thumbnailUrl":"https:\/\/idakorea.ee\/wp-content\/uploads\/2024\/12\/medi-wrapping-vita.jpg","datePublished":"2024-12-11T09:51:30+00:00","dateModified":"2026-01-30T13:31:03+00:00","breadcrumb":{"@id":"https:\/\/idakorea.ee\/product\/vitamiini-kilemask-medipeel-vegan-vitamin-collagen-wrapping-mask-4ml\/#breadcrumb"},"inLanguage":"en-US","potentialAction":[{"@type":"ReadAction","target":["https:\/\/idakorea.ee\/product\/vitamiini-kilemask-medipeel-vegan-vitamin-collagen-wrapping-mask-4ml\/"]}]},{"@type":"ImageObject","inLanguage":"en-US","@id":"https:\/\/idakorea.ee\/product\/vitamiini-kilemask-medipeel-vegan-vitamin-collagen-wrapping-mask-4ml\/#primaryimage","url":"https:\/\/idakorea.ee\/wp-content\/uploads\/2024\/12\/medi-wrapping-vita.jpg","contentUrl":"https:\/\/idakorea.ee\/wp-content\/uploads\/2024\/12\/medi-wrapping-vita.jpg","width":641,"height":641},{"@type":"BreadcrumbList","@id":"https:\/\/idakorea.ee\/product\/vitamiini-kilemask-medipeel-vegan-vitamin-collagen-wrapping-mask-4ml\/#breadcrumb","itemListElement":[{"@type":"ListItem","position":1,"name":"\u0413\u043b\u0430\u0432\u043d\u0430\u044f \u0441\u0442\u0440\u0430\u043d\u0438\u0446\u0430","item":"https:\/\/idakorea.ee\/"},{"@type":"ListItem","position":2,"name":"Shop","item":"https:\/\/idakorea.ee\/shop-2\/"},{"@type":"ListItem","position":3,"name":"Vitamiini kilemask Medipeel Vegan Vitamin Collagen Wrapping Mask, 4ml"}]},{"@type":"WebSite","@id":"https:\/\/idakorea.ee\/#website","url":"https:\/\/idakorea.ee\/","name":"IDA.KOREA","description":"Korean cosmetics e-shop","publisher":{"@id":"https:\/\/idakorea.ee\/#organization"},"alternateName":"Beauty Shop","potentialAction":[{"@type":"SearchAction","target":{"@type":"EntryPoint","urlTemplate":"https:\/\/idakorea.ee\/?s={search_term_string}"},"query-input":{"@type":"PropertyValueSpecification","valueRequired":true,"valueName":"search_term_string"}}],"inLanguage":"en-US"},{"@type":"Organization","@id":"https:\/\/idakorea.ee\/#organization","name":"IDA.KOREA","url":"https:\/\/idakorea.ee\/","logo":{"@type":"ImageObject","inLanguage":"en-US","@id":"https:\/\/idakorea.ee\/#\/schema\/logo\/image\/","url":"https:\/\/idakorea.ee\/wp-content\/uploads\/2024\/05\/cropped-korea3.png","contentUrl":"https:\/\/idakorea.ee\/wp-content\/uploads\/2024\/05\/cropped-korea3.png","width":688,"height":126,"caption":"IDA.KOREA"},"image":{"@id":"https:\/\/idakorea.ee\/#\/schema\/logo\/image\/"},"sameAs":["https:\/\/www.instagram.com\/ida.korea\/"]}]}},"jetpack_sharing_enabled":true,"brands":[{"id":107,"name":"MEDIPEEL+","slug":"medipeel"}],"_links":{"self":[{"href":"https:\/\/idakorea.ee\/en\/wp-json\/wp\/v2\/product\/11731","targetHints":{"allow":["GET"]}}],"collection":[{"href":"https:\/\/idakorea.ee\/en\/wp-json\/wp\/v2\/product"}],"about":[{"href":"https:\/\/idakorea.ee\/en\/wp-json\/wp\/v2\/types\/product"}],"replies":[{"embeddable":true,"href":"https:\/\/idakorea.ee\/en\/wp-json\/wp\/v2\/comments?post=11731"}],"version-history":[{"count":1,"href":"https:\/\/idakorea.ee\/en\/wp-json\/wp\/v2\/product\/11731\/revisions"}],"predecessor-version":[{"id":11736,"href":"https:\/\/idakorea.ee\/en\/wp-json\/wp\/v2\/product\/11731\/revisions\/11736"}],"wp:featuredmedia":[{"embeddable":true,"href":"https:\/\/idakorea.ee\/en\/wp-json\/wp\/v2\/media\/11737"}],"wp:attachment":[{"href":"https:\/\/idakorea.ee\/en\/wp-json\/wp\/v2\/media?parent=11731"}],"wp:term":[{"taxonomy":"pwb-brand","embeddable":true,"href":"https:\/\/idakorea.ee\/en\/wp-json\/wp\/v2\/pwb-brand?post=11731"},{"taxonomy":"product_brand","embeddable":true,"href":"https:\/\/idakorea.ee\/en\/wp-json\/wp\/v2\/product_brand?post=11731"},{"taxonomy":"product_cat","embeddable":true,"href":"https:\/\/idakorea.ee\/en\/wp-json\/wp\/v2\/product_cat?post=11731"},{"taxonomy":"product_tag","embeddable":true,"href":"https:\/\/idakorea.ee\/en\/wp-json\/wp\/v2\/product_tag?post=11731"}],"curies":[{"name":"wp","href":"https:\/\/api.w.org\/{rel}","templated":true}]}}