{"id":11763,"date":"2024-12-12T17:46:45","date_gmt":"2024-12-12T15:46:45","guid":{"rendered":"https:\/\/idakorea.ee\/?post_type=product&#038;p=11763"},"modified":"2026-03-13T18:49:10","modified_gmt":"2026-03-13T16:49:10","slug":"minikomplekt-medipeel-peptide-9-volume-bio-tox-trial-kit","status":"publish","type":"product","link":"https:\/\/idakorea.ee\/en\/product\/minikomplekt-medipeel-peptide-9-volume-bio-tox-trial-kit\/","title":{"rendered":"Mini Kit Medipeel Peptide 9 Volume Bio Tox Trial Kit"},"content":{"rendered":"<p><strong>MEDIPEEL Peptide 9 Volume Bio Tox Trial Kit <\/strong>The Lifting Mini Kit contains four products from a popular range that nourish, smooth and restore the skin, and provide anti-ageing benefits.<\/p>\n<p>The toner, ampoule, eye cream and face cream in the set slow down the ageing process, reduce the depth of wrinkles, firm the skin and increase its elasticity. This kit allows you to try the key products in the range and is the perfect gift for Medi-Peel lovers. The compact format makes them convenient to take with you on your travels.<\/p>\n<p><strong>Products included:<\/strong><\/p>\n<ul>\n<li><strong>Toonik-buuster Peptide 9 Volume Bio Tox Toner Pro (30 ml):<\/strong> Eliminates dryness and scaling, restores skin after cleansing and normalizes pH balance. Improves absorption of the active ingredients of the following care products. The toner has a dense texture.<\/li>\n<li><strong>Ampoule Peptide 9 Volume Bio Tox Ampoule Pro (10 ml):<\/strong> Reduces the depth of wrinkles, stimulates skin regeneration, promotes the production of collagen and hyaluronic acid, evens the tone and smoothes the skin's contours. Strengthens skin tone and improves the condition of mature skin.<\/li>\n<li><strong>Eye Cream Peptide 9 Volume Lif-Tox Eye Cream (4 ml):<\/strong> Tightens and smoothes the skin around the eye area, eliminates dryness and flakiness, strengthens the skin's natural protective barrier. Reduces puffiness and dark circles, tones the skin and soothes fine lines. The cream has a massaging applicator for a lifting massage.<\/li>\n<li><strong>Face Cream Peptide 9 Volume &amp; Tension Tox Cream Pro (10 ml):<\/strong> A creamy and nourishing texture that instantly moisturizes and softens, restoring the skin's moisture balance. Smoothes wrinkles, prevents their formation, firms and tightens the skin and improves elasticity.<\/li>\n<\/ul>\n<p><strong>Effects of the 9 peptide complex:<\/strong><\/p>\n<ul>\n<li><strong>Matrixyl\u00ae3000 (Palmitoyl Tetrapeptide-7, Palmitoyl Tripeptide-1):<\/strong> Stimulates cell activity, strengthens skin structure, increases collagen and hyaluronic acid production, models facial skin and restores elasticity.<\/li>\n<li><strong>Argireline and acetyl octapeptide-3:<\/strong> Relax the mimic muscles, preventing mimic contractions.<\/li>\n<li><strong>Nonapeptide-1:<\/strong> Prevents pigmentation by inhibiting melanin synthesis.<\/li>\n<li><strong>Copper tripeptide-1:<\/strong> Strengthens the skin, speeds up regeneration and reduces wrinkles.<\/li>\n<li><strong>Tripeptide-1:<\/strong> Helps to prevent photo-aging and increases collagen synthesis.<\/li>\n<li><strong>Hexapeptide-9:<\/strong> Smoothes wrinkles and improves skin texture.<\/li>\n<li><strong>Palmitoyl pentapeptide-4:<\/strong> An effective anti-wrinkle ingredient with no irritating side effects.<\/li>\n<\/ul>\n<p><strong>Additional components:<\/strong><\/p>\n<ul>\n<li><strong>To Volufil:<\/strong> Firms and volumizes the skin.<\/li>\n<li><strong>Niacinamide:<\/strong> Brightens skin tone and lightens pigmentation.<\/li>\n<li class=\"translation-block\"><strong>Ectoine:<\/strong> Protects the skin from the external environment and UV rays.<\/li>\n<li><strong>MultiEx BSASM\u00ae Plus:<\/strong> Herbal complex against inflammation and bacteria.<\/li>\n<\/ul>\n<p><strong>User manual: <\/strong>After cleansing, apply the toner to the skin, distributing it with your hands or a cotton pad. Then apply the ampoule. Finish with a face cream, also applying an eye cream to the eye area.<\/p>","protected":false},"excerpt":{"rendered":"<p>MEDIPEEL Peptide 9 Volume Bio Tox Trial Kit Lifting-Mini Kit contains four products from the popular range that nourish, smooth and restore the skin and provide anti-ageing benefits. The toner, ampoule, eye cream and face cream in the kit slow down the ageing process, reduce the depth of wrinkles, firm the skin and increase its elasticity. This kit allows you to try the key products in the range and is the perfect gift for Medi-Peel lovers. The compact...<\/p>","protected":false},"featured_media":11764,"comment_status":"open","ping_status":"closed","template":"","meta":{"_uf_show_specific_survey":0,"_uf_disable_surveys":false,"_bst_post_transparent":"default","_bst_post_title":"","_bst_post_layout":"default","_bst_post_sidebar_id":"","_bst_post_content_style":"default","_bst_post_vertical_padding":"default","_bst_post_feature":"","_bst_post_feature_position":"","_bst_post_header":false,"_bst_post_footer":false},"pwb-brand":[107],"product_brand":[],"product_cat":[95],"product_tag":[381,547,747,705],"class_list":{"0":"post-11763","1":"product","2":"type-product","3":"status-publish","4":"has-post-thumbnail","6":"pwb-brand-medipeel","7":"product_cat-komplektid","8":"product_tag-medipeel","9":"product_tag-travel-kit","10":"product_tag-volumetox-peptide-korea-kosmeetika","11":"product_tag-komplekt","13":"first","14":"instock","15":"sale","16":"shipping-taxable","17":"purchasable","18":"product-type-simple","19":"entry","20":"content-bg","21":"loop-entry"},"supplier_id":null,"supplier_sku":"","barcode":null,"atum_controlled":true,"out_stock_date":null,"out_stock_threshold":null,"inheritable":false,"inbound_stock":0,"stock_on_hold":0,"sold_today":0,"sales_last_days":0,"out_stock_days":0,"lost_sales":0,"has_location":false,"update_date":"2026-04-14T00:05:04","atum_locations":[],"atum_stock_status":"instock","restock_status":false,"low_stock_amount":"","sales_update_date":"2026-04-14T00:05:04","calc_backorders":null,"yoast_head":"<!-- This site is optimized with the Yoast SEO plugin v27.2 - https:\/\/yoast.com\/product\/yoast-seo-wordpress\/ -->\n<title>Minikomplekt Medipeel Peptide 9 Volume Bio Tox Trial Kit - IDA.KOREA<\/title>\n<meta name=\"robots\" content=\"index, follow, max-snippet:-1, max-image-preview:large, max-video-preview:-1\" \/>\n<link rel=\"canonical\" href=\"https:\/\/idakorea.ee\/en\/product\/minikomplekt-medipeel-peptide-9-volume-bio-tox-trial-kit\/\" \/>\n<meta property=\"og:locale\" content=\"en_US\" \/>\n<meta property=\"og:type\" content=\"article\" \/>\n<meta property=\"og:title\" content=\"Minikomplekt Medipeel Peptide 9 Volume Bio Tox Trial Kit - IDA.KOREA\" \/>\n<meta property=\"og:description\" content=\"MEDIPEEL Peptide 9 Volume Bio Tox Trial Kit Lifting-Minikomplekt sisaldab nelja populaarse tootesarja toodet, mis toidavad, siluvad ja taastavad nahka ning avaldavad vananemisvastast m\u00f5ju. Komplektis olevad toonik, ampull, silmakreem ja n\u00e4okreem aeglustavad vananemisprotsesse, v\u00e4hendavad kortsude s\u00fcgavust, tihendavad nahka ja suurendavad selle elastsust. See komplekt v\u00f5imaldab proovida sarja v\u00f5tmetooteid ning sobib suurep\u00e4raselt kingituseks Medi-Peeli austajatele. Kompaktne...\" \/>\n<meta property=\"og:url\" content=\"https:\/\/idakorea.ee\/en\/product\/minikomplekt-medipeel-peptide-9-volume-bio-tox-trial-kit\/\" \/>\n<meta property=\"og:site_name\" content=\"IDA.KOREA\" \/>\n<meta property=\"article:modified_time\" content=\"2026-03-13T16:49:10+00:00\" \/>\n<meta property=\"og:image\" content=\"https:\/\/idakorea.ee\/wp-content\/uploads\/2024\/12\/medi_peel-peptide-9-volume-bio-tox-trial-kit.jpg\" \/>\n\t<meta property=\"og:image:width\" content=\"1000\" \/>\n\t<meta property=\"og:image:height\" content=\"1000\" \/>\n\t<meta property=\"og:image:type\" content=\"image\/jpeg\" \/>\n<meta name=\"twitter:card\" content=\"summary_large_image\" \/>\n<meta name=\"twitter:label1\" content=\"Est. reading time\" \/>\n\t<meta name=\"twitter:data1\" content=\"2 minutes\" \/>\n<script type=\"application\/ld+json\" class=\"yoast-schema-graph\">{\"@context\":\"https:\/\/schema.org\",\"@graph\":[{\"@type\":\"WebPage\",\"@id\":\"https:\/\/idakorea.ee\/product\/minikomplekt-medipeel-peptide-9-volume-bio-tox-trial-kit\/\",\"url\":\"https:\/\/idakorea.ee\/product\/minikomplekt-medipeel-peptide-9-volume-bio-tox-trial-kit\/\",\"name\":\"Minikomplekt Medipeel Peptide 9 Volume Bio Tox Trial Kit - IDA.KOREA\",\"isPartOf\":{\"@id\":\"https:\/\/idakorea.ee\/#website\"},\"primaryImageOfPage\":{\"@id\":\"https:\/\/idakorea.ee\/product\/minikomplekt-medipeel-peptide-9-volume-bio-tox-trial-kit\/#primaryimage\"},\"image\":{\"@id\":\"https:\/\/idakorea.ee\/product\/minikomplekt-medipeel-peptide-9-volume-bio-tox-trial-kit\/#primaryimage\"},\"thumbnailUrl\":\"https:\/\/idakorea.ee\/wp-content\/uploads\/2024\/12\/medi_peel-peptide-9-volume-bio-tox-trial-kit.jpg\",\"datePublished\":\"2024-12-12T15:46:45+00:00\",\"dateModified\":\"2026-03-13T16:49:10+00:00\",\"breadcrumb\":{\"@id\":\"https:\/\/idakorea.ee\/product\/minikomplekt-medipeel-peptide-9-volume-bio-tox-trial-kit\/#breadcrumb\"},\"inLanguage\":\"en-US\",\"potentialAction\":[{\"@type\":\"ReadAction\",\"target\":[\"https:\/\/idakorea.ee\/product\/minikomplekt-medipeel-peptide-9-volume-bio-tox-trial-kit\/\"]}]},{\"@type\":\"ImageObject\",\"inLanguage\":\"en-US\",\"@id\":\"https:\/\/idakorea.ee\/product\/minikomplekt-medipeel-peptide-9-volume-bio-tox-trial-kit\/#primaryimage\",\"url\":\"https:\/\/idakorea.ee\/wp-content\/uploads\/2024\/12\/medi_peel-peptide-9-volume-bio-tox-trial-kit.jpg\",\"contentUrl\":\"https:\/\/idakorea.ee\/wp-content\/uploads\/2024\/12\/medi_peel-peptide-9-volume-bio-tox-trial-kit.jpg\",\"width\":1000,\"height\":1000},{\"@type\":\"BreadcrumbList\",\"@id\":\"https:\/\/idakorea.ee\/product\/minikomplekt-medipeel-peptide-9-volume-bio-tox-trial-kit\/#breadcrumb\",\"itemListElement\":[{\"@type\":\"ListItem\",\"position\":1,\"name\":\"\u0413\u043b\u0430\u0432\u043d\u0430\u044f \u0441\u0442\u0440\u0430\u043d\u0438\u0446\u0430\",\"item\":\"https:\/\/idakorea.ee\/\"},{\"@type\":\"ListItem\",\"position\":2,\"name\":\"Shop\",\"item\":\"https:\/\/idakorea.ee\/shop-2\/\"},{\"@type\":\"ListItem\",\"position\":3,\"name\":\"Minikomplekt Medipeel Peptide 9 Volume Bio Tox Trial Kit\"}]},{\"@type\":\"WebSite\",\"@id\":\"https:\/\/idakorea.ee\/#website\",\"url\":\"https:\/\/idakorea.ee\/\",\"name\":\"IDA.KOREA\",\"description\":\"Korea kosmeetika e-pood\",\"publisher\":{\"@id\":\"https:\/\/idakorea.ee\/#organization\"},\"alternateName\":\"Beauty Shop\",\"potentialAction\":[{\"@type\":\"SearchAction\",\"target\":{\"@type\":\"EntryPoint\",\"urlTemplate\":\"https:\/\/idakorea.ee\/?s={search_term_string}\"},\"query-input\":{\"@type\":\"PropertyValueSpecification\",\"valueRequired\":true,\"valueName\":\"search_term_string\"}}],\"inLanguage\":\"en-US\"},{\"@type\":\"Organization\",\"@id\":\"https:\/\/idakorea.ee\/#organization\",\"name\":\"IDA.KOREA\",\"url\":\"https:\/\/idakorea.ee\/\",\"logo\":{\"@type\":\"ImageObject\",\"inLanguage\":\"en-US\",\"@id\":\"https:\/\/idakorea.ee\/#\/schema\/logo\/image\/\",\"url\":\"https:\/\/idakorea.ee\/wp-content\/uploads\/2024\/05\/cropped-korea3.png\",\"contentUrl\":\"https:\/\/idakorea.ee\/wp-content\/uploads\/2024\/05\/cropped-korea3.png\",\"width\":688,\"height\":126,\"caption\":\"IDA.KOREA\"},\"image\":{\"@id\":\"https:\/\/idakorea.ee\/#\/schema\/logo\/image\/\"},\"sameAs\":[\"https:\/\/www.instagram.com\/ida.korea\/\"]}]}<\/script>\n<!-- \/ Yoast SEO plugin. -->","yoast_head_json":{"title":"Medipeel Peptide 9 Volume Bio Tox Trial Kit - IDA.KOREA","robots":{"index":"index","follow":"follow","max-snippet":"max-snippet:-1","max-image-preview":"max-image-preview:large","max-video-preview":"max-video-preview:-1"},"canonical":"https:\/\/idakorea.ee\/en\/product\/minikomplekt-medipeel-peptide-9-volume-bio-tox-trial-kit\/","og_locale":"en_US","og_type":"article","og_title":"Minikomplekt Medipeel Peptide 9 Volume Bio Tox Trial Kit - IDA.KOREA","og_description":"MEDIPEEL Peptide 9 Volume Bio Tox Trial Kit Lifting-Minikomplekt sisaldab nelja populaarse tootesarja toodet, mis toidavad, siluvad ja taastavad nahka ning avaldavad vananemisvastast m\u00f5ju. Komplektis olevad toonik, ampull, silmakreem ja n\u00e4okreem aeglustavad vananemisprotsesse, v\u00e4hendavad kortsude s\u00fcgavust, tihendavad nahka ja suurendavad selle elastsust. See komplekt v\u00f5imaldab proovida sarja v\u00f5tmetooteid ning sobib suurep\u00e4raselt kingituseks Medi-Peeli austajatele. Kompaktne...","og_url":"https:\/\/idakorea.ee\/en\/product\/minikomplekt-medipeel-peptide-9-volume-bio-tox-trial-kit\/","og_site_name":"IDA.KOREA","article_modified_time":"2026-03-13T16:49:10+00:00","og_image":[{"width":1000,"height":1000,"url":"https:\/\/idakorea.ee\/wp-content\/uploads\/2024\/12\/medi_peel-peptide-9-volume-bio-tox-trial-kit.jpg","type":"image\/jpeg"}],"twitter_card":"summary_large_image","twitter_misc":{"Est. reading time":"2 minutes"},"schema":{"@context":"https:\/\/schema.org","@graph":[{"@type":"WebPage","@id":"https:\/\/idakorea.ee\/product\/minikomplekt-medipeel-peptide-9-volume-bio-tox-trial-kit\/","url":"https:\/\/idakorea.ee\/product\/minikomplekt-medipeel-peptide-9-volume-bio-tox-trial-kit\/","name":"Medipeel Peptide 9 Volume Bio Tox Trial Kit - IDA.KOREA","isPartOf":{"@id":"https:\/\/idakorea.ee\/#website"},"primaryImageOfPage":{"@id":"https:\/\/idakorea.ee\/product\/minikomplekt-medipeel-peptide-9-volume-bio-tox-trial-kit\/#primaryimage"},"image":{"@id":"https:\/\/idakorea.ee\/product\/minikomplekt-medipeel-peptide-9-volume-bio-tox-trial-kit\/#primaryimage"},"thumbnailUrl":"https:\/\/idakorea.ee\/wp-content\/uploads\/2024\/12\/medi_peel-peptide-9-volume-bio-tox-trial-kit.jpg","datePublished":"2024-12-12T15:46:45+00:00","dateModified":"2026-03-13T16:49:10+00:00","breadcrumb":{"@id":"https:\/\/idakorea.ee\/product\/minikomplekt-medipeel-peptide-9-volume-bio-tox-trial-kit\/#breadcrumb"},"inLanguage":"en-US","potentialAction":[{"@type":"ReadAction","target":["https:\/\/idakorea.ee\/product\/minikomplekt-medipeel-peptide-9-volume-bio-tox-trial-kit\/"]}]},{"@type":"ImageObject","inLanguage":"en-US","@id":"https:\/\/idakorea.ee\/product\/minikomplekt-medipeel-peptide-9-volume-bio-tox-trial-kit\/#primaryimage","url":"https:\/\/idakorea.ee\/wp-content\/uploads\/2024\/12\/medi_peel-peptide-9-volume-bio-tox-trial-kit.jpg","contentUrl":"https:\/\/idakorea.ee\/wp-content\/uploads\/2024\/12\/medi_peel-peptide-9-volume-bio-tox-trial-kit.jpg","width":1000,"height":1000},{"@type":"BreadcrumbList","@id":"https:\/\/idakorea.ee\/product\/minikomplekt-medipeel-peptide-9-volume-bio-tox-trial-kit\/#breadcrumb","itemListElement":[{"@type":"ListItem","position":1,"name":"\u0413\u043b\u0430\u0432\u043d\u0430\u044f \u0441\u0442\u0440\u0430\u043d\u0438\u0446\u0430","item":"https:\/\/idakorea.ee\/"},{"@type":"ListItem","position":2,"name":"Shop","item":"https:\/\/idakorea.ee\/shop-2\/"},{"@type":"ListItem","position":3,"name":"Minikomplekt Medipeel Peptide 9 Volume Bio Tox Trial Kit"}]},{"@type":"WebSite","@id":"https:\/\/idakorea.ee\/#website","url":"https:\/\/idakorea.ee\/","name":"IDA.KOREA","description":"Korean cosmetics e-shop","publisher":{"@id":"https:\/\/idakorea.ee\/#organization"},"alternateName":"Beauty Shop","potentialAction":[{"@type":"SearchAction","target":{"@type":"EntryPoint","urlTemplate":"https:\/\/idakorea.ee\/?s={search_term_string}"},"query-input":{"@type":"PropertyValueSpecification","valueRequired":true,"valueName":"search_term_string"}}],"inLanguage":"en-US"},{"@type":"Organization","@id":"https:\/\/idakorea.ee\/#organization","name":"IDA.KOREA","url":"https:\/\/idakorea.ee\/","logo":{"@type":"ImageObject","inLanguage":"en-US","@id":"https:\/\/idakorea.ee\/#\/schema\/logo\/image\/","url":"https:\/\/idakorea.ee\/wp-content\/uploads\/2024\/05\/cropped-korea3.png","contentUrl":"https:\/\/idakorea.ee\/wp-content\/uploads\/2024\/05\/cropped-korea3.png","width":688,"height":126,"caption":"IDA.KOREA"},"image":{"@id":"https:\/\/idakorea.ee\/#\/schema\/logo\/image\/"},"sameAs":["https:\/\/www.instagram.com\/ida.korea\/"]}]}},"jetpack_sharing_enabled":true,"brands":[{"id":107,"name":"MEDIPEEL+","slug":"medipeel"}],"_links":{"self":[{"href":"https:\/\/idakorea.ee\/en\/wp-json\/wp\/v2\/product\/11763","targetHints":{"allow":["GET"]}}],"collection":[{"href":"https:\/\/idakorea.ee\/en\/wp-json\/wp\/v2\/product"}],"about":[{"href":"https:\/\/idakorea.ee\/en\/wp-json\/wp\/v2\/types\/product"}],"replies":[{"embeddable":true,"href":"https:\/\/idakorea.ee\/en\/wp-json\/wp\/v2\/comments?post=11763"}],"version-history":[{"count":1,"href":"https:\/\/idakorea.ee\/en\/wp-json\/wp\/v2\/product\/11763\/revisions"}],"predecessor-version":[{"id":11767,"href":"https:\/\/idakorea.ee\/en\/wp-json\/wp\/v2\/product\/11763\/revisions\/11767"}],"wp:featuredmedia":[{"embeddable":true,"href":"https:\/\/idakorea.ee\/en\/wp-json\/wp\/v2\/media\/11764"}],"wp:attachment":[{"href":"https:\/\/idakorea.ee\/en\/wp-json\/wp\/v2\/media?parent=11763"}],"wp:term":[{"taxonomy":"pwb-brand","embeddable":true,"href":"https:\/\/idakorea.ee\/en\/wp-json\/wp\/v2\/pwb-brand?post=11763"},{"taxonomy":"product_brand","embeddable":true,"href":"https:\/\/idakorea.ee\/en\/wp-json\/wp\/v2\/product_brand?post=11763"},{"taxonomy":"product_cat","embeddable":true,"href":"https:\/\/idakorea.ee\/en\/wp-json\/wp\/v2\/product_cat?post=11763"},{"taxonomy":"product_tag","embeddable":true,"href":"https:\/\/idakorea.ee\/en\/wp-json\/wp\/v2\/product_tag?post=11763"}],"curies":[{"name":"wp","href":"https:\/\/api.w.org\/{rel}","templated":true}]}}