{"id":11798,"date":"2024-12-15T18:46:35","date_gmt":"2024-12-15T16:46:35","guid":{"rendered":"https:\/\/idakorea.ee\/?post_type=product&#038;p=11798"},"modified":"2026-02-07T23:51:07","modified_gmt":"2026-02-07T21:51:07","slug":"rahustav-kiletav-mask-medipeel-phyto-cica-nol-b5-calming-vegan-wrapping-mask-4ml","status":"publish","type":"product","link":"https:\/\/idakorea.ee\/en\/product\/rahustav-kiletav-mask-medipeel-phyto-cica-nol-b5-calming-vegan-wrapping-mask-4ml\/","title":{"rendered":"Soothing film mask Medipeel Phyto Cica-Nol B5 Calming Vegan Wrapping Mask, 4ml"},"content":{"rendered":"<p>Soothing film mask <strong>MEDIPEEL Phyto Cica-Nol B5 Calming Vegan Wrapping Mask<\/strong><\/p>\n<p><strong>Product features:<\/strong><\/p>\n<ul>\n<li>Moisturises and nourishes the skin, reduces redness and irritation.<\/li>\n<li>Brightens skin tone and gives a healthy glow.<\/li>\n<li>Reinforces the effects of previously used care products.<\/li>\n<li>Restores micro-damage, reduces sensitivity to external aggressors and strengthens the skin's natural protective barrier.<\/li>\n<li>Smoothes skin texture, leaving skin soft, smooth and supple.<\/li>\n<\/ul>\n<p><strong>The main active substance:<\/strong><\/p>\n<ul>\n<li><strong>Houttuynia powder<\/strong> - soothes the skin and improves its condition.<\/li>\n<\/ul>\n<p><strong>Active components:<\/strong><\/p>\n<ul>\n<li><strong>Cica-Nol B5 complex:<\/strong> Contains aasia centella extract, worm castor, worm castor acid, aasia acid, aasiacassoid and panthenol. Soothes irritation and redness, reduces sensitivity. Centella is fermented for 150 days in oak barrels at low temperature, preserving its maximum beneficial properties.<\/li>\n<li><strong>Aquaxyl\u2122:<\/strong> a combination of glucose and xylitol that moisturises the skin, restores moisture balance, prevents water loss and reduces dryness and flakiness.<\/li>\n<li><strong>AHA-acids (citric acid):<\/strong> gently exfoliate dead skin cells, stimulate epidermal renewal, smooth and brighten the skin.<\/li>\n<li><strong>BHA acids (salicylic acid):<\/strong> a fat-soluble acid that cleanses pores, reduces blackheads, prevents inflammation and reduces oiliness.<\/li>\n<li><strong>To the bottle:<\/strong> polysaccharide polymer with strong antioxidant activity. Helps to retain moisture, tightens and smoothes the skin, slows down the ageing process.<\/li>\n<li><strong>Sphingomonas bacterial extract:<\/strong> slows down intracellular ageing, restructures the skin and increases tissue elasticity.<\/li>\n<li><strong>Sodium ascorbyl phosphate:<\/strong> a stable form of vitamin C that lightens pigmentation, prevents inflammation, stimulates collagen production, improving skin elasticity and density.<\/li>\n<li><strong>Vitamins B1, B6, B7, B8, B9, B12:<\/strong> strengthen the skin's protective barrier, fight inflammation, even skin tone and smooth texture.<\/li>\n<\/ul>\n<p>&nbsp;<\/p>\n<p><strong>Suitability:<\/strong><br \/>\nFor normal, combination, sensitive and problem skin.<\/p>\n<p><strong>User manual: <\/strong>After all the care steps, apply the mask to dry skin, avoiding the eye and mouth area. Wait 20 to 30 minutes for the mask to dry completely. Gently remove the mask by pulling on the edge. Apply a moisturising cream if desired.<\/p>\n<p><strong>Recommended use:<\/strong> 2-3 times a week.<\/p>","protected":false},"excerpt":{"rendered":"<p>MEDIPEEL Phyto Cica-Nol B5 Calming Vegan Wrapping Mask Product Features:Moisturizes and nourishes the skin, reduces redness and irritation. Soothes, soothes and reduces redness, reduces irritation, reduces irritation and reduces irritation. Rejuvenates the skin, tones and tones the complexion, smoothes and revitalizes. Restores radiance, restores radiance and revitalizes the complexion, restores radiance and revitalizes the skin. Smoothes skin texture, leaving skin soft, smooth and supple. Main active ingredient.<\/p>","protected":false},"featured_media":11799,"comment_status":"open","ping_status":"closed","template":"","meta":{"_uf_show_specific_survey":0,"_uf_disable_surveys":false,"_bst_post_transparent":"default","_bst_post_title":"","_bst_post_layout":"default","_bst_post_sidebar_id":"","_bst_post_content_style":"default","_bst_post_vertical_padding":"default","_bst_post_feature":"","_bst_post_feature_position":"","_bst_post_header":false,"_bst_post_footer":false},"pwb-brand":[107],"product_brand":[],"product_cat":[92,98],"product_tag":[202,381,750,739],"class_list":{"0":"post-11798","1":"product","2":"type-product","3":"status-publish","4":"has-post-thumbnail","6":"pwb-brand-medipeel","7":"product_cat-nagu","8":"product_cat-naomaskid","9":"product_tag-korea-kosmeetika","10":"product_tag-medipeel","11":"product_tag-tundlik","12":"product_tag-vegan","14":"first","15":"instock","16":"sale","17":"shipping-taxable","18":"purchasable","19":"product-type-simple","20":"entry","21":"content-bg","22":"loop-entry"},"supplier_id":null,"supplier_sku":"","barcode":null,"atum_controlled":true,"out_stock_date":null,"out_stock_threshold":null,"inheritable":false,"inbound_stock":0,"stock_on_hold":0,"sold_today":0,"sales_last_days":0,"out_stock_days":0,"lost_sales":0,"has_location":false,"update_date":"2026-04-14T00:05:04","atum_locations":[],"atum_stock_status":"instock","restock_status":false,"low_stock_amount":"","sales_update_date":"2026-04-14T00:05:04","calc_backorders":null,"yoast_head":"<!-- This site is optimized with the Yoast SEO plugin v27.2 - https:\/\/yoast.com\/product\/yoast-seo-wordpress\/ -->\n<title>Rahustav kilemask Medipeel Phyto Cica-Nol B5 Calming Vegan Wrapping Mask, 4ml - IDA.KOREA<\/title>\n<meta name=\"robots\" content=\"index, follow, max-snippet:-1, max-image-preview:large, max-video-preview:-1\" \/>\n<link rel=\"canonical\" href=\"https:\/\/idakorea.ee\/en\/product\/rahustav-kiletav-mask-medipeel-phyto-cica-nol-b5-calming-vegan-wrapping-mask-4ml\/\" \/>\n<meta property=\"og:locale\" content=\"en_US\" \/>\n<meta property=\"og:type\" content=\"article\" \/>\n<meta property=\"og:title\" content=\"Rahustav kilemask Medipeel Phyto Cica-Nol B5 Calming Vegan Wrapping Mask, 4ml - IDA.KOREA\" \/>\n<meta property=\"og:description\" content=\"Rahustav kilemask MEDIPEEL Phyto Cica-Nol B5 Calming Vegan Wrapping Mask Toote omadused: Niisutab ja toidab nahka, v\u00e4hendab punetust ja \u00e4rritust. \u00dchtlustab nahatooni ja annab tervisliku s\u00e4ra. Tugevdab eelnevalt kasutatud hooldustoodete m\u00f5ju. Taastab mikrokahjustusi, v\u00e4hendab tundlikkust v\u00e4listegurite suhtes ja tugevdab naha loomulikku kaitsebarj\u00e4\u00e4ri. Silub nahatekstuuri, muutes naha pehmeks, siledaks ja elastseks. Peamine toimeaine: Houttuynia pulber \u2013...\" \/>\n<meta property=\"og:url\" content=\"https:\/\/idakorea.ee\/en\/product\/rahustav-kiletav-mask-medipeel-phyto-cica-nol-b5-calming-vegan-wrapping-mask-4ml\/\" \/>\n<meta property=\"og:site_name\" content=\"IDA.KOREA\" \/>\n<meta property=\"article:modified_time\" content=\"2026-02-07T21:51:07+00:00\" \/>\n<meta property=\"og:image\" content=\"https:\/\/idakorea.ee\/wp-content\/uploads\/2024\/12\/medipeel_018.jpg\" \/>\n\t<meta property=\"og:image:width\" content=\"458\" \/>\n\t<meta property=\"og:image:height\" content=\"459\" \/>\n\t<meta property=\"og:image:type\" content=\"image\/jpeg\" \/>\n<meta name=\"twitter:card\" content=\"summary_large_image\" \/>\n<meta name=\"twitter:label1\" content=\"Est. reading time\" \/>\n\t<meta name=\"twitter:data1\" content=\"2 minutes\" \/>\n<script type=\"application\/ld+json\" class=\"yoast-schema-graph\">{\"@context\":\"https:\/\/schema.org\",\"@graph\":[{\"@type\":\"WebPage\",\"@id\":\"https:\/\/idakorea.ee\/product\/rahustav-kiletav-mask-medipeel-phyto-cica-nol-b5-calming-vegan-wrapping-mask-4ml\/\",\"url\":\"https:\/\/idakorea.ee\/product\/rahustav-kiletav-mask-medipeel-phyto-cica-nol-b5-calming-vegan-wrapping-mask-4ml\/\",\"name\":\"Rahustav kilemask Medipeel Phyto Cica-Nol B5 Calming Vegan Wrapping Mask, 4ml - IDA.KOREA\",\"isPartOf\":{\"@id\":\"https:\/\/idakorea.ee\/#website\"},\"primaryImageOfPage\":{\"@id\":\"https:\/\/idakorea.ee\/product\/rahustav-kiletav-mask-medipeel-phyto-cica-nol-b5-calming-vegan-wrapping-mask-4ml\/#primaryimage\"},\"image\":{\"@id\":\"https:\/\/idakorea.ee\/product\/rahustav-kiletav-mask-medipeel-phyto-cica-nol-b5-calming-vegan-wrapping-mask-4ml\/#primaryimage\"},\"thumbnailUrl\":\"https:\/\/idakorea.ee\/wp-content\/uploads\/2024\/12\/medipeel_018.jpg\",\"datePublished\":\"2024-12-15T16:46:35+00:00\",\"dateModified\":\"2026-02-07T21:51:07+00:00\",\"breadcrumb\":{\"@id\":\"https:\/\/idakorea.ee\/product\/rahustav-kiletav-mask-medipeel-phyto-cica-nol-b5-calming-vegan-wrapping-mask-4ml\/#breadcrumb\"},\"inLanguage\":\"en-US\",\"potentialAction\":[{\"@type\":\"ReadAction\",\"target\":[\"https:\/\/idakorea.ee\/product\/rahustav-kiletav-mask-medipeel-phyto-cica-nol-b5-calming-vegan-wrapping-mask-4ml\/\"]}]},{\"@type\":\"ImageObject\",\"inLanguage\":\"en-US\",\"@id\":\"https:\/\/idakorea.ee\/product\/rahustav-kiletav-mask-medipeel-phyto-cica-nol-b5-calming-vegan-wrapping-mask-4ml\/#primaryimage\",\"url\":\"https:\/\/idakorea.ee\/wp-content\/uploads\/2024\/12\/medipeel_018.jpg\",\"contentUrl\":\"https:\/\/idakorea.ee\/wp-content\/uploads\/2024\/12\/medipeel_018.jpg\",\"width\":458,\"height\":459},{\"@type\":\"BreadcrumbList\",\"@id\":\"https:\/\/idakorea.ee\/product\/rahustav-kiletav-mask-medipeel-phyto-cica-nol-b5-calming-vegan-wrapping-mask-4ml\/#breadcrumb\",\"itemListElement\":[{\"@type\":\"ListItem\",\"position\":1,\"name\":\"\u0413\u043b\u0430\u0432\u043d\u0430\u044f \u0441\u0442\u0440\u0430\u043d\u0438\u0446\u0430\",\"item\":\"https:\/\/idakorea.ee\/\"},{\"@type\":\"ListItem\",\"position\":2,\"name\":\"Shop\",\"item\":\"https:\/\/idakorea.ee\/shop-2\/\"},{\"@type\":\"ListItem\",\"position\":3,\"name\":\"Rahustav kilemask Medipeel Phyto Cica-Nol B5 Calming Vegan Wrapping Mask, 4ml\"}]},{\"@type\":\"WebSite\",\"@id\":\"https:\/\/idakorea.ee\/#website\",\"url\":\"https:\/\/idakorea.ee\/\",\"name\":\"IDA.KOREA\",\"description\":\"Korea kosmeetika e-pood\",\"publisher\":{\"@id\":\"https:\/\/idakorea.ee\/#organization\"},\"alternateName\":\"Beauty Shop\",\"potentialAction\":[{\"@type\":\"SearchAction\",\"target\":{\"@type\":\"EntryPoint\",\"urlTemplate\":\"https:\/\/idakorea.ee\/?s={search_term_string}\"},\"query-input\":{\"@type\":\"PropertyValueSpecification\",\"valueRequired\":true,\"valueName\":\"search_term_string\"}}],\"inLanguage\":\"en-US\"},{\"@type\":\"Organization\",\"@id\":\"https:\/\/idakorea.ee\/#organization\",\"name\":\"IDA.KOREA\",\"url\":\"https:\/\/idakorea.ee\/\",\"logo\":{\"@type\":\"ImageObject\",\"inLanguage\":\"en-US\",\"@id\":\"https:\/\/idakorea.ee\/#\/schema\/logo\/image\/\",\"url\":\"https:\/\/idakorea.ee\/wp-content\/uploads\/2024\/05\/cropped-korea3.png\",\"contentUrl\":\"https:\/\/idakorea.ee\/wp-content\/uploads\/2024\/05\/cropped-korea3.png\",\"width\":688,\"height\":126,\"caption\":\"IDA.KOREA\"},\"image\":{\"@id\":\"https:\/\/idakorea.ee\/#\/schema\/logo\/image\/\"},\"sameAs\":[\"https:\/\/www.instagram.com\/ida.korea\/\"]}]}<\/script>\n<!-- \/ Yoast SEO plugin. -->","yoast_head_json":{"title":"Soothing film mask Medipeel Phyto Cica-Nol B5 Calming Vegan Wrapping Mask, 4ml - IDA.KOREA","robots":{"index":"index","follow":"follow","max-snippet":"max-snippet:-1","max-image-preview":"max-image-preview:large","max-video-preview":"max-video-preview:-1"},"canonical":"https:\/\/idakorea.ee\/en\/product\/rahustav-kiletav-mask-medipeel-phyto-cica-nol-b5-calming-vegan-wrapping-mask-4ml\/","og_locale":"en_US","og_type":"article","og_title":"Rahustav kilemask Medipeel Phyto Cica-Nol B5 Calming Vegan Wrapping Mask, 4ml - IDA.KOREA","og_description":"Rahustav kilemask MEDIPEEL Phyto Cica-Nol B5 Calming Vegan Wrapping Mask Toote omadused: Niisutab ja toidab nahka, v\u00e4hendab punetust ja \u00e4rritust. \u00dchtlustab nahatooni ja annab tervisliku s\u00e4ra. Tugevdab eelnevalt kasutatud hooldustoodete m\u00f5ju. Taastab mikrokahjustusi, v\u00e4hendab tundlikkust v\u00e4listegurite suhtes ja tugevdab naha loomulikku kaitsebarj\u00e4\u00e4ri. Silub nahatekstuuri, muutes naha pehmeks, siledaks ja elastseks. Peamine toimeaine: Houttuynia pulber \u2013...","og_url":"https:\/\/idakorea.ee\/en\/product\/rahustav-kiletav-mask-medipeel-phyto-cica-nol-b5-calming-vegan-wrapping-mask-4ml\/","og_site_name":"IDA.KOREA","article_modified_time":"2026-02-07T21:51:07+00:00","og_image":[{"width":458,"height":459,"url":"https:\/\/idakorea.ee\/wp-content\/uploads\/2024\/12\/medipeel_018.jpg","type":"image\/jpeg"}],"twitter_card":"summary_large_image","twitter_misc":{"Est. reading time":"2 minutes"},"schema":{"@context":"https:\/\/schema.org","@graph":[{"@type":"WebPage","@id":"https:\/\/idakorea.ee\/product\/rahustav-kiletav-mask-medipeel-phyto-cica-nol-b5-calming-vegan-wrapping-mask-4ml\/","url":"https:\/\/idakorea.ee\/product\/rahustav-kiletav-mask-medipeel-phyto-cica-nol-b5-calming-vegan-wrapping-mask-4ml\/","name":"Soothing film mask Medipeel Phyto Cica-Nol B5 Calming Vegan Wrapping Mask, 4ml - IDA.KOREA","isPartOf":{"@id":"https:\/\/idakorea.ee\/#website"},"primaryImageOfPage":{"@id":"https:\/\/idakorea.ee\/product\/rahustav-kiletav-mask-medipeel-phyto-cica-nol-b5-calming-vegan-wrapping-mask-4ml\/#primaryimage"},"image":{"@id":"https:\/\/idakorea.ee\/product\/rahustav-kiletav-mask-medipeel-phyto-cica-nol-b5-calming-vegan-wrapping-mask-4ml\/#primaryimage"},"thumbnailUrl":"https:\/\/idakorea.ee\/wp-content\/uploads\/2024\/12\/medipeel_018.jpg","datePublished":"2024-12-15T16:46:35+00:00","dateModified":"2026-02-07T21:51:07+00:00","breadcrumb":{"@id":"https:\/\/idakorea.ee\/product\/rahustav-kiletav-mask-medipeel-phyto-cica-nol-b5-calming-vegan-wrapping-mask-4ml\/#breadcrumb"},"inLanguage":"en-US","potentialAction":[{"@type":"ReadAction","target":["https:\/\/idakorea.ee\/product\/rahustav-kiletav-mask-medipeel-phyto-cica-nol-b5-calming-vegan-wrapping-mask-4ml\/"]}]},{"@type":"ImageObject","inLanguage":"en-US","@id":"https:\/\/idakorea.ee\/product\/rahustav-kiletav-mask-medipeel-phyto-cica-nol-b5-calming-vegan-wrapping-mask-4ml\/#primaryimage","url":"https:\/\/idakorea.ee\/wp-content\/uploads\/2024\/12\/medipeel_018.jpg","contentUrl":"https:\/\/idakorea.ee\/wp-content\/uploads\/2024\/12\/medipeel_018.jpg","width":458,"height":459},{"@type":"BreadcrumbList","@id":"https:\/\/idakorea.ee\/product\/rahustav-kiletav-mask-medipeel-phyto-cica-nol-b5-calming-vegan-wrapping-mask-4ml\/#breadcrumb","itemListElement":[{"@type":"ListItem","position":1,"name":"\u0413\u043b\u0430\u0432\u043d\u0430\u044f \u0441\u0442\u0440\u0430\u043d\u0438\u0446\u0430","item":"https:\/\/idakorea.ee\/"},{"@type":"ListItem","position":2,"name":"Shop","item":"https:\/\/idakorea.ee\/shop-2\/"},{"@type":"ListItem","position":3,"name":"Rahustav kilemask Medipeel Phyto Cica-Nol B5 Calming Vegan Wrapping Mask, 4ml"}]},{"@type":"WebSite","@id":"https:\/\/idakorea.ee\/#website","url":"https:\/\/idakorea.ee\/","name":"IDA.KOREA","description":"Korean cosmetics e-shop","publisher":{"@id":"https:\/\/idakorea.ee\/#organization"},"alternateName":"Beauty Shop","potentialAction":[{"@type":"SearchAction","target":{"@type":"EntryPoint","urlTemplate":"https:\/\/idakorea.ee\/?s={search_term_string}"},"query-input":{"@type":"PropertyValueSpecification","valueRequired":true,"valueName":"search_term_string"}}],"inLanguage":"en-US"},{"@type":"Organization","@id":"https:\/\/idakorea.ee\/#organization","name":"IDA.KOREA","url":"https:\/\/idakorea.ee\/","logo":{"@type":"ImageObject","inLanguage":"en-US","@id":"https:\/\/idakorea.ee\/#\/schema\/logo\/image\/","url":"https:\/\/idakorea.ee\/wp-content\/uploads\/2024\/05\/cropped-korea3.png","contentUrl":"https:\/\/idakorea.ee\/wp-content\/uploads\/2024\/05\/cropped-korea3.png","width":688,"height":126,"caption":"IDA.KOREA"},"image":{"@id":"https:\/\/idakorea.ee\/#\/schema\/logo\/image\/"},"sameAs":["https:\/\/www.instagram.com\/ida.korea\/"]}]}},"jetpack_sharing_enabled":true,"brands":[{"id":107,"name":"MEDIPEEL+","slug":"medipeel"}],"_links":{"self":[{"href":"https:\/\/idakorea.ee\/en\/wp-json\/wp\/v2\/product\/11798","targetHints":{"allow":["GET"]}}],"collection":[{"href":"https:\/\/idakorea.ee\/en\/wp-json\/wp\/v2\/product"}],"about":[{"href":"https:\/\/idakorea.ee\/en\/wp-json\/wp\/v2\/types\/product"}],"replies":[{"embeddable":true,"href":"https:\/\/idakorea.ee\/en\/wp-json\/wp\/v2\/comments?post=11798"}],"version-history":[{"count":3,"href":"https:\/\/idakorea.ee\/en\/wp-json\/wp\/v2\/product\/11798\/revisions"}],"predecessor-version":[{"id":11807,"href":"https:\/\/idakorea.ee\/en\/wp-json\/wp\/v2\/product\/11798\/revisions\/11807"}],"wp:featuredmedia":[{"embeddable":true,"href":"https:\/\/idakorea.ee\/en\/wp-json\/wp\/v2\/media\/11799"}],"wp:attachment":[{"href":"https:\/\/idakorea.ee\/en\/wp-json\/wp\/v2\/media?parent=11798"}],"wp:term":[{"taxonomy":"pwb-brand","embeddable":true,"href":"https:\/\/idakorea.ee\/en\/wp-json\/wp\/v2\/pwb-brand?post=11798"},{"taxonomy":"product_brand","embeddable":true,"href":"https:\/\/idakorea.ee\/en\/wp-json\/wp\/v2\/product_brand?post=11798"},{"taxonomy":"product_cat","embeddable":true,"href":"https:\/\/idakorea.ee\/en\/wp-json\/wp\/v2\/product_cat?post=11798"},{"taxonomy":"product_tag","embeddable":true,"href":"https:\/\/idakorea.ee\/en\/wp-json\/wp\/v2\/product_tag?post=11798"}],"curies":[{"name":"wp","href":"https:\/\/api.w.org\/{rel}","templated":true}]}}