{"id":11811,"date":"2024-12-16T14:32:10","date_gmt":"2024-12-16T12:32:10","guid":{"rendered":"https:\/\/idakorea.ee\/?post_type=product&#038;p=11811"},"modified":"2026-01-30T15:29:00","modified_gmt":"2026-01-30T13:29:00","slug":"meeste-lux-nahahoolduskomplekt-the-history-of-whoo-gongjinhyang-kun-jayang-trio-set","status":"publish","type":"product","link":"https:\/\/idakorea.ee\/en\/product\/meeste-lux-nahahoolduskomplekt-the-history-of-whoo-gongjinhyang-kun-jayang-trio-set\/","title":{"rendered":"Men's lux skin care set The History of Whoo Gongjinhyang Kun Jayang Trio Set"},"content":{"rendered":"<p>The kit contains natural herbal ingredients specially formulated to nourish and restore men's skin. It helps to revitalise and care for rough skin and skin showing signs of ageing.<\/p>\n<p><strong>Features:<\/strong><\/p>\n<ul>\n<li><strong>It soaks:<\/strong> provides deep and long-lasting hydration.<\/li>\n<li><strong>Softens:<\/strong> soothes roughness and smoothes the skin.<\/li>\n<li><strong>Fights against dullness:<\/strong> restores the radiant and healthy appearance of the skin.<\/li>\n<li><strong>Retains moisture:<\/strong> strengthens the skin's natural moisture barrier.<\/li>\n<li><strong>Calms:<\/strong> reduces irritation and improves overall skin condition.<\/li>\n<\/ul>\n<p><strong>Main active ingredients:<\/strong><\/p>\n<ul>\n<li><strong>Maggijensen and repetition:<\/strong> slow down the skin's ageing process by controlling cell oxidation and strengthening the skin.<\/li>\n<li><strong>Platinum:<\/strong> helps to maintain youthfulness and provides skin with resilience.<\/li>\n<li><strong>The secret royal recipe:<\/strong> contains ancient ingredients such as <strong>Yeonganbulobang<\/strong> and <strong>Sangmeoksan<\/strong>, from the royal court of Korea.<\/li>\n<li><strong>Sechoyongieong plant extracts:<\/strong> restore skin vitality and elasticity.<\/li>\n<\/ul>\n<p>The entire Gongjinhyang Kun Ja Yang line is characterised by a subtle, long-lasting and luxurious perfume scent that is at the same time gentle and soothing.<\/p>\n<p>Suitable for all skin types, including sensitive and dry.<\/p>\n<p class=\"translation-block\">By using <strong>The History of Whoo Gongjinhyang Kun Ja Yang Nourishing<\/strong> products, the skin becomes silky smooth and elastically hydrated. Leaves no dry or rough areas. Ideal for men, providing potent care based on ancient Eastern medical wisdom.<\/p>\n<p><b>Supplied by<\/b><\/p>\n<p>GongJinHyang Kun Jayang Nourishing Balancer for Men 140ml - tonic<\/p>\n<p>GongJinHyang Kun Jayang Nourishing Balancer for Men 20ml<\/p>\n<p>GongJinHyang Kun Jayang Nourishing Emulsion for Men 100ml - emulsion<\/p>\n<p>GongJinHyang Kun Jayang Nourishing Emulsion for Men 20ml<\/p>\n<p>GongJinHyang Kun Jayang Moisture Cream for Men 20ml - face cream<\/p>\n<p>GongJinHyang Kun Jayang Foam Cleanser 40ml - cleansing foam<\/p>","protected":false},"excerpt":{"rendered":"<p>The kit contains natural herbal ingredients specially formulated to nourish and restore men's skin. It helps to revitalise and care for rough skin and skin showing signs of ageing. Properties. Softens: soothes roughness and smoothes the skin. Combats dullness: restores the skin's radiant, healthy appearance. Moisture-retaining: reinforces the skin's natural moisture barrier. Soothes the skin...<\/p>","protected":false},"featured_media":11812,"comment_status":"open","ping_status":"closed","template":"","meta":{"_uf_show_specific_survey":0,"_uf_disable_surveys":false,"_bst_post_transparent":"default","_bst_post_title":"","_bst_post_layout":"default","_bst_post_sidebar_id":"","_bst_post_content_style":"default","_bst_post_vertical_padding":"default","_bst_post_feature":"","_bst_post_feature_position":"","_bst_post_header":false,"_bst_post_footer":false},"pwb-brand":[494],"product_brand":[],"product_cat":[95,803],"product_tag":[752,555,751],"class_list":{"0":"post-11811","1":"product","2":"type-product","3":"status-publish","4":"has-post-thumbnail","6":"pwb-brand-the-history-of-whoo","7":"product_cat-komplektid","8":"product_cat-meestele","9":"product_tag-meestekomplekt","10":"product_tag-the-history-of-whoo","11":"product_tag-whoo","13":"first","14":"outofstock","15":"sale","16":"shipping-taxable","17":"purchasable","18":"product-type-simple","19":"entry","20":"content-bg","21":"loop-entry"},"supplier_id":null,"supplier_sku":"","barcode":null,"atum_controlled":true,"out_stock_date":"2025-11-10 12:35:03","out_stock_threshold":null,"inheritable":false,"inbound_stock":0,"stock_on_hold":0,"sold_today":0,"sales_last_days":0,"out_stock_days":154,"lost_sales":3077,"has_location":false,"update_date":"2026-04-14T00:05:04","atum_locations":[],"atum_stock_status":"outofstock","restock_status":false,"low_stock_amount":"","sales_update_date":"2026-04-14T00:05:04","calc_backorders":null,"yoast_head":"<!-- This site is optimized with the Yoast SEO plugin v27.2 - https:\/\/yoast.com\/product\/yoast-seo-wordpress\/ -->\n<title>Meeste lux nahahoolduskomplekt The History of Whoo Gongjinhyang Kun Jayang Trio Set - IDA.KOREA<\/title>\n<meta name=\"robots\" content=\"index, follow, max-snippet:-1, max-image-preview:large, max-video-preview:-1\" \/>\n<link rel=\"canonical\" href=\"https:\/\/idakorea.ee\/en\/product\/meeste-lux-nahahoolduskomplekt-the-history-of-whoo-gongjinhyang-kun-jayang-trio-set\/\" \/>\n<meta property=\"og:locale\" content=\"en_US\" \/>\n<meta property=\"og:type\" content=\"article\" \/>\n<meta property=\"og:title\" content=\"Meeste lux nahahoolduskomplekt The History of Whoo Gongjinhyang Kun Jayang Trio Set - IDA.KOREA\" \/>\n<meta property=\"og:description\" content=\"Komplekt sisaldab looduslikke ravimtaimede koostisosi, mis on loodud spetsiaalselt meeste naha hooldamiseks ja taastamiseks. See aitab elustada ja hooldada karedat ning vananemisilmingutega nahka. Omadused: Niisutab: annab nahale s\u00fcgava ja pikaajalise niisutuse. Pehmendab: leevendab karedust ja muudab naha siledaks. V\u00f5itleb tuhmuse vastu: taastab naha s\u00e4rava ja terve v\u00e4ljan\u00e4gemise. S\u00e4ilitab niiskuse: tugevdab naha loomulikku niiskust\u00f5ket. Rahustab: v\u00e4hendab...\" \/>\n<meta property=\"og:url\" content=\"https:\/\/idakorea.ee\/en\/product\/meeste-lux-nahahoolduskomplekt-the-history-of-whoo-gongjinhyang-kun-jayang-trio-set\/\" \/>\n<meta property=\"og:site_name\" content=\"IDA.KOREA\" \/>\n<meta property=\"article:modified_time\" content=\"2026-01-30T13:29:00+00:00\" \/>\n<meta property=\"og:image\" content=\"https:\/\/idakorea.ee\/wp-content\/uploads\/2024\/12\/s-l1200.jpg\" \/>\n\t<meta property=\"og:image:width\" content=\"1000\" \/>\n\t<meta property=\"og:image:height\" content=\"1000\" \/>\n\t<meta property=\"og:image:type\" content=\"image\/jpeg\" \/>\n<meta name=\"twitter:card\" content=\"summary_large_image\" \/>\n<meta name=\"twitter:label1\" content=\"Est. reading time\" \/>\n\t<meta name=\"twitter:data1\" content=\"2 minutes\" \/>\n<script type=\"application\/ld+json\" class=\"yoast-schema-graph\">{\"@context\":\"https:\/\/schema.org\",\"@graph\":[{\"@type\":\"WebPage\",\"@id\":\"https:\/\/idakorea.ee\/product\/meeste-lux-nahahoolduskomplekt-the-history-of-whoo-gongjinhyang-kun-jayang-trio-set\/\",\"url\":\"https:\/\/idakorea.ee\/product\/meeste-lux-nahahoolduskomplekt-the-history-of-whoo-gongjinhyang-kun-jayang-trio-set\/\",\"name\":\"Meeste lux nahahoolduskomplekt The History of Whoo Gongjinhyang Kun Jayang Trio Set - IDA.KOREA\",\"isPartOf\":{\"@id\":\"https:\/\/idakorea.ee\/#website\"},\"primaryImageOfPage\":{\"@id\":\"https:\/\/idakorea.ee\/product\/meeste-lux-nahahoolduskomplekt-the-history-of-whoo-gongjinhyang-kun-jayang-trio-set\/#primaryimage\"},\"image\":{\"@id\":\"https:\/\/idakorea.ee\/product\/meeste-lux-nahahoolduskomplekt-the-history-of-whoo-gongjinhyang-kun-jayang-trio-set\/#primaryimage\"},\"thumbnailUrl\":\"https:\/\/idakorea.ee\/wp-content\/uploads\/2024\/12\/s-l1200.jpg\",\"datePublished\":\"2024-12-16T12:32:10+00:00\",\"dateModified\":\"2026-01-30T13:29:00+00:00\",\"breadcrumb\":{\"@id\":\"https:\/\/idakorea.ee\/product\/meeste-lux-nahahoolduskomplekt-the-history-of-whoo-gongjinhyang-kun-jayang-trio-set\/#breadcrumb\"},\"inLanguage\":\"en-US\",\"potentialAction\":[{\"@type\":\"ReadAction\",\"target\":[\"https:\/\/idakorea.ee\/product\/meeste-lux-nahahoolduskomplekt-the-history-of-whoo-gongjinhyang-kun-jayang-trio-set\/\"]}]},{\"@type\":\"ImageObject\",\"inLanguage\":\"en-US\",\"@id\":\"https:\/\/idakorea.ee\/product\/meeste-lux-nahahoolduskomplekt-the-history-of-whoo-gongjinhyang-kun-jayang-trio-set\/#primaryimage\",\"url\":\"https:\/\/idakorea.ee\/wp-content\/uploads\/2024\/12\/s-l1200.jpg\",\"contentUrl\":\"https:\/\/idakorea.ee\/wp-content\/uploads\/2024\/12\/s-l1200.jpg\",\"width\":1000,\"height\":1000},{\"@type\":\"BreadcrumbList\",\"@id\":\"https:\/\/idakorea.ee\/product\/meeste-lux-nahahoolduskomplekt-the-history-of-whoo-gongjinhyang-kun-jayang-trio-set\/#breadcrumb\",\"itemListElement\":[{\"@type\":\"ListItem\",\"position\":1,\"name\":\"\u0413\u043b\u0430\u0432\u043d\u0430\u044f \u0441\u0442\u0440\u0430\u043d\u0438\u0446\u0430\",\"item\":\"https:\/\/idakorea.ee\/\"},{\"@type\":\"ListItem\",\"position\":2,\"name\":\"Shop\",\"item\":\"https:\/\/idakorea.ee\/shop-2\/\"},{\"@type\":\"ListItem\",\"position\":3,\"name\":\"Meeste lux nahahoolduskomplekt The History of Whoo Gongjinhyang Kun Jayang Trio Set\"}]},{\"@type\":\"WebSite\",\"@id\":\"https:\/\/idakorea.ee\/#website\",\"url\":\"https:\/\/idakorea.ee\/\",\"name\":\"IDA.KOREA\",\"description\":\"Korea kosmeetika e-pood\",\"publisher\":{\"@id\":\"https:\/\/idakorea.ee\/#organization\"},\"alternateName\":\"Beauty Shop\",\"potentialAction\":[{\"@type\":\"SearchAction\",\"target\":{\"@type\":\"EntryPoint\",\"urlTemplate\":\"https:\/\/idakorea.ee\/?s={search_term_string}\"},\"query-input\":{\"@type\":\"PropertyValueSpecification\",\"valueRequired\":true,\"valueName\":\"search_term_string\"}}],\"inLanguage\":\"en-US\"},{\"@type\":\"Organization\",\"@id\":\"https:\/\/idakorea.ee\/#organization\",\"name\":\"IDA.KOREA\",\"url\":\"https:\/\/idakorea.ee\/\",\"logo\":{\"@type\":\"ImageObject\",\"inLanguage\":\"en-US\",\"@id\":\"https:\/\/idakorea.ee\/#\/schema\/logo\/image\/\",\"url\":\"https:\/\/idakorea.ee\/wp-content\/uploads\/2024\/05\/cropped-korea3.png\",\"contentUrl\":\"https:\/\/idakorea.ee\/wp-content\/uploads\/2024\/05\/cropped-korea3.png\",\"width\":688,\"height\":126,\"caption\":\"IDA.KOREA\"},\"image\":{\"@id\":\"https:\/\/idakorea.ee\/#\/schema\/logo\/image\/\"},\"sameAs\":[\"https:\/\/www.instagram.com\/ida.korea\/\"]}]}<\/script>\n<!-- \/ Yoast SEO plugin. -->","yoast_head_json":{"title":"Men's lux skin care set The History of Whoo Gongjinhyang Kun Jayang Trio Set - IDA.KOREA","robots":{"index":"index","follow":"follow","max-snippet":"max-snippet:-1","max-image-preview":"max-image-preview:large","max-video-preview":"max-video-preview:-1"},"canonical":"https:\/\/idakorea.ee\/en\/product\/meeste-lux-nahahoolduskomplekt-the-history-of-whoo-gongjinhyang-kun-jayang-trio-set\/","og_locale":"en_US","og_type":"article","og_title":"Meeste lux nahahoolduskomplekt The History of Whoo Gongjinhyang Kun Jayang Trio Set - IDA.KOREA","og_description":"Komplekt sisaldab looduslikke ravimtaimede koostisosi, mis on loodud spetsiaalselt meeste naha hooldamiseks ja taastamiseks. See aitab elustada ja hooldada karedat ning vananemisilmingutega nahka. Omadused: Niisutab: annab nahale s\u00fcgava ja pikaajalise niisutuse. Pehmendab: leevendab karedust ja muudab naha siledaks. V\u00f5itleb tuhmuse vastu: taastab naha s\u00e4rava ja terve v\u00e4ljan\u00e4gemise. S\u00e4ilitab niiskuse: tugevdab naha loomulikku niiskust\u00f5ket. Rahustab: v\u00e4hendab...","og_url":"https:\/\/idakorea.ee\/en\/product\/meeste-lux-nahahoolduskomplekt-the-history-of-whoo-gongjinhyang-kun-jayang-trio-set\/","og_site_name":"IDA.KOREA","article_modified_time":"2026-01-30T13:29:00+00:00","og_image":[{"width":1000,"height":1000,"url":"https:\/\/idakorea.ee\/wp-content\/uploads\/2024\/12\/s-l1200.jpg","type":"image\/jpeg"}],"twitter_card":"summary_large_image","twitter_misc":{"Est. reading time":"2 minutes"},"schema":{"@context":"https:\/\/schema.org","@graph":[{"@type":"WebPage","@id":"https:\/\/idakorea.ee\/product\/meeste-lux-nahahoolduskomplekt-the-history-of-whoo-gongjinhyang-kun-jayang-trio-set\/","url":"https:\/\/idakorea.ee\/product\/meeste-lux-nahahoolduskomplekt-the-history-of-whoo-gongjinhyang-kun-jayang-trio-set\/","name":"Men's lux skin care set The History of Whoo Gongjinhyang Kun Jayang Trio Set - IDA.KOREA","isPartOf":{"@id":"https:\/\/idakorea.ee\/#website"},"primaryImageOfPage":{"@id":"https:\/\/idakorea.ee\/product\/meeste-lux-nahahoolduskomplekt-the-history-of-whoo-gongjinhyang-kun-jayang-trio-set\/#primaryimage"},"image":{"@id":"https:\/\/idakorea.ee\/product\/meeste-lux-nahahoolduskomplekt-the-history-of-whoo-gongjinhyang-kun-jayang-trio-set\/#primaryimage"},"thumbnailUrl":"https:\/\/idakorea.ee\/wp-content\/uploads\/2024\/12\/s-l1200.jpg","datePublished":"2024-12-16T12:32:10+00:00","dateModified":"2026-01-30T13:29:00+00:00","breadcrumb":{"@id":"https:\/\/idakorea.ee\/product\/meeste-lux-nahahoolduskomplekt-the-history-of-whoo-gongjinhyang-kun-jayang-trio-set\/#breadcrumb"},"inLanguage":"en-US","potentialAction":[{"@type":"ReadAction","target":["https:\/\/idakorea.ee\/product\/meeste-lux-nahahoolduskomplekt-the-history-of-whoo-gongjinhyang-kun-jayang-trio-set\/"]}]},{"@type":"ImageObject","inLanguage":"en-US","@id":"https:\/\/idakorea.ee\/product\/meeste-lux-nahahoolduskomplekt-the-history-of-whoo-gongjinhyang-kun-jayang-trio-set\/#primaryimage","url":"https:\/\/idakorea.ee\/wp-content\/uploads\/2024\/12\/s-l1200.jpg","contentUrl":"https:\/\/idakorea.ee\/wp-content\/uploads\/2024\/12\/s-l1200.jpg","width":1000,"height":1000},{"@type":"BreadcrumbList","@id":"https:\/\/idakorea.ee\/product\/meeste-lux-nahahoolduskomplekt-the-history-of-whoo-gongjinhyang-kun-jayang-trio-set\/#breadcrumb","itemListElement":[{"@type":"ListItem","position":1,"name":"\u0413\u043b\u0430\u0432\u043d\u0430\u044f \u0441\u0442\u0440\u0430\u043d\u0438\u0446\u0430","item":"https:\/\/idakorea.ee\/"},{"@type":"ListItem","position":2,"name":"Shop","item":"https:\/\/idakorea.ee\/shop-2\/"},{"@type":"ListItem","position":3,"name":"Meeste lux nahahoolduskomplekt The History of Whoo Gongjinhyang Kun Jayang Trio Set"}]},{"@type":"WebSite","@id":"https:\/\/idakorea.ee\/#website","url":"https:\/\/idakorea.ee\/","name":"IDA.KOREA","description":"Korean cosmetics e-shop","publisher":{"@id":"https:\/\/idakorea.ee\/#organization"},"alternateName":"Beauty Shop","potentialAction":[{"@type":"SearchAction","target":{"@type":"EntryPoint","urlTemplate":"https:\/\/idakorea.ee\/?s={search_term_string}"},"query-input":{"@type":"PropertyValueSpecification","valueRequired":true,"valueName":"search_term_string"}}],"inLanguage":"en-US"},{"@type":"Organization","@id":"https:\/\/idakorea.ee\/#organization","name":"IDA.KOREA","url":"https:\/\/idakorea.ee\/","logo":{"@type":"ImageObject","inLanguage":"en-US","@id":"https:\/\/idakorea.ee\/#\/schema\/logo\/image\/","url":"https:\/\/idakorea.ee\/wp-content\/uploads\/2024\/05\/cropped-korea3.png","contentUrl":"https:\/\/idakorea.ee\/wp-content\/uploads\/2024\/05\/cropped-korea3.png","width":688,"height":126,"caption":"IDA.KOREA"},"image":{"@id":"https:\/\/idakorea.ee\/#\/schema\/logo\/image\/"},"sameAs":["https:\/\/www.instagram.com\/ida.korea\/"]}]}},"jetpack_sharing_enabled":true,"brands":[{"id":494,"name":"THE HISTORY OF WHOO","slug":"the-history-of-whoo"}],"_links":{"self":[{"href":"https:\/\/idakorea.ee\/en\/wp-json\/wp\/v2\/product\/11811","targetHints":{"allow":["GET"]}}],"collection":[{"href":"https:\/\/idakorea.ee\/en\/wp-json\/wp\/v2\/product"}],"about":[{"href":"https:\/\/idakorea.ee\/en\/wp-json\/wp\/v2\/types\/product"}],"replies":[{"embeddable":true,"href":"https:\/\/idakorea.ee\/en\/wp-json\/wp\/v2\/comments?post=11811"}],"version-history":[{"count":2,"href":"https:\/\/idakorea.ee\/en\/wp-json\/wp\/v2\/product\/11811\/revisions"}],"predecessor-version":[{"id":11815,"href":"https:\/\/idakorea.ee\/en\/wp-json\/wp\/v2\/product\/11811\/revisions\/11815"}],"wp:featuredmedia":[{"embeddable":true,"href":"https:\/\/idakorea.ee\/en\/wp-json\/wp\/v2\/media\/11812"}],"wp:attachment":[{"href":"https:\/\/idakorea.ee\/en\/wp-json\/wp\/v2\/media?parent=11811"}],"wp:term":[{"taxonomy":"pwb-brand","embeddable":true,"href":"https:\/\/idakorea.ee\/en\/wp-json\/wp\/v2\/pwb-brand?post=11811"},{"taxonomy":"product_brand","embeddable":true,"href":"https:\/\/idakorea.ee\/en\/wp-json\/wp\/v2\/product_brand?post=11811"},{"taxonomy":"product_cat","embeddable":true,"href":"https:\/\/idakorea.ee\/en\/wp-json\/wp\/v2\/product_cat?post=11811"},{"taxonomy":"product_tag","embeddable":true,"href":"https:\/\/idakorea.ee\/en\/wp-json\/wp\/v2\/product_tag?post=11811"}],"curies":[{"name":"wp","href":"https:\/\/api.w.org\/{rel}","templated":true}]}}