{"id":11860,"date":"2024-12-18T16:31:39","date_gmt":"2024-12-18T14:31:39","guid":{"rendered":"https:\/\/idakorea.ee\/?post_type=product&#038;p=11860"},"modified":"2026-03-12T17:08:29","modified_gmt":"2026-03-12T15:08:29","slug":"medipeel-cica-cooling-calming-pad","status":"publish","type":"product","link":"https:\/\/idakorea.ee\/en\/product\/medipeel-cica-cooling-calming-pad\/","title":{"rendered":"MediPeel Cat Cooling Calming Pad, 50pcs, for calming and cooling the cat"},"content":{"rendered":"<p><strong>Cooling and soothing pillowcases from the popular Korean brand MediPeeL<\/strong> not only tone the skin and remove dead skin cells, but also gently care for the skin's moisture balance.<\/p>\n<p><strong>Key benefits:<\/strong><\/p>\n<ul>\n<li><strong>Intense calming effect<\/strong>: The pads contain 5 different ingredients with Asian water lily extract to help reduce irritation and soothe the skin, leaving it soft and smooth.<\/li>\n<li><strong>Strengthening the skin barrier<\/strong>: Panthenol protects sensitive skin with restorative and healing properties that make it more resistant to external aggressors.<\/li>\n<li><strong>Hypoallergenic material<\/strong>: Pillowcases are made from unbleached vegan Crocell fabric, which minimises skin irritation and provides ideal grip.<\/li>\n<li><strong>Natural and safe formulation<\/strong>: The product is certified vegan and has passed irritation tests, proving its safety for even the most sensitive skin.<\/li>\n<\/ul>\n<p><strong>Active ingredients:<\/strong><\/p>\n<ul>\n<li><strong>Lavender extract<\/strong>: Known for its soothing and antiseptic properties, it helps to reduce redness and irritation, providing a feeling of freshness and cleanliness. When used in the evening, it also promotes relaxation and improves sleep quality.<\/li>\n<li><strong>Green tea extract<\/strong>: Rich in antioxidants, especially catechins, which protect the skin from free radicals and prevent premature ageing. Has anti-inflammatory action and soothes acne-prone skin.<\/li>\n<li><strong>Asian water-lily extract (Centella asiatica)<\/strong>: A component with powerful regenerative properties that stimulates collagen production and strengthens the skin's protective barrier, making the skin more supple and youthful.<\/li>\n<li><strong>Hydrolysed collagen<\/strong>: Collagen broken down into smaller particles that are better absorbed and help reduce wrinkles and improve skin elasticity.<\/li>\n<li><strong>Peptides<\/strong>: Tiny protein fragments that help skin cells function properly. They stimulate the production of collagen and elastin, smooth wrinkles and firm the skin.<\/li>\n<li><strong>Glutamic acid<\/strong>: Amino acid that plays a role in cell metabolism and in maintaining the skin's moisture balance. Improves skin texture and brightens skin.<\/li>\n<li><strong>Pantenol<\/strong>: Vitamin B5 derivative, known for its moisturising and healing properties. It soothes irritated skin, heals minor blemishes and strengthens the skin's natural barrier.<\/li>\n<\/ul>\n<p>&nbsp;<\/p>\n<p><strong>Usage: <\/strong>After cleansing the face, gently wipe the skin with the pads or use them as a topical mask by placing the pads on the face for 5-10 minutes.<br \/>\nDon't wash off any residue of the essence - let it absorb into your skin with gentle patting motions and continue with your normal skincare routine.<\/p>\n<p>&nbsp;<\/p>","protected":false},"excerpt":{"rendered":"<p>Cooling and soothing pads from the popular Korean brand MediPeeL not only tone the skin and remove dead skin cells, but also gently care for the skin's moisture balance. Key benefits: The pads contain 5 different ingredients with Asian water baby extract to help reduce irritation and soothe the skin, making it soft and smooth. Intensifying the skin barrier: panthenol protects the delicate skin barrier and helps to soothe and soften the skin.<\/p>","protected":false},"featured_media":11858,"comment_status":"open","ping_status":"closed","template":"","meta":{"_uf_show_specific_survey":0,"_uf_disable_surveys":false,"_bst_post_transparent":"default","_bst_post_title":"","_bst_post_layout":"default","_bst_post_sidebar_id":"","_bst_post_content_style":"default","_bst_post_vertical_padding":"default","_bst_post_feature":"","_bst_post_feature_position":"","_bst_post_header":false,"_bst_post_footer":false},"pwb-brand":[107],"product_brand":[],"product_cat":[158],"product_tag":[756,202,381,221],"class_list":{"0":"post-11860","1":"product","2":"type-product","3":"status-publish","4":"has-post-thumbnail","6":"pwb-brand-medipeel","7":"product_cat-toonik","8":"product_tag-calming-pad","9":"product_tag-korea-kosmeetika","10":"product_tag-medipeel","11":"product_tag-tundlik-nahk","13":"first","14":"instock","15":"sale","16":"shipping-taxable","17":"purchasable","18":"product-type-simple","19":"entry","20":"content-bg","21":"loop-entry"},"supplier_id":null,"supplier_sku":"","barcode":null,"atum_controlled":true,"out_stock_date":null,"out_stock_threshold":null,"inheritable":false,"inbound_stock":0,"stock_on_hold":0,"sold_today":0,"sales_last_days":0,"out_stock_days":0,"lost_sales":0,"has_location":false,"update_date":"2026-04-14T00:05:08","atum_locations":[],"atum_stock_status":"instock","restock_status":false,"low_stock_amount":"","sales_update_date":"2026-04-14T00:05:08","calc_backorders":null,"yoast_head":"<!-- This site is optimized with the Yoast SEO plugin v27.2 - https:\/\/yoast.com\/product\/yoast-seo-wordpress\/ -->\n<title>Rahustavad ja jahutavad padjakesed MediPeel Cica Cooling Calming Pad, 50tk<\/title>\n<meta name=\"description\" content=\"Jahutavad ja rahustavad padjakesed populaarselt Korea br\u00e4ndilt MediPeeL hoolitsevad \u00f5rnalt naha niiskustasakaalu s\u00e4ilitamise eest. Kiire tarne!\" \/>\n<meta name=\"robots\" content=\"index, follow, max-snippet:-1, max-image-preview:large, max-video-preview:-1\" \/>\n<link rel=\"canonical\" href=\"https:\/\/idakorea.ee\/en\/product\/medipeel-cica-cooling-calming-pad\/\" \/>\n<meta property=\"og:locale\" content=\"en_US\" \/>\n<meta property=\"og:type\" content=\"article\" \/>\n<meta property=\"og:title\" content=\"Rahustavad ja jahutavad padjakesed MediPeel Cica Cooling Calming Pad, 50tk\" \/>\n<meta property=\"og:description\" content=\"Jahutavad ja rahustavad padjakesed populaarselt Korea br\u00e4ndilt MediPeeL hoolitsevad \u00f5rnalt naha niiskustasakaalu s\u00e4ilitamise eest. Kiire tarne!\" \/>\n<meta property=\"og:url\" content=\"https:\/\/idakorea.ee\/en\/product\/medipeel-cica-cooling-calming-pad\/\" \/>\n<meta property=\"og:site_name\" content=\"IDA.KOREA\" \/>\n<meta property=\"article:modified_time\" content=\"2026-03-12T15:08:29+00:00\" \/>\n<meta property=\"og:image\" content=\"https:\/\/idakorea.ee\/wp-content\/uploads\/2024\/12\/medipeel_500389-1.jpg\" \/>\n\t<meta property=\"og:image:width\" content=\"464\" \/>\n\t<meta property=\"og:image:height\" content=\"464\" \/>\n\t<meta property=\"og:image:type\" content=\"image\/jpeg\" \/>\n<meta name=\"twitter:card\" content=\"summary_large_image\" \/>\n<meta name=\"twitter:label1\" content=\"Est. reading time\" \/>\n\t<meta name=\"twitter:data1\" content=\"2 minutes\" \/>\n<script type=\"application\/ld+json\" class=\"yoast-schema-graph\">{\"@context\":\"https:\/\/schema.org\",\"@graph\":[{\"@type\":\"WebPage\",\"@id\":\"https:\/\/idakorea.ee\/product\/medipeel-cica-cooling-calming-pad\/\",\"url\":\"https:\/\/idakorea.ee\/product\/medipeel-cica-cooling-calming-pad\/\",\"name\":\"Rahustavad ja jahutavad padjakesed MediPeel Cica Cooling Calming Pad, 50tk\",\"isPartOf\":{\"@id\":\"https:\/\/idakorea.ee\/#website\"},\"primaryImageOfPage\":{\"@id\":\"https:\/\/idakorea.ee\/product\/medipeel-cica-cooling-calming-pad\/#primaryimage\"},\"image\":{\"@id\":\"https:\/\/idakorea.ee\/product\/medipeel-cica-cooling-calming-pad\/#primaryimage\"},\"thumbnailUrl\":\"https:\/\/idakorea.ee\/wp-content\/uploads\/2024\/12\/medipeel_500389-1.jpg\",\"datePublished\":\"2024-12-18T14:31:39+00:00\",\"dateModified\":\"2026-03-12T15:08:29+00:00\",\"description\":\"Jahutavad ja rahustavad padjakesed populaarselt Korea br\u00e4ndilt MediPeeL hoolitsevad \u00f5rnalt naha niiskustasakaalu s\u00e4ilitamise eest. Kiire tarne!\",\"breadcrumb\":{\"@id\":\"https:\/\/idakorea.ee\/product\/medipeel-cica-cooling-calming-pad\/#breadcrumb\"},\"inLanguage\":\"en-US\",\"potentialAction\":[{\"@type\":\"ReadAction\",\"target\":[\"https:\/\/idakorea.ee\/product\/medipeel-cica-cooling-calming-pad\/\"]}]},{\"@type\":\"ImageObject\",\"inLanguage\":\"en-US\",\"@id\":\"https:\/\/idakorea.ee\/product\/medipeel-cica-cooling-calming-pad\/#primaryimage\",\"url\":\"https:\/\/idakorea.ee\/wp-content\/uploads\/2024\/12\/medipeel_500389-1.jpg\",\"contentUrl\":\"https:\/\/idakorea.ee\/wp-content\/uploads\/2024\/12\/medipeel_500389-1.jpg\",\"width\":464,\"height\":464},{\"@type\":\"BreadcrumbList\",\"@id\":\"https:\/\/idakorea.ee\/product\/medipeel-cica-cooling-calming-pad\/#breadcrumb\",\"itemListElement\":[{\"@type\":\"ListItem\",\"position\":1,\"name\":\"\u0413\u043b\u0430\u0432\u043d\u0430\u044f \u0441\u0442\u0440\u0430\u043d\u0438\u0446\u0430\",\"item\":\"https:\/\/idakorea.ee\/\"},{\"@type\":\"ListItem\",\"position\":2,\"name\":\"Shop\",\"item\":\"https:\/\/idakorea.ee\/shop-2\/\"},{\"@type\":\"ListItem\",\"position\":3,\"name\":\"Rahustavad ja jahutavad padjakesed MediPeel Cica Cooling Calming Pad, 50tk\"}]},{\"@type\":\"WebSite\",\"@id\":\"https:\/\/idakorea.ee\/#website\",\"url\":\"https:\/\/idakorea.ee\/\",\"name\":\"IDA.KOREA\",\"description\":\"Korea kosmeetika e-pood\",\"publisher\":{\"@id\":\"https:\/\/idakorea.ee\/#organization\"},\"alternateName\":\"Beauty Shop\",\"potentialAction\":[{\"@type\":\"SearchAction\",\"target\":{\"@type\":\"EntryPoint\",\"urlTemplate\":\"https:\/\/idakorea.ee\/?s={search_term_string}\"},\"query-input\":{\"@type\":\"PropertyValueSpecification\",\"valueRequired\":true,\"valueName\":\"search_term_string\"}}],\"inLanguage\":\"en-US\"},{\"@type\":\"Organization\",\"@id\":\"https:\/\/idakorea.ee\/#organization\",\"name\":\"IDA.KOREA\",\"url\":\"https:\/\/idakorea.ee\/\",\"logo\":{\"@type\":\"ImageObject\",\"inLanguage\":\"en-US\",\"@id\":\"https:\/\/idakorea.ee\/#\/schema\/logo\/image\/\",\"url\":\"https:\/\/idakorea.ee\/wp-content\/uploads\/2024\/05\/cropped-korea3.png\",\"contentUrl\":\"https:\/\/idakorea.ee\/wp-content\/uploads\/2024\/05\/cropped-korea3.png\",\"width\":688,\"height\":126,\"caption\":\"IDA.KOREA\"},\"image\":{\"@id\":\"https:\/\/idakorea.ee\/#\/schema\/logo\/image\/\"},\"sameAs\":[\"https:\/\/www.instagram.com\/ida.korea\/\"]}]}<\/script>\n<!-- \/ Yoast SEO plugin. -->","yoast_head_json":{"title":"MediPeel Cat Cooling Calming Pad, 50pcs, for calming and cooling the cat","description":"Cooling and soothing pads from the popular Korean brand MediPeeL gently care for the skin's moisture balance. Fast delivery!","robots":{"index":"index","follow":"follow","max-snippet":"max-snippet:-1","max-image-preview":"max-image-preview:large","max-video-preview":"max-video-preview:-1"},"canonical":"https:\/\/idakorea.ee\/en\/product\/medipeel-cica-cooling-calming-pad\/","og_locale":"en_US","og_type":"article","og_title":"Rahustavad ja jahutavad padjakesed MediPeel Cica Cooling Calming Pad, 50tk","og_description":"Jahutavad ja rahustavad padjakesed populaarselt Korea br\u00e4ndilt MediPeeL hoolitsevad \u00f5rnalt naha niiskustasakaalu s\u00e4ilitamise eest. Kiire tarne!","og_url":"https:\/\/idakorea.ee\/en\/product\/medipeel-cica-cooling-calming-pad\/","og_site_name":"IDA.KOREA","article_modified_time":"2026-03-12T15:08:29+00:00","og_image":[{"width":464,"height":464,"url":"https:\/\/idakorea.ee\/wp-content\/uploads\/2024\/12\/medipeel_500389-1.jpg","type":"image\/jpeg"}],"twitter_card":"summary_large_image","twitter_misc":{"Est. reading time":"2 minutes"},"schema":{"@context":"https:\/\/schema.org","@graph":[{"@type":"WebPage","@id":"https:\/\/idakorea.ee\/product\/medipeel-cica-cooling-calming-pad\/","url":"https:\/\/idakorea.ee\/product\/medipeel-cica-cooling-calming-pad\/","name":"MediPeel Cat Cooling Calming Pad, 50pcs, for calming and cooling the cat","isPartOf":{"@id":"https:\/\/idakorea.ee\/#website"},"primaryImageOfPage":{"@id":"https:\/\/idakorea.ee\/product\/medipeel-cica-cooling-calming-pad\/#primaryimage"},"image":{"@id":"https:\/\/idakorea.ee\/product\/medipeel-cica-cooling-calming-pad\/#primaryimage"},"thumbnailUrl":"https:\/\/idakorea.ee\/wp-content\/uploads\/2024\/12\/medipeel_500389-1.jpg","datePublished":"2024-12-18T14:31:39+00:00","dateModified":"2026-03-12T15:08:29+00:00","description":"Cooling and soothing pads from the popular Korean brand MediPeeL gently care for the skin's moisture balance. Fast delivery!","breadcrumb":{"@id":"https:\/\/idakorea.ee\/product\/medipeel-cica-cooling-calming-pad\/#breadcrumb"},"inLanguage":"en-US","potentialAction":[{"@type":"ReadAction","target":["https:\/\/idakorea.ee\/product\/medipeel-cica-cooling-calming-pad\/"]}]},{"@type":"ImageObject","inLanguage":"en-US","@id":"https:\/\/idakorea.ee\/product\/medipeel-cica-cooling-calming-pad\/#primaryimage","url":"https:\/\/idakorea.ee\/wp-content\/uploads\/2024\/12\/medipeel_500389-1.jpg","contentUrl":"https:\/\/idakorea.ee\/wp-content\/uploads\/2024\/12\/medipeel_500389-1.jpg","width":464,"height":464},{"@type":"BreadcrumbList","@id":"https:\/\/idakorea.ee\/product\/medipeel-cica-cooling-calming-pad\/#breadcrumb","itemListElement":[{"@type":"ListItem","position":1,"name":"\u0413\u043b\u0430\u0432\u043d\u0430\u044f \u0441\u0442\u0440\u0430\u043d\u0438\u0446\u0430","item":"https:\/\/idakorea.ee\/"},{"@type":"ListItem","position":2,"name":"Shop","item":"https:\/\/idakorea.ee\/shop-2\/"},{"@type":"ListItem","position":3,"name":"Rahustavad ja jahutavad padjakesed MediPeel Cica Cooling Calming Pad, 50tk"}]},{"@type":"WebSite","@id":"https:\/\/idakorea.ee\/#website","url":"https:\/\/idakorea.ee\/","name":"IDA.KOREA","description":"Korean cosmetics e-shop","publisher":{"@id":"https:\/\/idakorea.ee\/#organization"},"alternateName":"Beauty Shop","potentialAction":[{"@type":"SearchAction","target":{"@type":"EntryPoint","urlTemplate":"https:\/\/idakorea.ee\/?s={search_term_string}"},"query-input":{"@type":"PropertyValueSpecification","valueRequired":true,"valueName":"search_term_string"}}],"inLanguage":"en-US"},{"@type":"Organization","@id":"https:\/\/idakorea.ee\/#organization","name":"IDA.KOREA","url":"https:\/\/idakorea.ee\/","logo":{"@type":"ImageObject","inLanguage":"en-US","@id":"https:\/\/idakorea.ee\/#\/schema\/logo\/image\/","url":"https:\/\/idakorea.ee\/wp-content\/uploads\/2024\/05\/cropped-korea3.png","contentUrl":"https:\/\/idakorea.ee\/wp-content\/uploads\/2024\/05\/cropped-korea3.png","width":688,"height":126,"caption":"IDA.KOREA"},"image":{"@id":"https:\/\/idakorea.ee\/#\/schema\/logo\/image\/"},"sameAs":["https:\/\/www.instagram.com\/ida.korea\/"]}]}},"jetpack_sharing_enabled":true,"brands":[{"id":107,"name":"MEDIPEEL+","slug":"medipeel"}],"_links":{"self":[{"href":"https:\/\/idakorea.ee\/en\/wp-json\/wp\/v2\/product\/11860","targetHints":{"allow":["GET"]}}],"collection":[{"href":"https:\/\/idakorea.ee\/en\/wp-json\/wp\/v2\/product"}],"about":[{"href":"https:\/\/idakorea.ee\/en\/wp-json\/wp\/v2\/types\/product"}],"replies":[{"embeddable":true,"href":"https:\/\/idakorea.ee\/en\/wp-json\/wp\/v2\/comments?post=11860"}],"version-history":[{"count":3,"href":"https:\/\/idakorea.ee\/en\/wp-json\/wp\/v2\/product\/11860\/revisions"}],"predecessor-version":[{"id":13642,"href":"https:\/\/idakorea.ee\/en\/wp-json\/wp\/v2\/product\/11860\/revisions\/13642"}],"wp:featuredmedia":[{"embeddable":true,"href":"https:\/\/idakorea.ee\/en\/wp-json\/wp\/v2\/media\/11858"}],"wp:attachment":[{"href":"https:\/\/idakorea.ee\/en\/wp-json\/wp\/v2\/media?parent=11860"}],"wp:term":[{"taxonomy":"pwb-brand","embeddable":true,"href":"https:\/\/idakorea.ee\/en\/wp-json\/wp\/v2\/pwb-brand?post=11860"},{"taxonomy":"product_brand","embeddable":true,"href":"https:\/\/idakorea.ee\/en\/wp-json\/wp\/v2\/product_brand?post=11860"},{"taxonomy":"product_cat","embeddable":true,"href":"https:\/\/idakorea.ee\/en\/wp-json\/wp\/v2\/product_cat?post=11860"},{"taxonomy":"product_tag","embeddable":true,"href":"https:\/\/idakorea.ee\/en\/wp-json\/wp\/v2\/product_tag?post=11860"}],"curies":[{"name":"wp","href":"https:\/\/api.w.org\/{rel}","templated":true}]}}