{"id":11877,"date":"2024-12-21T10:10:52","date_gmt":"2024-12-21T08:10:52","guid":{"rendered":"https:\/\/idakorea.ee\/?post_type=product&#038;p=11877"},"modified":"2026-04-08T20:18:35","modified_gmt":"2026-04-08T18:18:35","slug":"premium-minikomplekt-the-history-of-whoo-gongjinhyang-special-gift-set","status":"publish","type":"product","link":"https:\/\/idakorea.ee\/en\/product\/premium-minikomplekt-the-history-of-whoo-gongjinhyang-special-gift-set\/","title":{"rendered":"Premium mini set The History of Whoo Gongjinhyang Special Gift Set"},"content":{"rendered":"<p><strong>The History of Whoo Gongjinhyang 3 Special Gift Set<\/strong> - a premium facial care kit specially designed for mature skin. The kit has a pronounced antioxidant action: it restores damaged epidermal cells, reduces the depth of wrinkles and skin blemishes.<\/p>\n<p>The key ingredient in this range is natural ginseng extract, which helps to fight premature ageing, give skin a healthy appearance, improve tone, smooth the complexion and actively nourish and moisturise.<\/p>\n<p>Unique patented ingredient <strong>\"GongJinHyang\"<\/strong>, composed of herbal blends prepared according to an ancient imperial recipe, strengthens the skin's regenerative functions, rejuvenates and maintains skin elasticity.<\/p>\n<p>The kit contains three products:<\/p>\n<ul>\n<li><strong>Gongjinhyang Essential Moisturizing Balancer (20 ml)<\/strong> - moisturising toner. Soothes irritated skin, eliminates dryness and restores optimal moisture levels.<\/li>\n<li><strong>Gongjinhyang Intensive Nourishing Emulsion (20 ml)<\/strong> - nourishing emulsion. Intensively nourishes and restores dry skin, improves skin elasticity and strengthens skin structure.<\/li>\n<li><strong>Gongjinhyang Intensive Nutritive Cream (4 ml)<\/strong> - high nutritional value cream. Provides elasticity and firmness to the skin, improves tone and strengthens epidermal immunity. Moisturises and nourishes the skin, prevents premature ageing and fights against fine lines.<\/li>\n<\/ul>","protected":false},"excerpt":{"rendered":"<p>The History of Whoo Gongjinhyang 3 Special Gift Set - a premium facial treatment set specially designed for mature skin. The set has a pronounced antioxidant effect: it regenerates damaged epidermal cells, reduces the depth of wrinkles and skin blemishes. The main ingredient of this range is the natural ginseng extract, which helps to fight premature ageing processes, gives the skin a healthy appearance, improves tone,...<\/p>","protected":false},"featured_media":11881,"comment_status":"open","ping_status":"closed","template":"","meta":{"_uf_show_specific_survey":0,"_uf_disable_surveys":false,"_bst_post_transparent":"default","_bst_post_title":"","_bst_post_layout":"default","_bst_post_sidebar_id":"","_bst_post_content_style":"default","_bst_post_vertical_padding":"default","_bst_post_feature":"","_bst_post_feature_position":"","_bst_post_header":false,"_bst_post_footer":false},"pwb-brand":[494],"product_brand":[],"product_cat":[95],"product_tag":[202,757,758,555],"class_list":{"0":"post-11877","1":"product","2":"type-product","3":"status-publish","4":"has-post-thumbnail","6":"pwb-brand-the-history-of-whoo","7":"product_cat-komplektid","8":"product_tag-korea-kosmeetika","9":"product_tag-lux-korea","10":"product_tag-premium-korea","11":"product_tag-the-history-of-whoo","13":"first","14":"instock","15":"sale","16":"shipping-taxable","17":"purchasable","18":"product-type-simple","19":"entry","20":"content-bg","21":"loop-entry"},"supplier_id":null,"supplier_sku":"","barcode":null,"atum_controlled":true,"out_stock_date":null,"out_stock_threshold":null,"inheritable":false,"inbound_stock":0,"stock_on_hold":0,"sold_today":0,"sales_last_days":3,"out_stock_days":0,"lost_sales":0,"has_location":false,"update_date":"2026-04-14T00:05:04","atum_locations":[],"atum_stock_status":"instock","restock_status":false,"low_stock_amount":"","sales_update_date":"2026-04-14T00:05:04","calc_backorders":null,"yoast_head":"<!-- This site is optimized with the Yoast SEO plugin v27.2 - https:\/\/yoast.com\/product\/yoast-seo-wordpress\/ -->\n<title>Premium minikomplekt The History of Whoo Gongjinhyang Special Gift Set - IDA.KOREA<\/title>\n<meta name=\"robots\" content=\"index, follow, max-snippet:-1, max-image-preview:large, max-video-preview:-1\" \/>\n<link rel=\"canonical\" href=\"https:\/\/idakorea.ee\/en\/product\/premium-minikomplekt-the-history-of-whoo-gongjinhyang-special-gift-set\/\" \/>\n<meta property=\"og:locale\" content=\"en_US\" \/>\n<meta property=\"og:type\" content=\"article\" \/>\n<meta property=\"og:title\" content=\"Premium minikomplekt The History of Whoo Gongjinhyang Special Gift Set - IDA.KOREA\" \/>\n<meta property=\"og:description\" content=\"The History of Whoo Gongjinhyang 3 Special Gift Set \u2013 premium komplekt n\u00e4ohoolduse jaoks, mis on spetsiaalselt loodud k\u00fcpsele nahale. Komplektil on v\u00e4ljendunud antioks\u00fcdantne toime: see taastab kahjustatud epidermise rakke, v\u00e4hendab kortsude ja nahavoltide s\u00fcgavust. Selle sarja peamine koostisosa on loodusliku \u017een\u0161enni ekstrakt, mis aitab v\u00f5idelda enneaegse vananemise protsessidega, annab nahale terve v\u00e4limuse, parandab toonust,...\" \/>\n<meta property=\"og:url\" content=\"https:\/\/idakorea.ee\/en\/product\/premium-minikomplekt-the-history-of-whoo-gongjinhyang-special-gift-set\/\" \/>\n<meta property=\"og:site_name\" content=\"IDA.KOREA\" \/>\n<meta property=\"article:modified_time\" content=\"2026-04-08T18:18:35+00:00\" \/>\n<meta property=\"og:image\" content=\"https:\/\/idakorea.ee\/wp-content\/uploads\/2024\/12\/sfsd-dsd-1.jpg\" \/>\n\t<meta property=\"og:image:width\" content=\"800\" \/>\n\t<meta property=\"og:image:height\" content=\"800\" \/>\n\t<meta property=\"og:image:type\" content=\"image\/jpeg\" \/>\n<meta name=\"twitter:card\" content=\"summary_large_image\" \/>\n<meta name=\"twitter:label1\" content=\"Est. reading time\" \/>\n\t<meta name=\"twitter:data1\" content=\"2 minutes\" \/>\n<script type=\"application\/ld+json\" class=\"yoast-schema-graph\">{\"@context\":\"https:\/\/schema.org\",\"@graph\":[{\"@type\":\"WebPage\",\"@id\":\"https:\/\/idakorea.ee\/product\/premium-minikomplekt-the-history-of-whoo-gongjinhyang-special-gift-set\/\",\"url\":\"https:\/\/idakorea.ee\/product\/premium-minikomplekt-the-history-of-whoo-gongjinhyang-special-gift-set\/\",\"name\":\"Premium minikomplekt The History of Whoo Gongjinhyang Special Gift Set - IDA.KOREA\",\"isPartOf\":{\"@id\":\"https:\/\/idakorea.ee\/#website\"},\"primaryImageOfPage\":{\"@id\":\"https:\/\/idakorea.ee\/product\/premium-minikomplekt-the-history-of-whoo-gongjinhyang-special-gift-set\/#primaryimage\"},\"image\":{\"@id\":\"https:\/\/idakorea.ee\/product\/premium-minikomplekt-the-history-of-whoo-gongjinhyang-special-gift-set\/#primaryimage\"},\"thumbnailUrl\":\"https:\/\/idakorea.ee\/wp-content\/uploads\/2024\/12\/sfsd-dsd-1.jpg\",\"datePublished\":\"2024-12-21T08:10:52+00:00\",\"dateModified\":\"2026-04-08T18:18:35+00:00\",\"breadcrumb\":{\"@id\":\"https:\/\/idakorea.ee\/product\/premium-minikomplekt-the-history-of-whoo-gongjinhyang-special-gift-set\/#breadcrumb\"},\"inLanguage\":\"en-US\",\"potentialAction\":[{\"@type\":\"ReadAction\",\"target\":[\"https:\/\/idakorea.ee\/product\/premium-minikomplekt-the-history-of-whoo-gongjinhyang-special-gift-set\/\"]}]},{\"@type\":\"ImageObject\",\"inLanguage\":\"en-US\",\"@id\":\"https:\/\/idakorea.ee\/product\/premium-minikomplekt-the-history-of-whoo-gongjinhyang-special-gift-set\/#primaryimage\",\"url\":\"https:\/\/idakorea.ee\/wp-content\/uploads\/2024\/12\/sfsd-dsd-1.jpg\",\"contentUrl\":\"https:\/\/idakorea.ee\/wp-content\/uploads\/2024\/12\/sfsd-dsd-1.jpg\",\"width\":800,\"height\":800},{\"@type\":\"BreadcrumbList\",\"@id\":\"https:\/\/idakorea.ee\/product\/premium-minikomplekt-the-history-of-whoo-gongjinhyang-special-gift-set\/#breadcrumb\",\"itemListElement\":[{\"@type\":\"ListItem\",\"position\":1,\"name\":\"\u0413\u043b\u0430\u0432\u043d\u0430\u044f \u0441\u0442\u0440\u0430\u043d\u0438\u0446\u0430\",\"item\":\"https:\/\/idakorea.ee\/\"},{\"@type\":\"ListItem\",\"position\":2,\"name\":\"Shop\",\"item\":\"https:\/\/idakorea.ee\/shop-2\/\"},{\"@type\":\"ListItem\",\"position\":3,\"name\":\"Premium minikomplekt The History of Whoo Gongjinhyang Special Gift Set\"}]},{\"@type\":\"WebSite\",\"@id\":\"https:\/\/idakorea.ee\/#website\",\"url\":\"https:\/\/idakorea.ee\/\",\"name\":\"IDA.KOREA\",\"description\":\"Korea kosmeetika e-pood\",\"publisher\":{\"@id\":\"https:\/\/idakorea.ee\/#organization\"},\"alternateName\":\"Beauty Shop\",\"potentialAction\":[{\"@type\":\"SearchAction\",\"target\":{\"@type\":\"EntryPoint\",\"urlTemplate\":\"https:\/\/idakorea.ee\/?s={search_term_string}\"},\"query-input\":{\"@type\":\"PropertyValueSpecification\",\"valueRequired\":true,\"valueName\":\"search_term_string\"}}],\"inLanguage\":\"en-US\"},{\"@type\":\"Organization\",\"@id\":\"https:\/\/idakorea.ee\/#organization\",\"name\":\"IDA.KOREA\",\"url\":\"https:\/\/idakorea.ee\/\",\"logo\":{\"@type\":\"ImageObject\",\"inLanguage\":\"en-US\",\"@id\":\"https:\/\/idakorea.ee\/#\/schema\/logo\/image\/\",\"url\":\"https:\/\/idakorea.ee\/wp-content\/uploads\/2024\/05\/cropped-korea3.png\",\"contentUrl\":\"https:\/\/idakorea.ee\/wp-content\/uploads\/2024\/05\/cropped-korea3.png\",\"width\":688,\"height\":126,\"caption\":\"IDA.KOREA\"},\"image\":{\"@id\":\"https:\/\/idakorea.ee\/#\/schema\/logo\/image\/\"},\"sameAs\":[\"https:\/\/www.instagram.com\/ida.korea\/\"]}]}<\/script>\n<!-- \/ Yoast SEO plugin. -->","yoast_head_json":{"title":"Premium mini set The History of Whoo Gongjinhyang Special Gift Set - IDA.KOREA","robots":{"index":"index","follow":"follow","max-snippet":"max-snippet:-1","max-image-preview":"max-image-preview:large","max-video-preview":"max-video-preview:-1"},"canonical":"https:\/\/idakorea.ee\/en\/product\/premium-minikomplekt-the-history-of-whoo-gongjinhyang-special-gift-set\/","og_locale":"en_US","og_type":"article","og_title":"Premium minikomplekt The History of Whoo Gongjinhyang Special Gift Set - IDA.KOREA","og_description":"The History of Whoo Gongjinhyang 3 Special Gift Set \u2013 premium komplekt n\u00e4ohoolduse jaoks, mis on spetsiaalselt loodud k\u00fcpsele nahale. Komplektil on v\u00e4ljendunud antioks\u00fcdantne toime: see taastab kahjustatud epidermise rakke, v\u00e4hendab kortsude ja nahavoltide s\u00fcgavust. Selle sarja peamine koostisosa on loodusliku \u017een\u0161enni ekstrakt, mis aitab v\u00f5idelda enneaegse vananemise protsessidega, annab nahale terve v\u00e4limuse, parandab toonust,...","og_url":"https:\/\/idakorea.ee\/en\/product\/premium-minikomplekt-the-history-of-whoo-gongjinhyang-special-gift-set\/","og_site_name":"IDA.KOREA","article_modified_time":"2026-04-08T18:18:35+00:00","og_image":[{"width":800,"height":800,"url":"https:\/\/idakorea.ee\/wp-content\/uploads\/2024\/12\/sfsd-dsd-1.jpg","type":"image\/jpeg"}],"twitter_card":"summary_large_image","twitter_misc":{"Est. reading time":"2 minutes"},"schema":{"@context":"https:\/\/schema.org","@graph":[{"@type":"WebPage","@id":"https:\/\/idakorea.ee\/product\/premium-minikomplekt-the-history-of-whoo-gongjinhyang-special-gift-set\/","url":"https:\/\/idakorea.ee\/product\/premium-minikomplekt-the-history-of-whoo-gongjinhyang-special-gift-set\/","name":"Premium mini set The History of Whoo Gongjinhyang Special Gift Set - IDA.KOREA","isPartOf":{"@id":"https:\/\/idakorea.ee\/#website"},"primaryImageOfPage":{"@id":"https:\/\/idakorea.ee\/product\/premium-minikomplekt-the-history-of-whoo-gongjinhyang-special-gift-set\/#primaryimage"},"image":{"@id":"https:\/\/idakorea.ee\/product\/premium-minikomplekt-the-history-of-whoo-gongjinhyang-special-gift-set\/#primaryimage"},"thumbnailUrl":"https:\/\/idakorea.ee\/wp-content\/uploads\/2024\/12\/sfsd-dsd-1.jpg","datePublished":"2024-12-21T08:10:52+00:00","dateModified":"2026-04-08T18:18:35+00:00","breadcrumb":{"@id":"https:\/\/idakorea.ee\/product\/premium-minikomplekt-the-history-of-whoo-gongjinhyang-special-gift-set\/#breadcrumb"},"inLanguage":"en-US","potentialAction":[{"@type":"ReadAction","target":["https:\/\/idakorea.ee\/product\/premium-minikomplekt-the-history-of-whoo-gongjinhyang-special-gift-set\/"]}]},{"@type":"ImageObject","inLanguage":"en-US","@id":"https:\/\/idakorea.ee\/product\/premium-minikomplekt-the-history-of-whoo-gongjinhyang-special-gift-set\/#primaryimage","url":"https:\/\/idakorea.ee\/wp-content\/uploads\/2024\/12\/sfsd-dsd-1.jpg","contentUrl":"https:\/\/idakorea.ee\/wp-content\/uploads\/2024\/12\/sfsd-dsd-1.jpg","width":800,"height":800},{"@type":"BreadcrumbList","@id":"https:\/\/idakorea.ee\/product\/premium-minikomplekt-the-history-of-whoo-gongjinhyang-special-gift-set\/#breadcrumb","itemListElement":[{"@type":"ListItem","position":1,"name":"\u0413\u043b\u0430\u0432\u043d\u0430\u044f \u0441\u0442\u0440\u0430\u043d\u0438\u0446\u0430","item":"https:\/\/idakorea.ee\/"},{"@type":"ListItem","position":2,"name":"Shop","item":"https:\/\/idakorea.ee\/shop-2\/"},{"@type":"ListItem","position":3,"name":"Premium minikomplekt The History of Whoo Gongjinhyang Special Gift Set"}]},{"@type":"WebSite","@id":"https:\/\/idakorea.ee\/#website","url":"https:\/\/idakorea.ee\/","name":"IDA.KOREA","description":"Korean cosmetics e-shop","publisher":{"@id":"https:\/\/idakorea.ee\/#organization"},"alternateName":"Beauty Shop","potentialAction":[{"@type":"SearchAction","target":{"@type":"EntryPoint","urlTemplate":"https:\/\/idakorea.ee\/?s={search_term_string}"},"query-input":{"@type":"PropertyValueSpecification","valueRequired":true,"valueName":"search_term_string"}}],"inLanguage":"en-US"},{"@type":"Organization","@id":"https:\/\/idakorea.ee\/#organization","name":"IDA.KOREA","url":"https:\/\/idakorea.ee\/","logo":{"@type":"ImageObject","inLanguage":"en-US","@id":"https:\/\/idakorea.ee\/#\/schema\/logo\/image\/","url":"https:\/\/idakorea.ee\/wp-content\/uploads\/2024\/05\/cropped-korea3.png","contentUrl":"https:\/\/idakorea.ee\/wp-content\/uploads\/2024\/05\/cropped-korea3.png","width":688,"height":126,"caption":"IDA.KOREA"},"image":{"@id":"https:\/\/idakorea.ee\/#\/schema\/logo\/image\/"},"sameAs":["https:\/\/www.instagram.com\/ida.korea\/"]}]}},"jetpack_sharing_enabled":true,"brands":[{"id":494,"name":"THE HISTORY OF WHOO","slug":"the-history-of-whoo"}],"_links":{"self":[{"href":"https:\/\/idakorea.ee\/en\/wp-json\/wp\/v2\/product\/11877","targetHints":{"allow":["GET"]}}],"collection":[{"href":"https:\/\/idakorea.ee\/en\/wp-json\/wp\/v2\/product"}],"about":[{"href":"https:\/\/idakorea.ee\/en\/wp-json\/wp\/v2\/types\/product"}],"replies":[{"embeddable":true,"href":"https:\/\/idakorea.ee\/en\/wp-json\/wp\/v2\/comments?post=11877"}],"version-history":[{"count":1,"href":"https:\/\/idakorea.ee\/en\/wp-json\/wp\/v2\/product\/11877\/revisions"}],"predecessor-version":[{"id":11882,"href":"https:\/\/idakorea.ee\/en\/wp-json\/wp\/v2\/product\/11877\/revisions\/11882"}],"wp:featuredmedia":[{"embeddable":true,"href":"https:\/\/idakorea.ee\/en\/wp-json\/wp\/v2\/media\/11881"}],"wp:attachment":[{"href":"https:\/\/idakorea.ee\/en\/wp-json\/wp\/v2\/media?parent=11877"}],"wp:term":[{"taxonomy":"pwb-brand","embeddable":true,"href":"https:\/\/idakorea.ee\/en\/wp-json\/wp\/v2\/pwb-brand?post=11877"},{"taxonomy":"product_brand","embeddable":true,"href":"https:\/\/idakorea.ee\/en\/wp-json\/wp\/v2\/product_brand?post=11877"},{"taxonomy":"product_cat","embeddable":true,"href":"https:\/\/idakorea.ee\/en\/wp-json\/wp\/v2\/product_cat?post=11877"},{"taxonomy":"product_tag","embeddable":true,"href":"https:\/\/idakorea.ee\/en\/wp-json\/wp\/v2\/product_tag?post=11877"}],"curies":[{"name":"wp","href":"https:\/\/api.w.org\/{rel}","templated":true}]}}