{"id":11989,"date":"2024-12-24T08:20:49","date_gmt":"2024-12-24T06:20:49","guid":{"rendered":"https:\/\/idakorea.ee\/?post_type=product&#038;p=11989"},"modified":"2026-01-30T15:22:28","modified_gmt":"2026-01-30T13:22:28","slug":"seerum-missha-time-revolution-night-repair-ampoule-5x-50-ml","status":"publish","type":"product","link":"https:\/\/idakorea.ee\/en\/product\/seerum-missha-time-revolution-night-repair-ampoule-5x-50-ml\/","title":{"rendered":"Serum Missha Time Revolution Night Repair Ampoule 5X, 50 ml"},"content":{"rendered":"<p><strong>Missha Time Revolution Night Repair Ampoule 5X <\/strong>night regenerating probiotic serum has a strong rejuvenating effect, tightens facial contours, firms skin tone, increases tissue elasticity and slows down the skin ageing process.<\/p>\n<p>The highly concentrated serum acts on the deep layers of the skin, smoothing fine wrinkles, reducing the appearance of deep wrinkles, firming and smoothing the surface of the skin. Intensively moisturises the skin and restores epidermal moisture balance, gently lightens pigmentation and improves overall skin tone. Accelerates regeneration and renewal processes, boosts skin immunity and tone.<\/p>\n<p><strong>Effects of EXTREME BIOME Complex (77,2%) on the skin<\/strong> results in deep hydration, strengthening, brightening, elasticity and radiance. The Probiotic Serum contains 50% more bifida enzymes and the patented component PRO FERMENT \u0410. It has a multifunctional action - smoothes wrinkles, moisturizes, increases elasticity, slows down the aging process. Exfoliates and resurfaces the skin. Special manufacturing technology allows the active ingredients to be delivered to the deeper layers of the skin, rejuvenating and regenerating the skin at the cellular level.<\/p>\n<p><strong>Main active ingredients:<\/strong><\/p>\n<ul>\n<li><strong>10 types of probiotic complex<\/strong> - has powerful restorative, reparative and protective properties. Stimulates the proliferation of fibroblasts, the main elements of connective tissue. This property explains the serum's excellent ability to smooth wrinkles and make skin smooth and even.<\/li>\n<li><strong>Bifidobacterial lysates<\/strong> - ensure deep skin biodetoxification, have a pronounced rejuvenating and firming effect, stimulate regeneration processes, normalize the skin's moisture balance, restore cellular immunity and slow down the ageing process. Deep hydration, reduction of swelling, improvement of microcirculation and activation of collagen and elastin synthesis.<\/li>\n<li><strong>Purple carrot extract<\/strong> - antiseptic and powerful antioxidant, actively fights ageing, smoothes fine wrinkles, restores skin radiance and tone.<\/li>\n<li><strong>Eggplant extract<\/strong> - deeply moisturises the skin and enriches it with beneficial microelements. Treats acne and other inflammations, lightens pigmentation and post acne. Perfectly tones the skin.<\/li>\n<li class=\"translation-block\"><strong>Peach extract<\/strong> - an excellent antioxidant, improves complexion, tones, soothes irritation and inflammation and restores skin.<\/li>\n<li><strong>Blueberry extract<\/strong> - with antioxidant, emollient and rejuvenating properties. Gently moisturises, reduces sensitivity, nourishes and refreshes. Brightens and evens skin tone.<\/li>\n<li><strong>Niacinamide<\/strong> - Stimulates collagen synthesis and improves the skin's protective functions, reduces transepidermal moisture loss, helps reduce pigmentation, softens, increases skin elasticity, moisturises, tightens pores, soothes and brightens.<\/li>\n<li><strong>Cocoa bean extract<\/strong> - an indispensable antioxidant that fights skin ageing and protects it from moisture loss. Rich in beneficial trace elements and vitamins to help restore, firm and moisturise the skin.<\/li>\n<li><strong>Adenos<\/strong> - a powerful rejuvenating ingredient that tightens the skin, increases collagen production, reduces the number of wrinkles and slows down the ageing process.<\/li>\n<\/ul>\n<h3><\/h3>\n<p>Recommended for mature skin. Cosmetics with peptides are not recommended for use during pregnancy and breastfeeding.<\/p>\n<h3><span style=\"font-family: Jost, sans-serif; font-size: 16px;\">Suitable for daily use, regardless of skin type.<\/span><\/h3>\n<p>&nbsp;<\/p>\n<p><strong>User manual: <\/strong>Apply the required amount of serum to the skin after using the toner. The manufacturer recommends to use the product after the renewing essence.<\/p>","protected":false},"excerpt":{"rendered":"<p>Missha Time Revolution Night Repair Ampoule 5X Night Restorative Probiotic Serum has a strong rejuvenating effect, tightens facial contours, firms skin tone, increases tissue elasticity and slows down the skin's ageing process. The highly concentrated serum acts on the deep layers of the skin, smoothing fine lines, reducing the appearance of deep wrinkles, firming and smoothing the surface of the skin. Intensively moisturises the skin and restores the epidermal moisture balance, gently lightens pigmentation and...<\/p>","protected":false},"featured_media":11997,"comment_status":"open","ping_status":"closed","template":"","meta":{"_uf_show_specific_survey":0,"_uf_disable_surveys":false,"_bst_post_transparent":"default","_bst_post_title":"","_bst_post_layout":"default","_bst_post_sidebar_id":"","_bst_post_content_style":"default","_bst_post_vertical_padding":"default","_bst_post_feature":"","_bst_post_feature_position":"","_bst_post_header":false,"_bst_post_footer":false},"pwb-brand":[631],"product_brand":[],"product_cat":[92,97],"product_tag":[202,632,767],"class_list":{"0":"post-11989","1":"product","2":"type-product","3":"status-publish","4":"has-post-thumbnail","6":"pwb-brand-missha","7":"product_cat-nagu","8":"product_cat-naoseerumid-ja-olid","9":"product_tag-korea-kosmeetika","10":"product_tag-missha","11":"product_tag-repair-ampoule","13":"first","14":"instock","15":"sale","16":"shipping-taxable","17":"purchasable","18":"product-type-simple","19":"entry","20":"content-bg","21":"loop-entry"},"supplier_id":null,"supplier_sku":"","barcode":null,"atum_controlled":true,"out_stock_date":null,"out_stock_threshold":null,"inheritable":false,"inbound_stock":0,"stock_on_hold":0,"sold_today":0,"sales_last_days":0,"out_stock_days":0,"lost_sales":0,"has_location":false,"update_date":"2026-04-14T00:05:03","atum_locations":[],"atum_stock_status":"instock","restock_status":false,"low_stock_amount":"","sales_update_date":"2026-04-14T00:05:03","calc_backorders":null,"yoast_head":"<!-- This site is optimized with the Yoast SEO plugin v27.2 - https:\/\/yoast.com\/product\/yoast-seo-wordpress\/ -->\n<title>Seerum Missha Time Revolution Night Repair Ampoule 5X, 50 ml - IDA.KOREA<\/title>\n<meta name=\"robots\" content=\"index, follow, max-snippet:-1, max-image-preview:large, max-video-preview:-1\" \/>\n<link rel=\"canonical\" href=\"https:\/\/idakorea.ee\/en\/product\/seerum-missha-time-revolution-night-repair-ampoule-5x-50-ml\/\" \/>\n<meta property=\"og:locale\" content=\"en_US\" \/>\n<meta property=\"og:type\" content=\"article\" \/>\n<meta property=\"og:title\" content=\"Seerum Missha Time Revolution Night Repair Ampoule 5X, 50 ml - IDA.KOREA\" \/>\n<meta property=\"og:description\" content=\"Missha Time Revolution Night Repair Ampoule 5X \u00f6\u00f6sel taastav probiootik-seerum avaldab tugevat noorendavat toimet, pinguldab n\u00e4o kontuure, tugevdab nahatooni, suurendab kudede elastsust ja aeglustab naha vananemisprotsesse. K\u00f5rgkontsentreeritud seerum m\u00f5jutab naha s\u00fcgavaid kihte, silub peeneid kortse, v\u00e4hendab s\u00fcgavate kortsude v\u00e4ljenduvust, tugevdab ja \u00fchtlustab naha pinda. Intensiivselt niisutab nahka ja taastab epidermise niiskustasakaalu, helendab \u00f5rnalt pigmentatsiooni ning...\" \/>\n<meta property=\"og:url\" content=\"https:\/\/idakorea.ee\/en\/product\/seerum-missha-time-revolution-night-repair-ampoule-5x-50-ml\/\" \/>\n<meta property=\"og:site_name\" content=\"IDA.KOREA\" \/>\n<meta property=\"article:modified_time\" content=\"2026-01-30T13:22:28+00:00\" \/>\n<meta property=\"og:image\" content=\"https:\/\/idakorea.ee\/wp-content\/uploads\/2024\/12\/ghfhfg-fdf5.jpg\" \/>\n\t<meta property=\"og:image:width\" content=\"1000\" \/>\n\t<meta property=\"og:image:height\" content=\"1000\" \/>\n\t<meta property=\"og:image:type\" content=\"image\/jpeg\" \/>\n<meta name=\"twitter:card\" content=\"summary_large_image\" \/>\n<meta name=\"twitter:label1\" content=\"Est. reading time\" \/>\n\t<meta name=\"twitter:data1\" content=\"3 minutes\" \/>\n<script type=\"application\/ld+json\" class=\"yoast-schema-graph\">{\"@context\":\"https:\/\/schema.org\",\"@graph\":[{\"@type\":\"WebPage\",\"@id\":\"https:\/\/idakorea.ee\/product\/seerum-missha-time-revolution-night-repair-ampoule-5x-50-ml\/\",\"url\":\"https:\/\/idakorea.ee\/product\/seerum-missha-time-revolution-night-repair-ampoule-5x-50-ml\/\",\"name\":\"Seerum Missha Time Revolution Night Repair Ampoule 5X, 50 ml - IDA.KOREA\",\"isPartOf\":{\"@id\":\"https:\/\/idakorea.ee\/#website\"},\"primaryImageOfPage\":{\"@id\":\"https:\/\/idakorea.ee\/product\/seerum-missha-time-revolution-night-repair-ampoule-5x-50-ml\/#primaryimage\"},\"image\":{\"@id\":\"https:\/\/idakorea.ee\/product\/seerum-missha-time-revolution-night-repair-ampoule-5x-50-ml\/#primaryimage\"},\"thumbnailUrl\":\"https:\/\/idakorea.ee\/wp-content\/uploads\/2024\/12\/ghfhfg-fdf5.jpg\",\"datePublished\":\"2024-12-24T06:20:49+00:00\",\"dateModified\":\"2026-01-30T13:22:28+00:00\",\"breadcrumb\":{\"@id\":\"https:\/\/idakorea.ee\/product\/seerum-missha-time-revolution-night-repair-ampoule-5x-50-ml\/#breadcrumb\"},\"inLanguage\":\"en-US\",\"potentialAction\":[{\"@type\":\"ReadAction\",\"target\":[\"https:\/\/idakorea.ee\/product\/seerum-missha-time-revolution-night-repair-ampoule-5x-50-ml\/\"]}]},{\"@type\":\"ImageObject\",\"inLanguage\":\"en-US\",\"@id\":\"https:\/\/idakorea.ee\/product\/seerum-missha-time-revolution-night-repair-ampoule-5x-50-ml\/#primaryimage\",\"url\":\"https:\/\/idakorea.ee\/wp-content\/uploads\/2024\/12\/ghfhfg-fdf5.jpg\",\"contentUrl\":\"https:\/\/idakorea.ee\/wp-content\/uploads\/2024\/12\/ghfhfg-fdf5.jpg\",\"width\":1000,\"height\":1000},{\"@type\":\"BreadcrumbList\",\"@id\":\"https:\/\/idakorea.ee\/product\/seerum-missha-time-revolution-night-repair-ampoule-5x-50-ml\/#breadcrumb\",\"itemListElement\":[{\"@type\":\"ListItem\",\"position\":1,\"name\":\"\u0413\u043b\u0430\u0432\u043d\u0430\u044f \u0441\u0442\u0440\u0430\u043d\u0438\u0446\u0430\",\"item\":\"https:\/\/idakorea.ee\/\"},{\"@type\":\"ListItem\",\"position\":2,\"name\":\"Shop\",\"item\":\"https:\/\/idakorea.ee\/shop-2\/\"},{\"@type\":\"ListItem\",\"position\":3,\"name\":\"Seerum Missha Time Revolution Night Repair Ampoule 5X, 50 ml\"}]},{\"@type\":\"WebSite\",\"@id\":\"https:\/\/idakorea.ee\/#website\",\"url\":\"https:\/\/idakorea.ee\/\",\"name\":\"IDA.KOREA\",\"description\":\"Korea kosmeetika e-pood\",\"publisher\":{\"@id\":\"https:\/\/idakorea.ee\/#organization\"},\"alternateName\":\"Beauty Shop\",\"potentialAction\":[{\"@type\":\"SearchAction\",\"target\":{\"@type\":\"EntryPoint\",\"urlTemplate\":\"https:\/\/idakorea.ee\/?s={search_term_string}\"},\"query-input\":{\"@type\":\"PropertyValueSpecification\",\"valueRequired\":true,\"valueName\":\"search_term_string\"}}],\"inLanguage\":\"en-US\"},{\"@type\":\"Organization\",\"@id\":\"https:\/\/idakorea.ee\/#organization\",\"name\":\"IDA.KOREA\",\"url\":\"https:\/\/idakorea.ee\/\",\"logo\":{\"@type\":\"ImageObject\",\"inLanguage\":\"en-US\",\"@id\":\"https:\/\/idakorea.ee\/#\/schema\/logo\/image\/\",\"url\":\"https:\/\/idakorea.ee\/wp-content\/uploads\/2024\/05\/cropped-korea3.png\",\"contentUrl\":\"https:\/\/idakorea.ee\/wp-content\/uploads\/2024\/05\/cropped-korea3.png\",\"width\":688,\"height\":126,\"caption\":\"IDA.KOREA\"},\"image\":{\"@id\":\"https:\/\/idakorea.ee\/#\/schema\/logo\/image\/\"},\"sameAs\":[\"https:\/\/www.instagram.com\/ida.korea\/\"]}]}<\/script>\n<!-- \/ Yoast SEO plugin. -->","yoast_head_json":{"title":"Serum Missha Time Revolution Night Repair Ampoule 5X, 50 ml - IDA.KOREA","robots":{"index":"index","follow":"follow","max-snippet":"max-snippet:-1","max-image-preview":"max-image-preview:large","max-video-preview":"max-video-preview:-1"},"canonical":"https:\/\/idakorea.ee\/en\/product\/seerum-missha-time-revolution-night-repair-ampoule-5x-50-ml\/","og_locale":"en_US","og_type":"article","og_title":"Seerum Missha Time Revolution Night Repair Ampoule 5X, 50 ml - IDA.KOREA","og_description":"Missha Time Revolution Night Repair Ampoule 5X \u00f6\u00f6sel taastav probiootik-seerum avaldab tugevat noorendavat toimet, pinguldab n\u00e4o kontuure, tugevdab nahatooni, suurendab kudede elastsust ja aeglustab naha vananemisprotsesse. K\u00f5rgkontsentreeritud seerum m\u00f5jutab naha s\u00fcgavaid kihte, silub peeneid kortse, v\u00e4hendab s\u00fcgavate kortsude v\u00e4ljenduvust, tugevdab ja \u00fchtlustab naha pinda. Intensiivselt niisutab nahka ja taastab epidermise niiskustasakaalu, helendab \u00f5rnalt pigmentatsiooni ning...","og_url":"https:\/\/idakorea.ee\/en\/product\/seerum-missha-time-revolution-night-repair-ampoule-5x-50-ml\/","og_site_name":"IDA.KOREA","article_modified_time":"2026-01-30T13:22:28+00:00","og_image":[{"width":1000,"height":1000,"url":"https:\/\/idakorea.ee\/wp-content\/uploads\/2024\/12\/ghfhfg-fdf5.jpg","type":"image\/jpeg"}],"twitter_card":"summary_large_image","twitter_misc":{"Est. reading time":"3 minutes"},"schema":{"@context":"https:\/\/schema.org","@graph":[{"@type":"WebPage","@id":"https:\/\/idakorea.ee\/product\/seerum-missha-time-revolution-night-repair-ampoule-5x-50-ml\/","url":"https:\/\/idakorea.ee\/product\/seerum-missha-time-revolution-night-repair-ampoule-5x-50-ml\/","name":"Serum Missha Time Revolution Night Repair Ampoule 5X, 50 ml - IDA.KOREA","isPartOf":{"@id":"https:\/\/idakorea.ee\/#website"},"primaryImageOfPage":{"@id":"https:\/\/idakorea.ee\/product\/seerum-missha-time-revolution-night-repair-ampoule-5x-50-ml\/#primaryimage"},"image":{"@id":"https:\/\/idakorea.ee\/product\/seerum-missha-time-revolution-night-repair-ampoule-5x-50-ml\/#primaryimage"},"thumbnailUrl":"https:\/\/idakorea.ee\/wp-content\/uploads\/2024\/12\/ghfhfg-fdf5.jpg","datePublished":"2024-12-24T06:20:49+00:00","dateModified":"2026-01-30T13:22:28+00:00","breadcrumb":{"@id":"https:\/\/idakorea.ee\/product\/seerum-missha-time-revolution-night-repair-ampoule-5x-50-ml\/#breadcrumb"},"inLanguage":"en-US","potentialAction":[{"@type":"ReadAction","target":["https:\/\/idakorea.ee\/product\/seerum-missha-time-revolution-night-repair-ampoule-5x-50-ml\/"]}]},{"@type":"ImageObject","inLanguage":"en-US","@id":"https:\/\/idakorea.ee\/product\/seerum-missha-time-revolution-night-repair-ampoule-5x-50-ml\/#primaryimage","url":"https:\/\/idakorea.ee\/wp-content\/uploads\/2024\/12\/ghfhfg-fdf5.jpg","contentUrl":"https:\/\/idakorea.ee\/wp-content\/uploads\/2024\/12\/ghfhfg-fdf5.jpg","width":1000,"height":1000},{"@type":"BreadcrumbList","@id":"https:\/\/idakorea.ee\/product\/seerum-missha-time-revolution-night-repair-ampoule-5x-50-ml\/#breadcrumb","itemListElement":[{"@type":"ListItem","position":1,"name":"\u0413\u043b\u0430\u0432\u043d\u0430\u044f \u0441\u0442\u0440\u0430\u043d\u0438\u0446\u0430","item":"https:\/\/idakorea.ee\/"},{"@type":"ListItem","position":2,"name":"Shop","item":"https:\/\/idakorea.ee\/shop-2\/"},{"@type":"ListItem","position":3,"name":"Seerum Missha Time Revolution Night Repair Ampoule 5X, 50 ml"}]},{"@type":"WebSite","@id":"https:\/\/idakorea.ee\/#website","url":"https:\/\/idakorea.ee\/","name":"IDA.KOREA","description":"Korean cosmetics e-shop","publisher":{"@id":"https:\/\/idakorea.ee\/#organization"},"alternateName":"Beauty Shop","potentialAction":[{"@type":"SearchAction","target":{"@type":"EntryPoint","urlTemplate":"https:\/\/idakorea.ee\/?s={search_term_string}"},"query-input":{"@type":"PropertyValueSpecification","valueRequired":true,"valueName":"search_term_string"}}],"inLanguage":"en-US"},{"@type":"Organization","@id":"https:\/\/idakorea.ee\/#organization","name":"IDA.KOREA","url":"https:\/\/idakorea.ee\/","logo":{"@type":"ImageObject","inLanguage":"en-US","@id":"https:\/\/idakorea.ee\/#\/schema\/logo\/image\/","url":"https:\/\/idakorea.ee\/wp-content\/uploads\/2024\/05\/cropped-korea3.png","contentUrl":"https:\/\/idakorea.ee\/wp-content\/uploads\/2024\/05\/cropped-korea3.png","width":688,"height":126,"caption":"IDA.KOREA"},"image":{"@id":"https:\/\/idakorea.ee\/#\/schema\/logo\/image\/"},"sameAs":["https:\/\/www.instagram.com\/ida.korea\/"]}]}},"jetpack_sharing_enabled":true,"brands":[{"id":631,"name":"MISSHA","slug":"missha"}],"_links":{"self":[{"href":"https:\/\/idakorea.ee\/en\/wp-json\/wp\/v2\/product\/11989","targetHints":{"allow":["GET"]}}],"collection":[{"href":"https:\/\/idakorea.ee\/en\/wp-json\/wp\/v2\/product"}],"about":[{"href":"https:\/\/idakorea.ee\/en\/wp-json\/wp\/v2\/types\/product"}],"replies":[{"embeddable":true,"href":"https:\/\/idakorea.ee\/en\/wp-json\/wp\/v2\/comments?post=11989"}],"version-history":[{"count":2,"href":"https:\/\/idakorea.ee\/en\/wp-json\/wp\/v2\/product\/11989\/revisions"}],"predecessor-version":[{"id":11998,"href":"https:\/\/idakorea.ee\/en\/wp-json\/wp\/v2\/product\/11989\/revisions\/11998"}],"wp:featuredmedia":[{"embeddable":true,"href":"https:\/\/idakorea.ee\/en\/wp-json\/wp\/v2\/media\/11997"}],"wp:attachment":[{"href":"https:\/\/idakorea.ee\/en\/wp-json\/wp\/v2\/media?parent=11989"}],"wp:term":[{"taxonomy":"pwb-brand","embeddable":true,"href":"https:\/\/idakorea.ee\/en\/wp-json\/wp\/v2\/pwb-brand?post=11989"},{"taxonomy":"product_brand","embeddable":true,"href":"https:\/\/idakorea.ee\/en\/wp-json\/wp\/v2\/product_brand?post=11989"},{"taxonomy":"product_cat","embeddable":true,"href":"https:\/\/idakorea.ee\/en\/wp-json\/wp\/v2\/product_cat?post=11989"},{"taxonomy":"product_tag","embeddable":true,"href":"https:\/\/idakorea.ee\/en\/wp-json\/wp\/v2\/product_tag?post=11989"}],"curies":[{"name":"wp","href":"https:\/\/api.w.org\/{rel}","templated":true}]}}