{"id":12304,"date":"2025-01-17T16:31:45","date_gmt":"2025-01-17T14:31:45","guid":{"rendered":"https:\/\/idakorea.ee\/?post_type=product&#038;p=12304"},"modified":"2026-03-22T19:05:15","modified_gmt":"2026-03-22T17:05:15","slug":"vananemisvastane-kangasmask-kollageeniga-medi-peel-derma-maison-wrinkle-collagen-facial-mask","status":"publish","type":"product","link":"https:\/\/idakorea.ee\/en\/product\/vananemisvastane-kangasmask-kollageeniga-medi-peel-derma-maison-wrinkle-collagen-facial-mask\/","title":{"rendered":"Anti-ageing fabric mask with collagen Medi-Peel Derma Maison Wrinkle Collagen Facial Mask"},"content":{"rendered":"<p>Anti-ageing fabric mask with collagen<strong> Medi-Peel Derma Maison Wrinkle Collagen Facial Mask<\/strong> Reduces the visibility of wrinkles and fine lines on the skin, with a slight firming effect. Moisturises cells, removes dullness, makes skin firmer and more elastic.<\/p>\n<p>The mask quickly eliminates dryness and dehydration, stimulates collagen and elastin synthesis, accelerates skin healing and renewal. Slows down the ageing process, maintains skin tone, combats sagging and loss of elasticity.<\/p>\n<p>The fabric mask is made of durable hypoallergenic TENCEL material derived from eucalyptus wood. The mask is richly impregnated with vitamin essence, adheres tightly to the skin and enhances the absorption of beneficial substances.<\/p>\n<p><strong>Main active substances:<\/strong><\/p>\n<ul>\n<li><strong>Hydrolysed collagen<\/strong> restores the epidermal structure from the inside, strengthens cell walls and improves protein synthesis. Supports the skin matrix, helps to smooth fine wrinkles and fine lines.<\/li>\n<li><strong>Hydrolysed elastin<\/strong> Increases skin elasticity and smoothness, smoothes the contours of the face.<\/li>\n<li><strong>Different molecular weight hyaluronic acid<\/strong> penetrates the deeper layers of the epidermis, actively moisturises cells and promotes moisture retention in the skin. Forms a protective layer that prevents moisture evaporation.<\/li>\n<li><strong>Palmitoyl Pentapeptide-4<\/strong> stimulates collagen and elastin synthesis, reduces the depth of wrinkles.<\/li>\n<li><strong>Irish moss extract<\/strong> has strong antioxidant properties, slows down the ageing of the skin, protects it from the harmful effects of external irritants. Moisturises cells and retains moisture deep in the skin, maintaining natural hydration levels and preventing dehydration.<\/li>\n<li><strong>Retrieved from<\/strong> strengthens epidermal cells and fibres, helps the absorption of beneficial substances. Supports the skin's protective barrier, neutralising the damaging effects of free radicals, UV rays and other environmental factors.<\/li>\n<li><strong>Arginia<\/strong> increases skin elasticity, stimulates collagen and elastin synthesis, normalises microcirculation in epidermal tissues. Accelerates the healing process and improves complexion.<\/li>\n<\/ul>\n<p>Suitable for all skin types.<\/p>\n<p>&nbsp;<\/p>\n<p><strong>Usage:<\/strong> Apply the mask to clean and toned skin, leave on for 10-20 minutes. Remove the fabric and gently pat the remaining essence into the skin.<\/p>","protected":false},"excerpt":{"rendered":"<p>Medi-Peel Derma Maison Wrinkle Collagen Facial Mask reduces the visibility of wrinkles and fine lines on the skin, with a light tightening effect. Moisturises cells, removes dullness, makes skin firmer and more elastic. The mask quickly eliminates dryness and dehydration, stimulates collagen and elastin synthesis, accelerates skin healing and renewal. Slows down the ageing process, maintains skin tone, combats sagging and elasticity,...<\/p>","protected":false},"featured_media":12305,"comment_status":"open","ping_status":"closed","template":"","meta":{"_uf_show_specific_survey":0,"_uf_disable_surveys":false,"_bst_post_transparent":"default","_bst_post_title":"","_bst_post_layout":"default","_bst_post_sidebar_id":"","_bst_post_content_style":"default","_bst_post_vertical_padding":"default","_bst_post_feature":"","_bst_post_feature_position":"","_bst_post_header":false,"_bst_post_footer":false},"pwb-brand":[107],"product_brand":[],"product_cat":[92,98],"product_tag":[517,780,202,246,381],"class_list":{"0":"post-12304","1":"product","2":"type-product","3":"status-publish","4":"has-post-thumbnail","6":"pwb-brand-medipeel","7":"product_cat-nagu","8":"product_cat-naomaskid","9":"product_tag-collagen","10":"product_tag-derma-maison","11":"product_tag-korea-kosmeetika","12":"product_tag-korea-naomaskid","13":"product_tag-medipeel","15":"first","16":"outofstock","17":"sale","18":"shipping-taxable","19":"purchasable","20":"product-type-simple","21":"entry","22":"content-bg","23":"loop-entry"},"supplier_id":null,"supplier_sku":"","barcode":null,"atum_controlled":true,"out_stock_date":"2026-03-11 21:52:53","out_stock_threshold":null,"inheritable":false,"inbound_stock":0,"stock_on_hold":0,"sold_today":0,"sales_last_days":0,"out_stock_days":33,"lost_sales":79,"has_location":false,"update_date":"2026-04-14T00:05:08","atum_locations":[],"atum_stock_status":"outofstock","restock_status":false,"low_stock_amount":"","sales_update_date":"2026-04-14T00:05:08","calc_backorders":null,"yoast_head":"<!-- This site is optimized with the Yoast SEO plugin v27.2 - https:\/\/yoast.com\/product\/yoast-seo-wordpress\/ -->\n<title>Vananemisvastane kangasmask kollageeniga Medi-Peel Derma Maison Wrinkle Collagen Facial Mask - IDA.KOREA<\/title>\n<meta name=\"robots\" content=\"index, follow, max-snippet:-1, max-image-preview:large, max-video-preview:-1\" \/>\n<link rel=\"canonical\" href=\"https:\/\/idakorea.ee\/en\/product\/vananemisvastane-kangasmask-kollageeniga-medi-peel-derma-maison-wrinkle-collagen-facial-mask\/\" \/>\n<meta property=\"og:locale\" content=\"en_US\" \/>\n<meta property=\"og:type\" content=\"article\" \/>\n<meta property=\"og:title\" content=\"Vananemisvastane kangasmask kollageeniga Medi-Peel Derma Maison Wrinkle Collagen Facial Mask - IDA.KOREA\" \/>\n<meta property=\"og:description\" content=\"Vananemisvastane kangasmask kollageeniga Medi-Peel Derma Maison Wrinkle Collagen Facial Mask v\u00e4hendab kortsude ja naha kortsukeste n\u00e4htavust, avaldab kerget pinguldavat efekti. Toidab rakke niiskusega, eemaldab tuhmuse, muudab naha tihedamaks ja elastsemaks. Mask k\u00f5rvaldab kiiresti kuivuse ja veetustatuse, stimuleerib kollageeni ja elastiini s\u00fcnteesi, kiirendab naha paranemist ja uuenemist. Aeglustab vananemisprotsesse, s\u00e4ilitab naha toonust, v\u00f5itleb l\u00f5tvumise ja elastsuse...\" \/>\n<meta property=\"og:url\" content=\"https:\/\/idakorea.ee\/en\/product\/vananemisvastane-kangasmask-kollageeniga-medi-peel-derma-maison-wrinkle-collagen-facial-mask\/\" \/>\n<meta property=\"og:site_name\" content=\"IDA.KOREA\" \/>\n<meta property=\"article:modified_time\" content=\"2026-03-22T17:05:15+00:00\" \/>\n<meta property=\"og:image\" content=\"https:\/\/idakorea.ee\/wp-content\/uploads\/2025\/01\/402e6ebc9180.jpg\" \/>\n\t<meta property=\"og:image:width\" content=\"867\" \/>\n\t<meta property=\"og:image:height\" content=\"868\" \/>\n\t<meta property=\"og:image:type\" content=\"image\/jpeg\" \/>\n<meta name=\"twitter:card\" content=\"summary_large_image\" \/>\n<meta name=\"twitter:label1\" content=\"Est. reading time\" \/>\n\t<meta name=\"twitter:data1\" content=\"2 minutes\" \/>\n<script type=\"application\/ld+json\" class=\"yoast-schema-graph\">{\"@context\":\"https:\/\/schema.org\",\"@graph\":[{\"@type\":\"WebPage\",\"@id\":\"https:\/\/idakorea.ee\/product\/vananemisvastane-kangasmask-kollageeniga-medi-peel-derma-maison-wrinkle-collagen-facial-mask\/\",\"url\":\"https:\/\/idakorea.ee\/product\/vananemisvastane-kangasmask-kollageeniga-medi-peel-derma-maison-wrinkle-collagen-facial-mask\/\",\"name\":\"Vananemisvastane kangasmask kollageeniga Medi-Peel Derma Maison Wrinkle Collagen Facial Mask - IDA.KOREA\",\"isPartOf\":{\"@id\":\"https:\/\/idakorea.ee\/#website\"},\"primaryImageOfPage\":{\"@id\":\"https:\/\/idakorea.ee\/product\/vananemisvastane-kangasmask-kollageeniga-medi-peel-derma-maison-wrinkle-collagen-facial-mask\/#primaryimage\"},\"image\":{\"@id\":\"https:\/\/idakorea.ee\/product\/vananemisvastane-kangasmask-kollageeniga-medi-peel-derma-maison-wrinkle-collagen-facial-mask\/#primaryimage\"},\"thumbnailUrl\":\"https:\/\/idakorea.ee\/wp-content\/uploads\/2025\/01\/402e6ebc9180.jpg\",\"datePublished\":\"2025-01-17T14:31:45+00:00\",\"dateModified\":\"2026-03-22T17:05:15+00:00\",\"breadcrumb\":{\"@id\":\"https:\/\/idakorea.ee\/product\/vananemisvastane-kangasmask-kollageeniga-medi-peel-derma-maison-wrinkle-collagen-facial-mask\/#breadcrumb\"},\"inLanguage\":\"en-US\",\"potentialAction\":[{\"@type\":\"ReadAction\",\"target\":[\"https:\/\/idakorea.ee\/product\/vananemisvastane-kangasmask-kollageeniga-medi-peel-derma-maison-wrinkle-collagen-facial-mask\/\"]}]},{\"@type\":\"ImageObject\",\"inLanguage\":\"en-US\",\"@id\":\"https:\/\/idakorea.ee\/product\/vananemisvastane-kangasmask-kollageeniga-medi-peel-derma-maison-wrinkle-collagen-facial-mask\/#primaryimage\",\"url\":\"https:\/\/idakorea.ee\/wp-content\/uploads\/2025\/01\/402e6ebc9180.jpg\",\"contentUrl\":\"https:\/\/idakorea.ee\/wp-content\/uploads\/2025\/01\/402e6ebc9180.jpg\",\"width\":867,\"height\":868},{\"@type\":\"BreadcrumbList\",\"@id\":\"https:\/\/idakorea.ee\/product\/vananemisvastane-kangasmask-kollageeniga-medi-peel-derma-maison-wrinkle-collagen-facial-mask\/#breadcrumb\",\"itemListElement\":[{\"@type\":\"ListItem\",\"position\":1,\"name\":\"\u0413\u043b\u0430\u0432\u043d\u0430\u044f \u0441\u0442\u0440\u0430\u043d\u0438\u0446\u0430\",\"item\":\"https:\/\/idakorea.ee\/\"},{\"@type\":\"ListItem\",\"position\":2,\"name\":\"Shop\",\"item\":\"https:\/\/idakorea.ee\/shop-2\/\"},{\"@type\":\"ListItem\",\"position\":3,\"name\":\"Vananemisvastane kangasmask kollageeniga Medi-Peel Derma Maison Wrinkle Collagen Facial Mask\"}]},{\"@type\":\"WebSite\",\"@id\":\"https:\/\/idakorea.ee\/#website\",\"url\":\"https:\/\/idakorea.ee\/\",\"name\":\"IDA.KOREA\",\"description\":\"Korea kosmeetika e-pood\",\"publisher\":{\"@id\":\"https:\/\/idakorea.ee\/#organization\"},\"alternateName\":\"Beauty Shop\",\"potentialAction\":[{\"@type\":\"SearchAction\",\"target\":{\"@type\":\"EntryPoint\",\"urlTemplate\":\"https:\/\/idakorea.ee\/?s={search_term_string}\"},\"query-input\":{\"@type\":\"PropertyValueSpecification\",\"valueRequired\":true,\"valueName\":\"search_term_string\"}}],\"inLanguage\":\"en-US\"},{\"@type\":\"Organization\",\"@id\":\"https:\/\/idakorea.ee\/#organization\",\"name\":\"IDA.KOREA\",\"url\":\"https:\/\/idakorea.ee\/\",\"logo\":{\"@type\":\"ImageObject\",\"inLanguage\":\"en-US\",\"@id\":\"https:\/\/idakorea.ee\/#\/schema\/logo\/image\/\",\"url\":\"https:\/\/idakorea.ee\/wp-content\/uploads\/2024\/05\/cropped-korea3.png\",\"contentUrl\":\"https:\/\/idakorea.ee\/wp-content\/uploads\/2024\/05\/cropped-korea3.png\",\"width\":688,\"height\":126,\"caption\":\"IDA.KOREA\"},\"image\":{\"@id\":\"https:\/\/idakorea.ee\/#\/schema\/logo\/image\/\"},\"sameAs\":[\"https:\/\/www.instagram.com\/ida.korea\/\"]}]}<\/script>\n<!-- \/ Yoast SEO plugin. -->","yoast_head_json":{"title":"Anti-ageing fabric mask with collagen Medi-Peel Derma Maison Wrinkle Collagen Facial Mask - IDA.KOREA","robots":{"index":"index","follow":"follow","max-snippet":"max-snippet:-1","max-image-preview":"max-image-preview:large","max-video-preview":"max-video-preview:-1"},"canonical":"https:\/\/idakorea.ee\/en\/product\/vananemisvastane-kangasmask-kollageeniga-medi-peel-derma-maison-wrinkle-collagen-facial-mask\/","og_locale":"en_US","og_type":"article","og_title":"Vananemisvastane kangasmask kollageeniga Medi-Peel Derma Maison Wrinkle Collagen Facial Mask - IDA.KOREA","og_description":"Vananemisvastane kangasmask kollageeniga Medi-Peel Derma Maison Wrinkle Collagen Facial Mask v\u00e4hendab kortsude ja naha kortsukeste n\u00e4htavust, avaldab kerget pinguldavat efekti. Toidab rakke niiskusega, eemaldab tuhmuse, muudab naha tihedamaks ja elastsemaks. Mask k\u00f5rvaldab kiiresti kuivuse ja veetustatuse, stimuleerib kollageeni ja elastiini s\u00fcnteesi, kiirendab naha paranemist ja uuenemist. Aeglustab vananemisprotsesse, s\u00e4ilitab naha toonust, v\u00f5itleb l\u00f5tvumise ja elastsuse...","og_url":"https:\/\/idakorea.ee\/en\/product\/vananemisvastane-kangasmask-kollageeniga-medi-peel-derma-maison-wrinkle-collagen-facial-mask\/","og_site_name":"IDA.KOREA","article_modified_time":"2026-03-22T17:05:15+00:00","og_image":[{"width":867,"height":868,"url":"https:\/\/idakorea.ee\/wp-content\/uploads\/2025\/01\/402e6ebc9180.jpg","type":"image\/jpeg"}],"twitter_card":"summary_large_image","twitter_misc":{"Est. reading time":"2 minutes"},"schema":{"@context":"https:\/\/schema.org","@graph":[{"@type":"WebPage","@id":"https:\/\/idakorea.ee\/product\/vananemisvastane-kangasmask-kollageeniga-medi-peel-derma-maison-wrinkle-collagen-facial-mask\/","url":"https:\/\/idakorea.ee\/product\/vananemisvastane-kangasmask-kollageeniga-medi-peel-derma-maison-wrinkle-collagen-facial-mask\/","name":"Anti-ageing fabric mask with collagen Medi-Peel Derma Maison Wrinkle Collagen Facial Mask - IDA.KOREA","isPartOf":{"@id":"https:\/\/idakorea.ee\/#website"},"primaryImageOfPage":{"@id":"https:\/\/idakorea.ee\/product\/vananemisvastane-kangasmask-kollageeniga-medi-peel-derma-maison-wrinkle-collagen-facial-mask\/#primaryimage"},"image":{"@id":"https:\/\/idakorea.ee\/product\/vananemisvastane-kangasmask-kollageeniga-medi-peel-derma-maison-wrinkle-collagen-facial-mask\/#primaryimage"},"thumbnailUrl":"https:\/\/idakorea.ee\/wp-content\/uploads\/2025\/01\/402e6ebc9180.jpg","datePublished":"2025-01-17T14:31:45+00:00","dateModified":"2026-03-22T17:05:15+00:00","breadcrumb":{"@id":"https:\/\/idakorea.ee\/product\/vananemisvastane-kangasmask-kollageeniga-medi-peel-derma-maison-wrinkle-collagen-facial-mask\/#breadcrumb"},"inLanguage":"en-US","potentialAction":[{"@type":"ReadAction","target":["https:\/\/idakorea.ee\/product\/vananemisvastane-kangasmask-kollageeniga-medi-peel-derma-maison-wrinkle-collagen-facial-mask\/"]}]},{"@type":"ImageObject","inLanguage":"en-US","@id":"https:\/\/idakorea.ee\/product\/vananemisvastane-kangasmask-kollageeniga-medi-peel-derma-maison-wrinkle-collagen-facial-mask\/#primaryimage","url":"https:\/\/idakorea.ee\/wp-content\/uploads\/2025\/01\/402e6ebc9180.jpg","contentUrl":"https:\/\/idakorea.ee\/wp-content\/uploads\/2025\/01\/402e6ebc9180.jpg","width":867,"height":868},{"@type":"BreadcrumbList","@id":"https:\/\/idakorea.ee\/product\/vananemisvastane-kangasmask-kollageeniga-medi-peel-derma-maison-wrinkle-collagen-facial-mask\/#breadcrumb","itemListElement":[{"@type":"ListItem","position":1,"name":"\u0413\u043b\u0430\u0432\u043d\u0430\u044f \u0441\u0442\u0440\u0430\u043d\u0438\u0446\u0430","item":"https:\/\/idakorea.ee\/"},{"@type":"ListItem","position":2,"name":"Shop","item":"https:\/\/idakorea.ee\/shop-2\/"},{"@type":"ListItem","position":3,"name":"Vananemisvastane kangasmask kollageeniga Medi-Peel Derma Maison Wrinkle Collagen Facial Mask"}]},{"@type":"WebSite","@id":"https:\/\/idakorea.ee\/#website","url":"https:\/\/idakorea.ee\/","name":"IDA.KOREA","description":"Korean cosmetics e-shop","publisher":{"@id":"https:\/\/idakorea.ee\/#organization"},"alternateName":"Beauty Shop","potentialAction":[{"@type":"SearchAction","target":{"@type":"EntryPoint","urlTemplate":"https:\/\/idakorea.ee\/?s={search_term_string}"},"query-input":{"@type":"PropertyValueSpecification","valueRequired":true,"valueName":"search_term_string"}}],"inLanguage":"en-US"},{"@type":"Organization","@id":"https:\/\/idakorea.ee\/#organization","name":"IDA.KOREA","url":"https:\/\/idakorea.ee\/","logo":{"@type":"ImageObject","inLanguage":"en-US","@id":"https:\/\/idakorea.ee\/#\/schema\/logo\/image\/","url":"https:\/\/idakorea.ee\/wp-content\/uploads\/2024\/05\/cropped-korea3.png","contentUrl":"https:\/\/idakorea.ee\/wp-content\/uploads\/2024\/05\/cropped-korea3.png","width":688,"height":126,"caption":"IDA.KOREA"},"image":{"@id":"https:\/\/idakorea.ee\/#\/schema\/logo\/image\/"},"sameAs":["https:\/\/www.instagram.com\/ida.korea\/"]}]}},"jetpack_sharing_enabled":true,"brands":[{"id":107,"name":"MEDIPEEL+","slug":"medipeel"}],"_links":{"self":[{"href":"https:\/\/idakorea.ee\/en\/wp-json\/wp\/v2\/product\/12304","targetHints":{"allow":["GET"]}}],"collection":[{"href":"https:\/\/idakorea.ee\/en\/wp-json\/wp\/v2\/product"}],"about":[{"href":"https:\/\/idakorea.ee\/en\/wp-json\/wp\/v2\/types\/product"}],"replies":[{"embeddable":true,"href":"https:\/\/idakorea.ee\/en\/wp-json\/wp\/v2\/comments?post=12304"}],"version-history":[{"count":3,"href":"https:\/\/idakorea.ee\/en\/wp-json\/wp\/v2\/product\/12304\/revisions"}],"predecessor-version":[{"id":18206,"href":"https:\/\/idakorea.ee\/en\/wp-json\/wp\/v2\/product\/12304\/revisions\/18206"}],"wp:featuredmedia":[{"embeddable":true,"href":"https:\/\/idakorea.ee\/en\/wp-json\/wp\/v2\/media\/12305"}],"wp:attachment":[{"href":"https:\/\/idakorea.ee\/en\/wp-json\/wp\/v2\/media?parent=12304"}],"wp:term":[{"taxonomy":"pwb-brand","embeddable":true,"href":"https:\/\/idakorea.ee\/en\/wp-json\/wp\/v2\/pwb-brand?post=12304"},{"taxonomy":"product_brand","embeddable":true,"href":"https:\/\/idakorea.ee\/en\/wp-json\/wp\/v2\/product_brand?post=12304"},{"taxonomy":"product_cat","embeddable":true,"href":"https:\/\/idakorea.ee\/en\/wp-json\/wp\/v2\/product_cat?post=12304"},{"taxonomy":"product_tag","embeddable":true,"href":"https:\/\/idakorea.ee\/en\/wp-json\/wp\/v2\/product_tag?post=12304"}],"curies":[{"name":"wp","href":"https:\/\/api.w.org\/{rel}","templated":true}]}}