{"id":12308,"date":"2025-01-17T17:54:18","date_gmt":"2025-01-17T15:54:18","guid":{"rendered":"https:\/\/idakorea.ee\/?post_type=product&#038;p=12308"},"modified":"2026-03-25T10:22:09","modified_gmt":"2026-03-25T08:22:09","slug":"barjaarkreem-kollageeni-ja-peptiididega-medipeel-red-lacto-collagen-barrier-cream","status":"publish","type":"product","link":"https:\/\/idakorea.ee\/en\/product\/barjaarkreem-kollageeni-ja-peptiididega-medipeel-red-lacto-collagen-barrier-cream\/","title":{"rendered":"Barrier cream with collagen and peptides Medipeel+ Lacto Collagen Barrier Cream, 80ml"},"content":{"rendered":"<p><strong>Barrier Cream with Collagen and Peptides MEDIPEEL Lacto Collagen Barrier Cream<\/strong> provides deep, long-lasting hydration to help combat the signs of ageing. The cream strengthens skin tissues, improves skin tone, reduces wrinkles and fine lines. It has an anti-inflammatory action that soothes irritation and reduces redness.<\/p>\n<p><strong>Main active ingredients:<\/strong><\/p>\n<ul>\n<li><strong>Probiotic complex<\/strong> restores the skin's hydrolipidic balance, inhibits inflammatory processes and strengthens local skin immunity. It activates microcirculation and cell turnover, evens skin tone and gives it a healthy glow. The ingredient prevents photo- and chrono-ageing, providing antioxidant protection against the damaging effects of free radicals.<\/li>\n<li><strong>Syn-Collagen boosterTM<\/strong> is a proprietary hybrid form of collagen that slows skin ageing, reduces the effects of glycation and provides deep hydration. Strengthens capillary walls, improves skin tone and reduces wrinkles and fine lines.<\/li>\n<li><strong>Peptide-myorelaxants<\/strong> relax the mimic muscles, smooth wrinkles and prevent their formation.<\/li>\n<li><strong>Signal peptides<\/strong> activate the synthesis of collagen and elastin, preventing premature ageing, tissue sagging and facial contour deformation.<\/li>\n<li><strong>Ceramides<\/strong> restore the skin's stratum corneum integrity and create a protective barrier to prevent transepidermal moisture loss.<\/li>\n<\/ul>\n<p><strong>The cream is enriched with plant extracts that improve skin elasticity and tone:<\/strong><\/p>\n<ul>\n<li><strong>Pomegranate extract<\/strong> has a strong antioxidant effect, activates the synthesis of collagen and elastin fibres and prevents tissue relaxation.<\/li>\n<li><strong>Cranberry extract<\/strong> has a rejuvenating effect, accelerates regeneration processes and restores skin elasticity.<\/li>\n<li><strong>Strawberry extract<\/strong> gently exfoliates, lightens pigmentation and reduces the size and depth of pores.<\/li>\n<li><strong>Apple extract<\/strong> has an anti-inflammatory effect, tones the skin and gives it a healthy glow.<\/li>\n<\/ul>\n<p>Suitable for dry, combination and sensitive skin.<\/p>\n<p><strong>Usage:<\/strong> Apply the cream following the massage lines as a final step in the skincare routine.<\/p>","protected":false},"excerpt":{"rendered":"<p>MEDIPEEL Lacto Collagen Barrier Cream with collagen and peptides provides deep, long-lasting hydration to help combat the signs of ageing. The cream strengthens skin tissues, improves skin tone, reduces wrinkles and fine lines. It has an anti-inflammatory action that soothes irritation and reduces redness. Main active ingredients:A complex of probiotics restores the skin's hydrolipidic balance, inhibits inflammatory processes and strengthens local skin immunity....<\/p>","protected":false},"featured_media":12309,"comment_status":"open","ping_status":"closed","template":"","meta":{"_uf_show_specific_survey":0,"_uf_disable_surveys":false,"_bst_post_transparent":"default","_bst_post_title":"","_bst_post_layout":"default","_bst_post_sidebar_id":"","_bst_post_content_style":"default","_bst_post_vertical_padding":"default","_bst_post_feature":"","_bst_post_feature_position":"","_bst_post_header":false,"_bst_post_footer":false},"pwb-brand":[107],"product_brand":[],"product_cat":[92,96],"product_tag":[959],"class_list":{"0":"post-12308","1":"product","2":"type-product","3":"status-publish","4":"has-post-thumbnail","6":"pwb-brand-medipeel","7":"product_cat-nagu","8":"product_cat-naokreemid","9":"product_tag-collagen-medipeel","11":"first","12":"instock","13":"sale","14":"shipping-taxable","15":"purchasable","16":"product-type-simple","17":"entry","18":"content-bg","19":"loop-entry"},"supplier_id":null,"supplier_sku":"","barcode":null,"atum_controlled":true,"out_stock_date":null,"out_stock_threshold":null,"inheritable":false,"inbound_stock":0,"stock_on_hold":0,"sold_today":0,"sales_last_days":0,"out_stock_days":0,"lost_sales":0,"has_location":false,"update_date":"2026-04-14T00:05:08","atum_locations":[],"atum_stock_status":"instock","restock_status":false,"low_stock_amount":"","sales_update_date":"2026-04-14T00:05:08","calc_backorders":null,"yoast_head":"<!-- This site is optimized with the Yoast SEO plugin v27.2 - https:\/\/yoast.com\/product\/yoast-seo-wordpress\/ -->\n<title>Medipeel+ Lacto Collagen Barrier Cream, 80ml - IDA.KOREA<\/title>\n<meta name=\"description\" content=\"Barj\u00e4\u00e4rkreem kollageeni ja peptiididega Lacto Collagen Barrier Cream tagab naha s\u00fcgava ja pikaajalise niisutuse, aidates v\u00f5idelda vananemise ilmingutega.\" \/>\n<meta name=\"robots\" content=\"index, follow, max-snippet:-1, max-image-preview:large, max-video-preview:-1\" \/>\n<link rel=\"canonical\" href=\"https:\/\/idakorea.ee\/en\/product\/barjaarkreem-kollageeni-ja-peptiididega-medipeel-red-lacto-collagen-barrier-cream\/\" \/>\n<meta property=\"og:locale\" content=\"en_US\" \/>\n<meta property=\"og:type\" content=\"article\" \/>\n<meta property=\"og:title\" content=\"Medipeel+ Lacto Collagen Barrier Cream, 80ml - IDA.KOREA\" \/>\n<meta property=\"og:description\" content=\"Barj\u00e4\u00e4rkreem kollageeni ja peptiididega Lacto Collagen Barrier Cream tagab naha s\u00fcgava ja pikaajalise niisutuse, aidates v\u00f5idelda vananemise ilmingutega.\" \/>\n<meta property=\"og:url\" content=\"https:\/\/idakorea.ee\/en\/product\/barjaarkreem-kollageeni-ja-peptiididega-medipeel-red-lacto-collagen-barrier-cream\/\" \/>\n<meta property=\"og:site_name\" content=\"IDA.KOREA\" \/>\n<meta property=\"article:modified_time\" content=\"2026-03-25T08:22:09+00:00\" \/>\n<meta property=\"og:image\" content=\"https:\/\/idakorea.ee\/wp-content\/uploads\/2025\/01\/gdgdfggd.png\" \/>\n\t<meta property=\"og:image:width\" content=\"1000\" \/>\n\t<meta property=\"og:image:height\" content=\"1000\" \/>\n\t<meta property=\"og:image:type\" content=\"image\/png\" \/>\n<meta name=\"twitter:card\" content=\"summary_large_image\" \/>\n<meta name=\"twitter:label1\" content=\"Est. reading time\" \/>\n\t<meta name=\"twitter:data1\" content=\"2 minutes\" \/>\n<script type=\"application\/ld+json\" class=\"yoast-schema-graph\">{\"@context\":\"https:\/\/schema.org\",\"@graph\":[{\"@type\":\"WebPage\",\"@id\":\"https:\/\/idakorea.ee\/product\/barjaarkreem-kollageeni-ja-peptiididega-medipeel-red-lacto-collagen-barrier-cream\/\",\"url\":\"https:\/\/idakorea.ee\/product\/barjaarkreem-kollageeni-ja-peptiididega-medipeel-red-lacto-collagen-barrier-cream\/\",\"name\":\"Medipeel+ Lacto Collagen Barrier Cream, 80ml - IDA.KOREA\",\"isPartOf\":{\"@id\":\"https:\/\/idakorea.ee\/#website\"},\"primaryImageOfPage\":{\"@id\":\"https:\/\/idakorea.ee\/product\/barjaarkreem-kollageeni-ja-peptiididega-medipeel-red-lacto-collagen-barrier-cream\/#primaryimage\"},\"image\":{\"@id\":\"https:\/\/idakorea.ee\/product\/barjaarkreem-kollageeni-ja-peptiididega-medipeel-red-lacto-collagen-barrier-cream\/#primaryimage\"},\"thumbnailUrl\":\"https:\/\/idakorea.ee\/wp-content\/uploads\/2025\/01\/gdgdfggd.png\",\"datePublished\":\"2025-01-17T15:54:18+00:00\",\"dateModified\":\"2026-03-25T08:22:09+00:00\",\"description\":\"Barj\u00e4\u00e4rkreem kollageeni ja peptiididega Lacto Collagen Barrier Cream tagab naha s\u00fcgava ja pikaajalise niisutuse, aidates v\u00f5idelda vananemise ilmingutega.\",\"breadcrumb\":{\"@id\":\"https:\/\/idakorea.ee\/product\/barjaarkreem-kollageeni-ja-peptiididega-medipeel-red-lacto-collagen-barrier-cream\/#breadcrumb\"},\"inLanguage\":\"en-US\",\"potentialAction\":[{\"@type\":\"ReadAction\",\"target\":[\"https:\/\/idakorea.ee\/product\/barjaarkreem-kollageeni-ja-peptiididega-medipeel-red-lacto-collagen-barrier-cream\/\"]}]},{\"@type\":\"ImageObject\",\"inLanguage\":\"en-US\",\"@id\":\"https:\/\/idakorea.ee\/product\/barjaarkreem-kollageeni-ja-peptiididega-medipeel-red-lacto-collagen-barrier-cream\/#primaryimage\",\"url\":\"https:\/\/idakorea.ee\/wp-content\/uploads\/2025\/01\/gdgdfggd.png\",\"contentUrl\":\"https:\/\/idakorea.ee\/wp-content\/uploads\/2025\/01\/gdgdfggd.png\",\"width\":1000,\"height\":1000},{\"@type\":\"BreadcrumbList\",\"@id\":\"https:\/\/idakorea.ee\/product\/barjaarkreem-kollageeni-ja-peptiididega-medipeel-red-lacto-collagen-barrier-cream\/#breadcrumb\",\"itemListElement\":[{\"@type\":\"ListItem\",\"position\":1,\"name\":\"\u0413\u043b\u0430\u0432\u043d\u0430\u044f \u0441\u0442\u0440\u0430\u043d\u0438\u0446\u0430\",\"item\":\"https:\/\/idakorea.ee\/\"},{\"@type\":\"ListItem\",\"position\":2,\"name\":\"Shop\",\"item\":\"https:\/\/idakorea.ee\/shop-2\/\"},{\"@type\":\"ListItem\",\"position\":3,\"name\":\"Barj\u00e4\u00e4rkreem kollageeni ja peptiididega Medipeel+ Lacto Collagen Barrier Cream, 80ml\"}]},{\"@type\":\"WebSite\",\"@id\":\"https:\/\/idakorea.ee\/#website\",\"url\":\"https:\/\/idakorea.ee\/\",\"name\":\"IDA.KOREA\",\"description\":\"Korea kosmeetika e-pood\",\"publisher\":{\"@id\":\"https:\/\/idakorea.ee\/#organization\"},\"alternateName\":\"Beauty Shop\",\"potentialAction\":[{\"@type\":\"SearchAction\",\"target\":{\"@type\":\"EntryPoint\",\"urlTemplate\":\"https:\/\/idakorea.ee\/?s={search_term_string}\"},\"query-input\":{\"@type\":\"PropertyValueSpecification\",\"valueRequired\":true,\"valueName\":\"search_term_string\"}}],\"inLanguage\":\"en-US\"},{\"@type\":\"Organization\",\"@id\":\"https:\/\/idakorea.ee\/#organization\",\"name\":\"IDA.KOREA\",\"url\":\"https:\/\/idakorea.ee\/\",\"logo\":{\"@type\":\"ImageObject\",\"inLanguage\":\"en-US\",\"@id\":\"https:\/\/idakorea.ee\/#\/schema\/logo\/image\/\",\"url\":\"https:\/\/idakorea.ee\/wp-content\/uploads\/2024\/05\/cropped-korea3.png\",\"contentUrl\":\"https:\/\/idakorea.ee\/wp-content\/uploads\/2024\/05\/cropped-korea3.png\",\"width\":688,\"height\":126,\"caption\":\"IDA.KOREA\"},\"image\":{\"@id\":\"https:\/\/idakorea.ee\/#\/schema\/logo\/image\/\"},\"sameAs\":[\"https:\/\/www.instagram.com\/ida.korea\/\"]}]}<\/script>\n<!-- \/ Yoast SEO plugin. -->","yoast_head_json":{"title":"Medipeel+ Lacto Collagen Barrier Cream, 80ml - IDA.KOREA","description":"Lacto Collagen Barrier Cream with collagen and peptides provides deep and long-lasting hydration to the skin, helping to combat the signs of aging.","robots":{"index":"index","follow":"follow","max-snippet":"max-snippet:-1","max-image-preview":"max-image-preview:large","max-video-preview":"max-video-preview:-1"},"canonical":"https:\/\/idakorea.ee\/en\/product\/barjaarkreem-kollageeni-ja-peptiididega-medipeel-red-lacto-collagen-barrier-cream\/","og_locale":"en_US","og_type":"article","og_title":"Medipeel+ Lacto Collagen Barrier Cream, 80ml - IDA.KOREA","og_description":"Barj\u00e4\u00e4rkreem kollageeni ja peptiididega Lacto Collagen Barrier Cream tagab naha s\u00fcgava ja pikaajalise niisutuse, aidates v\u00f5idelda vananemise ilmingutega.","og_url":"https:\/\/idakorea.ee\/en\/product\/barjaarkreem-kollageeni-ja-peptiididega-medipeel-red-lacto-collagen-barrier-cream\/","og_site_name":"IDA.KOREA","article_modified_time":"2026-03-25T08:22:09+00:00","og_image":[{"width":1000,"height":1000,"url":"https:\/\/idakorea.ee\/wp-content\/uploads\/2025\/01\/gdgdfggd.png","type":"image\/png"}],"twitter_card":"summary_large_image","twitter_misc":{"Est. reading time":"2 minutes"},"schema":{"@context":"https:\/\/schema.org","@graph":[{"@type":"WebPage","@id":"https:\/\/idakorea.ee\/product\/barjaarkreem-kollageeni-ja-peptiididega-medipeel-red-lacto-collagen-barrier-cream\/","url":"https:\/\/idakorea.ee\/product\/barjaarkreem-kollageeni-ja-peptiididega-medipeel-red-lacto-collagen-barrier-cream\/","name":"Medipeel+ Lacto Collagen Barrier Cream, 80ml - IDA.KOREA","isPartOf":{"@id":"https:\/\/idakorea.ee\/#website"},"primaryImageOfPage":{"@id":"https:\/\/idakorea.ee\/product\/barjaarkreem-kollageeni-ja-peptiididega-medipeel-red-lacto-collagen-barrier-cream\/#primaryimage"},"image":{"@id":"https:\/\/idakorea.ee\/product\/barjaarkreem-kollageeni-ja-peptiididega-medipeel-red-lacto-collagen-barrier-cream\/#primaryimage"},"thumbnailUrl":"https:\/\/idakorea.ee\/wp-content\/uploads\/2025\/01\/gdgdfggd.png","datePublished":"2025-01-17T15:54:18+00:00","dateModified":"2026-03-25T08:22:09+00:00","description":"Lacto Collagen Barrier Cream with collagen and peptides provides deep and long-lasting hydration to the skin, helping to combat the signs of aging.","breadcrumb":{"@id":"https:\/\/idakorea.ee\/product\/barjaarkreem-kollageeni-ja-peptiididega-medipeel-red-lacto-collagen-barrier-cream\/#breadcrumb"},"inLanguage":"en-US","potentialAction":[{"@type":"ReadAction","target":["https:\/\/idakorea.ee\/product\/barjaarkreem-kollageeni-ja-peptiididega-medipeel-red-lacto-collagen-barrier-cream\/"]}]},{"@type":"ImageObject","inLanguage":"en-US","@id":"https:\/\/idakorea.ee\/product\/barjaarkreem-kollageeni-ja-peptiididega-medipeel-red-lacto-collagen-barrier-cream\/#primaryimage","url":"https:\/\/idakorea.ee\/wp-content\/uploads\/2025\/01\/gdgdfggd.png","contentUrl":"https:\/\/idakorea.ee\/wp-content\/uploads\/2025\/01\/gdgdfggd.png","width":1000,"height":1000},{"@type":"BreadcrumbList","@id":"https:\/\/idakorea.ee\/product\/barjaarkreem-kollageeni-ja-peptiididega-medipeel-red-lacto-collagen-barrier-cream\/#breadcrumb","itemListElement":[{"@type":"ListItem","position":1,"name":"\u0413\u043b\u0430\u0432\u043d\u0430\u044f \u0441\u0442\u0440\u0430\u043d\u0438\u0446\u0430","item":"https:\/\/idakorea.ee\/"},{"@type":"ListItem","position":2,"name":"Shop","item":"https:\/\/idakorea.ee\/shop-2\/"},{"@type":"ListItem","position":3,"name":"Barj\u00e4\u00e4rkreem kollageeni ja peptiididega Medipeel+ Lacto Collagen Barrier Cream, 80ml"}]},{"@type":"WebSite","@id":"https:\/\/idakorea.ee\/#website","url":"https:\/\/idakorea.ee\/","name":"IDA.KOREA","description":"Korean cosmetics e-shop","publisher":{"@id":"https:\/\/idakorea.ee\/#organization"},"alternateName":"Beauty Shop","potentialAction":[{"@type":"SearchAction","target":{"@type":"EntryPoint","urlTemplate":"https:\/\/idakorea.ee\/?s={search_term_string}"},"query-input":{"@type":"PropertyValueSpecification","valueRequired":true,"valueName":"search_term_string"}}],"inLanguage":"en-US"},{"@type":"Organization","@id":"https:\/\/idakorea.ee\/#organization","name":"IDA.KOREA","url":"https:\/\/idakorea.ee\/","logo":{"@type":"ImageObject","inLanguage":"en-US","@id":"https:\/\/idakorea.ee\/#\/schema\/logo\/image\/","url":"https:\/\/idakorea.ee\/wp-content\/uploads\/2024\/05\/cropped-korea3.png","contentUrl":"https:\/\/idakorea.ee\/wp-content\/uploads\/2024\/05\/cropped-korea3.png","width":688,"height":126,"caption":"IDA.KOREA"},"image":{"@id":"https:\/\/idakorea.ee\/#\/schema\/logo\/image\/"},"sameAs":["https:\/\/www.instagram.com\/ida.korea\/"]}]}},"jetpack_sharing_enabled":true,"brands":[{"id":107,"name":"MEDIPEEL+","slug":"medipeel"}],"_links":{"self":[{"href":"https:\/\/idakorea.ee\/en\/wp-json\/wp\/v2\/product\/12308","targetHints":{"allow":["GET"]}}],"collection":[{"href":"https:\/\/idakorea.ee\/en\/wp-json\/wp\/v2\/product"}],"about":[{"href":"https:\/\/idakorea.ee\/en\/wp-json\/wp\/v2\/types\/product"}],"replies":[{"embeddable":true,"href":"https:\/\/idakorea.ee\/en\/wp-json\/wp\/v2\/comments?post=12308"}],"version-history":[{"count":6,"href":"https:\/\/idakorea.ee\/en\/wp-json\/wp\/v2\/product\/12308\/revisions"}],"predecessor-version":[{"id":16465,"href":"https:\/\/idakorea.ee\/en\/wp-json\/wp\/v2\/product\/12308\/revisions\/16465"}],"wp:featuredmedia":[{"embeddable":true,"href":"https:\/\/idakorea.ee\/en\/wp-json\/wp\/v2\/media\/12309"}],"wp:attachment":[{"href":"https:\/\/idakorea.ee\/en\/wp-json\/wp\/v2\/media?parent=12308"}],"wp:term":[{"taxonomy":"pwb-brand","embeddable":true,"href":"https:\/\/idakorea.ee\/en\/wp-json\/wp\/v2\/pwb-brand?post=12308"},{"taxonomy":"product_brand","embeddable":true,"href":"https:\/\/idakorea.ee\/en\/wp-json\/wp\/v2\/product_brand?post=12308"},{"taxonomy":"product_cat","embeddable":true,"href":"https:\/\/idakorea.ee\/en\/wp-json\/wp\/v2\/product_cat?post=12308"},{"taxonomy":"product_tag","embeddable":true,"href":"https:\/\/idakorea.ee\/en\/wp-json\/wp\/v2\/product_tag?post=12308"}],"curies":[{"name":"wp","href":"https:\/\/api.w.org\/{rel}","templated":true}]}}