{"id":12392,"date":"2025-01-25T10:45:40","date_gmt":"2025-01-25T08:45:40","guid":{"rendered":"https:\/\/idakorea.ee\/?post_type=product&#038;p=12392"},"modified":"2026-04-04T11:08:08","modified_gmt":"2026-04-04T09:08:08","slug":"tostvast-kangast-maskavajar-perfect-v-lifting-premium-mask","status":"publish","type":"product","link":"https:\/\/idakorea.ee\/en\/product\/tostvast-kangast-maskavajar-perfect-v-lifting-premium-mask\/","title":{"rendered":"Lifting fabric mask Avajar Perfect V Lifting Premium Mask"},"content":{"rendered":"<p><strong>Avajar Perfect V Lifting Premium Mask<\/strong> - a lifting fabric mask made of a specially developed elastic fabric that does not deform. The fabric adapts closely to the skin, providing the necessary compression effect. Thanks to this, the active components of the hydrogel layer reach the deeper layers of the skin. The active components of the mask have lipolytic, draining, anti-inflammatory, antioxidant, toning and biostimulating effects. They improve cell metabolism, triggering the skin's regeneration process.<\/p>\n<p>Glauciin increases skin tone. Combined with caffeine, glauciin helps to smooth the skin's texture and improve elasticity. Oligosaccharides help to remove excess sebum, destroy harmful bacteria that clog pores, increase skin elasticity and give skin a radiant glow. The mask tightens the chin and cheek area and smoothes \"marionette lines\". The lifting effect is visible after the first use.<\/p>\n<p><strong>Avajar Perfect V Lifting Premium Mask<\/strong> - a product that achieved more than 600 000 masks sold in Korea within 3 months of launch!<br \/>\nThe first of its kind to use a special high elasticity fabric to achieve a natural facial feel!<\/p>\n<p><strong>Note:<\/strong> If you feel discomfort in the ear area when using the mask, it has been stretched insufficiently before being applied to the face. Remove the mask, stretch it more and reattach it behind the ears.<\/p>\n<p><strong>User manual<\/strong><\/p>\n<ol>\n<li>Open the packaging and remove the protective film.<\/li>\n<li>Stretch out the mask and place the chin in the middle of the mask.<\/li>\n<li>Tuck the mask behind your ears so that your chin is in the middle.<\/li>\n<li>After use (1-2 hours recommended), gently massage both cheeks.<\/li>\n<li>One mask can be used up to three times - after use, place the protective film back over the hydrogel layer and return the mask to its packaging. It is advisable to store the opened mask in the refrigerator.<\/li>\n<\/ol>\n<p><strong>Recommended cure<\/strong><\/p>\n<ol>\n<li><strong>Correction course<\/strong>: 8-12 uses, once a week.<\/li>\n<li><strong>Intensive treatment<\/strong>: 12-15 uses, twice a week.<\/li>\n<li><strong>Maintenance cure<\/strong>: three uses, once every ten days.<\/li>\n<\/ol>","protected":false},"excerpt":{"rendered":"<p>Avajar Perfect V Lifting Premium Mask - a lifting fabric mask made from a specially developed elastic fabric that does not deform. The fabric adheres tightly to the skin, providing the necessary compression effect. Thanks to this, the active components of the hydrogel layer reach the deeper layers of the skin. The active components of the mask have lipolytic, draining, anti-inflammatory, antioxidant, toning and biostimulating effects. They improve cell metabolism, triggering the skin's regeneration process....<\/p>","protected":false},"featured_media":12394,"comment_status":"open","ping_status":"closed","template":"","meta":{"_uf_show_specific_survey":0,"_uf_disable_surveys":false,"_bst_post_transparent":"default","_bst_post_title":"","_bst_post_layout":"default","_bst_post_sidebar_id":"","_bst_post_content_style":"default","_bst_post_vertical_padding":"default","_bst_post_feature":"","_bst_post_feature_position":"","_bst_post_header":false,"_bst_post_footer":false},"pwb-brand":[782],"product_brand":[],"product_cat":[92,98],"product_tag":[568,783,466],"class_list":{"0":"post-12392","1":"product","2":"type-product","3":"status-publish","4":"has-post-thumbnail","6":"pwb-brand-avajar","7":"product_cat-nagu","8":"product_cat-naomaskid","9":"product_tag-korea","10":"product_tag-lifting-v-mask","11":"product_tag-premium","13":"first","14":"instock","15":"sale","16":"sold-individually","17":"shipping-taxable","18":"purchasable","19":"product-type-simple","20":"entry","21":"content-bg","22":"loop-entry"},"supplier_id":null,"supplier_sku":"","barcode":null,"atum_controlled":true,"out_stock_date":null,"out_stock_threshold":null,"inheritable":false,"inbound_stock":0,"stock_on_hold":0,"sold_today":0,"sales_last_days":2,"out_stock_days":0,"lost_sales":0,"has_location":false,"update_date":"2026-04-14T11:02:03","atum_locations":[],"atum_stock_status":"instock","restock_status":false,"low_stock_amount":"","sales_update_date":"2026-04-14T11:02:03","calc_backorders":null,"yoast_head":"<!-- This site is optimized with the Yoast SEO plugin v27.2 - https:\/\/yoast.com\/product\/yoast-seo-wordpress\/ -->\n<title>T\u00f5stvast kangast mask Avajar Perfect V Lifting Premium Mask - IDA.KOREA<\/title>\n<meta name=\"robots\" content=\"index, follow, max-snippet:-1, max-image-preview:large, max-video-preview:-1\" \/>\n<link rel=\"canonical\" href=\"https:\/\/idakorea.ee\/en\/product\/tostvast-kangast-maskavajar-perfect-v-lifting-premium-mask\/\" \/>\n<meta property=\"og:locale\" content=\"en_US\" \/>\n<meta property=\"og:type\" content=\"article\" \/>\n<meta property=\"og:title\" content=\"T\u00f5stvast kangast mask Avajar Perfect V Lifting Premium Mask - IDA.KOREA\" \/>\n<meta property=\"og:description\" content=\"Avajar Perfect V Lifting Premium Mask \u2013 t\u00f5stvast kangast mask, mis on valmistatud spetsiaalselt v\u00e4lja t\u00f6\u00f6tatud elastsekangast, mis ei deformeeru. Kangas sobitub tihedalt nahaga, pakkudes vajalikku kompressiooniefekti. T\u00e4nu sellele j\u00f5uavad h\u00fcdrogeelikihi aktiivsed komponendid naha s\u00fcgavamatesse kihtidesse. Maski aktiivsetel komponentidel on lipol\u00fc\u00fctiline, drenaa\u017ei, p\u00f5letikuvastane, antioks\u00fcdantne, toniseeriv ja biostimuleeriv toime. Need parandavad rakkude ainevahetust, k\u00e4ivitades naha taastumisprotsessi....\" \/>\n<meta property=\"og:url\" content=\"https:\/\/idakorea.ee\/en\/product\/tostvast-kangast-maskavajar-perfect-v-lifting-premium-mask\/\" \/>\n<meta property=\"og:site_name\" content=\"IDA.KOREA\" \/>\n<meta property=\"article:modified_time\" content=\"2026-04-04T09:08:08+00:00\" \/>\n<meta property=\"og:image\" content=\"https:\/\/idakorea.ee\/wp-content\/uploads\/2025\/01\/84103d5d19.jpg\" \/>\n\t<meta property=\"og:image:width\" content=\"600\" \/>\n\t<meta property=\"og:image:height\" content=\"600\" \/>\n\t<meta property=\"og:image:type\" content=\"image\/jpeg\" \/>\n<meta name=\"twitter:card\" content=\"summary_large_image\" \/>\n<meta name=\"twitter:label1\" content=\"Est. reading time\" \/>\n\t<meta name=\"twitter:data1\" content=\"2 minutes\" \/>\n<script type=\"application\/ld+json\" class=\"yoast-schema-graph\">{\"@context\":\"https:\/\/schema.org\",\"@graph\":[{\"@type\":\"WebPage\",\"@id\":\"https:\/\/idakorea.ee\/product\/tostvast-kangast-maskavajar-perfect-v-lifting-premium-mask\/\",\"url\":\"https:\/\/idakorea.ee\/product\/tostvast-kangast-maskavajar-perfect-v-lifting-premium-mask\/\",\"name\":\"T\u00f5stvast kangast mask Avajar Perfect V Lifting Premium Mask - IDA.KOREA\",\"isPartOf\":{\"@id\":\"https:\/\/idakorea.ee\/#website\"},\"primaryImageOfPage\":{\"@id\":\"https:\/\/idakorea.ee\/product\/tostvast-kangast-maskavajar-perfect-v-lifting-premium-mask\/#primaryimage\"},\"image\":{\"@id\":\"https:\/\/idakorea.ee\/product\/tostvast-kangast-maskavajar-perfect-v-lifting-premium-mask\/#primaryimage\"},\"thumbnailUrl\":\"https:\/\/idakorea.ee\/wp-content\/uploads\/2025\/01\/84103d5d19.jpg\",\"datePublished\":\"2025-01-25T08:45:40+00:00\",\"dateModified\":\"2026-04-04T09:08:08+00:00\",\"breadcrumb\":{\"@id\":\"https:\/\/idakorea.ee\/product\/tostvast-kangast-maskavajar-perfect-v-lifting-premium-mask\/#breadcrumb\"},\"inLanguage\":\"en-US\",\"potentialAction\":[{\"@type\":\"ReadAction\",\"target\":[\"https:\/\/idakorea.ee\/product\/tostvast-kangast-maskavajar-perfect-v-lifting-premium-mask\/\"]}]},{\"@type\":\"ImageObject\",\"inLanguage\":\"en-US\",\"@id\":\"https:\/\/idakorea.ee\/product\/tostvast-kangast-maskavajar-perfect-v-lifting-premium-mask\/#primaryimage\",\"url\":\"https:\/\/idakorea.ee\/wp-content\/uploads\/2025\/01\/84103d5d19.jpg\",\"contentUrl\":\"https:\/\/idakorea.ee\/wp-content\/uploads\/2025\/01\/84103d5d19.jpg\",\"width\":600,\"height\":600},{\"@type\":\"BreadcrumbList\",\"@id\":\"https:\/\/idakorea.ee\/product\/tostvast-kangast-maskavajar-perfect-v-lifting-premium-mask\/#breadcrumb\",\"itemListElement\":[{\"@type\":\"ListItem\",\"position\":1,\"name\":\"\u0413\u043b\u0430\u0432\u043d\u0430\u044f \u0441\u0442\u0440\u0430\u043d\u0438\u0446\u0430\",\"item\":\"https:\/\/idakorea.ee\/\"},{\"@type\":\"ListItem\",\"position\":2,\"name\":\"Shop\",\"item\":\"https:\/\/idakorea.ee\/shop-2\/\"},{\"@type\":\"ListItem\",\"position\":3,\"name\":\"T\u00f5stvast kangast mask Avajar Perfect V Lifting Premium Mask\"}]},{\"@type\":\"WebSite\",\"@id\":\"https:\/\/idakorea.ee\/#website\",\"url\":\"https:\/\/idakorea.ee\/\",\"name\":\"IDA.KOREA\",\"description\":\"Korea kosmeetika e-pood\",\"publisher\":{\"@id\":\"https:\/\/idakorea.ee\/#organization\"},\"alternateName\":\"Beauty Shop\",\"potentialAction\":[{\"@type\":\"SearchAction\",\"target\":{\"@type\":\"EntryPoint\",\"urlTemplate\":\"https:\/\/idakorea.ee\/?s={search_term_string}\"},\"query-input\":{\"@type\":\"PropertyValueSpecification\",\"valueRequired\":true,\"valueName\":\"search_term_string\"}}],\"inLanguage\":\"en-US\"},{\"@type\":\"Organization\",\"@id\":\"https:\/\/idakorea.ee\/#organization\",\"name\":\"IDA.KOREA\",\"url\":\"https:\/\/idakorea.ee\/\",\"logo\":{\"@type\":\"ImageObject\",\"inLanguage\":\"en-US\",\"@id\":\"https:\/\/idakorea.ee\/#\/schema\/logo\/image\/\",\"url\":\"https:\/\/idakorea.ee\/wp-content\/uploads\/2024\/05\/cropped-korea3.png\",\"contentUrl\":\"https:\/\/idakorea.ee\/wp-content\/uploads\/2024\/05\/cropped-korea3.png\",\"width\":688,\"height\":126,\"caption\":\"IDA.KOREA\"},\"image\":{\"@id\":\"https:\/\/idakorea.ee\/#\/schema\/logo\/image\/\"},\"sameAs\":[\"https:\/\/www.instagram.com\/ida.korea\/\"]}]}<\/script>\n<!-- \/ Yoast SEO plugin. -->","yoast_head_json":{"title":"Lifting fabric mask Avajar Perfect V Lifting Premium Mask - IDA.KOREA","robots":{"index":"index","follow":"follow","max-snippet":"max-snippet:-1","max-image-preview":"max-image-preview:large","max-video-preview":"max-video-preview:-1"},"canonical":"https:\/\/idakorea.ee\/en\/product\/tostvast-kangast-maskavajar-perfect-v-lifting-premium-mask\/","og_locale":"en_US","og_type":"article","og_title":"T\u00f5stvast kangast mask Avajar Perfect V Lifting Premium Mask - IDA.KOREA","og_description":"Avajar Perfect V Lifting Premium Mask \u2013 t\u00f5stvast kangast mask, mis on valmistatud spetsiaalselt v\u00e4lja t\u00f6\u00f6tatud elastsekangast, mis ei deformeeru. Kangas sobitub tihedalt nahaga, pakkudes vajalikku kompressiooniefekti. T\u00e4nu sellele j\u00f5uavad h\u00fcdrogeelikihi aktiivsed komponendid naha s\u00fcgavamatesse kihtidesse. Maski aktiivsetel komponentidel on lipol\u00fc\u00fctiline, drenaa\u017ei, p\u00f5letikuvastane, antioks\u00fcdantne, toniseeriv ja biostimuleeriv toime. Need parandavad rakkude ainevahetust, k\u00e4ivitades naha taastumisprotsessi....","og_url":"https:\/\/idakorea.ee\/en\/product\/tostvast-kangast-maskavajar-perfect-v-lifting-premium-mask\/","og_site_name":"IDA.KOREA","article_modified_time":"2026-04-04T09:08:08+00:00","og_image":[{"width":600,"height":600,"url":"https:\/\/idakorea.ee\/wp-content\/uploads\/2025\/01\/84103d5d19.jpg","type":"image\/jpeg"}],"twitter_card":"summary_large_image","twitter_misc":{"Est. reading time":"2 minutes"},"schema":{"@context":"https:\/\/schema.org","@graph":[{"@type":"WebPage","@id":"https:\/\/idakorea.ee\/product\/tostvast-kangast-maskavajar-perfect-v-lifting-premium-mask\/","url":"https:\/\/idakorea.ee\/product\/tostvast-kangast-maskavajar-perfect-v-lifting-premium-mask\/","name":"Lifting fabric mask Avajar Perfect V Lifting Premium Mask - IDA.KOREA","isPartOf":{"@id":"https:\/\/idakorea.ee\/#website"},"primaryImageOfPage":{"@id":"https:\/\/idakorea.ee\/product\/tostvast-kangast-maskavajar-perfect-v-lifting-premium-mask\/#primaryimage"},"image":{"@id":"https:\/\/idakorea.ee\/product\/tostvast-kangast-maskavajar-perfect-v-lifting-premium-mask\/#primaryimage"},"thumbnailUrl":"https:\/\/idakorea.ee\/wp-content\/uploads\/2025\/01\/84103d5d19.jpg","datePublished":"2025-01-25T08:45:40+00:00","dateModified":"2026-04-04T09:08:08+00:00","breadcrumb":{"@id":"https:\/\/idakorea.ee\/product\/tostvast-kangast-maskavajar-perfect-v-lifting-premium-mask\/#breadcrumb"},"inLanguage":"en-US","potentialAction":[{"@type":"ReadAction","target":["https:\/\/idakorea.ee\/product\/tostvast-kangast-maskavajar-perfect-v-lifting-premium-mask\/"]}]},{"@type":"ImageObject","inLanguage":"en-US","@id":"https:\/\/idakorea.ee\/product\/tostvast-kangast-maskavajar-perfect-v-lifting-premium-mask\/#primaryimage","url":"https:\/\/idakorea.ee\/wp-content\/uploads\/2025\/01\/84103d5d19.jpg","contentUrl":"https:\/\/idakorea.ee\/wp-content\/uploads\/2025\/01\/84103d5d19.jpg","width":600,"height":600},{"@type":"BreadcrumbList","@id":"https:\/\/idakorea.ee\/product\/tostvast-kangast-maskavajar-perfect-v-lifting-premium-mask\/#breadcrumb","itemListElement":[{"@type":"ListItem","position":1,"name":"\u0413\u043b\u0430\u0432\u043d\u0430\u044f \u0441\u0442\u0440\u0430\u043d\u0438\u0446\u0430","item":"https:\/\/idakorea.ee\/"},{"@type":"ListItem","position":2,"name":"Shop","item":"https:\/\/idakorea.ee\/shop-2\/"},{"@type":"ListItem","position":3,"name":"T\u00f5stvast kangast mask Avajar Perfect V Lifting Premium Mask"}]},{"@type":"WebSite","@id":"https:\/\/idakorea.ee\/#website","url":"https:\/\/idakorea.ee\/","name":"IDA.KOREA","description":"Korean cosmetics e-shop","publisher":{"@id":"https:\/\/idakorea.ee\/#organization"},"alternateName":"Beauty Shop","potentialAction":[{"@type":"SearchAction","target":{"@type":"EntryPoint","urlTemplate":"https:\/\/idakorea.ee\/?s={search_term_string}"},"query-input":{"@type":"PropertyValueSpecification","valueRequired":true,"valueName":"search_term_string"}}],"inLanguage":"en-US"},{"@type":"Organization","@id":"https:\/\/idakorea.ee\/#organization","name":"IDA.KOREA","url":"https:\/\/idakorea.ee\/","logo":{"@type":"ImageObject","inLanguage":"en-US","@id":"https:\/\/idakorea.ee\/#\/schema\/logo\/image\/","url":"https:\/\/idakorea.ee\/wp-content\/uploads\/2024\/05\/cropped-korea3.png","contentUrl":"https:\/\/idakorea.ee\/wp-content\/uploads\/2024\/05\/cropped-korea3.png","width":688,"height":126,"caption":"IDA.KOREA"},"image":{"@id":"https:\/\/idakorea.ee\/#\/schema\/logo\/image\/"},"sameAs":["https:\/\/www.instagram.com\/ida.korea\/"]}]}},"jetpack_sharing_enabled":true,"brands":[{"id":782,"name":"AVAJAR","slug":"avajar"}],"_links":{"self":[{"href":"https:\/\/idakorea.ee\/en\/wp-json\/wp\/v2\/product\/12392","targetHints":{"allow":["GET"]}}],"collection":[{"href":"https:\/\/idakorea.ee\/en\/wp-json\/wp\/v2\/product"}],"about":[{"href":"https:\/\/idakorea.ee\/en\/wp-json\/wp\/v2\/types\/product"}],"replies":[{"embeddable":true,"href":"https:\/\/idakorea.ee\/en\/wp-json\/wp\/v2\/comments?post=12392"}],"version-history":[{"count":2,"href":"https:\/\/idakorea.ee\/en\/wp-json\/wp\/v2\/product\/12392\/revisions"}],"predecessor-version":[{"id":12398,"href":"https:\/\/idakorea.ee\/en\/wp-json\/wp\/v2\/product\/12392\/revisions\/12398"}],"wp:featuredmedia":[{"embeddable":true,"href":"https:\/\/idakorea.ee\/en\/wp-json\/wp\/v2\/media\/12394"}],"wp:attachment":[{"href":"https:\/\/idakorea.ee\/en\/wp-json\/wp\/v2\/media?parent=12392"}],"wp:term":[{"taxonomy":"pwb-brand","embeddable":true,"href":"https:\/\/idakorea.ee\/en\/wp-json\/wp\/v2\/pwb-brand?post=12392"},{"taxonomy":"product_brand","embeddable":true,"href":"https:\/\/idakorea.ee\/en\/wp-json\/wp\/v2\/product_brand?post=12392"},{"taxonomy":"product_cat","embeddable":true,"href":"https:\/\/idakorea.ee\/en\/wp-json\/wp\/v2\/product_cat?post=12392"},{"taxonomy":"product_tag","embeddable":true,"href":"https:\/\/idakorea.ee\/en\/wp-json\/wp\/v2\/product_tag?post=12392"}],"curies":[{"name":"wp","href":"https:\/\/api.w.org\/{rel}","templated":true}]}}