{"id":12501,"date":"2025-02-05T15:30:15","date_gmt":"2025-02-05T13:30:15","guid":{"rendered":"https:\/\/idakorea.ee\/?post_type=product&#038;p=12501"},"modified":"2026-04-03T14:40:57","modified_gmt":"2026-04-03T12:40:57","slug":"reisikomplekt-kaseveemahlaga-round-lab-birch-juice-trial-kit","status":"publish","type":"product","link":"https:\/\/idakorea.ee\/en\/product\/reisikomplekt-kaseveemahlaga-round-lab-birch-juice-trial-kit\/","title":{"rendered":"Travel kit with birch sap Round Lab Birch Juice Trial Kit"},"content":{"rendered":"<p><strong>Round Lab Birch Juice Trial Kit<\/strong> is the ideal opportunity to discover the brand's moisturising products. The products in the kit replenish the skin's moisture reserves and reinforce its protective functions. They help maintain the skin's natural pH balance and hydrolipidic barrier, reducing sensitivity and reactivity.<\/p>\n<p>The main active ingredient in all products is birch sap (10 000 ppm), which intensively moisturises, provides minerals and amino acids and helps to maintain a smooth and radiant complexion. It also regulates oil secretion, maintaining the skin's moisture and oil balance, strengthening the protective barrier and reducing skin sensitivity.<\/p>\n<p><strong>Products included:<\/strong><\/p>\n<ul>\n<li><strong>Moisturizing cleansing gel with Birch Juice Round Lab Birch Juice Moisturizing Cleanser (30 ml) - <\/strong>contains coconut-based natural surfactants. The gentle formula cleanses and exfoliates the skin, preserving its protective barrier and preventing dryness and itchiness.<\/li>\n<li><strong>Moisturizing Toner with Birch Juice Round Lab Birch Juice Moisturizing Toner (20 ml) - - <\/strong>restores the skin's natural pH level after cleansing, moisturises, soothes, reduces irritation, itching and redness.<\/li>\n<li><strong>Liposome Deep Moisturizing Ampoule Round Lab Birch Juice Moisturizing Ampoule (10 ml) -<\/strong> provides intensive hydration, provides vitamins and minerals and restores the skin's microbiome. Increases skin elasticity, firmness and gives a healthy glow.<\/li>\n<li><strong>Moisturizing cream for sensitive skin Round Lab Birch Juice Moisturizing Cream (20 ml) - <\/strong>fills lipid deficits and helps skin cells retain moisture. It evens skin tone and texture, preventing dryness and flakiness.<\/li>\n<\/ul>\n<p><strong>User manual:<\/strong><\/p>\n<ul>\n<li><strong>Cleansing gel:<\/strong> lather the gel between your hands, apply to the skin, massage gently and rinse with warm water.<\/li>\n<li><strong>Toonik:<\/strong> apply to cleansed skin either with the palms of the hands or with a cotton pad. Follow with a serum or cream. Toner-infused cotton pads can also be used as a topical mask - keep on the skin for 5-10 minutes, then remove and allow the remaining toner to absorb.<\/li>\n<li><strong>Serum:<\/strong> apply the required amount of serum to cleansed and toned skin, massage in gently and then apply the cream.<\/li>\n<li class=\"translation-block\"><strong>Cream:<\/strong> Apply last to the skin to finish the treatment and lock in moisture.<\/li>\n<\/ul>","protected":false},"excerpt":{"rendered":"<p>The Round Lab Birch Juice Trial Kit is the perfect way to get to know the brand's moisturising products. The products included in the kit replenish the skin's moisture reserves and strengthen its protective functions. They help maintain the skin's natural pH balance and hydrolipidic barrier, reducing sensitivity and reactivity. The main active ingredient in all the products is plant water juice (10 000 ppm), which intensively moisturises, replenishes the skin with minerals and amino acids, and helps...<\/p>","protected":false},"featured_media":12508,"comment_status":"open","ping_status":"closed","template":"","meta":{"_uf_show_specific_survey":0,"_uf_disable_surveys":false,"_bst_post_transparent":"default","_bst_post_title":"","_bst_post_layout":"default","_bst_post_sidebar_id":"","_bst_post_content_style":"default","_bst_post_vertical_padding":"default","_bst_post_feature":"","_bst_post_feature_position":"","_bst_post_header":false,"_bst_post_footer":false},"pwb-brand":[645],"product_brand":[],"product_cat":[95],"product_tag":[202,786,547],"class_list":{"0":"post-12501","1":"product","2":"type-product","3":"status-publish","4":"has-post-thumbnail","6":"pwb-brand-round-lab","7":"product_cat-komplektid","8":"product_tag-korea-kosmeetika","9":"product_tag-round-lb","10":"product_tag-travel-kit","12":"first","13":"instock","14":"sale","15":"shipping-taxable","16":"purchasable","17":"product-type-simple","18":"entry","19":"content-bg","20":"loop-entry"},"supplier_id":null,"supplier_sku":"","barcode":null,"atum_controlled":true,"out_stock_date":null,"out_stock_threshold":null,"inheritable":false,"inbound_stock":0,"stock_on_hold":0,"sold_today":0,"sales_last_days":2,"out_stock_days":0,"lost_sales":0,"has_location":false,"update_date":"2026-04-14T11:02:03","atum_locations":[],"atum_stock_status":"instock","restock_status":false,"low_stock_amount":"","sales_update_date":"2026-04-14T11:02:03","calc_backorders":null,"yoast_head":"<!-- This site is optimized with the Yoast SEO plugin v27.2 - https:\/\/yoast.com\/product\/yoast-seo-wordpress\/ -->\n<title>Reisikomplekt kaseveemahlaga Round Lab Birch Juice Trial Kit - IDA.KOREA<\/title>\n<meta name=\"robots\" content=\"index, follow, max-snippet:-1, max-image-preview:large, max-video-preview:-1\" \/>\n<link rel=\"canonical\" href=\"https:\/\/idakorea.ee\/en\/product\/reisikomplekt-kaseveemahlaga-round-lab-birch-juice-trial-kit\/\" \/>\n<meta property=\"og:locale\" content=\"en_US\" \/>\n<meta property=\"og:type\" content=\"article\" \/>\n<meta property=\"og:title\" content=\"Reisikomplekt kaseveemahlaga Round Lab Birch Juice Trial Kit - IDA.KOREA\" \/>\n<meta property=\"og:description\" content=\"Round Lab Birch Juice Trial Kit on ideaalne v\u00f5imalus tutvuda br\u00e4ndi niisutavate toodetega. Komplekti kuuluvad tooted t\u00e4idavad naha niiskusvarusid ja tugevdavad selle kaitsefunktsioone. Need aitavad s\u00e4ilitada naha loomulikku pH-tasakaalu ja h\u00fcdrolipiidset kaitsekihti, v\u00e4hendades tundlikkust ja reaktiivsust. K\u00f5igi toodete peamine toimeaine on kaseveemahl (10 000 ppm), mis niisutab intensiivselt, varustab nahka mineraalide ja aminohapetega ning aitab...\" \/>\n<meta property=\"og:url\" content=\"https:\/\/idakorea.ee\/en\/product\/reisikomplekt-kaseveemahlaga-round-lab-birch-juice-trial-kit\/\" \/>\n<meta property=\"og:site_name\" content=\"IDA.KOREA\" \/>\n<meta property=\"article:modified_time\" content=\"2026-04-03T12:40:57+00:00\" \/>\n<meta property=\"og:image\" content=\"https:\/\/idakorea.ee\/wp-content\/uploads\/2025\/02\/1cc4e_f357_88c9.jpg\" \/>\n\t<meta property=\"og:image:width\" content=\"800\" \/>\n\t<meta property=\"og:image:height\" content=\"800\" \/>\n\t<meta property=\"og:image:type\" content=\"image\/jpeg\" \/>\n<meta name=\"twitter:card\" content=\"summary_large_image\" \/>\n<meta name=\"twitter:label1\" content=\"Est. reading time\" \/>\n\t<meta name=\"twitter:data1\" content=\"2 minutes\" \/>\n<script type=\"application\/ld+json\" class=\"yoast-schema-graph\">{\"@context\":\"https:\/\/schema.org\",\"@graph\":[{\"@type\":\"WebPage\",\"@id\":\"https:\/\/idakorea.ee\/product\/reisikomplekt-kaseveemahlaga-round-lab-birch-juice-trial-kit\/\",\"url\":\"https:\/\/idakorea.ee\/product\/reisikomplekt-kaseveemahlaga-round-lab-birch-juice-trial-kit\/\",\"name\":\"Reisikomplekt kaseveemahlaga Round Lab Birch Juice Trial Kit - IDA.KOREA\",\"isPartOf\":{\"@id\":\"https:\/\/idakorea.ee\/#website\"},\"primaryImageOfPage\":{\"@id\":\"https:\/\/idakorea.ee\/product\/reisikomplekt-kaseveemahlaga-round-lab-birch-juice-trial-kit\/#primaryimage\"},\"image\":{\"@id\":\"https:\/\/idakorea.ee\/product\/reisikomplekt-kaseveemahlaga-round-lab-birch-juice-trial-kit\/#primaryimage\"},\"thumbnailUrl\":\"https:\/\/idakorea.ee\/wp-content\/uploads\/2025\/02\/1cc4e_f357_88c9.jpg\",\"datePublished\":\"2025-02-05T13:30:15+00:00\",\"dateModified\":\"2026-04-03T12:40:57+00:00\",\"breadcrumb\":{\"@id\":\"https:\/\/idakorea.ee\/product\/reisikomplekt-kaseveemahlaga-round-lab-birch-juice-trial-kit\/#breadcrumb\"},\"inLanguage\":\"en-US\",\"potentialAction\":[{\"@type\":\"ReadAction\",\"target\":[\"https:\/\/idakorea.ee\/product\/reisikomplekt-kaseveemahlaga-round-lab-birch-juice-trial-kit\/\"]}]},{\"@type\":\"ImageObject\",\"inLanguage\":\"en-US\",\"@id\":\"https:\/\/idakorea.ee\/product\/reisikomplekt-kaseveemahlaga-round-lab-birch-juice-trial-kit\/#primaryimage\",\"url\":\"https:\/\/idakorea.ee\/wp-content\/uploads\/2025\/02\/1cc4e_f357_88c9.jpg\",\"contentUrl\":\"https:\/\/idakorea.ee\/wp-content\/uploads\/2025\/02\/1cc4e_f357_88c9.jpg\",\"width\":800,\"height\":800},{\"@type\":\"BreadcrumbList\",\"@id\":\"https:\/\/idakorea.ee\/product\/reisikomplekt-kaseveemahlaga-round-lab-birch-juice-trial-kit\/#breadcrumb\",\"itemListElement\":[{\"@type\":\"ListItem\",\"position\":1,\"name\":\"\u0413\u043b\u0430\u0432\u043d\u0430\u044f \u0441\u0442\u0440\u0430\u043d\u0438\u0446\u0430\",\"item\":\"https:\/\/idakorea.ee\/\"},{\"@type\":\"ListItem\",\"position\":2,\"name\":\"Shop\",\"item\":\"https:\/\/idakorea.ee\/shop-2\/\"},{\"@type\":\"ListItem\",\"position\":3,\"name\":\"Reisikomplekt kaseveemahlaga Round Lab Birch Juice Trial Kit\"}]},{\"@type\":\"WebSite\",\"@id\":\"https:\/\/idakorea.ee\/#website\",\"url\":\"https:\/\/idakorea.ee\/\",\"name\":\"IDA.KOREA\",\"description\":\"Korea kosmeetika e-pood\",\"publisher\":{\"@id\":\"https:\/\/idakorea.ee\/#organization\"},\"alternateName\":\"Beauty Shop\",\"potentialAction\":[{\"@type\":\"SearchAction\",\"target\":{\"@type\":\"EntryPoint\",\"urlTemplate\":\"https:\/\/idakorea.ee\/?s={search_term_string}\"},\"query-input\":{\"@type\":\"PropertyValueSpecification\",\"valueRequired\":true,\"valueName\":\"search_term_string\"}}],\"inLanguage\":\"en-US\"},{\"@type\":\"Organization\",\"@id\":\"https:\/\/idakorea.ee\/#organization\",\"name\":\"IDA.KOREA\",\"url\":\"https:\/\/idakorea.ee\/\",\"logo\":{\"@type\":\"ImageObject\",\"inLanguage\":\"en-US\",\"@id\":\"https:\/\/idakorea.ee\/#\/schema\/logo\/image\/\",\"url\":\"https:\/\/idakorea.ee\/wp-content\/uploads\/2024\/05\/cropped-korea3.png\",\"contentUrl\":\"https:\/\/idakorea.ee\/wp-content\/uploads\/2024\/05\/cropped-korea3.png\",\"width\":688,\"height\":126,\"caption\":\"IDA.KOREA\"},\"image\":{\"@id\":\"https:\/\/idakorea.ee\/#\/schema\/logo\/image\/\"},\"sameAs\":[\"https:\/\/www.instagram.com\/ida.korea\/\"]}]}<\/script>\n<!-- \/ Yoast SEO plugin. -->","yoast_head_json":{"title":"Round Lab Birch Juice Trial Kit with birch sap - IDA.KOREA","robots":{"index":"index","follow":"follow","max-snippet":"max-snippet:-1","max-image-preview":"max-image-preview:large","max-video-preview":"max-video-preview:-1"},"canonical":"https:\/\/idakorea.ee\/en\/product\/reisikomplekt-kaseveemahlaga-round-lab-birch-juice-trial-kit\/","og_locale":"en_US","og_type":"article","og_title":"Reisikomplekt kaseveemahlaga Round Lab Birch Juice Trial Kit - IDA.KOREA","og_description":"Round Lab Birch Juice Trial Kit on ideaalne v\u00f5imalus tutvuda br\u00e4ndi niisutavate toodetega. Komplekti kuuluvad tooted t\u00e4idavad naha niiskusvarusid ja tugevdavad selle kaitsefunktsioone. Need aitavad s\u00e4ilitada naha loomulikku pH-tasakaalu ja h\u00fcdrolipiidset kaitsekihti, v\u00e4hendades tundlikkust ja reaktiivsust. K\u00f5igi toodete peamine toimeaine on kaseveemahl (10 000 ppm), mis niisutab intensiivselt, varustab nahka mineraalide ja aminohapetega ning aitab...","og_url":"https:\/\/idakorea.ee\/en\/product\/reisikomplekt-kaseveemahlaga-round-lab-birch-juice-trial-kit\/","og_site_name":"IDA.KOREA","article_modified_time":"2026-04-03T12:40:57+00:00","og_image":[{"width":800,"height":800,"url":"https:\/\/idakorea.ee\/wp-content\/uploads\/2025\/02\/1cc4e_f357_88c9.jpg","type":"image\/jpeg"}],"twitter_card":"summary_large_image","twitter_misc":{"Est. reading time":"2 minutes"},"schema":{"@context":"https:\/\/schema.org","@graph":[{"@type":"WebPage","@id":"https:\/\/idakorea.ee\/product\/reisikomplekt-kaseveemahlaga-round-lab-birch-juice-trial-kit\/","url":"https:\/\/idakorea.ee\/product\/reisikomplekt-kaseveemahlaga-round-lab-birch-juice-trial-kit\/","name":"Round Lab Birch Juice Trial Kit with birch sap - IDA.KOREA","isPartOf":{"@id":"https:\/\/idakorea.ee\/#website"},"primaryImageOfPage":{"@id":"https:\/\/idakorea.ee\/product\/reisikomplekt-kaseveemahlaga-round-lab-birch-juice-trial-kit\/#primaryimage"},"image":{"@id":"https:\/\/idakorea.ee\/product\/reisikomplekt-kaseveemahlaga-round-lab-birch-juice-trial-kit\/#primaryimage"},"thumbnailUrl":"https:\/\/idakorea.ee\/wp-content\/uploads\/2025\/02\/1cc4e_f357_88c9.jpg","datePublished":"2025-02-05T13:30:15+00:00","dateModified":"2026-04-03T12:40:57+00:00","breadcrumb":{"@id":"https:\/\/idakorea.ee\/product\/reisikomplekt-kaseveemahlaga-round-lab-birch-juice-trial-kit\/#breadcrumb"},"inLanguage":"en-US","potentialAction":[{"@type":"ReadAction","target":["https:\/\/idakorea.ee\/product\/reisikomplekt-kaseveemahlaga-round-lab-birch-juice-trial-kit\/"]}]},{"@type":"ImageObject","inLanguage":"en-US","@id":"https:\/\/idakorea.ee\/product\/reisikomplekt-kaseveemahlaga-round-lab-birch-juice-trial-kit\/#primaryimage","url":"https:\/\/idakorea.ee\/wp-content\/uploads\/2025\/02\/1cc4e_f357_88c9.jpg","contentUrl":"https:\/\/idakorea.ee\/wp-content\/uploads\/2025\/02\/1cc4e_f357_88c9.jpg","width":800,"height":800},{"@type":"BreadcrumbList","@id":"https:\/\/idakorea.ee\/product\/reisikomplekt-kaseveemahlaga-round-lab-birch-juice-trial-kit\/#breadcrumb","itemListElement":[{"@type":"ListItem","position":1,"name":"\u0413\u043b\u0430\u0432\u043d\u0430\u044f \u0441\u0442\u0440\u0430\u043d\u0438\u0446\u0430","item":"https:\/\/idakorea.ee\/"},{"@type":"ListItem","position":2,"name":"Shop","item":"https:\/\/idakorea.ee\/shop-2\/"},{"@type":"ListItem","position":3,"name":"Reisikomplekt kaseveemahlaga Round Lab Birch Juice Trial Kit"}]},{"@type":"WebSite","@id":"https:\/\/idakorea.ee\/#website","url":"https:\/\/idakorea.ee\/","name":"IDA.KOREA","description":"Korean cosmetics e-shop","publisher":{"@id":"https:\/\/idakorea.ee\/#organization"},"alternateName":"Beauty Shop","potentialAction":[{"@type":"SearchAction","target":{"@type":"EntryPoint","urlTemplate":"https:\/\/idakorea.ee\/?s={search_term_string}"},"query-input":{"@type":"PropertyValueSpecification","valueRequired":true,"valueName":"search_term_string"}}],"inLanguage":"en-US"},{"@type":"Organization","@id":"https:\/\/idakorea.ee\/#organization","name":"IDA.KOREA","url":"https:\/\/idakorea.ee\/","logo":{"@type":"ImageObject","inLanguage":"en-US","@id":"https:\/\/idakorea.ee\/#\/schema\/logo\/image\/","url":"https:\/\/idakorea.ee\/wp-content\/uploads\/2024\/05\/cropped-korea3.png","contentUrl":"https:\/\/idakorea.ee\/wp-content\/uploads\/2024\/05\/cropped-korea3.png","width":688,"height":126,"caption":"IDA.KOREA"},"image":{"@id":"https:\/\/idakorea.ee\/#\/schema\/logo\/image\/"},"sameAs":["https:\/\/www.instagram.com\/ida.korea\/"]}]}},"jetpack_sharing_enabled":true,"brands":[{"id":645,"name":"ROUND LAB","slug":"round-lab"}],"_links":{"self":[{"href":"https:\/\/idakorea.ee\/en\/wp-json\/wp\/v2\/product\/12501","targetHints":{"allow":["GET"]}}],"collection":[{"href":"https:\/\/idakorea.ee\/en\/wp-json\/wp\/v2\/product"}],"about":[{"href":"https:\/\/idakorea.ee\/en\/wp-json\/wp\/v2\/types\/product"}],"replies":[{"embeddable":true,"href":"https:\/\/idakorea.ee\/en\/wp-json\/wp\/v2\/comments?post=12501"}],"version-history":[{"count":3,"href":"https:\/\/idakorea.ee\/en\/wp-json\/wp\/v2\/product\/12501\/revisions"}],"predecessor-version":[{"id":17528,"href":"https:\/\/idakorea.ee\/en\/wp-json\/wp\/v2\/product\/12501\/revisions\/17528"}],"wp:featuredmedia":[{"embeddable":true,"href":"https:\/\/idakorea.ee\/en\/wp-json\/wp\/v2\/media\/12508"}],"wp:attachment":[{"href":"https:\/\/idakorea.ee\/en\/wp-json\/wp\/v2\/media?parent=12501"}],"wp:term":[{"taxonomy":"pwb-brand","embeddable":true,"href":"https:\/\/idakorea.ee\/en\/wp-json\/wp\/v2\/pwb-brand?post=12501"},{"taxonomy":"product_brand","embeddable":true,"href":"https:\/\/idakorea.ee\/en\/wp-json\/wp\/v2\/product_brand?post=12501"},{"taxonomy":"product_cat","embeddable":true,"href":"https:\/\/idakorea.ee\/en\/wp-json\/wp\/v2\/product_cat?post=12501"},{"taxonomy":"product_tag","embeddable":true,"href":"https:\/\/idakorea.ee\/en\/wp-json\/wp\/v2\/product_tag?post=12501"}],"curies":[{"name":"wp","href":"https:\/\/api.w.org\/{rel}","templated":true}]}}