{"id":12513,"date":"2025-02-06T09:54:32","date_gmt":"2025-02-06T07:54:32","guid":{"rendered":"https:\/\/idakorea.ee\/?post_type=product&#038;p=12513"},"modified":"2026-03-27T12:07:53","modified_gmt":"2026-03-27T10:07:53","slug":"lux-varskendav-puhastusvaht-hera-refreshing-cleansing-foam-50g","status":"publish","type":"product","link":"https:\/\/idakorea.ee\/en\/product\/lux-varskendav-puhastusvaht-hera-refreshing-cleansing-foam-50g\/","title":{"rendered":"Lux Refreshing Cleansing Foam Hera Refreshing Cleansing Foam, 50g"},"content":{"rendered":"<p><strong>HERA Refreshing Cleansing Foam<\/strong> is a cleansing foam designed to effectively remove make-up residue, dirt and dead skin cells while providing hydration and freshness.<\/p>\n<p><strong>Main active ingredients:<\/strong><\/p>\n<ul>\n<li><strong>3-AHA complex<\/strong> (citric, lactic and glycolic acid) - gently exfoliates the skin, removing dead cells and helping to renew the skin, making it smoother.<\/li>\n<li><strong>Cellulose microparticles<\/strong> - provide a gentle exfoliating effect, deeply cleansing the skin and improving its texture.<\/li>\n<li><strong>Pink peptide and hydroceramide complex<\/strong> - deeply moisturise the skin even after cleansing, preventing dryness and itchiness, leaving it soft and supple.<\/li>\n<\/ul>\n<p><strong>Advantages of use:<\/strong><\/p>\n<p><strong>Effective cleaning:<\/strong><br \/>\nThe rich and soft foam deeply cleanses pores, removing make-up, excess oil and dirt.<\/p>\n<p><strong>Exfoliation and skin renewal: <\/strong>The 3-AHA complex and cellulose micro-particles help to remove dead cells, improving the texture and tone of the skin.<\/p>\n<p><strong>Moisture and comfort:<\/strong><br \/>\nPink peptide and a complex of hydroceramides provide deep hydration, preventing dryness and a chafing sensation after washing.<\/p>\n<p>&nbsp;<\/p>\n<p><strong>Suitable for all skin types: <\/strong>The gentle formula cleanses the skin without irritating it, making it suitable for sensitive skin.<\/p>\n<p><strong>User manual: <\/strong>Wash your face with warm water. Apply a small amount of cleansing foam to the palm of the hand and whip into a rich lather. Gently massage the foam onto the face, paying particular attention to the contaminated areas. Rinse thoroughly with warm water and then close the pores by rinsing the face with cool water.<\/p>","protected":false},"excerpt":{"rendered":"<p>HERA Refreshing Cleansing Foam is a cleansing foam designed to effectively remove make-up residue, dirt and dead skin cells while providing hydration and freshness. Main active ingredients. Cellulose micro-particles - provide a gentle exfoliating effect, cleansing the skin deeply and...<\/p>","protected":false},"featured_media":12514,"comment_status":"open","ping_status":"closed","template":"","meta":{"_uf_show_specific_survey":0,"_uf_disable_surveys":false,"_bst_post_transparent":"default","_bst_post_title":"","_bst_post_layout":"default","_bst_post_sidebar_id":"","_bst_post_content_style":"default","_bst_post_vertical_padding":"default","_bst_post_feature":"","_bst_post_feature_position":"","_bst_post_header":false,"_bst_post_footer":false},"pwb-brand":[485],"product_brand":[],"product_cat":[92,452,100],"product_tag":[669,465,466],"class_list":{"0":"post-12513","1":"product","2":"type-product","3":"status-publish","4":"has-post-thumbnail","6":"pwb-brand-hera","7":"product_cat-nagu","8":"product_cat-naopuhastusgeelid","9":"product_cat-puhastusvahendid","10":"product_tag-hera","11":"product_tag-korea-lux","12":"product_tag-premium","14":"first","15":"instock","16":"sale","17":"shipping-taxable","18":"purchasable","19":"product-type-simple","20":"entry","21":"content-bg","22":"loop-entry"},"supplier_id":null,"supplier_sku":"","barcode":null,"atum_controlled":true,"out_stock_date":null,"out_stock_threshold":null,"inheritable":false,"inbound_stock":0,"stock_on_hold":0,"sold_today":0,"sales_last_days":0,"out_stock_days":0,"lost_sales":0,"has_location":false,"update_date":"2026-04-14T00:05:08","atum_locations":[],"atum_stock_status":"instock","restock_status":false,"low_stock_amount":"","sales_update_date":"2026-04-14T00:05:08","calc_backorders":null,"yoast_head":"<!-- This site is optimized with the Yoast SEO plugin v27.2 - https:\/\/yoast.com\/product\/yoast-seo-wordpress\/ -->\n<title>Lux v\u00e4rskendav puhastusvaht Hera Refreshing Cleansing Foam, 50g - IDA.KOREA<\/title>\n<meta name=\"robots\" content=\"index, follow, max-snippet:-1, max-image-preview:large, max-video-preview:-1\" \/>\n<link rel=\"canonical\" href=\"https:\/\/idakorea.ee\/en\/product\/lux-varskendav-puhastusvaht-hera-refreshing-cleansing-foam-50g\/\" \/>\n<meta property=\"og:locale\" content=\"en_US\" \/>\n<meta property=\"og:type\" content=\"article\" \/>\n<meta property=\"og:title\" content=\"Lux v\u00e4rskendav puhastusvaht Hera Refreshing Cleansing Foam, 50g - IDA.KOREA\" \/>\n<meta property=\"og:description\" content=\"HERA Refreshing Cleansing Foam on puhastusvaht, mis on loodud t\u00f5husaks meigij\u00e4\u00e4kide, mustuse ja surnud naharakkude eemaldamiseks, pakkudes samal ajal niisutust ja v\u00e4rskust. Peamised toimeained: 3-AHA kompleks (sidrun-, piim- ja gl\u00fckoolhape) \u2013 \u00f5rnalt koorib nahka, eemaldades surnud rakud ja aidates kaasa naha uuenemisele, muutes selle siledamaks. Tselluloosimikroosakesed \u2013 tagavad \u00f5rna kooriva efekti, puhastades nahka s\u00fcgavalt ja...\" \/>\n<meta property=\"og:url\" content=\"https:\/\/idakorea.ee\/en\/product\/lux-varskendav-puhastusvaht-hera-refreshing-cleansing-foam-50g\/\" \/>\n<meta property=\"og:site_name\" content=\"IDA.KOREA\" \/>\n<meta property=\"article:modified_time\" content=\"2026-03-27T10:07:53+00:00\" \/>\n<meta property=\"og:image\" content=\"https:\/\/idakorea.ee\/wp-content\/uploads\/2025\/02\/1416d474_256.jpg\" \/>\n\t<meta property=\"og:image:width\" content=\"800\" \/>\n\t<meta property=\"og:image:height\" content=\"800\" \/>\n\t<meta property=\"og:image:type\" content=\"image\/jpeg\" \/>\n<meta name=\"twitter:card\" content=\"summary_large_image\" \/>\n<meta name=\"twitter:label1\" content=\"Est. reading time\" \/>\n\t<meta name=\"twitter:data1\" content=\"2 minutes\" \/>\n<script type=\"application\/ld+json\" class=\"yoast-schema-graph\">{\"@context\":\"https:\/\/schema.org\",\"@graph\":[{\"@type\":\"WebPage\",\"@id\":\"https:\/\/idakorea.ee\/product\/lux-varskendav-puhastusvaht-hera-refreshing-cleansing-foam-50g\/\",\"url\":\"https:\/\/idakorea.ee\/product\/lux-varskendav-puhastusvaht-hera-refreshing-cleansing-foam-50g\/\",\"name\":\"Lux v\u00e4rskendav puhastusvaht Hera Refreshing Cleansing Foam, 50g - IDA.KOREA\",\"isPartOf\":{\"@id\":\"https:\/\/idakorea.ee\/#website\"},\"primaryImageOfPage\":{\"@id\":\"https:\/\/idakorea.ee\/product\/lux-varskendav-puhastusvaht-hera-refreshing-cleansing-foam-50g\/#primaryimage\"},\"image\":{\"@id\":\"https:\/\/idakorea.ee\/product\/lux-varskendav-puhastusvaht-hera-refreshing-cleansing-foam-50g\/#primaryimage\"},\"thumbnailUrl\":\"https:\/\/idakorea.ee\/wp-content\/uploads\/2025\/02\/1416d474_256.jpg\",\"datePublished\":\"2025-02-06T07:54:32+00:00\",\"dateModified\":\"2026-03-27T10:07:53+00:00\",\"breadcrumb\":{\"@id\":\"https:\/\/idakorea.ee\/product\/lux-varskendav-puhastusvaht-hera-refreshing-cleansing-foam-50g\/#breadcrumb\"},\"inLanguage\":\"en-US\",\"potentialAction\":[{\"@type\":\"ReadAction\",\"target\":[\"https:\/\/idakorea.ee\/product\/lux-varskendav-puhastusvaht-hera-refreshing-cleansing-foam-50g\/\"]}]},{\"@type\":\"ImageObject\",\"inLanguage\":\"en-US\",\"@id\":\"https:\/\/idakorea.ee\/product\/lux-varskendav-puhastusvaht-hera-refreshing-cleansing-foam-50g\/#primaryimage\",\"url\":\"https:\/\/idakorea.ee\/wp-content\/uploads\/2025\/02\/1416d474_256.jpg\",\"contentUrl\":\"https:\/\/idakorea.ee\/wp-content\/uploads\/2025\/02\/1416d474_256.jpg\",\"width\":800,\"height\":800},{\"@type\":\"BreadcrumbList\",\"@id\":\"https:\/\/idakorea.ee\/product\/lux-varskendav-puhastusvaht-hera-refreshing-cleansing-foam-50g\/#breadcrumb\",\"itemListElement\":[{\"@type\":\"ListItem\",\"position\":1,\"name\":\"\u0413\u043b\u0430\u0432\u043d\u0430\u044f \u0441\u0442\u0440\u0430\u043d\u0438\u0446\u0430\",\"item\":\"https:\/\/idakorea.ee\/\"},{\"@type\":\"ListItem\",\"position\":2,\"name\":\"Shop\",\"item\":\"https:\/\/idakorea.ee\/shop-2\/\"},{\"@type\":\"ListItem\",\"position\":3,\"name\":\"Lux v\u00e4rskendav puhastusvaht Hera Refreshing Cleansing Foam, 50g\"}]},{\"@type\":\"WebSite\",\"@id\":\"https:\/\/idakorea.ee\/#website\",\"url\":\"https:\/\/idakorea.ee\/\",\"name\":\"IDA.KOREA\",\"description\":\"Korea kosmeetika e-pood\",\"publisher\":{\"@id\":\"https:\/\/idakorea.ee\/#organization\"},\"alternateName\":\"Beauty Shop\",\"potentialAction\":[{\"@type\":\"SearchAction\",\"target\":{\"@type\":\"EntryPoint\",\"urlTemplate\":\"https:\/\/idakorea.ee\/?s={search_term_string}\"},\"query-input\":{\"@type\":\"PropertyValueSpecification\",\"valueRequired\":true,\"valueName\":\"search_term_string\"}}],\"inLanguage\":\"en-US\"},{\"@type\":\"Organization\",\"@id\":\"https:\/\/idakorea.ee\/#organization\",\"name\":\"IDA.KOREA\",\"url\":\"https:\/\/idakorea.ee\/\",\"logo\":{\"@type\":\"ImageObject\",\"inLanguage\":\"en-US\",\"@id\":\"https:\/\/idakorea.ee\/#\/schema\/logo\/image\/\",\"url\":\"https:\/\/idakorea.ee\/wp-content\/uploads\/2024\/05\/cropped-korea3.png\",\"contentUrl\":\"https:\/\/idakorea.ee\/wp-content\/uploads\/2024\/05\/cropped-korea3.png\",\"width\":688,\"height\":126,\"caption\":\"IDA.KOREA\"},\"image\":{\"@id\":\"https:\/\/idakorea.ee\/#\/schema\/logo\/image\/\"},\"sameAs\":[\"https:\/\/www.instagram.com\/ida.korea\/\"]}]}<\/script>\n<!-- \/ Yoast SEO plugin. -->","yoast_head_json":{"title":"Lux Refreshing Cleansing Foam Hera Refreshing Cleansing Foam, 50g - IDA.KOREA","robots":{"index":"index","follow":"follow","max-snippet":"max-snippet:-1","max-image-preview":"max-image-preview:large","max-video-preview":"max-video-preview:-1"},"canonical":"https:\/\/idakorea.ee\/en\/product\/lux-varskendav-puhastusvaht-hera-refreshing-cleansing-foam-50g\/","og_locale":"en_US","og_type":"article","og_title":"Lux v\u00e4rskendav puhastusvaht Hera Refreshing Cleansing Foam, 50g - IDA.KOREA","og_description":"HERA Refreshing Cleansing Foam on puhastusvaht, mis on loodud t\u00f5husaks meigij\u00e4\u00e4kide, mustuse ja surnud naharakkude eemaldamiseks, pakkudes samal ajal niisutust ja v\u00e4rskust. Peamised toimeained: 3-AHA kompleks (sidrun-, piim- ja gl\u00fckoolhape) \u2013 \u00f5rnalt koorib nahka, eemaldades surnud rakud ja aidates kaasa naha uuenemisele, muutes selle siledamaks. Tselluloosimikroosakesed \u2013 tagavad \u00f5rna kooriva efekti, puhastades nahka s\u00fcgavalt ja...","og_url":"https:\/\/idakorea.ee\/en\/product\/lux-varskendav-puhastusvaht-hera-refreshing-cleansing-foam-50g\/","og_site_name":"IDA.KOREA","article_modified_time":"2026-03-27T10:07:53+00:00","og_image":[{"width":800,"height":800,"url":"https:\/\/idakorea.ee\/wp-content\/uploads\/2025\/02\/1416d474_256.jpg","type":"image\/jpeg"}],"twitter_card":"summary_large_image","twitter_misc":{"Est. reading time":"2 minutes"},"schema":{"@context":"https:\/\/schema.org","@graph":[{"@type":"WebPage","@id":"https:\/\/idakorea.ee\/product\/lux-varskendav-puhastusvaht-hera-refreshing-cleansing-foam-50g\/","url":"https:\/\/idakorea.ee\/product\/lux-varskendav-puhastusvaht-hera-refreshing-cleansing-foam-50g\/","name":"Lux Refreshing Cleansing Foam Hera Refreshing Cleansing Foam, 50g - IDA.KOREA","isPartOf":{"@id":"https:\/\/idakorea.ee\/#website"},"primaryImageOfPage":{"@id":"https:\/\/idakorea.ee\/product\/lux-varskendav-puhastusvaht-hera-refreshing-cleansing-foam-50g\/#primaryimage"},"image":{"@id":"https:\/\/idakorea.ee\/product\/lux-varskendav-puhastusvaht-hera-refreshing-cleansing-foam-50g\/#primaryimage"},"thumbnailUrl":"https:\/\/idakorea.ee\/wp-content\/uploads\/2025\/02\/1416d474_256.jpg","datePublished":"2025-02-06T07:54:32+00:00","dateModified":"2026-03-27T10:07:53+00:00","breadcrumb":{"@id":"https:\/\/idakorea.ee\/product\/lux-varskendav-puhastusvaht-hera-refreshing-cleansing-foam-50g\/#breadcrumb"},"inLanguage":"en-US","potentialAction":[{"@type":"ReadAction","target":["https:\/\/idakorea.ee\/product\/lux-varskendav-puhastusvaht-hera-refreshing-cleansing-foam-50g\/"]}]},{"@type":"ImageObject","inLanguage":"en-US","@id":"https:\/\/idakorea.ee\/product\/lux-varskendav-puhastusvaht-hera-refreshing-cleansing-foam-50g\/#primaryimage","url":"https:\/\/idakorea.ee\/wp-content\/uploads\/2025\/02\/1416d474_256.jpg","contentUrl":"https:\/\/idakorea.ee\/wp-content\/uploads\/2025\/02\/1416d474_256.jpg","width":800,"height":800},{"@type":"BreadcrumbList","@id":"https:\/\/idakorea.ee\/product\/lux-varskendav-puhastusvaht-hera-refreshing-cleansing-foam-50g\/#breadcrumb","itemListElement":[{"@type":"ListItem","position":1,"name":"\u0413\u043b\u0430\u0432\u043d\u0430\u044f \u0441\u0442\u0440\u0430\u043d\u0438\u0446\u0430","item":"https:\/\/idakorea.ee\/"},{"@type":"ListItem","position":2,"name":"Shop","item":"https:\/\/idakorea.ee\/shop-2\/"},{"@type":"ListItem","position":3,"name":"Lux v\u00e4rskendav puhastusvaht Hera Refreshing Cleansing Foam, 50g"}]},{"@type":"WebSite","@id":"https:\/\/idakorea.ee\/#website","url":"https:\/\/idakorea.ee\/","name":"IDA.KOREA","description":"Korean cosmetics e-shop","publisher":{"@id":"https:\/\/idakorea.ee\/#organization"},"alternateName":"Beauty Shop","potentialAction":[{"@type":"SearchAction","target":{"@type":"EntryPoint","urlTemplate":"https:\/\/idakorea.ee\/?s={search_term_string}"},"query-input":{"@type":"PropertyValueSpecification","valueRequired":true,"valueName":"search_term_string"}}],"inLanguage":"en-US"},{"@type":"Organization","@id":"https:\/\/idakorea.ee\/#organization","name":"IDA.KOREA","url":"https:\/\/idakorea.ee\/","logo":{"@type":"ImageObject","inLanguage":"en-US","@id":"https:\/\/idakorea.ee\/#\/schema\/logo\/image\/","url":"https:\/\/idakorea.ee\/wp-content\/uploads\/2024\/05\/cropped-korea3.png","contentUrl":"https:\/\/idakorea.ee\/wp-content\/uploads\/2024\/05\/cropped-korea3.png","width":688,"height":126,"caption":"IDA.KOREA"},"image":{"@id":"https:\/\/idakorea.ee\/#\/schema\/logo\/image\/"},"sameAs":["https:\/\/www.instagram.com\/ida.korea\/"]}]}},"jetpack_sharing_enabled":true,"brands":[{"id":485,"name":"HERA","slug":"hera"}],"_links":{"self":[{"href":"https:\/\/idakorea.ee\/en\/wp-json\/wp\/v2\/product\/12513","targetHints":{"allow":["GET"]}}],"collection":[{"href":"https:\/\/idakorea.ee\/en\/wp-json\/wp\/v2\/product"}],"about":[{"href":"https:\/\/idakorea.ee\/en\/wp-json\/wp\/v2\/types\/product"}],"replies":[{"embeddable":true,"href":"https:\/\/idakorea.ee\/en\/wp-json\/wp\/v2\/comments?post=12513"}],"version-history":[{"count":1,"href":"https:\/\/idakorea.ee\/en\/wp-json\/wp\/v2\/product\/12513\/revisions"}],"predecessor-version":[{"id":12518,"href":"https:\/\/idakorea.ee\/en\/wp-json\/wp\/v2\/product\/12513\/revisions\/12518"}],"wp:featuredmedia":[{"embeddable":true,"href":"https:\/\/idakorea.ee\/en\/wp-json\/wp\/v2\/media\/12514"}],"wp:attachment":[{"href":"https:\/\/idakorea.ee\/en\/wp-json\/wp\/v2\/media?parent=12513"}],"wp:term":[{"taxonomy":"pwb-brand","embeddable":true,"href":"https:\/\/idakorea.ee\/en\/wp-json\/wp\/v2\/pwb-brand?post=12513"},{"taxonomy":"product_brand","embeddable":true,"href":"https:\/\/idakorea.ee\/en\/wp-json\/wp\/v2\/product_brand?post=12513"},{"taxonomy":"product_cat","embeddable":true,"href":"https:\/\/idakorea.ee\/en\/wp-json\/wp\/v2\/product_cat?post=12513"},{"taxonomy":"product_tag","embeddable":true,"href":"https:\/\/idakorea.ee\/en\/wp-json\/wp\/v2\/product_tag?post=12513"}],"curies":[{"name":"wp","href":"https:\/\/api.w.org\/{rel}","templated":true}]}}