{"id":12521,"date":"2025-02-06T13:07:59","date_gmt":"2025-02-06T11:07:59","guid":{"rendered":"https:\/\/idakorea.ee\/?post_type=product&#038;p=12521"},"modified":"2026-01-30T15:15:06","modified_gmt":"2026-01-30T13:15:06","slug":"noorendav-sorbetkreem-heimish-black-rose-sorbet-cream-50ml","status":"publish","type":"product","link":"https:\/\/idakorea.ee\/en\/product\/noorendav-sorbetkreem-heimish-black-rose-sorbet-cream-50ml\/","title":{"rendered":"Noorendav sherbet cream Heimish Black Rose Sorbet Cream, 50ml"},"content":{"rendered":"<p><strong>Heimish Black Rose Sorbet Cream<\/strong> improves skin elasticity, firmness and density, reduces the depth of wrinkles and soothes and cools the skin.<\/p>\n<p>Intensely moisturises, prevents dryness and flaking, smoothes skin texture and gives a healthy glow.<\/p>\n<p>The cream has a sorbet-like texture that melts on the skin without leaving any stickiness. When applied, it diffuses a delicate floral and herbal fragrance.<\/p>\n<p><strong>Main active substances and their effects:<\/strong><\/p>\n<ul>\n<li><strong>Damascus rose water<\/strong> - a powerful antioxidant that restores the skin's moisture balance, softens and nourishes the skin, leaving it smooth and silky.<\/li>\n<li><strong>6 peptide<\/strong> - have anti-ageing properties: they reduce the depth of wrinkles, smooth and firm the skin and stimulate cell renewal. Peptides activate cell metabolism, promote collagen and hyaluronic acid synthesis.<\/li>\n<li><strong>Hydrolysed collagen<\/strong> - penetrates deeper than other types of collagen, intensively moisturises, improves skin texture, accelerates regeneration and fights wrinkles.<\/li>\n<li><strong>Ceramides<\/strong> - strengthen the skin's protective barrier, prevent moisture loss and promote regeneration. Relieve dryness and scaling, help in eczema and psoriasis.<\/li>\n<li><strong>Jeeriko rose extract<\/strong> - comes from a desert plant that is able to survive at extremely high temperatures. Provides deep hydration, prevents skin dehydration and prevents moisture evaporation.<\/li>\n<li><strong>7 types of hyaluronic acid<\/strong> - penetrate deep into the epidermal layers, actively moisturise and maintain an optimal moisture balance, forming a protective layer that prevents moisture loss.<\/li>\n<li><strong>Sopholiance<\/strong> (Bombicola Fungus Ferment \/ Glucose \/ Rapeseed Methyl Ferment) - an antibacterial complex that inhibits the growth of acne-causing bacteria and normalises oil secretion.<\/li>\n<li><strong>Niacinamide (vitamin B3)<\/strong> - a versatile active ingredient that regulates oil secretion, reduces greasy shine, brightens the skin and prevents pigmentation. Stimulates the production of collagen, improving skin firmness and elasticity.<\/li>\n<li><strong>Adenos<\/strong> - an anti-ageing ingredient that stimulates collagen synthesis, improving skin density and elasticity and reducing wrinkles.<\/li>\n<\/ul>\n<p>&nbsp;<\/p>\n<p>Suitable for all skin types.<\/p>\n<p><strong>User manual:<\/strong> after washing the face, applying toner and serum, apply the cream to the skin and distribute evenly.<\/p>","protected":false},"excerpt":{"rendered":"<p>Heimish Black Rose Sorbet Cream increases the elasticity, firmness and density of the skin, reduces the depth of wrinkles and soothes and cools the skin. Intensely moisturizes, prevents dryness and flaking, smoothes skin texture and gives a healthy glow. The cream has a sorbet-like texture that melts into the skin without leaving a sticky feel. When applied, it diffuses a delicate floral and herbal fragrance. The main active ingredients and their effects...<\/p>","protected":false},"featured_media":12529,"comment_status":"open","ping_status":"closed","template":"","meta":{"_uf_show_specific_survey":0,"_uf_disable_surveys":false,"_bst_post_transparent":"default","_bst_post_title":"","_bst_post_layout":"default","_bst_post_sidebar_id":"","_bst_post_content_style":"default","_bst_post_vertical_padding":"default","_bst_post_feature":"","_bst_post_feature_position":"","_bst_post_header":false,"_bst_post_footer":false},"pwb-brand":[730],"product_brand":[],"product_cat":[92,96],"product_tag":[731,787],"class_list":{"0":"post-12521","1":"product","2":"type-product","3":"status-publish","4":"has-post-thumbnail","6":"pwb-brand-heimish","7":"product_cat-nagu","8":"product_cat-naokreemid","9":"product_tag-heimish","10":"product_tag-kore-kosmeetika","12":"first","13":"outofstock","14":"sale","15":"shipping-taxable","16":"purchasable","17":"product-type-simple","18":"entry","19":"content-bg","20":"loop-entry"},"supplier_id":null,"supplier_sku":"","barcode":null,"atum_controlled":true,"out_stock_date":null,"out_stock_threshold":null,"inheritable":false,"inbound_stock":0,"stock_on_hold":0,"sold_today":0,"sales_last_days":0,"out_stock_days":0,"lost_sales":0,"has_location":false,"update_date":"2026-04-14T00:05:06","atum_locations":[],"atum_stock_status":"outofstock","restock_status":false,"low_stock_amount":"","sales_update_date":"2026-04-14T00:05:06","calc_backorders":null,"yoast_head":"<!-- This site is optimized with the Yoast SEO plugin v27.2 - https:\/\/yoast.com\/product\/yoast-seo-wordpress\/ -->\n<title>Noorendav sorbetkreem Heimish Black Rose Sorbet Cream, 50ml - IDA.KOREA<\/title>\n<meta name=\"robots\" content=\"index, follow, max-snippet:-1, max-image-preview:large, max-video-preview:-1\" \/>\n<link rel=\"canonical\" href=\"https:\/\/idakorea.ee\/en\/product\/noorendav-sorbetkreem-heimish-black-rose-sorbet-cream-50ml\/\" \/>\n<meta property=\"og:locale\" content=\"en_US\" \/>\n<meta property=\"og:type\" content=\"article\" \/>\n<meta property=\"og:title\" content=\"Noorendav sorbetkreem Heimish Black Rose Sorbet Cream, 50ml - IDA.KOREA\" \/>\n<meta property=\"og:description\" content=\"Heimish Black Rose Sorbet Cream suurendab naha elastsust, tugevust ja tihedust, v\u00e4hendab kortsude s\u00fcgavust ning rahustab ja jahutab nahka. Niisutab intensiivselt, hoiab \u00e4ra kuivuse ja ketenduse, silub naha tekstuuri ning annab tervisliku s\u00e4ra. Kreemil on sorbetilaadne tekstuur, mis sulab nahal ilma kleepuvust j\u00e4tmata. Pealekandmisel levitab \u00f5rna lille- ja \u00fcrdil\u00f5hna. Peamised toimeained ja nende m\u00f5ju: Damaskuse...\" \/>\n<meta property=\"og:url\" content=\"https:\/\/idakorea.ee\/en\/product\/noorendav-sorbetkreem-heimish-black-rose-sorbet-cream-50ml\/\" \/>\n<meta property=\"og:site_name\" content=\"IDA.KOREA\" \/>\n<meta property=\"article:modified_time\" content=\"2026-01-30T13:15:06+00:00\" \/>\n<meta property=\"og:image\" content=\"https:\/\/idakorea.ee\/wp-content\/uploads\/2025\/02\/hei072-1-600x600-1.png\" \/>\n\t<meta property=\"og:image:width\" content=\"600\" \/>\n\t<meta property=\"og:image:height\" content=\"600\" \/>\n\t<meta property=\"og:image:type\" content=\"image\/png\" \/>\n<meta name=\"twitter:card\" content=\"summary_large_image\" \/>\n<meta name=\"twitter:label1\" content=\"Est. reading time\" \/>\n\t<meta name=\"twitter:data1\" content=\"2 minutes\" \/>\n<script type=\"application\/ld+json\" class=\"yoast-schema-graph\">{\"@context\":\"https:\/\/schema.org\",\"@graph\":[{\"@type\":\"WebPage\",\"@id\":\"https:\/\/idakorea.ee\/product\/noorendav-sorbetkreem-heimish-black-rose-sorbet-cream-50ml\/\",\"url\":\"https:\/\/idakorea.ee\/product\/noorendav-sorbetkreem-heimish-black-rose-sorbet-cream-50ml\/\",\"name\":\"Noorendav sorbetkreem Heimish Black Rose Sorbet Cream, 50ml - IDA.KOREA\",\"isPartOf\":{\"@id\":\"https:\/\/idakorea.ee\/#website\"},\"primaryImageOfPage\":{\"@id\":\"https:\/\/idakorea.ee\/product\/noorendav-sorbetkreem-heimish-black-rose-sorbet-cream-50ml\/#primaryimage\"},\"image\":{\"@id\":\"https:\/\/idakorea.ee\/product\/noorendav-sorbetkreem-heimish-black-rose-sorbet-cream-50ml\/#primaryimage\"},\"thumbnailUrl\":\"https:\/\/idakorea.ee\/wp-content\/uploads\/2025\/02\/hei072-1-600x600-1.png\",\"datePublished\":\"2025-02-06T11:07:59+00:00\",\"dateModified\":\"2026-01-30T13:15:06+00:00\",\"breadcrumb\":{\"@id\":\"https:\/\/idakorea.ee\/product\/noorendav-sorbetkreem-heimish-black-rose-sorbet-cream-50ml\/#breadcrumb\"},\"inLanguage\":\"en-US\",\"potentialAction\":[{\"@type\":\"ReadAction\",\"target\":[\"https:\/\/idakorea.ee\/product\/noorendav-sorbetkreem-heimish-black-rose-sorbet-cream-50ml\/\"]}]},{\"@type\":\"ImageObject\",\"inLanguage\":\"en-US\",\"@id\":\"https:\/\/idakorea.ee\/product\/noorendav-sorbetkreem-heimish-black-rose-sorbet-cream-50ml\/#primaryimage\",\"url\":\"https:\/\/idakorea.ee\/wp-content\/uploads\/2025\/02\/hei072-1-600x600-1.png\",\"contentUrl\":\"https:\/\/idakorea.ee\/wp-content\/uploads\/2025\/02\/hei072-1-600x600-1.png\",\"width\":600,\"height\":600},{\"@type\":\"BreadcrumbList\",\"@id\":\"https:\/\/idakorea.ee\/product\/noorendav-sorbetkreem-heimish-black-rose-sorbet-cream-50ml\/#breadcrumb\",\"itemListElement\":[{\"@type\":\"ListItem\",\"position\":1,\"name\":\"\u0413\u043b\u0430\u0432\u043d\u0430\u044f \u0441\u0442\u0440\u0430\u043d\u0438\u0446\u0430\",\"item\":\"https:\/\/idakorea.ee\/\"},{\"@type\":\"ListItem\",\"position\":2,\"name\":\"Shop\",\"item\":\"https:\/\/idakorea.ee\/shop-2\/\"},{\"@type\":\"ListItem\",\"position\":3,\"name\":\"Noorendav sorbetkreem Heimish Black Rose Sorbet Cream, 50ml\"}]},{\"@type\":\"WebSite\",\"@id\":\"https:\/\/idakorea.ee\/#website\",\"url\":\"https:\/\/idakorea.ee\/\",\"name\":\"IDA.KOREA\",\"description\":\"Korea kosmeetika e-pood\",\"publisher\":{\"@id\":\"https:\/\/idakorea.ee\/#organization\"},\"alternateName\":\"Beauty Shop\",\"potentialAction\":[{\"@type\":\"SearchAction\",\"target\":{\"@type\":\"EntryPoint\",\"urlTemplate\":\"https:\/\/idakorea.ee\/?s={search_term_string}\"},\"query-input\":{\"@type\":\"PropertyValueSpecification\",\"valueRequired\":true,\"valueName\":\"search_term_string\"}}],\"inLanguage\":\"en-US\"},{\"@type\":\"Organization\",\"@id\":\"https:\/\/idakorea.ee\/#organization\",\"name\":\"IDA.KOREA\",\"url\":\"https:\/\/idakorea.ee\/\",\"logo\":{\"@type\":\"ImageObject\",\"inLanguage\":\"en-US\",\"@id\":\"https:\/\/idakorea.ee\/#\/schema\/logo\/image\/\",\"url\":\"https:\/\/idakorea.ee\/wp-content\/uploads\/2024\/05\/cropped-korea3.png\",\"contentUrl\":\"https:\/\/idakorea.ee\/wp-content\/uploads\/2024\/05\/cropped-korea3.png\",\"width\":688,\"height\":126,\"caption\":\"IDA.KOREA\"},\"image\":{\"@id\":\"https:\/\/idakorea.ee\/#\/schema\/logo\/image\/\"},\"sameAs\":[\"https:\/\/www.instagram.com\/ida.korea\/\"]}]}<\/script>\n<!-- \/ Yoast SEO plugin. -->","yoast_head_json":{"title":"Noorendav sherbet cream Heimish Black Rose Sorbet Cream, 50ml - IDA.KOREA","robots":{"index":"index","follow":"follow","max-snippet":"max-snippet:-1","max-image-preview":"max-image-preview:large","max-video-preview":"max-video-preview:-1"},"canonical":"https:\/\/idakorea.ee\/en\/product\/noorendav-sorbetkreem-heimish-black-rose-sorbet-cream-50ml\/","og_locale":"en_US","og_type":"article","og_title":"Noorendav sorbetkreem Heimish Black Rose Sorbet Cream, 50ml - IDA.KOREA","og_description":"Heimish Black Rose Sorbet Cream suurendab naha elastsust, tugevust ja tihedust, v\u00e4hendab kortsude s\u00fcgavust ning rahustab ja jahutab nahka. Niisutab intensiivselt, hoiab \u00e4ra kuivuse ja ketenduse, silub naha tekstuuri ning annab tervisliku s\u00e4ra. Kreemil on sorbetilaadne tekstuur, mis sulab nahal ilma kleepuvust j\u00e4tmata. Pealekandmisel levitab \u00f5rna lille- ja \u00fcrdil\u00f5hna. Peamised toimeained ja nende m\u00f5ju: Damaskuse...","og_url":"https:\/\/idakorea.ee\/en\/product\/noorendav-sorbetkreem-heimish-black-rose-sorbet-cream-50ml\/","og_site_name":"IDA.KOREA","article_modified_time":"2026-01-30T13:15:06+00:00","og_image":[{"width":600,"height":600,"url":"https:\/\/idakorea.ee\/wp-content\/uploads\/2025\/02\/hei072-1-600x600-1.png","type":"image\/png"}],"twitter_card":"summary_large_image","twitter_misc":{"Est. reading time":"2 minutes"},"schema":{"@context":"https:\/\/schema.org","@graph":[{"@type":"WebPage","@id":"https:\/\/idakorea.ee\/product\/noorendav-sorbetkreem-heimish-black-rose-sorbet-cream-50ml\/","url":"https:\/\/idakorea.ee\/product\/noorendav-sorbetkreem-heimish-black-rose-sorbet-cream-50ml\/","name":"Noorendav sherbet cream Heimish Black Rose Sorbet Cream, 50ml - IDA.KOREA","isPartOf":{"@id":"https:\/\/idakorea.ee\/#website"},"primaryImageOfPage":{"@id":"https:\/\/idakorea.ee\/product\/noorendav-sorbetkreem-heimish-black-rose-sorbet-cream-50ml\/#primaryimage"},"image":{"@id":"https:\/\/idakorea.ee\/product\/noorendav-sorbetkreem-heimish-black-rose-sorbet-cream-50ml\/#primaryimage"},"thumbnailUrl":"https:\/\/idakorea.ee\/wp-content\/uploads\/2025\/02\/hei072-1-600x600-1.png","datePublished":"2025-02-06T11:07:59+00:00","dateModified":"2026-01-30T13:15:06+00:00","breadcrumb":{"@id":"https:\/\/idakorea.ee\/product\/noorendav-sorbetkreem-heimish-black-rose-sorbet-cream-50ml\/#breadcrumb"},"inLanguage":"en-US","potentialAction":[{"@type":"ReadAction","target":["https:\/\/idakorea.ee\/product\/noorendav-sorbetkreem-heimish-black-rose-sorbet-cream-50ml\/"]}]},{"@type":"ImageObject","inLanguage":"en-US","@id":"https:\/\/idakorea.ee\/product\/noorendav-sorbetkreem-heimish-black-rose-sorbet-cream-50ml\/#primaryimage","url":"https:\/\/idakorea.ee\/wp-content\/uploads\/2025\/02\/hei072-1-600x600-1.png","contentUrl":"https:\/\/idakorea.ee\/wp-content\/uploads\/2025\/02\/hei072-1-600x600-1.png","width":600,"height":600},{"@type":"BreadcrumbList","@id":"https:\/\/idakorea.ee\/product\/noorendav-sorbetkreem-heimish-black-rose-sorbet-cream-50ml\/#breadcrumb","itemListElement":[{"@type":"ListItem","position":1,"name":"\u0413\u043b\u0430\u0432\u043d\u0430\u044f \u0441\u0442\u0440\u0430\u043d\u0438\u0446\u0430","item":"https:\/\/idakorea.ee\/"},{"@type":"ListItem","position":2,"name":"Shop","item":"https:\/\/idakorea.ee\/shop-2\/"},{"@type":"ListItem","position":3,"name":"Noorendav sorbetkreem Heimish Black Rose Sorbet Cream, 50ml"}]},{"@type":"WebSite","@id":"https:\/\/idakorea.ee\/#website","url":"https:\/\/idakorea.ee\/","name":"IDA.KOREA","description":"Korean cosmetics e-shop","publisher":{"@id":"https:\/\/idakorea.ee\/#organization"},"alternateName":"Beauty Shop","potentialAction":[{"@type":"SearchAction","target":{"@type":"EntryPoint","urlTemplate":"https:\/\/idakorea.ee\/?s={search_term_string}"},"query-input":{"@type":"PropertyValueSpecification","valueRequired":true,"valueName":"search_term_string"}}],"inLanguage":"en-US"},{"@type":"Organization","@id":"https:\/\/idakorea.ee\/#organization","name":"IDA.KOREA","url":"https:\/\/idakorea.ee\/","logo":{"@type":"ImageObject","inLanguage":"en-US","@id":"https:\/\/idakorea.ee\/#\/schema\/logo\/image\/","url":"https:\/\/idakorea.ee\/wp-content\/uploads\/2024\/05\/cropped-korea3.png","contentUrl":"https:\/\/idakorea.ee\/wp-content\/uploads\/2024\/05\/cropped-korea3.png","width":688,"height":126,"caption":"IDA.KOREA"},"image":{"@id":"https:\/\/idakorea.ee\/#\/schema\/logo\/image\/"},"sameAs":["https:\/\/www.instagram.com\/ida.korea\/"]}]}},"jetpack_sharing_enabled":true,"brands":[{"id":730,"name":"HOME","slug":"heimish"}],"_links":{"self":[{"href":"https:\/\/idakorea.ee\/en\/wp-json\/wp\/v2\/product\/12521","targetHints":{"allow":["GET"]}}],"collection":[{"href":"https:\/\/idakorea.ee\/en\/wp-json\/wp\/v2\/product"}],"about":[{"href":"https:\/\/idakorea.ee\/en\/wp-json\/wp\/v2\/types\/product"}],"replies":[{"embeddable":true,"href":"https:\/\/idakorea.ee\/en\/wp-json\/wp\/v2\/comments?post=12521"}],"version-history":[{"count":1,"href":"https:\/\/idakorea.ee\/en\/wp-json\/wp\/v2\/product\/12521\/revisions"}],"predecessor-version":[{"id":12527,"href":"https:\/\/idakorea.ee\/en\/wp-json\/wp\/v2\/product\/12521\/revisions\/12527"}],"wp:featuredmedia":[{"embeddable":true,"href":"https:\/\/idakorea.ee\/en\/wp-json\/wp\/v2\/media\/12529"}],"wp:attachment":[{"href":"https:\/\/idakorea.ee\/en\/wp-json\/wp\/v2\/media?parent=12521"}],"wp:term":[{"taxonomy":"pwb-brand","embeddable":true,"href":"https:\/\/idakorea.ee\/en\/wp-json\/wp\/v2\/pwb-brand?post=12521"},{"taxonomy":"product_brand","embeddable":true,"href":"https:\/\/idakorea.ee\/en\/wp-json\/wp\/v2\/product_brand?post=12521"},{"taxonomy":"product_cat","embeddable":true,"href":"https:\/\/idakorea.ee\/en\/wp-json\/wp\/v2\/product_cat?post=12521"},{"taxonomy":"product_tag","embeddable":true,"href":"https:\/\/idakorea.ee\/en\/wp-json\/wp\/v2\/product_tag?post=12521"}],"curies":[{"name":"wp","href":"https:\/\/api.w.org\/{rel}","templated":true}]}}