{"id":12577,"date":"2025-02-13T12:11:41","date_gmt":"2025-02-13T10:11:41","guid":{"rendered":"https:\/\/idakorea.ee\/?post_type=product&#038;p=12577"},"modified":"2026-01-30T15:12:57","modified_gmt":"2026-01-30T13:12:57","slug":"dalba-skin-fit-cover-serum-bb-cream-spf35-pa-30-g-exp-04-12-2025","status":"publish","type":"product","link":"https:\/\/idakorea.ee\/en\/product\/dalba-skin-fit-cover-serum-bb-cream-spf35-pa-30-g-exp-04-12-2025\/","title":{"rendered":"d'Alba Skin Fit Cover Serum BB Cream SPF35 PA++, 30 g"},"content":{"rendered":"<p>This BB cream contains Italian white truffle for a moisturising sensation, natural coverage of skin imperfections and excellent adhesion for a smooth, radiant complexion.<\/p>\n<p>The cream contains tocopherol, olive oil, macadamia nut oil, soybean oil, avocado oil, camellia seed oil, fruit oil, royal jelly oil, sunflower seed oil and annatto seed oil to nourish the skin and help keep it healthy and vibrant.<\/p>\n<p><strong>The product contains:<\/strong><\/p>\n<p><strong>White truffle extract<\/strong> - truffles help to maintain skin firmness and provide perfect hydration and nutrition. They are rich in amino acids, which not only tighten the skin, but also prevent flaking and excess oil. White truffle extract is particularly well suited to sensitive, mature or pigmented skin, as it helps to reduce skin imbalances that can result from ageing, hormonal changes or the effects of sun exposure and stress.<\/p>\n<p><strong>Niacinamide (vitamin B3)<\/strong> - supports collagen fibre production, increases skin elasticity, reduces the depth and intensity of wrinkles, helps lighten age spots and acne scarring. It also regulates oil production, reduces inflammation and prevents skin moisture loss.<\/p>\n<p><strong>Vitamin E (tocopherol)<\/strong> - a powerful antioxidant that slows down the skin's ageing process by binding free radicals produced by UV rays and pollution, for example. It penetrates deep into the skin, reinforcing the intercellular structure (reducing TEWL, or transepidermal water loss), improving the skin's moisture levels and protective properties. Helps prevent inflammation, strengthens capillaries and improves circulation.<\/p>\n<p><strong>Asian water-lily extract<\/strong> - soothes, moisturises and reduces inflammation. Stimulates fibroblast production of collagen, thereby helping to rejuvenate and strengthen the skin.<\/p>\n<p><strong>Portulaca extract<\/strong> - has antibacterial and anti-inflammatory properties, soothes irritation and redness and speeds up the healing of minor wounds.<\/p>\n<p><strong>Panthenol (provitamin B5)<\/strong> - relieves skin irritations, has anti-inflammatory and wound healing properties. It penetrates easily into the deeper layers of the skin where it is converted into provitamin B5, helping to accelerate cell renewal, soothe sensitive and irritated skin and moisturise to keep skin soft and supple.<\/p>\n<p><strong>Tocopheryl acetate<\/strong> - a more stable form of tocopherol (vitamin E) with strong antioxidant activity. It protects the skin against free radicals by slowing down the ageing process and keeps the skin hydrated by strengthening the intercellular structure and reducing transepidermal water loss. Improves capillary condition and circulation.<\/p>\n<p><strong>Adenos<\/strong> - a skin-strengthening and nutrient-rich ingredient that helps reduce the signs of ageing.<\/p>\n<p><strong>Bacuchiol<\/strong> - a natural antimicrobial agent that mimics the effects of vitamin E (particularly important for acne-prone skin where natural sebum contains less vitamin E). It also regulates the balance of fatty acids and reduces inflammation.<\/p>\n<p><strong>Tea tree leaf extract<\/strong> - has anti-inflammatory and soothing properties, helps relieve seborrhoeic dermatitis and keeps the skin in balance.<\/p>\n<p><strong>Hyaluronic acid<\/strong> - an intensely moisturising active ingredient to help maintain the skin's moisture balance.<\/p>\n<p><strong>Sodium hyaluronate<\/strong> - a saline form of hyaluronic acid, which is better absorbed by the skin and provides deeper hydration.<\/p>\n<p><strong>Hydrolysed hyaluronic acid<\/strong> - helps the active ingredients to absorb better, has anti-ageing properties, smoothes, soothes and moisturises the skin.<\/p>\n<p><strong>Ascorbic acid (vitamin C)<\/strong> - a powerful antioxidant that protects against free radicals, brightens skin tone and stimulates collagen synthesis, helping to maintain skin elasticity and youthfulness.<\/p>\n<h3><\/h3>\n<p>Suitable for all skin types.<\/p>\n<p><strong>Usage: <\/strong>Apply a small amount to the face and allow it to absorb for a few seconds to blend in with your skin's natural tone and texture.<\/p>","protected":false},"excerpt":{"rendered":"<p>This BB cream contains Italian white truffle for a moisturising sensation, natural coverage of skin imperfections and excellent adhesion for a smooth, radiant complexion. The cream contains tocopherol, olive oil, macadamia nut oil, soybean oil, avocado oil, camellia seed oil, fruit oil, royal jelly oil, sunflower seed oil and annatto seed oil to nourish the skin and help keep it healthy and vibrant. The product contains: White truffle extract - truffles help to...<\/p>","protected":false},"featured_media":12578,"comment_status":"open","ping_status":"closed","template":"","meta":{"_uf_show_specific_survey":0,"_uf_disable_surveys":false,"_bst_post_transparent":"default","_bst_post_title":"","_bst_post_layout":"default","_bst_post_sidebar_id":"","_bst_post_content_style":"default","_bst_post_vertical_padding":"default","_bst_post_feature":"","_bst_post_feature_position":"","_bst_post_header":false,"_bst_post_footer":false},"pwb-brand":[105],"product_brand":[],"product_cat":[500,499],"product_tag":[794,127,568,772],"class_list":{"0":"post-12577","1":"product","2":"type-product","3":"status-publish","4":"has-post-thumbnail","6":"pwb-brand-dalba","7":"product_cat-jumestuskreemid","8":"product_cat-meik","9":"product_tag-bb","10":"product_tag-dalba","11":"product_tag-korea","12":"product_tag-truffle","14":"first","15":"outofstock","16":"sale","17":"shipping-taxable","18":"purchasable","19":"product-type-simple","20":"entry","21":"content-bg","22":"loop-entry"},"supplier_id":null,"supplier_sku":"","barcode":null,"atum_controlled":true,"out_stock_date":null,"out_stock_threshold":null,"inheritable":false,"inbound_stock":0,"stock_on_hold":0,"sold_today":0,"sales_last_days":0,"out_stock_days":0,"lost_sales":0,"has_location":false,"update_date":"2026-04-14T00:05:06","atum_locations":[],"atum_stock_status":"outofstock","restock_status":false,"low_stock_amount":"","sales_update_date":"2026-04-14T00:05:06","calc_backorders":null,"yoast_head":"<!-- This site is optimized with the Yoast SEO plugin v27.2 - https:\/\/yoast.com\/product\/yoast-seo-wordpress\/ -->\n<title>d&#039;Alba Skin Fit Cover Serum BB Cream SPF35 PA++, 30 g - IDA.KOREA<\/title>\n<meta name=\"robots\" content=\"index, follow, max-snippet:-1, max-image-preview:large, max-video-preview:-1\" \/>\n<link rel=\"canonical\" href=\"https:\/\/idakorea.ee\/en\/product\/dalba-skin-fit-cover-serum-bb-cream-spf35-pa-30-g-exp-04-12-2025\/\" \/>\n<meta property=\"og:locale\" content=\"en_US\" \/>\n<meta property=\"og:type\" content=\"article\" \/>\n<meta property=\"og:title\" content=\"d&#039;Alba Skin Fit Cover Serum BB Cream SPF35 PA++, 30 g - IDA.KOREA\" \/>\n<meta property=\"og:description\" content=\"See BB-kreem sisaldab Itaalia valget tr\u00fchvlit, mis tagab niisutustunde, katab loomulikult naha ebatasasused ja t\u00e4nu suurep\u00e4rasele nakkumisv\u00f5imele loob sileda ning s\u00e4rava jume. Kreemis sisalduvad tokoferool, oliivi\u00f5li, makadaamiap\u00e4hkli\u00f5li, soja\u00f5li, avokaado\u00f5li, kameelia seemne\u00f5li, puuvilja\u00f5li, kuningakepi\u00f5li, p\u00e4evalilleseemne\u00f5li ja annato seemne\u00f5li, mis toidavad nahka ning aitavad hoida seda tervena ja eluj\u00f5ulisena. Toode sisaldab: Valge tr\u00fchvli ekstrakti \u2013 tr\u00fchvlid aitavad...\" \/>\n<meta property=\"og:url\" content=\"https:\/\/idakorea.ee\/en\/product\/dalba-skin-fit-cover-serum-bb-cream-spf35-pa-30-g-exp-04-12-2025\/\" \/>\n<meta property=\"og:site_name\" content=\"IDA.KOREA\" \/>\n<meta property=\"article:modified_time\" content=\"2026-01-30T13:12:57+00:00\" \/>\n<meta property=\"og:image\" content=\"https:\/\/idakorea.ee\/wp-content\/uploads\/2025\/02\/dalba_500070-650x650-1.jpg\" \/>\n\t<meta property=\"og:image:width\" content=\"650\" \/>\n\t<meta property=\"og:image:height\" content=\"650\" \/>\n\t<meta property=\"og:image:type\" content=\"image\/jpeg\" \/>\n<meta name=\"twitter:card\" content=\"summary_large_image\" \/>\n<meta name=\"twitter:label1\" content=\"Est. reading time\" \/>\n\t<meta name=\"twitter:data1\" content=\"3 minutes\" \/>\n<script type=\"application\/ld+json\" class=\"yoast-schema-graph\">{\"@context\":\"https:\/\/schema.org\",\"@graph\":[{\"@type\":\"WebPage\",\"@id\":\"https:\/\/idakorea.ee\/product\/dalba-skin-fit-cover-serum-bb-cream-spf35-pa-30-g-exp-04-12-2025\/\",\"url\":\"https:\/\/idakorea.ee\/product\/dalba-skin-fit-cover-serum-bb-cream-spf35-pa-30-g-exp-04-12-2025\/\",\"name\":\"d'Alba Skin Fit Cover Serum BB Cream SPF35 PA++, 30 g - IDA.KOREA\",\"isPartOf\":{\"@id\":\"https:\/\/idakorea.ee\/#website\"},\"primaryImageOfPage\":{\"@id\":\"https:\/\/idakorea.ee\/product\/dalba-skin-fit-cover-serum-bb-cream-spf35-pa-30-g-exp-04-12-2025\/#primaryimage\"},\"image\":{\"@id\":\"https:\/\/idakorea.ee\/product\/dalba-skin-fit-cover-serum-bb-cream-spf35-pa-30-g-exp-04-12-2025\/#primaryimage\"},\"thumbnailUrl\":\"https:\/\/idakorea.ee\/wp-content\/uploads\/2025\/02\/dalba_500070-650x650-1.jpg\",\"datePublished\":\"2025-02-13T10:11:41+00:00\",\"dateModified\":\"2026-01-30T13:12:57+00:00\",\"breadcrumb\":{\"@id\":\"https:\/\/idakorea.ee\/product\/dalba-skin-fit-cover-serum-bb-cream-spf35-pa-30-g-exp-04-12-2025\/#breadcrumb\"},\"inLanguage\":\"en-US\",\"potentialAction\":[{\"@type\":\"ReadAction\",\"target\":[\"https:\/\/idakorea.ee\/product\/dalba-skin-fit-cover-serum-bb-cream-spf35-pa-30-g-exp-04-12-2025\/\"]}]},{\"@type\":\"ImageObject\",\"inLanguage\":\"en-US\",\"@id\":\"https:\/\/idakorea.ee\/product\/dalba-skin-fit-cover-serum-bb-cream-spf35-pa-30-g-exp-04-12-2025\/#primaryimage\",\"url\":\"https:\/\/idakorea.ee\/wp-content\/uploads\/2025\/02\/dalba_500070-650x650-1.jpg\",\"contentUrl\":\"https:\/\/idakorea.ee\/wp-content\/uploads\/2025\/02\/dalba_500070-650x650-1.jpg\",\"width\":650,\"height\":650},{\"@type\":\"BreadcrumbList\",\"@id\":\"https:\/\/idakorea.ee\/product\/dalba-skin-fit-cover-serum-bb-cream-spf35-pa-30-g-exp-04-12-2025\/#breadcrumb\",\"itemListElement\":[{\"@type\":\"ListItem\",\"position\":1,\"name\":\"\u0413\u043b\u0430\u0432\u043d\u0430\u044f \u0441\u0442\u0440\u0430\u043d\u0438\u0446\u0430\",\"item\":\"https:\/\/idakorea.ee\/\"},{\"@type\":\"ListItem\",\"position\":2,\"name\":\"Shop\",\"item\":\"https:\/\/idakorea.ee\/shop-2\/\"},{\"@type\":\"ListItem\",\"position\":3,\"name\":\"d&#8217;Alba Skin Fit Cover Serum BB Cream SPF35 PA++, 30 g\"}]},{\"@type\":\"WebSite\",\"@id\":\"https:\/\/idakorea.ee\/#website\",\"url\":\"https:\/\/idakorea.ee\/\",\"name\":\"IDA.KOREA\",\"description\":\"Korea kosmeetika e-pood\",\"publisher\":{\"@id\":\"https:\/\/idakorea.ee\/#organization\"},\"alternateName\":\"Beauty Shop\",\"potentialAction\":[{\"@type\":\"SearchAction\",\"target\":{\"@type\":\"EntryPoint\",\"urlTemplate\":\"https:\/\/idakorea.ee\/?s={search_term_string}\"},\"query-input\":{\"@type\":\"PropertyValueSpecification\",\"valueRequired\":true,\"valueName\":\"search_term_string\"}}],\"inLanguage\":\"en-US\"},{\"@type\":\"Organization\",\"@id\":\"https:\/\/idakorea.ee\/#organization\",\"name\":\"IDA.KOREA\",\"url\":\"https:\/\/idakorea.ee\/\",\"logo\":{\"@type\":\"ImageObject\",\"inLanguage\":\"en-US\",\"@id\":\"https:\/\/idakorea.ee\/#\/schema\/logo\/image\/\",\"url\":\"https:\/\/idakorea.ee\/wp-content\/uploads\/2024\/05\/cropped-korea3.png\",\"contentUrl\":\"https:\/\/idakorea.ee\/wp-content\/uploads\/2024\/05\/cropped-korea3.png\",\"width\":688,\"height\":126,\"caption\":\"IDA.KOREA\"},\"image\":{\"@id\":\"https:\/\/idakorea.ee\/#\/schema\/logo\/image\/\"},\"sameAs\":[\"https:\/\/www.instagram.com\/ida.korea\/\"]}]}<\/script>\n<!-- \/ Yoast SEO plugin. -->","yoast_head_json":{"title":"d'Alba Skin Fit Cover Serum BB Cream SPF35 PA++, 30 g - IDA.KOREA","robots":{"index":"index","follow":"follow","max-snippet":"max-snippet:-1","max-image-preview":"max-image-preview:large","max-video-preview":"max-video-preview:-1"},"canonical":"https:\/\/idakorea.ee\/en\/product\/dalba-skin-fit-cover-serum-bb-cream-spf35-pa-30-g-exp-04-12-2025\/","og_locale":"en_US","og_type":"article","og_title":"d'Alba Skin Fit Cover Serum BB Cream SPF35 PA++, 30 g - IDA.KOREA","og_description":"See BB-kreem sisaldab Itaalia valget tr\u00fchvlit, mis tagab niisutustunde, katab loomulikult naha ebatasasused ja t\u00e4nu suurep\u00e4rasele nakkumisv\u00f5imele loob sileda ning s\u00e4rava jume. Kreemis sisalduvad tokoferool, oliivi\u00f5li, makadaamiap\u00e4hkli\u00f5li, soja\u00f5li, avokaado\u00f5li, kameelia seemne\u00f5li, puuvilja\u00f5li, kuningakepi\u00f5li, p\u00e4evalilleseemne\u00f5li ja annato seemne\u00f5li, mis toidavad nahka ning aitavad hoida seda tervena ja eluj\u00f5ulisena. Toode sisaldab: Valge tr\u00fchvli ekstrakti \u2013 tr\u00fchvlid aitavad...","og_url":"https:\/\/idakorea.ee\/en\/product\/dalba-skin-fit-cover-serum-bb-cream-spf35-pa-30-g-exp-04-12-2025\/","og_site_name":"IDA.KOREA","article_modified_time":"2026-01-30T13:12:57+00:00","og_image":[{"width":650,"height":650,"url":"https:\/\/idakorea.ee\/wp-content\/uploads\/2025\/02\/dalba_500070-650x650-1.jpg","type":"image\/jpeg"}],"twitter_card":"summary_large_image","twitter_misc":{"Est. reading time":"3 minutes"},"schema":{"@context":"https:\/\/schema.org","@graph":[{"@type":"WebPage","@id":"https:\/\/idakorea.ee\/product\/dalba-skin-fit-cover-serum-bb-cream-spf35-pa-30-g-exp-04-12-2025\/","url":"https:\/\/idakorea.ee\/product\/dalba-skin-fit-cover-serum-bb-cream-spf35-pa-30-g-exp-04-12-2025\/","name":"d'Alba Skin Fit Cover Serum BB Cream SPF35 PA++, 30 g - IDA.KOREA","isPartOf":{"@id":"https:\/\/idakorea.ee\/#website"},"primaryImageOfPage":{"@id":"https:\/\/idakorea.ee\/product\/dalba-skin-fit-cover-serum-bb-cream-spf35-pa-30-g-exp-04-12-2025\/#primaryimage"},"image":{"@id":"https:\/\/idakorea.ee\/product\/dalba-skin-fit-cover-serum-bb-cream-spf35-pa-30-g-exp-04-12-2025\/#primaryimage"},"thumbnailUrl":"https:\/\/idakorea.ee\/wp-content\/uploads\/2025\/02\/dalba_500070-650x650-1.jpg","datePublished":"2025-02-13T10:11:41+00:00","dateModified":"2026-01-30T13:12:57+00:00","breadcrumb":{"@id":"https:\/\/idakorea.ee\/product\/dalba-skin-fit-cover-serum-bb-cream-spf35-pa-30-g-exp-04-12-2025\/#breadcrumb"},"inLanguage":"en-US","potentialAction":[{"@type":"ReadAction","target":["https:\/\/idakorea.ee\/product\/dalba-skin-fit-cover-serum-bb-cream-spf35-pa-30-g-exp-04-12-2025\/"]}]},{"@type":"ImageObject","inLanguage":"en-US","@id":"https:\/\/idakorea.ee\/product\/dalba-skin-fit-cover-serum-bb-cream-spf35-pa-30-g-exp-04-12-2025\/#primaryimage","url":"https:\/\/idakorea.ee\/wp-content\/uploads\/2025\/02\/dalba_500070-650x650-1.jpg","contentUrl":"https:\/\/idakorea.ee\/wp-content\/uploads\/2025\/02\/dalba_500070-650x650-1.jpg","width":650,"height":650},{"@type":"BreadcrumbList","@id":"https:\/\/idakorea.ee\/product\/dalba-skin-fit-cover-serum-bb-cream-spf35-pa-30-g-exp-04-12-2025\/#breadcrumb","itemListElement":[{"@type":"ListItem","position":1,"name":"\u0413\u043b\u0430\u0432\u043d\u0430\u044f \u0441\u0442\u0440\u0430\u043d\u0438\u0446\u0430","item":"https:\/\/idakorea.ee\/"},{"@type":"ListItem","position":2,"name":"Shop","item":"https:\/\/idakorea.ee\/shop-2\/"},{"@type":"ListItem","position":3,"name":"d&#8217;Alba Skin Fit Cover Serum BB Cream SPF35 PA++, 30 g"}]},{"@type":"WebSite","@id":"https:\/\/idakorea.ee\/#website","url":"https:\/\/idakorea.ee\/","name":"IDA.KOREA","description":"Korean cosmetics e-shop","publisher":{"@id":"https:\/\/idakorea.ee\/#organization"},"alternateName":"Beauty Shop","potentialAction":[{"@type":"SearchAction","target":{"@type":"EntryPoint","urlTemplate":"https:\/\/idakorea.ee\/?s={search_term_string}"},"query-input":{"@type":"PropertyValueSpecification","valueRequired":true,"valueName":"search_term_string"}}],"inLanguage":"en-US"},{"@type":"Organization","@id":"https:\/\/idakorea.ee\/#organization","name":"IDA.KOREA","url":"https:\/\/idakorea.ee\/","logo":{"@type":"ImageObject","inLanguage":"en-US","@id":"https:\/\/idakorea.ee\/#\/schema\/logo\/image\/","url":"https:\/\/idakorea.ee\/wp-content\/uploads\/2024\/05\/cropped-korea3.png","contentUrl":"https:\/\/idakorea.ee\/wp-content\/uploads\/2024\/05\/cropped-korea3.png","width":688,"height":126,"caption":"IDA.KOREA"},"image":{"@id":"https:\/\/idakorea.ee\/#\/schema\/logo\/image\/"},"sameAs":["https:\/\/www.instagram.com\/ida.korea\/"]}]}},"jetpack_sharing_enabled":true,"brands":[{"id":105,"name":"d'ALBA","slug":"dalba"}],"_links":{"self":[{"href":"https:\/\/idakorea.ee\/en\/wp-json\/wp\/v2\/product\/12577","targetHints":{"allow":["GET"]}}],"collection":[{"href":"https:\/\/idakorea.ee\/en\/wp-json\/wp\/v2\/product"}],"about":[{"href":"https:\/\/idakorea.ee\/en\/wp-json\/wp\/v2\/types\/product"}],"replies":[{"embeddable":true,"href":"https:\/\/idakorea.ee\/en\/wp-json\/wp\/v2\/comments?post=12577"}],"version-history":[{"count":3,"href":"https:\/\/idakorea.ee\/en\/wp-json\/wp\/v2\/product\/12577\/revisions"}],"predecessor-version":[{"id":13516,"href":"https:\/\/idakorea.ee\/en\/wp-json\/wp\/v2\/product\/12577\/revisions\/13516"}],"wp:featuredmedia":[{"embeddable":true,"href":"https:\/\/idakorea.ee\/en\/wp-json\/wp\/v2\/media\/12578"}],"wp:attachment":[{"href":"https:\/\/idakorea.ee\/en\/wp-json\/wp\/v2\/media?parent=12577"}],"wp:term":[{"taxonomy":"pwb-brand","embeddable":true,"href":"https:\/\/idakorea.ee\/en\/wp-json\/wp\/v2\/pwb-brand?post=12577"},{"taxonomy":"product_brand","embeddable":true,"href":"https:\/\/idakorea.ee\/en\/wp-json\/wp\/v2\/product_brand?post=12577"},{"taxonomy":"product_cat","embeddable":true,"href":"https:\/\/idakorea.ee\/en\/wp-json\/wp\/v2\/product_cat?post=12577"},{"taxonomy":"product_tag","embeddable":true,"href":"https:\/\/idakorea.ee\/en\/wp-json\/wp\/v2\/product_tag?post=12577"}],"curies":[{"name":"wp","href":"https:\/\/api.w.org\/{rel}","templated":true}]}}