{"id":12685,"date":"2025-02-18T10:32:16","date_gmt":"2025-02-18T08:32:16","guid":{"rendered":"https:\/\/idakorea.ee\/?post_type=product&#038;p=12685"},"modified":"2026-01-30T15:12:45","modified_gmt":"2026-01-30T13:12:45","slug":"orn-puhastusgeel-tigu-mutsiiniga-cosrx-advanced-snail-mucin-power-gel-cleanser-50ml-exp-20-06-2025","status":"publish","type":"product","link":"https:\/\/idakorea.ee\/en\/product\/orn-puhastusgeel-tigu-mutsiiniga-cosrx-advanced-snail-mucin-power-gel-cleanser-50ml-exp-20-06-2025\/","title":{"rendered":"Gentle cleansing gel with snail mucin Cosrx Advanced Snail Mucin Power Gel Cleanser, 50ml"},"content":{"rendered":"<p><strong>Cosrx Advanced Snail Mucin Power Gel Cleanser<\/strong> is a gentle cleansing gel that deeply cleanses, soothes, restores moisture balance, and helps prevent dryness and itchiness. It gently removes dirt, softens the skin and strengthens its natural protective barrier.<\/p>\n<p>The gel works delicately on the skin, effectively dissolving dirt, dust, make-up residue and excess oil, helping to reduce oily shine, redness and irritation. Neutralises the aggressive effects of tap water, keeps the skin optimally hydrated and promotes healing and regeneration. Soothes the skin, leaving it soft and velvety.<\/p>\n<p><strong>Main active ingredient - snail-mustard (10 000 ppm)<\/strong><\/p>\n<ul>\n<li>Enriches the skin with vitamins and minerals.<\/li>\n<li>Deeply hydrates and accelerates skin renewal.<\/li>\n<li>Protects against the harmful effects of external irritants.<\/li>\n<li>Soothes, smoothes the skin's contours, evens the complexion and helps reduce pigmentation and acne scars.<\/li>\n<\/ul>\n<p>The cleansing gel has a slightly gel-like texture which, on contact with water, turns into a delicate foam with micro bubbles. The lightly astringent formula does not leave skin feeling dry or rough, leaving it smooth and hydrated.<\/p>\n<p>&nbsp;<\/p>\n<p><strong>Suitable for all skin types.<\/strong><\/p>\n<p><strong>Usage:<\/strong> Apply a small amount of gel to wet hands, whisk and massage gently over face. Rinse with warm water.<\/p>","protected":false},"excerpt":{"rendered":"<p>Cosrx Advanced Snail Mucin Power Gel Cleanser is a gentle cleansing gel that deeply cleanses, soothes, restores moisture balance, and helps prevent dryness and itchiness. It gently removes dirt, softens the skin and strengthens its natural protective barrier. The gel works delicately on the skin, effectively dissolving dirt, dust, make-up residue and excess oil, helping to reduce oily shine, redness and irritation....<\/p>","protected":false},"featured_media":12686,"comment_status":"open","ping_status":"closed","template":"","meta":{"_uf_show_specific_survey":0,"_uf_disable_surveys":false,"_bst_post_transparent":"default","_bst_post_title":"","_bst_post_layout":"default","_bst_post_sidebar_id":"","_bst_post_content_style":"default","_bst_post_vertical_padding":"default","_bst_post_feature":"","_bst_post_feature_position":"","_bst_post_header":false,"_bst_post_footer":false},"pwb-brand":[111],"product_brand":[],"product_cat":[92,452,100],"product_tag":[799,800],"class_list":{"0":"post-12685","1":"product","2":"type-product","3":"status-publish","4":"has-post-thumbnail","6":"pwb-brand-cosrx","7":"product_cat-nagu","8":"product_cat-naopuhastusgeelid","9":"product_cat-puhastusvahendid","10":"product_tag-cosrx","11":"product_tag-mucin","13":"first","14":"outofstock","15":"sale","16":"shipping-taxable","17":"purchasable","18":"product-type-simple","19":"entry","20":"content-bg","21":"loop-entry"},"supplier_id":null,"supplier_sku":"","barcode":null,"atum_controlled":true,"out_stock_date":null,"out_stock_threshold":null,"inheritable":false,"inbound_stock":0,"stock_on_hold":0,"sold_today":0,"sales_last_days":0,"out_stock_days":0,"lost_sales":0,"has_location":false,"update_date":"2026-04-14T00:05:06","atum_locations":[],"atum_stock_status":"outofstock","restock_status":false,"low_stock_amount":"","sales_update_date":"2026-04-14T00:05:06","calc_backorders":null,"yoast_head":"<!-- This site is optimized with the Yoast SEO plugin v27.2 - https:\/\/yoast.com\/product\/yoast-seo-wordpress\/ -->\n<title>\u00d5rn puhastusgeel tigu-mutsiiniga Cosrx Advanced Snail Mucin Power Gel Cleanser, 50ml - IDA.KOREA<\/title>\n<meta name=\"robots\" content=\"index, follow, max-snippet:-1, max-image-preview:large, max-video-preview:-1\" \/>\n<link rel=\"canonical\" href=\"https:\/\/idakorea.ee\/en\/product\/orn-puhastusgeel-tigu-mutsiiniga-cosrx-advanced-snail-mucin-power-gel-cleanser-50ml-exp-20-06-2025\/\" \/>\n<meta property=\"og:locale\" content=\"en_US\" \/>\n<meta property=\"og:type\" content=\"article\" \/>\n<meta property=\"og:title\" content=\"\u00d5rn puhastusgeel tigu-mutsiiniga Cosrx Advanced Snail Mucin Power Gel Cleanser, 50ml - IDA.KOREA\" \/>\n<meta property=\"og:description\" content=\"Cosrx Advanced Snail Mucin Power Gel Cleanser on \u00f5rn puhastusgeel, mis puhastab nahka s\u00fcgavalt, rahustab, taastab naha niiskustasakaalu ning aitab v\u00e4ltida kuivust ja kiskuvat tunnet. See eemaldab \u00f5rnalt mustuse, pehmendab nahka ja tugevdab selle loomulikku kaitsebarj\u00e4\u00e4ri. Geel m\u00f5jub nahale delikaatselt, lahustab t\u00f5husalt mustuse, tolmu, meigij\u00e4\u00e4gid ja liigse rasu, aitab v\u00e4hendada rasust l\u00e4iget, punetust ja \u00e4rritust....\" \/>\n<meta property=\"og:url\" content=\"https:\/\/idakorea.ee\/en\/product\/orn-puhastusgeel-tigu-mutsiiniga-cosrx-advanced-snail-mucin-power-gel-cleanser-50ml-exp-20-06-2025\/\" \/>\n<meta property=\"og:site_name\" content=\"IDA.KOREA\" \/>\n<meta property=\"article:modified_time\" content=\"2026-01-30T13:12:45+00:00\" \/>\n<meta property=\"og:image\" content=\"https:\/\/idakorea.ee\/wp-content\/uploads\/2025\/02\/02t183337.946-_1.png\" \/>\n\t<meta property=\"og:image:width\" content=\"1000\" \/>\n\t<meta property=\"og:image:height\" content=\"1000\" \/>\n\t<meta property=\"og:image:type\" content=\"image\/png\" \/>\n<meta name=\"twitter:card\" content=\"summary_large_image\" \/>\n<meta name=\"twitter:label1\" content=\"Est. reading time\" \/>\n\t<meta name=\"twitter:data1\" content=\"2 minutes\" \/>\n<script type=\"application\/ld+json\" class=\"yoast-schema-graph\">{\"@context\":\"https:\/\/schema.org\",\"@graph\":[{\"@type\":\"WebPage\",\"@id\":\"https:\/\/idakorea.ee\/product\/orn-puhastusgeel-tigu-mutsiiniga-cosrx-advanced-snail-mucin-power-gel-cleanser-50ml-exp-20-06-2025\/\",\"url\":\"https:\/\/idakorea.ee\/product\/orn-puhastusgeel-tigu-mutsiiniga-cosrx-advanced-snail-mucin-power-gel-cleanser-50ml-exp-20-06-2025\/\",\"name\":\"\u00d5rn puhastusgeel tigu-mutsiiniga Cosrx Advanced Snail Mucin Power Gel Cleanser, 50ml - IDA.KOREA\",\"isPartOf\":{\"@id\":\"https:\/\/idakorea.ee\/#website\"},\"primaryImageOfPage\":{\"@id\":\"https:\/\/idakorea.ee\/product\/orn-puhastusgeel-tigu-mutsiiniga-cosrx-advanced-snail-mucin-power-gel-cleanser-50ml-exp-20-06-2025\/#primaryimage\"},\"image\":{\"@id\":\"https:\/\/idakorea.ee\/product\/orn-puhastusgeel-tigu-mutsiiniga-cosrx-advanced-snail-mucin-power-gel-cleanser-50ml-exp-20-06-2025\/#primaryimage\"},\"thumbnailUrl\":\"https:\/\/idakorea.ee\/wp-content\/uploads\/2025\/02\/02t183337.946-_1.png\",\"datePublished\":\"2025-02-18T08:32:16+00:00\",\"dateModified\":\"2026-01-30T13:12:45+00:00\",\"breadcrumb\":{\"@id\":\"https:\/\/idakorea.ee\/product\/orn-puhastusgeel-tigu-mutsiiniga-cosrx-advanced-snail-mucin-power-gel-cleanser-50ml-exp-20-06-2025\/#breadcrumb\"},\"inLanguage\":\"en-US\",\"potentialAction\":[{\"@type\":\"ReadAction\",\"target\":[\"https:\/\/idakorea.ee\/product\/orn-puhastusgeel-tigu-mutsiiniga-cosrx-advanced-snail-mucin-power-gel-cleanser-50ml-exp-20-06-2025\/\"]}]},{\"@type\":\"ImageObject\",\"inLanguage\":\"en-US\",\"@id\":\"https:\/\/idakorea.ee\/product\/orn-puhastusgeel-tigu-mutsiiniga-cosrx-advanced-snail-mucin-power-gel-cleanser-50ml-exp-20-06-2025\/#primaryimage\",\"url\":\"https:\/\/idakorea.ee\/wp-content\/uploads\/2025\/02\/02t183337.946-_1.png\",\"contentUrl\":\"https:\/\/idakorea.ee\/wp-content\/uploads\/2025\/02\/02t183337.946-_1.png\",\"width\":1000,\"height\":1000},{\"@type\":\"BreadcrumbList\",\"@id\":\"https:\/\/idakorea.ee\/product\/orn-puhastusgeel-tigu-mutsiiniga-cosrx-advanced-snail-mucin-power-gel-cleanser-50ml-exp-20-06-2025\/#breadcrumb\",\"itemListElement\":[{\"@type\":\"ListItem\",\"position\":1,\"name\":\"\u0413\u043b\u0430\u0432\u043d\u0430\u044f \u0441\u0442\u0440\u0430\u043d\u0438\u0446\u0430\",\"item\":\"https:\/\/idakorea.ee\/\"},{\"@type\":\"ListItem\",\"position\":2,\"name\":\"Shop\",\"item\":\"https:\/\/idakorea.ee\/shop-2\/\"},{\"@type\":\"ListItem\",\"position\":3,\"name\":\"\u00d5rn puhastusgeel tigu-mutsiiniga Cosrx Advanced Snail Mucin Power Gel Cleanser, 50ml\"}]},{\"@type\":\"WebSite\",\"@id\":\"https:\/\/idakorea.ee\/#website\",\"url\":\"https:\/\/idakorea.ee\/\",\"name\":\"IDA.KOREA\",\"description\":\"Korea kosmeetika e-pood\",\"publisher\":{\"@id\":\"https:\/\/idakorea.ee\/#organization\"},\"alternateName\":\"Beauty Shop\",\"potentialAction\":[{\"@type\":\"SearchAction\",\"target\":{\"@type\":\"EntryPoint\",\"urlTemplate\":\"https:\/\/idakorea.ee\/?s={search_term_string}\"},\"query-input\":{\"@type\":\"PropertyValueSpecification\",\"valueRequired\":true,\"valueName\":\"search_term_string\"}}],\"inLanguage\":\"en-US\"},{\"@type\":\"Organization\",\"@id\":\"https:\/\/idakorea.ee\/#organization\",\"name\":\"IDA.KOREA\",\"url\":\"https:\/\/idakorea.ee\/\",\"logo\":{\"@type\":\"ImageObject\",\"inLanguage\":\"en-US\",\"@id\":\"https:\/\/idakorea.ee\/#\/schema\/logo\/image\/\",\"url\":\"https:\/\/idakorea.ee\/wp-content\/uploads\/2024\/05\/cropped-korea3.png\",\"contentUrl\":\"https:\/\/idakorea.ee\/wp-content\/uploads\/2024\/05\/cropped-korea3.png\",\"width\":688,\"height\":126,\"caption\":\"IDA.KOREA\"},\"image\":{\"@id\":\"https:\/\/idakorea.ee\/#\/schema\/logo\/image\/\"},\"sameAs\":[\"https:\/\/www.instagram.com\/ida.korea\/\"]}]}<\/script>\n<!-- \/ Yoast SEO plugin. -->","yoast_head_json":{"title":"Gentle cleansing gel with snail mucin Cosrx Advanced Snail Mucin Power Gel Cleanser, 50ml - EAST KOREA","robots":{"index":"index","follow":"follow","max-snippet":"max-snippet:-1","max-image-preview":"max-image-preview:large","max-video-preview":"max-video-preview:-1"},"canonical":"https:\/\/idakorea.ee\/en\/product\/orn-puhastusgeel-tigu-mutsiiniga-cosrx-advanced-snail-mucin-power-gel-cleanser-50ml-exp-20-06-2025\/","og_locale":"en_US","og_type":"article","og_title":"\u00d5rn puhastusgeel tigu-mutsiiniga Cosrx Advanced Snail Mucin Power Gel Cleanser, 50ml - IDA.KOREA","og_description":"Cosrx Advanced Snail Mucin Power Gel Cleanser on \u00f5rn puhastusgeel, mis puhastab nahka s\u00fcgavalt, rahustab, taastab naha niiskustasakaalu ning aitab v\u00e4ltida kuivust ja kiskuvat tunnet. See eemaldab \u00f5rnalt mustuse, pehmendab nahka ja tugevdab selle loomulikku kaitsebarj\u00e4\u00e4ri. Geel m\u00f5jub nahale delikaatselt, lahustab t\u00f5husalt mustuse, tolmu, meigij\u00e4\u00e4gid ja liigse rasu, aitab v\u00e4hendada rasust l\u00e4iget, punetust ja \u00e4rritust....","og_url":"https:\/\/idakorea.ee\/en\/product\/orn-puhastusgeel-tigu-mutsiiniga-cosrx-advanced-snail-mucin-power-gel-cleanser-50ml-exp-20-06-2025\/","og_site_name":"IDA.KOREA","article_modified_time":"2026-01-30T13:12:45+00:00","og_image":[{"width":1000,"height":1000,"url":"https:\/\/idakorea.ee\/wp-content\/uploads\/2025\/02\/02t183337.946-_1.png","type":"image\/png"}],"twitter_card":"summary_large_image","twitter_misc":{"Est. reading time":"2 minutes"},"schema":{"@context":"https:\/\/schema.org","@graph":[{"@type":"WebPage","@id":"https:\/\/idakorea.ee\/product\/orn-puhastusgeel-tigu-mutsiiniga-cosrx-advanced-snail-mucin-power-gel-cleanser-50ml-exp-20-06-2025\/","url":"https:\/\/idakorea.ee\/product\/orn-puhastusgeel-tigu-mutsiiniga-cosrx-advanced-snail-mucin-power-gel-cleanser-50ml-exp-20-06-2025\/","name":"Gentle cleansing gel with snail mucin Cosrx Advanced Snail Mucin Power Gel Cleanser, 50ml - EAST KOREA","isPartOf":{"@id":"https:\/\/idakorea.ee\/#website"},"primaryImageOfPage":{"@id":"https:\/\/idakorea.ee\/product\/orn-puhastusgeel-tigu-mutsiiniga-cosrx-advanced-snail-mucin-power-gel-cleanser-50ml-exp-20-06-2025\/#primaryimage"},"image":{"@id":"https:\/\/idakorea.ee\/product\/orn-puhastusgeel-tigu-mutsiiniga-cosrx-advanced-snail-mucin-power-gel-cleanser-50ml-exp-20-06-2025\/#primaryimage"},"thumbnailUrl":"https:\/\/idakorea.ee\/wp-content\/uploads\/2025\/02\/02t183337.946-_1.png","datePublished":"2025-02-18T08:32:16+00:00","dateModified":"2026-01-30T13:12:45+00:00","breadcrumb":{"@id":"https:\/\/idakorea.ee\/product\/orn-puhastusgeel-tigu-mutsiiniga-cosrx-advanced-snail-mucin-power-gel-cleanser-50ml-exp-20-06-2025\/#breadcrumb"},"inLanguage":"en-US","potentialAction":[{"@type":"ReadAction","target":["https:\/\/idakorea.ee\/product\/orn-puhastusgeel-tigu-mutsiiniga-cosrx-advanced-snail-mucin-power-gel-cleanser-50ml-exp-20-06-2025\/"]}]},{"@type":"ImageObject","inLanguage":"en-US","@id":"https:\/\/idakorea.ee\/product\/orn-puhastusgeel-tigu-mutsiiniga-cosrx-advanced-snail-mucin-power-gel-cleanser-50ml-exp-20-06-2025\/#primaryimage","url":"https:\/\/idakorea.ee\/wp-content\/uploads\/2025\/02\/02t183337.946-_1.png","contentUrl":"https:\/\/idakorea.ee\/wp-content\/uploads\/2025\/02\/02t183337.946-_1.png","width":1000,"height":1000},{"@type":"BreadcrumbList","@id":"https:\/\/idakorea.ee\/product\/orn-puhastusgeel-tigu-mutsiiniga-cosrx-advanced-snail-mucin-power-gel-cleanser-50ml-exp-20-06-2025\/#breadcrumb","itemListElement":[{"@type":"ListItem","position":1,"name":"\u0413\u043b\u0430\u0432\u043d\u0430\u044f \u0441\u0442\u0440\u0430\u043d\u0438\u0446\u0430","item":"https:\/\/idakorea.ee\/"},{"@type":"ListItem","position":2,"name":"Shop","item":"https:\/\/idakorea.ee\/shop-2\/"},{"@type":"ListItem","position":3,"name":"\u00d5rn puhastusgeel tigu-mutsiiniga Cosrx Advanced Snail Mucin Power Gel Cleanser, 50ml"}]},{"@type":"WebSite","@id":"https:\/\/idakorea.ee\/#website","url":"https:\/\/idakorea.ee\/","name":"IDA.KOREA","description":"Korean cosmetics e-shop","publisher":{"@id":"https:\/\/idakorea.ee\/#organization"},"alternateName":"Beauty Shop","potentialAction":[{"@type":"SearchAction","target":{"@type":"EntryPoint","urlTemplate":"https:\/\/idakorea.ee\/?s={search_term_string}"},"query-input":{"@type":"PropertyValueSpecification","valueRequired":true,"valueName":"search_term_string"}}],"inLanguage":"en-US"},{"@type":"Organization","@id":"https:\/\/idakorea.ee\/#organization","name":"IDA.KOREA","url":"https:\/\/idakorea.ee\/","logo":{"@type":"ImageObject","inLanguage":"en-US","@id":"https:\/\/idakorea.ee\/#\/schema\/logo\/image\/","url":"https:\/\/idakorea.ee\/wp-content\/uploads\/2024\/05\/cropped-korea3.png","contentUrl":"https:\/\/idakorea.ee\/wp-content\/uploads\/2024\/05\/cropped-korea3.png","width":688,"height":126,"caption":"IDA.KOREA"},"image":{"@id":"https:\/\/idakorea.ee\/#\/schema\/logo\/image\/"},"sameAs":["https:\/\/www.instagram.com\/ida.korea\/"]}]}},"jetpack_sharing_enabled":true,"brands":[{"id":111,"name":"COSRX","slug":"cosrx"}],"_links":{"self":[{"href":"https:\/\/idakorea.ee\/en\/wp-json\/wp\/v2\/product\/12685","targetHints":{"allow":["GET"]}}],"collection":[{"href":"https:\/\/idakorea.ee\/en\/wp-json\/wp\/v2\/product"}],"about":[{"href":"https:\/\/idakorea.ee\/en\/wp-json\/wp\/v2\/types\/product"}],"replies":[{"embeddable":true,"href":"https:\/\/idakorea.ee\/en\/wp-json\/wp\/v2\/comments?post=12685"}],"version-history":[{"count":2,"href":"https:\/\/idakorea.ee\/en\/wp-json\/wp\/v2\/product\/12685\/revisions"}],"predecessor-version":[{"id":14313,"href":"https:\/\/idakorea.ee\/en\/wp-json\/wp\/v2\/product\/12685\/revisions\/14313"}],"wp:featuredmedia":[{"embeddable":true,"href":"https:\/\/idakorea.ee\/en\/wp-json\/wp\/v2\/media\/12686"}],"wp:attachment":[{"href":"https:\/\/idakorea.ee\/en\/wp-json\/wp\/v2\/media?parent=12685"}],"wp:term":[{"taxonomy":"pwb-brand","embeddable":true,"href":"https:\/\/idakorea.ee\/en\/wp-json\/wp\/v2\/pwb-brand?post=12685"},{"taxonomy":"product_brand","embeddable":true,"href":"https:\/\/idakorea.ee\/en\/wp-json\/wp\/v2\/product_brand?post=12685"},{"taxonomy":"product_cat","embeddable":true,"href":"https:\/\/idakorea.ee\/en\/wp-json\/wp\/v2\/product_cat?post=12685"},{"taxonomy":"product_tag","embeddable":true,"href":"https:\/\/idakorea.ee\/en\/wp-json\/wp\/v2\/product_tag?post=12685"}],"curies":[{"name":"wp","href":"https:\/\/api.w.org\/{rel}","templated":true}]}}