{"id":12760,"date":"2025-02-21T11:45:07","date_gmt":"2025-02-21T09:45:07","guid":{"rendered":"https:\/\/idakorea.ee\/?post_type=product&#038;p=12760"},"modified":"2026-03-13T13:49:13","modified_gmt":"2026-03-13T11:49:13","slug":"rahustav-ja-niisutav-kreem-tundlikule-nahale-baroness-cica-intense-cream-50ml","status":"publish","type":"product","link":"https:\/\/idakorea.ee\/en\/product\/rahustav-ja-niisutav-kreem-tundlikule-nahale-baroness-cica-intense-cream-50ml\/","title":{"rendered":"Soothing and moisturising cream for sensitive skin Baroness Kitty Intense Cream, 50ml"},"content":{"rendered":"<p><strong>Baroness Kitty Intense Cream<\/strong> is a light and refreshing moisturiser that instantly soothes the skin, relieves stress, deeply moisturises and helps maintain moisture balance over time. The cream strengthens the skin's protective barrier, helping it to resist the damaging effects of the external environment, such as UV rays, wind, extreme temperatures. Reduces dryness, flakiness and the feeling of skin pulling.<\/p>\n<p><strong>Main active ingredients:<\/strong><\/p>\n<p><strong>Asian water-lily (Centella asiatica)<\/strong> - Known as the \"fountain of youth\", it contains triterpenic saponins, vitamin C, flavonoids and tannins that soothe, restore and protect the skin.<\/p>\n<p><strong>Aloe vera extract<\/strong> - moisturises and softens the skin, reduces irritation.<br \/>\n<strong>Squalane and glycerol<\/strong> - strengthen the skin's natural protective barrier and prevent moisture loss.<br \/>\n<strong>Rose and lotus extracts<\/strong> - revitalise and brighten the skin.<br \/>\n<strong>Gold and green tea extract<\/strong> - powerful antioxidants that help fight free radicals and signs of ageing.<\/p>\n<p>&nbsp;<\/p>\n<p>Ideal for sensitive and problem skin.<\/p>\n<p><strong>Usage: <\/strong>Apply to cleansed and toned face, neck and d\u00e9collet\u00e9 and massage gently until absorbed.<\/p>","protected":false},"excerpt":{"rendered":"<p>Baroness Kitty Intense Cream is a light and refreshing texture cream that instantly soothes the skin, relieves stress, deeply moisturizes and helps maintain moisture balance over time. The cream strengthens the skin's protective barrier, helping it to resist the damaging effects of the external environment, such as UV rays, wind, extreme temperatures. Reduces dryness, flakiness and the feeling of skin pulling. Main active ingredients.<\/p>","protected":false},"featured_media":12765,"comment_status":"open","ping_status":"closed","template":"","meta":{"_uf_show_specific_survey":0,"_uf_disable_surveys":false,"_bst_post_transparent":"default","_bst_post_title":"","_bst_post_layout":"default","_bst_post_sidebar_id":"","_bst_post_content_style":"default","_bst_post_vertical_padding":"default","_bst_post_feature":"","_bst_post_feature_position":"","_bst_post_header":false,"_bst_post_footer":false},"pwb-brand":[805],"product_brand":[],"product_cat":[92,96],"product_tag":[807,568,806],"class_list":{"0":"post-12760","1":"product","2":"type-product","3":"status-publish","4":"has-post-thumbnail","6":"pwb-brand-baroness","7":"product_cat-nagu","8":"product_cat-naokreemid","9":"product_tag-baroness","10":"product_tag-korea","11":"product_tag-prof","13":"first","14":"instock","15":"sale","16":"shipping-taxable","17":"purchasable","18":"product-type-simple","19":"entry","20":"content-bg","21":"loop-entry"},"supplier_id":null,"supplier_sku":"","barcode":null,"atum_controlled":true,"out_stock_date":null,"out_stock_threshold":null,"inheritable":false,"inbound_stock":0,"stock_on_hold":0,"sold_today":0,"sales_last_days":0,"out_stock_days":0,"lost_sales":0,"has_location":false,"update_date":"2026-04-14T00:05:08","atum_locations":[],"atum_stock_status":"instock","restock_status":false,"low_stock_amount":"","sales_update_date":"2026-04-14T00:05:08","calc_backorders":null,"yoast_head":"<!-- This site is optimized with the Yoast SEO plugin v27.2 - https:\/\/yoast.com\/product\/yoast-seo-wordpress\/ -->\n<title>Rahustav ja niisutav kreem tundlikule nahale Baroness Cica Intense Cream, 50ml - IDA.KOREA<\/title>\n<meta name=\"robots\" content=\"index, follow, max-snippet:-1, max-image-preview:large, max-video-preview:-1\" \/>\n<link rel=\"canonical\" href=\"https:\/\/idakorea.ee\/en\/product\/rahustav-ja-niisutav-kreem-tundlikule-nahale-baroness-cica-intense-cream-50ml\/\" \/>\n<meta property=\"og:locale\" content=\"en_US\" \/>\n<meta property=\"og:type\" content=\"article\" \/>\n<meta property=\"og:title\" content=\"Rahustav ja niisutav kreem tundlikule nahale Baroness Cica Intense Cream, 50ml - IDA.KOREA\" \/>\n<meta property=\"og:description\" content=\"Baroness Cica Intense Cream on kerge ja v\u00e4rskendava tekstuuriga kreem, mis rahustab nahka koheselt, leevendab stressi, niisutab s\u00fcgavuti ja aitab s\u00e4ilitada niiskustasakaalu pika aja v\u00e4ltel. Kreem tugevdab naha kaitsebarj\u00e4\u00e4ri, aidates tal vastu seista v\u00e4liskeskkonna kahjulikele m\u00f5judele, nagu UV-kiirgus, tuul, \u00e4\u00e4rmuslikud temperatuurid. V\u00e4hendab kuivust, ketendust ja naha kiskuvat tunnet. Peamised toimeained: Aasia vesinaba (Centella Asiatica) \u2013...\" \/>\n<meta property=\"og:url\" content=\"https:\/\/idakorea.ee\/en\/product\/rahustav-ja-niisutav-kreem-tundlikule-nahale-baroness-cica-intense-cream-50ml\/\" \/>\n<meta property=\"og:site_name\" content=\"IDA.KOREA\" \/>\n<meta property=\"article:modified_time\" content=\"2026-03-13T11:49:13+00:00\" \/>\n<meta property=\"og:image\" content=\"https:\/\/idakorea.ee\/wp-content\/uploads\/2025\/02\/qqewretrytt-yrrwewewer.png\" \/>\n\t<meta property=\"og:image:width\" content=\"800\" \/>\n\t<meta property=\"og:image:height\" content=\"800\" \/>\n\t<meta property=\"og:image:type\" content=\"image\/png\" \/>\n<meta name=\"twitter:card\" content=\"summary_large_image\" \/>\n<meta name=\"twitter:label1\" content=\"Est. reading time\" \/>\n\t<meta name=\"twitter:data1\" content=\"1 minute\" \/>\n<script type=\"application\/ld+json\" class=\"yoast-schema-graph\">{\"@context\":\"https:\/\/schema.org\",\"@graph\":[{\"@type\":\"WebPage\",\"@id\":\"https:\/\/idakorea.ee\/product\/rahustav-ja-niisutav-kreem-tundlikule-nahale-baroness-cica-intense-cream-50ml\/\",\"url\":\"https:\/\/idakorea.ee\/product\/rahustav-ja-niisutav-kreem-tundlikule-nahale-baroness-cica-intense-cream-50ml\/\",\"name\":\"Rahustav ja niisutav kreem tundlikule nahale Baroness Cica Intense Cream, 50ml - IDA.KOREA\",\"isPartOf\":{\"@id\":\"https:\/\/idakorea.ee\/#website\"},\"primaryImageOfPage\":{\"@id\":\"https:\/\/idakorea.ee\/product\/rahustav-ja-niisutav-kreem-tundlikule-nahale-baroness-cica-intense-cream-50ml\/#primaryimage\"},\"image\":{\"@id\":\"https:\/\/idakorea.ee\/product\/rahustav-ja-niisutav-kreem-tundlikule-nahale-baroness-cica-intense-cream-50ml\/#primaryimage\"},\"thumbnailUrl\":\"https:\/\/idakorea.ee\/wp-content\/uploads\/2025\/02\/qqewretrytt-yrrwewewer.png\",\"datePublished\":\"2025-02-21T09:45:07+00:00\",\"dateModified\":\"2026-03-13T11:49:13+00:00\",\"breadcrumb\":{\"@id\":\"https:\/\/idakorea.ee\/product\/rahustav-ja-niisutav-kreem-tundlikule-nahale-baroness-cica-intense-cream-50ml\/#breadcrumb\"},\"inLanguage\":\"en-US\",\"potentialAction\":[{\"@type\":\"ReadAction\",\"target\":[\"https:\/\/idakorea.ee\/product\/rahustav-ja-niisutav-kreem-tundlikule-nahale-baroness-cica-intense-cream-50ml\/\"]}]},{\"@type\":\"ImageObject\",\"inLanguage\":\"en-US\",\"@id\":\"https:\/\/idakorea.ee\/product\/rahustav-ja-niisutav-kreem-tundlikule-nahale-baroness-cica-intense-cream-50ml\/#primaryimage\",\"url\":\"https:\/\/idakorea.ee\/wp-content\/uploads\/2025\/02\/qqewretrytt-yrrwewewer.png\",\"contentUrl\":\"https:\/\/idakorea.ee\/wp-content\/uploads\/2025\/02\/qqewretrytt-yrrwewewer.png\",\"width\":800,\"height\":800},{\"@type\":\"BreadcrumbList\",\"@id\":\"https:\/\/idakorea.ee\/product\/rahustav-ja-niisutav-kreem-tundlikule-nahale-baroness-cica-intense-cream-50ml\/#breadcrumb\",\"itemListElement\":[{\"@type\":\"ListItem\",\"position\":1,\"name\":\"\u0413\u043b\u0430\u0432\u043d\u0430\u044f \u0441\u0442\u0440\u0430\u043d\u0438\u0446\u0430\",\"item\":\"https:\/\/idakorea.ee\/\"},{\"@type\":\"ListItem\",\"position\":2,\"name\":\"Shop\",\"item\":\"https:\/\/idakorea.ee\/shop-2\/\"},{\"@type\":\"ListItem\",\"position\":3,\"name\":\"Rahustav ja niisutav kreem tundlikule nahale Baroness Cica Intense Cream, 50ml\"}]},{\"@type\":\"WebSite\",\"@id\":\"https:\/\/idakorea.ee\/#website\",\"url\":\"https:\/\/idakorea.ee\/\",\"name\":\"IDA.KOREA\",\"description\":\"Korea kosmeetika e-pood\",\"publisher\":{\"@id\":\"https:\/\/idakorea.ee\/#organization\"},\"alternateName\":\"Beauty Shop\",\"potentialAction\":[{\"@type\":\"SearchAction\",\"target\":{\"@type\":\"EntryPoint\",\"urlTemplate\":\"https:\/\/idakorea.ee\/?s={search_term_string}\"},\"query-input\":{\"@type\":\"PropertyValueSpecification\",\"valueRequired\":true,\"valueName\":\"search_term_string\"}}],\"inLanguage\":\"en-US\"},{\"@type\":\"Organization\",\"@id\":\"https:\/\/idakorea.ee\/#organization\",\"name\":\"IDA.KOREA\",\"url\":\"https:\/\/idakorea.ee\/\",\"logo\":{\"@type\":\"ImageObject\",\"inLanguage\":\"en-US\",\"@id\":\"https:\/\/idakorea.ee\/#\/schema\/logo\/image\/\",\"url\":\"https:\/\/idakorea.ee\/wp-content\/uploads\/2024\/05\/cropped-korea3.png\",\"contentUrl\":\"https:\/\/idakorea.ee\/wp-content\/uploads\/2024\/05\/cropped-korea3.png\",\"width\":688,\"height\":126,\"caption\":\"IDA.KOREA\"},\"image\":{\"@id\":\"https:\/\/idakorea.ee\/#\/schema\/logo\/image\/\"},\"sameAs\":[\"https:\/\/www.instagram.com\/ida.korea\/\"]}]}<\/script>\n<!-- \/ Yoast SEO plugin. -->","yoast_head_json":{"title":"Soothing and moisturizing cream for sensitive skin Baroness Kitty Intense Cream, 50ml - IDA.KOREA","robots":{"index":"index","follow":"follow","max-snippet":"max-snippet:-1","max-image-preview":"max-image-preview:large","max-video-preview":"max-video-preview:-1"},"canonical":"https:\/\/idakorea.ee\/en\/product\/rahustav-ja-niisutav-kreem-tundlikule-nahale-baroness-cica-intense-cream-50ml\/","og_locale":"en_US","og_type":"article","og_title":"Rahustav ja niisutav kreem tundlikule nahale Baroness Cica Intense Cream, 50ml - IDA.KOREA","og_description":"Baroness Cica Intense Cream on kerge ja v\u00e4rskendava tekstuuriga kreem, mis rahustab nahka koheselt, leevendab stressi, niisutab s\u00fcgavuti ja aitab s\u00e4ilitada niiskustasakaalu pika aja v\u00e4ltel. Kreem tugevdab naha kaitsebarj\u00e4\u00e4ri, aidates tal vastu seista v\u00e4liskeskkonna kahjulikele m\u00f5judele, nagu UV-kiirgus, tuul, \u00e4\u00e4rmuslikud temperatuurid. V\u00e4hendab kuivust, ketendust ja naha kiskuvat tunnet. Peamised toimeained: Aasia vesinaba (Centella Asiatica) \u2013...","og_url":"https:\/\/idakorea.ee\/en\/product\/rahustav-ja-niisutav-kreem-tundlikule-nahale-baroness-cica-intense-cream-50ml\/","og_site_name":"IDA.KOREA","article_modified_time":"2026-03-13T11:49:13+00:00","og_image":[{"width":800,"height":800,"url":"https:\/\/idakorea.ee\/wp-content\/uploads\/2025\/02\/qqewretrytt-yrrwewewer.png","type":"image\/png"}],"twitter_card":"summary_large_image","twitter_misc":{"Est. reading time":"1 minute"},"schema":{"@context":"https:\/\/schema.org","@graph":[{"@type":"WebPage","@id":"https:\/\/idakorea.ee\/product\/rahustav-ja-niisutav-kreem-tundlikule-nahale-baroness-cica-intense-cream-50ml\/","url":"https:\/\/idakorea.ee\/product\/rahustav-ja-niisutav-kreem-tundlikule-nahale-baroness-cica-intense-cream-50ml\/","name":"Soothing and moisturizing cream for sensitive skin Baroness Kitty Intense Cream, 50ml - IDA.KOREA","isPartOf":{"@id":"https:\/\/idakorea.ee\/#website"},"primaryImageOfPage":{"@id":"https:\/\/idakorea.ee\/product\/rahustav-ja-niisutav-kreem-tundlikule-nahale-baroness-cica-intense-cream-50ml\/#primaryimage"},"image":{"@id":"https:\/\/idakorea.ee\/product\/rahustav-ja-niisutav-kreem-tundlikule-nahale-baroness-cica-intense-cream-50ml\/#primaryimage"},"thumbnailUrl":"https:\/\/idakorea.ee\/wp-content\/uploads\/2025\/02\/qqewretrytt-yrrwewewer.png","datePublished":"2025-02-21T09:45:07+00:00","dateModified":"2026-03-13T11:49:13+00:00","breadcrumb":{"@id":"https:\/\/idakorea.ee\/product\/rahustav-ja-niisutav-kreem-tundlikule-nahale-baroness-cica-intense-cream-50ml\/#breadcrumb"},"inLanguage":"en-US","potentialAction":[{"@type":"ReadAction","target":["https:\/\/idakorea.ee\/product\/rahustav-ja-niisutav-kreem-tundlikule-nahale-baroness-cica-intense-cream-50ml\/"]}]},{"@type":"ImageObject","inLanguage":"en-US","@id":"https:\/\/idakorea.ee\/product\/rahustav-ja-niisutav-kreem-tundlikule-nahale-baroness-cica-intense-cream-50ml\/#primaryimage","url":"https:\/\/idakorea.ee\/wp-content\/uploads\/2025\/02\/qqewretrytt-yrrwewewer.png","contentUrl":"https:\/\/idakorea.ee\/wp-content\/uploads\/2025\/02\/qqewretrytt-yrrwewewer.png","width":800,"height":800},{"@type":"BreadcrumbList","@id":"https:\/\/idakorea.ee\/product\/rahustav-ja-niisutav-kreem-tundlikule-nahale-baroness-cica-intense-cream-50ml\/#breadcrumb","itemListElement":[{"@type":"ListItem","position":1,"name":"\u0413\u043b\u0430\u0432\u043d\u0430\u044f \u0441\u0442\u0440\u0430\u043d\u0438\u0446\u0430","item":"https:\/\/idakorea.ee\/"},{"@type":"ListItem","position":2,"name":"Shop","item":"https:\/\/idakorea.ee\/shop-2\/"},{"@type":"ListItem","position":3,"name":"Rahustav ja niisutav kreem tundlikule nahale Baroness Cica Intense Cream, 50ml"}]},{"@type":"WebSite","@id":"https:\/\/idakorea.ee\/#website","url":"https:\/\/idakorea.ee\/","name":"IDA.KOREA","description":"Korean cosmetics e-shop","publisher":{"@id":"https:\/\/idakorea.ee\/#organization"},"alternateName":"Beauty Shop","potentialAction":[{"@type":"SearchAction","target":{"@type":"EntryPoint","urlTemplate":"https:\/\/idakorea.ee\/?s={search_term_string}"},"query-input":{"@type":"PropertyValueSpecification","valueRequired":true,"valueName":"search_term_string"}}],"inLanguage":"en-US"},{"@type":"Organization","@id":"https:\/\/idakorea.ee\/#organization","name":"IDA.KOREA","url":"https:\/\/idakorea.ee\/","logo":{"@type":"ImageObject","inLanguage":"en-US","@id":"https:\/\/idakorea.ee\/#\/schema\/logo\/image\/","url":"https:\/\/idakorea.ee\/wp-content\/uploads\/2024\/05\/cropped-korea3.png","contentUrl":"https:\/\/idakorea.ee\/wp-content\/uploads\/2024\/05\/cropped-korea3.png","width":688,"height":126,"caption":"IDA.KOREA"},"image":{"@id":"https:\/\/idakorea.ee\/#\/schema\/logo\/image\/"},"sameAs":["https:\/\/www.instagram.com\/ida.korea\/"]}]}},"jetpack_sharing_enabled":true,"brands":[{"id":805,"name":"BARONESS","slug":"baroness"}],"_links":{"self":[{"href":"https:\/\/idakorea.ee\/en\/wp-json\/wp\/v2\/product\/12760","targetHints":{"allow":["GET"]}}],"collection":[{"href":"https:\/\/idakorea.ee\/en\/wp-json\/wp\/v2\/product"}],"about":[{"href":"https:\/\/idakorea.ee\/en\/wp-json\/wp\/v2\/types\/product"}],"replies":[{"embeddable":true,"href":"https:\/\/idakorea.ee\/en\/wp-json\/wp\/v2\/comments?post=12760"}],"version-history":[{"count":1,"href":"https:\/\/idakorea.ee\/en\/wp-json\/wp\/v2\/product\/12760\/revisions"}],"predecessor-version":[{"id":12763,"href":"https:\/\/idakorea.ee\/en\/wp-json\/wp\/v2\/product\/12760\/revisions\/12763"}],"wp:featuredmedia":[{"embeddable":true,"href":"https:\/\/idakorea.ee\/en\/wp-json\/wp\/v2\/media\/12765"}],"wp:attachment":[{"href":"https:\/\/idakorea.ee\/en\/wp-json\/wp\/v2\/media?parent=12760"}],"wp:term":[{"taxonomy":"pwb-brand","embeddable":true,"href":"https:\/\/idakorea.ee\/en\/wp-json\/wp\/v2\/pwb-brand?post=12760"},{"taxonomy":"product_brand","embeddable":true,"href":"https:\/\/idakorea.ee\/en\/wp-json\/wp\/v2\/product_brand?post=12760"},{"taxonomy":"product_cat","embeddable":true,"href":"https:\/\/idakorea.ee\/en\/wp-json\/wp\/v2\/product_cat?post=12760"},{"taxonomy":"product_tag","embeddable":true,"href":"https:\/\/idakorea.ee\/en\/wp-json\/wp\/v2\/product_tag?post=12760"}],"curies":[{"name":"wp","href":"https:\/\/api.w.org\/{rel}","templated":true}]}}