{"id":12798,"date":"2025-02-24T13:12:51","date_gmt":"2025-02-24T11:12:51","guid":{"rendered":"https:\/\/idakorea.ee\/?post_type=product&#038;p=12798"},"modified":"2026-01-30T15:07:09","modified_gmt":"2026-01-30T13:07:09","slug":"dalba-white-truffle-serum-cream-modeling-mask-66g","status":"publish","type":"product","link":"https:\/\/idakorea.ee\/en\/product\/dalba-white-truffle-serum-cream-modeling-mask-66g\/","title":{"rendered":"d'Alba White Truffle Serum &amp; Cream Modelling Mask, 66g"},"content":{"rendered":"<p>A clinically tested and proven cooling and soothing modelling mask<\/p>\n<p>Gentle and soft modelling mask<span style=\"font-family: var(--global-body-font-family);\">\u00a0<\/span><span style=\"font-family: var(--global-body-font-family);\">adheres tightly to the skin, gradually hardens and releases moisturising<\/span>tea tree serum<span style=\"font-family: var(--global-body-font-family);\">, providing deep hydration and cooling care. <\/span>Reduces heat sensitivity and redness. Closes pores and strengthens the skin's protective barrier after the first use.<\/p>\n<p>Provides cooling, soothing and moisturising care<\/p>\n<h3><\/h3>\n<p><strong>Main ingredients:<\/strong><\/p>\n<p><strong>White truffle<\/strong> - a nutrient-rich luxurious ingredient known as the \"diamond of the earth\".<br \/>\n<strong>Trufferol\u2122 complex<\/strong> - contains Italian white truffle and tocopherol in a golden ratio, which gives the skin strength and vitality.<br \/>\n<strong>8 types of hyaluronic acid<\/strong> - creates an intensive moisture barrier.<br \/>\n<strong>Tea tree oil (Melaleuca Alternifolia Leaf Oil)<\/strong> - soothes and moisturises the skin.<br \/>\n<strong>Camellia oil (Camellia Sinensis Seed Oil)<\/strong> and <strong>avocado oil (Persea Gratissima Oil)<\/strong> - support pore tightening and skin balancing care.<\/p>\n<p>&nbsp;<\/p>\n<p><strong>Usage: <\/strong>Mix the 1st and 2nd formula in a bowl until the mixture is smooth. Apply sequentially from the centre of the cheeks - forehead - nose - chin. Leave on for 20 to 30 minutes, then remove mask by pulling upwards. Massage the remaining essence into the skin and finish with a serum or cream.<\/p>","protected":false},"excerpt":{"rendered":"<p>A clinically tested and proven cooling and soothing modelling mask The delicate and soft modelling mask adheres tightly to the skin, gradually setting and releasing the moisturising tree serum, providing deep hydration and cooling care. Reduces heat sensitivity and redness. Closes pores and strengthens the skin's protective barrier after the first application. Provides cooling, soothing and moisturizing care Key ingredients: white truffle - a nutrient-rich luxurious ingredient,...<\/p>","protected":false},"featured_media":12799,"comment_status":"open","ping_status":"closed","template":"","meta":{"_uf_show_specific_survey":0,"_uf_disable_surveys":false,"_bst_post_transparent":"default","_bst_post_title":"","_bst_post_layout":"default","_bst_post_sidebar_id":"","_bst_post_content_style":"default","_bst_post_vertical_padding":"default","_bst_post_feature":"","_bst_post_feature_position":"","_bst_post_header":false,"_bst_post_footer":false},"pwb-brand":[105],"product_brand":[],"product_cat":[92,98],"product_tag":[127,809,559],"class_list":{"0":"post-12798","1":"product","2":"type-product","3":"status-publish","4":"has-post-thumbnail","6":"pwb-brand-dalba","7":"product_cat-nagu","8":"product_cat-naomaskid","9":"product_tag-dalba","10":"product_tag-modelling-mask","11":"product_tag-white-truffle","13":"first","14":"outofstock","15":"sale","16":"shipping-taxable","17":"purchasable","18":"product-type-simple","19":"entry","20":"content-bg","21":"loop-entry"},"supplier_id":null,"supplier_sku":"","barcode":null,"atum_controlled":true,"out_stock_date":"2025-10-24 16:30:15","out_stock_threshold":null,"inheritable":false,"inbound_stock":0,"stock_on_hold":0,"sold_today":0,"sales_last_days":0,"out_stock_days":171,"lost_sales":339,"has_location":false,"update_date":"2026-04-14T00:05:06","atum_locations":[],"atum_stock_status":"outofstock","restock_status":false,"low_stock_amount":"","sales_update_date":"2026-04-14T00:05:06","calc_backorders":null,"yoast_head":"<!-- This site is optimized with the Yoast SEO plugin v27.2 - https:\/\/yoast.com\/product\/yoast-seo-wordpress\/ -->\n<title>d&#039;Alba White Truffle Serum &amp; Cream Modeling Mask, 66g - IDA.KOREA<\/title>\n<meta name=\"robots\" content=\"index, follow, max-snippet:-1, max-image-preview:large, max-video-preview:-1\" \/>\n<link rel=\"canonical\" href=\"https:\/\/idakorea.ee\/en\/product\/dalba-white-truffle-serum-cream-modeling-mask-66g\/\" \/>\n<meta property=\"og:locale\" content=\"en_US\" \/>\n<meta property=\"og:type\" content=\"article\" \/>\n<meta property=\"og:title\" content=\"d&#039;Alba White Truffle Serum &amp; Cream Modeling Mask, 66g - IDA.KOREA\" \/>\n<meta property=\"og:description\" content=\"Kliiniliselt testitud ja t\u00f5estatud toimega jahutav ja rahustav modelleerimismask \u00d5rn ja pehme modelleerimismask\u00a0kinnitub tihedalt nahale, tardub j\u00e4rk-j\u00e4rgult ning vabastab niisutavateepuu seerumi, pakkudes s\u00fcgavat niisutust ja jahutavat hooldust. V\u00e4hendab kuumustundlikkust ja punetust. Ahendab poore ja tugevdab naha kaitsebarj\u00e4\u00e4ri juba p\u00e4rast esimest kasutuskorda. Pakub jahutavat, rahustavat ja niisutavat hooldust Peamised koostisosad: Valge tr\u00fchvel \u2013 toitainerikas luksuslik koostisosa,...\" \/>\n<meta property=\"og:url\" content=\"https:\/\/idakorea.ee\/en\/product\/dalba-white-truffle-serum-cream-modeling-mask-66g\/\" \/>\n<meta property=\"og:site_name\" content=\"IDA.KOREA\" \/>\n<meta property=\"article:modified_time\" content=\"2026-01-30T13:07:09+00:00\" \/>\n<meta property=\"og:image\" content=\"https:\/\/idakorea.ee\/wp-content\/uploads\/2025\/02\/dalba_opt_500002_01-650x650-1.jpg\" \/>\n\t<meta property=\"og:image:width\" content=\"650\" \/>\n\t<meta property=\"og:image:height\" content=\"650\" \/>\n\t<meta property=\"og:image:type\" content=\"image\/jpeg\" \/>\n<meta name=\"twitter:card\" content=\"summary_large_image\" \/>\n<meta name=\"twitter:label1\" content=\"Est. reading time\" \/>\n\t<meta name=\"twitter:data1\" content=\"2 minutes\" \/>\n<script type=\"application\/ld+json\" class=\"yoast-schema-graph\">{\"@context\":\"https:\/\/schema.org\",\"@graph\":[{\"@type\":\"WebPage\",\"@id\":\"https:\/\/idakorea.ee\/product\/dalba-white-truffle-serum-cream-modeling-mask-66g\/\",\"url\":\"https:\/\/idakorea.ee\/product\/dalba-white-truffle-serum-cream-modeling-mask-66g\/\",\"name\":\"d'Alba White Truffle Serum & Cream Modeling Mask, 66g - IDA.KOREA\",\"isPartOf\":{\"@id\":\"https:\/\/idakorea.ee\/#website\"},\"primaryImageOfPage\":{\"@id\":\"https:\/\/idakorea.ee\/product\/dalba-white-truffle-serum-cream-modeling-mask-66g\/#primaryimage\"},\"image\":{\"@id\":\"https:\/\/idakorea.ee\/product\/dalba-white-truffle-serum-cream-modeling-mask-66g\/#primaryimage\"},\"thumbnailUrl\":\"https:\/\/idakorea.ee\/wp-content\/uploads\/2025\/02\/dalba_opt_500002_01-650x650-1.jpg\",\"datePublished\":\"2025-02-24T11:12:51+00:00\",\"dateModified\":\"2026-01-30T13:07:09+00:00\",\"breadcrumb\":{\"@id\":\"https:\/\/idakorea.ee\/product\/dalba-white-truffle-serum-cream-modeling-mask-66g\/#breadcrumb\"},\"inLanguage\":\"en-US\",\"potentialAction\":[{\"@type\":\"ReadAction\",\"target\":[\"https:\/\/idakorea.ee\/product\/dalba-white-truffle-serum-cream-modeling-mask-66g\/\"]}]},{\"@type\":\"ImageObject\",\"inLanguage\":\"en-US\",\"@id\":\"https:\/\/idakorea.ee\/product\/dalba-white-truffle-serum-cream-modeling-mask-66g\/#primaryimage\",\"url\":\"https:\/\/idakorea.ee\/wp-content\/uploads\/2025\/02\/dalba_opt_500002_01-650x650-1.jpg\",\"contentUrl\":\"https:\/\/idakorea.ee\/wp-content\/uploads\/2025\/02\/dalba_opt_500002_01-650x650-1.jpg\",\"width\":650,\"height\":650},{\"@type\":\"BreadcrumbList\",\"@id\":\"https:\/\/idakorea.ee\/product\/dalba-white-truffle-serum-cream-modeling-mask-66g\/#breadcrumb\",\"itemListElement\":[{\"@type\":\"ListItem\",\"position\":1,\"name\":\"\u0413\u043b\u0430\u0432\u043d\u0430\u044f \u0441\u0442\u0440\u0430\u043d\u0438\u0446\u0430\",\"item\":\"https:\/\/idakorea.ee\/\"},{\"@type\":\"ListItem\",\"position\":2,\"name\":\"Shop\",\"item\":\"https:\/\/idakorea.ee\/shop-2\/\"},{\"@type\":\"ListItem\",\"position\":3,\"name\":\"d&#8217;Alba White Truffle Serum &#038; Cream Modeling Mask, 66g\"}]},{\"@type\":\"WebSite\",\"@id\":\"https:\/\/idakorea.ee\/#website\",\"url\":\"https:\/\/idakorea.ee\/\",\"name\":\"IDA.KOREA\",\"description\":\"Korea kosmeetika e-pood\",\"publisher\":{\"@id\":\"https:\/\/idakorea.ee\/#organization\"},\"alternateName\":\"Beauty Shop\",\"potentialAction\":[{\"@type\":\"SearchAction\",\"target\":{\"@type\":\"EntryPoint\",\"urlTemplate\":\"https:\/\/idakorea.ee\/?s={search_term_string}\"},\"query-input\":{\"@type\":\"PropertyValueSpecification\",\"valueRequired\":true,\"valueName\":\"search_term_string\"}}],\"inLanguage\":\"en-US\"},{\"@type\":\"Organization\",\"@id\":\"https:\/\/idakorea.ee\/#organization\",\"name\":\"IDA.KOREA\",\"url\":\"https:\/\/idakorea.ee\/\",\"logo\":{\"@type\":\"ImageObject\",\"inLanguage\":\"en-US\",\"@id\":\"https:\/\/idakorea.ee\/#\/schema\/logo\/image\/\",\"url\":\"https:\/\/idakorea.ee\/wp-content\/uploads\/2024\/05\/cropped-korea3.png\",\"contentUrl\":\"https:\/\/idakorea.ee\/wp-content\/uploads\/2024\/05\/cropped-korea3.png\",\"width\":688,\"height\":126,\"caption\":\"IDA.KOREA\"},\"image\":{\"@id\":\"https:\/\/idakorea.ee\/#\/schema\/logo\/image\/\"},\"sameAs\":[\"https:\/\/www.instagram.com\/ida.korea\/\"]}]}<\/script>\n<!-- \/ Yoast SEO plugin. -->","yoast_head_json":{"title":"d'Alba White Truffle Serum &amp; Cream Modeling Mask, 66g - IDA.KOREA","robots":{"index":"index","follow":"follow","max-snippet":"max-snippet:-1","max-image-preview":"max-image-preview:large","max-video-preview":"max-video-preview:-1"},"canonical":"https:\/\/idakorea.ee\/en\/product\/dalba-white-truffle-serum-cream-modeling-mask-66g\/","og_locale":"en_US","og_type":"article","og_title":"d'Alba White Truffle Serum & Cream Modeling Mask, 66g - IDA.KOREA","og_description":"Kliiniliselt testitud ja t\u00f5estatud toimega jahutav ja rahustav modelleerimismask \u00d5rn ja pehme modelleerimismask\u00a0kinnitub tihedalt nahale, tardub j\u00e4rk-j\u00e4rgult ning vabastab niisutavateepuu seerumi, pakkudes s\u00fcgavat niisutust ja jahutavat hooldust. V\u00e4hendab kuumustundlikkust ja punetust. Ahendab poore ja tugevdab naha kaitsebarj\u00e4\u00e4ri juba p\u00e4rast esimest kasutuskorda. Pakub jahutavat, rahustavat ja niisutavat hooldust Peamised koostisosad: Valge tr\u00fchvel \u2013 toitainerikas luksuslik koostisosa,...","og_url":"https:\/\/idakorea.ee\/en\/product\/dalba-white-truffle-serum-cream-modeling-mask-66g\/","og_site_name":"IDA.KOREA","article_modified_time":"2026-01-30T13:07:09+00:00","og_image":[{"width":650,"height":650,"url":"https:\/\/idakorea.ee\/wp-content\/uploads\/2025\/02\/dalba_opt_500002_01-650x650-1.jpg","type":"image\/jpeg"}],"twitter_card":"summary_large_image","twitter_misc":{"Est. reading time":"2 minutes"},"schema":{"@context":"https:\/\/schema.org","@graph":[{"@type":"WebPage","@id":"https:\/\/idakorea.ee\/product\/dalba-white-truffle-serum-cream-modeling-mask-66g\/","url":"https:\/\/idakorea.ee\/product\/dalba-white-truffle-serum-cream-modeling-mask-66g\/","name":"d'Alba White Truffle Serum &amp; Cream Modeling Mask, 66g - IDA.KOREA","isPartOf":{"@id":"https:\/\/idakorea.ee\/#website"},"primaryImageOfPage":{"@id":"https:\/\/idakorea.ee\/product\/dalba-white-truffle-serum-cream-modeling-mask-66g\/#primaryimage"},"image":{"@id":"https:\/\/idakorea.ee\/product\/dalba-white-truffle-serum-cream-modeling-mask-66g\/#primaryimage"},"thumbnailUrl":"https:\/\/idakorea.ee\/wp-content\/uploads\/2025\/02\/dalba_opt_500002_01-650x650-1.jpg","datePublished":"2025-02-24T11:12:51+00:00","dateModified":"2026-01-30T13:07:09+00:00","breadcrumb":{"@id":"https:\/\/idakorea.ee\/product\/dalba-white-truffle-serum-cream-modeling-mask-66g\/#breadcrumb"},"inLanguage":"en-US","potentialAction":[{"@type":"ReadAction","target":["https:\/\/idakorea.ee\/product\/dalba-white-truffle-serum-cream-modeling-mask-66g\/"]}]},{"@type":"ImageObject","inLanguage":"en-US","@id":"https:\/\/idakorea.ee\/product\/dalba-white-truffle-serum-cream-modeling-mask-66g\/#primaryimage","url":"https:\/\/idakorea.ee\/wp-content\/uploads\/2025\/02\/dalba_opt_500002_01-650x650-1.jpg","contentUrl":"https:\/\/idakorea.ee\/wp-content\/uploads\/2025\/02\/dalba_opt_500002_01-650x650-1.jpg","width":650,"height":650},{"@type":"BreadcrumbList","@id":"https:\/\/idakorea.ee\/product\/dalba-white-truffle-serum-cream-modeling-mask-66g\/#breadcrumb","itemListElement":[{"@type":"ListItem","position":1,"name":"\u0413\u043b\u0430\u0432\u043d\u0430\u044f \u0441\u0442\u0440\u0430\u043d\u0438\u0446\u0430","item":"https:\/\/idakorea.ee\/"},{"@type":"ListItem","position":2,"name":"Shop","item":"https:\/\/idakorea.ee\/shop-2\/"},{"@type":"ListItem","position":3,"name":"d&#8217;Alba White Truffle Serum &#038; Cream Modeling Mask, 66g"}]},{"@type":"WebSite","@id":"https:\/\/idakorea.ee\/#website","url":"https:\/\/idakorea.ee\/","name":"IDA.KOREA","description":"Korean cosmetics e-shop","publisher":{"@id":"https:\/\/idakorea.ee\/#organization"},"alternateName":"Beauty Shop","potentialAction":[{"@type":"SearchAction","target":{"@type":"EntryPoint","urlTemplate":"https:\/\/idakorea.ee\/?s={search_term_string}"},"query-input":{"@type":"PropertyValueSpecification","valueRequired":true,"valueName":"search_term_string"}}],"inLanguage":"en-US"},{"@type":"Organization","@id":"https:\/\/idakorea.ee\/#organization","name":"IDA.KOREA","url":"https:\/\/idakorea.ee\/","logo":{"@type":"ImageObject","inLanguage":"en-US","@id":"https:\/\/idakorea.ee\/#\/schema\/logo\/image\/","url":"https:\/\/idakorea.ee\/wp-content\/uploads\/2024\/05\/cropped-korea3.png","contentUrl":"https:\/\/idakorea.ee\/wp-content\/uploads\/2024\/05\/cropped-korea3.png","width":688,"height":126,"caption":"IDA.KOREA"},"image":{"@id":"https:\/\/idakorea.ee\/#\/schema\/logo\/image\/"},"sameAs":["https:\/\/www.instagram.com\/ida.korea\/"]}]}},"jetpack_sharing_enabled":true,"brands":[{"id":105,"name":"d'ALBA","slug":"dalba"}],"_links":{"self":[{"href":"https:\/\/idakorea.ee\/en\/wp-json\/wp\/v2\/product\/12798","targetHints":{"allow":["GET"]}}],"collection":[{"href":"https:\/\/idakorea.ee\/en\/wp-json\/wp\/v2\/product"}],"about":[{"href":"https:\/\/idakorea.ee\/en\/wp-json\/wp\/v2\/types\/product"}],"replies":[{"embeddable":true,"href":"https:\/\/idakorea.ee\/en\/wp-json\/wp\/v2\/comments?post=12798"}],"version-history":[{"count":5,"href":"https:\/\/idakorea.ee\/en\/wp-json\/wp\/v2\/product\/12798\/revisions"}],"predecessor-version":[{"id":12804,"href":"https:\/\/idakorea.ee\/en\/wp-json\/wp\/v2\/product\/12798\/revisions\/12804"}],"wp:featuredmedia":[{"embeddable":true,"href":"https:\/\/idakorea.ee\/en\/wp-json\/wp\/v2\/media\/12799"}],"wp:attachment":[{"href":"https:\/\/idakorea.ee\/en\/wp-json\/wp\/v2\/media?parent=12798"}],"wp:term":[{"taxonomy":"pwb-brand","embeddable":true,"href":"https:\/\/idakorea.ee\/en\/wp-json\/wp\/v2\/pwb-brand?post=12798"},{"taxonomy":"product_brand","embeddable":true,"href":"https:\/\/idakorea.ee\/en\/wp-json\/wp\/v2\/product_brand?post=12798"},{"taxonomy":"product_cat","embeddable":true,"href":"https:\/\/idakorea.ee\/en\/wp-json\/wp\/v2\/product_cat?post=12798"},{"taxonomy":"product_tag","embeddable":true,"href":"https:\/\/idakorea.ee\/en\/wp-json\/wp\/v2\/product_tag?post=12798"}],"curies":[{"name":"wp","href":"https:\/\/api.w.org\/{rel}","templated":true}]}}