{"id":12808,"date":"2025-02-24T14:25:39","date_gmt":"2025-02-24T12:25:39","guid":{"rendered":"https:\/\/idakorea.ee\/?post_type=product&#038;p=12808"},"modified":"2026-03-18T16:18:23","modified_gmt":"2026-03-18T14:18:23","slug":"kollageeniga-kooriv-geel-farmstay-collagen-water-full-moist-peeling-gel-180ml","status":"publish","type":"product","link":"https:\/\/idakorea.ee\/en\/product\/kollageeniga-kooriv-geel-farmstay-collagen-water-full-moist-peeling-gel-180ml\/","title":{"rendered":"Farmstay Collagen Water Full Moist Exfoliating Gel, 180ml"},"content":{"rendered":"<p><strong>Farmstay Collagen Water Full Moist Peeling Gel<\/strong> not only cleanses, polishes and exfoliates the skin, but also has a rejuvenating and firming effect.<\/p>\n<p>The cellulose-type exfoliator rolls directly onto the skin, triggering renewal and regeneration processes, improving the complexion and providing a deep cleansing effect. The product enhances the elasticity and firmness of the skin, making it more youthful, fresh and healthy.<\/p>\n<p><strong>Main active ingredients:<\/strong><\/p>\n<p><strong>Glycerol (Glycerin)<\/strong> - helps moisture penetrate deep into the skin.<br \/>\n<strong>Hydrolysed Collagen (Hydrolyzed Collagen)<\/strong> - Smoothes and tightens the skin, deeply moisturises and helps to retain moisture while soothing and accelerating skin renewal.<br \/>\n<strong>Witch Hazel Extract (Hamamelis Extract)<\/strong> - tightens the skin, reduces the visibility of dimples, balances the hydrolipid balance, tightens pores and reduces inflammation.<br \/>\n<strong>Green tea extract (Camellia Sinensis Leaf Extract)<\/strong> - moisturises, tones, soothes and improves the complexion.<\/p>\n<p><strong>Rose Hydrolate (Rosa Centifolia Flower Water)<\/strong> - moisturises, regenerates the skin, smoothes wrinkles, including those of the mimic type, improves elasticity, evens skin tone and reduces the size of pores.<br \/>\n<strong>Allantoin (Allantoin)<\/strong> - softens, deeply moisturises, regulates oil secretion, reduces pores and calms sensitive skin.<\/p>\n<p>&nbsp;<\/p>\n<p>Suitable for all skin types.<\/p>\n<p><strong>Precautions: <\/strong>Avoid contact with eyes. If unsuitable for skin, discontinue use.<\/p>\n<p><strong>Usage: <\/strong>After cleansing the face, apply to dry skin, avoiding the eye and lip area. Gently massage for 3 minutes until the exfoliator rolls off. Rinse with warm water.<\/p>","protected":false},"excerpt":{"rendered":"<p>Farmstay Collagen Water Full Moist Peeling Gel not only cleanses, polishes and exfoliates the skin, but also has a rejuvenating and firming effect. The cellulose-type exfoliator rolls directly onto the skin, triggering renewal and regeneration processes, improving complexion and providing a deep cleansing effect. The product enhances the elasticity and firmness of the skin, making it more youthful, fresh and healthy. Main active ingredients.<\/p>","protected":false},"featured_media":12809,"comment_status":"open","ping_status":"closed","template":"","meta":{"_uf_show_specific_survey":0,"_uf_disable_surveys":false,"_bst_post_transparent":"default","_bst_post_title":"","_bst_post_layout":"default","_bst_post_sidebar_id":"","_bst_post_content_style":"default","_bst_post_vertical_padding":"default","_bst_post_feature":"","_bst_post_feature_position":"","_bst_post_header":false,"_bst_post_footer":false},"pwb-brand":[672],"product_brand":[],"product_cat":[92,451,100],"product_tag":[673,202,810],"class_list":{"0":"post-12808","1":"product","2":"type-product","3":"status-publish","4":"has-post-thumbnail","6":"pwb-brand-farmstay","7":"product_cat-nagu","8":"product_cat-naokoorijad","9":"product_cat-puhastusvahendid","10":"product_tag-farmstay","11":"product_tag-korea-kosmeetika","12":"product_tag-peeling","14":"first","15":"outofstock","16":"sale","17":"shipping-taxable","18":"purchasable","19":"product-type-simple","20":"entry","21":"content-bg","22":"loop-entry"},"supplier_id":null,"supplier_sku":"","barcode":null,"atum_controlled":true,"out_stock_date":"2026-03-15 09:42:52","out_stock_threshold":null,"inheritable":false,"inbound_stock":0,"stock_on_hold":0,"sold_today":0,"sales_last_days":1,"out_stock_days":29,"lost_sales":53,"has_location":false,"update_date":"2026-04-14T00:05:10","atum_locations":[],"atum_stock_status":"outofstock","restock_status":false,"low_stock_amount":"","sales_update_date":"2026-04-14T00:05:10","calc_backorders":null,"yoast_head":"<!-- This site is optimized with the Yoast SEO plugin v27.2 - https:\/\/yoast.com\/product\/yoast-seo-wordpress\/ -->\n<title>Kollageeniga kooriv geel Farmstay Collagen Water Full Moist Peeling Gel, 180ml - IDA.KOREA<\/title>\n<meta name=\"robots\" content=\"index, follow, max-snippet:-1, max-image-preview:large, max-video-preview:-1\" \/>\n<link rel=\"canonical\" href=\"https:\/\/idakorea.ee\/en\/product\/kollageeniga-kooriv-geel-farmstay-collagen-water-full-moist-peeling-gel-180ml\/\" \/>\n<meta property=\"og:locale\" content=\"en_US\" \/>\n<meta property=\"og:type\" content=\"article\" \/>\n<meta property=\"og:title\" content=\"Kollageeniga kooriv geel Farmstay Collagen Water Full Moist Peeling Gel, 180ml - IDA.KOREA\" \/>\n<meta property=\"og:description\" content=\"Farmstay Collagen Water Full Moist Peeling Gel mitte ainult ei puhasta, poleeri ja koorib nahka, vaid omab ka noorendavat ja pinguldavat efekti. Tselluloosi t\u00fc\u00fcpi koorija rullub otse nahal, k\u00e4ivitades uuenemis- ja taastumisprotsessid, parandades jume ning andes nahale s\u00fcgavpuhastava toime. Toode suurendab naha elastsust ja tugevust, muutes selle nooruslikumaks, v\u00e4rskemaks ja tervemaks. Peamised toimeained: Gl\u00fctseriin (Glycerin)...\" \/>\n<meta property=\"og:url\" content=\"https:\/\/idakorea.ee\/en\/product\/kollageeniga-kooriv-geel-farmstay-collagen-water-full-moist-peeling-gel-180ml\/\" \/>\n<meta property=\"og:site_name\" content=\"IDA.KOREA\" \/>\n<meta property=\"article:modified_time\" content=\"2026-03-18T14:18:23+00:00\" \/>\n<meta property=\"og:image\" content=\"https:\/\/idakorea.ee\/wp-content\/uploads\/2025\/02\/farmstaypeelinggel.png\" \/>\n\t<meta property=\"og:image:width\" content=\"1000\" \/>\n\t<meta property=\"og:image:height\" content=\"1000\" \/>\n\t<meta property=\"og:image:type\" content=\"image\/png\" \/>\n<meta name=\"twitter:card\" content=\"summary_large_image\" \/>\n<meta name=\"twitter:label1\" content=\"Est. reading time\" \/>\n\t<meta name=\"twitter:data1\" content=\"2 minutes\" \/>\n<script type=\"application\/ld+json\" class=\"yoast-schema-graph\">{\"@context\":\"https:\/\/schema.org\",\"@graph\":[{\"@type\":\"WebPage\",\"@id\":\"https:\/\/idakorea.ee\/product\/kollageeniga-kooriv-geel-farmstay-collagen-water-full-moist-peeling-gel-180ml\/\",\"url\":\"https:\/\/idakorea.ee\/product\/kollageeniga-kooriv-geel-farmstay-collagen-water-full-moist-peeling-gel-180ml\/\",\"name\":\"Kollageeniga kooriv geel Farmstay Collagen Water Full Moist Peeling Gel, 180ml - IDA.KOREA\",\"isPartOf\":{\"@id\":\"https:\/\/idakorea.ee\/#website\"},\"primaryImageOfPage\":{\"@id\":\"https:\/\/idakorea.ee\/product\/kollageeniga-kooriv-geel-farmstay-collagen-water-full-moist-peeling-gel-180ml\/#primaryimage\"},\"image\":{\"@id\":\"https:\/\/idakorea.ee\/product\/kollageeniga-kooriv-geel-farmstay-collagen-water-full-moist-peeling-gel-180ml\/#primaryimage\"},\"thumbnailUrl\":\"https:\/\/idakorea.ee\/wp-content\/uploads\/2025\/02\/farmstaypeelinggel.png\",\"datePublished\":\"2025-02-24T12:25:39+00:00\",\"dateModified\":\"2026-03-18T14:18:23+00:00\",\"breadcrumb\":{\"@id\":\"https:\/\/idakorea.ee\/product\/kollageeniga-kooriv-geel-farmstay-collagen-water-full-moist-peeling-gel-180ml\/#breadcrumb\"},\"inLanguage\":\"en-US\",\"potentialAction\":[{\"@type\":\"ReadAction\",\"target\":[\"https:\/\/idakorea.ee\/product\/kollageeniga-kooriv-geel-farmstay-collagen-water-full-moist-peeling-gel-180ml\/\"]}]},{\"@type\":\"ImageObject\",\"inLanguage\":\"en-US\",\"@id\":\"https:\/\/idakorea.ee\/product\/kollageeniga-kooriv-geel-farmstay-collagen-water-full-moist-peeling-gel-180ml\/#primaryimage\",\"url\":\"https:\/\/idakorea.ee\/wp-content\/uploads\/2025\/02\/farmstaypeelinggel.png\",\"contentUrl\":\"https:\/\/idakorea.ee\/wp-content\/uploads\/2025\/02\/farmstaypeelinggel.png\",\"width\":1000,\"height\":1000},{\"@type\":\"BreadcrumbList\",\"@id\":\"https:\/\/idakorea.ee\/product\/kollageeniga-kooriv-geel-farmstay-collagen-water-full-moist-peeling-gel-180ml\/#breadcrumb\",\"itemListElement\":[{\"@type\":\"ListItem\",\"position\":1,\"name\":\"\u0413\u043b\u0430\u0432\u043d\u0430\u044f \u0441\u0442\u0440\u0430\u043d\u0438\u0446\u0430\",\"item\":\"https:\/\/idakorea.ee\/\"},{\"@type\":\"ListItem\",\"position\":2,\"name\":\"Shop\",\"item\":\"https:\/\/idakorea.ee\/shop-2\/\"},{\"@type\":\"ListItem\",\"position\":3,\"name\":\"Kollageeniga kooriv geel Farmstay Collagen Water Full Moist Peeling Gel, 180ml\"}]},{\"@type\":\"WebSite\",\"@id\":\"https:\/\/idakorea.ee\/#website\",\"url\":\"https:\/\/idakorea.ee\/\",\"name\":\"IDA.KOREA\",\"description\":\"Korea kosmeetika e-pood\",\"publisher\":{\"@id\":\"https:\/\/idakorea.ee\/#organization\"},\"alternateName\":\"Beauty Shop\",\"potentialAction\":[{\"@type\":\"SearchAction\",\"target\":{\"@type\":\"EntryPoint\",\"urlTemplate\":\"https:\/\/idakorea.ee\/?s={search_term_string}\"},\"query-input\":{\"@type\":\"PropertyValueSpecification\",\"valueRequired\":true,\"valueName\":\"search_term_string\"}}],\"inLanguage\":\"en-US\"},{\"@type\":\"Organization\",\"@id\":\"https:\/\/idakorea.ee\/#organization\",\"name\":\"IDA.KOREA\",\"url\":\"https:\/\/idakorea.ee\/\",\"logo\":{\"@type\":\"ImageObject\",\"inLanguage\":\"en-US\",\"@id\":\"https:\/\/idakorea.ee\/#\/schema\/logo\/image\/\",\"url\":\"https:\/\/idakorea.ee\/wp-content\/uploads\/2024\/05\/cropped-korea3.png\",\"contentUrl\":\"https:\/\/idakorea.ee\/wp-content\/uploads\/2024\/05\/cropped-korea3.png\",\"width\":688,\"height\":126,\"caption\":\"IDA.KOREA\"},\"image\":{\"@id\":\"https:\/\/idakorea.ee\/#\/schema\/logo\/image\/\"},\"sameAs\":[\"https:\/\/www.instagram.com\/ida.korea\/\"]}]}<\/script>\n<!-- \/ Yoast SEO plugin. -->","yoast_head_json":{"title":"Farmstay Collagen Water Full Moist Peeling Gel, 180ml - IDA.KOREA","robots":{"index":"index","follow":"follow","max-snippet":"max-snippet:-1","max-image-preview":"max-image-preview:large","max-video-preview":"max-video-preview:-1"},"canonical":"https:\/\/idakorea.ee\/en\/product\/kollageeniga-kooriv-geel-farmstay-collagen-water-full-moist-peeling-gel-180ml\/","og_locale":"en_US","og_type":"article","og_title":"Kollageeniga kooriv geel Farmstay Collagen Water Full Moist Peeling Gel, 180ml - IDA.KOREA","og_description":"Farmstay Collagen Water Full Moist Peeling Gel mitte ainult ei puhasta, poleeri ja koorib nahka, vaid omab ka noorendavat ja pinguldavat efekti. Tselluloosi t\u00fc\u00fcpi koorija rullub otse nahal, k\u00e4ivitades uuenemis- ja taastumisprotsessid, parandades jume ning andes nahale s\u00fcgavpuhastava toime. Toode suurendab naha elastsust ja tugevust, muutes selle nooruslikumaks, v\u00e4rskemaks ja tervemaks. Peamised toimeained: Gl\u00fctseriin (Glycerin)...","og_url":"https:\/\/idakorea.ee\/en\/product\/kollageeniga-kooriv-geel-farmstay-collagen-water-full-moist-peeling-gel-180ml\/","og_site_name":"IDA.KOREA","article_modified_time":"2026-03-18T14:18:23+00:00","og_image":[{"width":1000,"height":1000,"url":"https:\/\/idakorea.ee\/wp-content\/uploads\/2025\/02\/farmstaypeelinggel.png","type":"image\/png"}],"twitter_card":"summary_large_image","twitter_misc":{"Est. reading time":"2 minutes"},"schema":{"@context":"https:\/\/schema.org","@graph":[{"@type":"WebPage","@id":"https:\/\/idakorea.ee\/product\/kollageeniga-kooriv-geel-farmstay-collagen-water-full-moist-peeling-gel-180ml\/","url":"https:\/\/idakorea.ee\/product\/kollageeniga-kooriv-geel-farmstay-collagen-water-full-moist-peeling-gel-180ml\/","name":"Farmstay Collagen Water Full Moist Peeling Gel, 180ml - IDA.KOREA","isPartOf":{"@id":"https:\/\/idakorea.ee\/#website"},"primaryImageOfPage":{"@id":"https:\/\/idakorea.ee\/product\/kollageeniga-kooriv-geel-farmstay-collagen-water-full-moist-peeling-gel-180ml\/#primaryimage"},"image":{"@id":"https:\/\/idakorea.ee\/product\/kollageeniga-kooriv-geel-farmstay-collagen-water-full-moist-peeling-gel-180ml\/#primaryimage"},"thumbnailUrl":"https:\/\/idakorea.ee\/wp-content\/uploads\/2025\/02\/farmstaypeelinggel.png","datePublished":"2025-02-24T12:25:39+00:00","dateModified":"2026-03-18T14:18:23+00:00","breadcrumb":{"@id":"https:\/\/idakorea.ee\/product\/kollageeniga-kooriv-geel-farmstay-collagen-water-full-moist-peeling-gel-180ml\/#breadcrumb"},"inLanguage":"en-US","potentialAction":[{"@type":"ReadAction","target":["https:\/\/idakorea.ee\/product\/kollageeniga-kooriv-geel-farmstay-collagen-water-full-moist-peeling-gel-180ml\/"]}]},{"@type":"ImageObject","inLanguage":"en-US","@id":"https:\/\/idakorea.ee\/product\/kollageeniga-kooriv-geel-farmstay-collagen-water-full-moist-peeling-gel-180ml\/#primaryimage","url":"https:\/\/idakorea.ee\/wp-content\/uploads\/2025\/02\/farmstaypeelinggel.png","contentUrl":"https:\/\/idakorea.ee\/wp-content\/uploads\/2025\/02\/farmstaypeelinggel.png","width":1000,"height":1000},{"@type":"BreadcrumbList","@id":"https:\/\/idakorea.ee\/product\/kollageeniga-kooriv-geel-farmstay-collagen-water-full-moist-peeling-gel-180ml\/#breadcrumb","itemListElement":[{"@type":"ListItem","position":1,"name":"\u0413\u043b\u0430\u0432\u043d\u0430\u044f \u0441\u0442\u0440\u0430\u043d\u0438\u0446\u0430","item":"https:\/\/idakorea.ee\/"},{"@type":"ListItem","position":2,"name":"Shop","item":"https:\/\/idakorea.ee\/shop-2\/"},{"@type":"ListItem","position":3,"name":"Kollageeniga kooriv geel Farmstay Collagen Water Full Moist Peeling Gel, 180ml"}]},{"@type":"WebSite","@id":"https:\/\/idakorea.ee\/#website","url":"https:\/\/idakorea.ee\/","name":"IDA.KOREA","description":"Korean cosmetics e-shop","publisher":{"@id":"https:\/\/idakorea.ee\/#organization"},"alternateName":"Beauty Shop","potentialAction":[{"@type":"SearchAction","target":{"@type":"EntryPoint","urlTemplate":"https:\/\/idakorea.ee\/?s={search_term_string}"},"query-input":{"@type":"PropertyValueSpecification","valueRequired":true,"valueName":"search_term_string"}}],"inLanguage":"en-US"},{"@type":"Organization","@id":"https:\/\/idakorea.ee\/#organization","name":"IDA.KOREA","url":"https:\/\/idakorea.ee\/","logo":{"@type":"ImageObject","inLanguage":"en-US","@id":"https:\/\/idakorea.ee\/#\/schema\/logo\/image\/","url":"https:\/\/idakorea.ee\/wp-content\/uploads\/2024\/05\/cropped-korea3.png","contentUrl":"https:\/\/idakorea.ee\/wp-content\/uploads\/2024\/05\/cropped-korea3.png","width":688,"height":126,"caption":"IDA.KOREA"},"image":{"@id":"https:\/\/idakorea.ee\/#\/schema\/logo\/image\/"},"sameAs":["https:\/\/www.instagram.com\/ida.korea\/"]}]}},"jetpack_sharing_enabled":true,"brands":[{"id":672,"name":"FARMSTAY","slug":"farmstay"}],"_links":{"self":[{"href":"https:\/\/idakorea.ee\/en\/wp-json\/wp\/v2\/product\/12808","targetHints":{"allow":["GET"]}}],"collection":[{"href":"https:\/\/idakorea.ee\/en\/wp-json\/wp\/v2\/product"}],"about":[{"href":"https:\/\/idakorea.ee\/en\/wp-json\/wp\/v2\/types\/product"}],"replies":[{"embeddable":true,"href":"https:\/\/idakorea.ee\/en\/wp-json\/wp\/v2\/comments?post=12808"}],"version-history":[{"count":2,"href":"https:\/\/idakorea.ee\/en\/wp-json\/wp\/v2\/product\/12808\/revisions"}],"predecessor-version":[{"id":17509,"href":"https:\/\/idakorea.ee\/en\/wp-json\/wp\/v2\/product\/12808\/revisions\/17509"}],"wp:featuredmedia":[{"embeddable":true,"href":"https:\/\/idakorea.ee\/en\/wp-json\/wp\/v2\/media\/12809"}],"wp:attachment":[{"href":"https:\/\/idakorea.ee\/en\/wp-json\/wp\/v2\/media?parent=12808"}],"wp:term":[{"taxonomy":"pwb-brand","embeddable":true,"href":"https:\/\/idakorea.ee\/en\/wp-json\/wp\/v2\/pwb-brand?post=12808"},{"taxonomy":"product_brand","embeddable":true,"href":"https:\/\/idakorea.ee\/en\/wp-json\/wp\/v2\/product_brand?post=12808"},{"taxonomy":"product_cat","embeddable":true,"href":"https:\/\/idakorea.ee\/en\/wp-json\/wp\/v2\/product_cat?post=12808"},{"taxonomy":"product_tag","embeddable":true,"href":"https:\/\/idakorea.ee\/en\/wp-json\/wp\/v2\/product_tag?post=12808"}],"curies":[{"name":"wp","href":"https:\/\/api.w.org\/{rel}","templated":true}]}}