{"id":12812,"date":"2025-02-24T14:50:00","date_gmt":"2025-02-24T12:50:00","guid":{"rendered":"https:\/\/idakorea.ee\/?post_type=product&#038;p=12812"},"modified":"2026-01-30T15:06:56","modified_gmt":"2026-01-30T13:06:56","slug":"taastav-ja-niisutav-kreem-jmsolution-b5-hya-moisturizing-cream-60ml","status":"publish","type":"product","link":"https:\/\/idakorea.ee\/en\/product\/taastav-ja-niisutav-kreem-jmsolution-b5-hya-moisturizing-cream-60ml\/","title":{"rendered":"Restorative and moisturizing cream JMsolution B5 Hya Moisturizing Cream, 60ml"},"content":{"rendered":"<p><strong>JMsolution B5 Hya Moisturizing Cream<\/strong> is an excellent daily skincare product that refreshes, moisturises and removes the itchy feeling, helping to restore and soften the skin.<\/p>\n<p>The cream strengthens the skin's protective barrier, reduces sensitivity to external irritants, relieves redness and itching and balances the hydrolipid balance.<\/p>\n<p>In addition to intensive moisturising, the cream locks moisture into the skin, preventing dryness and irritation. Absorbs quickly, leaves no sticky feeling and gives the skin a silky finish.<\/p>\n<p><strong>Main active ingredients:<\/strong><\/p>\n<p><strong>Panthenol (vitamin B5)<\/strong> - speeds up the healing of micro-wounds, softens and soothes the skin, relieves redness and strengthens the skin's protective functions.<br \/>\n<strong>8 types of hyaluronic acid<\/strong> - hyaluronic acids of different molecular weights penetrate deep into the epidermis, providing deep and long-lasting hydration and creating a protective layer to prevent moisture loss.<br \/>\n<strong>Ceramides<\/strong> - similar to skin lipids, strengthen the hydrolipidic barrier, prevent moisture loss, reduce flaking and dryness and improve skin resistance to irritants.<br \/>\n<strong>Aquaxyl\u2122<\/strong> (a combination of glucose and xylid) - moisturises, restores and reduces transepidermal water loss, helping to keep skin hydrated and soft.<br \/>\n<strong>Allantoiin<\/strong> - softens the skin, accelerates the healing process, acts as an antioxidant and reduces skin reactivity.<br \/>\n<strong>Cholesterol<\/strong> - the skin's natural lipid that strengthens the skin's protective barrier, maintains moisture levels and prevents dryness.<br \/>\n<strong>Xylitol glycoside<\/strong> - a derivative of glycerin and glucose that stimulates the production of aquaporins, helping the skin to better absorb and retain moisture.<\/p>\n<p>&nbsp;<\/p>\n<p>Suitable for normal, combination and dry skin.<\/p>\n<p><strong>Usage: <\/strong>After cleansing, toning and serum application, apply to the face and spread evenly over the skin.<\/p>","protected":false},"excerpt":{"rendered":"<p>JMsolution B5 Hya Moisturizing Cream is an excellent daily skin care product that refreshes, moisturizes and removes the feeling of tugging, helping to regenerate and soften the skin. The cream strengthens the skin's protective barrier, reduces sensitivity to external irritants, relieves redness and itching and balances the hydrolipidic balance. In addition to intensive moisturising, the cream locks moisture into the skin, preventing dryness and irritation. Rapidly absorbed, it does not leave a sticky...<\/p>","protected":false},"featured_media":12813,"comment_status":"open","ping_status":"closed","template":"","meta":{"_uf_show_specific_survey":0,"_uf_disable_surveys":false,"_bst_post_transparent":"default","_bst_post_title":"","_bst_post_layout":"default","_bst_post_sidebar_id":"","_bst_post_content_style":"default","_bst_post_vertical_padding":"default","_bst_post_feature":"","_bst_post_feature_position":"","_bst_post_header":false,"_bst_post_footer":false},"pwb-brand":[487],"product_brand":[],"product_cat":[92,96],"product_tag":[811,812,813,568],"class_list":{"0":"post-12812","1":"product","2":"type-product","3":"status-publish","4":"has-post-thumbnail","6":"pwb-brand-jm-solution","7":"product_cat-nagu","8":"product_cat-naokreemid","9":"product_tag-b5","10":"product_tag-hya","11":"product_tag-jmsolution","12":"product_tag-korea","14":"first","15":"instock","16":"sale","17":"shipping-taxable","18":"purchasable","19":"product-type-simple","20":"entry","21":"content-bg","22":"loop-entry"},"supplier_id":null,"supplier_sku":"","barcode":null,"atum_controlled":true,"out_stock_date":null,"out_stock_threshold":null,"inheritable":false,"inbound_stock":0,"stock_on_hold":0,"sold_today":0,"sales_last_days":0,"out_stock_days":0,"lost_sales":0,"has_location":false,"update_date":"2026-04-14T00:05:06","atum_locations":[],"atum_stock_status":"instock","restock_status":false,"low_stock_amount":"","sales_update_date":"2026-04-14T00:05:06","calc_backorders":null,"yoast_head":"<!-- This site is optimized with the Yoast SEO plugin v27.2 - https:\/\/yoast.com\/product\/yoast-seo-wordpress\/ -->\n<title>Taastav ja niisutav kreem JMsolution B5 Hya Moisturizing Cream, 60ml - IDA.KOREA<\/title>\n<meta name=\"robots\" content=\"index, follow, max-snippet:-1, max-image-preview:large, max-video-preview:-1\" \/>\n<link rel=\"canonical\" href=\"https:\/\/idakorea.ee\/en\/product\/taastav-ja-niisutav-kreem-jmsolution-b5-hya-moisturizing-cream-60ml\/\" \/>\n<meta property=\"og:locale\" content=\"en_US\" \/>\n<meta property=\"og:type\" content=\"article\" \/>\n<meta property=\"og:title\" content=\"Taastav ja niisutav kreem JMsolution B5 Hya Moisturizing Cream, 60ml - IDA.KOREA\" \/>\n<meta property=\"og:description\" content=\"JMsolution B5 Hya Moisturizing Cream on suurep\u00e4rane igap\u00e4evane nahahooldustoode, mis v\u00e4rskendab, niisutab ning eemaldab kiskuva tunde, aidates kaasa naha taastumisele ja pehmendamisele. Kreem tugevdab naha kaitsebarj\u00e4\u00e4ri, v\u00e4hendab tundlikkust v\u00e4liste \u00e4rritajate suhtes, leevendab punetust ja s\u00fcgelust ning tasakaalustab h\u00fcdrolipiidide tasakaalu. Lisaks intensiivsele niisutusele lukustab kreem niiskuse nahas, v\u00e4ltides kuivust ja \u00e4rritusi. Imendub kiiresti, ei j\u00e4ta kleepuvat...\" \/>\n<meta property=\"og:url\" content=\"https:\/\/idakorea.ee\/en\/product\/taastav-ja-niisutav-kreem-jmsolution-b5-hya-moisturizing-cream-60ml\/\" \/>\n<meta property=\"og:site_name\" content=\"IDA.KOREA\" \/>\n<meta property=\"article:modified_time\" content=\"2026-01-30T13:06:56+00:00\" \/>\n<meta property=\"og:image\" content=\"https:\/\/idakorea.ee\/wp-content\/uploads\/2025\/02\/jmsolution-b5-hya-moisturizing-cream.jpg\" \/>\n\t<meta property=\"og:image:width\" content=\"1000\" \/>\n\t<meta property=\"og:image:height\" content=\"1000\" \/>\n\t<meta property=\"og:image:type\" content=\"image\/jpeg\" \/>\n<meta name=\"twitter:card\" content=\"summary_large_image\" \/>\n<meta name=\"twitter:label1\" content=\"Est. reading time\" \/>\n\t<meta name=\"twitter:data1\" content=\"2 minutes\" \/>\n<script type=\"application\/ld+json\" class=\"yoast-schema-graph\">{\"@context\":\"https:\/\/schema.org\",\"@graph\":[{\"@type\":\"WebPage\",\"@id\":\"https:\/\/idakorea.ee\/product\/taastav-ja-niisutav-kreem-jmsolution-b5-hya-moisturizing-cream-60ml\/\",\"url\":\"https:\/\/idakorea.ee\/product\/taastav-ja-niisutav-kreem-jmsolution-b5-hya-moisturizing-cream-60ml\/\",\"name\":\"Taastav ja niisutav kreem JMsolution B5 Hya Moisturizing Cream, 60ml - IDA.KOREA\",\"isPartOf\":{\"@id\":\"https:\/\/idakorea.ee\/#website\"},\"primaryImageOfPage\":{\"@id\":\"https:\/\/idakorea.ee\/product\/taastav-ja-niisutav-kreem-jmsolution-b5-hya-moisturizing-cream-60ml\/#primaryimage\"},\"image\":{\"@id\":\"https:\/\/idakorea.ee\/product\/taastav-ja-niisutav-kreem-jmsolution-b5-hya-moisturizing-cream-60ml\/#primaryimage\"},\"thumbnailUrl\":\"https:\/\/idakorea.ee\/wp-content\/uploads\/2025\/02\/jmsolution-b5-hya-moisturizing-cream.jpg\",\"datePublished\":\"2025-02-24T12:50:00+00:00\",\"dateModified\":\"2026-01-30T13:06:56+00:00\",\"breadcrumb\":{\"@id\":\"https:\/\/idakorea.ee\/product\/taastav-ja-niisutav-kreem-jmsolution-b5-hya-moisturizing-cream-60ml\/#breadcrumb\"},\"inLanguage\":\"en-US\",\"potentialAction\":[{\"@type\":\"ReadAction\",\"target\":[\"https:\/\/idakorea.ee\/product\/taastav-ja-niisutav-kreem-jmsolution-b5-hya-moisturizing-cream-60ml\/\"]}]},{\"@type\":\"ImageObject\",\"inLanguage\":\"en-US\",\"@id\":\"https:\/\/idakorea.ee\/product\/taastav-ja-niisutav-kreem-jmsolution-b5-hya-moisturizing-cream-60ml\/#primaryimage\",\"url\":\"https:\/\/idakorea.ee\/wp-content\/uploads\/2025\/02\/jmsolution-b5-hya-moisturizing-cream.jpg\",\"contentUrl\":\"https:\/\/idakorea.ee\/wp-content\/uploads\/2025\/02\/jmsolution-b5-hya-moisturizing-cream.jpg\",\"width\":1000,\"height\":1000},{\"@type\":\"BreadcrumbList\",\"@id\":\"https:\/\/idakorea.ee\/product\/taastav-ja-niisutav-kreem-jmsolution-b5-hya-moisturizing-cream-60ml\/#breadcrumb\",\"itemListElement\":[{\"@type\":\"ListItem\",\"position\":1,\"name\":\"\u0413\u043b\u0430\u0432\u043d\u0430\u044f \u0441\u0442\u0440\u0430\u043d\u0438\u0446\u0430\",\"item\":\"https:\/\/idakorea.ee\/\"},{\"@type\":\"ListItem\",\"position\":2,\"name\":\"Shop\",\"item\":\"https:\/\/idakorea.ee\/shop-2\/\"},{\"@type\":\"ListItem\",\"position\":3,\"name\":\"Taastav ja niisutav kreem JMsolution B5 Hya Moisturizing Cream, 60ml\"}]},{\"@type\":\"WebSite\",\"@id\":\"https:\/\/idakorea.ee\/#website\",\"url\":\"https:\/\/idakorea.ee\/\",\"name\":\"IDA.KOREA\",\"description\":\"Korea kosmeetika e-pood\",\"publisher\":{\"@id\":\"https:\/\/idakorea.ee\/#organization\"},\"alternateName\":\"Beauty Shop\",\"potentialAction\":[{\"@type\":\"SearchAction\",\"target\":{\"@type\":\"EntryPoint\",\"urlTemplate\":\"https:\/\/idakorea.ee\/?s={search_term_string}\"},\"query-input\":{\"@type\":\"PropertyValueSpecification\",\"valueRequired\":true,\"valueName\":\"search_term_string\"}}],\"inLanguage\":\"en-US\"},{\"@type\":\"Organization\",\"@id\":\"https:\/\/idakorea.ee\/#organization\",\"name\":\"IDA.KOREA\",\"url\":\"https:\/\/idakorea.ee\/\",\"logo\":{\"@type\":\"ImageObject\",\"inLanguage\":\"en-US\",\"@id\":\"https:\/\/idakorea.ee\/#\/schema\/logo\/image\/\",\"url\":\"https:\/\/idakorea.ee\/wp-content\/uploads\/2024\/05\/cropped-korea3.png\",\"contentUrl\":\"https:\/\/idakorea.ee\/wp-content\/uploads\/2024\/05\/cropped-korea3.png\",\"width\":688,\"height\":126,\"caption\":\"IDA.KOREA\"},\"image\":{\"@id\":\"https:\/\/idakorea.ee\/#\/schema\/logo\/image\/\"},\"sameAs\":[\"https:\/\/www.instagram.com\/ida.korea\/\"]}]}<\/script>\n<!-- \/ Yoast SEO plugin. -->","yoast_head_json":{"title":"Restorative and moisturizing cream JMsolution B5 Hya Moisturizing Cream, 60ml - IDA.KOREA","robots":{"index":"index","follow":"follow","max-snippet":"max-snippet:-1","max-image-preview":"max-image-preview:large","max-video-preview":"max-video-preview:-1"},"canonical":"https:\/\/idakorea.ee\/en\/product\/taastav-ja-niisutav-kreem-jmsolution-b5-hya-moisturizing-cream-60ml\/","og_locale":"en_US","og_type":"article","og_title":"Taastav ja niisutav kreem JMsolution B5 Hya Moisturizing Cream, 60ml - IDA.KOREA","og_description":"JMsolution B5 Hya Moisturizing Cream on suurep\u00e4rane igap\u00e4evane nahahooldustoode, mis v\u00e4rskendab, niisutab ning eemaldab kiskuva tunde, aidates kaasa naha taastumisele ja pehmendamisele. Kreem tugevdab naha kaitsebarj\u00e4\u00e4ri, v\u00e4hendab tundlikkust v\u00e4liste \u00e4rritajate suhtes, leevendab punetust ja s\u00fcgelust ning tasakaalustab h\u00fcdrolipiidide tasakaalu. Lisaks intensiivsele niisutusele lukustab kreem niiskuse nahas, v\u00e4ltides kuivust ja \u00e4rritusi. Imendub kiiresti, ei j\u00e4ta kleepuvat...","og_url":"https:\/\/idakorea.ee\/en\/product\/taastav-ja-niisutav-kreem-jmsolution-b5-hya-moisturizing-cream-60ml\/","og_site_name":"IDA.KOREA","article_modified_time":"2026-01-30T13:06:56+00:00","og_image":[{"width":1000,"height":1000,"url":"https:\/\/idakorea.ee\/wp-content\/uploads\/2025\/02\/jmsolution-b5-hya-moisturizing-cream.jpg","type":"image\/jpeg"}],"twitter_card":"summary_large_image","twitter_misc":{"Est. reading time":"2 minutes"},"schema":{"@context":"https:\/\/schema.org","@graph":[{"@type":"WebPage","@id":"https:\/\/idakorea.ee\/product\/taastav-ja-niisutav-kreem-jmsolution-b5-hya-moisturizing-cream-60ml\/","url":"https:\/\/idakorea.ee\/product\/taastav-ja-niisutav-kreem-jmsolution-b5-hya-moisturizing-cream-60ml\/","name":"Restorative and moisturizing cream JMsolution B5 Hya Moisturizing Cream, 60ml - IDA.KOREA","isPartOf":{"@id":"https:\/\/idakorea.ee\/#website"},"primaryImageOfPage":{"@id":"https:\/\/idakorea.ee\/product\/taastav-ja-niisutav-kreem-jmsolution-b5-hya-moisturizing-cream-60ml\/#primaryimage"},"image":{"@id":"https:\/\/idakorea.ee\/product\/taastav-ja-niisutav-kreem-jmsolution-b5-hya-moisturizing-cream-60ml\/#primaryimage"},"thumbnailUrl":"https:\/\/idakorea.ee\/wp-content\/uploads\/2025\/02\/jmsolution-b5-hya-moisturizing-cream.jpg","datePublished":"2025-02-24T12:50:00+00:00","dateModified":"2026-01-30T13:06:56+00:00","breadcrumb":{"@id":"https:\/\/idakorea.ee\/product\/taastav-ja-niisutav-kreem-jmsolution-b5-hya-moisturizing-cream-60ml\/#breadcrumb"},"inLanguage":"en-US","potentialAction":[{"@type":"ReadAction","target":["https:\/\/idakorea.ee\/product\/taastav-ja-niisutav-kreem-jmsolution-b5-hya-moisturizing-cream-60ml\/"]}]},{"@type":"ImageObject","inLanguage":"en-US","@id":"https:\/\/idakorea.ee\/product\/taastav-ja-niisutav-kreem-jmsolution-b5-hya-moisturizing-cream-60ml\/#primaryimage","url":"https:\/\/idakorea.ee\/wp-content\/uploads\/2025\/02\/jmsolution-b5-hya-moisturizing-cream.jpg","contentUrl":"https:\/\/idakorea.ee\/wp-content\/uploads\/2025\/02\/jmsolution-b5-hya-moisturizing-cream.jpg","width":1000,"height":1000},{"@type":"BreadcrumbList","@id":"https:\/\/idakorea.ee\/product\/taastav-ja-niisutav-kreem-jmsolution-b5-hya-moisturizing-cream-60ml\/#breadcrumb","itemListElement":[{"@type":"ListItem","position":1,"name":"\u0413\u043b\u0430\u0432\u043d\u0430\u044f \u0441\u0442\u0440\u0430\u043d\u0438\u0446\u0430","item":"https:\/\/idakorea.ee\/"},{"@type":"ListItem","position":2,"name":"Shop","item":"https:\/\/idakorea.ee\/shop-2\/"},{"@type":"ListItem","position":3,"name":"Taastav ja niisutav kreem JMsolution B5 Hya Moisturizing Cream, 60ml"}]},{"@type":"WebSite","@id":"https:\/\/idakorea.ee\/#website","url":"https:\/\/idakorea.ee\/","name":"IDA.KOREA","description":"Korean cosmetics e-shop","publisher":{"@id":"https:\/\/idakorea.ee\/#organization"},"alternateName":"Beauty Shop","potentialAction":[{"@type":"SearchAction","target":{"@type":"EntryPoint","urlTemplate":"https:\/\/idakorea.ee\/?s={search_term_string}"},"query-input":{"@type":"PropertyValueSpecification","valueRequired":true,"valueName":"search_term_string"}}],"inLanguage":"en-US"},{"@type":"Organization","@id":"https:\/\/idakorea.ee\/#organization","name":"IDA.KOREA","url":"https:\/\/idakorea.ee\/","logo":{"@type":"ImageObject","inLanguage":"en-US","@id":"https:\/\/idakorea.ee\/#\/schema\/logo\/image\/","url":"https:\/\/idakorea.ee\/wp-content\/uploads\/2024\/05\/cropped-korea3.png","contentUrl":"https:\/\/idakorea.ee\/wp-content\/uploads\/2024\/05\/cropped-korea3.png","width":688,"height":126,"caption":"IDA.KOREA"},"image":{"@id":"https:\/\/idakorea.ee\/#\/schema\/logo\/image\/"},"sameAs":["https:\/\/www.instagram.com\/ida.korea\/"]}]}},"jetpack_sharing_enabled":true,"brands":[{"id":487,"name":"JM SOLUTION","slug":"jm-solution"}],"_links":{"self":[{"href":"https:\/\/idakorea.ee\/en\/wp-json\/wp\/v2\/product\/12812","targetHints":{"allow":["GET"]}}],"collection":[{"href":"https:\/\/idakorea.ee\/en\/wp-json\/wp\/v2\/product"}],"about":[{"href":"https:\/\/idakorea.ee\/en\/wp-json\/wp\/v2\/types\/product"}],"replies":[{"embeddable":true,"href":"https:\/\/idakorea.ee\/en\/wp-json\/wp\/v2\/comments?post=12812"}],"version-history":[{"count":3,"href":"https:\/\/idakorea.ee\/en\/wp-json\/wp\/v2\/product\/12812\/revisions"}],"predecessor-version":[{"id":12818,"href":"https:\/\/idakorea.ee\/en\/wp-json\/wp\/v2\/product\/12812\/revisions\/12818"}],"wp:featuredmedia":[{"embeddable":true,"href":"https:\/\/idakorea.ee\/en\/wp-json\/wp\/v2\/media\/12813"}],"wp:attachment":[{"href":"https:\/\/idakorea.ee\/en\/wp-json\/wp\/v2\/media?parent=12812"}],"wp:term":[{"taxonomy":"pwb-brand","embeddable":true,"href":"https:\/\/idakorea.ee\/en\/wp-json\/wp\/v2\/pwb-brand?post=12812"},{"taxonomy":"product_brand","embeddable":true,"href":"https:\/\/idakorea.ee\/en\/wp-json\/wp\/v2\/product_brand?post=12812"},{"taxonomy":"product_cat","embeddable":true,"href":"https:\/\/idakorea.ee\/en\/wp-json\/wp\/v2\/product_cat?post=12812"},{"taxonomy":"product_tag","embeddable":true,"href":"https:\/\/idakorea.ee\/en\/wp-json\/wp\/v2\/product_tag?post=12812"}],"curies":[{"name":"wp","href":"https:\/\/api.w.org\/{rel}","templated":true}]}}