{"id":12875,"date":"2025-02-27T12:34:06","date_gmt":"2025-02-27T10:34:06","guid":{"rendered":"https:\/\/idakorea.ee\/?post_type=product&#038;p=12875"},"modified":"2026-01-30T15:03:13","modified_gmt":"2026-01-30T13:03:13","slug":"intensiivselt-niisutav-naoseerum-jmsolution-b5-hya-moisturizing-ampoule-30ml","status":"publish","type":"product","link":"https:\/\/idakorea.ee\/en\/product\/intensiivselt-niisutav-naoseerum-jmsolution-b5-hya-moisturizing-ampoule-30ml\/","title":{"rendered":"Intensively moisturizing face serum JMSolution B5 Hya Moisturizing Ampoule, 30ml"},"content":{"rendered":"<p><strong>JMSolution B5 Hya Moisturizing Ampoule<\/strong> is specifically designed for dry and dehydrated skin. The serum contains a high concentration of active ingredients that deeply moisturize the skin and restore its healthy and radiant appearance.<\/p>\n<p><strong>Active ingredients:<\/strong><\/p>\n<ul>\n<li><strong>Hyaluronic acid<\/strong> - a powerful moisturising molecule that penetrates deep into the layers of the skin, retaining moisture and preventing its loss. It also improves skin elasticity and firmness.<\/li>\n<li><strong>Birch extract<\/strong> - a plant extract rich in antioxidants, protecting the skin from free radical damage. It also reinforces the moisturising properties of other active ingredients.<\/li>\n<li><strong>Peptides<\/strong> - low molecular weight proteins that stimulate collagen and elastin production, helping to improve skin elasticity and firmness and reduce the appearance of wrinkles and fine lines.<\/li>\n<li><strong>Vitamin B5 (panthenol)<\/strong> - improves the skin's moisture balance, reduces dryness and flakiness and supports skin regeneration and renewal.<\/li>\n<\/ul>\n<p>&nbsp;<\/p>\n<p>Ideal for dry and dehydrated skin, but also for those who want to deeply moisturise and refresh.<\/p>\n<p><strong>Usage: <\/strong>Cleanse the skin and apply toner to prepare the skin for the serum to absorb. Apply a small amount of serum to the face and distribute evenly over the skin. Massage gently to help the product absorb. Then apply the cream.<\/p>\n<p>Recommended for daily use in the morning and evening for best results.<\/p>","protected":false},"excerpt":{"rendered":"<p>JMSolution B5 Hya Moisturizing Ampoule is specially formulated for dry and dehydrated skin. The serum contains a high concentration of active ingredients that deeply moisturize the skin and restore its healthy and radiant appearance. Active ingredients. It also improves the elasticity and firmness of the skin. It also helps to maintain the moisture and firmness.<\/p>","protected":false},"featured_media":12876,"comment_status":"open","ping_status":"closed","template":"","meta":{"_uf_show_specific_survey":0,"_uf_disable_surveys":false,"_bst_post_transparent":"default","_bst_post_title":"","_bst_post_layout":"default","_bst_post_sidebar_id":"","_bst_post_content_style":"default","_bst_post_vertical_padding":"default","_bst_post_feature":"","_bst_post_feature_position":"","_bst_post_header":false,"_bst_post_footer":false},"pwb-brand":[487],"product_brand":[],"product_cat":[92,97],"product_tag":[819,568],"class_list":{"0":"post-12875","1":"product","2":"type-product","3":"status-publish","4":"has-post-thumbnail","6":"pwb-brand-jm-solution","7":"product_cat-nagu","8":"product_cat-naoseerumid-ja-olid","9":"product_tag-jm-solution","10":"product_tag-korea","12":"first","13":"instock","14":"sale","15":"shipping-taxable","16":"purchasable","17":"product-type-simple","18":"entry","19":"content-bg","20":"loop-entry"},"supplier_id":null,"supplier_sku":"","barcode":null,"atum_controlled":true,"out_stock_date":null,"out_stock_threshold":null,"inheritable":false,"inbound_stock":0,"stock_on_hold":0,"sold_today":0,"sales_last_days":0,"out_stock_days":0,"lost_sales":0,"has_location":false,"update_date":"2026-04-15T00:05:11","atum_locations":[],"atum_stock_status":"instock","restock_status":false,"low_stock_amount":"","sales_update_date":"2026-04-15T00:05:11","calc_backorders":null,"yoast_head":"<!-- This site is optimized with the Yoast SEO plugin v27.2 - https:\/\/yoast.com\/product\/yoast-seo-wordpress\/ -->\n<title>Intensiivselt niisutav n\u00e4oseerum JMSolution B5 Hya Moisturizing Ampoule, 30ml - IDA.KOREA<\/title>\n<meta name=\"robots\" content=\"index, follow, max-snippet:-1, max-image-preview:large, max-video-preview:-1\" \/>\n<link rel=\"canonical\" href=\"https:\/\/idakorea.ee\/en\/product\/intensiivselt-niisutav-naoseerum-jmsolution-b5-hya-moisturizing-ampoule-30ml\/\" \/>\n<meta property=\"og:locale\" content=\"en_US\" \/>\n<meta property=\"og:type\" content=\"article\" \/>\n<meta property=\"og:title\" content=\"Intensiivselt niisutav n\u00e4oseerum JMSolution B5 Hya Moisturizing Ampoule, 30ml - IDA.KOREA\" \/>\n<meta property=\"og:description\" content=\"JMSolution B5 Hya Moisturizing Ampoule on spetsiaalselt loodud kuivale ja veetustunud nahale. Seerum sisaldab suures kontsentratsioonis aktiivseid koostisosi, mis s\u00fcgavalt niisutavad nahka ja taastavad selle terve ning s\u00e4rava v\u00e4ljan\u00e4gemise. Aktiivsed koostisosad: H\u00fcaluroonhape \u2013 v\u00f5imas niisutav molekul, mis tungib s\u00fcgavale naha kihtidesse, s\u00e4ilitades niiskust ja hoides \u00e4ra selle kao. Samuti parandab naha elastsust ja tugevust. Viirpuuekstrakt...\" \/>\n<meta property=\"og:url\" content=\"https:\/\/idakorea.ee\/en\/product\/intensiivselt-niisutav-naoseerum-jmsolution-b5-hya-moisturizing-ampoule-30ml\/\" \/>\n<meta property=\"og:site_name\" content=\"IDA.KOREA\" \/>\n<meta property=\"article:modified_time\" content=\"2026-01-30T13:03:13+00:00\" \/>\n<meta property=\"og:image\" content=\"https:\/\/idakorea.ee\/wp-content\/uploads\/2025\/02\/jmsolution_500178-650x650-1.jpg\" \/>\n\t<meta property=\"og:image:width\" content=\"650\" \/>\n\t<meta property=\"og:image:height\" content=\"650\" \/>\n\t<meta property=\"og:image:type\" content=\"image\/jpeg\" \/>\n<meta name=\"twitter:card\" content=\"summary_large_image\" \/>\n<meta name=\"twitter:label1\" content=\"Est. reading time\" \/>\n\t<meta name=\"twitter:data1\" content=\"2 minutes\" \/>\n<script type=\"application\/ld+json\" class=\"yoast-schema-graph\">{\"@context\":\"https:\/\/schema.org\",\"@graph\":[{\"@type\":\"WebPage\",\"@id\":\"https:\/\/idakorea.ee\/product\/intensiivselt-niisutav-naoseerum-jmsolution-b5-hya-moisturizing-ampoule-30ml\/\",\"url\":\"https:\/\/idakorea.ee\/product\/intensiivselt-niisutav-naoseerum-jmsolution-b5-hya-moisturizing-ampoule-30ml\/\",\"name\":\"Intensiivselt niisutav n\u00e4oseerum JMSolution B5 Hya Moisturizing Ampoule, 30ml - IDA.KOREA\",\"isPartOf\":{\"@id\":\"https:\/\/idakorea.ee\/#website\"},\"primaryImageOfPage\":{\"@id\":\"https:\/\/idakorea.ee\/product\/intensiivselt-niisutav-naoseerum-jmsolution-b5-hya-moisturizing-ampoule-30ml\/#primaryimage\"},\"image\":{\"@id\":\"https:\/\/idakorea.ee\/product\/intensiivselt-niisutav-naoseerum-jmsolution-b5-hya-moisturizing-ampoule-30ml\/#primaryimage\"},\"thumbnailUrl\":\"https:\/\/idakorea.ee\/wp-content\/uploads\/2025\/02\/jmsolution_500178-650x650-1.jpg\",\"datePublished\":\"2025-02-27T10:34:06+00:00\",\"dateModified\":\"2026-01-30T13:03:13+00:00\",\"breadcrumb\":{\"@id\":\"https:\/\/idakorea.ee\/product\/intensiivselt-niisutav-naoseerum-jmsolution-b5-hya-moisturizing-ampoule-30ml\/#breadcrumb\"},\"inLanguage\":\"en-US\",\"potentialAction\":[{\"@type\":\"ReadAction\",\"target\":[\"https:\/\/idakorea.ee\/product\/intensiivselt-niisutav-naoseerum-jmsolution-b5-hya-moisturizing-ampoule-30ml\/\"]}]},{\"@type\":\"ImageObject\",\"inLanguage\":\"en-US\",\"@id\":\"https:\/\/idakorea.ee\/product\/intensiivselt-niisutav-naoseerum-jmsolution-b5-hya-moisturizing-ampoule-30ml\/#primaryimage\",\"url\":\"https:\/\/idakorea.ee\/wp-content\/uploads\/2025\/02\/jmsolution_500178-650x650-1.jpg\",\"contentUrl\":\"https:\/\/idakorea.ee\/wp-content\/uploads\/2025\/02\/jmsolution_500178-650x650-1.jpg\",\"width\":650,\"height\":650},{\"@type\":\"BreadcrumbList\",\"@id\":\"https:\/\/idakorea.ee\/product\/intensiivselt-niisutav-naoseerum-jmsolution-b5-hya-moisturizing-ampoule-30ml\/#breadcrumb\",\"itemListElement\":[{\"@type\":\"ListItem\",\"position\":1,\"name\":\"\u0413\u043b\u0430\u0432\u043d\u0430\u044f \u0441\u0442\u0440\u0430\u043d\u0438\u0446\u0430\",\"item\":\"https:\/\/idakorea.ee\/\"},{\"@type\":\"ListItem\",\"position\":2,\"name\":\"Shop\",\"item\":\"https:\/\/idakorea.ee\/shop-2\/\"},{\"@type\":\"ListItem\",\"position\":3,\"name\":\"Intensiivselt niisutav n\u00e4oseerum JMSolution B5 Hya Moisturizing Ampoule, 30ml\"}]},{\"@type\":\"WebSite\",\"@id\":\"https:\/\/idakorea.ee\/#website\",\"url\":\"https:\/\/idakorea.ee\/\",\"name\":\"IDA.KOREA\",\"description\":\"Korea kosmeetika e-pood\",\"publisher\":{\"@id\":\"https:\/\/idakorea.ee\/#organization\"},\"alternateName\":\"Beauty Shop\",\"potentialAction\":[{\"@type\":\"SearchAction\",\"target\":{\"@type\":\"EntryPoint\",\"urlTemplate\":\"https:\/\/idakorea.ee\/?s={search_term_string}\"},\"query-input\":{\"@type\":\"PropertyValueSpecification\",\"valueRequired\":true,\"valueName\":\"search_term_string\"}}],\"inLanguage\":\"en-US\"},{\"@type\":\"Organization\",\"@id\":\"https:\/\/idakorea.ee\/#organization\",\"name\":\"IDA.KOREA\",\"url\":\"https:\/\/idakorea.ee\/\",\"logo\":{\"@type\":\"ImageObject\",\"inLanguage\":\"en-US\",\"@id\":\"https:\/\/idakorea.ee\/#\/schema\/logo\/image\/\",\"url\":\"https:\/\/idakorea.ee\/wp-content\/uploads\/2024\/05\/cropped-korea3.png\",\"contentUrl\":\"https:\/\/idakorea.ee\/wp-content\/uploads\/2024\/05\/cropped-korea3.png\",\"width\":688,\"height\":126,\"caption\":\"IDA.KOREA\"},\"image\":{\"@id\":\"https:\/\/idakorea.ee\/#\/schema\/logo\/image\/\"},\"sameAs\":[\"https:\/\/www.instagram.com\/ida.korea\/\"]}]}<\/script>\n<!-- \/ Yoast SEO plugin. -->","yoast_head_json":{"title":"Intensively moisturizing face serum JMSolution B5 Hya Moisturizing Ampoule, 30ml - IDA.KOREA","robots":{"index":"index","follow":"follow","max-snippet":"max-snippet:-1","max-image-preview":"max-image-preview:large","max-video-preview":"max-video-preview:-1"},"canonical":"https:\/\/idakorea.ee\/en\/product\/intensiivselt-niisutav-naoseerum-jmsolution-b5-hya-moisturizing-ampoule-30ml\/","og_locale":"en_US","og_type":"article","og_title":"Intensiivselt niisutav n\u00e4oseerum JMSolution B5 Hya Moisturizing Ampoule, 30ml - IDA.KOREA","og_description":"JMSolution B5 Hya Moisturizing Ampoule on spetsiaalselt loodud kuivale ja veetustunud nahale. Seerum sisaldab suures kontsentratsioonis aktiivseid koostisosi, mis s\u00fcgavalt niisutavad nahka ja taastavad selle terve ning s\u00e4rava v\u00e4ljan\u00e4gemise. Aktiivsed koostisosad: H\u00fcaluroonhape \u2013 v\u00f5imas niisutav molekul, mis tungib s\u00fcgavale naha kihtidesse, s\u00e4ilitades niiskust ja hoides \u00e4ra selle kao. Samuti parandab naha elastsust ja tugevust. Viirpuuekstrakt...","og_url":"https:\/\/idakorea.ee\/en\/product\/intensiivselt-niisutav-naoseerum-jmsolution-b5-hya-moisturizing-ampoule-30ml\/","og_site_name":"IDA.KOREA","article_modified_time":"2026-01-30T13:03:13+00:00","og_image":[{"width":650,"height":650,"url":"https:\/\/idakorea.ee\/wp-content\/uploads\/2025\/02\/jmsolution_500178-650x650-1.jpg","type":"image\/jpeg"}],"twitter_card":"summary_large_image","twitter_misc":{"Est. reading time":"2 minutes"},"schema":{"@context":"https:\/\/schema.org","@graph":[{"@type":"WebPage","@id":"https:\/\/idakorea.ee\/product\/intensiivselt-niisutav-naoseerum-jmsolution-b5-hya-moisturizing-ampoule-30ml\/","url":"https:\/\/idakorea.ee\/product\/intensiivselt-niisutav-naoseerum-jmsolution-b5-hya-moisturizing-ampoule-30ml\/","name":"Intensively moisturizing face serum JMSolution B5 Hya Moisturizing Ampoule, 30ml - IDA.KOREA","isPartOf":{"@id":"https:\/\/idakorea.ee\/#website"},"primaryImageOfPage":{"@id":"https:\/\/idakorea.ee\/product\/intensiivselt-niisutav-naoseerum-jmsolution-b5-hya-moisturizing-ampoule-30ml\/#primaryimage"},"image":{"@id":"https:\/\/idakorea.ee\/product\/intensiivselt-niisutav-naoseerum-jmsolution-b5-hya-moisturizing-ampoule-30ml\/#primaryimage"},"thumbnailUrl":"https:\/\/idakorea.ee\/wp-content\/uploads\/2025\/02\/jmsolution_500178-650x650-1.jpg","datePublished":"2025-02-27T10:34:06+00:00","dateModified":"2026-01-30T13:03:13+00:00","breadcrumb":{"@id":"https:\/\/idakorea.ee\/product\/intensiivselt-niisutav-naoseerum-jmsolution-b5-hya-moisturizing-ampoule-30ml\/#breadcrumb"},"inLanguage":"en-US","potentialAction":[{"@type":"ReadAction","target":["https:\/\/idakorea.ee\/product\/intensiivselt-niisutav-naoseerum-jmsolution-b5-hya-moisturizing-ampoule-30ml\/"]}]},{"@type":"ImageObject","inLanguage":"en-US","@id":"https:\/\/idakorea.ee\/product\/intensiivselt-niisutav-naoseerum-jmsolution-b5-hya-moisturizing-ampoule-30ml\/#primaryimage","url":"https:\/\/idakorea.ee\/wp-content\/uploads\/2025\/02\/jmsolution_500178-650x650-1.jpg","contentUrl":"https:\/\/idakorea.ee\/wp-content\/uploads\/2025\/02\/jmsolution_500178-650x650-1.jpg","width":650,"height":650},{"@type":"BreadcrumbList","@id":"https:\/\/idakorea.ee\/product\/intensiivselt-niisutav-naoseerum-jmsolution-b5-hya-moisturizing-ampoule-30ml\/#breadcrumb","itemListElement":[{"@type":"ListItem","position":1,"name":"\u0413\u043b\u0430\u0432\u043d\u0430\u044f \u0441\u0442\u0440\u0430\u043d\u0438\u0446\u0430","item":"https:\/\/idakorea.ee\/"},{"@type":"ListItem","position":2,"name":"Shop","item":"https:\/\/idakorea.ee\/shop-2\/"},{"@type":"ListItem","position":3,"name":"Intensiivselt niisutav n\u00e4oseerum JMSolution B5 Hya Moisturizing Ampoule, 30ml"}]},{"@type":"WebSite","@id":"https:\/\/idakorea.ee\/#website","url":"https:\/\/idakorea.ee\/","name":"IDA.KOREA","description":"Korean cosmetics e-shop","publisher":{"@id":"https:\/\/idakorea.ee\/#organization"},"alternateName":"Beauty Shop","potentialAction":[{"@type":"SearchAction","target":{"@type":"EntryPoint","urlTemplate":"https:\/\/idakorea.ee\/?s={search_term_string}"},"query-input":{"@type":"PropertyValueSpecification","valueRequired":true,"valueName":"search_term_string"}}],"inLanguage":"en-US"},{"@type":"Organization","@id":"https:\/\/idakorea.ee\/#organization","name":"IDA.KOREA","url":"https:\/\/idakorea.ee\/","logo":{"@type":"ImageObject","inLanguage":"en-US","@id":"https:\/\/idakorea.ee\/#\/schema\/logo\/image\/","url":"https:\/\/idakorea.ee\/wp-content\/uploads\/2024\/05\/cropped-korea3.png","contentUrl":"https:\/\/idakorea.ee\/wp-content\/uploads\/2024\/05\/cropped-korea3.png","width":688,"height":126,"caption":"IDA.KOREA"},"image":{"@id":"https:\/\/idakorea.ee\/#\/schema\/logo\/image\/"},"sameAs":["https:\/\/www.instagram.com\/ida.korea\/"]}]}},"jetpack_sharing_enabled":true,"brands":[{"id":487,"name":"JM SOLUTION","slug":"jm-solution"}],"_links":{"self":[{"href":"https:\/\/idakorea.ee\/en\/wp-json\/wp\/v2\/product\/12875","targetHints":{"allow":["GET"]}}],"collection":[{"href":"https:\/\/idakorea.ee\/en\/wp-json\/wp\/v2\/product"}],"about":[{"href":"https:\/\/idakorea.ee\/en\/wp-json\/wp\/v2\/types\/product"}],"replies":[{"embeddable":true,"href":"https:\/\/idakorea.ee\/en\/wp-json\/wp\/v2\/comments?post=12875"}],"version-history":[{"count":1,"href":"https:\/\/idakorea.ee\/en\/wp-json\/wp\/v2\/product\/12875\/revisions"}],"predecessor-version":[{"id":12879,"href":"https:\/\/idakorea.ee\/en\/wp-json\/wp\/v2\/product\/12875\/revisions\/12879"}],"wp:featuredmedia":[{"embeddable":true,"href":"https:\/\/idakorea.ee\/en\/wp-json\/wp\/v2\/media\/12876"}],"wp:attachment":[{"href":"https:\/\/idakorea.ee\/en\/wp-json\/wp\/v2\/media?parent=12875"}],"wp:term":[{"taxonomy":"pwb-brand","embeddable":true,"href":"https:\/\/idakorea.ee\/en\/wp-json\/wp\/v2\/pwb-brand?post=12875"},{"taxonomy":"product_brand","embeddable":true,"href":"https:\/\/idakorea.ee\/en\/wp-json\/wp\/v2\/product_brand?post=12875"},{"taxonomy":"product_cat","embeddable":true,"href":"https:\/\/idakorea.ee\/en\/wp-json\/wp\/v2\/product_cat?post=12875"},{"taxonomy":"product_tag","embeddable":true,"href":"https:\/\/idakorea.ee\/en\/wp-json\/wp\/v2\/product_tag?post=12875"}],"curies":[{"name":"wp","href":"https:\/\/api.w.org\/{rel}","templated":true}]}}