{"id":12914,"date":"2025-02-28T12:05:27","date_gmt":"2025-02-28T10:05:27","guid":{"rendered":"https:\/\/idakorea.ee\/?post_type=product&#038;p=12914"},"modified":"2026-04-09T21:03:39","modified_gmt":"2026-04-09T19:03:39","slug":"unikaalne-mochi-taoline-naopuhastaja-arencia-blue-hyssop-cleanser-120g","status":"publish","type":"product","link":"https:\/\/idakorea.ee\/en\/product\/unikaalne-mochi-taoline-naopuhastaja-arencia-blue-hyssop-cleanser-120g\/","title":{"rendered":"Unique mochi-style face cleanser Arencia Blue Hyssop Cleanser, 120g"},"content":{"rendered":"<p><strong>Arencia Blue Hyssop Cleanser<\/strong> - Gentle and effective facial cleanser deeply cleanses the skin, leaving it looking healthy and radiant. With natural ingredients and an advanced skincare formula, this cleanser ensures excellent results.<\/p>\n<p><strong>Key benefits:<\/strong><\/p>\n<p><strong>Moisturising effect:<\/strong> Increases skin moisture levels in the deeper layers of 45,87% and 5,90% after use.<br \/>\n<strong>Deep cleaning:<\/strong> Effectively removes make-up residue and fine particles of dirt from pores, leaving skin fresh and balancing its natural moisture balance.<br \/>\n<strong>A dual function product:<\/strong> Works as both a daily cleanser and a deep cleansing clay mask, offering versatility to your skincare routine.<\/p>\n<p><strong>Skin conditioning ingredients:<\/strong><\/p>\n<p><strong>Hyssop extract<\/strong> - reduces inflammation, is rich in antioxidants and acts as a natural astringent.<br \/>\n<strong>Seawater extract<\/strong> - retains moisture in the skin and helps to maintain skin moisture balance.<br \/>\n<strong>Chaga mushroom extract<\/strong> - nourishes pores, improves skin elasticity and provides deep hydration.<br \/>\n<strong>Black barley extract<\/strong> - is rich in vitamins and minerals that moisturise dry skin and help maintain a smooth texture.<br \/>\n<strong>Rice powder<\/strong> - supports gentle exfoliation, effectively removing dirt and dead skin cells.<\/p>\n<p>&nbsp;<\/p>\n<p><strong>Why choose Arencia Blue Hyssop Cleanser?<\/strong><\/p>\n<p><strong data-start=\"1475\" data-end=\"1511\">Unique mochi-like texture<\/strong> - achieved thanks to a meticulous 170-hour fermentation process and more than 1000 kneading cycles.<br data-start=\"1614\" data-end=\"1617\" \/><strong data-start=\"1620\" data-end=\"1641\">Natural composition<\/strong> - contains more than 20 botanical ingredients that nourish and condition the skin.<br data-start=\"1715\" data-end=\"1718\" \/><strong data-start=\"1721\" data-end=\"1744\">Versatile use<\/strong> - is suitable for both daily cleansing and deep cleansing clay masks, offering multiple benefits in one product.<\/p>\n<p><strong>Ideal for those who:<\/strong><\/p>\n<p>Looking for a gentle but thorough cleansing for normal to oily skin.<br \/>\nNeed a multifunctional product (cleanser + mask)<br \/>\nWant to maintain skin hydration even during cleansing<\/p>\n<p><strong>Arencia Blue Hyssop Cleanser<\/strong> combines traditional natural ingredients and modern formula technology to provide cleansing, nourishment and hydration in one product.<\/p>\n<p>&nbsp;<\/p>\n<p><strong>Usage: <\/strong>Apply to wet skin, massage gently with fingertips, then rinse with lukewarm water. For best results, use as a clay mask - massage over face or problem areas for over 1 minute before rinsing.<\/p>\n<p>&nbsp;<\/p>","protected":false},"excerpt":{"rendered":"<p>Arencia Blue Hyssop Cleanser - a gentle and effective facial cleanser that deeply cleanses the skin, leaving it looking healthy and radiant. With natural ingredients and an advanced skincare formula, this cleanser ensures excellent results. Key benefits: Increases skin moisture levels in the deeper layers of 45,87% and 5,90% after use. Deep cleansing: effectively removes make-up residues and fine dirt particles from the pores, leaving the skin fresh and...<\/p>","protected":false},"featured_media":12915,"comment_status":"open","ping_status":"closed","template":"","meta":{"_uf_show_specific_survey":0,"_uf_disable_surveys":false,"_bst_post_transparent":"default","_bst_post_title":"","_bst_post_layout":"default","_bst_post_sidebar_id":"","_bst_post_content_style":"default","_bst_post_vertical_padding":"default","_bst_post_feature":"","_bst_post_feature_position":"","_bst_post_header":false,"_bst_post_footer":false},"pwb-brand":[821],"product_brand":[],"product_cat":[92,452,100],"product_tag":[822,823],"class_list":{"0":"post-12914","1":"product","2":"type-product","3":"status-publish","4":"has-post-thumbnail","6":"pwb-brand-arencia","7":"product_cat-nagu","8":"product_cat-naopuhastusgeelid","9":"product_cat-puhastusvahendid","10":"product_tag-arencia","11":"product_tag-mochi","13":"first","14":"instock","15":"sale","16":"shipping-taxable","17":"purchasable","18":"product-type-simple","19":"entry","20":"content-bg","21":"loop-entry"},"supplier_id":null,"supplier_sku":"","barcode":null,"atum_controlled":true,"out_stock_date":null,"out_stock_threshold":null,"inheritable":false,"inbound_stock":0,"stock_on_hold":0,"sold_today":0,"sales_last_days":1,"out_stock_days":0,"lost_sales":0,"has_location":false,"update_date":"2026-04-15T00:05:20","atum_locations":[],"atum_stock_status":"instock","restock_status":false,"low_stock_amount":"","sales_update_date":"2026-04-15T00:05:20","calc_backorders":null,"yoast_head":"<!-- This site is optimized with the Yoast SEO plugin v27.2 - https:\/\/yoast.com\/product\/yoast-seo-wordpress\/ -->\n<title>Unikaalne mochi-taoline n\u00e4opuhastaja Arencia Blue Hyssop Cleanser, 120g - IDA.KOREA<\/title>\n<meta name=\"robots\" content=\"index, follow, max-snippet:-1, max-image-preview:large, max-video-preview:-1\" \/>\n<link rel=\"canonical\" href=\"https:\/\/idakorea.ee\/en\/product\/unikaalne-mochi-taoline-naopuhastaja-arencia-blue-hyssop-cleanser-120g\/\" \/>\n<meta property=\"og:locale\" content=\"en_US\" \/>\n<meta property=\"og:type\" content=\"article\" \/>\n<meta property=\"og:title\" content=\"Unikaalne mochi-taoline n\u00e4opuhastaja Arencia Blue Hyssop Cleanser, 120g - IDA.KOREA\" \/>\n<meta property=\"og:description\" content=\"Arencia Blue Hyssop Cleanser \u2013\u00a0 \u00f5rn ja t\u00f5hus n\u00e4opuhastaja puhastab nahka s\u00fcgavuti ning annab sellele terve ja s\u00e4rava jume. Looduslike koostisosade ja arenenud nahahooldusvalemiga see puhastusvahend tagab suurep\u00e4rased tulemused. Peamised eelised: Niisutav toime: Suurendab naha niiskustaset 45,87% ja 5,90% s\u00fcgavamates kihtides p\u00e4rast kasutamist. S\u00fcgavpuhastus: Eemaldab efektiivselt meigij\u00e4\u00e4gid ja peened mustuseosakesed pooridest, j\u00e4ttes naha v\u00e4rskeks ja...\" \/>\n<meta property=\"og:url\" content=\"https:\/\/idakorea.ee\/en\/product\/unikaalne-mochi-taoline-naopuhastaja-arencia-blue-hyssop-cleanser-120g\/\" \/>\n<meta property=\"og:site_name\" content=\"IDA.KOREA\" \/>\n<meta property=\"article:modified_time\" content=\"2026-04-09T19:03:39+00:00\" \/>\n<meta property=\"og:image\" content=\"https:\/\/idakorea.ee\/wp-content\/uploads\/2025\/02\/arencia.royalblue.cleanser.jpg\" \/>\n\t<meta property=\"og:image:width\" content=\"800\" \/>\n\t<meta property=\"og:image:height\" content=\"800\" \/>\n\t<meta property=\"og:image:type\" content=\"image\/jpeg\" \/>\n<meta name=\"twitter:card\" content=\"summary_large_image\" \/>\n<meta name=\"twitter:label1\" content=\"Est. reading time\" \/>\n\t<meta name=\"twitter:data1\" content=\"2 minutes\" \/>\n<script type=\"application\/ld+json\" class=\"yoast-schema-graph\">{\"@context\":\"https:\/\/schema.org\",\"@graph\":[{\"@type\":\"WebPage\",\"@id\":\"https:\/\/idakorea.ee\/product\/unikaalne-mochi-taoline-naopuhastaja-arencia-blue-hyssop-cleanser-120g\/\",\"url\":\"https:\/\/idakorea.ee\/product\/unikaalne-mochi-taoline-naopuhastaja-arencia-blue-hyssop-cleanser-120g\/\",\"name\":\"Unikaalne mochi-taoline n\u00e4opuhastaja Arencia Blue Hyssop Cleanser, 120g - IDA.KOREA\",\"isPartOf\":{\"@id\":\"https:\/\/idakorea.ee\/#website\"},\"primaryImageOfPage\":{\"@id\":\"https:\/\/idakorea.ee\/product\/unikaalne-mochi-taoline-naopuhastaja-arencia-blue-hyssop-cleanser-120g\/#primaryimage\"},\"image\":{\"@id\":\"https:\/\/idakorea.ee\/product\/unikaalne-mochi-taoline-naopuhastaja-arencia-blue-hyssop-cleanser-120g\/#primaryimage\"},\"thumbnailUrl\":\"https:\/\/idakorea.ee\/wp-content\/uploads\/2025\/02\/arencia.royalblue.cleanser.jpg\",\"datePublished\":\"2025-02-28T10:05:27+00:00\",\"dateModified\":\"2026-04-09T19:03:39+00:00\",\"breadcrumb\":{\"@id\":\"https:\/\/idakorea.ee\/product\/unikaalne-mochi-taoline-naopuhastaja-arencia-blue-hyssop-cleanser-120g\/#breadcrumb\"},\"inLanguage\":\"en-US\",\"potentialAction\":[{\"@type\":\"ReadAction\",\"target\":[\"https:\/\/idakorea.ee\/product\/unikaalne-mochi-taoline-naopuhastaja-arencia-blue-hyssop-cleanser-120g\/\"]}]},{\"@type\":\"ImageObject\",\"inLanguage\":\"en-US\",\"@id\":\"https:\/\/idakorea.ee\/product\/unikaalne-mochi-taoline-naopuhastaja-arencia-blue-hyssop-cleanser-120g\/#primaryimage\",\"url\":\"https:\/\/idakorea.ee\/wp-content\/uploads\/2025\/02\/arencia.royalblue.cleanser.jpg\",\"contentUrl\":\"https:\/\/idakorea.ee\/wp-content\/uploads\/2025\/02\/arencia.royalblue.cleanser.jpg\",\"width\":800,\"height\":800},{\"@type\":\"BreadcrumbList\",\"@id\":\"https:\/\/idakorea.ee\/product\/unikaalne-mochi-taoline-naopuhastaja-arencia-blue-hyssop-cleanser-120g\/#breadcrumb\",\"itemListElement\":[{\"@type\":\"ListItem\",\"position\":1,\"name\":\"\u0413\u043b\u0430\u0432\u043d\u0430\u044f \u0441\u0442\u0440\u0430\u043d\u0438\u0446\u0430\",\"item\":\"https:\/\/idakorea.ee\/\"},{\"@type\":\"ListItem\",\"position\":2,\"name\":\"Shop\",\"item\":\"https:\/\/idakorea.ee\/shop-2\/\"},{\"@type\":\"ListItem\",\"position\":3,\"name\":\"Unikaalne mochi-taoline n\u00e4opuhastaja Arencia Blue Hyssop Cleanser, 120g\"}]},{\"@type\":\"WebSite\",\"@id\":\"https:\/\/idakorea.ee\/#website\",\"url\":\"https:\/\/idakorea.ee\/\",\"name\":\"IDA.KOREA\",\"description\":\"Korea kosmeetika e-pood\",\"publisher\":{\"@id\":\"https:\/\/idakorea.ee\/#organization\"},\"alternateName\":\"Beauty Shop\",\"potentialAction\":[{\"@type\":\"SearchAction\",\"target\":{\"@type\":\"EntryPoint\",\"urlTemplate\":\"https:\/\/idakorea.ee\/?s={search_term_string}\"},\"query-input\":{\"@type\":\"PropertyValueSpecification\",\"valueRequired\":true,\"valueName\":\"search_term_string\"}}],\"inLanguage\":\"en-US\"},{\"@type\":\"Organization\",\"@id\":\"https:\/\/idakorea.ee\/#organization\",\"name\":\"IDA.KOREA\",\"url\":\"https:\/\/idakorea.ee\/\",\"logo\":{\"@type\":\"ImageObject\",\"inLanguage\":\"en-US\",\"@id\":\"https:\/\/idakorea.ee\/#\/schema\/logo\/image\/\",\"url\":\"https:\/\/idakorea.ee\/wp-content\/uploads\/2024\/05\/cropped-korea3.png\",\"contentUrl\":\"https:\/\/idakorea.ee\/wp-content\/uploads\/2024\/05\/cropped-korea3.png\",\"width\":688,\"height\":126,\"caption\":\"IDA.KOREA\"},\"image\":{\"@id\":\"https:\/\/idakorea.ee\/#\/schema\/logo\/image\/\"},\"sameAs\":[\"https:\/\/www.instagram.com\/ida.korea\/\"]}]}<\/script>\n<!-- \/ Yoast SEO plugin. -->","yoast_head_json":{"title":"Unique mochi-style face cleanser Arencia Blue Hyssop Cleanser, 120g - IDA.KOREA","robots":{"index":"index","follow":"follow","max-snippet":"max-snippet:-1","max-image-preview":"max-image-preview:large","max-video-preview":"max-video-preview:-1"},"canonical":"https:\/\/idakorea.ee\/en\/product\/unikaalne-mochi-taoline-naopuhastaja-arencia-blue-hyssop-cleanser-120g\/","og_locale":"en_US","og_type":"article","og_title":"Unikaalne mochi-taoline n\u00e4opuhastaja Arencia Blue Hyssop Cleanser, 120g - IDA.KOREA","og_description":"Arencia Blue Hyssop Cleanser \u2013\u00a0 \u00f5rn ja t\u00f5hus n\u00e4opuhastaja puhastab nahka s\u00fcgavuti ning annab sellele terve ja s\u00e4rava jume. Looduslike koostisosade ja arenenud nahahooldusvalemiga see puhastusvahend tagab suurep\u00e4rased tulemused. Peamised eelised: Niisutav toime: Suurendab naha niiskustaset 45,87% ja 5,90% s\u00fcgavamates kihtides p\u00e4rast kasutamist. S\u00fcgavpuhastus: Eemaldab efektiivselt meigij\u00e4\u00e4gid ja peened mustuseosakesed pooridest, j\u00e4ttes naha v\u00e4rskeks ja...","og_url":"https:\/\/idakorea.ee\/en\/product\/unikaalne-mochi-taoline-naopuhastaja-arencia-blue-hyssop-cleanser-120g\/","og_site_name":"IDA.KOREA","article_modified_time":"2026-04-09T19:03:39+00:00","og_image":[{"width":800,"height":800,"url":"https:\/\/idakorea.ee\/wp-content\/uploads\/2025\/02\/arencia.royalblue.cleanser.jpg","type":"image\/jpeg"}],"twitter_card":"summary_large_image","twitter_misc":{"Est. reading time":"2 minutes"},"schema":{"@context":"https:\/\/schema.org","@graph":[{"@type":"WebPage","@id":"https:\/\/idakorea.ee\/product\/unikaalne-mochi-taoline-naopuhastaja-arencia-blue-hyssop-cleanser-120g\/","url":"https:\/\/idakorea.ee\/product\/unikaalne-mochi-taoline-naopuhastaja-arencia-blue-hyssop-cleanser-120g\/","name":"Unique mochi-style face cleanser Arencia Blue Hyssop Cleanser, 120g - IDA.KOREA","isPartOf":{"@id":"https:\/\/idakorea.ee\/#website"},"primaryImageOfPage":{"@id":"https:\/\/idakorea.ee\/product\/unikaalne-mochi-taoline-naopuhastaja-arencia-blue-hyssop-cleanser-120g\/#primaryimage"},"image":{"@id":"https:\/\/idakorea.ee\/product\/unikaalne-mochi-taoline-naopuhastaja-arencia-blue-hyssop-cleanser-120g\/#primaryimage"},"thumbnailUrl":"https:\/\/idakorea.ee\/wp-content\/uploads\/2025\/02\/arencia.royalblue.cleanser.jpg","datePublished":"2025-02-28T10:05:27+00:00","dateModified":"2026-04-09T19:03:39+00:00","breadcrumb":{"@id":"https:\/\/idakorea.ee\/product\/unikaalne-mochi-taoline-naopuhastaja-arencia-blue-hyssop-cleanser-120g\/#breadcrumb"},"inLanguage":"en-US","potentialAction":[{"@type":"ReadAction","target":["https:\/\/idakorea.ee\/product\/unikaalne-mochi-taoline-naopuhastaja-arencia-blue-hyssop-cleanser-120g\/"]}]},{"@type":"ImageObject","inLanguage":"en-US","@id":"https:\/\/idakorea.ee\/product\/unikaalne-mochi-taoline-naopuhastaja-arencia-blue-hyssop-cleanser-120g\/#primaryimage","url":"https:\/\/idakorea.ee\/wp-content\/uploads\/2025\/02\/arencia.royalblue.cleanser.jpg","contentUrl":"https:\/\/idakorea.ee\/wp-content\/uploads\/2025\/02\/arencia.royalblue.cleanser.jpg","width":800,"height":800},{"@type":"BreadcrumbList","@id":"https:\/\/idakorea.ee\/product\/unikaalne-mochi-taoline-naopuhastaja-arencia-blue-hyssop-cleanser-120g\/#breadcrumb","itemListElement":[{"@type":"ListItem","position":1,"name":"\u0413\u043b\u0430\u0432\u043d\u0430\u044f \u0441\u0442\u0440\u0430\u043d\u0438\u0446\u0430","item":"https:\/\/idakorea.ee\/"},{"@type":"ListItem","position":2,"name":"Shop","item":"https:\/\/idakorea.ee\/shop-2\/"},{"@type":"ListItem","position":3,"name":"Unikaalne mochi-taoline n\u00e4opuhastaja Arencia Blue Hyssop Cleanser, 120g"}]},{"@type":"WebSite","@id":"https:\/\/idakorea.ee\/#website","url":"https:\/\/idakorea.ee\/","name":"IDA.KOREA","description":"Korean cosmetics e-shop","publisher":{"@id":"https:\/\/idakorea.ee\/#organization"},"alternateName":"Beauty Shop","potentialAction":[{"@type":"SearchAction","target":{"@type":"EntryPoint","urlTemplate":"https:\/\/idakorea.ee\/?s={search_term_string}"},"query-input":{"@type":"PropertyValueSpecification","valueRequired":true,"valueName":"search_term_string"}}],"inLanguage":"en-US"},{"@type":"Organization","@id":"https:\/\/idakorea.ee\/#organization","name":"IDA.KOREA","url":"https:\/\/idakorea.ee\/","logo":{"@type":"ImageObject","inLanguage":"en-US","@id":"https:\/\/idakorea.ee\/#\/schema\/logo\/image\/","url":"https:\/\/idakorea.ee\/wp-content\/uploads\/2024\/05\/cropped-korea3.png","contentUrl":"https:\/\/idakorea.ee\/wp-content\/uploads\/2024\/05\/cropped-korea3.png","width":688,"height":126,"caption":"IDA.KOREA"},"image":{"@id":"https:\/\/idakorea.ee\/#\/schema\/logo\/image\/"},"sameAs":["https:\/\/www.instagram.com\/ida.korea\/"]}]}},"jetpack_sharing_enabled":true,"brands":[{"id":821,"name":"ARENCIA","slug":"arencia"}],"_links":{"self":[{"href":"https:\/\/idakorea.ee\/en\/wp-json\/wp\/v2\/product\/12914","targetHints":{"allow":["GET"]}}],"collection":[{"href":"https:\/\/idakorea.ee\/en\/wp-json\/wp\/v2\/product"}],"about":[{"href":"https:\/\/idakorea.ee\/en\/wp-json\/wp\/v2\/types\/product"}],"replies":[{"embeddable":true,"href":"https:\/\/idakorea.ee\/en\/wp-json\/wp\/v2\/comments?post=12914"}],"version-history":[{"count":2,"href":"https:\/\/idakorea.ee\/en\/wp-json\/wp\/v2\/product\/12914\/revisions"}],"predecessor-version":[{"id":12919,"href":"https:\/\/idakorea.ee\/en\/wp-json\/wp\/v2\/product\/12914\/revisions\/12919"}],"wp:featuredmedia":[{"embeddable":true,"href":"https:\/\/idakorea.ee\/en\/wp-json\/wp\/v2\/media\/12915"}],"wp:attachment":[{"href":"https:\/\/idakorea.ee\/en\/wp-json\/wp\/v2\/media?parent=12914"}],"wp:term":[{"taxonomy":"pwb-brand","embeddable":true,"href":"https:\/\/idakorea.ee\/en\/wp-json\/wp\/v2\/pwb-brand?post=12914"},{"taxonomy":"product_brand","embeddable":true,"href":"https:\/\/idakorea.ee\/en\/wp-json\/wp\/v2\/product_brand?post=12914"},{"taxonomy":"product_cat","embeddable":true,"href":"https:\/\/idakorea.ee\/en\/wp-json\/wp\/v2\/product_cat?post=12914"},{"taxonomy":"product_tag","embeddable":true,"href":"https:\/\/idakorea.ee\/en\/wp-json\/wp\/v2\/product_tag?post=12914"}],"curies":[{"name":"wp","href":"https:\/\/api.w.org\/{rel}","templated":true}]}}