{"id":12927,"date":"2025-03-03T14:37:55","date_gmt":"2025-03-03T12:37:55","guid":{"rendered":"https:\/\/idakorea.ee\/?post_type=product&#038;p=12927"},"modified":"2026-03-24T13:56:34","modified_gmt":"2026-03-24T11:56:34","slug":"medicube-collagen-lifting-mask","status":"publish","type":"product","link":"https:\/\/idakorea.ee\/en\/product\/medicube-collagen-lifting-mask\/","title":{"rendered":"Rejuvenating fabric mask Medicube Collagen Lifting Mask"},"content":{"rendered":"<p><strong>Medicube Collagen Lifting Mask<\/strong> helps to quickly restore the skin's radiant, healthy and rested look, reduce signs of fatigue and give a fresh and vibrant appearance.<\/p>\n<p>The mask tightens the skin, tightens enlarged pores and reduces the appearance of wrinkles around the eyes and lips, slowing down the ageing process. It also prevents skin dryness, strengthens the protective barrier and reduces sensitivity to external irritants.<\/p>\n<p>The main ingredient of the mask is hydrolysed collagen, which softens the skin, improves its texture and provides long-lasting hydration.<\/p>\n<p>The texture of this mask adheres perfectly to the face, helping the active ingredients to penetrate deep into the skin. Regular use reduces the visibility of fine lines and wrinkles, and leaves the skin firmer and fresher.<\/p>\n<p>&nbsp;<\/p>\n<p>Suitable for all skin types.<\/p>\n<p><strong>Usage: <\/strong>Remove the mask from the packaging and place it on previously cleansed and toned skin. Leave on for 15-20 minutes. Then remove the mask and massage gently to allow the moisturising serum to fully absorb. Rinsing is not necessary.<\/p>","protected":false},"excerpt":{"rendered":"<p>The Medicube Collagen Lifting Mask helps to quickly restore a radiant, healthy and rested appearance, reduce signs of fatigue and give skin a fresh and vibrant appearance. The mask tightens the skin, tightens enlarged pores and reduces the appearance of wrinkles around the eyes and lips, slowing down the ageing process. It also prevents skin dryness, strengthens the protective barrier and reduces sensitivity to external irritants. The mask's main ingredient...<\/p>","protected":false},"featured_media":12928,"comment_status":"open","ping_status":"closed","template":"","meta":{"_uf_show_specific_survey":0,"_uf_disable_surveys":false,"_bst_post_transparent":"default","_bst_post_title":"","_bst_post_layout":"default","_bst_post_sidebar_id":"","_bst_post_content_style":"default","_bst_post_vertical_padding":"default","_bst_post_feature":"","_bst_post_feature_position":"","_bst_post_header":false,"_bst_post_footer":false},"pwb-brand":[490],"product_brand":[],"product_cat":[92,98],"product_tag":[721],"class_list":{"0":"post-12927","1":"product","2":"type-product","3":"status-publish","4":"has-post-thumbnail","6":"pwb-brand-medicube","7":"product_cat-nagu","8":"product_cat-naomaskid","9":"product_tag-medicube","11":"first","12":"instock","13":"sale","14":"shipping-taxable","15":"purchasable","16":"product-type-simple","17":"entry","18":"content-bg","19":"loop-entry"},"supplier_id":null,"supplier_sku":"","barcode":null,"atum_controlled":true,"out_stock_date":null,"out_stock_threshold":null,"inheritable":false,"inbound_stock":0,"stock_on_hold":0,"sold_today":0,"sales_last_days":2,"out_stock_days":0,"lost_sales":0,"has_location":false,"update_date":"2026-04-14T00:05:10","atum_locations":[],"atum_stock_status":"instock","restock_status":false,"low_stock_amount":"","sales_update_date":"2026-04-14T00:05:10","calc_backorders":null,"yoast_head":"<!-- This site is optimized with the Yoast SEO plugin v27.2 - https:\/\/yoast.com\/product\/yoast-seo-wordpress\/ -->\n<title>Noorendav kangasmask Medicube Collagen Lifting Mask - IDA.KOREA<\/title>\n<meta name=\"description\" content=\"Medicube Collagen Lifting Mask peamine koostisosa on h\u00fcdrol\u00fc\u00fcsitud kollageen, mis pehmendab nahka, parandab selle tekstuuri ja tagab pikaajalise niisutuse.\" \/>\n<meta name=\"robots\" content=\"index, follow, max-snippet:-1, max-image-preview:large, max-video-preview:-1\" \/>\n<link rel=\"canonical\" href=\"https:\/\/idakorea.ee\/en\/product\/medicube-collagen-lifting-mask\/\" \/>\n<meta property=\"og:locale\" content=\"en_US\" \/>\n<meta property=\"og:type\" content=\"article\" \/>\n<meta property=\"og:title\" content=\"Noorendav kangasmask Medicube Collagen Lifting Mask - IDA.KOREA\" \/>\n<meta property=\"og:description\" content=\"Medicube Collagen Lifting Mask peamine koostisosa on h\u00fcdrol\u00fc\u00fcsitud kollageen, mis pehmendab nahka, parandab selle tekstuuri ja tagab pikaajalise niisutuse.\" \/>\n<meta property=\"og:url\" content=\"https:\/\/idakorea.ee\/en\/product\/medicube-collagen-lifting-mask\/\" \/>\n<meta property=\"og:site_name\" content=\"IDA.KOREA\" \/>\n<meta property=\"article:modified_time\" content=\"2026-03-24T11:56:34+00:00\" \/>\n<meta property=\"og:image\" content=\"https:\/\/idakorea.ee\/wp-content\/uploads\/2025\/03\/medicube.collagen.mask_.jpg\" \/>\n\t<meta property=\"og:image:width\" content=\"800\" \/>\n\t<meta property=\"og:image:height\" content=\"800\" \/>\n\t<meta property=\"og:image:type\" content=\"image\/jpeg\" \/>\n<meta name=\"twitter:card\" content=\"summary_large_image\" \/>\n<meta name=\"twitter:label1\" content=\"Est. reading time\" \/>\n\t<meta name=\"twitter:data1\" content=\"1 minute\" \/>\n<script type=\"application\/ld+json\" class=\"yoast-schema-graph\">{\"@context\":\"https:\/\/schema.org\",\"@graph\":[{\"@type\":\"WebPage\",\"@id\":\"https:\/\/idakorea.ee\/product\/medicube-collagen-lifting-mask\/\",\"url\":\"https:\/\/idakorea.ee\/product\/medicube-collagen-lifting-mask\/\",\"name\":\"Noorendav kangasmask Medicube Collagen Lifting Mask - IDA.KOREA\",\"isPartOf\":{\"@id\":\"https:\/\/idakorea.ee\/#website\"},\"primaryImageOfPage\":{\"@id\":\"https:\/\/idakorea.ee\/product\/medicube-collagen-lifting-mask\/#primaryimage\"},\"image\":{\"@id\":\"https:\/\/idakorea.ee\/product\/medicube-collagen-lifting-mask\/#primaryimage\"},\"thumbnailUrl\":\"https:\/\/idakorea.ee\/wp-content\/uploads\/2025\/03\/medicube.collagen.mask_.jpg\",\"datePublished\":\"2025-03-03T12:37:55+00:00\",\"dateModified\":\"2026-03-24T11:56:34+00:00\",\"description\":\"Medicube Collagen Lifting Mask peamine koostisosa on h\u00fcdrol\u00fc\u00fcsitud kollageen, mis pehmendab nahka, parandab selle tekstuuri ja tagab pikaajalise niisutuse.\",\"breadcrumb\":{\"@id\":\"https:\/\/idakorea.ee\/product\/medicube-collagen-lifting-mask\/#breadcrumb\"},\"inLanguage\":\"en-US\",\"potentialAction\":[{\"@type\":\"ReadAction\",\"target\":[\"https:\/\/idakorea.ee\/product\/medicube-collagen-lifting-mask\/\"]}]},{\"@type\":\"ImageObject\",\"inLanguage\":\"en-US\",\"@id\":\"https:\/\/idakorea.ee\/product\/medicube-collagen-lifting-mask\/#primaryimage\",\"url\":\"https:\/\/idakorea.ee\/wp-content\/uploads\/2025\/03\/medicube.collagen.mask_.jpg\",\"contentUrl\":\"https:\/\/idakorea.ee\/wp-content\/uploads\/2025\/03\/medicube.collagen.mask_.jpg\",\"width\":800,\"height\":800},{\"@type\":\"BreadcrumbList\",\"@id\":\"https:\/\/idakorea.ee\/product\/medicube-collagen-lifting-mask\/#breadcrumb\",\"itemListElement\":[{\"@type\":\"ListItem\",\"position\":1,\"name\":\"\u0413\u043b\u0430\u0432\u043d\u0430\u044f \u0441\u0442\u0440\u0430\u043d\u0438\u0446\u0430\",\"item\":\"https:\/\/idakorea.ee\/\"},{\"@type\":\"ListItem\",\"position\":2,\"name\":\"Shop\",\"item\":\"https:\/\/idakorea.ee\/shop-2\/\"},{\"@type\":\"ListItem\",\"position\":3,\"name\":\"Noorendav kangasmask Medicube Collagen Lifting Mask\"}]},{\"@type\":\"WebSite\",\"@id\":\"https:\/\/idakorea.ee\/#website\",\"url\":\"https:\/\/idakorea.ee\/\",\"name\":\"IDA.KOREA\",\"description\":\"Korea kosmeetika e-pood\",\"publisher\":{\"@id\":\"https:\/\/idakorea.ee\/#organization\"},\"alternateName\":\"Beauty Shop\",\"potentialAction\":[{\"@type\":\"SearchAction\",\"target\":{\"@type\":\"EntryPoint\",\"urlTemplate\":\"https:\/\/idakorea.ee\/?s={search_term_string}\"},\"query-input\":{\"@type\":\"PropertyValueSpecification\",\"valueRequired\":true,\"valueName\":\"search_term_string\"}}],\"inLanguage\":\"en-US\"},{\"@type\":\"Organization\",\"@id\":\"https:\/\/idakorea.ee\/#organization\",\"name\":\"IDA.KOREA\",\"url\":\"https:\/\/idakorea.ee\/\",\"logo\":{\"@type\":\"ImageObject\",\"inLanguage\":\"en-US\",\"@id\":\"https:\/\/idakorea.ee\/#\/schema\/logo\/image\/\",\"url\":\"https:\/\/idakorea.ee\/wp-content\/uploads\/2024\/05\/cropped-korea3.png\",\"contentUrl\":\"https:\/\/idakorea.ee\/wp-content\/uploads\/2024\/05\/cropped-korea3.png\",\"width\":688,\"height\":126,\"caption\":\"IDA.KOREA\"},\"image\":{\"@id\":\"https:\/\/idakorea.ee\/#\/schema\/logo\/image\/\"},\"sameAs\":[\"https:\/\/www.instagram.com\/ida.korea\/\"]}]}<\/script>\n<!-- \/ Yoast SEO plugin. -->","yoast_head_json":{"title":"Medicube Collagen Lifting Mask - IDA.KOREA","description":"Medicube Collagen Lifting Mask's main ingredient is hydrolysed collagen, which softens the skin, improves its texture and provides long-lasting hydration.","robots":{"index":"index","follow":"follow","max-snippet":"max-snippet:-1","max-image-preview":"max-image-preview:large","max-video-preview":"max-video-preview:-1"},"canonical":"https:\/\/idakorea.ee\/en\/product\/medicube-collagen-lifting-mask\/","og_locale":"en_US","og_type":"article","og_title":"Noorendav kangasmask Medicube Collagen Lifting Mask - IDA.KOREA","og_description":"Medicube Collagen Lifting Mask peamine koostisosa on h\u00fcdrol\u00fc\u00fcsitud kollageen, mis pehmendab nahka, parandab selle tekstuuri ja tagab pikaajalise niisutuse.","og_url":"https:\/\/idakorea.ee\/en\/product\/medicube-collagen-lifting-mask\/","og_site_name":"IDA.KOREA","article_modified_time":"2026-03-24T11:56:34+00:00","og_image":[{"width":800,"height":800,"url":"https:\/\/idakorea.ee\/wp-content\/uploads\/2025\/03\/medicube.collagen.mask_.jpg","type":"image\/jpeg"}],"twitter_card":"summary_large_image","twitter_misc":{"Est. reading time":"1 minute"},"schema":{"@context":"https:\/\/schema.org","@graph":[{"@type":"WebPage","@id":"https:\/\/idakorea.ee\/product\/medicube-collagen-lifting-mask\/","url":"https:\/\/idakorea.ee\/product\/medicube-collagen-lifting-mask\/","name":"Medicube Collagen Lifting Mask - IDA.KOREA","isPartOf":{"@id":"https:\/\/idakorea.ee\/#website"},"primaryImageOfPage":{"@id":"https:\/\/idakorea.ee\/product\/medicube-collagen-lifting-mask\/#primaryimage"},"image":{"@id":"https:\/\/idakorea.ee\/product\/medicube-collagen-lifting-mask\/#primaryimage"},"thumbnailUrl":"https:\/\/idakorea.ee\/wp-content\/uploads\/2025\/03\/medicube.collagen.mask_.jpg","datePublished":"2025-03-03T12:37:55+00:00","dateModified":"2026-03-24T11:56:34+00:00","description":"Medicube Collagen Lifting Mask's main ingredient is hydrolysed collagen, which softens the skin, improves its texture and provides long-lasting hydration.","breadcrumb":{"@id":"https:\/\/idakorea.ee\/product\/medicube-collagen-lifting-mask\/#breadcrumb"},"inLanguage":"en-US","potentialAction":[{"@type":"ReadAction","target":["https:\/\/idakorea.ee\/product\/medicube-collagen-lifting-mask\/"]}]},{"@type":"ImageObject","inLanguage":"en-US","@id":"https:\/\/idakorea.ee\/product\/medicube-collagen-lifting-mask\/#primaryimage","url":"https:\/\/idakorea.ee\/wp-content\/uploads\/2025\/03\/medicube.collagen.mask_.jpg","contentUrl":"https:\/\/idakorea.ee\/wp-content\/uploads\/2025\/03\/medicube.collagen.mask_.jpg","width":800,"height":800},{"@type":"BreadcrumbList","@id":"https:\/\/idakorea.ee\/product\/medicube-collagen-lifting-mask\/#breadcrumb","itemListElement":[{"@type":"ListItem","position":1,"name":"\u0413\u043b\u0430\u0432\u043d\u0430\u044f \u0441\u0442\u0440\u0430\u043d\u0438\u0446\u0430","item":"https:\/\/idakorea.ee\/"},{"@type":"ListItem","position":2,"name":"Shop","item":"https:\/\/idakorea.ee\/shop-2\/"},{"@type":"ListItem","position":3,"name":"Noorendav kangasmask Medicube Collagen Lifting Mask"}]},{"@type":"WebSite","@id":"https:\/\/idakorea.ee\/#website","url":"https:\/\/idakorea.ee\/","name":"IDA.KOREA","description":"Korean cosmetics e-shop","publisher":{"@id":"https:\/\/idakorea.ee\/#organization"},"alternateName":"Beauty Shop","potentialAction":[{"@type":"SearchAction","target":{"@type":"EntryPoint","urlTemplate":"https:\/\/idakorea.ee\/?s={search_term_string}"},"query-input":{"@type":"PropertyValueSpecification","valueRequired":true,"valueName":"search_term_string"}}],"inLanguage":"en-US"},{"@type":"Organization","@id":"https:\/\/idakorea.ee\/#organization","name":"IDA.KOREA","url":"https:\/\/idakorea.ee\/","logo":{"@type":"ImageObject","inLanguage":"en-US","@id":"https:\/\/idakorea.ee\/#\/schema\/logo\/image\/","url":"https:\/\/idakorea.ee\/wp-content\/uploads\/2024\/05\/cropped-korea3.png","contentUrl":"https:\/\/idakorea.ee\/wp-content\/uploads\/2024\/05\/cropped-korea3.png","width":688,"height":126,"caption":"IDA.KOREA"},"image":{"@id":"https:\/\/idakorea.ee\/#\/schema\/logo\/image\/"},"sameAs":["https:\/\/www.instagram.com\/ida.korea\/"]}]}},"jetpack_sharing_enabled":true,"brands":[{"id":490,"name":"MEDICUBE","slug":"medicube"}],"_links":{"self":[{"href":"https:\/\/idakorea.ee\/en\/wp-json\/wp\/v2\/product\/12927","targetHints":{"allow":["GET"]}}],"collection":[{"href":"https:\/\/idakorea.ee\/en\/wp-json\/wp\/v2\/product"}],"about":[{"href":"https:\/\/idakorea.ee\/en\/wp-json\/wp\/v2\/types\/product"}],"replies":[{"embeddable":true,"href":"https:\/\/idakorea.ee\/en\/wp-json\/wp\/v2\/comments?post=12927"}],"version-history":[{"count":1,"href":"https:\/\/idakorea.ee\/en\/wp-json\/wp\/v2\/product\/12927\/revisions"}],"predecessor-version":[{"id":12930,"href":"https:\/\/idakorea.ee\/en\/wp-json\/wp\/v2\/product\/12927\/revisions\/12930"}],"wp:featuredmedia":[{"embeddable":true,"href":"https:\/\/idakorea.ee\/en\/wp-json\/wp\/v2\/media\/12928"}],"wp:attachment":[{"href":"https:\/\/idakorea.ee\/en\/wp-json\/wp\/v2\/media?parent=12927"}],"wp:term":[{"taxonomy":"pwb-brand","embeddable":true,"href":"https:\/\/idakorea.ee\/en\/wp-json\/wp\/v2\/pwb-brand?post=12927"},{"taxonomy":"product_brand","embeddable":true,"href":"https:\/\/idakorea.ee\/en\/wp-json\/wp\/v2\/product_brand?post=12927"},{"taxonomy":"product_cat","embeddable":true,"href":"https:\/\/idakorea.ee\/en\/wp-json\/wp\/v2\/product_cat?post=12927"},{"taxonomy":"product_tag","embeddable":true,"href":"https:\/\/idakorea.ee\/en\/wp-json\/wp\/v2\/product_tag?post=12927"}],"curies":[{"name":"wp","href":"https:\/\/api.w.org\/{rel}","templated":true}]}}