{"id":12931,"date":"2025-03-03T15:19:50","date_gmt":"2025-03-03T13:19:50","guid":{"rendered":"https:\/\/idakorea.ee\/?post_type=product&#038;p=12931"},"modified":"2026-02-25T11:14:42","modified_gmt":"2026-02-25T09:14:42","slug":"rahustav-reisikomplekt-manni-ja-centella-ekstraktidega-round-lab-pine-calming-cica-trial-kit","status":"publish","type":"product","link":"https:\/\/idakorea.ee\/en\/product\/rahustav-reisikomplekt-manni-ja-centella-ekstraktidega-round-lab-pine-calming-cica-trial-kit\/","title":{"rendered":"Calming Travel Kit with Pine and Centella Extracts Round Lab Pine Calming Cats Trial Kit"},"content":{"rendered":"<p data-start=\"102\" data-end=\"328\"><strong>Round Lab Pine Calming Kitty Trial Kit<\/strong> is the perfect opportunity to discover the soothing and restorative properties of this range. The kit soothes irritation and inflammation, speeds up acne healing and supports skin health and recovery.<\/p>\n<p data-start=\"330\" data-end=\"449\">The mini products are handy to take with you on your travels or to the gym - they fit easily into any cosmetic bag.<\/p>\n<p data-start=\"451\" data-end=\"476\"><strong data-start=\"451\" data-end=\"474\">The kit includes:<\/strong><\/p>\n<ul data-start=\"478\" data-end=\"1605\">\n<li data-start=\"478\" data-end=\"767\"><strong data-start=\"480\" data-end=\"518\">Pine Calming Kitty Cleanser (30 ml)<\/strong> - cleansing foam with pine and centella extracts that removes dirt and excess oil, gently exfoliates dead skin cells and softens the skin. It has an antibacterial action that inhibits the growth of harmful bacteria and supports the balance of the skin's microbiome.<\/li>\n<li data-start=\"768\" data-end=\"1020\"><strong data-start=\"770\" data-end=\"805\">Pine Calming Kitty Toner (20 ml)<\/strong> - tonic with pine and centella extracts to reduce inflammation and bacterial proliferation, accelerate acne and irritation healing. The mild acidic composition gently exfoliates, regulates oil production and evens skin texture.<\/li>\n<li data-start=\"1021\" data-end=\"1292\"><strong data-start=\"1023\" data-end=\"1060\">Pine Calming Cica Ampoule (10 ml)<\/strong> - a concentrated ampoule that soothes, moisturises and strengthens the skin's natural protective barrier. Improves the skin's condition in cases of acne, rosacea and inflammation and protects against environmental effects such as UV rays and temperature changes.<\/li>\n<li data-start=\"1293\" data-end=\"1605\"><strong data-start=\"1295\" data-end=\"1330\">Pine Calming Kitty Cream (20 ml)<\/strong> - a light but deeply moisturising cream that soothes and restores the skin, accelerates the healing of irritations and supports regeneration. The hypoallergenic and slightly acidic formula does not damage the skin's natural barrier and prevents dryness and flaking. Also suitable for sensitive skin.<\/li>\n<\/ul>\n<p data-start=\"1607\" data-end=\"1633\"><strong data-start=\"1607\" data-end=\"1631\">Main active ingredients:<\/strong><\/p>\n<ul data-start=\"1635\" data-end=\"2486\">\n<li data-start=\"1635\" data-end=\"1896\"><strong data-start=\"1637\" data-end=\"1658\">Pine Cica Activer<\/strong> - a proprietary complex containing extracts of pine and centella, asiaticoside, madecassoside, asiatic acid, madecassic acid and glycoproteins. Reduces inflammation and redness, strengthens blood vessel walls and increases skin elasticity.<\/li>\n<li data-start=\"1897\" data-end=\"2081\"><strong data-start=\"1899\" data-end=\"1933\">Capriloyl salicylic acid (LHA)<\/strong> - A gentler analogue of BHA acid, with larger molecules for a milder effect on the skin. Cleanses pores, lightens sebum threads and prevents bruising.<\/li>\n<li data-start=\"2082\" data-end=\"2232\"><strong data-start=\"2084\" data-end=\"2110\">3 types of hyaluronic acid<\/strong>, which penetrate deep into the layers of the skin, bind moisture and form a protective layer that prevents moisture evaporation.<\/li>\n<li data-start=\"2233\" data-end=\"2362\"><strong data-start=\"2235\" data-end=\"2259\">Namesake leaf extract<\/strong> - heals the skin, soothes inflammation and regulates oil secretion, leaving skin silky and smooth.<\/li>\n<li data-start=\"2363\" data-end=\"2486\"><strong data-start=\"2365\" data-end=\"2389\">Cocoa seed extract<\/strong> - tones, reduces swelling, supports skin healing and has a strong antioxidant effect.<\/li>\n<\/ul>\n<p>Suitable for combination, oily and problem skin.<\/p>\n<p data-start=\"2549\" data-end=\"2704\" data-is-last-node=\"\" data-is-only-node=\"\"><strong data-start=\"2549\" data-end=\"2564\">Usage: <\/strong>Cleanse your face with cleansing foam, then apply the toner to your skin with a cotton pad. Gently massage in the ampoule and finish with a moisturiser.<\/p>","protected":false},"excerpt":{"rendered":"<p>The Round Lab Pine Calming Cats Trial Kit is the perfect way to experience the calming and restorative properties of this range. The kit soothes irritation and inflammation, accelerates acne healing and supports skin health and recovery. Convenient to take with you on your travels or to the gym, the mini products fit easily into any cosmetic bag. The set includes: Pine Calming Kitty Cleanser (30 ml)....<\/p>","protected":false},"featured_media":12932,"comment_status":"open","ping_status":"closed","template":"","meta":{"_uf_show_specific_survey":0,"_uf_disable_surveys":false,"_bst_post_transparent":"default","_bst_post_title":"","_bst_post_layout":"default","_bst_post_sidebar_id":"","_bst_post_content_style":"default","_bst_post_vertical_padding":"default","_bst_post_feature":"","_bst_post_feature_position":"","_bst_post_header":false,"_bst_post_footer":false},"pwb-brand":[645],"product_brand":[],"product_cat":[95],"product_tag":[],"class_list":{"0":"post-12931","1":"product","2":"type-product","3":"status-publish","4":"has-post-thumbnail","6":"pwb-brand-round-lab","7":"product_cat-komplektid","9":"first","10":"instock","11":"sale","12":"shipping-taxable","13":"purchasable","14":"product-type-simple","15":"entry","16":"content-bg","17":"loop-entry"},"supplier_id":null,"supplier_sku":"","barcode":null,"atum_controlled":true,"out_stock_date":null,"out_stock_threshold":null,"inheritable":false,"inbound_stock":0,"stock_on_hold":0,"sold_today":0,"sales_last_days":0,"out_stock_days":0,"lost_sales":0,"has_location":false,"update_date":"2026-04-14T00:05:07","atum_locations":[],"atum_stock_status":"instock","restock_status":false,"low_stock_amount":"","sales_update_date":"2026-04-14T00:05:07","calc_backorders":null,"yoast_head":"<!-- This site is optimized with the Yoast SEO plugin v27.2 - https:\/\/yoast.com\/product\/yoast-seo-wordpress\/ -->\n<title>Rahustav reisikomplekt m\u00e4nni ja centella ekstraktidega Round Lab Pine Calming Cica Trial Kit - IDA.KOREA<\/title>\n<meta name=\"robots\" content=\"index, follow, max-snippet:-1, max-image-preview:large, max-video-preview:-1\" \/>\n<link rel=\"canonical\" href=\"https:\/\/idakorea.ee\/en\/product\/rahustav-reisikomplekt-manni-ja-centella-ekstraktidega-round-lab-pine-calming-cica-trial-kit\/\" \/>\n<meta property=\"og:locale\" content=\"en_US\" \/>\n<meta property=\"og:type\" content=\"article\" \/>\n<meta property=\"og:title\" content=\"Rahustav reisikomplekt m\u00e4nni ja centella ekstraktidega Round Lab Pine Calming Cica Trial Kit - IDA.KOREA\" \/>\n<meta property=\"og:description\" content=\"Round Lab Pine Calming Cica Trial Kit on ideaalne v\u00f5imalus tutvuda selle sarja rahustavate ja taastavate omadustega. Komplekt leevendab \u00e4rritust ja p\u00f5letikke, kiirendab akne paranemist ning toetab naha tervist ja taastumist. Minitooteid on mugav kaasa v\u00f5tta nii reisidele kui ka spordiklubisse \u2013 need mahuvad h\u00f5lpsasti igasse kosmeetikakotti. Komplekti kuuluvad: Pine Calming Cica Cleanser (30 ml)...\" \/>\n<meta property=\"og:url\" content=\"https:\/\/idakorea.ee\/en\/product\/rahustav-reisikomplekt-manni-ja-centella-ekstraktidega-round-lab-pine-calming-cica-trial-kit\/\" \/>\n<meta property=\"og:site_name\" content=\"IDA.KOREA\" \/>\n<meta property=\"article:modified_time\" content=\"2026-02-25T09:14:42+00:00\" \/>\n<meta property=\"og:image\" content=\"https:\/\/idakorea.ee\/wp-content\/uploads\/2025\/03\/pine.calming.cica_.round_.lab_.jpg\" \/>\n\t<meta property=\"og:image:width\" content=\"1000\" \/>\n\t<meta property=\"og:image:height\" content=\"1000\" \/>\n\t<meta property=\"og:image:type\" content=\"image\/jpeg\" \/>\n<meta name=\"twitter:card\" content=\"summary_large_image\" \/>\n<meta name=\"twitter:label1\" content=\"Est. reading time\" \/>\n\t<meta name=\"twitter:data1\" content=\"2 minutes\" \/>\n<script type=\"application\/ld+json\" class=\"yoast-schema-graph\">{\"@context\":\"https:\/\/schema.org\",\"@graph\":[{\"@type\":\"WebPage\",\"@id\":\"https:\/\/idakorea.ee\/product\/rahustav-reisikomplekt-manni-ja-centella-ekstraktidega-round-lab-pine-calming-cica-trial-kit\/\",\"url\":\"https:\/\/idakorea.ee\/product\/rahustav-reisikomplekt-manni-ja-centella-ekstraktidega-round-lab-pine-calming-cica-trial-kit\/\",\"name\":\"Rahustav reisikomplekt m\u00e4nni ja centella ekstraktidega Round Lab Pine Calming Cica Trial Kit - IDA.KOREA\",\"isPartOf\":{\"@id\":\"https:\/\/idakorea.ee\/#website\"},\"primaryImageOfPage\":{\"@id\":\"https:\/\/idakorea.ee\/product\/rahustav-reisikomplekt-manni-ja-centella-ekstraktidega-round-lab-pine-calming-cica-trial-kit\/#primaryimage\"},\"image\":{\"@id\":\"https:\/\/idakorea.ee\/product\/rahustav-reisikomplekt-manni-ja-centella-ekstraktidega-round-lab-pine-calming-cica-trial-kit\/#primaryimage\"},\"thumbnailUrl\":\"https:\/\/idakorea.ee\/wp-content\/uploads\/2025\/03\/pine.calming.cica_.round_.lab_.jpg\",\"datePublished\":\"2025-03-03T13:19:50+00:00\",\"dateModified\":\"2026-02-25T09:14:42+00:00\",\"breadcrumb\":{\"@id\":\"https:\/\/idakorea.ee\/product\/rahustav-reisikomplekt-manni-ja-centella-ekstraktidega-round-lab-pine-calming-cica-trial-kit\/#breadcrumb\"},\"inLanguage\":\"en-US\",\"potentialAction\":[{\"@type\":\"ReadAction\",\"target\":[\"https:\/\/idakorea.ee\/product\/rahustav-reisikomplekt-manni-ja-centella-ekstraktidega-round-lab-pine-calming-cica-trial-kit\/\"]}]},{\"@type\":\"ImageObject\",\"inLanguage\":\"en-US\",\"@id\":\"https:\/\/idakorea.ee\/product\/rahustav-reisikomplekt-manni-ja-centella-ekstraktidega-round-lab-pine-calming-cica-trial-kit\/#primaryimage\",\"url\":\"https:\/\/idakorea.ee\/wp-content\/uploads\/2025\/03\/pine.calming.cica_.round_.lab_.jpg\",\"contentUrl\":\"https:\/\/idakorea.ee\/wp-content\/uploads\/2025\/03\/pine.calming.cica_.round_.lab_.jpg\",\"width\":1000,\"height\":1000},{\"@type\":\"BreadcrumbList\",\"@id\":\"https:\/\/idakorea.ee\/product\/rahustav-reisikomplekt-manni-ja-centella-ekstraktidega-round-lab-pine-calming-cica-trial-kit\/#breadcrumb\",\"itemListElement\":[{\"@type\":\"ListItem\",\"position\":1,\"name\":\"\u0413\u043b\u0430\u0432\u043d\u0430\u044f \u0441\u0442\u0440\u0430\u043d\u0438\u0446\u0430\",\"item\":\"https:\/\/idakorea.ee\/\"},{\"@type\":\"ListItem\",\"position\":2,\"name\":\"Shop\",\"item\":\"https:\/\/idakorea.ee\/shop-2\/\"},{\"@type\":\"ListItem\",\"position\":3,\"name\":\"Rahustav reisikomplekt m\u00e4nni ja centella ekstraktidega Round Lab Pine Calming Cica Trial Kit\"}]},{\"@type\":\"WebSite\",\"@id\":\"https:\/\/idakorea.ee\/#website\",\"url\":\"https:\/\/idakorea.ee\/\",\"name\":\"IDA.KOREA\",\"description\":\"Korea kosmeetika e-pood\",\"publisher\":{\"@id\":\"https:\/\/idakorea.ee\/#organization\"},\"alternateName\":\"Beauty Shop\",\"potentialAction\":[{\"@type\":\"SearchAction\",\"target\":{\"@type\":\"EntryPoint\",\"urlTemplate\":\"https:\/\/idakorea.ee\/?s={search_term_string}\"},\"query-input\":{\"@type\":\"PropertyValueSpecification\",\"valueRequired\":true,\"valueName\":\"search_term_string\"}}],\"inLanguage\":\"en-US\"},{\"@type\":\"Organization\",\"@id\":\"https:\/\/idakorea.ee\/#organization\",\"name\":\"IDA.KOREA\",\"url\":\"https:\/\/idakorea.ee\/\",\"logo\":{\"@type\":\"ImageObject\",\"inLanguage\":\"en-US\",\"@id\":\"https:\/\/idakorea.ee\/#\/schema\/logo\/image\/\",\"url\":\"https:\/\/idakorea.ee\/wp-content\/uploads\/2024\/05\/cropped-korea3.png\",\"contentUrl\":\"https:\/\/idakorea.ee\/wp-content\/uploads\/2024\/05\/cropped-korea3.png\",\"width\":688,\"height\":126,\"caption\":\"IDA.KOREA\"},\"image\":{\"@id\":\"https:\/\/idakorea.ee\/#\/schema\/logo\/image\/\"},\"sameAs\":[\"https:\/\/www.instagram.com\/ida.korea\/\"]}]}<\/script>\n<!-- \/ Yoast SEO plugin. -->","yoast_head_json":{"title":"Calming Travel Kit with Pine and Centella Extracts Round Lab Pine Calming Cats Trial Kit - IDA.KOREA","robots":{"index":"index","follow":"follow","max-snippet":"max-snippet:-1","max-image-preview":"max-image-preview:large","max-video-preview":"max-video-preview:-1"},"canonical":"https:\/\/idakorea.ee\/en\/product\/rahustav-reisikomplekt-manni-ja-centella-ekstraktidega-round-lab-pine-calming-cica-trial-kit\/","og_locale":"en_US","og_type":"article","og_title":"Rahustav reisikomplekt m\u00e4nni ja centella ekstraktidega Round Lab Pine Calming Cica Trial Kit - IDA.KOREA","og_description":"Round Lab Pine Calming Cica Trial Kit on ideaalne v\u00f5imalus tutvuda selle sarja rahustavate ja taastavate omadustega. Komplekt leevendab \u00e4rritust ja p\u00f5letikke, kiirendab akne paranemist ning toetab naha tervist ja taastumist. Minitooteid on mugav kaasa v\u00f5tta nii reisidele kui ka spordiklubisse \u2013 need mahuvad h\u00f5lpsasti igasse kosmeetikakotti. Komplekti kuuluvad: Pine Calming Cica Cleanser (30 ml)...","og_url":"https:\/\/idakorea.ee\/en\/product\/rahustav-reisikomplekt-manni-ja-centella-ekstraktidega-round-lab-pine-calming-cica-trial-kit\/","og_site_name":"IDA.KOREA","article_modified_time":"2026-02-25T09:14:42+00:00","og_image":[{"width":1000,"height":1000,"url":"https:\/\/idakorea.ee\/wp-content\/uploads\/2025\/03\/pine.calming.cica_.round_.lab_.jpg","type":"image\/jpeg"}],"twitter_card":"summary_large_image","twitter_misc":{"Est. reading time":"2 minutes"},"schema":{"@context":"https:\/\/schema.org","@graph":[{"@type":"WebPage","@id":"https:\/\/idakorea.ee\/product\/rahustav-reisikomplekt-manni-ja-centella-ekstraktidega-round-lab-pine-calming-cica-trial-kit\/","url":"https:\/\/idakorea.ee\/product\/rahustav-reisikomplekt-manni-ja-centella-ekstraktidega-round-lab-pine-calming-cica-trial-kit\/","name":"Calming Travel Kit with Pine and Centella Extracts Round Lab Pine Calming Cats Trial Kit - IDA.KOREA","isPartOf":{"@id":"https:\/\/idakorea.ee\/#website"},"primaryImageOfPage":{"@id":"https:\/\/idakorea.ee\/product\/rahustav-reisikomplekt-manni-ja-centella-ekstraktidega-round-lab-pine-calming-cica-trial-kit\/#primaryimage"},"image":{"@id":"https:\/\/idakorea.ee\/product\/rahustav-reisikomplekt-manni-ja-centella-ekstraktidega-round-lab-pine-calming-cica-trial-kit\/#primaryimage"},"thumbnailUrl":"https:\/\/idakorea.ee\/wp-content\/uploads\/2025\/03\/pine.calming.cica_.round_.lab_.jpg","datePublished":"2025-03-03T13:19:50+00:00","dateModified":"2026-02-25T09:14:42+00:00","breadcrumb":{"@id":"https:\/\/idakorea.ee\/product\/rahustav-reisikomplekt-manni-ja-centella-ekstraktidega-round-lab-pine-calming-cica-trial-kit\/#breadcrumb"},"inLanguage":"en-US","potentialAction":[{"@type":"ReadAction","target":["https:\/\/idakorea.ee\/product\/rahustav-reisikomplekt-manni-ja-centella-ekstraktidega-round-lab-pine-calming-cica-trial-kit\/"]}]},{"@type":"ImageObject","inLanguage":"en-US","@id":"https:\/\/idakorea.ee\/product\/rahustav-reisikomplekt-manni-ja-centella-ekstraktidega-round-lab-pine-calming-cica-trial-kit\/#primaryimage","url":"https:\/\/idakorea.ee\/wp-content\/uploads\/2025\/03\/pine.calming.cica_.round_.lab_.jpg","contentUrl":"https:\/\/idakorea.ee\/wp-content\/uploads\/2025\/03\/pine.calming.cica_.round_.lab_.jpg","width":1000,"height":1000},{"@type":"BreadcrumbList","@id":"https:\/\/idakorea.ee\/product\/rahustav-reisikomplekt-manni-ja-centella-ekstraktidega-round-lab-pine-calming-cica-trial-kit\/#breadcrumb","itemListElement":[{"@type":"ListItem","position":1,"name":"\u0413\u043b\u0430\u0432\u043d\u0430\u044f \u0441\u0442\u0440\u0430\u043d\u0438\u0446\u0430","item":"https:\/\/idakorea.ee\/"},{"@type":"ListItem","position":2,"name":"Shop","item":"https:\/\/idakorea.ee\/shop-2\/"},{"@type":"ListItem","position":3,"name":"Rahustav reisikomplekt m\u00e4nni ja centella ekstraktidega Round Lab Pine Calming Cica Trial Kit"}]},{"@type":"WebSite","@id":"https:\/\/idakorea.ee\/#website","url":"https:\/\/idakorea.ee\/","name":"IDA.KOREA","description":"Korean cosmetics e-shop","publisher":{"@id":"https:\/\/idakorea.ee\/#organization"},"alternateName":"Beauty Shop","potentialAction":[{"@type":"SearchAction","target":{"@type":"EntryPoint","urlTemplate":"https:\/\/idakorea.ee\/?s={search_term_string}"},"query-input":{"@type":"PropertyValueSpecification","valueRequired":true,"valueName":"search_term_string"}}],"inLanguage":"en-US"},{"@type":"Organization","@id":"https:\/\/idakorea.ee\/#organization","name":"IDA.KOREA","url":"https:\/\/idakorea.ee\/","logo":{"@type":"ImageObject","inLanguage":"en-US","@id":"https:\/\/idakorea.ee\/#\/schema\/logo\/image\/","url":"https:\/\/idakorea.ee\/wp-content\/uploads\/2024\/05\/cropped-korea3.png","contentUrl":"https:\/\/idakorea.ee\/wp-content\/uploads\/2024\/05\/cropped-korea3.png","width":688,"height":126,"caption":"IDA.KOREA"},"image":{"@id":"https:\/\/idakorea.ee\/#\/schema\/logo\/image\/"},"sameAs":["https:\/\/www.instagram.com\/ida.korea\/"]}]}},"jetpack_sharing_enabled":true,"brands":[{"id":645,"name":"ROUND LAB","slug":"round-lab"}],"_links":{"self":[{"href":"https:\/\/idakorea.ee\/en\/wp-json\/wp\/v2\/product\/12931","targetHints":{"allow":["GET"]}}],"collection":[{"href":"https:\/\/idakorea.ee\/en\/wp-json\/wp\/v2\/product"}],"about":[{"href":"https:\/\/idakorea.ee\/en\/wp-json\/wp\/v2\/types\/product"}],"replies":[{"embeddable":true,"href":"https:\/\/idakorea.ee\/en\/wp-json\/wp\/v2\/comments?post=12931"}],"version-history":[{"count":2,"href":"https:\/\/idakorea.ee\/en\/wp-json\/wp\/v2\/product\/12931\/revisions"}],"predecessor-version":[{"id":12936,"href":"https:\/\/idakorea.ee\/en\/wp-json\/wp\/v2\/product\/12931\/revisions\/12936"}],"wp:featuredmedia":[{"embeddable":true,"href":"https:\/\/idakorea.ee\/en\/wp-json\/wp\/v2\/media\/12932"}],"wp:attachment":[{"href":"https:\/\/idakorea.ee\/en\/wp-json\/wp\/v2\/media?parent=12931"}],"wp:term":[{"taxonomy":"pwb-brand","embeddable":true,"href":"https:\/\/idakorea.ee\/en\/wp-json\/wp\/v2\/pwb-brand?post=12931"},{"taxonomy":"product_brand","embeddable":true,"href":"https:\/\/idakorea.ee\/en\/wp-json\/wp\/v2\/product_brand?post=12931"},{"taxonomy":"product_cat","embeddable":true,"href":"https:\/\/idakorea.ee\/en\/wp-json\/wp\/v2\/product_cat?post=12931"},{"taxonomy":"product_tag","embeddable":true,"href":"https:\/\/idakorea.ee\/en\/wp-json\/wp\/v2\/product_tag?post=12931"}],"curies":[{"name":"wp","href":"https:\/\/api.w.org\/{rel}","templated":true}]}}