{"id":12949,"date":"2025-03-04T10:48:04","date_gmt":"2025-03-04T08:48:04","guid":{"rendered":"https:\/\/idakorea.ee\/?post_type=product&#038;p=12949"},"modified":"2026-01-30T14:53:01","modified_gmt":"2026-01-30T12:53:01","slug":"sugavpuhastav-oli-hera-deep-cleansing-oil-50ml","status":"publish","type":"product","link":"https:\/\/idakorea.ee\/en\/product\/sugavpuhastav-oli-hera-deep-cleansing-oil-50ml\/","title":{"rendered":"Deep Cleansing Oil Hera Deep Cleansing Oil, 50ml"},"content":{"rendered":"<p>Deep cleansing oil - effective make-up remover and moisturiser<\/p>\n<p>Deep cleansing oil completely removes make-up and dirt, leaving skin fresh and soft. Its strong cleansing power also makes it easy to remove waterproof cosmetics.<\/p>\n<p><strong>Main features:<\/strong><\/p>\n<ul>\n<li><strong>3-AHA complex<\/strong> (citric acid, lactic acid, glycolic acid) helps to gently remove dead skin cells, making the skin smoother.<\/li>\n<li><strong>Rose Peptide and Hydro Ceramide Complex<\/strong> moisturise the skin even after cleansing.<\/li>\n<li><strong>Jojoba and olive oil<\/strong> soothe and soften the skin.<\/li>\n<\/ul>\n<p>&nbsp;<\/p>\n<p><strong>Usage:<\/strong><br \/>\nTake a sufficient amount of oil, apply to dry skin and massage gently to dissolve make-up and dirt. Rinse with warm water. It is then recommended to use a cleansing foam for deeper cleansing.<\/p>","protected":false},"excerpt":{"rendered":"<p>Deep Cleansing Oil - effective make-up removal and moisturising Deep Cleansing Oil completely removes make-up and dirt, leaving skin fresh and soft. Its strong cleansing power also allows waterproof cosmetics to be easily removed. Main features. The Rose Peptide and Hydro Ceramide Complex moisturize the skin even after cleansing. Jojoba...<\/p>","protected":false},"featured_media":12950,"comment_status":"open","ping_status":"closed","template":"","meta":{"_uf_show_specific_survey":0,"_uf_disable_surveys":false,"_bst_post_transparent":"default","_bst_post_title":"","_bst_post_layout":"default","_bst_post_sidebar_id":"","_bst_post_content_style":"default","_bst_post_vertical_padding":"default","_bst_post_feature":"","_bst_post_feature_position":"","_bst_post_header":false,"_bst_post_footer":false},"pwb-brand":[485],"product_brand":[],"product_cat":[92,452],"product_tag":[669,671],"class_list":{"0":"post-12949","1":"product","2":"type-product","3":"status-publish","4":"has-post-thumbnail","6":"pwb-brand-hera","7":"product_cat-nagu","8":"product_cat-naopuhastusgeelid","9":"product_tag-hera","10":"product_tag-oil","12":"first","13":"instock","14":"sale","15":"shipping-taxable","16":"purchasable","17":"product-type-simple","18":"entry","19":"content-bg","20":"loop-entry"},"supplier_id":null,"supplier_sku":"","barcode":null,"atum_controlled":true,"out_stock_date":null,"out_stock_threshold":null,"inheritable":false,"inbound_stock":0,"stock_on_hold":0,"sold_today":0,"sales_last_days":0,"out_stock_days":0,"lost_sales":0,"has_location":false,"update_date":"2026-04-15T00:05:11","atum_locations":[],"atum_stock_status":"instock","restock_status":false,"low_stock_amount":"","sales_update_date":"2026-04-15T00:05:11","calc_backorders":null,"yoast_head":"<!-- This site is optimized with the Yoast SEO plugin v27.2 - https:\/\/yoast.com\/product\/yoast-seo-wordpress\/ -->\n<title>S\u00fcgavpuhastav \u00f5li Hera Deep Cleansing Oil, 50ml - IDA.KOREA<\/title>\n<meta name=\"description\" content=\"S\u00fcgavpuhastav \u00f5li eemaldab t\u00e4ielikult meigi ja mustuse, j\u00e4ttes naha v\u00e4rskeks ja pehmeks. Selle tugev puhastusv\u00f5ime v\u00f5imaldab h\u00f5lpsalt eemaldada ka veekindla kosmeetika.\" \/>\n<meta name=\"robots\" content=\"index, follow, max-snippet:-1, max-image-preview:large, max-video-preview:-1\" \/>\n<link rel=\"canonical\" href=\"https:\/\/idakorea.ee\/en\/product\/sugavpuhastav-oli-hera-deep-cleansing-oil-50ml\/\" \/>\n<meta property=\"og:locale\" content=\"en_US\" \/>\n<meta property=\"og:type\" content=\"article\" \/>\n<meta property=\"og:title\" content=\"S\u00fcgavpuhastav \u00f5li Hera Deep Cleansing Oil, 50ml - IDA.KOREA\" \/>\n<meta property=\"og:description\" content=\"S\u00fcgavpuhastav \u00f5li eemaldab t\u00e4ielikult meigi ja mustuse, j\u00e4ttes naha v\u00e4rskeks ja pehmeks. Selle tugev puhastusv\u00f5ime v\u00f5imaldab h\u00f5lpsalt eemaldada ka veekindla kosmeetika.\" \/>\n<meta property=\"og:url\" content=\"https:\/\/idakorea.ee\/en\/product\/sugavpuhastav-oli-hera-deep-cleansing-oil-50ml\/\" \/>\n<meta property=\"og:site_name\" content=\"IDA.KOREA\" \/>\n<meta property=\"article:modified_time\" content=\"2026-01-30T12:53:01+00:00\" \/>\n<meta property=\"og:image\" content=\"https:\/\/idakorea.ee\/wp-content\/uploads\/2025\/03\/max_100454.jpg\" \/>\n\t<meta property=\"og:image:width\" content=\"750\" \/>\n\t<meta property=\"og:image:height\" content=\"750\" \/>\n\t<meta property=\"og:image:type\" content=\"image\/jpeg\" \/>\n<meta name=\"twitter:card\" content=\"summary_large_image\" \/>\n<meta name=\"twitter:label1\" content=\"Est. reading time\" \/>\n\t<meta name=\"twitter:data1\" content=\"1 minute\" \/>\n<script type=\"application\/ld+json\" class=\"yoast-schema-graph\">{\"@context\":\"https:\/\/schema.org\",\"@graph\":[{\"@type\":\"WebPage\",\"@id\":\"https:\/\/idakorea.ee\/product\/sugavpuhastav-oli-hera-deep-cleansing-oil-50ml\/\",\"url\":\"https:\/\/idakorea.ee\/product\/sugavpuhastav-oli-hera-deep-cleansing-oil-50ml\/\",\"name\":\"S\u00fcgavpuhastav \u00f5li Hera Deep Cleansing Oil, 50ml - IDA.KOREA\",\"isPartOf\":{\"@id\":\"https:\/\/idakorea.ee\/#website\"},\"primaryImageOfPage\":{\"@id\":\"https:\/\/idakorea.ee\/product\/sugavpuhastav-oli-hera-deep-cleansing-oil-50ml\/#primaryimage\"},\"image\":{\"@id\":\"https:\/\/idakorea.ee\/product\/sugavpuhastav-oli-hera-deep-cleansing-oil-50ml\/#primaryimage\"},\"thumbnailUrl\":\"https:\/\/idakorea.ee\/wp-content\/uploads\/2025\/03\/max_100454.jpg\",\"datePublished\":\"2025-03-04T08:48:04+00:00\",\"dateModified\":\"2026-01-30T12:53:01+00:00\",\"description\":\"S\u00fcgavpuhastav \u00f5li eemaldab t\u00e4ielikult meigi ja mustuse, j\u00e4ttes naha v\u00e4rskeks ja pehmeks. Selle tugev puhastusv\u00f5ime v\u00f5imaldab h\u00f5lpsalt eemaldada ka veekindla kosmeetika.\",\"breadcrumb\":{\"@id\":\"https:\/\/idakorea.ee\/product\/sugavpuhastav-oli-hera-deep-cleansing-oil-50ml\/#breadcrumb\"},\"inLanguage\":\"en-US\",\"potentialAction\":[{\"@type\":\"ReadAction\",\"target\":[\"https:\/\/idakorea.ee\/product\/sugavpuhastav-oli-hera-deep-cleansing-oil-50ml\/\"]}]},{\"@type\":\"ImageObject\",\"inLanguage\":\"en-US\",\"@id\":\"https:\/\/idakorea.ee\/product\/sugavpuhastav-oli-hera-deep-cleansing-oil-50ml\/#primaryimage\",\"url\":\"https:\/\/idakorea.ee\/wp-content\/uploads\/2025\/03\/max_100454.jpg\",\"contentUrl\":\"https:\/\/idakorea.ee\/wp-content\/uploads\/2025\/03\/max_100454.jpg\",\"width\":750,\"height\":750},{\"@type\":\"BreadcrumbList\",\"@id\":\"https:\/\/idakorea.ee\/product\/sugavpuhastav-oli-hera-deep-cleansing-oil-50ml\/#breadcrumb\",\"itemListElement\":[{\"@type\":\"ListItem\",\"position\":1,\"name\":\"\u0413\u043b\u0430\u0432\u043d\u0430\u044f \u0441\u0442\u0440\u0430\u043d\u0438\u0446\u0430\",\"item\":\"https:\/\/idakorea.ee\/\"},{\"@type\":\"ListItem\",\"position\":2,\"name\":\"Shop\",\"item\":\"https:\/\/idakorea.ee\/shop-2\/\"},{\"@type\":\"ListItem\",\"position\":3,\"name\":\"S\u00fcgavpuhastav \u00f5li Hera Deep Cleansing Oil, 50ml\"}]},{\"@type\":\"WebSite\",\"@id\":\"https:\/\/idakorea.ee\/#website\",\"url\":\"https:\/\/idakorea.ee\/\",\"name\":\"IDA.KOREA\",\"description\":\"Korea kosmeetika e-pood\",\"publisher\":{\"@id\":\"https:\/\/idakorea.ee\/#organization\"},\"alternateName\":\"Beauty Shop\",\"potentialAction\":[{\"@type\":\"SearchAction\",\"target\":{\"@type\":\"EntryPoint\",\"urlTemplate\":\"https:\/\/idakorea.ee\/?s={search_term_string}\"},\"query-input\":{\"@type\":\"PropertyValueSpecification\",\"valueRequired\":true,\"valueName\":\"search_term_string\"}}],\"inLanguage\":\"en-US\"},{\"@type\":\"Organization\",\"@id\":\"https:\/\/idakorea.ee\/#organization\",\"name\":\"IDA.KOREA\",\"url\":\"https:\/\/idakorea.ee\/\",\"logo\":{\"@type\":\"ImageObject\",\"inLanguage\":\"en-US\",\"@id\":\"https:\/\/idakorea.ee\/#\/schema\/logo\/image\/\",\"url\":\"https:\/\/idakorea.ee\/wp-content\/uploads\/2024\/05\/cropped-korea3.png\",\"contentUrl\":\"https:\/\/idakorea.ee\/wp-content\/uploads\/2024\/05\/cropped-korea3.png\",\"width\":688,\"height\":126,\"caption\":\"IDA.KOREA\"},\"image\":{\"@id\":\"https:\/\/idakorea.ee\/#\/schema\/logo\/image\/\"},\"sameAs\":[\"https:\/\/www.instagram.com\/ida.korea\/\"]}]}<\/script>\n<!-- \/ Yoast SEO plugin. -->","yoast_head_json":{"title":"Deep Cleansing Oil Hera Deep Cleansing Oil, 50ml - IDA.KOREA","description":"Deep cleansing oil completely removes make-up and dirt, leaving skin fresh and soft. Its strong cleansing power also makes it easy to remove waterproof cosmetics.","robots":{"index":"index","follow":"follow","max-snippet":"max-snippet:-1","max-image-preview":"max-image-preview:large","max-video-preview":"max-video-preview:-1"},"canonical":"https:\/\/idakorea.ee\/en\/product\/sugavpuhastav-oli-hera-deep-cleansing-oil-50ml\/","og_locale":"en_US","og_type":"article","og_title":"S\u00fcgavpuhastav \u00f5li Hera Deep Cleansing Oil, 50ml - IDA.KOREA","og_description":"S\u00fcgavpuhastav \u00f5li eemaldab t\u00e4ielikult meigi ja mustuse, j\u00e4ttes naha v\u00e4rskeks ja pehmeks. Selle tugev puhastusv\u00f5ime v\u00f5imaldab h\u00f5lpsalt eemaldada ka veekindla kosmeetika.","og_url":"https:\/\/idakorea.ee\/en\/product\/sugavpuhastav-oli-hera-deep-cleansing-oil-50ml\/","og_site_name":"IDA.KOREA","article_modified_time":"2026-01-30T12:53:01+00:00","og_image":[{"width":750,"height":750,"url":"https:\/\/idakorea.ee\/wp-content\/uploads\/2025\/03\/max_100454.jpg","type":"image\/jpeg"}],"twitter_card":"summary_large_image","twitter_misc":{"Est. reading time":"1 minute"},"schema":{"@context":"https:\/\/schema.org","@graph":[{"@type":"WebPage","@id":"https:\/\/idakorea.ee\/product\/sugavpuhastav-oli-hera-deep-cleansing-oil-50ml\/","url":"https:\/\/idakorea.ee\/product\/sugavpuhastav-oli-hera-deep-cleansing-oil-50ml\/","name":"Deep Cleansing Oil Hera Deep Cleansing Oil, 50ml - IDA.KOREA","isPartOf":{"@id":"https:\/\/idakorea.ee\/#website"},"primaryImageOfPage":{"@id":"https:\/\/idakorea.ee\/product\/sugavpuhastav-oli-hera-deep-cleansing-oil-50ml\/#primaryimage"},"image":{"@id":"https:\/\/idakorea.ee\/product\/sugavpuhastav-oli-hera-deep-cleansing-oil-50ml\/#primaryimage"},"thumbnailUrl":"https:\/\/idakorea.ee\/wp-content\/uploads\/2025\/03\/max_100454.jpg","datePublished":"2025-03-04T08:48:04+00:00","dateModified":"2026-01-30T12:53:01+00:00","description":"Deep cleansing oil completely removes make-up and dirt, leaving skin fresh and soft. Its strong cleansing power also makes it easy to remove waterproof cosmetics.","breadcrumb":{"@id":"https:\/\/idakorea.ee\/product\/sugavpuhastav-oli-hera-deep-cleansing-oil-50ml\/#breadcrumb"},"inLanguage":"en-US","potentialAction":[{"@type":"ReadAction","target":["https:\/\/idakorea.ee\/product\/sugavpuhastav-oli-hera-deep-cleansing-oil-50ml\/"]}]},{"@type":"ImageObject","inLanguage":"en-US","@id":"https:\/\/idakorea.ee\/product\/sugavpuhastav-oli-hera-deep-cleansing-oil-50ml\/#primaryimage","url":"https:\/\/idakorea.ee\/wp-content\/uploads\/2025\/03\/max_100454.jpg","contentUrl":"https:\/\/idakorea.ee\/wp-content\/uploads\/2025\/03\/max_100454.jpg","width":750,"height":750},{"@type":"BreadcrumbList","@id":"https:\/\/idakorea.ee\/product\/sugavpuhastav-oli-hera-deep-cleansing-oil-50ml\/#breadcrumb","itemListElement":[{"@type":"ListItem","position":1,"name":"\u0413\u043b\u0430\u0432\u043d\u0430\u044f \u0441\u0442\u0440\u0430\u043d\u0438\u0446\u0430","item":"https:\/\/idakorea.ee\/"},{"@type":"ListItem","position":2,"name":"Shop","item":"https:\/\/idakorea.ee\/shop-2\/"},{"@type":"ListItem","position":3,"name":"S\u00fcgavpuhastav \u00f5li Hera Deep Cleansing Oil, 50ml"}]},{"@type":"WebSite","@id":"https:\/\/idakorea.ee\/#website","url":"https:\/\/idakorea.ee\/","name":"IDA.KOREA","description":"Korean cosmetics e-shop","publisher":{"@id":"https:\/\/idakorea.ee\/#organization"},"alternateName":"Beauty Shop","potentialAction":[{"@type":"SearchAction","target":{"@type":"EntryPoint","urlTemplate":"https:\/\/idakorea.ee\/?s={search_term_string}"},"query-input":{"@type":"PropertyValueSpecification","valueRequired":true,"valueName":"search_term_string"}}],"inLanguage":"en-US"},{"@type":"Organization","@id":"https:\/\/idakorea.ee\/#organization","name":"IDA.KOREA","url":"https:\/\/idakorea.ee\/","logo":{"@type":"ImageObject","inLanguage":"en-US","@id":"https:\/\/idakorea.ee\/#\/schema\/logo\/image\/","url":"https:\/\/idakorea.ee\/wp-content\/uploads\/2024\/05\/cropped-korea3.png","contentUrl":"https:\/\/idakorea.ee\/wp-content\/uploads\/2024\/05\/cropped-korea3.png","width":688,"height":126,"caption":"IDA.KOREA"},"image":{"@id":"https:\/\/idakorea.ee\/#\/schema\/logo\/image\/"},"sameAs":["https:\/\/www.instagram.com\/ida.korea\/"]}]}},"jetpack_sharing_enabled":true,"brands":[{"id":485,"name":"HERA","slug":"hera"}],"_links":{"self":[{"href":"https:\/\/idakorea.ee\/en\/wp-json\/wp\/v2\/product\/12949","targetHints":{"allow":["GET"]}}],"collection":[{"href":"https:\/\/idakorea.ee\/en\/wp-json\/wp\/v2\/product"}],"about":[{"href":"https:\/\/idakorea.ee\/en\/wp-json\/wp\/v2\/types\/product"}],"replies":[{"embeddable":true,"href":"https:\/\/idakorea.ee\/en\/wp-json\/wp\/v2\/comments?post=12949"}],"version-history":[{"count":3,"href":"https:\/\/idakorea.ee\/en\/wp-json\/wp\/v2\/product\/12949\/revisions"}],"predecessor-version":[{"id":14057,"href":"https:\/\/idakorea.ee\/en\/wp-json\/wp\/v2\/product\/12949\/revisions\/14057"}],"wp:featuredmedia":[{"embeddable":true,"href":"https:\/\/idakorea.ee\/en\/wp-json\/wp\/v2\/media\/12950"}],"wp:attachment":[{"href":"https:\/\/idakorea.ee\/en\/wp-json\/wp\/v2\/media?parent=12949"}],"wp:term":[{"taxonomy":"pwb-brand","embeddable":true,"href":"https:\/\/idakorea.ee\/en\/wp-json\/wp\/v2\/pwb-brand?post=12949"},{"taxonomy":"product_brand","embeddable":true,"href":"https:\/\/idakorea.ee\/en\/wp-json\/wp\/v2\/product_brand?post=12949"},{"taxonomy":"product_cat","embeddable":true,"href":"https:\/\/idakorea.ee\/en\/wp-json\/wp\/v2\/product_cat?post=12949"},{"taxonomy":"product_tag","embeddable":true,"href":"https:\/\/idakorea.ee\/en\/wp-json\/wp\/v2\/product_tag?post=12949"}],"curies":[{"name":"wp","href":"https:\/\/api.w.org\/{rel}","templated":true}]}}