{"id":12975,"date":"2025-03-05T11:55:51","date_gmt":"2025-03-05T09:55:51","guid":{"rendered":"https:\/\/idakorea.ee\/?post_type=product&#038;p=12975"},"modified":"2026-03-08T08:01:32","modified_gmt":"2026-03-08T06:01:32","slug":"niisutav-emulsioon-riisi-ja-keraamiididega-the-face-shop-rice-ceramide-moisturizing-emulsion-150ml","status":"publish","type":"product","link":"https:\/\/idakorea.ee\/en\/product\/niisutav-emulsioon-riisi-ja-keraamiididega-the-face-shop-rice-ceramide-moisturizing-emulsion-150ml\/","title":{"rendered":"Moisturizing emulsion with rice and ceramides The Face Shop Rice Ceramide Moisturizing Emulsion, 150ml"},"content":{"rendered":"<p>Light and comfortable on the skin, it's a rescue for dry skin, especially in winter. The emulsion with rice and ceramides not only moisturizes the skin but also restores its lipid barrier, soothes irritation and scaling. The product protects the skin from harmful environmental factors throughout the day, reducing the negative effects of wind, extreme temperatures and pollutants.<\/p>\n<p>Rice extract in the emulsion provides deep hydration, nourishes and softens the skin, accelerates cell renewal and has soothing and anti-inflammatory properties to help soothe irritation. In addition, rice extract improves skin tone, evens skin tone, lightens pigmentation and leaves skin matte and silky soft.<\/p>\n<p>Ceramides help to maintain the skin's optimal moisture balance, strengthen the cell structure and keep the skin elastic, preventing the formation of fine wrinkles. Ceramides also stimulate the renewal of skin cells, helping the skin to regenerate faster. Thanks to ceramides, dryness and flakiness are eliminated, leaving skin soft, smooth and silky-soft.<\/p>\n<p>Regular use provides deep hydration, vitality and smoothness, leaving skin firmer, brighter and more even-toned.<\/p>\n<p>&nbsp;<\/p>\n<p><strong>Usage:<\/strong> Apply the emulsion to cleansed and toned skin.<\/p>","protected":false},"excerpt":{"rendered":"<p>Light and comfortable on the skin, it's a rescue for dry skin, especially in winter. The emulsion with rice and ceramides not only moisturizes the skin but also restores its lipid barrier, soothes irritation and scaling. The product protects the skin from harmful environmental factors throughout the day, reducing the negative effects of wind, extreme temperatures and pollutants. Rice extract in the emulsion provides deep hydration, nourishes and...<\/p>","protected":false},"featured_media":12976,"comment_status":"open","ping_status":"closed","template":"","meta":{"_uf_show_specific_survey":0,"_uf_disable_surveys":false,"_bst_post_transparent":"default","_bst_post_title":"","_bst_post_layout":"default","_bst_post_sidebar_id":"","_bst_post_content_style":"default","_bst_post_vertical_padding":"default","_bst_post_feature":"","_bst_post_feature_position":"","_bst_post_header":false,"_bst_post_footer":false},"pwb-brand":[826],"product_brand":[],"product_cat":[92,97],"product_tag":[674,828,827],"class_list":{"0":"post-12975","1":"product","2":"type-product","3":"status-publish","4":"has-post-thumbnail","6":"pwb-brand-the-face-shop","7":"product_cat-nagu","8":"product_cat-naoseerumid-ja-olid","9":"product_tag-ceramide","10":"product_tag-rice","11":"product_tag-the-face-shop","13":"first","14":"instock","15":"sale","16":"shipping-taxable","17":"purchasable","18":"product-type-simple","19":"entry","20":"content-bg","21":"loop-entry"},"supplier_id":null,"supplier_sku":"","barcode":null,"atum_controlled":true,"out_stock_date":null,"out_stock_threshold":null,"inheritable":false,"inbound_stock":0,"stock_on_hold":0,"sold_today":0,"sales_last_days":0,"out_stock_days":0,"lost_sales":0,"has_location":false,"update_date":"2026-04-15T00:05:16","atum_locations":[],"atum_stock_status":"instock","restock_status":false,"low_stock_amount":"","sales_update_date":"2026-04-15T00:05:16","calc_backorders":null,"yoast_head":"<!-- This site is optimized with the Yoast SEO plugin v27.2 - https:\/\/yoast.com\/product\/yoast-seo-wordpress\/ -->\n<title>Niisutav emulsioon riisi ja keraamiididega The Face Shop Rice Ceramide Moisturizing Emulsion, 150ml - IDA.KOREA<\/title>\n<meta name=\"robots\" content=\"index, follow, max-snippet:-1, max-image-preview:large, max-video-preview:-1\" \/>\n<link rel=\"canonical\" href=\"https:\/\/idakorea.ee\/en\/product\/niisutav-emulsioon-riisi-ja-keraamiididega-the-face-shop-rice-ceramide-moisturizing-emulsion-150ml\/\" \/>\n<meta property=\"og:locale\" content=\"en_US\" \/>\n<meta property=\"og:type\" content=\"article\" \/>\n<meta property=\"og:title\" content=\"Niisutav emulsioon riisi ja keraamiididega The Face Shop Rice Ceramide Moisturizing Emulsion, 150ml - IDA.KOREA\" \/>\n<meta property=\"og:description\" content=\"Kerge ja nahale mugav vahend on p\u00e4\u00e4ste kuivale nahale, eriti talveperioodil. Riisi ja keraamiididega emulsioon mitte ainult ei niisuta nahka, vaid taastab ka selle lipiidimantli, leevendab \u00e4rritust ja ketendust. Toode kaitseb nahka kogu p\u00e4eva v\u00e4ltel kahjulike keskkonnategurite eest, v\u00e4hendades tuule, ekstreemsete temperatuuride ja saasteainete negatiivset m\u00f5ju. Emulsiooni koostises olev riisiekstrakt tagab s\u00fcgava niisutuse, toidab ja...\" \/>\n<meta property=\"og:url\" content=\"https:\/\/idakorea.ee\/en\/product\/niisutav-emulsioon-riisi-ja-keraamiididega-the-face-shop-rice-ceramide-moisturizing-emulsion-150ml\/\" \/>\n<meta property=\"og:site_name\" content=\"IDA.KOREA\" \/>\n<meta property=\"article:modified_time\" content=\"2026-03-08T06:01:32+00:00\" \/>\n<meta property=\"og:image\" content=\"https:\/\/idakorea.ee\/wp-content\/uploads\/2025\/03\/thefaceshop-idakorea.jpg\" \/>\n\t<meta property=\"og:image:width\" content=\"800\" \/>\n\t<meta property=\"og:image:height\" content=\"800\" \/>\n\t<meta property=\"og:image:type\" content=\"image\/jpeg\" \/>\n<meta name=\"twitter:card\" content=\"summary_large_image\" \/>\n<meta name=\"twitter:label1\" content=\"Est. reading time\" \/>\n\t<meta name=\"twitter:data1\" content=\"1 minute\" \/>\n<script type=\"application\/ld+json\" class=\"yoast-schema-graph\">{\"@context\":\"https:\/\/schema.org\",\"@graph\":[{\"@type\":\"WebPage\",\"@id\":\"https:\/\/idakorea.ee\/product\/niisutav-emulsioon-riisi-ja-keraamiididega-the-face-shop-rice-ceramide-moisturizing-emulsion-150ml\/\",\"url\":\"https:\/\/idakorea.ee\/product\/niisutav-emulsioon-riisi-ja-keraamiididega-the-face-shop-rice-ceramide-moisturizing-emulsion-150ml\/\",\"name\":\"Niisutav emulsioon riisi ja keraamiididega The Face Shop Rice Ceramide Moisturizing Emulsion, 150ml - IDA.KOREA\",\"isPartOf\":{\"@id\":\"https:\/\/idakorea.ee\/#website\"},\"primaryImageOfPage\":{\"@id\":\"https:\/\/idakorea.ee\/product\/niisutav-emulsioon-riisi-ja-keraamiididega-the-face-shop-rice-ceramide-moisturizing-emulsion-150ml\/#primaryimage\"},\"image\":{\"@id\":\"https:\/\/idakorea.ee\/product\/niisutav-emulsioon-riisi-ja-keraamiididega-the-face-shop-rice-ceramide-moisturizing-emulsion-150ml\/#primaryimage\"},\"thumbnailUrl\":\"https:\/\/idakorea.ee\/wp-content\/uploads\/2025\/03\/thefaceshop-idakorea.jpg\",\"datePublished\":\"2025-03-05T09:55:51+00:00\",\"dateModified\":\"2026-03-08T06:01:32+00:00\",\"breadcrumb\":{\"@id\":\"https:\/\/idakorea.ee\/product\/niisutav-emulsioon-riisi-ja-keraamiididega-the-face-shop-rice-ceramide-moisturizing-emulsion-150ml\/#breadcrumb\"},\"inLanguage\":\"en-US\",\"potentialAction\":[{\"@type\":\"ReadAction\",\"target\":[\"https:\/\/idakorea.ee\/product\/niisutav-emulsioon-riisi-ja-keraamiididega-the-face-shop-rice-ceramide-moisturizing-emulsion-150ml\/\"]}]},{\"@type\":\"ImageObject\",\"inLanguage\":\"en-US\",\"@id\":\"https:\/\/idakorea.ee\/product\/niisutav-emulsioon-riisi-ja-keraamiididega-the-face-shop-rice-ceramide-moisturizing-emulsion-150ml\/#primaryimage\",\"url\":\"https:\/\/idakorea.ee\/wp-content\/uploads\/2025\/03\/thefaceshop-idakorea.jpg\",\"contentUrl\":\"https:\/\/idakorea.ee\/wp-content\/uploads\/2025\/03\/thefaceshop-idakorea.jpg\",\"width\":800,\"height\":800},{\"@type\":\"BreadcrumbList\",\"@id\":\"https:\/\/idakorea.ee\/product\/niisutav-emulsioon-riisi-ja-keraamiididega-the-face-shop-rice-ceramide-moisturizing-emulsion-150ml\/#breadcrumb\",\"itemListElement\":[{\"@type\":\"ListItem\",\"position\":1,\"name\":\"\u0413\u043b\u0430\u0432\u043d\u0430\u044f \u0441\u0442\u0440\u0430\u043d\u0438\u0446\u0430\",\"item\":\"https:\/\/idakorea.ee\/\"},{\"@type\":\"ListItem\",\"position\":2,\"name\":\"Shop\",\"item\":\"https:\/\/idakorea.ee\/shop-2\/\"},{\"@type\":\"ListItem\",\"position\":3,\"name\":\"Niisutav emulsioon riisi ja keraamiididega The Face Shop Rice Ceramide Moisturizing Emulsion, 150ml\"}]},{\"@type\":\"WebSite\",\"@id\":\"https:\/\/idakorea.ee\/#website\",\"url\":\"https:\/\/idakorea.ee\/\",\"name\":\"IDA.KOREA\",\"description\":\"Korea kosmeetika e-pood\",\"publisher\":{\"@id\":\"https:\/\/idakorea.ee\/#organization\"},\"alternateName\":\"Beauty Shop\",\"potentialAction\":[{\"@type\":\"SearchAction\",\"target\":{\"@type\":\"EntryPoint\",\"urlTemplate\":\"https:\/\/idakorea.ee\/?s={search_term_string}\"},\"query-input\":{\"@type\":\"PropertyValueSpecification\",\"valueRequired\":true,\"valueName\":\"search_term_string\"}}],\"inLanguage\":\"en-US\"},{\"@type\":\"Organization\",\"@id\":\"https:\/\/idakorea.ee\/#organization\",\"name\":\"IDA.KOREA\",\"url\":\"https:\/\/idakorea.ee\/\",\"logo\":{\"@type\":\"ImageObject\",\"inLanguage\":\"en-US\",\"@id\":\"https:\/\/idakorea.ee\/#\/schema\/logo\/image\/\",\"url\":\"https:\/\/idakorea.ee\/wp-content\/uploads\/2024\/05\/cropped-korea3.png\",\"contentUrl\":\"https:\/\/idakorea.ee\/wp-content\/uploads\/2024\/05\/cropped-korea3.png\",\"width\":688,\"height\":126,\"caption\":\"IDA.KOREA\"},\"image\":{\"@id\":\"https:\/\/idakorea.ee\/#\/schema\/logo\/image\/\"},\"sameAs\":[\"https:\/\/www.instagram.com\/ida.korea\/\"]}]}<\/script>\n<!-- \/ Yoast SEO plugin. -->","yoast_head_json":{"title":"Moisturizing emulsion with rice and ceramides The Face Shop Rice Ceramide Moisturizing Emulsion, 150ml - IDA.KOREA","robots":{"index":"index","follow":"follow","max-snippet":"max-snippet:-1","max-image-preview":"max-image-preview:large","max-video-preview":"max-video-preview:-1"},"canonical":"https:\/\/idakorea.ee\/en\/product\/niisutav-emulsioon-riisi-ja-keraamiididega-the-face-shop-rice-ceramide-moisturizing-emulsion-150ml\/","og_locale":"en_US","og_type":"article","og_title":"Niisutav emulsioon riisi ja keraamiididega The Face Shop Rice Ceramide Moisturizing Emulsion, 150ml - IDA.KOREA","og_description":"Kerge ja nahale mugav vahend on p\u00e4\u00e4ste kuivale nahale, eriti talveperioodil. Riisi ja keraamiididega emulsioon mitte ainult ei niisuta nahka, vaid taastab ka selle lipiidimantli, leevendab \u00e4rritust ja ketendust. Toode kaitseb nahka kogu p\u00e4eva v\u00e4ltel kahjulike keskkonnategurite eest, v\u00e4hendades tuule, ekstreemsete temperatuuride ja saasteainete negatiivset m\u00f5ju. Emulsiooni koostises olev riisiekstrakt tagab s\u00fcgava niisutuse, toidab ja...","og_url":"https:\/\/idakorea.ee\/en\/product\/niisutav-emulsioon-riisi-ja-keraamiididega-the-face-shop-rice-ceramide-moisturizing-emulsion-150ml\/","og_site_name":"IDA.KOREA","article_modified_time":"2026-03-08T06:01:32+00:00","og_image":[{"width":800,"height":800,"url":"https:\/\/idakorea.ee\/wp-content\/uploads\/2025\/03\/thefaceshop-idakorea.jpg","type":"image\/jpeg"}],"twitter_card":"summary_large_image","twitter_misc":{"Est. reading time":"1 minute"},"schema":{"@context":"https:\/\/schema.org","@graph":[{"@type":"WebPage","@id":"https:\/\/idakorea.ee\/product\/niisutav-emulsioon-riisi-ja-keraamiididega-the-face-shop-rice-ceramide-moisturizing-emulsion-150ml\/","url":"https:\/\/idakorea.ee\/product\/niisutav-emulsioon-riisi-ja-keraamiididega-the-face-shop-rice-ceramide-moisturizing-emulsion-150ml\/","name":"Moisturizing emulsion with rice and ceramides The Face Shop Rice Ceramide Moisturizing Emulsion, 150ml - IDA.KOREA","isPartOf":{"@id":"https:\/\/idakorea.ee\/#website"},"primaryImageOfPage":{"@id":"https:\/\/idakorea.ee\/product\/niisutav-emulsioon-riisi-ja-keraamiididega-the-face-shop-rice-ceramide-moisturizing-emulsion-150ml\/#primaryimage"},"image":{"@id":"https:\/\/idakorea.ee\/product\/niisutav-emulsioon-riisi-ja-keraamiididega-the-face-shop-rice-ceramide-moisturizing-emulsion-150ml\/#primaryimage"},"thumbnailUrl":"https:\/\/idakorea.ee\/wp-content\/uploads\/2025\/03\/thefaceshop-idakorea.jpg","datePublished":"2025-03-05T09:55:51+00:00","dateModified":"2026-03-08T06:01:32+00:00","breadcrumb":{"@id":"https:\/\/idakorea.ee\/product\/niisutav-emulsioon-riisi-ja-keraamiididega-the-face-shop-rice-ceramide-moisturizing-emulsion-150ml\/#breadcrumb"},"inLanguage":"en-US","potentialAction":[{"@type":"ReadAction","target":["https:\/\/idakorea.ee\/product\/niisutav-emulsioon-riisi-ja-keraamiididega-the-face-shop-rice-ceramide-moisturizing-emulsion-150ml\/"]}]},{"@type":"ImageObject","inLanguage":"en-US","@id":"https:\/\/idakorea.ee\/product\/niisutav-emulsioon-riisi-ja-keraamiididega-the-face-shop-rice-ceramide-moisturizing-emulsion-150ml\/#primaryimage","url":"https:\/\/idakorea.ee\/wp-content\/uploads\/2025\/03\/thefaceshop-idakorea.jpg","contentUrl":"https:\/\/idakorea.ee\/wp-content\/uploads\/2025\/03\/thefaceshop-idakorea.jpg","width":800,"height":800},{"@type":"BreadcrumbList","@id":"https:\/\/idakorea.ee\/product\/niisutav-emulsioon-riisi-ja-keraamiididega-the-face-shop-rice-ceramide-moisturizing-emulsion-150ml\/#breadcrumb","itemListElement":[{"@type":"ListItem","position":1,"name":"\u0413\u043b\u0430\u0432\u043d\u0430\u044f \u0441\u0442\u0440\u0430\u043d\u0438\u0446\u0430","item":"https:\/\/idakorea.ee\/"},{"@type":"ListItem","position":2,"name":"Shop","item":"https:\/\/idakorea.ee\/shop-2\/"},{"@type":"ListItem","position":3,"name":"Niisutav emulsioon riisi ja keraamiididega The Face Shop Rice Ceramide Moisturizing Emulsion, 150ml"}]},{"@type":"WebSite","@id":"https:\/\/idakorea.ee\/#website","url":"https:\/\/idakorea.ee\/","name":"IDA.KOREA","description":"Korean cosmetics e-shop","publisher":{"@id":"https:\/\/idakorea.ee\/#organization"},"alternateName":"Beauty Shop","potentialAction":[{"@type":"SearchAction","target":{"@type":"EntryPoint","urlTemplate":"https:\/\/idakorea.ee\/?s={search_term_string}"},"query-input":{"@type":"PropertyValueSpecification","valueRequired":true,"valueName":"search_term_string"}}],"inLanguage":"en-US"},{"@type":"Organization","@id":"https:\/\/idakorea.ee\/#organization","name":"IDA.KOREA","url":"https:\/\/idakorea.ee\/","logo":{"@type":"ImageObject","inLanguage":"en-US","@id":"https:\/\/idakorea.ee\/#\/schema\/logo\/image\/","url":"https:\/\/idakorea.ee\/wp-content\/uploads\/2024\/05\/cropped-korea3.png","contentUrl":"https:\/\/idakorea.ee\/wp-content\/uploads\/2024\/05\/cropped-korea3.png","width":688,"height":126,"caption":"IDA.KOREA"},"image":{"@id":"https:\/\/idakorea.ee\/#\/schema\/logo\/image\/"},"sameAs":["https:\/\/www.instagram.com\/ida.korea\/"]}]}},"jetpack_sharing_enabled":true,"brands":[{"id":826,"name":"THE FACE SHOP","slug":"the-face-shop"}],"_links":{"self":[{"href":"https:\/\/idakorea.ee\/en\/wp-json\/wp\/v2\/product\/12975","targetHints":{"allow":["GET"]}}],"collection":[{"href":"https:\/\/idakorea.ee\/en\/wp-json\/wp\/v2\/product"}],"about":[{"href":"https:\/\/idakorea.ee\/en\/wp-json\/wp\/v2\/types\/product"}],"replies":[{"embeddable":true,"href":"https:\/\/idakorea.ee\/en\/wp-json\/wp\/v2\/comments?post=12975"}],"version-history":[{"count":1,"href":"https:\/\/idakorea.ee\/en\/wp-json\/wp\/v2\/product\/12975\/revisions"}],"predecessor-version":[{"id":12977,"href":"https:\/\/idakorea.ee\/en\/wp-json\/wp\/v2\/product\/12975\/revisions\/12977"}],"wp:featuredmedia":[{"embeddable":true,"href":"https:\/\/idakorea.ee\/en\/wp-json\/wp\/v2\/media\/12976"}],"wp:attachment":[{"href":"https:\/\/idakorea.ee\/en\/wp-json\/wp\/v2\/media?parent=12975"}],"wp:term":[{"taxonomy":"pwb-brand","embeddable":true,"href":"https:\/\/idakorea.ee\/en\/wp-json\/wp\/v2\/pwb-brand?post=12975"},{"taxonomy":"product_brand","embeddable":true,"href":"https:\/\/idakorea.ee\/en\/wp-json\/wp\/v2\/product_brand?post=12975"},{"taxonomy":"product_cat","embeddable":true,"href":"https:\/\/idakorea.ee\/en\/wp-json\/wp\/v2\/product_cat?post=12975"},{"taxonomy":"product_tag","embeddable":true,"href":"https:\/\/idakorea.ee\/en\/wp-json\/wp\/v2\/product_tag?post=12975"}],"curies":[{"name":"wp","href":"https:\/\/api.w.org\/{rel}","templated":true}]}}