{"id":12978,"date":"2025-03-05T12:06:02","date_gmt":"2025-03-05T10:06:02","guid":{"rendered":"https:\/\/idakorea.ee\/?post_type=product&#038;p=12978"},"modified":"2026-03-21T21:42:09","modified_gmt":"2026-03-21T19:42:09","slug":"niisutav-riisikreem-naole-keraamiididega-the-face-shop-rice-ceramide-moisturizing-cream-50ml","status":"publish","type":"product","link":"https:\/\/idakorea.ee\/en\/product\/niisutav-riisikreem-naole-keraamiididega-the-face-shop-rice-ceramide-moisturizing-cream-50ml\/","title":{"rendered":"Moisturizing Rice Cream with Ceramides The Face Shop Rice Ceramide Moisturizing Cream, 50ml"},"content":{"rendered":"<p><strong>The Face Shop Rice Ceramide Moisturizing Cream<\/strong> improves the condition of dry, sensitive, dehydrated and mature skin:<\/p>\n<ul>\n<li>moisturises and nourishes the skin;<\/li>\n<li>removes scaling and a tugging sensation;<\/li>\n<li>reduces the visibility of wrinkles;<\/li>\n<li>lightens the pigmentation;<\/li>\n<li>protects the skin from the harmful effects of the environment.<\/li>\n<\/ul>\n<p>The cream has a nourishing texture and a pleasant fragrance, it absorbs quickly and is evenly distributed on the skin.<\/p>\n<p><strong>Main active ingredients:<\/strong><\/p>\n<p class=\"translation-block\"><strong>Betaine<\/strong> - deeply moisturizes, soothes irritation and improves skin appearance.<br>\r\n<strong>Hyaluronic Acid<\/strong> - provides long-lasting hydration, protects against moisture loss and premature wrinkles, stimulates cell renewal and accelerates healing.<br>\r\n<strong>Rice Extract (1%)<\/strong> - contains antioxidants, moisturizes and softens, evens skin tone, lightens pigmentation, smoothes wrinkles and soothes irritations.<br>\r\n<strong>Shea butter<\/strong> - highly emollient, accelerates skin regeneration and wound healing, soothes inflammation, does not clog pores.<br>\r\n<strong>Lecitin<\/strong> - improves absorption of active ingredients into the deeper layers of the skin.<br>\r\n<strong>Rice oil<\/strong> - nourishes the skin, accelerates cell renewal, improves skin elasticity and reduces the depth of wrinkles.<br>\r\n<strong>Ceramide 3<\/strong> - strengthens the skin's protective barrier, maintains skin moisture balance, prevents signs of ageing.<br>\r\n<strong>Grapefruit extract<\/strong> - tones, moisturizes, improves skin tone and micro-texture.<\/p>\n<p>&nbsp;<\/p>\n<p>Suitable for normal, dry, sensitive and dehydrated skin.<\/p>\n<p><strong>Usage:<\/strong> Apply the required amount of cream to cleansed skin, patting with fingertips until fully absorbed.<\/p>","protected":false},"excerpt":{"rendered":"<p>The Face Shop Rice Ceramide Moisturizing Cream improves the condition of dry, sensitive, dehydrated and mature skin: moisturizes and nourishes skin; removes flakiness and the feeling of tugging; reduces the visibility of wrinkles; lightens pigmentation; protects skin from environmental damage. The cream has a nourishing texture and a pleasant fragrance, is quickly absorbed and evenly distributed on the skin. Main active ingredients.<\/p>","protected":false},"featured_media":12979,"comment_status":"open","ping_status":"closed","template":"","meta":{"_uf_show_specific_survey":0,"_uf_disable_surveys":false,"_bst_post_transparent":"default","_bst_post_title":"","_bst_post_layout":"default","_bst_post_sidebar_id":"","_bst_post_content_style":"default","_bst_post_vertical_padding":"default","_bst_post_feature":"","_bst_post_feature_position":"","_bst_post_header":false,"_bst_post_footer":false},"pwb-brand":[826],"product_brand":[],"product_cat":[92,96],"product_tag":[674,734,828],"class_list":{"0":"post-12978","1":"product","2":"type-product","3":"status-publish","4":"has-post-thumbnail","6":"pwb-brand-the-face-shop","7":"product_cat-nagu","8":"product_cat-naokreemid","9":"product_tag-ceramide","10":"product_tag-cream","11":"product_tag-rice","13":"first","14":"instock","15":"sale","16":"shipping-taxable","17":"purchasable","18":"product-type-simple","19":"entry","20":"content-bg","21":"loop-entry"},"supplier_id":null,"supplier_sku":"","barcode":null,"atum_controlled":true,"out_stock_date":null,"out_stock_threshold":null,"inheritable":false,"inbound_stock":0,"stock_on_hold":0,"sold_today":0,"sales_last_days":1,"out_stock_days":0,"lost_sales":0,"has_location":false,"update_date":"2026-04-14T00:05:11","atum_locations":[],"atum_stock_status":"instock","restock_status":false,"low_stock_amount":"","sales_update_date":"2026-04-14T00:05:11","calc_backorders":null,"yoast_head":"<!-- This site is optimized with the Yoast SEO plugin v27.2 - https:\/\/yoast.com\/product\/yoast-seo-wordpress\/ -->\n<title>Niisutav riisikreem n\u00e4ole keraamiididega The Face Shop Rice Ceramide Moisturizing Cream, 50ml - IDA.KOREA<\/title>\n<meta name=\"robots\" content=\"index, follow, max-snippet:-1, max-image-preview:large, max-video-preview:-1\" \/>\n<link rel=\"canonical\" href=\"https:\/\/idakorea.ee\/en\/product\/niisutav-riisikreem-naole-keraamiididega-the-face-shop-rice-ceramide-moisturizing-cream-50ml\/\" \/>\n<meta property=\"og:locale\" content=\"en_US\" \/>\n<meta property=\"og:type\" content=\"article\" \/>\n<meta property=\"og:title\" content=\"Niisutav riisikreem n\u00e4ole keraamiididega The Face Shop Rice Ceramide Moisturizing Cream, 50ml - IDA.KOREA\" \/>\n<meta property=\"og:description\" content=\"The Face Shop Rice Ceramide Moisturizing Cream parandab kuiva, tundliku, niiskusvaese ja k\u00fcpse naha seisundit: niisutab ja toidab nahka; eemaldab ketenduse ja kiskuva tunde; v\u00e4hendab kortsude n\u00e4htavust; helendab pigmendilaike; kaitseb nahka keskkonna kahjulike m\u00f5jude eest. Kreemil on toitev tekstuur ja meeldiv l\u00f5hn, see imendub kiiresti ja jaotub nahale \u00fchtlaselt. Peamised toimeained: Betaiin \u2013 s\u00fcgavniisutab, leevendab...\" \/>\n<meta property=\"og:url\" content=\"https:\/\/idakorea.ee\/en\/product\/niisutav-riisikreem-naole-keraamiididega-the-face-shop-rice-ceramide-moisturizing-cream-50ml\/\" \/>\n<meta property=\"og:site_name\" content=\"IDA.KOREA\" \/>\n<meta property=\"article:modified_time\" content=\"2026-03-21T19:42:09+00:00\" \/>\n<meta property=\"og:image\" content=\"https:\/\/idakorea.ee\/wp-content\/uploads\/2025\/03\/rice-ceramide-cream.jpg\" \/>\n\t<meta property=\"og:image:width\" content=\"800\" \/>\n\t<meta property=\"og:image:height\" content=\"800\" \/>\n\t<meta property=\"og:image:type\" content=\"image\/jpeg\" \/>\n<meta name=\"twitter:card\" content=\"summary_large_image\" \/>\n<meta name=\"twitter:label1\" content=\"Est. reading time\" \/>\n\t<meta name=\"twitter:data1\" content=\"2 minutes\" \/>\n<script type=\"application\/ld+json\" class=\"yoast-schema-graph\">{\"@context\":\"https:\/\/schema.org\",\"@graph\":[{\"@type\":\"WebPage\",\"@id\":\"https:\/\/idakorea.ee\/product\/niisutav-riisikreem-naole-keraamiididega-the-face-shop-rice-ceramide-moisturizing-cream-50ml\/\",\"url\":\"https:\/\/idakorea.ee\/product\/niisutav-riisikreem-naole-keraamiididega-the-face-shop-rice-ceramide-moisturizing-cream-50ml\/\",\"name\":\"Niisutav riisikreem n\u00e4ole keraamiididega The Face Shop Rice Ceramide Moisturizing Cream, 50ml - IDA.KOREA\",\"isPartOf\":{\"@id\":\"https:\/\/idakorea.ee\/#website\"},\"primaryImageOfPage\":{\"@id\":\"https:\/\/idakorea.ee\/product\/niisutav-riisikreem-naole-keraamiididega-the-face-shop-rice-ceramide-moisturizing-cream-50ml\/#primaryimage\"},\"image\":{\"@id\":\"https:\/\/idakorea.ee\/product\/niisutav-riisikreem-naole-keraamiididega-the-face-shop-rice-ceramide-moisturizing-cream-50ml\/#primaryimage\"},\"thumbnailUrl\":\"https:\/\/idakorea.ee\/wp-content\/uploads\/2025\/03\/rice-ceramide-cream.jpg\",\"datePublished\":\"2025-03-05T10:06:02+00:00\",\"dateModified\":\"2026-03-21T19:42:09+00:00\",\"breadcrumb\":{\"@id\":\"https:\/\/idakorea.ee\/product\/niisutav-riisikreem-naole-keraamiididega-the-face-shop-rice-ceramide-moisturizing-cream-50ml\/#breadcrumb\"},\"inLanguage\":\"en-US\",\"potentialAction\":[{\"@type\":\"ReadAction\",\"target\":[\"https:\/\/idakorea.ee\/product\/niisutav-riisikreem-naole-keraamiididega-the-face-shop-rice-ceramide-moisturizing-cream-50ml\/\"]}]},{\"@type\":\"ImageObject\",\"inLanguage\":\"en-US\",\"@id\":\"https:\/\/idakorea.ee\/product\/niisutav-riisikreem-naole-keraamiididega-the-face-shop-rice-ceramide-moisturizing-cream-50ml\/#primaryimage\",\"url\":\"https:\/\/idakorea.ee\/wp-content\/uploads\/2025\/03\/rice-ceramide-cream.jpg\",\"contentUrl\":\"https:\/\/idakorea.ee\/wp-content\/uploads\/2025\/03\/rice-ceramide-cream.jpg\",\"width\":800,\"height\":800,\"caption\":\"Version 1.0.0\"},{\"@type\":\"BreadcrumbList\",\"@id\":\"https:\/\/idakorea.ee\/product\/niisutav-riisikreem-naole-keraamiididega-the-face-shop-rice-ceramide-moisturizing-cream-50ml\/#breadcrumb\",\"itemListElement\":[{\"@type\":\"ListItem\",\"position\":1,\"name\":\"\u0413\u043b\u0430\u0432\u043d\u0430\u044f \u0441\u0442\u0440\u0430\u043d\u0438\u0446\u0430\",\"item\":\"https:\/\/idakorea.ee\/\"},{\"@type\":\"ListItem\",\"position\":2,\"name\":\"Shop\",\"item\":\"https:\/\/idakorea.ee\/shop-2\/\"},{\"@type\":\"ListItem\",\"position\":3,\"name\":\"Niisutav riisikreem n\u00e4ole keraamiididega The Face Shop Rice Ceramide Moisturizing Cream, 50ml\"}]},{\"@type\":\"WebSite\",\"@id\":\"https:\/\/idakorea.ee\/#website\",\"url\":\"https:\/\/idakorea.ee\/\",\"name\":\"IDA.KOREA\",\"description\":\"Korea kosmeetika e-pood\",\"publisher\":{\"@id\":\"https:\/\/idakorea.ee\/#organization\"},\"alternateName\":\"Beauty Shop\",\"potentialAction\":[{\"@type\":\"SearchAction\",\"target\":{\"@type\":\"EntryPoint\",\"urlTemplate\":\"https:\/\/idakorea.ee\/?s={search_term_string}\"},\"query-input\":{\"@type\":\"PropertyValueSpecification\",\"valueRequired\":true,\"valueName\":\"search_term_string\"}}],\"inLanguage\":\"en-US\"},{\"@type\":\"Organization\",\"@id\":\"https:\/\/idakorea.ee\/#organization\",\"name\":\"IDA.KOREA\",\"url\":\"https:\/\/idakorea.ee\/\",\"logo\":{\"@type\":\"ImageObject\",\"inLanguage\":\"en-US\",\"@id\":\"https:\/\/idakorea.ee\/#\/schema\/logo\/image\/\",\"url\":\"https:\/\/idakorea.ee\/wp-content\/uploads\/2024\/05\/cropped-korea3.png\",\"contentUrl\":\"https:\/\/idakorea.ee\/wp-content\/uploads\/2024\/05\/cropped-korea3.png\",\"width\":688,\"height\":126,\"caption\":\"IDA.KOREA\"},\"image\":{\"@id\":\"https:\/\/idakorea.ee\/#\/schema\/logo\/image\/\"},\"sameAs\":[\"https:\/\/www.instagram.com\/ida.korea\/\"]}]}<\/script>\n<!-- \/ Yoast SEO plugin. -->","yoast_head_json":{"title":"Moisturizing Rice Cream with Ceramides The Face Shop Rice Ceramide Moisturizing Cream, 50ml - IDA.KOREA","robots":{"index":"index","follow":"follow","max-snippet":"max-snippet:-1","max-image-preview":"max-image-preview:large","max-video-preview":"max-video-preview:-1"},"canonical":"https:\/\/idakorea.ee\/en\/product\/niisutav-riisikreem-naole-keraamiididega-the-face-shop-rice-ceramide-moisturizing-cream-50ml\/","og_locale":"en_US","og_type":"article","og_title":"Niisutav riisikreem n\u00e4ole keraamiididega The Face Shop Rice Ceramide Moisturizing Cream, 50ml - IDA.KOREA","og_description":"The Face Shop Rice Ceramide Moisturizing Cream parandab kuiva, tundliku, niiskusvaese ja k\u00fcpse naha seisundit: niisutab ja toidab nahka; eemaldab ketenduse ja kiskuva tunde; v\u00e4hendab kortsude n\u00e4htavust; helendab pigmendilaike; kaitseb nahka keskkonna kahjulike m\u00f5jude eest. Kreemil on toitev tekstuur ja meeldiv l\u00f5hn, see imendub kiiresti ja jaotub nahale \u00fchtlaselt. Peamised toimeained: Betaiin \u2013 s\u00fcgavniisutab, leevendab...","og_url":"https:\/\/idakorea.ee\/en\/product\/niisutav-riisikreem-naole-keraamiididega-the-face-shop-rice-ceramide-moisturizing-cream-50ml\/","og_site_name":"IDA.KOREA","article_modified_time":"2026-03-21T19:42:09+00:00","og_image":[{"width":800,"height":800,"url":"https:\/\/idakorea.ee\/wp-content\/uploads\/2025\/03\/rice-ceramide-cream.jpg","type":"image\/jpeg"}],"twitter_card":"summary_large_image","twitter_misc":{"Est. reading time":"2 minutes"},"schema":{"@context":"https:\/\/schema.org","@graph":[{"@type":"WebPage","@id":"https:\/\/idakorea.ee\/product\/niisutav-riisikreem-naole-keraamiididega-the-face-shop-rice-ceramide-moisturizing-cream-50ml\/","url":"https:\/\/idakorea.ee\/product\/niisutav-riisikreem-naole-keraamiididega-the-face-shop-rice-ceramide-moisturizing-cream-50ml\/","name":"Moisturizing Rice Cream with Ceramides The Face Shop Rice Ceramide Moisturizing Cream, 50ml - IDA.KOREA","isPartOf":{"@id":"https:\/\/idakorea.ee\/#website"},"primaryImageOfPage":{"@id":"https:\/\/idakorea.ee\/product\/niisutav-riisikreem-naole-keraamiididega-the-face-shop-rice-ceramide-moisturizing-cream-50ml\/#primaryimage"},"image":{"@id":"https:\/\/idakorea.ee\/product\/niisutav-riisikreem-naole-keraamiididega-the-face-shop-rice-ceramide-moisturizing-cream-50ml\/#primaryimage"},"thumbnailUrl":"https:\/\/idakorea.ee\/wp-content\/uploads\/2025\/03\/rice-ceramide-cream.jpg","datePublished":"2025-03-05T10:06:02+00:00","dateModified":"2026-03-21T19:42:09+00:00","breadcrumb":{"@id":"https:\/\/idakorea.ee\/product\/niisutav-riisikreem-naole-keraamiididega-the-face-shop-rice-ceramide-moisturizing-cream-50ml\/#breadcrumb"},"inLanguage":"en-US","potentialAction":[{"@type":"ReadAction","target":["https:\/\/idakorea.ee\/product\/niisutav-riisikreem-naole-keraamiididega-the-face-shop-rice-ceramide-moisturizing-cream-50ml\/"]}]},{"@type":"ImageObject","inLanguage":"en-US","@id":"https:\/\/idakorea.ee\/product\/niisutav-riisikreem-naole-keraamiididega-the-face-shop-rice-ceramide-moisturizing-cream-50ml\/#primaryimage","url":"https:\/\/idakorea.ee\/wp-content\/uploads\/2025\/03\/rice-ceramide-cream.jpg","contentUrl":"https:\/\/idakorea.ee\/wp-content\/uploads\/2025\/03\/rice-ceramide-cream.jpg","width":800,"height":800,"caption":"Version 1.0.0"},{"@type":"BreadcrumbList","@id":"https:\/\/idakorea.ee\/product\/niisutav-riisikreem-naole-keraamiididega-the-face-shop-rice-ceramide-moisturizing-cream-50ml\/#breadcrumb","itemListElement":[{"@type":"ListItem","position":1,"name":"\u0413\u043b\u0430\u0432\u043d\u0430\u044f \u0441\u0442\u0440\u0430\u043d\u0438\u0446\u0430","item":"https:\/\/idakorea.ee\/"},{"@type":"ListItem","position":2,"name":"Shop","item":"https:\/\/idakorea.ee\/shop-2\/"},{"@type":"ListItem","position":3,"name":"Niisutav riisikreem n\u00e4ole keraamiididega The Face Shop Rice Ceramide Moisturizing Cream, 50ml"}]},{"@type":"WebSite","@id":"https:\/\/idakorea.ee\/#website","url":"https:\/\/idakorea.ee\/","name":"IDA.KOREA","description":"Korean cosmetics e-shop","publisher":{"@id":"https:\/\/idakorea.ee\/#organization"},"alternateName":"Beauty Shop","potentialAction":[{"@type":"SearchAction","target":{"@type":"EntryPoint","urlTemplate":"https:\/\/idakorea.ee\/?s={search_term_string}"},"query-input":{"@type":"PropertyValueSpecification","valueRequired":true,"valueName":"search_term_string"}}],"inLanguage":"en-US"},{"@type":"Organization","@id":"https:\/\/idakorea.ee\/#organization","name":"IDA.KOREA","url":"https:\/\/idakorea.ee\/","logo":{"@type":"ImageObject","inLanguage":"en-US","@id":"https:\/\/idakorea.ee\/#\/schema\/logo\/image\/","url":"https:\/\/idakorea.ee\/wp-content\/uploads\/2024\/05\/cropped-korea3.png","contentUrl":"https:\/\/idakorea.ee\/wp-content\/uploads\/2024\/05\/cropped-korea3.png","width":688,"height":126,"caption":"IDA.KOREA"},"image":{"@id":"https:\/\/idakorea.ee\/#\/schema\/logo\/image\/"},"sameAs":["https:\/\/www.instagram.com\/ida.korea\/"]}]}},"jetpack_sharing_enabled":true,"brands":[{"id":826,"name":"THE FACE SHOP","slug":"the-face-shop"}],"_links":{"self":[{"href":"https:\/\/idakorea.ee\/en\/wp-json\/wp\/v2\/product\/12978","targetHints":{"allow":["GET"]}}],"collection":[{"href":"https:\/\/idakorea.ee\/en\/wp-json\/wp\/v2\/product"}],"about":[{"href":"https:\/\/idakorea.ee\/en\/wp-json\/wp\/v2\/types\/product"}],"replies":[{"embeddable":true,"href":"https:\/\/idakorea.ee\/en\/wp-json\/wp\/v2\/comments?post=12978"}],"version-history":[{"count":1,"href":"https:\/\/idakorea.ee\/en\/wp-json\/wp\/v2\/product\/12978\/revisions"}],"predecessor-version":[{"id":12982,"href":"https:\/\/idakorea.ee\/en\/wp-json\/wp\/v2\/product\/12978\/revisions\/12982"}],"wp:featuredmedia":[{"embeddable":true,"href":"https:\/\/idakorea.ee\/en\/wp-json\/wp\/v2\/media\/12979"}],"wp:attachment":[{"href":"https:\/\/idakorea.ee\/en\/wp-json\/wp\/v2\/media?parent=12978"}],"wp:term":[{"taxonomy":"pwb-brand","embeddable":true,"href":"https:\/\/idakorea.ee\/en\/wp-json\/wp\/v2\/pwb-brand?post=12978"},{"taxonomy":"product_brand","embeddable":true,"href":"https:\/\/idakorea.ee\/en\/wp-json\/wp\/v2\/product_brand?post=12978"},{"taxonomy":"product_cat","embeddable":true,"href":"https:\/\/idakorea.ee\/en\/wp-json\/wp\/v2\/product_cat?post=12978"},{"taxonomy":"product_tag","embeddable":true,"href":"https:\/\/idakorea.ee\/en\/wp-json\/wp\/v2\/product_tag?post=12978"}],"curies":[{"name":"wp","href":"https:\/\/api.w.org\/{rel}","templated":true}]}}