{"id":12986,"date":"2025-03-06T11:20:13","date_gmt":"2025-03-06T09:20:13","guid":{"rendered":"https:\/\/idakorea.ee\/?post_type=product&#038;p=12986"},"modified":"2026-02-28T12:59:38","modified_gmt":"2026-02-28T10:59:38","slug":"probiootiline-seerum-medipeel-red-peptide-red-lacto-collagen-ampoule-50ml","status":"publish","type":"product","link":"https:\/\/idakorea.ee\/en\/product\/probiootiline-seerum-medipeel-red-peptide-red-lacto-collagen-ampoule-50ml\/","title":{"rendered":"Probiotic serum Medipeel+ Red Peptide Red Lacto Collagen Ampoule, 50ml"},"content":{"rendered":"<p>The probiotic serum provides up to 200 hours of hydration after the first use.It is formulated for all skin types prone to dryness, scaling, redness and showing signs of loss of elasticity. The balanced formula combines immune-modulating, anti-inflammatory, moisture-retaining and strengthening active ingredients. It is the synergistic action of the key ingredients that replenishes the skin's moisture, strengthens the skin's matrix, smoothes wrinkles, reduces redness and erythema.<\/p>\n<p><strong>Main active ingredients:<\/strong><\/p>\n<p><strong>Probiotic complex<\/strong> - has immunomodulatory, soothing and anti-inflammatory effects. Activates microcirculation, which evens skin tone and restores a healthy complexion. Probiotics balance the water balance, provide antioxidant action, preventing chrono- and photo-aging.<\/p>\n<p><strong>Syn-Collagen Booster\u2122<\/strong> - a proprietary hybrid form of collagen that targets the activation of the synthesis of structural skin proteins, slowing down glycation processes and deep hydration. Strengthens blood vessel walls, accelerates skin regeneration and provides antioxidant protection.<\/p>\n<p class=\"translation-block\"><strong>Incapsulated peptide complex <\/strong> - contains both signal peptides and myorelaxants:<br>\r\nHas a relaxing effect on the myofascial muscles, smoothing wrinkles and preventing their formation.<br>\r\nThe signal peptides activate the synthesis of structural skin proteins (collagen, elastin), which helps to prevent ageing, reinforces the facial contour and smoothes wrinkles.<\/p>\n<p><strong>A complex of hyaluronic acids with different molecular weights<\/strong> - restores and supports the skin's moisture balance at cellular level, helps maintain optimal microflora and prevents transepidermal water loss (TEWL).<\/p>\n<p class=\"translation-block\"><strong>Pomegranate, strawberry and plum extract complex<\/strong> -<br><br>\r\nHas anti-oedema, pore tightening and antioxidant effects.<br>\r\nProvides a detoxifying effect, evens skin tone, brightens post-acne and adds radiance.<br>\r\nMoisturizes, has an immunomodulating effect and speeds up the regeneration process.<\/p>\n<p><strong>Ceramide NP<\/strong> - restores and supports the skin's barrier function, protecting the epidermis from dehydration.<\/p>\n<p>&nbsp;<\/p>\n<p><strong>Usage:\u00a0<\/strong>After using the toner, apply the required amount of serum evenly to the face. Then apply a face cream to lock the moisture and active ingredients into the skin.<\/p>","protected":false},"excerpt":{"rendered":"<p>The probiotic serum provides up to 200 hours of hydration after the first use.It is formulated for all skin types prone to dryness, scaling, redness and showing signs of loss of elasticity. The balanced formula combines immune-modulating, anti-inflammatory, moisture-retaining and strengthening active ingredients. It is the synergistic action of the key ingredients that replenishes the skin's moisture, strengthens the skin matrix, smoothes wrinkles, reduces redness and erythema....<\/p>","protected":false},"featured_media":12987,"comment_status":"open","ping_status":"closed","template":"","meta":{"_uf_show_specific_survey":0,"_uf_disable_surveys":false,"_bst_post_transparent":"default","_bst_post_title":"","_bst_post_layout":"default","_bst_post_sidebar_id":"","_bst_post_content_style":"default","_bst_post_vertical_padding":"default","_bst_post_feature":"","_bst_post_feature_position":"","_bst_post_header":false,"_bst_post_footer":false},"pwb-brand":[107],"product_brand":[],"product_cat":[92,97],"product_tag":[829,381,830],"class_list":{"0":"post-12986","1":"product","2":"type-product","3":"status-publish","4":"has-post-thumbnail","6":"pwb-brand-medipeel","7":"product_cat-nagu","8":"product_cat-naoseerumid-ja-olid","9":"product_tag-lacto","10":"product_tag-medipeel","11":"product_tag-peptide","13":"first","14":"instock","15":"sale","16":"shipping-taxable","17":"purchasable","18":"product-type-simple","19":"entry","20":"content-bg","21":"loop-entry"},"supplier_id":null,"supplier_sku":"","barcode":null,"atum_controlled":true,"out_stock_date":null,"out_stock_threshold":null,"inheritable":false,"inbound_stock":0,"stock_on_hold":0,"sold_today":0,"sales_last_days":0,"out_stock_days":0,"lost_sales":0,"has_location":false,"update_date":"2026-04-14T00:05:10","atum_locations":[],"atum_stock_status":"instock","restock_status":false,"low_stock_amount":"","sales_update_date":"2026-04-14T00:05:10","calc_backorders":null,"yoast_head":"<!-- This site is optimized with the Yoast SEO plugin v27.2 - https:\/\/yoast.com\/product\/yoast-seo-wordpress\/ -->\n<title>Probiootiline seerum Medipeel+ Red Peptide Red Lacto Collagen Ampoule, 50ml - IDA.KOREA<\/title>\n<meta name=\"robots\" content=\"index, follow, max-snippet:-1, max-image-preview:large, max-video-preview:-1\" \/>\n<link rel=\"canonical\" href=\"https:\/\/idakorea.ee\/en\/product\/probiootiline-seerum-medipeel-red-peptide-red-lacto-collagen-ampoule-50ml\/\" \/>\n<meta property=\"og:locale\" content=\"en_US\" \/>\n<meta property=\"og:type\" content=\"article\" \/>\n<meta property=\"og:title\" content=\"Probiootiline seerum Medipeel+ Red Peptide Red Lacto Collagen Ampoule, 50ml - IDA.KOREA\" \/>\n<meta property=\"og:description\" content=\"Probiootiline seerum tagab kuni 200 tundi niisutust p\u00e4rast esimest kasutuskorda.See on v\u00e4lja t\u00f6\u00f6tatud k\u00f5igile nahat\u00fc\u00fcpidele, mis on kalduvad kuivusele, ketendusele, punetusele ning millel on m\u00e4rgatavad elastsuse kaotuse tunnused. Tasakaalustatud koostis \u00fchendab endas immuunmoduleerivaid, p\u00f5letikuvastaseid, niiskust s\u00e4ilitavaid ja tugevdavaid toimeaineid. Just p\u00f5hikoostisosade s\u00fcnergiline toime t\u00e4idab naha niiskusega, tugevdab naha maatriksit, silub kortse, v\u00e4hendab punetust ja er\u00fcteemi....\" \/>\n<meta property=\"og:url\" content=\"https:\/\/idakorea.ee\/en\/product\/probiootiline-seerum-medipeel-red-peptide-red-lacto-collagen-ampoule-50ml\/\" \/>\n<meta property=\"og:site_name\" content=\"IDA.KOREA\" \/>\n<meta property=\"article:modified_time\" content=\"2026-02-28T10:59:38+00:00\" \/>\n<meta property=\"og:image\" content=\"https:\/\/idakorea.ee\/wp-content\/uploads\/2025\/03\/medipeel.collagen.ampoule.png\" \/>\n\t<meta property=\"og:image:width\" content=\"600\" \/>\n\t<meta property=\"og:image:height\" content=\"600\" \/>\n\t<meta property=\"og:image:type\" content=\"image\/png\" \/>\n<meta name=\"twitter:card\" content=\"summary_large_image\" \/>\n<meta name=\"twitter:label1\" content=\"Est. reading time\" \/>\n\t<meta name=\"twitter:data1\" content=\"2 minutes\" \/>\n<script type=\"application\/ld+json\" class=\"yoast-schema-graph\">{\"@context\":\"https:\/\/schema.org\",\"@graph\":[{\"@type\":\"WebPage\",\"@id\":\"https:\/\/idakorea.ee\/product\/probiootiline-seerum-medipeel-red-peptide-red-lacto-collagen-ampoule-50ml\/\",\"url\":\"https:\/\/idakorea.ee\/product\/probiootiline-seerum-medipeel-red-peptide-red-lacto-collagen-ampoule-50ml\/\",\"name\":\"Probiootiline seerum Medipeel+ Red Peptide Red Lacto Collagen Ampoule, 50ml - IDA.KOREA\",\"isPartOf\":{\"@id\":\"https:\/\/idakorea.ee\/#website\"},\"primaryImageOfPage\":{\"@id\":\"https:\/\/idakorea.ee\/product\/probiootiline-seerum-medipeel-red-peptide-red-lacto-collagen-ampoule-50ml\/#primaryimage\"},\"image\":{\"@id\":\"https:\/\/idakorea.ee\/product\/probiootiline-seerum-medipeel-red-peptide-red-lacto-collagen-ampoule-50ml\/#primaryimage\"},\"thumbnailUrl\":\"https:\/\/idakorea.ee\/wp-content\/uploads\/2025\/03\/medipeel.collagen.ampoule.png\",\"datePublished\":\"2025-03-06T09:20:13+00:00\",\"dateModified\":\"2026-02-28T10:59:38+00:00\",\"breadcrumb\":{\"@id\":\"https:\/\/idakorea.ee\/product\/probiootiline-seerum-medipeel-red-peptide-red-lacto-collagen-ampoule-50ml\/#breadcrumb\"},\"inLanguage\":\"en-US\",\"potentialAction\":[{\"@type\":\"ReadAction\",\"target\":[\"https:\/\/idakorea.ee\/product\/probiootiline-seerum-medipeel-red-peptide-red-lacto-collagen-ampoule-50ml\/\"]}]},{\"@type\":\"ImageObject\",\"inLanguage\":\"en-US\",\"@id\":\"https:\/\/idakorea.ee\/product\/probiootiline-seerum-medipeel-red-peptide-red-lacto-collagen-ampoule-50ml\/#primaryimage\",\"url\":\"https:\/\/idakorea.ee\/wp-content\/uploads\/2025\/03\/medipeel.collagen.ampoule.png\",\"contentUrl\":\"https:\/\/idakorea.ee\/wp-content\/uploads\/2025\/03\/medipeel.collagen.ampoule.png\",\"width\":600,\"height\":600},{\"@type\":\"BreadcrumbList\",\"@id\":\"https:\/\/idakorea.ee\/product\/probiootiline-seerum-medipeel-red-peptide-red-lacto-collagen-ampoule-50ml\/#breadcrumb\",\"itemListElement\":[{\"@type\":\"ListItem\",\"position\":1,\"name\":\"\u0413\u043b\u0430\u0432\u043d\u0430\u044f \u0441\u0442\u0440\u0430\u043d\u0438\u0446\u0430\",\"item\":\"https:\/\/idakorea.ee\/\"},{\"@type\":\"ListItem\",\"position\":2,\"name\":\"Shop\",\"item\":\"https:\/\/idakorea.ee\/shop-2\/\"},{\"@type\":\"ListItem\",\"position\":3,\"name\":\"Probiootiline seerum Medipeel+ Red Peptide Red Lacto Collagen Ampoule, 50ml\"}]},{\"@type\":\"WebSite\",\"@id\":\"https:\/\/idakorea.ee\/#website\",\"url\":\"https:\/\/idakorea.ee\/\",\"name\":\"IDA.KOREA\",\"description\":\"Korea kosmeetika e-pood\",\"publisher\":{\"@id\":\"https:\/\/idakorea.ee\/#organization\"},\"alternateName\":\"Beauty Shop\",\"potentialAction\":[{\"@type\":\"SearchAction\",\"target\":{\"@type\":\"EntryPoint\",\"urlTemplate\":\"https:\/\/idakorea.ee\/?s={search_term_string}\"},\"query-input\":{\"@type\":\"PropertyValueSpecification\",\"valueRequired\":true,\"valueName\":\"search_term_string\"}}],\"inLanguage\":\"en-US\"},{\"@type\":\"Organization\",\"@id\":\"https:\/\/idakorea.ee\/#organization\",\"name\":\"IDA.KOREA\",\"url\":\"https:\/\/idakorea.ee\/\",\"logo\":{\"@type\":\"ImageObject\",\"inLanguage\":\"en-US\",\"@id\":\"https:\/\/idakorea.ee\/#\/schema\/logo\/image\/\",\"url\":\"https:\/\/idakorea.ee\/wp-content\/uploads\/2024\/05\/cropped-korea3.png\",\"contentUrl\":\"https:\/\/idakorea.ee\/wp-content\/uploads\/2024\/05\/cropped-korea3.png\",\"width\":688,\"height\":126,\"caption\":\"IDA.KOREA\"},\"image\":{\"@id\":\"https:\/\/idakorea.ee\/#\/schema\/logo\/image\/\"},\"sameAs\":[\"https:\/\/www.instagram.com\/ida.korea\/\"]}]}<\/script>\n<!-- \/ Yoast SEO plugin. -->","yoast_head_json":{"title":"Probiotic serum Medipeel+ Red Peptide Red Lacto Collagen Ampoule, 50ml - IDA.KOREA","robots":{"index":"index","follow":"follow","max-snippet":"max-snippet:-1","max-image-preview":"max-image-preview:large","max-video-preview":"max-video-preview:-1"},"canonical":"https:\/\/idakorea.ee\/en\/product\/probiootiline-seerum-medipeel-red-peptide-red-lacto-collagen-ampoule-50ml\/","og_locale":"en_US","og_type":"article","og_title":"Probiootiline seerum Medipeel+ Red Peptide Red Lacto Collagen Ampoule, 50ml - IDA.KOREA","og_description":"Probiootiline seerum tagab kuni 200 tundi niisutust p\u00e4rast esimest kasutuskorda.See on v\u00e4lja t\u00f6\u00f6tatud k\u00f5igile nahat\u00fc\u00fcpidele, mis on kalduvad kuivusele, ketendusele, punetusele ning millel on m\u00e4rgatavad elastsuse kaotuse tunnused. Tasakaalustatud koostis \u00fchendab endas immuunmoduleerivaid, p\u00f5letikuvastaseid, niiskust s\u00e4ilitavaid ja tugevdavaid toimeaineid. Just p\u00f5hikoostisosade s\u00fcnergiline toime t\u00e4idab naha niiskusega, tugevdab naha maatriksit, silub kortse, v\u00e4hendab punetust ja er\u00fcteemi....","og_url":"https:\/\/idakorea.ee\/en\/product\/probiootiline-seerum-medipeel-red-peptide-red-lacto-collagen-ampoule-50ml\/","og_site_name":"IDA.KOREA","article_modified_time":"2026-02-28T10:59:38+00:00","og_image":[{"width":600,"height":600,"url":"https:\/\/idakorea.ee\/wp-content\/uploads\/2025\/03\/medipeel.collagen.ampoule.png","type":"image\/png"}],"twitter_card":"summary_large_image","twitter_misc":{"Est. reading time":"2 minutes"},"schema":{"@context":"https:\/\/schema.org","@graph":[{"@type":"WebPage","@id":"https:\/\/idakorea.ee\/product\/probiootiline-seerum-medipeel-red-peptide-red-lacto-collagen-ampoule-50ml\/","url":"https:\/\/idakorea.ee\/product\/probiootiline-seerum-medipeel-red-peptide-red-lacto-collagen-ampoule-50ml\/","name":"Probiotic serum Medipeel+ Red Peptide Red Lacto Collagen Ampoule, 50ml - IDA.KOREA","isPartOf":{"@id":"https:\/\/idakorea.ee\/#website"},"primaryImageOfPage":{"@id":"https:\/\/idakorea.ee\/product\/probiootiline-seerum-medipeel-red-peptide-red-lacto-collagen-ampoule-50ml\/#primaryimage"},"image":{"@id":"https:\/\/idakorea.ee\/product\/probiootiline-seerum-medipeel-red-peptide-red-lacto-collagen-ampoule-50ml\/#primaryimage"},"thumbnailUrl":"https:\/\/idakorea.ee\/wp-content\/uploads\/2025\/03\/medipeel.collagen.ampoule.png","datePublished":"2025-03-06T09:20:13+00:00","dateModified":"2026-02-28T10:59:38+00:00","breadcrumb":{"@id":"https:\/\/idakorea.ee\/product\/probiootiline-seerum-medipeel-red-peptide-red-lacto-collagen-ampoule-50ml\/#breadcrumb"},"inLanguage":"en-US","potentialAction":[{"@type":"ReadAction","target":["https:\/\/idakorea.ee\/product\/probiootiline-seerum-medipeel-red-peptide-red-lacto-collagen-ampoule-50ml\/"]}]},{"@type":"ImageObject","inLanguage":"en-US","@id":"https:\/\/idakorea.ee\/product\/probiootiline-seerum-medipeel-red-peptide-red-lacto-collagen-ampoule-50ml\/#primaryimage","url":"https:\/\/idakorea.ee\/wp-content\/uploads\/2025\/03\/medipeel.collagen.ampoule.png","contentUrl":"https:\/\/idakorea.ee\/wp-content\/uploads\/2025\/03\/medipeel.collagen.ampoule.png","width":600,"height":600},{"@type":"BreadcrumbList","@id":"https:\/\/idakorea.ee\/product\/probiootiline-seerum-medipeel-red-peptide-red-lacto-collagen-ampoule-50ml\/#breadcrumb","itemListElement":[{"@type":"ListItem","position":1,"name":"\u0413\u043b\u0430\u0432\u043d\u0430\u044f \u0441\u0442\u0440\u0430\u043d\u0438\u0446\u0430","item":"https:\/\/idakorea.ee\/"},{"@type":"ListItem","position":2,"name":"Shop","item":"https:\/\/idakorea.ee\/shop-2\/"},{"@type":"ListItem","position":3,"name":"Probiootiline seerum Medipeel+ Red Peptide Red Lacto Collagen Ampoule, 50ml"}]},{"@type":"WebSite","@id":"https:\/\/idakorea.ee\/#website","url":"https:\/\/idakorea.ee\/","name":"IDA.KOREA","description":"Korean cosmetics e-shop","publisher":{"@id":"https:\/\/idakorea.ee\/#organization"},"alternateName":"Beauty Shop","potentialAction":[{"@type":"SearchAction","target":{"@type":"EntryPoint","urlTemplate":"https:\/\/idakorea.ee\/?s={search_term_string}"},"query-input":{"@type":"PropertyValueSpecification","valueRequired":true,"valueName":"search_term_string"}}],"inLanguage":"en-US"},{"@type":"Organization","@id":"https:\/\/idakorea.ee\/#organization","name":"IDA.KOREA","url":"https:\/\/idakorea.ee\/","logo":{"@type":"ImageObject","inLanguage":"en-US","@id":"https:\/\/idakorea.ee\/#\/schema\/logo\/image\/","url":"https:\/\/idakorea.ee\/wp-content\/uploads\/2024\/05\/cropped-korea3.png","contentUrl":"https:\/\/idakorea.ee\/wp-content\/uploads\/2024\/05\/cropped-korea3.png","width":688,"height":126,"caption":"IDA.KOREA"},"image":{"@id":"https:\/\/idakorea.ee\/#\/schema\/logo\/image\/"},"sameAs":["https:\/\/www.instagram.com\/ida.korea\/"]}]}},"jetpack_sharing_enabled":true,"brands":[{"id":107,"name":"MEDIPEEL+","slug":"medipeel"}],"_links":{"self":[{"href":"https:\/\/idakorea.ee\/en\/wp-json\/wp\/v2\/product\/12986","targetHints":{"allow":["GET"]}}],"collection":[{"href":"https:\/\/idakorea.ee\/en\/wp-json\/wp\/v2\/product"}],"about":[{"href":"https:\/\/idakorea.ee\/en\/wp-json\/wp\/v2\/types\/product"}],"replies":[{"embeddable":true,"href":"https:\/\/idakorea.ee\/en\/wp-json\/wp\/v2\/comments?post=12986"}],"version-history":[{"count":1,"href":"https:\/\/idakorea.ee\/en\/wp-json\/wp\/v2\/product\/12986\/revisions"}],"predecessor-version":[{"id":12989,"href":"https:\/\/idakorea.ee\/en\/wp-json\/wp\/v2\/product\/12986\/revisions\/12989"}],"wp:featuredmedia":[{"embeddable":true,"href":"https:\/\/idakorea.ee\/en\/wp-json\/wp\/v2\/media\/12987"}],"wp:attachment":[{"href":"https:\/\/idakorea.ee\/en\/wp-json\/wp\/v2\/media?parent=12986"}],"wp:term":[{"taxonomy":"pwb-brand","embeddable":true,"href":"https:\/\/idakorea.ee\/en\/wp-json\/wp\/v2\/pwb-brand?post=12986"},{"taxonomy":"product_brand","embeddable":true,"href":"https:\/\/idakorea.ee\/en\/wp-json\/wp\/v2\/product_brand?post=12986"},{"taxonomy":"product_cat","embeddable":true,"href":"https:\/\/idakorea.ee\/en\/wp-json\/wp\/v2\/product_cat?post=12986"},{"taxonomy":"product_tag","embeddable":true,"href":"https:\/\/idakorea.ee\/en\/wp-json\/wp\/v2\/product_tag?post=12986"}],"curies":[{"name":"wp","href":"https:\/\/api.w.org\/{rel}","templated":true}]}}