{"id":12990,"date":"2025-03-06T12:27:26","date_gmt":"2025-03-06T10:27:26","guid":{"rendered":"https:\/\/idakorea.ee\/?post_type=product&#038;p=12990"},"modified":"2026-05-10T00:37:45","modified_gmt":"2026-05-09T22:37:45","slug":"bb-kreem-aasia-tsentella-ekstraktiga-purito-seoul-wonder-releaf-centella-bb-cream-30ml","status":"publish","type":"product","link":"https:\/\/idakorea.ee\/en\/product\/bb-kreem-aasia-tsentella-ekstraktiga-purito-seoul-wonder-releaf-centella-bb-cream-30ml\/","title":{"rendered":"BB Cream with Asian Centella Extract Purito Seoul Wonder Releaf Centella BB Cream, 30ml"},"content":{"rendered":"<p>BB cream provides even and natural coverage in just one layer, masking minor skin imperfections and redness. It has a moisturizing effect that supplies the skin with nutrients. Contains Asian water lily extract, which soothes the skin.<\/p>\n<p>The BB cream is hypoallergenic and suitable for all skin types. In addition, it offers UV protection with SPF 30 PA+++.<\/p>\n<p><strong>Advantages:<\/strong><\/p>\n<p>Creamy and light texture that doesn't leave skin feeling sticky or create a mask effect.<br \/>\nBrightens the skin tone, leaving it radiant and fresh.<br \/>\nSoothes sensitive skin.<br \/>\nBalances oil production and reduces excess shine.<br \/>\nMoisturises the skin and strengthens its protective barrier.<br \/>\nLeaves a natural, healthy shine.<\/p>\n<p><strong>Ingredients and their effects:<\/strong><\/p>\n<p><strong>Asian water-lily extract<\/strong> \u2013 soothes the skin, accelerates skin regeneration.<\/p>\n<p><strong>Provitamin B5 (panthenol)<\/strong> - binds and retains moisture, leaving skin soft and hydrated. Helps the skin to fight the effects of the external environment, reduces redness and soothes irritations.<\/p>\n<p class=\"translation-block\"><strong>Vitamin B3 (niacinamide)<\/strong> - <strong>brightens skin tone<\/strong>, helps prevent pigmentation and boosts the skin's antioxidant defences. Supports the skin's protective barrier and purifies dull skin.<\/p>\n<p>Leaves a natural glow and is a great base for makeup.<br \/>\nDermatologically tested.<\/p>\n<p>Suitable for all skin types.<\/p>\n<p><strong>User manual: <\/strong>Apply BB cream evenly with fingertips or a make-up brush after using skincare products. Diffuse thoroughly to blend into the skin. A second layer may be added to problem areas for better coverage.<\/p>","protected":false},"excerpt":{"rendered":"<p>BB cream provides even and natural coverage with just one layer, masking minor skin imperfections and redness. It has a moisturizing effect that supplies the skin with nutrients. Contains Asian water lily extract, which soothes the skin. BB cream is hypoallergenic and suitable for all skin types. In addition, it offers protection from UV radiation, containing SPF 30 PA+++. Benefits: Creamy and light texture that does not leave the skin\u2026<\/p>","protected":false},"featured_media":12991,"comment_status":"open","ping_status":"closed","template":"","meta":{"_uf_show_specific_survey":0,"_uf_disable_surveys":false,"_bst_post_transparent":"default","_bst_post_title":"","_bst_post_layout":"default","_bst_post_sidebar_id":"","_bst_post_content_style":"default","_bst_post_vertical_padding":"default","_bst_post_feature":"","_bst_post_feature_position":"","_bst_post_header":false,"_bst_post_footer":false},"pwb-brand":[491],"product_brand":[],"product_cat":[500,499],"product_tag":[794,677],"class_list":{"0":"post-12990","1":"product","2":"type-product","3":"status-publish","4":"has-post-thumbnail","6":"pwb-brand-purito","7":"product_cat-jumestuskreemid","8":"product_cat-meik","9":"product_tag-bb","10":"product_tag-purito","12":"first","13":"instock","14":"sale","15":"shipping-taxable","16":"purchasable","17":"product-type-variable","18":"entry","19":"content-bg","20":"loop-entry"},"supplier_id":null,"supplier_sku":"","barcode":null,"atum_controlled":true,"out_stock_date":null,"out_stock_threshold":null,"inheritable":true,"inbound_stock":0,"stock_on_hold":0,"sold_today":0,"sales_last_days":1,"out_stock_days":0,"lost_sales":0,"has_location":false,"update_date":"2026-05-09T22:37:46","atum_locations":[],"atum_stock_status":"instock","restock_status":false,"low_stock_amount":"","sales_update_date":"2026-04-30T00:10:33","calc_backorders":null,"yoast_head":"<!-- This site is optimized with the Yoast SEO plugin v27.2 - https:\/\/yoast.com\/product\/yoast-seo-wordpress\/ -->\n<title>Purito Seoul Wonder Releaf Centella BB Cream, 30ml - IDA.KOREA<\/title>\n<meta name=\"description\" content=\"BB-kreem tagab \u00fchtlase ja loomuliku katvuse juba \u00fche kihiga, maskeerides v\u00e4iksemaid nahapuudusi ja punetust. Sellel on niisutav toime, mis varustab nahka toitainetega.\" \/>\n<meta name=\"robots\" content=\"index, follow, max-snippet:-1, max-image-preview:large, max-video-preview:-1\" \/>\n<link rel=\"canonical\" href=\"https:\/\/idakorea.ee\/en\/product\/bb-kreem-aasia-tsentella-ekstraktiga-purito-seoul-wonder-releaf-centella-bb-cream-30ml\/\" \/>\n<meta property=\"og:locale\" content=\"en_US\" \/>\n<meta property=\"og:type\" content=\"article\" \/>\n<meta property=\"og:title\" content=\"Purito Seoul Wonder Releaf Centella BB Cream, 30ml - IDA.KOREA\" \/>\n<meta property=\"og:description\" content=\"BB-kreem tagab \u00fchtlase ja loomuliku katvuse juba \u00fche kihiga, maskeerides v\u00e4iksemaid nahapuudusi ja punetust. Sellel on niisutav toime, mis varustab nahka toitainetega.\" \/>\n<meta property=\"og:url\" content=\"https:\/\/idakorea.ee\/en\/product\/bb-kreem-aasia-tsentella-ekstraktiga-purito-seoul-wonder-releaf-centella-bb-cream-30ml\/\" \/>\n<meta property=\"og:site_name\" content=\"IDA.KOREA\" \/>\n<meta property=\"article:modified_time\" content=\"2026-05-09T22:37:45+00:00\" \/>\n<meta property=\"og:image\" content=\"https:\/\/idakorea.ee\/wp-content\/uploads\/2025\/03\/wonder.bb_.cream_.jpg\" \/>\n\t<meta property=\"og:image:width\" content=\"800\" \/>\n\t<meta property=\"og:image:height\" content=\"800\" \/>\n\t<meta property=\"og:image:type\" content=\"image\/jpeg\" \/>\n<meta name=\"twitter:card\" content=\"summary_large_image\" \/>\n<meta name=\"twitter:label1\" content=\"Est. reading time\" \/>\n\t<meta name=\"twitter:data1\" content=\"2 minutes\" \/>\n<script type=\"application\/ld+json\" class=\"yoast-schema-graph\">{\"@context\":\"https:\/\/schema.org\",\"@graph\":[{\"@type\":\"WebPage\",\"@id\":\"https:\/\/idakorea.ee\/product\/bb-kreem-aasia-tsentella-ekstraktiga-purito-seoul-wonder-releaf-centella-bb-cream-30ml\/\",\"url\":\"https:\/\/idakorea.ee\/product\/bb-kreem-aasia-tsentella-ekstraktiga-purito-seoul-wonder-releaf-centella-bb-cream-30ml\/\",\"name\":\"Purito Seoul Wonder Releaf Centella BB Cream, 30ml - IDA.KOREA\",\"isPartOf\":{\"@id\":\"https:\/\/idakorea.ee\/#website\"},\"primaryImageOfPage\":{\"@id\":\"https:\/\/idakorea.ee\/product\/bb-kreem-aasia-tsentella-ekstraktiga-purito-seoul-wonder-releaf-centella-bb-cream-30ml\/#primaryimage\"},\"image\":{\"@id\":\"https:\/\/idakorea.ee\/product\/bb-kreem-aasia-tsentella-ekstraktiga-purito-seoul-wonder-releaf-centella-bb-cream-30ml\/#primaryimage\"},\"thumbnailUrl\":\"https:\/\/idakorea.ee\/wp-content\/uploads\/2025\/03\/wonder.bb_.cream_.jpg\",\"datePublished\":\"2025-03-06T10:27:26+00:00\",\"dateModified\":\"2026-05-09T22:37:45+00:00\",\"description\":\"BB-kreem tagab \u00fchtlase ja loomuliku katvuse juba \u00fche kihiga, maskeerides v\u00e4iksemaid nahapuudusi ja punetust. Sellel on niisutav toime, mis varustab nahka toitainetega.\",\"breadcrumb\":{\"@id\":\"https:\/\/idakorea.ee\/product\/bb-kreem-aasia-tsentella-ekstraktiga-purito-seoul-wonder-releaf-centella-bb-cream-30ml\/#breadcrumb\"},\"inLanguage\":\"en-US\",\"potentialAction\":[{\"@type\":\"ReadAction\",\"target\":[\"https:\/\/idakorea.ee\/product\/bb-kreem-aasia-tsentella-ekstraktiga-purito-seoul-wonder-releaf-centella-bb-cream-30ml\/\"]}]},{\"@type\":\"ImageObject\",\"inLanguage\":\"en-US\",\"@id\":\"https:\/\/idakorea.ee\/product\/bb-kreem-aasia-tsentella-ekstraktiga-purito-seoul-wonder-releaf-centella-bb-cream-30ml\/#primaryimage\",\"url\":\"https:\/\/idakorea.ee\/wp-content\/uploads\/2025\/03\/wonder.bb_.cream_.jpg\",\"contentUrl\":\"https:\/\/idakorea.ee\/wp-content\/uploads\/2025\/03\/wonder.bb_.cream_.jpg\",\"width\":800,\"height\":800},{\"@type\":\"BreadcrumbList\",\"@id\":\"https:\/\/idakorea.ee\/product\/bb-kreem-aasia-tsentella-ekstraktiga-purito-seoul-wonder-releaf-centella-bb-cream-30ml\/#breadcrumb\",\"itemListElement\":[{\"@type\":\"ListItem\",\"position\":1,\"name\":\"\u0413\u043b\u0430\u0432\u043d\u0430\u044f \u0441\u0442\u0440\u0430\u043d\u0438\u0446\u0430\",\"item\":\"https:\/\/idakorea.ee\/\"},{\"@type\":\"ListItem\",\"position\":2,\"name\":\"Shop\",\"item\":\"https:\/\/idakorea.ee\/shop-2\/\"},{\"@type\":\"ListItem\",\"position\":3,\"name\":\"BB-kreem Aasia tsentella ekstraktiga Purito Seoul Wonder Releaf Centella BB Cream, 30ml\"}]},{\"@type\":\"WebSite\",\"@id\":\"https:\/\/idakorea.ee\/#website\",\"url\":\"https:\/\/idakorea.ee\/\",\"name\":\"IDA.KOREA\",\"description\":\"Korea kosmeetika e-pood\",\"publisher\":{\"@id\":\"https:\/\/idakorea.ee\/#organization\"},\"alternateName\":\"Beauty Shop\",\"potentialAction\":[{\"@type\":\"SearchAction\",\"target\":{\"@type\":\"EntryPoint\",\"urlTemplate\":\"https:\/\/idakorea.ee\/?s={search_term_string}\"},\"query-input\":{\"@type\":\"PropertyValueSpecification\",\"valueRequired\":true,\"valueName\":\"search_term_string\"}}],\"inLanguage\":\"en-US\"},{\"@type\":\"Organization\",\"@id\":\"https:\/\/idakorea.ee\/#organization\",\"name\":\"IDA.KOREA\",\"url\":\"https:\/\/idakorea.ee\/\",\"logo\":{\"@type\":\"ImageObject\",\"inLanguage\":\"en-US\",\"@id\":\"https:\/\/idakorea.ee\/#\/schema\/logo\/image\/\",\"url\":\"https:\/\/idakorea.ee\/wp-content\/uploads\/2024\/05\/cropped-korea3.png\",\"contentUrl\":\"https:\/\/idakorea.ee\/wp-content\/uploads\/2024\/05\/cropped-korea3.png\",\"width\":688,\"height\":126,\"caption\":\"IDA.KOREA\"},\"image\":{\"@id\":\"https:\/\/idakorea.ee\/#\/schema\/logo\/image\/\"},\"sameAs\":[\"https:\/\/www.instagram.com\/ida.korea\/\"]}]}<\/script>\n<!-- \/ Yoast SEO plugin. -->","yoast_head_json":{"title":"Purito Seoul Wonder Releaf Centella BB Cream, 30ml - IDA.KOREA","description":"BB cream provides even and natural coverage with just one layer, masking minor skin imperfections and redness. It has a moisturizing effect that supplies the skin with nutrients.","robots":{"index":"index","follow":"follow","max-snippet":"max-snippet:-1","max-image-preview":"max-image-preview:large","max-video-preview":"max-video-preview:-1"},"canonical":"https:\/\/idakorea.ee\/en\/product\/bb-kreem-aasia-tsentella-ekstraktiga-purito-seoul-wonder-releaf-centella-bb-cream-30ml\/","og_locale":"en_US","og_type":"article","og_title":"Purito Seoul Wonder Releaf Centella BB Cream, 30ml - IDA.KOREA","og_description":"BB-kreem tagab \u00fchtlase ja loomuliku katvuse juba \u00fche kihiga, maskeerides v\u00e4iksemaid nahapuudusi ja punetust. Sellel on niisutav toime, mis varustab nahka toitainetega.","og_url":"https:\/\/idakorea.ee\/en\/product\/bb-kreem-aasia-tsentella-ekstraktiga-purito-seoul-wonder-releaf-centella-bb-cream-30ml\/","og_site_name":"IDA.KOREA","article_modified_time":"2026-05-09T22:37:45+00:00","og_image":[{"width":800,"height":800,"url":"https:\/\/idakorea.ee\/wp-content\/uploads\/2025\/03\/wonder.bb_.cream_.jpg","type":"image\/jpeg"}],"twitter_card":"summary_large_image","twitter_misc":{"Est. reading time":"2 minutes"},"schema":{"@context":"https:\/\/schema.org","@graph":[{"@type":"WebPage","@id":"https:\/\/idakorea.ee\/product\/bb-kreem-aasia-tsentella-ekstraktiga-purito-seoul-wonder-releaf-centella-bb-cream-30ml\/","url":"https:\/\/idakorea.ee\/product\/bb-kreem-aasia-tsentella-ekstraktiga-purito-seoul-wonder-releaf-centella-bb-cream-30ml\/","name":"Purito Seoul Wonder Releaf Centella BB Cream, 30ml - IDA.KOREA","isPartOf":{"@id":"https:\/\/idakorea.ee\/#website"},"primaryImageOfPage":{"@id":"https:\/\/idakorea.ee\/product\/bb-kreem-aasia-tsentella-ekstraktiga-purito-seoul-wonder-releaf-centella-bb-cream-30ml\/#primaryimage"},"image":{"@id":"https:\/\/idakorea.ee\/product\/bb-kreem-aasia-tsentella-ekstraktiga-purito-seoul-wonder-releaf-centella-bb-cream-30ml\/#primaryimage"},"thumbnailUrl":"https:\/\/idakorea.ee\/wp-content\/uploads\/2025\/03\/wonder.bb_.cream_.jpg","datePublished":"2025-03-06T10:27:26+00:00","dateModified":"2026-05-09T22:37:45+00:00","description":"BB cream provides even and natural coverage with just one layer, masking minor skin imperfections and redness. It has a moisturizing effect that supplies the skin with nutrients.","breadcrumb":{"@id":"https:\/\/idakorea.ee\/product\/bb-kreem-aasia-tsentella-ekstraktiga-purito-seoul-wonder-releaf-centella-bb-cream-30ml\/#breadcrumb"},"inLanguage":"en-US","potentialAction":[{"@type":"ReadAction","target":["https:\/\/idakorea.ee\/product\/bb-kreem-aasia-tsentella-ekstraktiga-purito-seoul-wonder-releaf-centella-bb-cream-30ml\/"]}]},{"@type":"ImageObject","inLanguage":"en-US","@id":"https:\/\/idakorea.ee\/product\/bb-kreem-aasia-tsentella-ekstraktiga-purito-seoul-wonder-releaf-centella-bb-cream-30ml\/#primaryimage","url":"https:\/\/idakorea.ee\/wp-content\/uploads\/2025\/03\/wonder.bb_.cream_.jpg","contentUrl":"https:\/\/idakorea.ee\/wp-content\/uploads\/2025\/03\/wonder.bb_.cream_.jpg","width":800,"height":800},{"@type":"BreadcrumbList","@id":"https:\/\/idakorea.ee\/product\/bb-kreem-aasia-tsentella-ekstraktiga-purito-seoul-wonder-releaf-centella-bb-cream-30ml\/#breadcrumb","itemListElement":[{"@type":"ListItem","position":1,"name":"\u0413\u043b\u0430\u0432\u043d\u0430\u044f \u0441\u0442\u0440\u0430\u043d\u0438\u0446\u0430","item":"https:\/\/idakorea.ee\/"},{"@type":"ListItem","position":2,"name":"Shop","item":"https:\/\/idakorea.ee\/shop-2\/"},{"@type":"ListItem","position":3,"name":"BB-kreem Aasia tsentella ekstraktiga Purito Seoul Wonder Releaf Centella BB Cream, 30ml"}]},{"@type":"WebSite","@id":"https:\/\/idakorea.ee\/#website","url":"https:\/\/idakorea.ee\/","name":"IDA.KOREA","description":"Korean cosmetics e-shop","publisher":{"@id":"https:\/\/idakorea.ee\/#organization"},"alternateName":"Beauty Shop","potentialAction":[{"@type":"SearchAction","target":{"@type":"EntryPoint","urlTemplate":"https:\/\/idakorea.ee\/?s={search_term_string}"},"query-input":{"@type":"PropertyValueSpecification","valueRequired":true,"valueName":"search_term_string"}}],"inLanguage":"en-US"},{"@type":"Organization","@id":"https:\/\/idakorea.ee\/#organization","name":"IDA.KOREA","url":"https:\/\/idakorea.ee\/","logo":{"@type":"ImageObject","inLanguage":"en-US","@id":"https:\/\/idakorea.ee\/#\/schema\/logo\/image\/","url":"https:\/\/idakorea.ee\/wp-content\/uploads\/2024\/05\/cropped-korea3.png","contentUrl":"https:\/\/idakorea.ee\/wp-content\/uploads\/2024\/05\/cropped-korea3.png","width":688,"height":126,"caption":"IDA.KOREA"},"image":{"@id":"https:\/\/idakorea.ee\/#\/schema\/logo\/image\/"},"sameAs":["https:\/\/www.instagram.com\/ida.korea\/"]}]}},"jetpack_sharing_enabled":true,"brands":[{"id":491,"name":"PURITO","slug":"purito"}],"_links":{"self":[{"href":"https:\/\/idakorea.ee\/en\/wp-json\/wp\/v2\/product\/12990","targetHints":{"allow":["GET"]}}],"collection":[{"href":"https:\/\/idakorea.ee\/en\/wp-json\/wp\/v2\/product"}],"about":[{"href":"https:\/\/idakorea.ee\/en\/wp-json\/wp\/v2\/types\/product"}],"replies":[{"embeddable":true,"href":"https:\/\/idakorea.ee\/en\/wp-json\/wp\/v2\/comments?post=12990"}],"version-history":[{"count":3,"href":"https:\/\/idakorea.ee\/en\/wp-json\/wp\/v2\/product\/12990\/revisions"}],"predecessor-version":[{"id":15232,"href":"https:\/\/idakorea.ee\/en\/wp-json\/wp\/v2\/product\/12990\/revisions\/15232"}],"wp:featuredmedia":[{"embeddable":true,"href":"https:\/\/idakorea.ee\/en\/wp-json\/wp\/v2\/media\/12991"}],"wp:attachment":[{"href":"https:\/\/idakorea.ee\/en\/wp-json\/wp\/v2\/media?parent=12990"}],"wp:term":[{"taxonomy":"pwb-brand","embeddable":true,"href":"https:\/\/idakorea.ee\/en\/wp-json\/wp\/v2\/pwb-brand?post=12990"},{"taxonomy":"product_brand","embeddable":true,"href":"https:\/\/idakorea.ee\/en\/wp-json\/wp\/v2\/product_brand?post=12990"},{"taxonomy":"product_cat","embeddable":true,"href":"https:\/\/idakorea.ee\/en\/wp-json\/wp\/v2\/product_cat?post=12990"},{"taxonomy":"product_tag","embeddable":true,"href":"https:\/\/idakorea.ee\/en\/wp-json\/wp\/v2\/product_tag?post=12990"}],"curies":[{"name":"wp","href":"https:\/\/api.w.org\/{rel}","templated":true}]}}