{"id":13006,"date":"2025-03-06T16:05:49","date_gmt":"2025-03-06T14:05:49","guid":{"rendered":"https:\/\/idakorea.ee\/?post_type=product&#038;p=13006"},"modified":"2026-01-30T14:40:02","modified_gmt":"2026-01-30T12:40:02","slug":"komplekt-kaheastmeliseks-naopuhastuseks-dr-ceuracle-pro-balance-cleansing-duo-set","status":"publish","type":"product","link":"https:\/\/idakorea.ee\/en\/product\/komplekt-kaheastmeliseks-naopuhastuseks-dr-ceuracle-pro-balance-cleansing-duo-set\/","title":{"rendered":"Dr.Ceuracle Pro Balance Cleansing Duo Set for two-step facial cleansing treatment"},"content":{"rendered":"<p>This full-size two-step skin cleansing kit provides gentle but effective cleansing while caring for the balance of the skin microbiome and the epidermis's defences. The kit nourishes, moisturises and restores the skin while removing make-up, dirt and excess oil, cleansing and tightening pores and preventing the formation of blackheads and comedones.<\/p>\n<p><strong>Products included:<\/strong><\/p>\n<p><strong>Pro Balance Pure Cleansing Oil (155 ml)<\/strong> - hydrophilic oil with probiotics<br \/>\nDissolves make-up, SPF cream residues and dirt. Eliminates sebum and reduces excess oil build-up. Contains a 5-probiotic complex that moisturises, restores, softens and renews skin. Light texture that spreads evenly over the skin and does not leave a sticky film after rinsing.<\/p>\n<p><strong>Pro Balance Creamy Cleansing Foam (150 ml)<\/strong> - facial cleansing foam with probiotics and citrus oils<br \/>\nRemoves oil and dirt without drying the skin. Combats skin dehydration and dull complexion. Probiotics strengthen the skin barrier and improve the microbiome balance. Citrus oils (orange, grapefruit, bergamot) even skin tone and add a healthy glow.<\/p>\n<p>The products in the set gently cleanse the skin, removing make-up, sunscreen residue, dirt and oil. They moisturise the skin, improve the balance of the microbiome and even skin tone.<\/p>\n<p><strong>Ingredients and their benefits:<\/strong><\/p>\n<p>Probiotic Complex - calms inflammation, activates cell metabolism and regeneration, intensively moisturises and evens skin tone.<br \/>\nJojoba Oil - Smoothes wrinkles, restores and firms skin, deeply moisturises and nourishes.<br \/>\nSunflower seed oil - softens skin, restores texture and provides vitamins.<br \/>\nGrapefruit oil - anti-inflammatory and antioxidant action, reduces oxidative stress and slows down ageing processes.<br \/>\nOrange oil - improves skin elasticity, protects against the damaging effects of the external environment and helps eliminate toxins.<\/p>\n<p>&nbsp;<\/p>\n<p>Suitable for all skin types, including sensitive and problem skin.<\/p>\n<p><strong>Usage: <\/strong>Apply the hydrophilic oil to dry skin and massage gently. Add a little water and continue massaging until the oil turns into a milky emulsion. Rinse thoroughly with warm water. Apply cleansing foam, massage and rinse with water.<\/p>\n<p>&nbsp;<\/p>","protected":false},"excerpt":{"rendered":"<p>This full-size two-step skin cleansing kit provides gentle but effective cleansing while caring for the balance of the skin microbiome and the epidermis's defences. The kit nourishes, moisturises and restores the skin while removing make-up, dirt and excess oil, cleansing and tightening pores and preventing the formation of blackheads and comedones. The kit includes.<\/p>","protected":false},"featured_media":13007,"comment_status":"open","ping_status":"closed","template":"","meta":{"_uf_show_specific_survey":0,"_uf_disable_surveys":false,"_bst_post_transparent":"default","_bst_post_title":"","_bst_post_layout":"default","_bst_post_sidebar_id":"","_bst_post_content_style":"default","_bst_post_vertical_padding":"default","_bst_post_feature":"","_bst_post_feature_position":"","_bst_post_header":false,"_bst_post_footer":false},"pwb-brand":[481],"product_brand":[],"product_cat":[95],"product_tag":[837],"class_list":{"0":"post-13006","1":"product","2":"type-product","3":"status-publish","4":"has-post-thumbnail","6":"pwb-brand-dr-ceuracle","7":"product_cat-komplektid","8":"product_tag-dr-ceuracle","10":"first","11":"instock","12":"sale","13":"shipping-taxable","14":"purchasable","15":"product-type-simple","16":"entry","17":"content-bg","18":"loop-entry"},"supplier_id":null,"supplier_sku":"","barcode":null,"atum_controlled":true,"out_stock_date":null,"out_stock_threshold":null,"inheritable":false,"inbound_stock":0,"stock_on_hold":0,"sold_today":0,"sales_last_days":0,"out_stock_days":0,"lost_sales":0,"has_location":false,"update_date":"2026-04-14T00:05:07","atum_locations":[],"atum_stock_status":"instock","restock_status":false,"low_stock_amount":"","sales_update_date":"2026-04-14T00:05:07","calc_backorders":null,"yoast_head":"<!-- This site is optimized with the Yoast SEO plugin v27.2 - https:\/\/yoast.com\/product\/yoast-seo-wordpress\/ -->\n<title>Komplekt kaheastmeliseks n\u00e4opuhastuseks Dr.Ceuracle Pro Balance Cleansing Duo Set - IDA.KOREA<\/title>\n<meta name=\"robots\" content=\"index, follow, max-snippet:-1, max-image-preview:large, max-video-preview:-1\" \/>\n<link rel=\"canonical\" href=\"https:\/\/idakorea.ee\/en\/product\/komplekt-kaheastmeliseks-naopuhastuseks-dr-ceuracle-pro-balance-cleansing-duo-set\/\" \/>\n<meta property=\"og:locale\" content=\"en_US\" \/>\n<meta property=\"og:type\" content=\"article\" \/>\n<meta property=\"og:title\" content=\"Komplekt kaheastmeliseks n\u00e4opuhastuseks Dr.Ceuracle Pro Balance Cleansing Duo Set - IDA.KOREA\" \/>\n<meta property=\"og:description\" content=\"See t\u00e4issuuruses kaheetapiline nahapuhastuskomplekt tagab \u00f5rna, kuid t\u00f5husa puhastuse, hoolitsedes samal ajal nahamikrobioomi tasakaalu ja epidermise kaitsev\u00f5ime eest. Komplekt toidab, niisutab ja taastab nahka, samal ajal eemaldades meigi, mustuse ja liigse rasu, puhastades ja ahendades poore ning ennetades mustade t\u00e4ppide ja komedoonide teket. Komplekti kuuluvad tooted: Pro Balance Pure Cleansing Oil (155 ml) \u2013 h\u00fcdrofiilne...\" \/>\n<meta property=\"og:url\" content=\"https:\/\/idakorea.ee\/en\/product\/komplekt-kaheastmeliseks-naopuhastuseks-dr-ceuracle-pro-balance-cleansing-duo-set\/\" \/>\n<meta property=\"og:site_name\" content=\"IDA.KOREA\" \/>\n<meta property=\"article:modified_time\" content=\"2026-01-30T12:40:02+00:00\" \/>\n<meta property=\"og:image\" content=\"https:\/\/idakorea.ee\/wp-content\/uploads\/2025\/03\/dr._ceuracle_pro_balance_cleansing_duo_gift_set_2410.webp\" \/>\n\t<meta property=\"og:image:width\" content=\"1200\" \/>\n\t<meta property=\"og:image:height\" content=\"1200\" \/>\n\t<meta property=\"og:image:type\" content=\"image\/webp\" \/>\n<meta name=\"twitter:card\" content=\"summary_large_image\" \/>\n<meta name=\"twitter:label1\" content=\"Est. reading time\" \/>\n\t<meta name=\"twitter:data1\" content=\"2 minutes\" \/>\n<script type=\"application\/ld+json\" class=\"yoast-schema-graph\">{\"@context\":\"https:\/\/schema.org\",\"@graph\":[{\"@type\":\"WebPage\",\"@id\":\"https:\/\/idakorea.ee\/product\/komplekt-kaheastmeliseks-naopuhastuseks-dr-ceuracle-pro-balance-cleansing-duo-set\/\",\"url\":\"https:\/\/idakorea.ee\/product\/komplekt-kaheastmeliseks-naopuhastuseks-dr-ceuracle-pro-balance-cleansing-duo-set\/\",\"name\":\"Komplekt kaheastmeliseks n\u00e4opuhastuseks Dr.Ceuracle Pro Balance Cleansing Duo Set - IDA.KOREA\",\"isPartOf\":{\"@id\":\"https:\/\/idakorea.ee\/#website\"},\"primaryImageOfPage\":{\"@id\":\"https:\/\/idakorea.ee\/product\/komplekt-kaheastmeliseks-naopuhastuseks-dr-ceuracle-pro-balance-cleansing-duo-set\/#primaryimage\"},\"image\":{\"@id\":\"https:\/\/idakorea.ee\/product\/komplekt-kaheastmeliseks-naopuhastuseks-dr-ceuracle-pro-balance-cleansing-duo-set\/#primaryimage\"},\"thumbnailUrl\":\"https:\/\/idakorea.ee\/wp-content\/uploads\/2025\/03\/dr._ceuracle_pro_balance_cleansing_duo_gift_set_2410.webp\",\"datePublished\":\"2025-03-06T14:05:49+00:00\",\"dateModified\":\"2026-01-30T12:40:02+00:00\",\"breadcrumb\":{\"@id\":\"https:\/\/idakorea.ee\/product\/komplekt-kaheastmeliseks-naopuhastuseks-dr-ceuracle-pro-balance-cleansing-duo-set\/#breadcrumb\"},\"inLanguage\":\"en-US\",\"potentialAction\":[{\"@type\":\"ReadAction\",\"target\":[\"https:\/\/idakorea.ee\/product\/komplekt-kaheastmeliseks-naopuhastuseks-dr-ceuracle-pro-balance-cleansing-duo-set\/\"]}]},{\"@type\":\"ImageObject\",\"inLanguage\":\"en-US\",\"@id\":\"https:\/\/idakorea.ee\/product\/komplekt-kaheastmeliseks-naopuhastuseks-dr-ceuracle-pro-balance-cleansing-duo-set\/#primaryimage\",\"url\":\"https:\/\/idakorea.ee\/wp-content\/uploads\/2025\/03\/dr._ceuracle_pro_balance_cleansing_duo_gift_set_2410.webp\",\"contentUrl\":\"https:\/\/idakorea.ee\/wp-content\/uploads\/2025\/03\/dr._ceuracle_pro_balance_cleansing_duo_gift_set_2410.webp\",\"width\":1200,\"height\":1200},{\"@type\":\"BreadcrumbList\",\"@id\":\"https:\/\/idakorea.ee\/product\/komplekt-kaheastmeliseks-naopuhastuseks-dr-ceuracle-pro-balance-cleansing-duo-set\/#breadcrumb\",\"itemListElement\":[{\"@type\":\"ListItem\",\"position\":1,\"name\":\"\u0413\u043b\u0430\u0432\u043d\u0430\u044f \u0441\u0442\u0440\u0430\u043d\u0438\u0446\u0430\",\"item\":\"https:\/\/idakorea.ee\/\"},{\"@type\":\"ListItem\",\"position\":2,\"name\":\"Shop\",\"item\":\"https:\/\/idakorea.ee\/shop-2\/\"},{\"@type\":\"ListItem\",\"position\":3,\"name\":\"Komplekt kaheastmeliseks n\u00e4opuhastuseks Dr.Ceuracle Pro Balance Cleansing Duo Set\"}]},{\"@type\":\"WebSite\",\"@id\":\"https:\/\/idakorea.ee\/#website\",\"url\":\"https:\/\/idakorea.ee\/\",\"name\":\"IDA.KOREA\",\"description\":\"Korea kosmeetika e-pood\",\"publisher\":{\"@id\":\"https:\/\/idakorea.ee\/#organization\"},\"alternateName\":\"Beauty Shop\",\"potentialAction\":[{\"@type\":\"SearchAction\",\"target\":{\"@type\":\"EntryPoint\",\"urlTemplate\":\"https:\/\/idakorea.ee\/?s={search_term_string}\"},\"query-input\":{\"@type\":\"PropertyValueSpecification\",\"valueRequired\":true,\"valueName\":\"search_term_string\"}}],\"inLanguage\":\"en-US\"},{\"@type\":\"Organization\",\"@id\":\"https:\/\/idakorea.ee\/#organization\",\"name\":\"IDA.KOREA\",\"url\":\"https:\/\/idakorea.ee\/\",\"logo\":{\"@type\":\"ImageObject\",\"inLanguage\":\"en-US\",\"@id\":\"https:\/\/idakorea.ee\/#\/schema\/logo\/image\/\",\"url\":\"https:\/\/idakorea.ee\/wp-content\/uploads\/2024\/05\/cropped-korea3.png\",\"contentUrl\":\"https:\/\/idakorea.ee\/wp-content\/uploads\/2024\/05\/cropped-korea3.png\",\"width\":688,\"height\":126,\"caption\":\"IDA.KOREA\"},\"image\":{\"@id\":\"https:\/\/idakorea.ee\/#\/schema\/logo\/image\/\"},\"sameAs\":[\"https:\/\/www.instagram.com\/ida.korea\/\"]}]}<\/script>\n<!-- \/ Yoast SEO plugin. -->","yoast_head_json":{"title":"Dr.Ceuracle Pro Balance Cleansing Duo Set for two-step facial cleansing - IDA.KOREA","robots":{"index":"index","follow":"follow","max-snippet":"max-snippet:-1","max-image-preview":"max-image-preview:large","max-video-preview":"max-video-preview:-1"},"canonical":"https:\/\/idakorea.ee\/en\/product\/komplekt-kaheastmeliseks-naopuhastuseks-dr-ceuracle-pro-balance-cleansing-duo-set\/","og_locale":"en_US","og_type":"article","og_title":"Komplekt kaheastmeliseks n\u00e4opuhastuseks Dr.Ceuracle Pro Balance Cleansing Duo Set - IDA.KOREA","og_description":"See t\u00e4issuuruses kaheetapiline nahapuhastuskomplekt tagab \u00f5rna, kuid t\u00f5husa puhastuse, hoolitsedes samal ajal nahamikrobioomi tasakaalu ja epidermise kaitsev\u00f5ime eest. Komplekt toidab, niisutab ja taastab nahka, samal ajal eemaldades meigi, mustuse ja liigse rasu, puhastades ja ahendades poore ning ennetades mustade t\u00e4ppide ja komedoonide teket. Komplekti kuuluvad tooted: Pro Balance Pure Cleansing Oil (155 ml) \u2013 h\u00fcdrofiilne...","og_url":"https:\/\/idakorea.ee\/en\/product\/komplekt-kaheastmeliseks-naopuhastuseks-dr-ceuracle-pro-balance-cleansing-duo-set\/","og_site_name":"IDA.KOREA","article_modified_time":"2026-01-30T12:40:02+00:00","og_image":[{"width":1200,"height":1200,"url":"https:\/\/idakorea.ee\/wp-content\/uploads\/2025\/03\/dr._ceuracle_pro_balance_cleansing_duo_gift_set_2410.webp","type":"image\/webp"}],"twitter_card":"summary_large_image","twitter_misc":{"Est. reading time":"2 minutes"},"schema":{"@context":"https:\/\/schema.org","@graph":[{"@type":"WebPage","@id":"https:\/\/idakorea.ee\/product\/komplekt-kaheastmeliseks-naopuhastuseks-dr-ceuracle-pro-balance-cleansing-duo-set\/","url":"https:\/\/idakorea.ee\/product\/komplekt-kaheastmeliseks-naopuhastuseks-dr-ceuracle-pro-balance-cleansing-duo-set\/","name":"Dr.Ceuracle Pro Balance Cleansing Duo Set for two-step facial cleansing - IDA.KOREA","isPartOf":{"@id":"https:\/\/idakorea.ee\/#website"},"primaryImageOfPage":{"@id":"https:\/\/idakorea.ee\/product\/komplekt-kaheastmeliseks-naopuhastuseks-dr-ceuracle-pro-balance-cleansing-duo-set\/#primaryimage"},"image":{"@id":"https:\/\/idakorea.ee\/product\/komplekt-kaheastmeliseks-naopuhastuseks-dr-ceuracle-pro-balance-cleansing-duo-set\/#primaryimage"},"thumbnailUrl":"https:\/\/idakorea.ee\/wp-content\/uploads\/2025\/03\/dr._ceuracle_pro_balance_cleansing_duo_gift_set_2410.webp","datePublished":"2025-03-06T14:05:49+00:00","dateModified":"2026-01-30T12:40:02+00:00","breadcrumb":{"@id":"https:\/\/idakorea.ee\/product\/komplekt-kaheastmeliseks-naopuhastuseks-dr-ceuracle-pro-balance-cleansing-duo-set\/#breadcrumb"},"inLanguage":"en-US","potentialAction":[{"@type":"ReadAction","target":["https:\/\/idakorea.ee\/product\/komplekt-kaheastmeliseks-naopuhastuseks-dr-ceuracle-pro-balance-cleansing-duo-set\/"]}]},{"@type":"ImageObject","inLanguage":"en-US","@id":"https:\/\/idakorea.ee\/product\/komplekt-kaheastmeliseks-naopuhastuseks-dr-ceuracle-pro-balance-cleansing-duo-set\/#primaryimage","url":"https:\/\/idakorea.ee\/wp-content\/uploads\/2025\/03\/dr._ceuracle_pro_balance_cleansing_duo_gift_set_2410.webp","contentUrl":"https:\/\/idakorea.ee\/wp-content\/uploads\/2025\/03\/dr._ceuracle_pro_balance_cleansing_duo_gift_set_2410.webp","width":1200,"height":1200},{"@type":"BreadcrumbList","@id":"https:\/\/idakorea.ee\/product\/komplekt-kaheastmeliseks-naopuhastuseks-dr-ceuracle-pro-balance-cleansing-duo-set\/#breadcrumb","itemListElement":[{"@type":"ListItem","position":1,"name":"\u0413\u043b\u0430\u0432\u043d\u0430\u044f \u0441\u0442\u0440\u0430\u043d\u0438\u0446\u0430","item":"https:\/\/idakorea.ee\/"},{"@type":"ListItem","position":2,"name":"Shop","item":"https:\/\/idakorea.ee\/shop-2\/"},{"@type":"ListItem","position":3,"name":"Komplekt kaheastmeliseks n\u00e4opuhastuseks Dr.Ceuracle Pro Balance Cleansing Duo Set"}]},{"@type":"WebSite","@id":"https:\/\/idakorea.ee\/#website","url":"https:\/\/idakorea.ee\/","name":"IDA.KOREA","description":"Korean cosmetics e-shop","publisher":{"@id":"https:\/\/idakorea.ee\/#organization"},"alternateName":"Beauty Shop","potentialAction":[{"@type":"SearchAction","target":{"@type":"EntryPoint","urlTemplate":"https:\/\/idakorea.ee\/?s={search_term_string}"},"query-input":{"@type":"PropertyValueSpecification","valueRequired":true,"valueName":"search_term_string"}}],"inLanguage":"en-US"},{"@type":"Organization","@id":"https:\/\/idakorea.ee\/#organization","name":"IDA.KOREA","url":"https:\/\/idakorea.ee\/","logo":{"@type":"ImageObject","inLanguage":"en-US","@id":"https:\/\/idakorea.ee\/#\/schema\/logo\/image\/","url":"https:\/\/idakorea.ee\/wp-content\/uploads\/2024\/05\/cropped-korea3.png","contentUrl":"https:\/\/idakorea.ee\/wp-content\/uploads\/2024\/05\/cropped-korea3.png","width":688,"height":126,"caption":"IDA.KOREA"},"image":{"@id":"https:\/\/idakorea.ee\/#\/schema\/logo\/image\/"},"sameAs":["https:\/\/www.instagram.com\/ida.korea\/"]}]}},"jetpack_sharing_enabled":true,"brands":[{"id":481,"name":"DR.CEURACLE","slug":"dr-ceuracle"}],"_links":{"self":[{"href":"https:\/\/idakorea.ee\/en\/wp-json\/wp\/v2\/product\/13006","targetHints":{"allow":["GET"]}}],"collection":[{"href":"https:\/\/idakorea.ee\/en\/wp-json\/wp\/v2\/product"}],"about":[{"href":"https:\/\/idakorea.ee\/en\/wp-json\/wp\/v2\/types\/product"}],"replies":[{"embeddable":true,"href":"https:\/\/idakorea.ee\/en\/wp-json\/wp\/v2\/comments?post=13006"}],"version-history":[{"count":1,"href":"https:\/\/idakorea.ee\/en\/wp-json\/wp\/v2\/product\/13006\/revisions"}],"predecessor-version":[{"id":13012,"href":"https:\/\/idakorea.ee\/en\/wp-json\/wp\/v2\/product\/13006\/revisions\/13012"}],"wp:featuredmedia":[{"embeddable":true,"href":"https:\/\/idakorea.ee\/en\/wp-json\/wp\/v2\/media\/13007"}],"wp:attachment":[{"href":"https:\/\/idakorea.ee\/en\/wp-json\/wp\/v2\/media?parent=13006"}],"wp:term":[{"taxonomy":"pwb-brand","embeddable":true,"href":"https:\/\/idakorea.ee\/en\/wp-json\/wp\/v2\/pwb-brand?post=13006"},{"taxonomy":"product_brand","embeddable":true,"href":"https:\/\/idakorea.ee\/en\/wp-json\/wp\/v2\/product_brand?post=13006"},{"taxonomy":"product_cat","embeddable":true,"href":"https:\/\/idakorea.ee\/en\/wp-json\/wp\/v2\/product_cat?post=13006"},{"taxonomy":"product_tag","embeddable":true,"href":"https:\/\/idakorea.ee\/en\/wp-json\/wp\/v2\/product_tag?post=13006"}],"curies":[{"name":"wp","href":"https:\/\/api.w.org\/{rel}","templated":true}]}}