{"id":13123,"date":"2025-03-12T13:56:41","date_gmt":"2025-03-12T11:56:41","guid":{"rendered":"https:\/\/idakorea.ee\/?post_type=product&#038;p=13123"},"modified":"2026-01-30T14:38:18","modified_gmt":"2026-01-30T12:38:18","slug":"silmaseerum-the-history-of-whoo-illuminating-regenerating-eye-serum","status":"publish","type":"product","link":"https:\/\/idakorea.ee\/en\/product\/silmaseerum-the-history-of-whoo-illuminating-regenerating-eye-serum\/","title":{"rendered":"Silmaseerum The History of Whoo Illuminating Regenerating Eye Serum"},"content":{"rendered":"<p>A silky, nourishing serum designed to care for the delicate skin around the eyes. Effectively fights wrinkles, restores and brightens dull skin. After regular use, skin becomes more supple, toned and radiant. Helps to eliminate skin problems, relieve inflammatory processes and acne.<\/p>\n<p>The serum is part of the Cheongidan Regenerating (Hwa Hyun) \"Radiant Health\" series - a restorative, rejuvenating and healing range of products based on a complex of oriental herbs, containing 30 different plants. The range is based on the secret recipe of Queen Zha-Hi, who had outstanding skin even at the age of 80. With regular use, the skin is silky, radiant and healthy.<\/p>\n<p>With natural ingredients such as: wild ginseng root extract, herbal cucumber root extract, lapamu root extract, wild lemon extract, deer horn extract, medicinal magnolia extract, apricot kernel oil, olive oil, raspberry extract, poria cocos extract, pearl powder, the product has restorative and rejuvenating properties.<\/p>\n<ul>\n<li>The Hwa Hyun series has rejuvenating properties, reduces the depth of wrinkles and prevents the formation of new ones, strengthens skin elasticity.<\/li>\n<li>Optimises the skin's hydro-lipid balance, smoothes skin texture. Restores vitality, hydrates, purifies.<\/li>\n<li>It improves the complexion and helps to solve skin problems caused by ageing (dryness, pigmentation, etc.), increases the skin's ability to retain moisture.<\/li>\n<li>Strengthens blood vessel walls, promotes the removal of toxic substances and excess fluid from cells.<\/li>\n<li>The product normalizes the hydration balance in the tissues, promotes moisture retention in the skin, eliminates dryness, improves appearance, relieves signs of fatigue. Restores skin vitality.<\/li>\n<\/ul>\n<p>&nbsp;<\/p>\n<p>For all skin types.<\/p>\n<p><strong>Usage:<\/strong> Use morning and evening, apply a small amount separately or before Cheongidan Hwa Hyun Eye Cream over the entire eye area. Apply gently from the inner to the outer corner of the eye.<\/p>","protected":false},"excerpt":{"rendered":"<p>A silky, nourishing serum designed to care for the delicate skin around the eyes. Effectively fights wrinkles, restores and brightens dull skin. After regular use, skin becomes more supple, toned and radiant. Helps to eliminate skin problems, relieve inflammatory processes and acne. The serum is part of the Cheongidan Regenerating (Hwa Hyun) 'Radiant Health' series - a restorative, rejuvenating and healing range of products designed to...<\/p>","protected":false},"featured_media":13124,"comment_status":"open","ping_status":"closed","template":"","meta":{"_uf_show_specific_survey":0,"_uf_disable_surveys":false,"_bst_post_transparent":"default","_bst_post_title":"","_bst_post_layout":"default","_bst_post_sidebar_id":"","_bst_post_content_style":"default","_bst_post_vertical_padding":"default","_bst_post_feature":"","_bst_post_feature_position":"","_bst_post_header":false,"_bst_post_footer":false},"pwb-brand":[494],"product_brand":[],"product_cat":[92,99,201],"product_tag":[554,635,751],"class_list":{"0":"post-13123","1":"product","2":"type-product","3":"status-publish","4":"has-post-thumbnail","6":"pwb-brand-the-history-of-whoo","7":"product_cat-nagu","8":"product_cat-silmad-ja-huuled-2","9":"product_cat-silmakreem","10":"product_tag-lux","11":"product_tag-serum","12":"product_tag-whoo","14":"first","15":"instock","16":"sale","17":"shipping-taxable","18":"purchasable","19":"product-type-variable","20":"has-default-attributes","21":"entry","22":"content-bg","23":"loop-entry"},"supplier_id":null,"supplier_sku":"","barcode":null,"atum_controlled":true,"out_stock_date":null,"out_stock_threshold":null,"inheritable":true,"inbound_stock":0,"stock_on_hold":0,"sold_today":0,"sales_last_days":0,"out_stock_days":0,"lost_sales":0,"has_location":false,"update_date":"2026-04-14T00:05:07","atum_locations":[],"atum_stock_status":"instock","restock_status":false,"low_stock_amount":"","sales_update_date":"2026-04-14T00:05:07","calc_backorders":null,"yoast_head":"<!-- This site is optimized with the Yoast SEO plugin v27.2 - https:\/\/yoast.com\/product\/yoast-seo-wordpress\/ -->\n<title>The History of Whoo Illuminating Regenerating Eye Serum - IDA.KOREA<\/title>\n<meta name=\"description\" content=\"Siidjas toitev seerum, mis on loodud \u00f5rna silma\u00fcmbruse naha hooldamiseks. Efektiivselt v\u00f5itleb kortse, taastab ja heledab tuhmunud nahka.\" \/>\n<meta name=\"robots\" content=\"index, follow, max-snippet:-1, max-image-preview:large, max-video-preview:-1\" \/>\n<link rel=\"canonical\" href=\"https:\/\/idakorea.ee\/en\/product\/silmaseerum-the-history-of-whoo-illuminating-regenerating-eye-serum\/\" \/>\n<meta property=\"og:locale\" content=\"en_US\" \/>\n<meta property=\"og:type\" content=\"article\" \/>\n<meta property=\"og:title\" content=\"The History of Whoo Illuminating Regenerating Eye Serum - IDA.KOREA\" \/>\n<meta property=\"og:description\" content=\"Siidjas toitev seerum, mis on loodud \u00f5rna silma\u00fcmbruse naha hooldamiseks. Efektiivselt v\u00f5itleb kortse, taastab ja heledab tuhmunud nahka.\" \/>\n<meta property=\"og:url\" content=\"https:\/\/idakorea.ee\/en\/product\/silmaseerum-the-history-of-whoo-illuminating-regenerating-eye-serum\/\" \/>\n<meta property=\"og:site_name\" content=\"IDA.KOREA\" \/>\n<meta property=\"article:modified_time\" content=\"2026-01-30T12:38:18+00:00\" \/>\n<meta property=\"og:image\" content=\"https:\/\/idakorea.ee\/wp-content\/uploads\/2025\/03\/illuminating-regenerating-eye-serum.jpg\" \/>\n\t<meta property=\"og:image:width\" content=\"1000\" \/>\n\t<meta property=\"og:image:height\" content=\"1000\" \/>\n\t<meta property=\"og:image:type\" content=\"image\/jpeg\" \/>\n<meta name=\"twitter:card\" content=\"summary_large_image\" \/>\n<meta name=\"twitter:label1\" content=\"Est. reading time\" \/>\n\t<meta name=\"twitter:data1\" content=\"2 minutes\" \/>\n<script type=\"application\/ld+json\" class=\"yoast-schema-graph\">{\"@context\":\"https:\/\/schema.org\",\"@graph\":[{\"@type\":\"WebPage\",\"@id\":\"https:\/\/idakorea.ee\/product\/silmaseerum-the-history-of-whoo-illuminating-regenerating-eye-serum\/\",\"url\":\"https:\/\/idakorea.ee\/product\/silmaseerum-the-history-of-whoo-illuminating-regenerating-eye-serum\/\",\"name\":\"The History of Whoo Illuminating Regenerating Eye Serum - IDA.KOREA\",\"isPartOf\":{\"@id\":\"https:\/\/idakorea.ee\/#website\"},\"primaryImageOfPage\":{\"@id\":\"https:\/\/idakorea.ee\/product\/silmaseerum-the-history-of-whoo-illuminating-regenerating-eye-serum\/#primaryimage\"},\"image\":{\"@id\":\"https:\/\/idakorea.ee\/product\/silmaseerum-the-history-of-whoo-illuminating-regenerating-eye-serum\/#primaryimage\"},\"thumbnailUrl\":\"https:\/\/idakorea.ee\/wp-content\/uploads\/2025\/03\/illuminating-regenerating-eye-serum.jpg\",\"datePublished\":\"2025-03-12T11:56:41+00:00\",\"dateModified\":\"2026-01-30T12:38:18+00:00\",\"description\":\"Siidjas toitev seerum, mis on loodud \u00f5rna silma\u00fcmbruse naha hooldamiseks. Efektiivselt v\u00f5itleb kortse, taastab ja heledab tuhmunud nahka.\",\"breadcrumb\":{\"@id\":\"https:\/\/idakorea.ee\/product\/silmaseerum-the-history-of-whoo-illuminating-regenerating-eye-serum\/#breadcrumb\"},\"inLanguage\":\"en-US\",\"potentialAction\":[{\"@type\":\"ReadAction\",\"target\":[\"https:\/\/idakorea.ee\/product\/silmaseerum-the-history-of-whoo-illuminating-regenerating-eye-serum\/\"]}]},{\"@type\":\"ImageObject\",\"inLanguage\":\"en-US\",\"@id\":\"https:\/\/idakorea.ee\/product\/silmaseerum-the-history-of-whoo-illuminating-regenerating-eye-serum\/#primaryimage\",\"url\":\"https:\/\/idakorea.ee\/wp-content\/uploads\/2025\/03\/illuminating-regenerating-eye-serum.jpg\",\"contentUrl\":\"https:\/\/idakorea.ee\/wp-content\/uploads\/2025\/03\/illuminating-regenerating-eye-serum.jpg\",\"width\":1000,\"height\":1000},{\"@type\":\"BreadcrumbList\",\"@id\":\"https:\/\/idakorea.ee\/product\/silmaseerum-the-history-of-whoo-illuminating-regenerating-eye-serum\/#breadcrumb\",\"itemListElement\":[{\"@type\":\"ListItem\",\"position\":1,\"name\":\"\u0413\u043b\u0430\u0432\u043d\u0430\u044f \u0441\u0442\u0440\u0430\u043d\u0438\u0446\u0430\",\"item\":\"https:\/\/idakorea.ee\/\"},{\"@type\":\"ListItem\",\"position\":2,\"name\":\"Shop\",\"item\":\"https:\/\/idakorea.ee\/shop-2\/\"},{\"@type\":\"ListItem\",\"position\":3,\"name\":\"Silmaseerum The History of Whoo Illuminating Regenerating Eye Serum\"}]},{\"@type\":\"WebSite\",\"@id\":\"https:\/\/idakorea.ee\/#website\",\"url\":\"https:\/\/idakorea.ee\/\",\"name\":\"IDA.KOREA\",\"description\":\"Korea kosmeetika e-pood\",\"publisher\":{\"@id\":\"https:\/\/idakorea.ee\/#organization\"},\"alternateName\":\"Beauty Shop\",\"potentialAction\":[{\"@type\":\"SearchAction\",\"target\":{\"@type\":\"EntryPoint\",\"urlTemplate\":\"https:\/\/idakorea.ee\/?s={search_term_string}\"},\"query-input\":{\"@type\":\"PropertyValueSpecification\",\"valueRequired\":true,\"valueName\":\"search_term_string\"}}],\"inLanguage\":\"en-US\"},{\"@type\":\"Organization\",\"@id\":\"https:\/\/idakorea.ee\/#organization\",\"name\":\"IDA.KOREA\",\"url\":\"https:\/\/idakorea.ee\/\",\"logo\":{\"@type\":\"ImageObject\",\"inLanguage\":\"en-US\",\"@id\":\"https:\/\/idakorea.ee\/#\/schema\/logo\/image\/\",\"url\":\"https:\/\/idakorea.ee\/wp-content\/uploads\/2024\/05\/cropped-korea3.png\",\"contentUrl\":\"https:\/\/idakorea.ee\/wp-content\/uploads\/2024\/05\/cropped-korea3.png\",\"width\":688,\"height\":126,\"caption\":\"IDA.KOREA\"},\"image\":{\"@id\":\"https:\/\/idakorea.ee\/#\/schema\/logo\/image\/\"},\"sameAs\":[\"https:\/\/www.instagram.com\/ida.korea\/\"]}]}<\/script>\n<!-- \/ Yoast SEO plugin. -->","yoast_head_json":{"title":"The History of Whoo Illuminating Regenerating Eye Serum - IDA.KOREA","description":"A silky, nourishing serum designed to care for the delicate skin around the eyes. Effectively fights wrinkles, restores and brightens dull skin.","robots":{"index":"index","follow":"follow","max-snippet":"max-snippet:-1","max-image-preview":"max-image-preview:large","max-video-preview":"max-video-preview:-1"},"canonical":"https:\/\/idakorea.ee\/en\/product\/silmaseerum-the-history-of-whoo-illuminating-regenerating-eye-serum\/","og_locale":"en_US","og_type":"article","og_title":"The History of Whoo Illuminating Regenerating Eye Serum - IDA.KOREA","og_description":"Siidjas toitev seerum, mis on loodud \u00f5rna silma\u00fcmbruse naha hooldamiseks. Efektiivselt v\u00f5itleb kortse, taastab ja heledab tuhmunud nahka.","og_url":"https:\/\/idakorea.ee\/en\/product\/silmaseerum-the-history-of-whoo-illuminating-regenerating-eye-serum\/","og_site_name":"IDA.KOREA","article_modified_time":"2026-01-30T12:38:18+00:00","og_image":[{"width":1000,"height":1000,"url":"https:\/\/idakorea.ee\/wp-content\/uploads\/2025\/03\/illuminating-regenerating-eye-serum.jpg","type":"image\/jpeg"}],"twitter_card":"summary_large_image","twitter_misc":{"Est. reading time":"2 minutes"},"schema":{"@context":"https:\/\/schema.org","@graph":[{"@type":"WebPage","@id":"https:\/\/idakorea.ee\/product\/silmaseerum-the-history-of-whoo-illuminating-regenerating-eye-serum\/","url":"https:\/\/idakorea.ee\/product\/silmaseerum-the-history-of-whoo-illuminating-regenerating-eye-serum\/","name":"The History of Whoo Illuminating Regenerating Eye Serum - IDA.KOREA","isPartOf":{"@id":"https:\/\/idakorea.ee\/#website"},"primaryImageOfPage":{"@id":"https:\/\/idakorea.ee\/product\/silmaseerum-the-history-of-whoo-illuminating-regenerating-eye-serum\/#primaryimage"},"image":{"@id":"https:\/\/idakorea.ee\/product\/silmaseerum-the-history-of-whoo-illuminating-regenerating-eye-serum\/#primaryimage"},"thumbnailUrl":"https:\/\/idakorea.ee\/wp-content\/uploads\/2025\/03\/illuminating-regenerating-eye-serum.jpg","datePublished":"2025-03-12T11:56:41+00:00","dateModified":"2026-01-30T12:38:18+00:00","description":"A silky, nourishing serum designed to care for the delicate skin around the eyes. Effectively fights wrinkles, restores and brightens dull skin.","breadcrumb":{"@id":"https:\/\/idakorea.ee\/product\/silmaseerum-the-history-of-whoo-illuminating-regenerating-eye-serum\/#breadcrumb"},"inLanguage":"en-US","potentialAction":[{"@type":"ReadAction","target":["https:\/\/idakorea.ee\/product\/silmaseerum-the-history-of-whoo-illuminating-regenerating-eye-serum\/"]}]},{"@type":"ImageObject","inLanguage":"en-US","@id":"https:\/\/idakorea.ee\/product\/silmaseerum-the-history-of-whoo-illuminating-regenerating-eye-serum\/#primaryimage","url":"https:\/\/idakorea.ee\/wp-content\/uploads\/2025\/03\/illuminating-regenerating-eye-serum.jpg","contentUrl":"https:\/\/idakorea.ee\/wp-content\/uploads\/2025\/03\/illuminating-regenerating-eye-serum.jpg","width":1000,"height":1000},{"@type":"BreadcrumbList","@id":"https:\/\/idakorea.ee\/product\/silmaseerum-the-history-of-whoo-illuminating-regenerating-eye-serum\/#breadcrumb","itemListElement":[{"@type":"ListItem","position":1,"name":"\u0413\u043b\u0430\u0432\u043d\u0430\u044f \u0441\u0442\u0440\u0430\u043d\u0438\u0446\u0430","item":"https:\/\/idakorea.ee\/"},{"@type":"ListItem","position":2,"name":"Shop","item":"https:\/\/idakorea.ee\/shop-2\/"},{"@type":"ListItem","position":3,"name":"Silmaseerum The History of Whoo Illuminating Regenerating Eye Serum"}]},{"@type":"WebSite","@id":"https:\/\/idakorea.ee\/#website","url":"https:\/\/idakorea.ee\/","name":"IDA.KOREA","description":"Korean cosmetics e-shop","publisher":{"@id":"https:\/\/idakorea.ee\/#organization"},"alternateName":"Beauty Shop","potentialAction":[{"@type":"SearchAction","target":{"@type":"EntryPoint","urlTemplate":"https:\/\/idakorea.ee\/?s={search_term_string}"},"query-input":{"@type":"PropertyValueSpecification","valueRequired":true,"valueName":"search_term_string"}}],"inLanguage":"en-US"},{"@type":"Organization","@id":"https:\/\/idakorea.ee\/#organization","name":"IDA.KOREA","url":"https:\/\/idakorea.ee\/","logo":{"@type":"ImageObject","inLanguage":"en-US","@id":"https:\/\/idakorea.ee\/#\/schema\/logo\/image\/","url":"https:\/\/idakorea.ee\/wp-content\/uploads\/2024\/05\/cropped-korea3.png","contentUrl":"https:\/\/idakorea.ee\/wp-content\/uploads\/2024\/05\/cropped-korea3.png","width":688,"height":126,"caption":"IDA.KOREA"},"image":{"@id":"https:\/\/idakorea.ee\/#\/schema\/logo\/image\/"},"sameAs":["https:\/\/www.instagram.com\/ida.korea\/"]}]}},"jetpack_sharing_enabled":true,"brands":[{"id":494,"name":"THE HISTORY OF WHOO","slug":"the-history-of-whoo"}],"_links":{"self":[{"href":"https:\/\/idakorea.ee\/en\/wp-json\/wp\/v2\/product\/13123","targetHints":{"allow":["GET"]}}],"collection":[{"href":"https:\/\/idakorea.ee\/en\/wp-json\/wp\/v2\/product"}],"about":[{"href":"https:\/\/idakorea.ee\/en\/wp-json\/wp\/v2\/types\/product"}],"replies":[{"embeddable":true,"href":"https:\/\/idakorea.ee\/en\/wp-json\/wp\/v2\/comments?post=13123"}],"version-history":[{"count":1,"href":"https:\/\/idakorea.ee\/en\/wp-json\/wp\/v2\/product\/13123\/revisions"}],"predecessor-version":[{"id":13129,"href":"https:\/\/idakorea.ee\/en\/wp-json\/wp\/v2\/product\/13123\/revisions\/13129"}],"wp:featuredmedia":[{"embeddable":true,"href":"https:\/\/idakorea.ee\/en\/wp-json\/wp\/v2\/media\/13124"}],"wp:attachment":[{"href":"https:\/\/idakorea.ee\/en\/wp-json\/wp\/v2\/media?parent=13123"}],"wp:term":[{"taxonomy":"pwb-brand","embeddable":true,"href":"https:\/\/idakorea.ee\/en\/wp-json\/wp\/v2\/pwb-brand?post=13123"},{"taxonomy":"product_brand","embeddable":true,"href":"https:\/\/idakorea.ee\/en\/wp-json\/wp\/v2\/product_brand?post=13123"},{"taxonomy":"product_cat","embeddable":true,"href":"https:\/\/idakorea.ee\/en\/wp-json\/wp\/v2\/product_cat?post=13123"},{"taxonomy":"product_tag","embeddable":true,"href":"https:\/\/idakorea.ee\/en\/wp-json\/wp\/v2\/product_tag?post=13123"}],"curies":[{"name":"wp","href":"https:\/\/api.w.org\/{rel}","templated":true}]}}