{"id":13130,"date":"2025-03-12T14:22:20","date_gmt":"2025-03-12T12:22:20","guid":{"rendered":"https:\/\/idakorea.ee\/?post_type=product&#038;p=13130"},"modified":"2026-03-04T16:58:23","modified_gmt":"2026-03-04T14:58:23","slug":"taastav-essents-the-history-of-whoo-cheongidan-illuminating-regenerating-essence","status":"publish","type":"product","link":"https:\/\/idakorea.ee\/en\/product\/taastav-essents-the-history-of-whoo-cheongidan-illuminating-regenerating-essence\/","title":{"rendered":"Taastav essents The History of Whoo Cheongidan Illuminating Regenerating Essence"},"content":{"rendered":"<p>The restorative essence gives the skin radiance and increases vitality. It effectively fights wrinkles, restores and brightens dull skin. The essence enriches the skin with gently active ingredients, promotes deep absorption, replenishes nutrient and moisturising reserves and strengthens the skin's turgor.<\/p>\n<p>After regular use, the skin becomes more supple, plump and radiant. Helps to eliminate skin problems and relieve inflammatory processes.<\/p>\n<p>The essence is easily absorbed. After use, the skin looks fresh and refreshed, becoming soft and silky smooth.<\/p>\n<p>Essents belongs to <strong>Cheongidan Regenerating (Hwa Hyun) \"Radiant Health\"<\/strong> range - a restorative, rejuvenating and healing range based on a complex of 30 oriental herbs. The products in this range are made according to a secret recipe of Queen Zha-Hi, who was known for her flawless skin even at the age of 80. Regular use results in silky, radiant and healthy skin.<\/p>\n<p>The natural ingredients - wild ginseng root extract, medicinal ginseng root extract, lapamu root extract, wild lemon extract, deer horn extract, medicinal magnolia extract, apricot kernel oil, olive oil, raspberry extract, poria cocos extract and pearl powder - give the product restorative and rejuvenating properties.<\/p>\n<p><strong>Hwa Hyun sari:<\/strong><br \/>\nRejuvenating action - reduces the depth of wrinkles and prevents the formation of new ones, strengthens skin elasticity.<br \/>\nOptimises the balance of hydro-lipidic lipids, smoothes the texture of the skin. Restores vitality, moisturizes and purifies the skin.<br \/>\nBrightens complexion and helps to deal with the signs of ageing (dryness, pigmentation, etc.). Increases the skin's ability to retain moisture.<br \/>\nStrengthens blood vessel walls, promotes the removal of toxins and excess fluid from cells.<br \/>\nNormalises the skin's moisture balance, eliminates dryness, improves the appearance of the skin and reduces the appearance of fatigue.<\/p>\n<p>&nbsp;<\/p>\n<p>Suitable for all skin types.<\/p>\n<p><strong>Usage:<\/strong> Use morning and evening. Apply a small amount of product after toner.<\/p>","protected":false},"excerpt":{"rendered":"<p>The restorative essence gives the skin radiance and increases vitality. It effectively fights wrinkles, restores and brightens dull skin. It enriches the skin with gently active ingredients, promotes deep absorption, replenishes nutrient and moisturising reserves and strengthens the skin's turgor. After regular use, the skin becomes more supple, plump and radiant. Helps to eliminate skin problems and relieve inflammatory processes. The essence is absorbed...<\/p>","protected":false},"featured_media":13131,"comment_status":"open","ping_status":"closed","template":"","meta":{"_uf_show_specific_survey":0,"_uf_disable_surveys":false,"_bst_post_transparent":"default","_bst_post_title":"","_bst_post_layout":"default","_bst_post_sidebar_id":"","_bst_post_content_style":"default","_bst_post_vertical_padding":"default","_bst_post_feature":"","_bst_post_feature_position":"","_bst_post_header":false,"_bst_post_footer":false},"pwb-brand":[494],"product_brand":[],"product_cat":[92,97],"product_tag":[554,751],"class_list":{"0":"post-13130","1":"product","2":"type-product","3":"status-publish","4":"has-post-thumbnail","6":"pwb-brand-the-history-of-whoo","7":"product_cat-nagu","8":"product_cat-naoseerumid-ja-olid","9":"product_tag-lux","10":"product_tag-whoo","12":"first","13":"instock","14":"sale","15":"shipping-taxable","16":"purchasable","17":"product-type-variable","18":"has-default-attributes","19":"entry","20":"content-bg","21":"loop-entry"},"supplier_id":null,"supplier_sku":"","barcode":null,"atum_controlled":true,"out_stock_date":null,"out_stock_threshold":null,"inheritable":true,"inbound_stock":0,"stock_on_hold":0,"sold_today":0,"sales_last_days":0,"out_stock_days":0,"lost_sales":0,"has_location":false,"update_date":"2026-04-14T00:05:07","atum_locations":[],"atum_stock_status":"instock","restock_status":false,"low_stock_amount":"","sales_update_date":"2026-04-14T00:05:07","calc_backorders":null,"yoast_head":"<!-- This site is optimized with the Yoast SEO plugin v27.2 - https:\/\/yoast.com\/product\/yoast-seo-wordpress\/ -->\n<title>The History of Whoo Cheongidan Illuminating Regenerating Essence - IDA.KOREA<\/title>\n<meta name=\"description\" content=\"Taastav essents annab nahale s\u00e4ra ja suurendab eluj\u00f5udu. See v\u00f5itleb t\u00f5husalt kortsude vastu, taastab ja helendab tuhmi nahka.\" \/>\n<meta name=\"robots\" content=\"index, follow, max-snippet:-1, max-image-preview:large, max-video-preview:-1\" \/>\n<link rel=\"canonical\" href=\"https:\/\/idakorea.ee\/en\/product\/taastav-essents-the-history-of-whoo-cheongidan-illuminating-regenerating-essence\/\" \/>\n<meta property=\"og:locale\" content=\"en_US\" \/>\n<meta property=\"og:type\" content=\"article\" \/>\n<meta property=\"og:title\" content=\"The History of Whoo Cheongidan Illuminating Regenerating Essence - IDA.KOREA\" \/>\n<meta property=\"og:description\" content=\"Taastav essents annab nahale s\u00e4ra ja suurendab eluj\u00f5udu. See v\u00f5itleb t\u00f5husalt kortsude vastu, taastab ja helendab tuhmi nahka.\" \/>\n<meta property=\"og:url\" content=\"https:\/\/idakorea.ee\/en\/product\/taastav-essents-the-history-of-whoo-cheongidan-illuminating-regenerating-essence\/\" \/>\n<meta property=\"og:site_name\" content=\"IDA.KOREA\" \/>\n<meta property=\"article:modified_time\" content=\"2026-03-04T14:58:23+00:00\" \/>\n<meta property=\"og:image\" content=\"https:\/\/idakorea.ee\/wp-content\/uploads\/2025\/03\/51105194_1.jpg\" \/>\n\t<meta property=\"og:image:width\" content=\"1000\" \/>\n\t<meta property=\"og:image:height\" content=\"1000\" \/>\n\t<meta property=\"og:image:type\" content=\"image\/jpeg\" \/>\n<meta name=\"twitter:card\" content=\"summary_large_image\" \/>\n<meta name=\"twitter:label1\" content=\"Est. reading time\" \/>\n\t<meta name=\"twitter:data1\" content=\"2 minutes\" \/>\n<script type=\"application\/ld+json\" class=\"yoast-schema-graph\">{\"@context\":\"https:\/\/schema.org\",\"@graph\":[{\"@type\":\"WebPage\",\"@id\":\"https:\/\/idakorea.ee\/product\/taastav-essents-the-history-of-whoo-cheongidan-illuminating-regenerating-essence\/\",\"url\":\"https:\/\/idakorea.ee\/product\/taastav-essents-the-history-of-whoo-cheongidan-illuminating-regenerating-essence\/\",\"name\":\"The History of Whoo Cheongidan Illuminating Regenerating Essence - IDA.KOREA\",\"isPartOf\":{\"@id\":\"https:\/\/idakorea.ee\/#website\"},\"primaryImageOfPage\":{\"@id\":\"https:\/\/idakorea.ee\/product\/taastav-essents-the-history-of-whoo-cheongidan-illuminating-regenerating-essence\/#primaryimage\"},\"image\":{\"@id\":\"https:\/\/idakorea.ee\/product\/taastav-essents-the-history-of-whoo-cheongidan-illuminating-regenerating-essence\/#primaryimage\"},\"thumbnailUrl\":\"https:\/\/idakorea.ee\/wp-content\/uploads\/2025\/03\/51105194_1.jpg\",\"datePublished\":\"2025-03-12T12:22:20+00:00\",\"dateModified\":\"2026-03-04T14:58:23+00:00\",\"description\":\"Taastav essents annab nahale s\u00e4ra ja suurendab eluj\u00f5udu. See v\u00f5itleb t\u00f5husalt kortsude vastu, taastab ja helendab tuhmi nahka.\",\"breadcrumb\":{\"@id\":\"https:\/\/idakorea.ee\/product\/taastav-essents-the-history-of-whoo-cheongidan-illuminating-regenerating-essence\/#breadcrumb\"},\"inLanguage\":\"en-US\",\"potentialAction\":[{\"@type\":\"ReadAction\",\"target\":[\"https:\/\/idakorea.ee\/product\/taastav-essents-the-history-of-whoo-cheongidan-illuminating-regenerating-essence\/\"]}]},{\"@type\":\"ImageObject\",\"inLanguage\":\"en-US\",\"@id\":\"https:\/\/idakorea.ee\/product\/taastav-essents-the-history-of-whoo-cheongidan-illuminating-regenerating-essence\/#primaryimage\",\"url\":\"https:\/\/idakorea.ee\/wp-content\/uploads\/2025\/03\/51105194_1.jpg\",\"contentUrl\":\"https:\/\/idakorea.ee\/wp-content\/uploads\/2025\/03\/51105194_1.jpg\",\"width\":1000,\"height\":1000},{\"@type\":\"BreadcrumbList\",\"@id\":\"https:\/\/idakorea.ee\/product\/taastav-essents-the-history-of-whoo-cheongidan-illuminating-regenerating-essence\/#breadcrumb\",\"itemListElement\":[{\"@type\":\"ListItem\",\"position\":1,\"name\":\"\u0413\u043b\u0430\u0432\u043d\u0430\u044f \u0441\u0442\u0440\u0430\u043d\u0438\u0446\u0430\",\"item\":\"https:\/\/idakorea.ee\/\"},{\"@type\":\"ListItem\",\"position\":2,\"name\":\"Shop\",\"item\":\"https:\/\/idakorea.ee\/shop-2\/\"},{\"@type\":\"ListItem\",\"position\":3,\"name\":\"Taastav essents The History of Whoo Cheongidan Illuminating Regenerating Essence\"}]},{\"@type\":\"WebSite\",\"@id\":\"https:\/\/idakorea.ee\/#website\",\"url\":\"https:\/\/idakorea.ee\/\",\"name\":\"IDA.KOREA\",\"description\":\"Korea kosmeetika e-pood\",\"publisher\":{\"@id\":\"https:\/\/idakorea.ee\/#organization\"},\"alternateName\":\"Beauty Shop\",\"potentialAction\":[{\"@type\":\"SearchAction\",\"target\":{\"@type\":\"EntryPoint\",\"urlTemplate\":\"https:\/\/idakorea.ee\/?s={search_term_string}\"},\"query-input\":{\"@type\":\"PropertyValueSpecification\",\"valueRequired\":true,\"valueName\":\"search_term_string\"}}],\"inLanguage\":\"en-US\"},{\"@type\":\"Organization\",\"@id\":\"https:\/\/idakorea.ee\/#organization\",\"name\":\"IDA.KOREA\",\"url\":\"https:\/\/idakorea.ee\/\",\"logo\":{\"@type\":\"ImageObject\",\"inLanguage\":\"en-US\",\"@id\":\"https:\/\/idakorea.ee\/#\/schema\/logo\/image\/\",\"url\":\"https:\/\/idakorea.ee\/wp-content\/uploads\/2024\/05\/cropped-korea3.png\",\"contentUrl\":\"https:\/\/idakorea.ee\/wp-content\/uploads\/2024\/05\/cropped-korea3.png\",\"width\":688,\"height\":126,\"caption\":\"IDA.KOREA\"},\"image\":{\"@id\":\"https:\/\/idakorea.ee\/#\/schema\/logo\/image\/\"},\"sameAs\":[\"https:\/\/www.instagram.com\/ida.korea\/\"]}]}<\/script>\n<!-- \/ Yoast SEO plugin. -->","yoast_head_json":{"title":"The History of Whoo Cheongidan Illuminating Regenerating Essence - IDA.KOREA","description":"The restorative essence gives the skin radiance and increases vitality. It effectively fights wrinkles, restores and brightens dull skin.","robots":{"index":"index","follow":"follow","max-snippet":"max-snippet:-1","max-image-preview":"max-image-preview:large","max-video-preview":"max-video-preview:-1"},"canonical":"https:\/\/idakorea.ee\/en\/product\/taastav-essents-the-history-of-whoo-cheongidan-illuminating-regenerating-essence\/","og_locale":"en_US","og_type":"article","og_title":"The History of Whoo Cheongidan Illuminating Regenerating Essence - IDA.KOREA","og_description":"Taastav essents annab nahale s\u00e4ra ja suurendab eluj\u00f5udu. See v\u00f5itleb t\u00f5husalt kortsude vastu, taastab ja helendab tuhmi nahka.","og_url":"https:\/\/idakorea.ee\/en\/product\/taastav-essents-the-history-of-whoo-cheongidan-illuminating-regenerating-essence\/","og_site_name":"IDA.KOREA","article_modified_time":"2026-03-04T14:58:23+00:00","og_image":[{"width":1000,"height":1000,"url":"https:\/\/idakorea.ee\/wp-content\/uploads\/2025\/03\/51105194_1.jpg","type":"image\/jpeg"}],"twitter_card":"summary_large_image","twitter_misc":{"Est. reading time":"2 minutes"},"schema":{"@context":"https:\/\/schema.org","@graph":[{"@type":"WebPage","@id":"https:\/\/idakorea.ee\/product\/taastav-essents-the-history-of-whoo-cheongidan-illuminating-regenerating-essence\/","url":"https:\/\/idakorea.ee\/product\/taastav-essents-the-history-of-whoo-cheongidan-illuminating-regenerating-essence\/","name":"The History of Whoo Cheongidan Illuminating Regenerating Essence - IDA.KOREA","isPartOf":{"@id":"https:\/\/idakorea.ee\/#website"},"primaryImageOfPage":{"@id":"https:\/\/idakorea.ee\/product\/taastav-essents-the-history-of-whoo-cheongidan-illuminating-regenerating-essence\/#primaryimage"},"image":{"@id":"https:\/\/idakorea.ee\/product\/taastav-essents-the-history-of-whoo-cheongidan-illuminating-regenerating-essence\/#primaryimage"},"thumbnailUrl":"https:\/\/idakorea.ee\/wp-content\/uploads\/2025\/03\/51105194_1.jpg","datePublished":"2025-03-12T12:22:20+00:00","dateModified":"2026-03-04T14:58:23+00:00","description":"The restorative essence gives the skin radiance and increases vitality. It effectively fights wrinkles, restores and brightens dull skin.","breadcrumb":{"@id":"https:\/\/idakorea.ee\/product\/taastav-essents-the-history-of-whoo-cheongidan-illuminating-regenerating-essence\/#breadcrumb"},"inLanguage":"en-US","potentialAction":[{"@type":"ReadAction","target":["https:\/\/idakorea.ee\/product\/taastav-essents-the-history-of-whoo-cheongidan-illuminating-regenerating-essence\/"]}]},{"@type":"ImageObject","inLanguage":"en-US","@id":"https:\/\/idakorea.ee\/product\/taastav-essents-the-history-of-whoo-cheongidan-illuminating-regenerating-essence\/#primaryimage","url":"https:\/\/idakorea.ee\/wp-content\/uploads\/2025\/03\/51105194_1.jpg","contentUrl":"https:\/\/idakorea.ee\/wp-content\/uploads\/2025\/03\/51105194_1.jpg","width":1000,"height":1000},{"@type":"BreadcrumbList","@id":"https:\/\/idakorea.ee\/product\/taastav-essents-the-history-of-whoo-cheongidan-illuminating-regenerating-essence\/#breadcrumb","itemListElement":[{"@type":"ListItem","position":1,"name":"\u0413\u043b\u0430\u0432\u043d\u0430\u044f \u0441\u0442\u0440\u0430\u043d\u0438\u0446\u0430","item":"https:\/\/idakorea.ee\/"},{"@type":"ListItem","position":2,"name":"Shop","item":"https:\/\/idakorea.ee\/shop-2\/"},{"@type":"ListItem","position":3,"name":"Taastav essents The History of Whoo Cheongidan Illuminating Regenerating Essence"}]},{"@type":"WebSite","@id":"https:\/\/idakorea.ee\/#website","url":"https:\/\/idakorea.ee\/","name":"IDA.KOREA","description":"Korean cosmetics e-shop","publisher":{"@id":"https:\/\/idakorea.ee\/#organization"},"alternateName":"Beauty Shop","potentialAction":[{"@type":"SearchAction","target":{"@type":"EntryPoint","urlTemplate":"https:\/\/idakorea.ee\/?s={search_term_string}"},"query-input":{"@type":"PropertyValueSpecification","valueRequired":true,"valueName":"search_term_string"}}],"inLanguage":"en-US"},{"@type":"Organization","@id":"https:\/\/idakorea.ee\/#organization","name":"IDA.KOREA","url":"https:\/\/idakorea.ee\/","logo":{"@type":"ImageObject","inLanguage":"en-US","@id":"https:\/\/idakorea.ee\/#\/schema\/logo\/image\/","url":"https:\/\/idakorea.ee\/wp-content\/uploads\/2024\/05\/cropped-korea3.png","contentUrl":"https:\/\/idakorea.ee\/wp-content\/uploads\/2024\/05\/cropped-korea3.png","width":688,"height":126,"caption":"IDA.KOREA"},"image":{"@id":"https:\/\/idakorea.ee\/#\/schema\/logo\/image\/"},"sameAs":["https:\/\/www.instagram.com\/ida.korea\/"]}]}},"jetpack_sharing_enabled":true,"brands":[{"id":494,"name":"THE HISTORY OF WHOO","slug":"the-history-of-whoo"}],"_links":{"self":[{"href":"https:\/\/idakorea.ee\/en\/wp-json\/wp\/v2\/product\/13130","targetHints":{"allow":["GET"]}}],"collection":[{"href":"https:\/\/idakorea.ee\/en\/wp-json\/wp\/v2\/product"}],"about":[{"href":"https:\/\/idakorea.ee\/en\/wp-json\/wp\/v2\/types\/product"}],"replies":[{"embeddable":true,"href":"https:\/\/idakorea.ee\/en\/wp-json\/wp\/v2\/comments?post=13130"}],"version-history":[{"count":3,"href":"https:\/\/idakorea.ee\/en\/wp-json\/wp\/v2\/product\/13130\/revisions"}],"predecessor-version":[{"id":13137,"href":"https:\/\/idakorea.ee\/en\/wp-json\/wp\/v2\/product\/13130\/revisions\/13137"}],"wp:featuredmedia":[{"embeddable":true,"href":"https:\/\/idakorea.ee\/en\/wp-json\/wp\/v2\/media\/13131"}],"wp:attachment":[{"href":"https:\/\/idakorea.ee\/en\/wp-json\/wp\/v2\/media?parent=13130"}],"wp:term":[{"taxonomy":"pwb-brand","embeddable":true,"href":"https:\/\/idakorea.ee\/en\/wp-json\/wp\/v2\/pwb-brand?post=13130"},{"taxonomy":"product_brand","embeddable":true,"href":"https:\/\/idakorea.ee\/en\/wp-json\/wp\/v2\/product_brand?post=13130"},{"taxonomy":"product_cat","embeddable":true,"href":"https:\/\/idakorea.ee\/en\/wp-json\/wp\/v2\/product_cat?post=13130"},{"taxonomy":"product_tag","embeddable":true,"href":"https:\/\/idakorea.ee\/en\/wp-json\/wp\/v2\/product_tag?post=13130"}],"curies":[{"name":"wp","href":"https:\/\/api.w.org\/{rel}","templated":true}]}}