{"id":13161,"date":"2025-03-14T10:10:26","date_gmt":"2025-03-14T08:10:26","guid":{"rendered":"https:\/\/idakorea.ee\/?post_type=product&#038;p=13161"},"modified":"2026-04-03T14:26:52","modified_gmt":"2026-04-03T12:26:52","slug":"silmaumbruskreem-medipeel-phyto-exosome-pdrn-lifting-shot-eye-cream","status":"publish","type":"product","link":"https:\/\/idakorea.ee\/en\/product\/silmaumbruskreem-medipeel-phyto-exosome-pdrn-lifting-shot-eye-cream\/","title":{"rendered":"Medipeel+ Phyto Exosome PDRN Lifting Shot Eye Cream, 40ml"},"content":{"rendered":"<p><strong>Medipeel+ Phyto Exosome PDRN Lifting Shot Eye Cream<\/strong> is an eye cream that slows down the ageing process, reduces age-related changes around the eye area and gives a fresh and rested look.<\/p>\n<p>The cream smoothes the skin, increases its elasticity and radiance, reduces the depth of wrinkles. Firms, moisturises and nourishes the skin, activates regeneration and prevents dryness and flaking. Does not cause irritation.<\/p>\n<p>Prevents the formation of dark circles and \"channel hairs\". Thanks to phytoexosomes, the active ingredients penetrate deep into the skin. The cream is V-Label\u00ae certified vegan.<\/p>\n<p><strong>Main active ingredients:<\/strong><\/p>\n<ul>\n<li><strong>13 peptide<\/strong> - have anti-ageing properties: stimulate cell renewal, reduce the depth of wrinkles, smooth and firm the skin.<\/li>\n<li><strong>Argireline (botulinum-like peptide)<\/strong> - relaxes the mimic muscles, helping to prevent wrinkles.<\/li>\n<li><strong>PDRN (Sodium DNA)<\/strong> - Stimulates cell regeneration, accelerates skin renewal, prevents wrinkles and supports skin firmness and density.<\/li>\n<li><strong>Apple stem cells<\/strong> - slow down the ageing process, smooth the skin around the eyes and support the cell life cycle.<\/li>\n<li><strong>8 types of hyaluronic acid<\/strong> - bind moisture and form a protective barrier to prevent dryness and a chafing sensation.<\/li>\n<li><strong>Vitamin C (sodium ascorbyl phosphate and ascorbic acid polypeptide)<\/strong> - in a gentle and stable form, lightens pigmentation, stimulates collagen synthesis and protects the skin against oxidative stress.<\/li>\n<li><strong>B vitamins (B1 - thiamine; B3 - niacinamide; B6 - pyridoxine; B7 - biotin; B9 - folic acid; B12 - cyanocobalamin).<\/strong> - reduce inflammation, soothe irritation and redness, strengthen the skin's protective barrier and smooth the skin's surface.<\/li>\n<li><strong>Sunflower, jojoba and rice bran oils<\/strong> - nourish and soften the skin, strengthen the moisture barrier and provide antioxidant protection.<\/li>\n<\/ul>\n<p>&nbsp;<\/p>\n<p><strong>Usage: <\/strong>After cleansing, toning and serum application, apply a small amount to the eye area, avoiding contact with the mucous membranes. Diffuse with gentle patting movements.<\/p>","protected":false},"excerpt":{"rendered":"<p>Medipeel+ Phyto Exosome PDRN Lifting Shot Eye Cream is an eye cream that slows down the ageing process, reduces age-related changes around the eyes and gives a fresh and rested look. The cream smoothes the skin, increases its elasticity and radiance and reduces the depth of wrinkles. Firms, hydrates and nourishes the skin, activates regeneration and prevents dryness and flaking. Does not cause irritation. Prevents the formation of dark circles and...<\/p>","protected":false},"featured_media":13162,"comment_status":"open","ping_status":"closed","template":"","meta":{"_uf_show_specific_survey":0,"_uf_disable_surveys":false,"_bst_post_transparent":"default","_bst_post_title":"","_bst_post_layout":"default","_bst_post_sidebar_id":"","_bst_post_content_style":"default","_bst_post_vertical_padding":"default","_bst_post_feature":"","_bst_post_feature_position":"","_bst_post_header":false,"_bst_post_footer":false},"pwb-brand":[107],"product_brand":[],"product_cat":[92,99,201],"product_tag":[381,789],"class_list":{"0":"post-13161","1":"product","2":"type-product","3":"status-publish","4":"has-post-thumbnail","6":"pwb-brand-medipeel","7":"product_cat-nagu","8":"product_cat-silmad-ja-huuled-2","9":"product_cat-silmakreem","10":"product_tag-medipeel","11":"product_tag-pdrn","13":"first","14":"instock","15":"sale","16":"shipping-taxable","17":"purchasable","18":"product-type-simple","19":"entry","20":"content-bg","21":"loop-entry"},"supplier_id":null,"supplier_sku":"","barcode":null,"atum_controlled":true,"out_stock_date":null,"out_stock_threshold":null,"inheritable":false,"inbound_stock":0,"stock_on_hold":0,"sold_today":0,"sales_last_days":2,"out_stock_days":0,"lost_sales":0,"has_location":false,"update_date":"2026-04-14T00:05:11","atum_locations":[],"atum_stock_status":"instock","restock_status":false,"low_stock_amount":"","sales_update_date":"2026-04-14T00:05:11","calc_backorders":null,"yoast_head":"<!-- This site is optimized with the Yoast SEO plugin v27.2 - https:\/\/yoast.com\/product\/yoast-seo-wordpress\/ -->\n<title>Medipeel+ Phyto Exosome PDRN Lifting Shot Eye Cream - IDA.KOREA<\/title>\n<meta name=\"description\" content=\"Medipeel+ Phyto Exosome PDRN Lifting Shot Eye Cream on silma\u00fcmbruskreem, mis aeglustab vananemisprotsessi, v\u00e4hendab vanusega seotud muutusi silma\u00fcmbruses ning annab v\u00e4rske ja puhanud ilme.\" \/>\n<meta name=\"robots\" content=\"index, follow, max-snippet:-1, max-image-preview:large, max-video-preview:-1\" \/>\n<link rel=\"canonical\" href=\"https:\/\/idakorea.ee\/en\/product\/silmaumbruskreem-medipeel-phyto-exosome-pdrn-lifting-shot-eye-cream\/\" \/>\n<meta property=\"og:locale\" content=\"en_US\" \/>\n<meta property=\"og:type\" content=\"article\" \/>\n<meta property=\"og:title\" content=\"Medipeel+ Phyto Exosome PDRN Lifting Shot Eye Cream - IDA.KOREA\" \/>\n<meta property=\"og:description\" content=\"Medipeel+ Phyto Exosome PDRN Lifting Shot Eye Cream on silma\u00fcmbruskreem, mis aeglustab vananemisprotsessi, v\u00e4hendab vanusega seotud muutusi silma\u00fcmbruses ning annab v\u00e4rske ja puhanud ilme.\" \/>\n<meta property=\"og:url\" content=\"https:\/\/idakorea.ee\/en\/product\/silmaumbruskreem-medipeel-phyto-exosome-pdrn-lifting-shot-eye-cream\/\" \/>\n<meta property=\"og:site_name\" content=\"IDA.KOREA\" \/>\n<meta property=\"article:modified_time\" content=\"2026-04-03T12:26:52+00:00\" \/>\n<meta property=\"og:image\" content=\"https:\/\/idakorea.ee\/wp-content\/uploads\/2025\/03\/medipeel_-phyto-exosome-pdr-lifting-shot-eye-cream-idakorea.jpg\" \/>\n\t<meta property=\"og:image:width\" content=\"1000\" \/>\n\t<meta property=\"og:image:height\" content=\"1000\" \/>\n\t<meta property=\"og:image:type\" content=\"image\/jpeg\" \/>\n<meta name=\"twitter:card\" content=\"summary_large_image\" \/>\n<meta name=\"twitter:label1\" content=\"Est. reading time\" \/>\n\t<meta name=\"twitter:data1\" content=\"2 minutes\" \/>\n<script type=\"application\/ld+json\" class=\"yoast-schema-graph\">{\"@context\":\"https:\/\/schema.org\",\"@graph\":[{\"@type\":\"WebPage\",\"@id\":\"https:\/\/idakorea.ee\/product\/silmaumbruskreem-medipeel-phyto-exosome-pdrn-lifting-shot-eye-cream\/\",\"url\":\"https:\/\/idakorea.ee\/product\/silmaumbruskreem-medipeel-phyto-exosome-pdrn-lifting-shot-eye-cream\/\",\"name\":\"Medipeel+ Phyto Exosome PDRN Lifting Shot Eye Cream - IDA.KOREA\",\"isPartOf\":{\"@id\":\"https:\/\/idakorea.ee\/#website\"},\"primaryImageOfPage\":{\"@id\":\"https:\/\/idakorea.ee\/product\/silmaumbruskreem-medipeel-phyto-exosome-pdrn-lifting-shot-eye-cream\/#primaryimage\"},\"image\":{\"@id\":\"https:\/\/idakorea.ee\/product\/silmaumbruskreem-medipeel-phyto-exosome-pdrn-lifting-shot-eye-cream\/#primaryimage\"},\"thumbnailUrl\":\"https:\/\/idakorea.ee\/wp-content\/uploads\/2025\/03\/medipeel_-phyto-exosome-pdr-lifting-shot-eye-cream-idakorea.jpg\",\"datePublished\":\"2025-03-14T08:10:26+00:00\",\"dateModified\":\"2026-04-03T12:26:52+00:00\",\"description\":\"Medipeel+ Phyto Exosome PDRN Lifting Shot Eye Cream on silma\u00fcmbruskreem, mis aeglustab vananemisprotsessi, v\u00e4hendab vanusega seotud muutusi silma\u00fcmbruses ning annab v\u00e4rske ja puhanud ilme.\",\"breadcrumb\":{\"@id\":\"https:\/\/idakorea.ee\/product\/silmaumbruskreem-medipeel-phyto-exosome-pdrn-lifting-shot-eye-cream\/#breadcrumb\"},\"inLanguage\":\"en-US\",\"potentialAction\":[{\"@type\":\"ReadAction\",\"target\":[\"https:\/\/idakorea.ee\/product\/silmaumbruskreem-medipeel-phyto-exosome-pdrn-lifting-shot-eye-cream\/\"]}]},{\"@type\":\"ImageObject\",\"inLanguage\":\"en-US\",\"@id\":\"https:\/\/idakorea.ee\/product\/silmaumbruskreem-medipeel-phyto-exosome-pdrn-lifting-shot-eye-cream\/#primaryimage\",\"url\":\"https:\/\/idakorea.ee\/wp-content\/uploads\/2025\/03\/medipeel_-phyto-exosome-pdr-lifting-shot-eye-cream-idakorea.jpg\",\"contentUrl\":\"https:\/\/idakorea.ee\/wp-content\/uploads\/2025\/03\/medipeel_-phyto-exosome-pdr-lifting-shot-eye-cream-idakorea.jpg\",\"width\":1000,\"height\":1000},{\"@type\":\"BreadcrumbList\",\"@id\":\"https:\/\/idakorea.ee\/product\/silmaumbruskreem-medipeel-phyto-exosome-pdrn-lifting-shot-eye-cream\/#breadcrumb\",\"itemListElement\":[{\"@type\":\"ListItem\",\"position\":1,\"name\":\"\u0413\u043b\u0430\u0432\u043d\u0430\u044f \u0441\u0442\u0440\u0430\u043d\u0438\u0446\u0430\",\"item\":\"https:\/\/idakorea.ee\/\"},{\"@type\":\"ListItem\",\"position\":2,\"name\":\"Shop\",\"item\":\"https:\/\/idakorea.ee\/shop-2\/\"},{\"@type\":\"ListItem\",\"position\":3,\"name\":\"Silma\u00fcmbruskreem Medipeel+ Phyto Exosome PDRN Lifting Shot Eye Cream, 40ml\"}]},{\"@type\":\"WebSite\",\"@id\":\"https:\/\/idakorea.ee\/#website\",\"url\":\"https:\/\/idakorea.ee\/\",\"name\":\"IDA.KOREA\",\"description\":\"Korea kosmeetika e-pood\",\"publisher\":{\"@id\":\"https:\/\/idakorea.ee\/#organization\"},\"alternateName\":\"Beauty Shop\",\"potentialAction\":[{\"@type\":\"SearchAction\",\"target\":{\"@type\":\"EntryPoint\",\"urlTemplate\":\"https:\/\/idakorea.ee\/?s={search_term_string}\"},\"query-input\":{\"@type\":\"PropertyValueSpecification\",\"valueRequired\":true,\"valueName\":\"search_term_string\"}}],\"inLanguage\":\"en-US\"},{\"@type\":\"Organization\",\"@id\":\"https:\/\/idakorea.ee\/#organization\",\"name\":\"IDA.KOREA\",\"url\":\"https:\/\/idakorea.ee\/\",\"logo\":{\"@type\":\"ImageObject\",\"inLanguage\":\"en-US\",\"@id\":\"https:\/\/idakorea.ee\/#\/schema\/logo\/image\/\",\"url\":\"https:\/\/idakorea.ee\/wp-content\/uploads\/2024\/05\/cropped-korea3.png\",\"contentUrl\":\"https:\/\/idakorea.ee\/wp-content\/uploads\/2024\/05\/cropped-korea3.png\",\"width\":688,\"height\":126,\"caption\":\"IDA.KOREA\"},\"image\":{\"@id\":\"https:\/\/idakorea.ee\/#\/schema\/logo\/image\/\"},\"sameAs\":[\"https:\/\/www.instagram.com\/ida.korea\/\"]}]}<\/script>\n<!-- \/ Yoast SEO plugin. -->","yoast_head_json":{"title":"Medipeel+ Phyto Exosome PDRN Lifting Shot Eye Cream - IDA.KOREA","description":"Medipeel+ Phyto Exosome PDRN Lifting Shot Eye Cream is an eye cream that slows down the aging process, reduces age-related changes around the eye area and gives a fresh and rested look.","robots":{"index":"index","follow":"follow","max-snippet":"max-snippet:-1","max-image-preview":"max-image-preview:large","max-video-preview":"max-video-preview:-1"},"canonical":"https:\/\/idakorea.ee\/en\/product\/silmaumbruskreem-medipeel-phyto-exosome-pdrn-lifting-shot-eye-cream\/","og_locale":"en_US","og_type":"article","og_title":"Medipeel+ Phyto Exosome PDRN Lifting Shot Eye Cream - IDA.KOREA","og_description":"Medipeel+ Phyto Exosome PDRN Lifting Shot Eye Cream on silma\u00fcmbruskreem, mis aeglustab vananemisprotsessi, v\u00e4hendab vanusega seotud muutusi silma\u00fcmbruses ning annab v\u00e4rske ja puhanud ilme.","og_url":"https:\/\/idakorea.ee\/en\/product\/silmaumbruskreem-medipeel-phyto-exosome-pdrn-lifting-shot-eye-cream\/","og_site_name":"IDA.KOREA","article_modified_time":"2026-04-03T12:26:52+00:00","og_image":[{"width":1000,"height":1000,"url":"https:\/\/idakorea.ee\/wp-content\/uploads\/2025\/03\/medipeel_-phyto-exosome-pdr-lifting-shot-eye-cream-idakorea.jpg","type":"image\/jpeg"}],"twitter_card":"summary_large_image","twitter_misc":{"Est. reading time":"2 minutes"},"schema":{"@context":"https:\/\/schema.org","@graph":[{"@type":"WebPage","@id":"https:\/\/idakorea.ee\/product\/silmaumbruskreem-medipeel-phyto-exosome-pdrn-lifting-shot-eye-cream\/","url":"https:\/\/idakorea.ee\/product\/silmaumbruskreem-medipeel-phyto-exosome-pdrn-lifting-shot-eye-cream\/","name":"Medipeel+ Phyto Exosome PDRN Lifting Shot Eye Cream - IDA.KOREA","isPartOf":{"@id":"https:\/\/idakorea.ee\/#website"},"primaryImageOfPage":{"@id":"https:\/\/idakorea.ee\/product\/silmaumbruskreem-medipeel-phyto-exosome-pdrn-lifting-shot-eye-cream\/#primaryimage"},"image":{"@id":"https:\/\/idakorea.ee\/product\/silmaumbruskreem-medipeel-phyto-exosome-pdrn-lifting-shot-eye-cream\/#primaryimage"},"thumbnailUrl":"https:\/\/idakorea.ee\/wp-content\/uploads\/2025\/03\/medipeel_-phyto-exosome-pdr-lifting-shot-eye-cream-idakorea.jpg","datePublished":"2025-03-14T08:10:26+00:00","dateModified":"2026-04-03T12:26:52+00:00","description":"Medipeel+ Phyto Exosome PDRN Lifting Shot Eye Cream is an eye cream that slows down the aging process, reduces age-related changes around the eye area and gives a fresh and rested look.","breadcrumb":{"@id":"https:\/\/idakorea.ee\/product\/silmaumbruskreem-medipeel-phyto-exosome-pdrn-lifting-shot-eye-cream\/#breadcrumb"},"inLanguage":"en-US","potentialAction":[{"@type":"ReadAction","target":["https:\/\/idakorea.ee\/product\/silmaumbruskreem-medipeel-phyto-exosome-pdrn-lifting-shot-eye-cream\/"]}]},{"@type":"ImageObject","inLanguage":"en-US","@id":"https:\/\/idakorea.ee\/product\/silmaumbruskreem-medipeel-phyto-exosome-pdrn-lifting-shot-eye-cream\/#primaryimage","url":"https:\/\/idakorea.ee\/wp-content\/uploads\/2025\/03\/medipeel_-phyto-exosome-pdr-lifting-shot-eye-cream-idakorea.jpg","contentUrl":"https:\/\/idakorea.ee\/wp-content\/uploads\/2025\/03\/medipeel_-phyto-exosome-pdr-lifting-shot-eye-cream-idakorea.jpg","width":1000,"height":1000},{"@type":"BreadcrumbList","@id":"https:\/\/idakorea.ee\/product\/silmaumbruskreem-medipeel-phyto-exosome-pdrn-lifting-shot-eye-cream\/#breadcrumb","itemListElement":[{"@type":"ListItem","position":1,"name":"\u0413\u043b\u0430\u0432\u043d\u0430\u044f \u0441\u0442\u0440\u0430\u043d\u0438\u0446\u0430","item":"https:\/\/idakorea.ee\/"},{"@type":"ListItem","position":2,"name":"Shop","item":"https:\/\/idakorea.ee\/shop-2\/"},{"@type":"ListItem","position":3,"name":"Silma\u00fcmbruskreem Medipeel+ Phyto Exosome PDRN Lifting Shot Eye Cream, 40ml"}]},{"@type":"WebSite","@id":"https:\/\/idakorea.ee\/#website","url":"https:\/\/idakorea.ee\/","name":"IDA.KOREA","description":"Korean cosmetics e-shop","publisher":{"@id":"https:\/\/idakorea.ee\/#organization"},"alternateName":"Beauty Shop","potentialAction":[{"@type":"SearchAction","target":{"@type":"EntryPoint","urlTemplate":"https:\/\/idakorea.ee\/?s={search_term_string}"},"query-input":{"@type":"PropertyValueSpecification","valueRequired":true,"valueName":"search_term_string"}}],"inLanguage":"en-US"},{"@type":"Organization","@id":"https:\/\/idakorea.ee\/#organization","name":"IDA.KOREA","url":"https:\/\/idakorea.ee\/","logo":{"@type":"ImageObject","inLanguage":"en-US","@id":"https:\/\/idakorea.ee\/#\/schema\/logo\/image\/","url":"https:\/\/idakorea.ee\/wp-content\/uploads\/2024\/05\/cropped-korea3.png","contentUrl":"https:\/\/idakorea.ee\/wp-content\/uploads\/2024\/05\/cropped-korea3.png","width":688,"height":126,"caption":"IDA.KOREA"},"image":{"@id":"https:\/\/idakorea.ee\/#\/schema\/logo\/image\/"},"sameAs":["https:\/\/www.instagram.com\/ida.korea\/"]}]}},"jetpack_sharing_enabled":true,"brands":[{"id":107,"name":"MEDIPEEL+","slug":"medipeel"}],"_links":{"self":[{"href":"https:\/\/idakorea.ee\/en\/wp-json\/wp\/v2\/product\/13161","targetHints":{"allow":["GET"]}}],"collection":[{"href":"https:\/\/idakorea.ee\/en\/wp-json\/wp\/v2\/product"}],"about":[{"href":"https:\/\/idakorea.ee\/en\/wp-json\/wp\/v2\/types\/product"}],"replies":[{"embeddable":true,"href":"https:\/\/idakorea.ee\/en\/wp-json\/wp\/v2\/comments?post=13161"}],"version-history":[{"count":2,"href":"https:\/\/idakorea.ee\/en\/wp-json\/wp\/v2\/product\/13161\/revisions"}],"predecessor-version":[{"id":17412,"href":"https:\/\/idakorea.ee\/en\/wp-json\/wp\/v2\/product\/13161\/revisions\/17412"}],"wp:featuredmedia":[{"embeddable":true,"href":"https:\/\/idakorea.ee\/en\/wp-json\/wp\/v2\/media\/13162"}],"wp:attachment":[{"href":"https:\/\/idakorea.ee\/en\/wp-json\/wp\/v2\/media?parent=13161"}],"wp:term":[{"taxonomy":"pwb-brand","embeddable":true,"href":"https:\/\/idakorea.ee\/en\/wp-json\/wp\/v2\/pwb-brand?post=13161"},{"taxonomy":"product_brand","embeddable":true,"href":"https:\/\/idakorea.ee\/en\/wp-json\/wp\/v2\/product_brand?post=13161"},{"taxonomy":"product_cat","embeddable":true,"href":"https:\/\/idakorea.ee\/en\/wp-json\/wp\/v2\/product_cat?post=13161"},{"taxonomy":"product_tag","embeddable":true,"href":"https:\/\/idakorea.ee\/en\/wp-json\/wp\/v2\/product_tag?post=13161"}],"curies":[{"name":"wp","href":"https:\/\/api.w.org\/{rel}","templated":true}]}}