{"id":13179,"date":"2025-03-17T10:24:59","date_gmt":"2025-03-17T08:24:59","guid":{"rendered":"https:\/\/idakorea.ee\/?post_type=product&#038;p=13179"},"modified":"2026-02-13T09:49:41","modified_gmt":"2026-02-13T07:49:41","slug":"palsam-nao-puhastamiseks-aprilskin-carrotene-ipmp-hydromelt-cleansing-balm-90ml","status":"publish","type":"product","link":"https:\/\/idakorea.ee\/en\/product\/palsam-nao-puhastamiseks-aprilskin-carrotene-ipmp-hydromelt-cleansing-balm-90ml\/","title":{"rendered":"Face cleansing balm Aprilskin Carrotene Ipmp Hydromelt Cleansing Balm, 90ml"},"content":{"rendered":"<p>The product effectively removes make-up residue, excess oil and deeply cleanses pores.<\/p>\n<p><strong>Product benefits:<\/strong><\/p>\n<ul>\n<li>combats the cause of acne, reduces the number of pimples on the skin;<\/li>\n<li>removes redness;<\/li>\n<li>tightens pores, making them less visible;<\/li>\n<li>restores the hydrolipid balance of the epithelium;<\/li>\n<li>improves facial colour and texture.<\/li>\n<\/ul>\n<p>Among the components of APRILSKIN brand balsam is beta-carotene, an indispensable ingredient in the fight against skin rashes and uneven complexion.<\/p>\n<p>Beta-carotene neutralises the effects of free radicals, which can cause premature ageing of cells, as well as loss of skin firmness and elasticity. The balm regulates the sebaceous glands, tightens pores and reduces the likelihood of comedones. Effective cleansing and gentle care for sensitive and irritated skin - in one product.<\/p>\n<p><strong>Usage:<\/strong> Take a small amount of the product and apply gently to the skin with dry hands. Take a little water and massage the emulsified product thoroughly. Rinse off with cool water.<\/p>","protected":false},"excerpt":{"rendered":"<p>The product effectively removes make-up residue, excess oil and deeply cleanses pores. Product benefits: combats the cause of acne, reduces the number of inflamed pimples on the skin; removes redness; tightens pores, making them less visible; restores the hydrolipid balance of the epithelium; improves the colour and texture of the face. Among the components of APRILSKIN brand balsam, beta-carotene is an indispensable ingredient in the fight against skin rashes and uneven complexion....<\/p>","protected":false},"featured_media":13180,"comment_status":"open","ping_status":"closed","template":"","meta":{"_uf_show_specific_survey":0,"_uf_disable_surveys":false,"_bst_post_transparent":"default","_bst_post_title":"","_bst_post_layout":"default","_bst_post_sidebar_id":"","_bst_post_content_style":"default","_bst_post_vertical_padding":"default","_bst_post_feature":"","_bst_post_feature_position":"","_bst_post_header":false,"_bst_post_footer":false},"pwb-brand":[844],"product_brand":[],"product_cat":[1029,452,100],"product_tag":[845],"class_list":{"0":"post-13179","1":"product","2":"type-product","3":"status-publish","4":"has-post-thumbnail","6":"pwb-brand-aprilskin","7":"product_cat-meigieemaldus","8":"product_cat-naopuhastusgeelid","9":"product_cat-puhastusvahendid","10":"product_tag-aprilskin","12":"first","13":"instock","14":"sale","15":"shipping-taxable","16":"purchasable","17":"product-type-simple","18":"entry","19":"content-bg","20":"loop-entry"},"supplier_id":null,"supplier_sku":"","barcode":null,"atum_controlled":true,"out_stock_date":null,"out_stock_threshold":null,"inheritable":false,"inbound_stock":0,"stock_on_hold":0,"sold_today":0,"sales_last_days":0,"out_stock_days":0,"lost_sales":0,"has_location":false,"update_date":"2026-04-14T00:05:07","atum_locations":[],"atum_stock_status":"instock","restock_status":false,"low_stock_amount":"","sales_update_date":"2026-04-14T00:05:07","calc_backorders":null,"yoast_head":"<!-- This site is optimized with the Yoast SEO plugin v27.2 - https:\/\/yoast.com\/product\/yoast-seo-wordpress\/ -->\n<title>Aprilskin Carrotene Ipmp Hydromelt Cleansing Balm, 90ml - IDA.KOREA<\/title>\n<meta name=\"description\" content=\"APRILSKIN br\u00e4ndi palsami komponentide hulgas on beetakaroteen, mis on asendamatu koostisosa v\u00f5itluses nahal\u00f6\u00f6be ja eba\u00fchtlase jume vastu. - Kiire tarne!\" \/>\n<meta name=\"robots\" content=\"index, follow, max-snippet:-1, max-image-preview:large, max-video-preview:-1\" \/>\n<link rel=\"canonical\" href=\"https:\/\/idakorea.ee\/en\/product\/palsam-nao-puhastamiseks-aprilskin-carrotene-ipmp-hydromelt-cleansing-balm-90ml\/\" \/>\n<meta property=\"og:locale\" content=\"en_US\" \/>\n<meta property=\"og:type\" content=\"article\" \/>\n<meta property=\"og:title\" content=\"Aprilskin Carrotene Ipmp Hydromelt Cleansing Balm, 90ml - IDA.KOREA\" \/>\n<meta property=\"og:description\" content=\"APRILSKIN br\u00e4ndi palsami komponentide hulgas on beetakaroteen, mis on asendamatu koostisosa v\u00f5itluses nahal\u00f6\u00f6be ja eba\u00fchtlase jume vastu. - Kiire tarne!\" \/>\n<meta property=\"og:url\" content=\"https:\/\/idakorea.ee\/en\/product\/palsam-nao-puhastamiseks-aprilskin-carrotene-ipmp-hydromelt-cleansing-balm-90ml\/\" \/>\n<meta property=\"og:site_name\" content=\"IDA.KOREA\" \/>\n<meta property=\"article:modified_time\" content=\"2026-02-13T07:49:41+00:00\" \/>\n<meta property=\"og:image\" content=\"https:\/\/idakorea.ee\/wp-content\/uploads\/2025\/03\/aprilskin-balm-idakorea.webp\" \/>\n\t<meta property=\"og:image:width\" content=\"550\" \/>\n\t<meta property=\"og:image:height\" content=\"550\" \/>\n\t<meta property=\"og:image:type\" content=\"image\/webp\" \/>\n<meta name=\"twitter:card\" content=\"summary_large_image\" \/>\n<meta name=\"twitter:label1\" content=\"Est. reading time\" \/>\n\t<meta name=\"twitter:data1\" content=\"1 minute\" \/>\n<script type=\"application\/ld+json\" class=\"yoast-schema-graph\">{\"@context\":\"https:\/\/schema.org\",\"@graph\":[{\"@type\":\"WebPage\",\"@id\":\"https:\/\/idakorea.ee\/product\/palsam-nao-puhastamiseks-aprilskin-carrotene-ipmp-hydromelt-cleansing-balm-90ml\/\",\"url\":\"https:\/\/idakorea.ee\/product\/palsam-nao-puhastamiseks-aprilskin-carrotene-ipmp-hydromelt-cleansing-balm-90ml\/\",\"name\":\"Aprilskin Carrotene Ipmp Hydromelt Cleansing Balm, 90ml - IDA.KOREA\",\"isPartOf\":{\"@id\":\"https:\/\/idakorea.ee\/#website\"},\"primaryImageOfPage\":{\"@id\":\"https:\/\/idakorea.ee\/product\/palsam-nao-puhastamiseks-aprilskin-carrotene-ipmp-hydromelt-cleansing-balm-90ml\/#primaryimage\"},\"image\":{\"@id\":\"https:\/\/idakorea.ee\/product\/palsam-nao-puhastamiseks-aprilskin-carrotene-ipmp-hydromelt-cleansing-balm-90ml\/#primaryimage\"},\"thumbnailUrl\":\"https:\/\/idakorea.ee\/wp-content\/uploads\/2025\/03\/aprilskin-balm-idakorea.webp\",\"datePublished\":\"2025-03-17T08:24:59+00:00\",\"dateModified\":\"2026-02-13T07:49:41+00:00\",\"description\":\"APRILSKIN br\u00e4ndi palsami komponentide hulgas on beetakaroteen, mis on asendamatu koostisosa v\u00f5itluses nahal\u00f6\u00f6be ja eba\u00fchtlase jume vastu. - Kiire tarne!\",\"breadcrumb\":{\"@id\":\"https:\/\/idakorea.ee\/product\/palsam-nao-puhastamiseks-aprilskin-carrotene-ipmp-hydromelt-cleansing-balm-90ml\/#breadcrumb\"},\"inLanguage\":\"en-US\",\"potentialAction\":[{\"@type\":\"ReadAction\",\"target\":[\"https:\/\/idakorea.ee\/product\/palsam-nao-puhastamiseks-aprilskin-carrotene-ipmp-hydromelt-cleansing-balm-90ml\/\"]}]},{\"@type\":\"ImageObject\",\"inLanguage\":\"en-US\",\"@id\":\"https:\/\/idakorea.ee\/product\/palsam-nao-puhastamiseks-aprilskin-carrotene-ipmp-hydromelt-cleansing-balm-90ml\/#primaryimage\",\"url\":\"https:\/\/idakorea.ee\/wp-content\/uploads\/2025\/03\/aprilskin-balm-idakorea.webp\",\"contentUrl\":\"https:\/\/idakorea.ee\/wp-content\/uploads\/2025\/03\/aprilskin-balm-idakorea.webp\",\"width\":550,\"height\":550},{\"@type\":\"BreadcrumbList\",\"@id\":\"https:\/\/idakorea.ee\/product\/palsam-nao-puhastamiseks-aprilskin-carrotene-ipmp-hydromelt-cleansing-balm-90ml\/#breadcrumb\",\"itemListElement\":[{\"@type\":\"ListItem\",\"position\":1,\"name\":\"\u0413\u043b\u0430\u0432\u043d\u0430\u044f \u0441\u0442\u0440\u0430\u043d\u0438\u0446\u0430\",\"item\":\"https:\/\/idakorea.ee\/\"},{\"@type\":\"ListItem\",\"position\":2,\"name\":\"Shop\",\"item\":\"https:\/\/idakorea.ee\/shop-2\/\"},{\"@type\":\"ListItem\",\"position\":3,\"name\":\"Palsam n\u00e4o puhastamiseks Aprilskin Carrotene Ipmp Hydromelt Cleansing Balm, 90ml\"}]},{\"@type\":\"WebSite\",\"@id\":\"https:\/\/idakorea.ee\/#website\",\"url\":\"https:\/\/idakorea.ee\/\",\"name\":\"IDA.KOREA\",\"description\":\"Korea kosmeetika e-pood\",\"publisher\":{\"@id\":\"https:\/\/idakorea.ee\/#organization\"},\"alternateName\":\"Beauty Shop\",\"potentialAction\":[{\"@type\":\"SearchAction\",\"target\":{\"@type\":\"EntryPoint\",\"urlTemplate\":\"https:\/\/idakorea.ee\/?s={search_term_string}\"},\"query-input\":{\"@type\":\"PropertyValueSpecification\",\"valueRequired\":true,\"valueName\":\"search_term_string\"}}],\"inLanguage\":\"en-US\"},{\"@type\":\"Organization\",\"@id\":\"https:\/\/idakorea.ee\/#organization\",\"name\":\"IDA.KOREA\",\"url\":\"https:\/\/idakorea.ee\/\",\"logo\":{\"@type\":\"ImageObject\",\"inLanguage\":\"en-US\",\"@id\":\"https:\/\/idakorea.ee\/#\/schema\/logo\/image\/\",\"url\":\"https:\/\/idakorea.ee\/wp-content\/uploads\/2024\/05\/cropped-korea3.png\",\"contentUrl\":\"https:\/\/idakorea.ee\/wp-content\/uploads\/2024\/05\/cropped-korea3.png\",\"width\":688,\"height\":126,\"caption\":\"IDA.KOREA\"},\"image\":{\"@id\":\"https:\/\/idakorea.ee\/#\/schema\/logo\/image\/\"},\"sameAs\":[\"https:\/\/www.instagram.com\/ida.korea\/\"]}]}<\/script>\n<!-- \/ Yoast SEO plugin. -->","yoast_head_json":{"title":"Aprilskin Carrotene Ipmp Hydromelt Cleansing Balm, 90ml - IDA.KOREA","description":"Among the components of the APRILSKIN brand balm is beta-carotene, which is an indispensable ingredient in the fight against skin rashes and uneven complexion. - Fast delivery!","robots":{"index":"index","follow":"follow","max-snippet":"max-snippet:-1","max-image-preview":"max-image-preview:large","max-video-preview":"max-video-preview:-1"},"canonical":"https:\/\/idakorea.ee\/en\/product\/palsam-nao-puhastamiseks-aprilskin-carrotene-ipmp-hydromelt-cleansing-balm-90ml\/","og_locale":"en_US","og_type":"article","og_title":"Aprilskin Carrotene Ipmp Hydromelt Cleansing Balm, 90ml - IDA.KOREA","og_description":"APRILSKIN br\u00e4ndi palsami komponentide hulgas on beetakaroteen, mis on asendamatu koostisosa v\u00f5itluses nahal\u00f6\u00f6be ja eba\u00fchtlase jume vastu. - Kiire tarne!","og_url":"https:\/\/idakorea.ee\/en\/product\/palsam-nao-puhastamiseks-aprilskin-carrotene-ipmp-hydromelt-cleansing-balm-90ml\/","og_site_name":"IDA.KOREA","article_modified_time":"2026-02-13T07:49:41+00:00","og_image":[{"width":550,"height":550,"url":"https:\/\/idakorea.ee\/wp-content\/uploads\/2025\/03\/aprilskin-balm-idakorea.webp","type":"image\/webp"}],"twitter_card":"summary_large_image","twitter_misc":{"Est. reading time":"1 minute"},"schema":{"@context":"https:\/\/schema.org","@graph":[{"@type":"WebPage","@id":"https:\/\/idakorea.ee\/product\/palsam-nao-puhastamiseks-aprilskin-carrotene-ipmp-hydromelt-cleansing-balm-90ml\/","url":"https:\/\/idakorea.ee\/product\/palsam-nao-puhastamiseks-aprilskin-carrotene-ipmp-hydromelt-cleansing-balm-90ml\/","name":"Aprilskin Carrotene Ipmp Hydromelt Cleansing Balm, 90ml - IDA.KOREA","isPartOf":{"@id":"https:\/\/idakorea.ee\/#website"},"primaryImageOfPage":{"@id":"https:\/\/idakorea.ee\/product\/palsam-nao-puhastamiseks-aprilskin-carrotene-ipmp-hydromelt-cleansing-balm-90ml\/#primaryimage"},"image":{"@id":"https:\/\/idakorea.ee\/product\/palsam-nao-puhastamiseks-aprilskin-carrotene-ipmp-hydromelt-cleansing-balm-90ml\/#primaryimage"},"thumbnailUrl":"https:\/\/idakorea.ee\/wp-content\/uploads\/2025\/03\/aprilskin-balm-idakorea.webp","datePublished":"2025-03-17T08:24:59+00:00","dateModified":"2026-02-13T07:49:41+00:00","description":"Among the components of the APRILSKIN brand balm is beta-carotene, which is an indispensable ingredient in the fight against skin rashes and uneven complexion. - Fast delivery!","breadcrumb":{"@id":"https:\/\/idakorea.ee\/product\/palsam-nao-puhastamiseks-aprilskin-carrotene-ipmp-hydromelt-cleansing-balm-90ml\/#breadcrumb"},"inLanguage":"en-US","potentialAction":[{"@type":"ReadAction","target":["https:\/\/idakorea.ee\/product\/palsam-nao-puhastamiseks-aprilskin-carrotene-ipmp-hydromelt-cleansing-balm-90ml\/"]}]},{"@type":"ImageObject","inLanguage":"en-US","@id":"https:\/\/idakorea.ee\/product\/palsam-nao-puhastamiseks-aprilskin-carrotene-ipmp-hydromelt-cleansing-balm-90ml\/#primaryimage","url":"https:\/\/idakorea.ee\/wp-content\/uploads\/2025\/03\/aprilskin-balm-idakorea.webp","contentUrl":"https:\/\/idakorea.ee\/wp-content\/uploads\/2025\/03\/aprilskin-balm-idakorea.webp","width":550,"height":550},{"@type":"BreadcrumbList","@id":"https:\/\/idakorea.ee\/product\/palsam-nao-puhastamiseks-aprilskin-carrotene-ipmp-hydromelt-cleansing-balm-90ml\/#breadcrumb","itemListElement":[{"@type":"ListItem","position":1,"name":"\u0413\u043b\u0430\u0432\u043d\u0430\u044f \u0441\u0442\u0440\u0430\u043d\u0438\u0446\u0430","item":"https:\/\/idakorea.ee\/"},{"@type":"ListItem","position":2,"name":"Shop","item":"https:\/\/idakorea.ee\/shop-2\/"},{"@type":"ListItem","position":3,"name":"Palsam n\u00e4o puhastamiseks Aprilskin Carrotene Ipmp Hydromelt Cleansing Balm, 90ml"}]},{"@type":"WebSite","@id":"https:\/\/idakorea.ee\/#website","url":"https:\/\/idakorea.ee\/","name":"IDA.KOREA","description":"Korean cosmetics e-shop","publisher":{"@id":"https:\/\/idakorea.ee\/#organization"},"alternateName":"Beauty Shop","potentialAction":[{"@type":"SearchAction","target":{"@type":"EntryPoint","urlTemplate":"https:\/\/idakorea.ee\/?s={search_term_string}"},"query-input":{"@type":"PropertyValueSpecification","valueRequired":true,"valueName":"search_term_string"}}],"inLanguage":"en-US"},{"@type":"Organization","@id":"https:\/\/idakorea.ee\/#organization","name":"IDA.KOREA","url":"https:\/\/idakorea.ee\/","logo":{"@type":"ImageObject","inLanguage":"en-US","@id":"https:\/\/idakorea.ee\/#\/schema\/logo\/image\/","url":"https:\/\/idakorea.ee\/wp-content\/uploads\/2024\/05\/cropped-korea3.png","contentUrl":"https:\/\/idakorea.ee\/wp-content\/uploads\/2024\/05\/cropped-korea3.png","width":688,"height":126,"caption":"IDA.KOREA"},"image":{"@id":"https:\/\/idakorea.ee\/#\/schema\/logo\/image\/"},"sameAs":["https:\/\/www.instagram.com\/ida.korea\/"]}]}},"jetpack_sharing_enabled":true,"brands":[{"id":844,"name":"APRILSKIN","slug":"aprilskin"}],"_links":{"self":[{"href":"https:\/\/idakorea.ee\/en\/wp-json\/wp\/v2\/product\/13179","targetHints":{"allow":["GET"]}}],"collection":[{"href":"https:\/\/idakorea.ee\/en\/wp-json\/wp\/v2\/product"}],"about":[{"href":"https:\/\/idakorea.ee\/en\/wp-json\/wp\/v2\/types\/product"}],"replies":[{"embeddable":true,"href":"https:\/\/idakorea.ee\/en\/wp-json\/wp\/v2\/comments?post=13179"}],"version-history":[{"count":2,"href":"https:\/\/idakorea.ee\/en\/wp-json\/wp\/v2\/product\/13179\/revisions"}],"predecessor-version":[{"id":13184,"href":"https:\/\/idakorea.ee\/en\/wp-json\/wp\/v2\/product\/13179\/revisions\/13184"}],"wp:featuredmedia":[{"embeddable":true,"href":"https:\/\/idakorea.ee\/en\/wp-json\/wp\/v2\/media\/13180"}],"wp:attachment":[{"href":"https:\/\/idakorea.ee\/en\/wp-json\/wp\/v2\/media?parent=13179"}],"wp:term":[{"taxonomy":"pwb-brand","embeddable":true,"href":"https:\/\/idakorea.ee\/en\/wp-json\/wp\/v2\/pwb-brand?post=13179"},{"taxonomy":"product_brand","embeddable":true,"href":"https:\/\/idakorea.ee\/en\/wp-json\/wp\/v2\/product_brand?post=13179"},{"taxonomy":"product_cat","embeddable":true,"href":"https:\/\/idakorea.ee\/en\/wp-json\/wp\/v2\/product_cat?post=13179"},{"taxonomy":"product_tag","embeddable":true,"href":"https:\/\/idakorea.ee\/en\/wp-json\/wp\/v2\/product_tag?post=13179"}],"curies":[{"name":"wp","href":"https:\/\/api.w.org\/{rel}","templated":true}]}}