{"id":13190,"date":"2025-03-17T11:21:15","date_gmt":"2025-03-17T09:21:15","guid":{"rendered":"https:\/\/idakorea.ee\/?post_type=product&#038;p=13190"},"modified":"2026-04-01T14:22:58","modified_gmt":"2026-04-01T12:22:58","slug":"rahustav-ja-toitaineterikas-seerum-cnp-bye-od-td-vita-calming-serum-2ml","status":"publish","type":"product","link":"https:\/\/idakorea.ee\/en\/product\/rahustav-ja-toitaineterikas-seerum-cnp-bye-od-td-vita-calming-serum-2ml\/","title":{"rendered":"CNP Bye Od-TD Vita Calming Serum, 2ml"},"content":{"rendered":"<p>CNP Bye Od-TD Vita Calming Serum is a concentrated soothing serum enriched with vitamins to calm and nourish sensitive skin. It helps to reduce redness, irritation and inflammation while providing the skin with essential nutrients to improve overall skin health. With a lightweight texture, the serum absorbs quickly, providing instant hydration and comfort to stressed skin.<\/p>\n<ul>\n<li>Soothes and reduces redness - soothes irritated skin and reduces redness, providing immediate relief for sensitive skin.<\/li>\n<li>Nourishes with essential vitamins - contains vitamins that are beneficial for the skin, helping to strengthen the skin's natural defences.<\/li>\n<li>Light and fast absorbing - penetrates deep into the skin without leaving a sticky residue, leaving skin soft and hydrated.<\/li>\n<\/ul>\n<h3><\/h3>\n<p>Suitable for all skin types, especially sensitive and irritated skin.<\/p>\n<p><strong>Usage: <\/strong>apply the required amount of serum to the tinted skin and finish with a moisturiser.<\/p>","protected":false},"excerpt":{"rendered":"<p>CNP Bye Od-TD Vita Calming Serum is a concentrated soothing serum enriched with vitamins to calm and nourish sensitive skin. It helps to reduce redness, irritation and inflammation while providing the skin with essential nutrients to improve overall skin health. With a lightweight texture, the serum absorbs quickly, providing instant hydration and comfort to stressed skin. Soothes and reduces redness - soothes and...<\/p>","protected":false},"featured_media":13191,"comment_status":"open","ping_status":"closed","template":"","meta":{"_uf_show_specific_survey":0,"_uf_disable_surveys":false,"_bst_post_transparent":"default","_bst_post_title":"","_bst_post_layout":"default","_bst_post_sidebar_id":"","_bst_post_content_style":"default","_bst_post_vertical_padding":"default","_bst_post_feature":"","_bst_post_feature_position":"","_bst_post_header":false,"_bst_post_footer":false},"pwb-brand":[629],"product_brand":[],"product_cat":[92,97],"product_tag":[846],"class_list":{"0":"post-13190","1":"product","2":"type-product","3":"status-publish","4":"has-post-thumbnail","6":"pwb-brand-cnp-laboratory","7":"product_cat-nagu","8":"product_cat-naoseerumid-ja-olid","9":"product_tag-cnp","11":"first","12":"instock","13":"sale","14":"shipping-taxable","15":"purchasable","16":"product-type-simple","17":"entry","18":"content-bg","19":"loop-entry"},"supplier_id":null,"supplier_sku":"","barcode":null,"atum_controlled":true,"out_stock_date":null,"out_stock_threshold":null,"inheritable":false,"inbound_stock":0,"stock_on_hold":0,"sold_today":0,"sales_last_days":0,"out_stock_days":0,"lost_sales":0,"has_location":false,"update_date":"2026-04-15T00:05:17","atum_locations":[],"atum_stock_status":"instock","restock_status":false,"low_stock_amount":"","sales_update_date":"2026-04-15T00:05:17","calc_backorders":null,"yoast_head":"<!-- This site is optimized with the Yoast SEO plugin v27.2 - https:\/\/yoast.com\/product\/yoast-seo-wordpress\/ -->\n<title>Rahustav ja toitaineterikas seerum CNP Bye Od-TD Vita Calming Serum, 2ml - IDA.KOREA<\/title>\n<meta name=\"robots\" content=\"index, follow, max-snippet:-1, max-image-preview:large, max-video-preview:-1\" \/>\n<link rel=\"canonical\" href=\"https:\/\/idakorea.ee\/en\/product\/rahustav-ja-toitaineterikas-seerum-cnp-bye-od-td-vita-calming-serum-2ml\/\" \/>\n<meta property=\"og:locale\" content=\"en_US\" \/>\n<meta property=\"og:type\" content=\"article\" \/>\n<meta property=\"og:title\" content=\"Rahustav ja toitaineterikas seerum CNP Bye Od-TD Vita Calming Serum, 2ml - IDA.KOREA\" \/>\n<meta property=\"og:description\" content=\"CNP Bye Od-TD Vita Calming Serum on kontsentreeritud rahustav seerum, mis on rikastatud vitamiinidega tundliku naha rahustamiseks ja toitmiseks. See aitab v\u00e4hendada punetust, \u00e4rritust ja p\u00f5letikku, pakkudes samal ajal nahale vajalikke toitaineid, et parandada \u00fcldist naha tervist. Kerge tekstuuriga seerum imendub kiiresti, pakkudes kohest niisutust ja mugavust stressis nahale. Rahustab ja v\u00e4hendab punetust \u2013 leevendab...\" \/>\n<meta property=\"og:url\" content=\"https:\/\/idakorea.ee\/en\/product\/rahustav-ja-toitaineterikas-seerum-cnp-bye-od-td-vita-calming-serum-2ml\/\" \/>\n<meta property=\"og:site_name\" content=\"IDA.KOREA\" \/>\n<meta property=\"article:modified_time\" content=\"2026-04-01T12:22:58+00:00\" \/>\n<meta property=\"og:image\" content=\"https:\/\/idakorea.ee\/wp-content\/uploads\/2025\/03\/sg-11134207-7rdvt-lzsql0wen3u416.jpg\" \/>\n\t<meta property=\"og:image:width\" content=\"1024\" \/>\n\t<meta property=\"og:image:height\" content=\"1024\" \/>\n\t<meta property=\"og:image:type\" content=\"image\/jpeg\" \/>\n<meta name=\"twitter:card\" content=\"summary_large_image\" \/>\n<meta name=\"twitter:label1\" content=\"Est. reading time\" \/>\n\t<meta name=\"twitter:data1\" content=\"1 minute\" \/>\n<script type=\"application\/ld+json\" class=\"yoast-schema-graph\">{\"@context\":\"https:\/\/schema.org\",\"@graph\":[{\"@type\":\"WebPage\",\"@id\":\"https:\/\/idakorea.ee\/product\/rahustav-ja-toitaineterikas-seerum-cnp-bye-od-td-vita-calming-serum-2ml\/\",\"url\":\"https:\/\/idakorea.ee\/product\/rahustav-ja-toitaineterikas-seerum-cnp-bye-od-td-vita-calming-serum-2ml\/\",\"name\":\"Rahustav ja toitaineterikas seerum CNP Bye Od-TD Vita Calming Serum, 2ml - IDA.KOREA\",\"isPartOf\":{\"@id\":\"https:\/\/idakorea.ee\/#website\"},\"primaryImageOfPage\":{\"@id\":\"https:\/\/idakorea.ee\/product\/rahustav-ja-toitaineterikas-seerum-cnp-bye-od-td-vita-calming-serum-2ml\/#primaryimage\"},\"image\":{\"@id\":\"https:\/\/idakorea.ee\/product\/rahustav-ja-toitaineterikas-seerum-cnp-bye-od-td-vita-calming-serum-2ml\/#primaryimage\"},\"thumbnailUrl\":\"https:\/\/idakorea.ee\/wp-content\/uploads\/2025\/03\/sg-11134207-7rdvt-lzsql0wen3u416.jpg\",\"datePublished\":\"2025-03-17T09:21:15+00:00\",\"dateModified\":\"2026-04-01T12:22:58+00:00\",\"breadcrumb\":{\"@id\":\"https:\/\/idakorea.ee\/product\/rahustav-ja-toitaineterikas-seerum-cnp-bye-od-td-vita-calming-serum-2ml\/#breadcrumb\"},\"inLanguage\":\"en-US\",\"potentialAction\":[{\"@type\":\"ReadAction\",\"target\":[\"https:\/\/idakorea.ee\/product\/rahustav-ja-toitaineterikas-seerum-cnp-bye-od-td-vita-calming-serum-2ml\/\"]}]},{\"@type\":\"ImageObject\",\"inLanguage\":\"en-US\",\"@id\":\"https:\/\/idakorea.ee\/product\/rahustav-ja-toitaineterikas-seerum-cnp-bye-od-td-vita-calming-serum-2ml\/#primaryimage\",\"url\":\"https:\/\/idakorea.ee\/wp-content\/uploads\/2025\/03\/sg-11134207-7rdvt-lzsql0wen3u416.jpg\",\"contentUrl\":\"https:\/\/idakorea.ee\/wp-content\/uploads\/2025\/03\/sg-11134207-7rdvt-lzsql0wen3u416.jpg\",\"width\":1024,\"height\":1024},{\"@type\":\"BreadcrumbList\",\"@id\":\"https:\/\/idakorea.ee\/product\/rahustav-ja-toitaineterikas-seerum-cnp-bye-od-td-vita-calming-serum-2ml\/#breadcrumb\",\"itemListElement\":[{\"@type\":\"ListItem\",\"position\":1,\"name\":\"\u0413\u043b\u0430\u0432\u043d\u0430\u044f \u0441\u0442\u0440\u0430\u043d\u0438\u0446\u0430\",\"item\":\"https:\/\/idakorea.ee\/\"},{\"@type\":\"ListItem\",\"position\":2,\"name\":\"Shop\",\"item\":\"https:\/\/idakorea.ee\/shop-2\/\"},{\"@type\":\"ListItem\",\"position\":3,\"name\":\"Rahustav ja toitaineterikas seerum CNP Bye Od-TD Vita Calming Serum, 2ml\"}]},{\"@type\":\"WebSite\",\"@id\":\"https:\/\/idakorea.ee\/#website\",\"url\":\"https:\/\/idakorea.ee\/\",\"name\":\"IDA.KOREA\",\"description\":\"Korea kosmeetika e-pood\",\"publisher\":{\"@id\":\"https:\/\/idakorea.ee\/#organization\"},\"alternateName\":\"Beauty Shop\",\"potentialAction\":[{\"@type\":\"SearchAction\",\"target\":{\"@type\":\"EntryPoint\",\"urlTemplate\":\"https:\/\/idakorea.ee\/?s={search_term_string}\"},\"query-input\":{\"@type\":\"PropertyValueSpecification\",\"valueRequired\":true,\"valueName\":\"search_term_string\"}}],\"inLanguage\":\"en-US\"},{\"@type\":\"Organization\",\"@id\":\"https:\/\/idakorea.ee\/#organization\",\"name\":\"IDA.KOREA\",\"url\":\"https:\/\/idakorea.ee\/\",\"logo\":{\"@type\":\"ImageObject\",\"inLanguage\":\"en-US\",\"@id\":\"https:\/\/idakorea.ee\/#\/schema\/logo\/image\/\",\"url\":\"https:\/\/idakorea.ee\/wp-content\/uploads\/2024\/05\/cropped-korea3.png\",\"contentUrl\":\"https:\/\/idakorea.ee\/wp-content\/uploads\/2024\/05\/cropped-korea3.png\",\"width\":688,\"height\":126,\"caption\":\"IDA.KOREA\"},\"image\":{\"@id\":\"https:\/\/idakorea.ee\/#\/schema\/logo\/image\/\"},\"sameAs\":[\"https:\/\/www.instagram.com\/ida.korea\/\"]}]}<\/script>\n<!-- \/ Yoast SEO plugin. -->","yoast_head_json":{"title":"Soothing and nutrient-rich serum CNP Bye Od-TD Vita Calming Serum, 2ml - IDA.KOREA","robots":{"index":"index","follow":"follow","max-snippet":"max-snippet:-1","max-image-preview":"max-image-preview:large","max-video-preview":"max-video-preview:-1"},"canonical":"https:\/\/idakorea.ee\/en\/product\/rahustav-ja-toitaineterikas-seerum-cnp-bye-od-td-vita-calming-serum-2ml\/","og_locale":"en_US","og_type":"article","og_title":"Rahustav ja toitaineterikas seerum CNP Bye Od-TD Vita Calming Serum, 2ml - IDA.KOREA","og_description":"CNP Bye Od-TD Vita Calming Serum on kontsentreeritud rahustav seerum, mis on rikastatud vitamiinidega tundliku naha rahustamiseks ja toitmiseks. See aitab v\u00e4hendada punetust, \u00e4rritust ja p\u00f5letikku, pakkudes samal ajal nahale vajalikke toitaineid, et parandada \u00fcldist naha tervist. Kerge tekstuuriga seerum imendub kiiresti, pakkudes kohest niisutust ja mugavust stressis nahale. Rahustab ja v\u00e4hendab punetust \u2013 leevendab...","og_url":"https:\/\/idakorea.ee\/en\/product\/rahustav-ja-toitaineterikas-seerum-cnp-bye-od-td-vita-calming-serum-2ml\/","og_site_name":"IDA.KOREA","article_modified_time":"2026-04-01T12:22:58+00:00","og_image":[{"width":1024,"height":1024,"url":"https:\/\/idakorea.ee\/wp-content\/uploads\/2025\/03\/sg-11134207-7rdvt-lzsql0wen3u416.jpg","type":"image\/jpeg"}],"twitter_card":"summary_large_image","twitter_misc":{"Est. reading time":"1 minute"},"schema":{"@context":"https:\/\/schema.org","@graph":[{"@type":"WebPage","@id":"https:\/\/idakorea.ee\/product\/rahustav-ja-toitaineterikas-seerum-cnp-bye-od-td-vita-calming-serum-2ml\/","url":"https:\/\/idakorea.ee\/product\/rahustav-ja-toitaineterikas-seerum-cnp-bye-od-td-vita-calming-serum-2ml\/","name":"Soothing and nutrient-rich serum CNP Bye Od-TD Vita Calming Serum, 2ml - IDA.KOREA","isPartOf":{"@id":"https:\/\/idakorea.ee\/#website"},"primaryImageOfPage":{"@id":"https:\/\/idakorea.ee\/product\/rahustav-ja-toitaineterikas-seerum-cnp-bye-od-td-vita-calming-serum-2ml\/#primaryimage"},"image":{"@id":"https:\/\/idakorea.ee\/product\/rahustav-ja-toitaineterikas-seerum-cnp-bye-od-td-vita-calming-serum-2ml\/#primaryimage"},"thumbnailUrl":"https:\/\/idakorea.ee\/wp-content\/uploads\/2025\/03\/sg-11134207-7rdvt-lzsql0wen3u416.jpg","datePublished":"2025-03-17T09:21:15+00:00","dateModified":"2026-04-01T12:22:58+00:00","breadcrumb":{"@id":"https:\/\/idakorea.ee\/product\/rahustav-ja-toitaineterikas-seerum-cnp-bye-od-td-vita-calming-serum-2ml\/#breadcrumb"},"inLanguage":"en-US","potentialAction":[{"@type":"ReadAction","target":["https:\/\/idakorea.ee\/product\/rahustav-ja-toitaineterikas-seerum-cnp-bye-od-td-vita-calming-serum-2ml\/"]}]},{"@type":"ImageObject","inLanguage":"en-US","@id":"https:\/\/idakorea.ee\/product\/rahustav-ja-toitaineterikas-seerum-cnp-bye-od-td-vita-calming-serum-2ml\/#primaryimage","url":"https:\/\/idakorea.ee\/wp-content\/uploads\/2025\/03\/sg-11134207-7rdvt-lzsql0wen3u416.jpg","contentUrl":"https:\/\/idakorea.ee\/wp-content\/uploads\/2025\/03\/sg-11134207-7rdvt-lzsql0wen3u416.jpg","width":1024,"height":1024},{"@type":"BreadcrumbList","@id":"https:\/\/idakorea.ee\/product\/rahustav-ja-toitaineterikas-seerum-cnp-bye-od-td-vita-calming-serum-2ml\/#breadcrumb","itemListElement":[{"@type":"ListItem","position":1,"name":"\u0413\u043b\u0430\u0432\u043d\u0430\u044f \u0441\u0442\u0440\u0430\u043d\u0438\u0446\u0430","item":"https:\/\/idakorea.ee\/"},{"@type":"ListItem","position":2,"name":"Shop","item":"https:\/\/idakorea.ee\/shop-2\/"},{"@type":"ListItem","position":3,"name":"Rahustav ja toitaineterikas seerum CNP Bye Od-TD Vita Calming Serum, 2ml"}]},{"@type":"WebSite","@id":"https:\/\/idakorea.ee\/#website","url":"https:\/\/idakorea.ee\/","name":"IDA.KOREA","description":"Korean cosmetics e-shop","publisher":{"@id":"https:\/\/idakorea.ee\/#organization"},"alternateName":"Beauty Shop","potentialAction":[{"@type":"SearchAction","target":{"@type":"EntryPoint","urlTemplate":"https:\/\/idakorea.ee\/?s={search_term_string}"},"query-input":{"@type":"PropertyValueSpecification","valueRequired":true,"valueName":"search_term_string"}}],"inLanguage":"en-US"},{"@type":"Organization","@id":"https:\/\/idakorea.ee\/#organization","name":"IDA.KOREA","url":"https:\/\/idakorea.ee\/","logo":{"@type":"ImageObject","inLanguage":"en-US","@id":"https:\/\/idakorea.ee\/#\/schema\/logo\/image\/","url":"https:\/\/idakorea.ee\/wp-content\/uploads\/2024\/05\/cropped-korea3.png","contentUrl":"https:\/\/idakorea.ee\/wp-content\/uploads\/2024\/05\/cropped-korea3.png","width":688,"height":126,"caption":"IDA.KOREA"},"image":{"@id":"https:\/\/idakorea.ee\/#\/schema\/logo\/image\/"},"sameAs":["https:\/\/www.instagram.com\/ida.korea\/"]}]}},"jetpack_sharing_enabled":true,"brands":[{"id":629,"name":"CNP LABORATORY","slug":"cnp-laboratory"}],"_links":{"self":[{"href":"https:\/\/idakorea.ee\/en\/wp-json\/wp\/v2\/product\/13190","targetHints":{"allow":["GET"]}}],"collection":[{"href":"https:\/\/idakorea.ee\/en\/wp-json\/wp\/v2\/product"}],"about":[{"href":"https:\/\/idakorea.ee\/en\/wp-json\/wp\/v2\/types\/product"}],"replies":[{"embeddable":true,"href":"https:\/\/idakorea.ee\/en\/wp-json\/wp\/v2\/comments?post=13190"}],"version-history":[{"count":1,"href":"https:\/\/idakorea.ee\/en\/wp-json\/wp\/v2\/product\/13190\/revisions"}],"predecessor-version":[{"id":13193,"href":"https:\/\/idakorea.ee\/en\/wp-json\/wp\/v2\/product\/13190\/revisions\/13193"}],"wp:featuredmedia":[{"embeddable":true,"href":"https:\/\/idakorea.ee\/en\/wp-json\/wp\/v2\/media\/13191"}],"wp:attachment":[{"href":"https:\/\/idakorea.ee\/en\/wp-json\/wp\/v2\/media?parent=13190"}],"wp:term":[{"taxonomy":"pwb-brand","embeddable":true,"href":"https:\/\/idakorea.ee\/en\/wp-json\/wp\/v2\/pwb-brand?post=13190"},{"taxonomy":"product_brand","embeddable":true,"href":"https:\/\/idakorea.ee\/en\/wp-json\/wp\/v2\/product_brand?post=13190"},{"taxonomy":"product_cat","embeddable":true,"href":"https:\/\/idakorea.ee\/en\/wp-json\/wp\/v2\/product_cat?post=13190"},{"taxonomy":"product_tag","embeddable":true,"href":"https:\/\/idakorea.ee\/en\/wp-json\/wp\/v2\/product_tag?post=13190"}],"curies":[{"name":"wp","href":"https:\/\/api.w.org\/{rel}","templated":true}]}}