{"id":13194,"date":"2025-03-17T11:33:51","date_gmt":"2025-03-17T09:33:51","guid":{"rendered":"https:\/\/idakorea.ee\/?post_type=product&#038;p=13194"},"modified":"2026-01-30T14:33:32","modified_gmt":"2026-01-30T12:33:32","slug":"naopadjad-aminohapetega-cnp-bye-od-td-amino-gauze-pads-5tk","status":"publish","type":"product","link":"https:\/\/idakorea.ee\/en\/product\/naopadjad-aminohapetega-cnp-bye-od-td-amino-gauze-pads-5tk\/","title":{"rendered":"Face pads with amino acids CNP Bye Od-TD Amino Gauze Pads, 5pcs"},"content":{"rendered":"<p>CNP Bye Od-TD Amino Gauze Pads are gently exfoliating pads that remove dead skin cells and dirt while nourishing the skin with amino acids. These pads help to improve the texture of the skin, leaving it soft, smooth and hydrated.<\/p>\n<p>The double-sided gauze pad ensures an effective but gentle exfoliation, making it suitable for sensitive skin.<\/p>\n<p>Gentle exfoliation - removes dead skin cells and dirt, improving skin texture without irritation.<br \/>\nSkin nourishing formula - enriched with amino acids that moisturise and nourish the skin, helping to maintain a healthy complexion.<br \/>\nSmoother skin - after use, skin is left soft, smooth and refreshed.<\/p>\n<h3><\/h3>\n<p>Suitable for all skin types, especially sensitive and dry skin, thanks to its gentle and moisturising action.<\/p>\n<p><strong>User manual:<\/strong>\u00a0after washing, wipe your skin thoroughly with a pad. Can be used daily morning and evening<\/p>","protected":false},"excerpt":{"rendered":"<p>CNP Bye Od-TD Amino Gauze Pads are gently exfoliating pads that remove dead skin cells and dirt while nourishing the skin with amino acids. These pads help to improve the texture of the skin, leaving it soft, smooth and hydrated. The double-sided gauze pad provides an effective yet gentle exfoliation, making it suitable for sensitive skin. Gentle exfoliation - removes dead skin cells and dirt, improving the skin's...<\/p>","protected":false},"featured_media":13195,"comment_status":"open","ping_status":"closed","template":"","meta":{"_uf_show_specific_survey":0,"_uf_disable_surveys":false,"_bst_post_transparent":"default","_bst_post_title":"","_bst_post_layout":"default","_bst_post_sidebar_id":"","_bst_post_content_style":"default","_bst_post_vertical_padding":"default","_bst_post_feature":"","_bst_post_feature_position":"","_bst_post_header":false,"_bst_post_footer":false},"pwb-brand":[629],"product_brand":[],"product_cat":[92,158],"product_tag":[846],"class_list":{"0":"post-13194","1":"product","2":"type-product","3":"status-publish","4":"has-post-thumbnail","6":"pwb-brand-cnp-laboratory","7":"product_cat-nagu","8":"product_cat-toonik","9":"product_tag-cnp","11":"first","12":"instock","13":"sale","14":"shipping-taxable","15":"purchasable","16":"product-type-simple","17":"entry","18":"content-bg","19":"loop-entry"},"supplier_id":null,"supplier_sku":"","barcode":null,"atum_controlled":true,"out_stock_date":null,"out_stock_threshold":null,"inheritable":false,"inbound_stock":0,"stock_on_hold":0,"sold_today":0,"sales_last_days":0,"out_stock_days":0,"lost_sales":0,"has_location":false,"update_date":"2026-04-14T00:05:07","atum_locations":[],"atum_stock_status":"instock","restock_status":false,"low_stock_amount":"","sales_update_date":"2026-04-14T00:05:07","calc_backorders":null,"yoast_head":"<!-- This site is optimized with the Yoast SEO plugin v27.2 - https:\/\/yoast.com\/product\/yoast-seo-wordpress\/ -->\n<title>N\u00e4opadjad aminohapetega CNP Bye Od-TD Amino Gauze Pads, 5tk - IDA.KOREA<\/title>\n<meta name=\"robots\" content=\"index, follow, max-snippet:-1, max-image-preview:large, max-video-preview:-1\" \/>\n<link rel=\"canonical\" href=\"https:\/\/idakorea.ee\/en\/product\/naopadjad-aminohapetega-cnp-bye-od-td-amino-gauze-pads-5tk\/\" \/>\n<meta property=\"og:locale\" content=\"en_US\" \/>\n<meta property=\"og:type\" content=\"article\" \/>\n<meta property=\"og:title\" content=\"N\u00e4opadjad aminohapetega CNP Bye Od-TD Amino Gauze Pads, 5tk - IDA.KOREA\" \/>\n<meta property=\"og:description\" content=\"CNP Bye Od-TD Amino Gauze Pads on \u00f5rnalt koorivad padjakesed, mis eemaldavad surnud naharakud ja mustuse, samal ajal toites nahka aminohapetega. Need padjad aitavad parandada naha tekstuuri, j\u00e4ttes selle pehmeks, siledaks ja niisutatuks. Kahepoolne marlipadi tagab t\u00f5husa, kuid \u00f5rna koorimise, mist\u00f5ttu sobib ka tundlikule nahale. \u00d5rn koorimine \u2013 eemaldab surnud naharakud ja mustuse, parandades naha...\" \/>\n<meta property=\"og:url\" content=\"https:\/\/idakorea.ee\/en\/product\/naopadjad-aminohapetega-cnp-bye-od-td-amino-gauze-pads-5tk\/\" \/>\n<meta property=\"og:site_name\" content=\"IDA.KOREA\" \/>\n<meta property=\"article:modified_time\" content=\"2026-01-30T12:33:32+00:00\" \/>\n<meta property=\"og:image\" content=\"https:\/\/idakorea.ee\/wp-content\/uploads\/2025\/03\/540e5fb3cefcf8.jpg\" \/>\n\t<meta property=\"og:image:width\" content=\"458\" \/>\n\t<meta property=\"og:image:height\" content=\"458\" \/>\n\t<meta property=\"og:image:type\" content=\"image\/jpeg\" \/>\n<meta name=\"twitter:card\" content=\"summary_large_image\" \/>\n<meta name=\"twitter:label1\" content=\"Est. reading time\" \/>\n\t<meta name=\"twitter:data1\" content=\"1 minute\" \/>\n<script type=\"application\/ld+json\" class=\"yoast-schema-graph\">{\"@context\":\"https:\/\/schema.org\",\"@graph\":[{\"@type\":\"WebPage\",\"@id\":\"https:\/\/idakorea.ee\/product\/naopadjad-aminohapetega-cnp-bye-od-td-amino-gauze-pads-5tk\/\",\"url\":\"https:\/\/idakorea.ee\/product\/naopadjad-aminohapetega-cnp-bye-od-td-amino-gauze-pads-5tk\/\",\"name\":\"N\u00e4opadjad aminohapetega CNP Bye Od-TD Amino Gauze Pads, 5tk - IDA.KOREA\",\"isPartOf\":{\"@id\":\"https:\/\/idakorea.ee\/#website\"},\"primaryImageOfPage\":{\"@id\":\"https:\/\/idakorea.ee\/product\/naopadjad-aminohapetega-cnp-bye-od-td-amino-gauze-pads-5tk\/#primaryimage\"},\"image\":{\"@id\":\"https:\/\/idakorea.ee\/product\/naopadjad-aminohapetega-cnp-bye-od-td-amino-gauze-pads-5tk\/#primaryimage\"},\"thumbnailUrl\":\"https:\/\/idakorea.ee\/wp-content\/uploads\/2025\/03\/540e5fb3cefcf8.jpg\",\"datePublished\":\"2025-03-17T09:33:51+00:00\",\"dateModified\":\"2026-01-30T12:33:32+00:00\",\"breadcrumb\":{\"@id\":\"https:\/\/idakorea.ee\/product\/naopadjad-aminohapetega-cnp-bye-od-td-amino-gauze-pads-5tk\/#breadcrumb\"},\"inLanguage\":\"en-US\",\"potentialAction\":[{\"@type\":\"ReadAction\",\"target\":[\"https:\/\/idakorea.ee\/product\/naopadjad-aminohapetega-cnp-bye-od-td-amino-gauze-pads-5tk\/\"]}]},{\"@type\":\"ImageObject\",\"inLanguage\":\"en-US\",\"@id\":\"https:\/\/idakorea.ee\/product\/naopadjad-aminohapetega-cnp-bye-od-td-amino-gauze-pads-5tk\/#primaryimage\",\"url\":\"https:\/\/idakorea.ee\/wp-content\/uploads\/2025\/03\/540e5fb3cefcf8.jpg\",\"contentUrl\":\"https:\/\/idakorea.ee\/wp-content\/uploads\/2025\/03\/540e5fb3cefcf8.jpg\",\"width\":458,\"height\":458},{\"@type\":\"BreadcrumbList\",\"@id\":\"https:\/\/idakorea.ee\/product\/naopadjad-aminohapetega-cnp-bye-od-td-amino-gauze-pads-5tk\/#breadcrumb\",\"itemListElement\":[{\"@type\":\"ListItem\",\"position\":1,\"name\":\"\u0413\u043b\u0430\u0432\u043d\u0430\u044f \u0441\u0442\u0440\u0430\u043d\u0438\u0446\u0430\",\"item\":\"https:\/\/idakorea.ee\/\"},{\"@type\":\"ListItem\",\"position\":2,\"name\":\"Shop\",\"item\":\"https:\/\/idakorea.ee\/shop-2\/\"},{\"@type\":\"ListItem\",\"position\":3,\"name\":\"N\u00e4opadjad aminohapetega CNP Bye Od-TD Amino Gauze Pads, 5tk\"}]},{\"@type\":\"WebSite\",\"@id\":\"https:\/\/idakorea.ee\/#website\",\"url\":\"https:\/\/idakorea.ee\/\",\"name\":\"IDA.KOREA\",\"description\":\"Korea kosmeetika e-pood\",\"publisher\":{\"@id\":\"https:\/\/idakorea.ee\/#organization\"},\"alternateName\":\"Beauty Shop\",\"potentialAction\":[{\"@type\":\"SearchAction\",\"target\":{\"@type\":\"EntryPoint\",\"urlTemplate\":\"https:\/\/idakorea.ee\/?s={search_term_string}\"},\"query-input\":{\"@type\":\"PropertyValueSpecification\",\"valueRequired\":true,\"valueName\":\"search_term_string\"}}],\"inLanguage\":\"en-US\"},{\"@type\":\"Organization\",\"@id\":\"https:\/\/idakorea.ee\/#organization\",\"name\":\"IDA.KOREA\",\"url\":\"https:\/\/idakorea.ee\/\",\"logo\":{\"@type\":\"ImageObject\",\"inLanguage\":\"en-US\",\"@id\":\"https:\/\/idakorea.ee\/#\/schema\/logo\/image\/\",\"url\":\"https:\/\/idakorea.ee\/wp-content\/uploads\/2024\/05\/cropped-korea3.png\",\"contentUrl\":\"https:\/\/idakorea.ee\/wp-content\/uploads\/2024\/05\/cropped-korea3.png\",\"width\":688,\"height\":126,\"caption\":\"IDA.KOREA\"},\"image\":{\"@id\":\"https:\/\/idakorea.ee\/#\/schema\/logo\/image\/\"},\"sameAs\":[\"https:\/\/www.instagram.com\/ida.korea\/\"]}]}<\/script>\n<!-- \/ Yoast SEO plugin. -->","yoast_head_json":{"title":"Amino Gauze Pads CNP Bye Od-TD Amino Gauze Pads, 5pcs - IDA.KOREA","robots":{"index":"index","follow":"follow","max-snippet":"max-snippet:-1","max-image-preview":"max-image-preview:large","max-video-preview":"max-video-preview:-1"},"canonical":"https:\/\/idakorea.ee\/en\/product\/naopadjad-aminohapetega-cnp-bye-od-td-amino-gauze-pads-5tk\/","og_locale":"en_US","og_type":"article","og_title":"N\u00e4opadjad aminohapetega CNP Bye Od-TD Amino Gauze Pads, 5tk - IDA.KOREA","og_description":"CNP Bye Od-TD Amino Gauze Pads on \u00f5rnalt koorivad padjakesed, mis eemaldavad surnud naharakud ja mustuse, samal ajal toites nahka aminohapetega. Need padjad aitavad parandada naha tekstuuri, j\u00e4ttes selle pehmeks, siledaks ja niisutatuks. Kahepoolne marlipadi tagab t\u00f5husa, kuid \u00f5rna koorimise, mist\u00f5ttu sobib ka tundlikule nahale. \u00d5rn koorimine \u2013 eemaldab surnud naharakud ja mustuse, parandades naha...","og_url":"https:\/\/idakorea.ee\/en\/product\/naopadjad-aminohapetega-cnp-bye-od-td-amino-gauze-pads-5tk\/","og_site_name":"IDA.KOREA","article_modified_time":"2026-01-30T12:33:32+00:00","og_image":[{"width":458,"height":458,"url":"https:\/\/idakorea.ee\/wp-content\/uploads\/2025\/03\/540e5fb3cefcf8.jpg","type":"image\/jpeg"}],"twitter_card":"summary_large_image","twitter_misc":{"Est. reading time":"1 minute"},"schema":{"@context":"https:\/\/schema.org","@graph":[{"@type":"WebPage","@id":"https:\/\/idakorea.ee\/product\/naopadjad-aminohapetega-cnp-bye-od-td-amino-gauze-pads-5tk\/","url":"https:\/\/idakorea.ee\/product\/naopadjad-aminohapetega-cnp-bye-od-td-amino-gauze-pads-5tk\/","name":"Amino Gauze Pads CNP Bye Od-TD Amino Gauze Pads, 5pcs - IDA.KOREA","isPartOf":{"@id":"https:\/\/idakorea.ee\/#website"},"primaryImageOfPage":{"@id":"https:\/\/idakorea.ee\/product\/naopadjad-aminohapetega-cnp-bye-od-td-amino-gauze-pads-5tk\/#primaryimage"},"image":{"@id":"https:\/\/idakorea.ee\/product\/naopadjad-aminohapetega-cnp-bye-od-td-amino-gauze-pads-5tk\/#primaryimage"},"thumbnailUrl":"https:\/\/idakorea.ee\/wp-content\/uploads\/2025\/03\/540e5fb3cefcf8.jpg","datePublished":"2025-03-17T09:33:51+00:00","dateModified":"2026-01-30T12:33:32+00:00","breadcrumb":{"@id":"https:\/\/idakorea.ee\/product\/naopadjad-aminohapetega-cnp-bye-od-td-amino-gauze-pads-5tk\/#breadcrumb"},"inLanguage":"en-US","potentialAction":[{"@type":"ReadAction","target":["https:\/\/idakorea.ee\/product\/naopadjad-aminohapetega-cnp-bye-od-td-amino-gauze-pads-5tk\/"]}]},{"@type":"ImageObject","inLanguage":"en-US","@id":"https:\/\/idakorea.ee\/product\/naopadjad-aminohapetega-cnp-bye-od-td-amino-gauze-pads-5tk\/#primaryimage","url":"https:\/\/idakorea.ee\/wp-content\/uploads\/2025\/03\/540e5fb3cefcf8.jpg","contentUrl":"https:\/\/idakorea.ee\/wp-content\/uploads\/2025\/03\/540e5fb3cefcf8.jpg","width":458,"height":458},{"@type":"BreadcrumbList","@id":"https:\/\/idakorea.ee\/product\/naopadjad-aminohapetega-cnp-bye-od-td-amino-gauze-pads-5tk\/#breadcrumb","itemListElement":[{"@type":"ListItem","position":1,"name":"\u0413\u043b\u0430\u0432\u043d\u0430\u044f \u0441\u0442\u0440\u0430\u043d\u0438\u0446\u0430","item":"https:\/\/idakorea.ee\/"},{"@type":"ListItem","position":2,"name":"Shop","item":"https:\/\/idakorea.ee\/shop-2\/"},{"@type":"ListItem","position":3,"name":"N\u00e4opadjad aminohapetega CNP Bye Od-TD Amino Gauze Pads, 5tk"}]},{"@type":"WebSite","@id":"https:\/\/idakorea.ee\/#website","url":"https:\/\/idakorea.ee\/","name":"IDA.KOREA","description":"Korean cosmetics e-shop","publisher":{"@id":"https:\/\/idakorea.ee\/#organization"},"alternateName":"Beauty Shop","potentialAction":[{"@type":"SearchAction","target":{"@type":"EntryPoint","urlTemplate":"https:\/\/idakorea.ee\/?s={search_term_string}"},"query-input":{"@type":"PropertyValueSpecification","valueRequired":true,"valueName":"search_term_string"}}],"inLanguage":"en-US"},{"@type":"Organization","@id":"https:\/\/idakorea.ee\/#organization","name":"IDA.KOREA","url":"https:\/\/idakorea.ee\/","logo":{"@type":"ImageObject","inLanguage":"en-US","@id":"https:\/\/idakorea.ee\/#\/schema\/logo\/image\/","url":"https:\/\/idakorea.ee\/wp-content\/uploads\/2024\/05\/cropped-korea3.png","contentUrl":"https:\/\/idakorea.ee\/wp-content\/uploads\/2024\/05\/cropped-korea3.png","width":688,"height":126,"caption":"IDA.KOREA"},"image":{"@id":"https:\/\/idakorea.ee\/#\/schema\/logo\/image\/"},"sameAs":["https:\/\/www.instagram.com\/ida.korea\/"]}]}},"jetpack_sharing_enabled":true,"brands":[{"id":629,"name":"CNP LABORATORY","slug":"cnp-laboratory"}],"_links":{"self":[{"href":"https:\/\/idakorea.ee\/en\/wp-json\/wp\/v2\/product\/13194","targetHints":{"allow":["GET"]}}],"collection":[{"href":"https:\/\/idakorea.ee\/en\/wp-json\/wp\/v2\/product"}],"about":[{"href":"https:\/\/idakorea.ee\/en\/wp-json\/wp\/v2\/types\/product"}],"replies":[{"embeddable":true,"href":"https:\/\/idakorea.ee\/en\/wp-json\/wp\/v2\/comments?post=13194"}],"version-history":[{"count":1,"href":"https:\/\/idakorea.ee\/en\/wp-json\/wp\/v2\/product\/13194\/revisions"}],"predecessor-version":[{"id":13197,"href":"https:\/\/idakorea.ee\/en\/wp-json\/wp\/v2\/product\/13194\/revisions\/13197"}],"wp:featuredmedia":[{"embeddable":true,"href":"https:\/\/idakorea.ee\/en\/wp-json\/wp\/v2\/media\/13195"}],"wp:attachment":[{"href":"https:\/\/idakorea.ee\/en\/wp-json\/wp\/v2\/media?parent=13194"}],"wp:term":[{"taxonomy":"pwb-brand","embeddable":true,"href":"https:\/\/idakorea.ee\/en\/wp-json\/wp\/v2\/pwb-brand?post=13194"},{"taxonomy":"product_brand","embeddable":true,"href":"https:\/\/idakorea.ee\/en\/wp-json\/wp\/v2\/product_brand?post=13194"},{"taxonomy":"product_cat","embeddable":true,"href":"https:\/\/idakorea.ee\/en\/wp-json\/wp\/v2\/product_cat?post=13194"},{"taxonomy":"product_tag","embeddable":true,"href":"https:\/\/idakorea.ee\/en\/wp-json\/wp\/v2\/product_tag?post=13194"}],"curies":[{"name":"wp","href":"https:\/\/api.w.org\/{rel}","templated":true}]}}