{"id":13224,"date":"2025-03-20T11:08:32","date_gmt":"2025-03-20T09:08:32","guid":{"rendered":"https:\/\/idakorea.ee\/?post_type=product&#038;p=13224"},"modified":"2026-04-11T16:22:19","modified_gmt":"2026-04-11T14:22:19","slug":"puhastav-savimask-medicube-zero-pore-blackhead-mud-mask-100g","status":"publish","type":"product","link":"https:\/\/idakorea.ee\/en\/product\/puhastav-savimask-medicube-zero-pore-blackhead-mud-mask-100g\/","title":{"rendered":"Cleansing clay mask Medicube Zero Pore Blackhead Mud Mask, 100g"},"content":{"rendered":"<p><strong>Medicube Zero Pore Blackhead Mud Mask <\/strong>is a deep-cleansing mask that helps to open clogged pores and balance oil production. The mask contains AHA, BHA and PHA acids that gently exfoliate the skin, helping to reduce uneven skin tone and pore-clogging impurities.<\/p>\n<p>The main ingredient of the mask is clay, which has cleansing and pore tightening properties. It also contains allantoin, which soothes inflammation and reduces the potentially irritating effects of the active ingredients. Green tea extract helps to soothe skin irritations and provides the skin with antioxidants.<\/p>\n<p>After using the mask, pores are cleansed, skin is mattified and smoother. The mask has a unique bluish tint and thick texture.<\/p>\n<p><strong>Ingredients and their effects:<\/strong><\/p>\n<p><strong>Savi <\/strong>- cleanses dirt, reduces oiliness and absorbs excess oil.<br \/>\n<strong>Salicylic acid (BHA acid)<\/strong> - antibacterial action, exfoliates the skin, removes dead cells and helps to unclog pores.<br \/>\n<strong>Glycolic acid (AHA acid)<\/strong> - a very small molecule acid that smoothes, evens out and reduces oiliness.<br \/>\n<strong>Gluconolactone (PHA acid) <\/strong>- strengthens the skin's protective barrier, tightens the skin and acts as an antioxidant.<br \/>\n<strong>Allantoiin<\/strong> - speeds up skin healing, soothes inflammation and conditions the skin.<br \/>\n<strong>Green tea extract<\/strong> - soothes irritation and protects the skin from oxidative stress while providing antioxidant protection.<\/p>\n<p>Clears clogged pores and hair follicle openings.<br \/>\nAbsorbs excess oil, keeping skin matte for longer.<br \/>\nHelps reduce blemishes and skin problems.<br \/>\nGently exfoliates, helping to smooth the skin.<br \/>\nCloses enlarged pores and evens skin texture.<\/p>\n<p>&nbsp;<\/p>\n<p>For oily and acne-prone skin.<\/p>\n<p><strong>User manual: <\/strong>Apply the appropriate amount of mask to a clean, dry face.  Leave on for 3-5 minutes. Rinse thoroughly with lukewarm water. Dry the skin and continue with normal skin care.<\/p>\n<p>&nbsp;<\/p>","protected":false},"excerpt":{"rendered":"<p>Medicube Zero Pore Blackhead Mud Mask is a deep cleansing mask that helps to unclog clogged pores and balance oil production. The mask contains AHA, BHA and PHA acids that gently exfoliate the skin, helping to reduce uneven skin tone and pore-clogging impurities. The main ingredient of the mask is clay, which has purifying and pore tightening properties. It also contains allantoin, which soothes inflammation and reduces...<\/p>","protected":false},"featured_media":13225,"comment_status":"open","ping_status":"closed","template":"","meta":{"_uf_show_specific_survey":0,"_uf_disable_surveys":false,"_bst_post_transparent":"default","_bst_post_title":"","_bst_post_layout":"default","_bst_post_sidebar_id":"","_bst_post_content_style":"default","_bst_post_vertical_padding":"default","_bst_post_feature":"","_bst_post_feature_position":"","_bst_post_header":false,"_bst_post_footer":false},"pwb-brand":[490],"product_brand":[],"product_cat":[92,98],"product_tag":[614,721,449],"class_list":{"0":"post-13224","1":"product","2":"type-product","3":"status-publish","4":"has-post-thumbnail","6":"pwb-brand-medicube","7":"product_cat-nagu","8":"product_cat-naomaskid","9":"product_tag-mask","10":"product_tag-medicube","11":"product_tag-pore","13":"first","14":"instock","15":"sale","16":"shipping-taxable","17":"purchasable","18":"product-type-simple","19":"entry","20":"content-bg","21":"loop-entry"},"supplier_id":null,"supplier_sku":"","barcode":null,"atum_controlled":true,"out_stock_date":null,"out_stock_threshold":null,"inheritable":false,"inbound_stock":0,"stock_on_hold":0,"sold_today":0,"sales_last_days":0,"out_stock_days":0,"lost_sales":0,"has_location":false,"update_date":"2026-04-14T00:05:12","atum_locations":[],"atum_stock_status":"instock","restock_status":false,"low_stock_amount":"","sales_update_date":"2026-04-14T00:05:12","calc_backorders":null,"yoast_head":"<!-- This site is optimized with the Yoast SEO plugin v27.2 - https:\/\/yoast.com\/product\/yoast-seo-wordpress\/ -->\n<title>Puhastav savimask Medicube Zero Pore Blackhead Mud Mask, 100g - IDA.KOREA<\/title>\n<meta name=\"robots\" content=\"index, follow, max-snippet:-1, max-image-preview:large, max-video-preview:-1\" \/>\n<link rel=\"canonical\" href=\"https:\/\/idakorea.ee\/en\/product\/puhastav-savimask-medicube-zero-pore-blackhead-mud-mask-100g\/\" \/>\n<meta property=\"og:locale\" content=\"en_US\" \/>\n<meta property=\"og:type\" content=\"article\" \/>\n<meta property=\"og:title\" content=\"Puhastav savimask Medicube Zero Pore Blackhead Mud Mask, 100g - IDA.KOREA\" \/>\n<meta property=\"og:description\" content=\"Medicube Zero Pore Blackhead Mud Mask on s\u00fcgavpuhastav mask, mis aitab avada ummistunud poorid ja tasakaalustada rasueritust. Mask sisaldab AHA-, BHA- ja PHA-happeid, mis \u00f5rnalt koorivad nahka, aidates v\u00e4hendada ebatasasusi ja poore ummistavaid mustuseid. Maski p\u00f5hikomponent on savi, millel on puhastavad ja poore ahendavad omadused. Samuti sisaldab see allantoiini, mis rahustab p\u00f5letikke ja v\u00e4hendab aktiivsete...\" \/>\n<meta property=\"og:url\" content=\"https:\/\/idakorea.ee\/en\/product\/puhastav-savimask-medicube-zero-pore-blackhead-mud-mask-100g\/\" \/>\n<meta property=\"og:site_name\" content=\"IDA.KOREA\" \/>\n<meta property=\"article:modified_time\" content=\"2026-04-11T14:22:19+00:00\" \/>\n<meta property=\"og:image\" content=\"https:\/\/idakorea.ee\/wp-content\/uploads\/2025\/03\/medicube_zero_pore_blackhead_mud_mask_idakorea.jpg\" \/>\n\t<meta property=\"og:image:width\" content=\"1280\" \/>\n\t<meta property=\"og:image:height\" content=\"1280\" \/>\n\t<meta property=\"og:image:type\" content=\"image\/jpeg\" \/>\n<meta name=\"twitter:card\" content=\"summary_large_image\" \/>\n<meta name=\"twitter:label1\" content=\"Est. reading time\" \/>\n\t<meta name=\"twitter:data1\" content=\"2 minutes\" \/>\n<script type=\"application\/ld+json\" class=\"yoast-schema-graph\">{\"@context\":\"https:\/\/schema.org\",\"@graph\":[{\"@type\":\"WebPage\",\"@id\":\"https:\/\/idakorea.ee\/product\/puhastav-savimask-medicube-zero-pore-blackhead-mud-mask-100g\/\",\"url\":\"https:\/\/idakorea.ee\/product\/puhastav-savimask-medicube-zero-pore-blackhead-mud-mask-100g\/\",\"name\":\"Puhastav savimask Medicube Zero Pore Blackhead Mud Mask, 100g - IDA.KOREA\",\"isPartOf\":{\"@id\":\"https:\/\/idakorea.ee\/#website\"},\"primaryImageOfPage\":{\"@id\":\"https:\/\/idakorea.ee\/product\/puhastav-savimask-medicube-zero-pore-blackhead-mud-mask-100g\/#primaryimage\"},\"image\":{\"@id\":\"https:\/\/idakorea.ee\/product\/puhastav-savimask-medicube-zero-pore-blackhead-mud-mask-100g\/#primaryimage\"},\"thumbnailUrl\":\"https:\/\/idakorea.ee\/wp-content\/uploads\/2025\/03\/medicube_zero_pore_blackhead_mud_mask_idakorea.jpg\",\"datePublished\":\"2025-03-20T09:08:32+00:00\",\"dateModified\":\"2026-04-11T14:22:19+00:00\",\"breadcrumb\":{\"@id\":\"https:\/\/idakorea.ee\/product\/puhastav-savimask-medicube-zero-pore-blackhead-mud-mask-100g\/#breadcrumb\"},\"inLanguage\":\"en-US\",\"potentialAction\":[{\"@type\":\"ReadAction\",\"target\":[\"https:\/\/idakorea.ee\/product\/puhastav-savimask-medicube-zero-pore-blackhead-mud-mask-100g\/\"]}]},{\"@type\":\"ImageObject\",\"inLanguage\":\"en-US\",\"@id\":\"https:\/\/idakorea.ee\/product\/puhastav-savimask-medicube-zero-pore-blackhead-mud-mask-100g\/#primaryimage\",\"url\":\"https:\/\/idakorea.ee\/wp-content\/uploads\/2025\/03\/medicube_zero_pore_blackhead_mud_mask_idakorea.jpg\",\"contentUrl\":\"https:\/\/idakorea.ee\/wp-content\/uploads\/2025\/03\/medicube_zero_pore_blackhead_mud_mask_idakorea.jpg\",\"width\":1280,\"height\":1280},{\"@type\":\"BreadcrumbList\",\"@id\":\"https:\/\/idakorea.ee\/product\/puhastav-savimask-medicube-zero-pore-blackhead-mud-mask-100g\/#breadcrumb\",\"itemListElement\":[{\"@type\":\"ListItem\",\"position\":1,\"name\":\"\u0413\u043b\u0430\u0432\u043d\u0430\u044f \u0441\u0442\u0440\u0430\u043d\u0438\u0446\u0430\",\"item\":\"https:\/\/idakorea.ee\/\"},{\"@type\":\"ListItem\",\"position\":2,\"name\":\"Shop\",\"item\":\"https:\/\/idakorea.ee\/shop-2\/\"},{\"@type\":\"ListItem\",\"position\":3,\"name\":\"Puhastav savimask Medicube Zero Pore Blackhead Mud Mask, 100g\"}]},{\"@type\":\"WebSite\",\"@id\":\"https:\/\/idakorea.ee\/#website\",\"url\":\"https:\/\/idakorea.ee\/\",\"name\":\"IDA.KOREA\",\"description\":\"Korea kosmeetika e-pood\",\"publisher\":{\"@id\":\"https:\/\/idakorea.ee\/#organization\"},\"alternateName\":\"Beauty Shop\",\"potentialAction\":[{\"@type\":\"SearchAction\",\"target\":{\"@type\":\"EntryPoint\",\"urlTemplate\":\"https:\/\/idakorea.ee\/?s={search_term_string}\"},\"query-input\":{\"@type\":\"PropertyValueSpecification\",\"valueRequired\":true,\"valueName\":\"search_term_string\"}}],\"inLanguage\":\"en-US\"},{\"@type\":\"Organization\",\"@id\":\"https:\/\/idakorea.ee\/#organization\",\"name\":\"IDA.KOREA\",\"url\":\"https:\/\/idakorea.ee\/\",\"logo\":{\"@type\":\"ImageObject\",\"inLanguage\":\"en-US\",\"@id\":\"https:\/\/idakorea.ee\/#\/schema\/logo\/image\/\",\"url\":\"https:\/\/idakorea.ee\/wp-content\/uploads\/2024\/05\/cropped-korea3.png\",\"contentUrl\":\"https:\/\/idakorea.ee\/wp-content\/uploads\/2024\/05\/cropped-korea3.png\",\"width\":688,\"height\":126,\"caption\":\"IDA.KOREA\"},\"image\":{\"@id\":\"https:\/\/idakorea.ee\/#\/schema\/logo\/image\/\"},\"sameAs\":[\"https:\/\/www.instagram.com\/ida.korea\/\"]}]}<\/script>\n<!-- \/ Yoast SEO plugin. -->","yoast_head_json":{"title":"Cleansing clay mask Medicube Zero Pore Blackhead Mud Mask, 100g - IDA.KOREA","robots":{"index":"index","follow":"follow","max-snippet":"max-snippet:-1","max-image-preview":"max-image-preview:large","max-video-preview":"max-video-preview:-1"},"canonical":"https:\/\/idakorea.ee\/en\/product\/puhastav-savimask-medicube-zero-pore-blackhead-mud-mask-100g\/","og_locale":"en_US","og_type":"article","og_title":"Puhastav savimask Medicube Zero Pore Blackhead Mud Mask, 100g - IDA.KOREA","og_description":"Medicube Zero Pore Blackhead Mud Mask on s\u00fcgavpuhastav mask, mis aitab avada ummistunud poorid ja tasakaalustada rasueritust. Mask sisaldab AHA-, BHA- ja PHA-happeid, mis \u00f5rnalt koorivad nahka, aidates v\u00e4hendada ebatasasusi ja poore ummistavaid mustuseid. Maski p\u00f5hikomponent on savi, millel on puhastavad ja poore ahendavad omadused. Samuti sisaldab see allantoiini, mis rahustab p\u00f5letikke ja v\u00e4hendab aktiivsete...","og_url":"https:\/\/idakorea.ee\/en\/product\/puhastav-savimask-medicube-zero-pore-blackhead-mud-mask-100g\/","og_site_name":"IDA.KOREA","article_modified_time":"2026-04-11T14:22:19+00:00","og_image":[{"width":1280,"height":1280,"url":"https:\/\/idakorea.ee\/wp-content\/uploads\/2025\/03\/medicube_zero_pore_blackhead_mud_mask_idakorea.jpg","type":"image\/jpeg"}],"twitter_card":"summary_large_image","twitter_misc":{"Est. reading time":"2 minutes"},"schema":{"@context":"https:\/\/schema.org","@graph":[{"@type":"WebPage","@id":"https:\/\/idakorea.ee\/product\/puhastav-savimask-medicube-zero-pore-blackhead-mud-mask-100g\/","url":"https:\/\/idakorea.ee\/product\/puhastav-savimask-medicube-zero-pore-blackhead-mud-mask-100g\/","name":"Cleansing clay mask Medicube Zero Pore Blackhead Mud Mask, 100g - IDA.KOREA","isPartOf":{"@id":"https:\/\/idakorea.ee\/#website"},"primaryImageOfPage":{"@id":"https:\/\/idakorea.ee\/product\/puhastav-savimask-medicube-zero-pore-blackhead-mud-mask-100g\/#primaryimage"},"image":{"@id":"https:\/\/idakorea.ee\/product\/puhastav-savimask-medicube-zero-pore-blackhead-mud-mask-100g\/#primaryimage"},"thumbnailUrl":"https:\/\/idakorea.ee\/wp-content\/uploads\/2025\/03\/medicube_zero_pore_blackhead_mud_mask_idakorea.jpg","datePublished":"2025-03-20T09:08:32+00:00","dateModified":"2026-04-11T14:22:19+00:00","breadcrumb":{"@id":"https:\/\/idakorea.ee\/product\/puhastav-savimask-medicube-zero-pore-blackhead-mud-mask-100g\/#breadcrumb"},"inLanguage":"en-US","potentialAction":[{"@type":"ReadAction","target":["https:\/\/idakorea.ee\/product\/puhastav-savimask-medicube-zero-pore-blackhead-mud-mask-100g\/"]}]},{"@type":"ImageObject","inLanguage":"en-US","@id":"https:\/\/idakorea.ee\/product\/puhastav-savimask-medicube-zero-pore-blackhead-mud-mask-100g\/#primaryimage","url":"https:\/\/idakorea.ee\/wp-content\/uploads\/2025\/03\/medicube_zero_pore_blackhead_mud_mask_idakorea.jpg","contentUrl":"https:\/\/idakorea.ee\/wp-content\/uploads\/2025\/03\/medicube_zero_pore_blackhead_mud_mask_idakorea.jpg","width":1280,"height":1280},{"@type":"BreadcrumbList","@id":"https:\/\/idakorea.ee\/product\/puhastav-savimask-medicube-zero-pore-blackhead-mud-mask-100g\/#breadcrumb","itemListElement":[{"@type":"ListItem","position":1,"name":"\u0413\u043b\u0430\u0432\u043d\u0430\u044f \u0441\u0442\u0440\u0430\u043d\u0438\u0446\u0430","item":"https:\/\/idakorea.ee\/"},{"@type":"ListItem","position":2,"name":"Shop","item":"https:\/\/idakorea.ee\/shop-2\/"},{"@type":"ListItem","position":3,"name":"Puhastav savimask Medicube Zero Pore Blackhead Mud Mask, 100g"}]},{"@type":"WebSite","@id":"https:\/\/idakorea.ee\/#website","url":"https:\/\/idakorea.ee\/","name":"IDA.KOREA","description":"Korean cosmetics e-shop","publisher":{"@id":"https:\/\/idakorea.ee\/#organization"},"alternateName":"Beauty Shop","potentialAction":[{"@type":"SearchAction","target":{"@type":"EntryPoint","urlTemplate":"https:\/\/idakorea.ee\/?s={search_term_string}"},"query-input":{"@type":"PropertyValueSpecification","valueRequired":true,"valueName":"search_term_string"}}],"inLanguage":"en-US"},{"@type":"Organization","@id":"https:\/\/idakorea.ee\/#organization","name":"IDA.KOREA","url":"https:\/\/idakorea.ee\/","logo":{"@type":"ImageObject","inLanguage":"en-US","@id":"https:\/\/idakorea.ee\/#\/schema\/logo\/image\/","url":"https:\/\/idakorea.ee\/wp-content\/uploads\/2024\/05\/cropped-korea3.png","contentUrl":"https:\/\/idakorea.ee\/wp-content\/uploads\/2024\/05\/cropped-korea3.png","width":688,"height":126,"caption":"IDA.KOREA"},"image":{"@id":"https:\/\/idakorea.ee\/#\/schema\/logo\/image\/"},"sameAs":["https:\/\/www.instagram.com\/ida.korea\/"]}]}},"jetpack_sharing_enabled":true,"brands":[{"id":490,"name":"MEDICUBE","slug":"medicube"}],"_links":{"self":[{"href":"https:\/\/idakorea.ee\/en\/wp-json\/wp\/v2\/product\/13224","targetHints":{"allow":["GET"]}}],"collection":[{"href":"https:\/\/idakorea.ee\/en\/wp-json\/wp\/v2\/product"}],"about":[{"href":"https:\/\/idakorea.ee\/en\/wp-json\/wp\/v2\/types\/product"}],"replies":[{"embeddable":true,"href":"https:\/\/idakorea.ee\/en\/wp-json\/wp\/v2\/comments?post=13224"}],"version-history":[{"count":1,"href":"https:\/\/idakorea.ee\/en\/wp-json\/wp\/v2\/product\/13224\/revisions"}],"predecessor-version":[{"id":13229,"href":"https:\/\/idakorea.ee\/en\/wp-json\/wp\/v2\/product\/13224\/revisions\/13229"}],"wp:featuredmedia":[{"embeddable":true,"href":"https:\/\/idakorea.ee\/en\/wp-json\/wp\/v2\/media\/13225"}],"wp:attachment":[{"href":"https:\/\/idakorea.ee\/en\/wp-json\/wp\/v2\/media?parent=13224"}],"wp:term":[{"taxonomy":"pwb-brand","embeddable":true,"href":"https:\/\/idakorea.ee\/en\/wp-json\/wp\/v2\/pwb-brand?post=13224"},{"taxonomy":"product_brand","embeddable":true,"href":"https:\/\/idakorea.ee\/en\/wp-json\/wp\/v2\/product_brand?post=13224"},{"taxonomy":"product_cat","embeddable":true,"href":"https:\/\/idakorea.ee\/en\/wp-json\/wp\/v2\/product_cat?post=13224"},{"taxonomy":"product_tag","embeddable":true,"href":"https:\/\/idakorea.ee\/en\/wp-json\/wp\/v2\/product_tag?post=13224"}],"curies":[{"name":"wp","href":"https:\/\/api.w.org\/{rel}","templated":true}]}}