{"id":13238,"date":"2025-03-20T15:29:59","date_gmt":"2025-03-20T13:29:59","guid":{"rendered":"https:\/\/idakorea.ee\/?post_type=product&#038;p=13238"},"modified":"2026-03-28T16:21:04","modified_gmt":"2026-03-28T14:21:04","slug":"komplekt-skin1004-madagascar-centella-glow-1004-duo","status":"publish","type":"product","link":"https:\/\/idakorea.ee\/en\/product\/komplekt-skin1004-madagascar-centella-glow-1004-duo\/","title":{"rendered":"Set Skin1004 Madagascar Centella Glow 1004 Duo"},"content":{"rendered":"<p><strong>Probio-Cica Intensive Ampoule (50ml)<\/strong><\/p>\n<p>Fermented Madagascar Asian watercress and TECA - maximum soothing effect.<br \/>\nCeramide NP and high quality kitty - strengthen the skin barrier and protect against external irritants.<br \/>\nGolden Ratio Moisturizer (3:1:1 ceramide, phytosterol, fatty acids) - locks in moisture and keeps skin hydrated.<br \/>\nHigh-concentration ampoule - quickly absorbed, leaving skin silky smooth and radiant without a sticky feel.<\/p>\n<p><strong>Hyalu-Cica Water-Fit Sun Serum SPF50+ PA++++ (50 ml)<\/strong><\/p>\n<p>SKIN1004 best-selling sunscreen serum - powerful moisturising and protective action.<br \/>\nChemical sun protection SPF 50+ PA++++ - effective UVA and UVB protection.<br \/>\nUltra-lightweight, serum-like texture - breathable, non-sticky and shiny finish without a white layer.<\/p>\n<p>Baby Green Complex (7 germ extracts) - a rich source of antioxidants and minerals to protect the skin.<br \/>\n\"Reef Safe\" formula - contains no ingredients harmful to the marine system.<\/p>\n<p>&nbsp;<\/p>","protected":false},"excerpt":{"rendered":"<p>Probio-Cica Intensive Ampoule (50ml) Fermented Madagascar Asian watercress and TECA - maximum soothing effect. Ceramide NP and high quality cica - strengthen the skin barrier and protect against external irritants. Golden Ratio Moisturising (3:1:1 ceramide, phytosterol, fatty acids) - locks moisture in the skin and keeps it hydrated. High-concentration ampoule - fast-absorbing, leaving skin silky smooth and radiant without...<\/p>","protected":false},"featured_media":13239,"comment_status":"open","ping_status":"closed","template":"","meta":{"_uf_show_specific_survey":0,"_uf_disable_surveys":false,"_bst_post_transparent":"default","_bst_post_title":"","_bst_post_layout":"default","_bst_post_sidebar_id":"","_bst_post_content_style":"default","_bst_post_vertical_padding":"default","_bst_post_feature":"","_bst_post_feature_position":"","_bst_post_header":false,"_bst_post_footer":false},"pwb-brand":[186],"product_brand":[],"product_cat":[95],"product_tag":[441],"class_list":{"0":"post-13238","1":"product","2":"type-product","3":"status-publish","4":"has-post-thumbnail","6":"pwb-brand-skin1004","7":"product_cat-komplektid","8":"product_tag-skin1004","10":"first","11":"outofstock","12":"sale","13":"shipping-taxable","14":"purchasable","15":"product-type-simple","16":"entry","17":"content-bg","18":"loop-entry"},"supplier_id":null,"supplier_sku":"","barcode":null,"atum_controlled":true,"out_stock_date":"2026-03-25 22:10:51","out_stock_threshold":null,"inheritable":false,"inbound_stock":0,"stock_on_hold":0,"sold_today":0,"sales_last_days":1,"out_stock_days":19,"lost_sales":108,"has_location":false,"update_date":"2026-04-14T00:05:11","atum_locations":[],"atum_stock_status":"outofstock","restock_status":false,"low_stock_amount":"","sales_update_date":"2026-04-14T00:05:11","calc_backorders":null,"yoast_head":"<!-- This site is optimized with the Yoast SEO plugin v27.2 - https:\/\/yoast.com\/product\/yoast-seo-wordpress\/ -->\n<title>Komplekt Skin1004 Madagascar Centella Glow 1004 Duo - IDA.KOREA<\/title>\n<meta name=\"robots\" content=\"index, follow, max-snippet:-1, max-image-preview:large, max-video-preview:-1\" \/>\n<link rel=\"canonical\" href=\"https:\/\/idakorea.ee\/en\/product\/komplekt-skin1004-madagascar-centella-glow-1004-duo\/\" \/>\n<meta property=\"og:locale\" content=\"en_US\" \/>\n<meta property=\"og:type\" content=\"article\" \/>\n<meta property=\"og:title\" content=\"Komplekt Skin1004 Madagascar Centella Glow 1004 Duo - IDA.KOREA\" \/>\n<meta property=\"og:description\" content=\"Probio-Cica Intensive Ampoule (50ml) Fermenteeritud Madagaskari Aasia vesinaba ja TECA \u2013 maksimaalne rahustav toime. Ceramide NP ja kvaliteetne cica \u2013 tugevdavad nahabarj\u00e4\u00e4ri ja kaitsevad v\u00e4liste \u00e4rritajate eest. Kuldse vahekorraga niisutus (3:1:1 ceramiid, f\u00fctosterool, rasvhapped) \u2013 lukustab niiskuse nahas ja hoiab selle niisutatuna. K\u00f5rge kontsentratsiooniga ampull \u2013 kiiresti imenduv, j\u00e4ttes naha siidiselt sileda ja s\u00e4rava ilma...\" \/>\n<meta property=\"og:url\" content=\"https:\/\/idakorea.ee\/en\/product\/komplekt-skin1004-madagascar-centella-glow-1004-duo\/\" \/>\n<meta property=\"og:site_name\" content=\"IDA.KOREA\" \/>\n<meta property=\"article:modified_time\" content=\"2026-03-28T14:21:04+00:00\" \/>\n<meta property=\"og:image\" content=\"https:\/\/idakorea.ee\/wp-content\/uploads\/2025\/03\/skin1004-glow-1004-duo_8809913830344_darbeauty.webp\" \/>\n\t<meta property=\"og:image:width\" content=\"1080\" \/>\n\t<meta property=\"og:image:height\" content=\"1080\" \/>\n\t<meta property=\"og:image:type\" content=\"image\/webp\" \/>\n<meta name=\"twitter:card\" content=\"summary_large_image\" \/>\n<meta name=\"twitter:label1\" content=\"Est. reading time\" \/>\n\t<meta name=\"twitter:data1\" content=\"1 minute\" \/>\n<script type=\"application\/ld+json\" class=\"yoast-schema-graph\">{\"@context\":\"https:\/\/schema.org\",\"@graph\":[{\"@type\":\"WebPage\",\"@id\":\"https:\/\/idakorea.ee\/product\/komplekt-skin1004-madagascar-centella-glow-1004-duo\/\",\"url\":\"https:\/\/idakorea.ee\/product\/komplekt-skin1004-madagascar-centella-glow-1004-duo\/\",\"name\":\"Komplekt Skin1004 Madagascar Centella Glow 1004 Duo - IDA.KOREA\",\"isPartOf\":{\"@id\":\"https:\/\/idakorea.ee\/#website\"},\"primaryImageOfPage\":{\"@id\":\"https:\/\/idakorea.ee\/product\/komplekt-skin1004-madagascar-centella-glow-1004-duo\/#primaryimage\"},\"image\":{\"@id\":\"https:\/\/idakorea.ee\/product\/komplekt-skin1004-madagascar-centella-glow-1004-duo\/#primaryimage\"},\"thumbnailUrl\":\"https:\/\/idakorea.ee\/wp-content\/uploads\/2025\/03\/skin1004-glow-1004-duo_8809913830344_darbeauty.webp\",\"datePublished\":\"2025-03-20T13:29:59+00:00\",\"dateModified\":\"2026-03-28T14:21:04+00:00\",\"breadcrumb\":{\"@id\":\"https:\/\/idakorea.ee\/product\/komplekt-skin1004-madagascar-centella-glow-1004-duo\/#breadcrumb\"},\"inLanguage\":\"en-US\",\"potentialAction\":[{\"@type\":\"ReadAction\",\"target\":[\"https:\/\/idakorea.ee\/product\/komplekt-skin1004-madagascar-centella-glow-1004-duo\/\"]}]},{\"@type\":\"ImageObject\",\"inLanguage\":\"en-US\",\"@id\":\"https:\/\/idakorea.ee\/product\/komplekt-skin1004-madagascar-centella-glow-1004-duo\/#primaryimage\",\"url\":\"https:\/\/idakorea.ee\/wp-content\/uploads\/2025\/03\/skin1004-glow-1004-duo_8809913830344_darbeauty.webp\",\"contentUrl\":\"https:\/\/idakorea.ee\/wp-content\/uploads\/2025\/03\/skin1004-glow-1004-duo_8809913830344_darbeauty.webp\",\"width\":1080,\"height\":1080},{\"@type\":\"BreadcrumbList\",\"@id\":\"https:\/\/idakorea.ee\/product\/komplekt-skin1004-madagascar-centella-glow-1004-duo\/#breadcrumb\",\"itemListElement\":[{\"@type\":\"ListItem\",\"position\":1,\"name\":\"\u0413\u043b\u0430\u0432\u043d\u0430\u044f \u0441\u0442\u0440\u0430\u043d\u0438\u0446\u0430\",\"item\":\"https:\/\/idakorea.ee\/\"},{\"@type\":\"ListItem\",\"position\":2,\"name\":\"Shop\",\"item\":\"https:\/\/idakorea.ee\/shop-2\/\"},{\"@type\":\"ListItem\",\"position\":3,\"name\":\"Komplekt Skin1004 Madagascar Centella Glow 1004 Duo\"}]},{\"@type\":\"WebSite\",\"@id\":\"https:\/\/idakorea.ee\/#website\",\"url\":\"https:\/\/idakorea.ee\/\",\"name\":\"IDA.KOREA\",\"description\":\"Korea kosmeetika e-pood\",\"publisher\":{\"@id\":\"https:\/\/idakorea.ee\/#organization\"},\"alternateName\":\"Beauty Shop\",\"potentialAction\":[{\"@type\":\"SearchAction\",\"target\":{\"@type\":\"EntryPoint\",\"urlTemplate\":\"https:\/\/idakorea.ee\/?s={search_term_string}\"},\"query-input\":{\"@type\":\"PropertyValueSpecification\",\"valueRequired\":true,\"valueName\":\"search_term_string\"}}],\"inLanguage\":\"en-US\"},{\"@type\":\"Organization\",\"@id\":\"https:\/\/idakorea.ee\/#organization\",\"name\":\"IDA.KOREA\",\"url\":\"https:\/\/idakorea.ee\/\",\"logo\":{\"@type\":\"ImageObject\",\"inLanguage\":\"en-US\",\"@id\":\"https:\/\/idakorea.ee\/#\/schema\/logo\/image\/\",\"url\":\"https:\/\/idakorea.ee\/wp-content\/uploads\/2024\/05\/cropped-korea3.png\",\"contentUrl\":\"https:\/\/idakorea.ee\/wp-content\/uploads\/2024\/05\/cropped-korea3.png\",\"width\":688,\"height\":126,\"caption\":\"IDA.KOREA\"},\"image\":{\"@id\":\"https:\/\/idakorea.ee\/#\/schema\/logo\/image\/\"},\"sameAs\":[\"https:\/\/www.instagram.com\/ida.korea\/\"]}]}<\/script>\n<!-- \/ Yoast SEO plugin. -->","yoast_head_json":{"title":"Set Skin1004 Madagascar Centella Glow 1004 Duo - IDA.KOREA","robots":{"index":"index","follow":"follow","max-snippet":"max-snippet:-1","max-image-preview":"max-image-preview:large","max-video-preview":"max-video-preview:-1"},"canonical":"https:\/\/idakorea.ee\/en\/product\/komplekt-skin1004-madagascar-centella-glow-1004-duo\/","og_locale":"en_US","og_type":"article","og_title":"Komplekt Skin1004 Madagascar Centella Glow 1004 Duo - IDA.KOREA","og_description":"Probio-Cica Intensive Ampoule (50ml) Fermenteeritud Madagaskari Aasia vesinaba ja TECA \u2013 maksimaalne rahustav toime. Ceramide NP ja kvaliteetne cica \u2013 tugevdavad nahabarj\u00e4\u00e4ri ja kaitsevad v\u00e4liste \u00e4rritajate eest. Kuldse vahekorraga niisutus (3:1:1 ceramiid, f\u00fctosterool, rasvhapped) \u2013 lukustab niiskuse nahas ja hoiab selle niisutatuna. K\u00f5rge kontsentratsiooniga ampull \u2013 kiiresti imenduv, j\u00e4ttes naha siidiselt sileda ja s\u00e4rava ilma...","og_url":"https:\/\/idakorea.ee\/en\/product\/komplekt-skin1004-madagascar-centella-glow-1004-duo\/","og_site_name":"IDA.KOREA","article_modified_time":"2026-03-28T14:21:04+00:00","og_image":[{"width":1080,"height":1080,"url":"https:\/\/idakorea.ee\/wp-content\/uploads\/2025\/03\/skin1004-glow-1004-duo_8809913830344_darbeauty.webp","type":"image\/webp"}],"twitter_card":"summary_large_image","twitter_misc":{"Est. reading time":"1 minute"},"schema":{"@context":"https:\/\/schema.org","@graph":[{"@type":"WebPage","@id":"https:\/\/idakorea.ee\/product\/komplekt-skin1004-madagascar-centella-glow-1004-duo\/","url":"https:\/\/idakorea.ee\/product\/komplekt-skin1004-madagascar-centella-glow-1004-duo\/","name":"Set Skin1004 Madagascar Centella Glow 1004 Duo - IDA.KOREA","isPartOf":{"@id":"https:\/\/idakorea.ee\/#website"},"primaryImageOfPage":{"@id":"https:\/\/idakorea.ee\/product\/komplekt-skin1004-madagascar-centella-glow-1004-duo\/#primaryimage"},"image":{"@id":"https:\/\/idakorea.ee\/product\/komplekt-skin1004-madagascar-centella-glow-1004-duo\/#primaryimage"},"thumbnailUrl":"https:\/\/idakorea.ee\/wp-content\/uploads\/2025\/03\/skin1004-glow-1004-duo_8809913830344_darbeauty.webp","datePublished":"2025-03-20T13:29:59+00:00","dateModified":"2026-03-28T14:21:04+00:00","breadcrumb":{"@id":"https:\/\/idakorea.ee\/product\/komplekt-skin1004-madagascar-centella-glow-1004-duo\/#breadcrumb"},"inLanguage":"en-US","potentialAction":[{"@type":"ReadAction","target":["https:\/\/idakorea.ee\/product\/komplekt-skin1004-madagascar-centella-glow-1004-duo\/"]}]},{"@type":"ImageObject","inLanguage":"en-US","@id":"https:\/\/idakorea.ee\/product\/komplekt-skin1004-madagascar-centella-glow-1004-duo\/#primaryimage","url":"https:\/\/idakorea.ee\/wp-content\/uploads\/2025\/03\/skin1004-glow-1004-duo_8809913830344_darbeauty.webp","contentUrl":"https:\/\/idakorea.ee\/wp-content\/uploads\/2025\/03\/skin1004-glow-1004-duo_8809913830344_darbeauty.webp","width":1080,"height":1080},{"@type":"BreadcrumbList","@id":"https:\/\/idakorea.ee\/product\/komplekt-skin1004-madagascar-centella-glow-1004-duo\/#breadcrumb","itemListElement":[{"@type":"ListItem","position":1,"name":"\u0413\u043b\u0430\u0432\u043d\u0430\u044f \u0441\u0442\u0440\u0430\u043d\u0438\u0446\u0430","item":"https:\/\/idakorea.ee\/"},{"@type":"ListItem","position":2,"name":"Shop","item":"https:\/\/idakorea.ee\/shop-2\/"},{"@type":"ListItem","position":3,"name":"Komplekt Skin1004 Madagascar Centella Glow 1004 Duo"}]},{"@type":"WebSite","@id":"https:\/\/idakorea.ee\/#website","url":"https:\/\/idakorea.ee\/","name":"IDA.KOREA","description":"Korean cosmetics e-shop","publisher":{"@id":"https:\/\/idakorea.ee\/#organization"},"alternateName":"Beauty Shop","potentialAction":[{"@type":"SearchAction","target":{"@type":"EntryPoint","urlTemplate":"https:\/\/idakorea.ee\/?s={search_term_string}"},"query-input":{"@type":"PropertyValueSpecification","valueRequired":true,"valueName":"search_term_string"}}],"inLanguage":"en-US"},{"@type":"Organization","@id":"https:\/\/idakorea.ee\/#organization","name":"IDA.KOREA","url":"https:\/\/idakorea.ee\/","logo":{"@type":"ImageObject","inLanguage":"en-US","@id":"https:\/\/idakorea.ee\/#\/schema\/logo\/image\/","url":"https:\/\/idakorea.ee\/wp-content\/uploads\/2024\/05\/cropped-korea3.png","contentUrl":"https:\/\/idakorea.ee\/wp-content\/uploads\/2024\/05\/cropped-korea3.png","width":688,"height":126,"caption":"IDA.KOREA"},"image":{"@id":"https:\/\/idakorea.ee\/#\/schema\/logo\/image\/"},"sameAs":["https:\/\/www.instagram.com\/ida.korea\/"]}]}},"jetpack_sharing_enabled":true,"brands":[{"id":186,"name":"SKIN1004","slug":"skin1004"}],"_links":{"self":[{"href":"https:\/\/idakorea.ee\/en\/wp-json\/wp\/v2\/product\/13238","targetHints":{"allow":["GET"]}}],"collection":[{"href":"https:\/\/idakorea.ee\/en\/wp-json\/wp\/v2\/product"}],"about":[{"href":"https:\/\/idakorea.ee\/en\/wp-json\/wp\/v2\/types\/product"}],"replies":[{"embeddable":true,"href":"https:\/\/idakorea.ee\/en\/wp-json\/wp\/v2\/comments?post=13238"}],"version-history":[{"count":1,"href":"https:\/\/idakorea.ee\/en\/wp-json\/wp\/v2\/product\/13238\/revisions"}],"predecessor-version":[{"id":13241,"href":"https:\/\/idakorea.ee\/en\/wp-json\/wp\/v2\/product\/13238\/revisions\/13241"}],"wp:featuredmedia":[{"embeddable":true,"href":"https:\/\/idakorea.ee\/en\/wp-json\/wp\/v2\/media\/13239"}],"wp:attachment":[{"href":"https:\/\/idakorea.ee\/en\/wp-json\/wp\/v2\/media?parent=13238"}],"wp:term":[{"taxonomy":"pwb-brand","embeddable":true,"href":"https:\/\/idakorea.ee\/en\/wp-json\/wp\/v2\/pwb-brand?post=13238"},{"taxonomy":"product_brand","embeddable":true,"href":"https:\/\/idakorea.ee\/en\/wp-json\/wp\/v2\/product_brand?post=13238"},{"taxonomy":"product_cat","embeddable":true,"href":"https:\/\/idakorea.ee\/en\/wp-json\/wp\/v2\/product_cat?post=13238"},{"taxonomy":"product_tag","embeddable":true,"href":"https:\/\/idakorea.ee\/en\/wp-json\/wp\/v2\/product_tag?post=13238"}],"curies":[{"name":"wp","href":"https:\/\/api.w.org\/{rel}","templated":true}]}}