{"id":13250,"date":"2025-03-21T09:40:44","date_gmt":"2025-03-21T07:40:44","guid":{"rendered":"https:\/\/idakorea.ee\/?post_type=product&#038;p=13250"},"modified":"2026-01-30T14:30:55","modified_gmt":"2026-01-30T12:30:55","slug":"99-lohe-pdrn-ekstrakti-kontsentratsiooniga-seerum-medicube-salmon-pdrn-pink-one-day-serum-15ml10tk","status":"publish","type":"product","link":"https:\/\/idakorea.ee\/en\/product\/99-lohe-pdrn-ekstrakti-kontsentratsiooniga-seerum-medicube-salmon-pdrn-pink-one-day-serum-15ml10tk\/","title":{"rendered":"99% Medicube Salmon PDRN Pink One Day Serum with PDRN Extract Concentration, 1,5ml*10pcs"},"content":{"rendered":"<p><strong>Salmon PDRN Pink One Day Serum -<\/strong> instantly radiant and hydrated skin!<\/p>\n<p>Achieve a healthy and radiant complexion fast with our Salmon PDRN Pink One Day Serum! 99% Salmon PDRN extract concentrated serum deeply hydrates and gives skin an instant glow.<\/p>\n<p>The luxurious pink formula contains nutrients with a richly concentrated yet light texture that absorbs quickly, leaving skin fresh and smooth without a sticky feel.<\/p>\n<p>Low irritation tested - gentle formula suitable for daily use and sensitive skin.<\/p>\n<p><strong>Why choose Salmon PDRN Pink One Day Serum?<\/strong><\/p>\n<p>Instant radiance and hydration - one drop and one second refreshes the skin and gives a hydrated, radiant complexion.<br \/>\nStronger and more supple skin - improves skin density by 58.7%, making it plump and radiant.<br \/>\n99% Salmon PDRN magic - evens skin tone and supports skin regeneration.<\/p>\n<h3><\/h3>\n<p><strong>Dedicated airtight container<\/strong><br \/>\nThe narrow and slim dispenser fills the serum directly into the bottle without contact with air, preserving its freshness and active ingredients.<\/p>\n<p><strong>Freshness preservation system<\/strong><br \/>\nRapid filling ensures that the ingredients retain their highest quality and efficiency.<\/p>\n<p><strong>Largest quantity of PDRN on the Korean market: 1.5 ml<\/strong><br \/>\nEach container contains the maximum allowed amount of PDRN according to Korean standards.<\/p>\n<p><strong>No artificial colourings or fragrances<\/strong><br \/>\nThe natural pink colour is due to the vitamins - no artificial additives, fragrance-free and intensely moisturising.<\/p>\n<p>&nbsp;<\/p>\n<p><strong>Usage: <\/strong>Unscrew the cap and apply the appropriate amount of serum to the skin after using the toner. If there is any leftover product, reseal the cap and use it within 24 hours. Avoid eye contact!<\/p>\n<p>&nbsp;<\/p>\n<p><strong>Treatment 1: PDRN One Day Serum + PDRN Ampoule<\/strong><\/p>\n<p>Achieve an even, luminous complexion and a deeply hydrated glow.<\/p>\n<ol>\n<li><strong style=\"font-family: var(--global-body-font-family);\">Salmon PDRN One Day Serum<\/strong><\/li>\n<li><strong>Salmon PDRN Ampoule - <a href=\"https:\/\/idakorea.ee\/en\/product\/korgeaktiivne-vananemisvastane-seerum-medicube-pdrn-pink-peptide-serum-30ml\/\">Medicube PDRN Pink Peptide Anti-Aging Serum, 30ml - IDA.KOREA<\/a><\/strong><\/li>\n<\/ol>\n<p><strong>Treatment 2: PDRN One Day Serum + Medicube <\/strong><strong style=\"font-family: var(--global-body-font-family);\">AGE-R<\/strong><strong style=\"font-family: var(--global-body-font-family);\">\u00a0Booster Pro<\/strong><\/p>\n<p>Use with <strong style=\"font-family: var(--global-body-font-family);\">AGE-R<\/strong><strong style=\"font-family: var(--global-body-font-family);\">\u00a0<\/strong><strong>\u00a0Booster Pro with device<\/strong>for instant radiance and a vibrant complexion.<br \/>\n<em>Always start from the lowest (level 1).<\/em><\/p>\n<ol>\n<li><strong>Salmon PDRN One Day Serum<\/strong><\/li>\n<li><strong>AGE-R Booster Pro - <a href=\"https:\/\/idakorea.ee\/en\/product\/medicube-age-r-booster-pro\/\">Medicube Age-R Booster Pro - IDA.KOREA<\/a><\/strong><\/li>\n<\/ol>","protected":false},"excerpt":{"rendered":"<p>Salmon PDRN Pink One Day Serum - instantly radiant and hydrated skin! Achieve a healthy and radiant complexion in no time with our Salmon PDRN Pink One Day Serum! With a 99% Salmon PDRN extract concentration, this serum deeply hydrates and gives skin an instant glow. The luxurious pink formula contains nutrients with a richly concentrated yet light texture that absorbs quickly, leaving skin fresh and smooth....<\/p>","protected":false},"featured_media":13251,"comment_status":"open","ping_status":"closed","template":"","meta":{"_uf_show_specific_survey":0,"_uf_disable_surveys":false,"_bst_post_transparent":"default","_bst_post_title":"","_bst_post_layout":"default","_bst_post_sidebar_id":"","_bst_post_content_style":"default","_bst_post_vertical_padding":"default","_bst_post_feature":"","_bst_post_feature_position":"","_bst_post_header":false,"_bst_post_footer":false},"pwb-brand":[490],"product_brand":[],"product_cat":[92,97],"product_tag":[857,721,789],"class_list":{"0":"post-13250","1":"product","2":"type-product","3":"status-publish","4":"has-post-thumbnail","6":"pwb-brand-medicube","7":"product_cat-nagu","8":"product_cat-naoseerumid-ja-olid","9":"product_tag-age-r","10":"product_tag-medicube","11":"product_tag-pdrn","13":"first","14":"outofstock","15":"sale","16":"shipping-taxable","17":"purchasable","18":"product-type-simple","19":"entry","20":"content-bg","21":"loop-entry"},"supplier_id":null,"supplier_sku":"","barcode":null,"atum_controlled":true,"out_stock_date":"2026-01-09 20:42:58","out_stock_threshold":null,"inheritable":false,"inbound_stock":0,"stock_on_hold":0,"sold_today":0,"sales_last_days":0,"out_stock_days":94,"lost_sales":226,"has_location":false,"update_date":"2026-04-14T00:05:07","atum_locations":[],"atum_stock_status":"outofstock","restock_status":false,"low_stock_amount":"","sales_update_date":"2026-04-14T00:05:07","calc_backorders":null,"yoast_head":"<!-- This site is optimized with the Yoast SEO plugin v27.2 - https:\/\/yoast.com\/product\/yoast-seo-wordpress\/ -->\n<title>99% l\u00f5he PDRN-ekstrakti kontsentratsiooniga seerum Medicube Salmon PDRN Pink One Day Serum, 1,5ml*10tk - IDA.KOREA<\/title>\n<meta name=\"robots\" content=\"index, follow, max-snippet:-1, max-image-preview:large, max-video-preview:-1\" \/>\n<link rel=\"canonical\" href=\"https:\/\/idakorea.ee\/en\/product\/99-lohe-pdrn-ekstrakti-kontsentratsiooniga-seerum-medicube-salmon-pdrn-pink-one-day-serum-15ml10tk\/\" \/>\n<meta property=\"og:locale\" content=\"en_US\" \/>\n<meta property=\"og:type\" content=\"article\" \/>\n<meta property=\"og:title\" content=\"99% l\u00f5he PDRN-ekstrakti kontsentratsiooniga seerum Medicube Salmon PDRN Pink One Day Serum, 1,5ml*10tk - IDA.KOREA\" \/>\n<meta property=\"og:description\" content=\"Salmon PDRN Pink One Day Serum \u2013 hetkega s\u00e4rav ja niisutatud nahk! Saavuta kiirelt terve ja s\u00e4rav jume meie Salmon PDRN Pink One Day Serum&#8217;iga! 99% l\u00f5he PDRN-ekstrakti kontsentratsiooniga seerum niisutab s\u00fcgavuti ja annab nahale kohese s\u00e4ra. Luksuslik roosa koostis sisaldab toitaineid, mille rikkalikult kontsentreeritud, kuid kerge tekstuur imendub kiiresti, j\u00e4ttes naha v\u00e4rskeks ja siledaks...\" \/>\n<meta property=\"og:url\" content=\"https:\/\/idakorea.ee\/en\/product\/99-lohe-pdrn-ekstrakti-kontsentratsiooniga-seerum-medicube-salmon-pdrn-pink-one-day-serum-15ml10tk\/\" \/>\n<meta property=\"og:site_name\" content=\"IDA.KOREA\" \/>\n<meta property=\"article:modified_time\" content=\"2026-01-30T12:30:55+00:00\" \/>\n<meta property=\"og:image\" content=\"https:\/\/idakorea.ee\/wp-content\/uploads\/2025\/03\/buy-medicube-pdrn-pink-one-day-serum-15ml-10pcs-idakorea.webp\" \/>\n\t<meta property=\"og:image:width\" content=\"794\" \/>\n\t<meta property=\"og:image:height\" content=\"794\" \/>\n\t<meta property=\"og:image:type\" content=\"image\/webp\" \/>\n<meta name=\"twitter:card\" content=\"summary_large_image\" \/>\n<meta name=\"twitter:label1\" content=\"Est. reading time\" \/>\n\t<meta name=\"twitter:data1\" content=\"2 minutes\" \/>\n<script type=\"application\/ld+json\" class=\"yoast-schema-graph\">{\"@context\":\"https:\/\/schema.org\",\"@graph\":[{\"@type\":\"WebPage\",\"@id\":\"https:\/\/idakorea.ee\/product\/99-lohe-pdrn-ekstrakti-kontsentratsiooniga-seerum-medicube-salmon-pdrn-pink-one-day-serum-15ml10tk\/\",\"url\":\"https:\/\/idakorea.ee\/product\/99-lohe-pdrn-ekstrakti-kontsentratsiooniga-seerum-medicube-salmon-pdrn-pink-one-day-serum-15ml10tk\/\",\"name\":\"99% l\u00f5he PDRN-ekstrakti kontsentratsiooniga seerum Medicube Salmon PDRN Pink One Day Serum, 1,5ml*10tk - IDA.KOREA\",\"isPartOf\":{\"@id\":\"https:\/\/idakorea.ee\/#website\"},\"primaryImageOfPage\":{\"@id\":\"https:\/\/idakorea.ee\/product\/99-lohe-pdrn-ekstrakti-kontsentratsiooniga-seerum-medicube-salmon-pdrn-pink-one-day-serum-15ml10tk\/#primaryimage\"},\"image\":{\"@id\":\"https:\/\/idakorea.ee\/product\/99-lohe-pdrn-ekstrakti-kontsentratsiooniga-seerum-medicube-salmon-pdrn-pink-one-day-serum-15ml10tk\/#primaryimage\"},\"thumbnailUrl\":\"https:\/\/idakorea.ee\/wp-content\/uploads\/2025\/03\/buy-medicube-pdrn-pink-one-day-serum-15ml-10pcs-idakorea.webp\",\"datePublished\":\"2025-03-21T07:40:44+00:00\",\"dateModified\":\"2026-01-30T12:30:55+00:00\",\"breadcrumb\":{\"@id\":\"https:\/\/idakorea.ee\/product\/99-lohe-pdrn-ekstrakti-kontsentratsiooniga-seerum-medicube-salmon-pdrn-pink-one-day-serum-15ml10tk\/#breadcrumb\"},\"inLanguage\":\"en-US\",\"potentialAction\":[{\"@type\":\"ReadAction\",\"target\":[\"https:\/\/idakorea.ee\/product\/99-lohe-pdrn-ekstrakti-kontsentratsiooniga-seerum-medicube-salmon-pdrn-pink-one-day-serum-15ml10tk\/\"]}]},{\"@type\":\"ImageObject\",\"inLanguage\":\"en-US\",\"@id\":\"https:\/\/idakorea.ee\/product\/99-lohe-pdrn-ekstrakti-kontsentratsiooniga-seerum-medicube-salmon-pdrn-pink-one-day-serum-15ml10tk\/#primaryimage\",\"url\":\"https:\/\/idakorea.ee\/wp-content\/uploads\/2025\/03\/buy-medicube-pdrn-pink-one-day-serum-15ml-10pcs-idakorea.webp\",\"contentUrl\":\"https:\/\/idakorea.ee\/wp-content\/uploads\/2025\/03\/buy-medicube-pdrn-pink-one-day-serum-15ml-10pcs-idakorea.webp\",\"width\":794,\"height\":794},{\"@type\":\"BreadcrumbList\",\"@id\":\"https:\/\/idakorea.ee\/product\/99-lohe-pdrn-ekstrakti-kontsentratsiooniga-seerum-medicube-salmon-pdrn-pink-one-day-serum-15ml10tk\/#breadcrumb\",\"itemListElement\":[{\"@type\":\"ListItem\",\"position\":1,\"name\":\"\u0413\u043b\u0430\u0432\u043d\u0430\u044f \u0441\u0442\u0440\u0430\u043d\u0438\u0446\u0430\",\"item\":\"https:\/\/idakorea.ee\/\"},{\"@type\":\"ListItem\",\"position\":2,\"name\":\"Shop\",\"item\":\"https:\/\/idakorea.ee\/shop-2\/\"},{\"@type\":\"ListItem\",\"position\":3,\"name\":\"99% l\u00f5he PDRN-ekstrakti kontsentratsiooniga seerum Medicube Salmon PDRN Pink One Day Serum, 1,5ml*10tk\"}]},{\"@type\":\"WebSite\",\"@id\":\"https:\/\/idakorea.ee\/#website\",\"url\":\"https:\/\/idakorea.ee\/\",\"name\":\"IDA.KOREA\",\"description\":\"Korea kosmeetika e-pood\",\"publisher\":{\"@id\":\"https:\/\/idakorea.ee\/#organization\"},\"alternateName\":\"Beauty Shop\",\"potentialAction\":[{\"@type\":\"SearchAction\",\"target\":{\"@type\":\"EntryPoint\",\"urlTemplate\":\"https:\/\/idakorea.ee\/?s={search_term_string}\"},\"query-input\":{\"@type\":\"PropertyValueSpecification\",\"valueRequired\":true,\"valueName\":\"search_term_string\"}}],\"inLanguage\":\"en-US\"},{\"@type\":\"Organization\",\"@id\":\"https:\/\/idakorea.ee\/#organization\",\"name\":\"IDA.KOREA\",\"url\":\"https:\/\/idakorea.ee\/\",\"logo\":{\"@type\":\"ImageObject\",\"inLanguage\":\"en-US\",\"@id\":\"https:\/\/idakorea.ee\/#\/schema\/logo\/image\/\",\"url\":\"https:\/\/idakorea.ee\/wp-content\/uploads\/2024\/05\/cropped-korea3.png\",\"contentUrl\":\"https:\/\/idakorea.ee\/wp-content\/uploads\/2024\/05\/cropped-korea3.png\",\"width\":688,\"height\":126,\"caption\":\"IDA.KOREA\"},\"image\":{\"@id\":\"https:\/\/idakorea.ee\/#\/schema\/logo\/image\/\"},\"sameAs\":[\"https:\/\/www.instagram.com\/ida.korea\/\"]}]}<\/script>\n<!-- \/ Yoast SEO plugin. -->","yoast_head_json":{"title":"99% Salmon PDRN Extract Concentrate Medicube Salmon PDRN Pink One Day Serum, 1.5ml*10pcs - IDA.KOREA","robots":{"index":"index","follow":"follow","max-snippet":"max-snippet:-1","max-image-preview":"max-image-preview:large","max-video-preview":"max-video-preview:-1"},"canonical":"https:\/\/idakorea.ee\/en\/product\/99-lohe-pdrn-ekstrakti-kontsentratsiooniga-seerum-medicube-salmon-pdrn-pink-one-day-serum-15ml10tk\/","og_locale":"en_US","og_type":"article","og_title":"99% l\u00f5he PDRN-ekstrakti kontsentratsiooniga seerum Medicube Salmon PDRN Pink One Day Serum, 1,5ml*10tk - IDA.KOREA","og_description":"Salmon PDRN Pink One Day Serum \u2013 hetkega s\u00e4rav ja niisutatud nahk! Saavuta kiirelt terve ja s\u00e4rav jume meie Salmon PDRN Pink One Day Serum&#8217;iga! 99% l\u00f5he PDRN-ekstrakti kontsentratsiooniga seerum niisutab s\u00fcgavuti ja annab nahale kohese s\u00e4ra. Luksuslik roosa koostis sisaldab toitaineid, mille rikkalikult kontsentreeritud, kuid kerge tekstuur imendub kiiresti, j\u00e4ttes naha v\u00e4rskeks ja siledaks...","og_url":"https:\/\/idakorea.ee\/en\/product\/99-lohe-pdrn-ekstrakti-kontsentratsiooniga-seerum-medicube-salmon-pdrn-pink-one-day-serum-15ml10tk\/","og_site_name":"IDA.KOREA","article_modified_time":"2026-01-30T12:30:55+00:00","og_image":[{"width":794,"height":794,"url":"https:\/\/idakorea.ee\/wp-content\/uploads\/2025\/03\/buy-medicube-pdrn-pink-one-day-serum-15ml-10pcs-idakorea.webp","type":"image\/webp"}],"twitter_card":"summary_large_image","twitter_misc":{"Est. reading time":"2 minutes"},"schema":{"@context":"https:\/\/schema.org","@graph":[{"@type":"WebPage","@id":"https:\/\/idakorea.ee\/product\/99-lohe-pdrn-ekstrakti-kontsentratsiooniga-seerum-medicube-salmon-pdrn-pink-one-day-serum-15ml10tk\/","url":"https:\/\/idakorea.ee\/product\/99-lohe-pdrn-ekstrakti-kontsentratsiooniga-seerum-medicube-salmon-pdrn-pink-one-day-serum-15ml10tk\/","name":"99% Salmon PDRN Extract Concentrate Medicube Salmon PDRN Pink One Day Serum, 1.5ml*10pcs - IDA.KOREA","isPartOf":{"@id":"https:\/\/idakorea.ee\/#website"},"primaryImageOfPage":{"@id":"https:\/\/idakorea.ee\/product\/99-lohe-pdrn-ekstrakti-kontsentratsiooniga-seerum-medicube-salmon-pdrn-pink-one-day-serum-15ml10tk\/#primaryimage"},"image":{"@id":"https:\/\/idakorea.ee\/product\/99-lohe-pdrn-ekstrakti-kontsentratsiooniga-seerum-medicube-salmon-pdrn-pink-one-day-serum-15ml10tk\/#primaryimage"},"thumbnailUrl":"https:\/\/idakorea.ee\/wp-content\/uploads\/2025\/03\/buy-medicube-pdrn-pink-one-day-serum-15ml-10pcs-idakorea.webp","datePublished":"2025-03-21T07:40:44+00:00","dateModified":"2026-01-30T12:30:55+00:00","breadcrumb":{"@id":"https:\/\/idakorea.ee\/product\/99-lohe-pdrn-ekstrakti-kontsentratsiooniga-seerum-medicube-salmon-pdrn-pink-one-day-serum-15ml10tk\/#breadcrumb"},"inLanguage":"en-US","potentialAction":[{"@type":"ReadAction","target":["https:\/\/idakorea.ee\/product\/99-lohe-pdrn-ekstrakti-kontsentratsiooniga-seerum-medicube-salmon-pdrn-pink-one-day-serum-15ml10tk\/"]}]},{"@type":"ImageObject","inLanguage":"en-US","@id":"https:\/\/idakorea.ee\/product\/99-lohe-pdrn-ekstrakti-kontsentratsiooniga-seerum-medicube-salmon-pdrn-pink-one-day-serum-15ml10tk\/#primaryimage","url":"https:\/\/idakorea.ee\/wp-content\/uploads\/2025\/03\/buy-medicube-pdrn-pink-one-day-serum-15ml-10pcs-idakorea.webp","contentUrl":"https:\/\/idakorea.ee\/wp-content\/uploads\/2025\/03\/buy-medicube-pdrn-pink-one-day-serum-15ml-10pcs-idakorea.webp","width":794,"height":794},{"@type":"BreadcrumbList","@id":"https:\/\/idakorea.ee\/product\/99-lohe-pdrn-ekstrakti-kontsentratsiooniga-seerum-medicube-salmon-pdrn-pink-one-day-serum-15ml10tk\/#breadcrumb","itemListElement":[{"@type":"ListItem","position":1,"name":"\u0413\u043b\u0430\u0432\u043d\u0430\u044f \u0441\u0442\u0440\u0430\u043d\u0438\u0446\u0430","item":"https:\/\/idakorea.ee\/"},{"@type":"ListItem","position":2,"name":"Shop","item":"https:\/\/idakorea.ee\/shop-2\/"},{"@type":"ListItem","position":3,"name":"99% l\u00f5he PDRN-ekstrakti kontsentratsiooniga seerum Medicube Salmon PDRN Pink One Day Serum, 1,5ml*10tk"}]},{"@type":"WebSite","@id":"https:\/\/idakorea.ee\/#website","url":"https:\/\/idakorea.ee\/","name":"IDA.KOREA","description":"Korean cosmetics e-shop","publisher":{"@id":"https:\/\/idakorea.ee\/#organization"},"alternateName":"Beauty Shop","potentialAction":[{"@type":"SearchAction","target":{"@type":"EntryPoint","urlTemplate":"https:\/\/idakorea.ee\/?s={search_term_string}"},"query-input":{"@type":"PropertyValueSpecification","valueRequired":true,"valueName":"search_term_string"}}],"inLanguage":"en-US"},{"@type":"Organization","@id":"https:\/\/idakorea.ee\/#organization","name":"IDA.KOREA","url":"https:\/\/idakorea.ee\/","logo":{"@type":"ImageObject","inLanguage":"en-US","@id":"https:\/\/idakorea.ee\/#\/schema\/logo\/image\/","url":"https:\/\/idakorea.ee\/wp-content\/uploads\/2024\/05\/cropped-korea3.png","contentUrl":"https:\/\/idakorea.ee\/wp-content\/uploads\/2024\/05\/cropped-korea3.png","width":688,"height":126,"caption":"IDA.KOREA"},"image":{"@id":"https:\/\/idakorea.ee\/#\/schema\/logo\/image\/"},"sameAs":["https:\/\/www.instagram.com\/ida.korea\/"]}]}},"jetpack_sharing_enabled":true,"brands":[{"id":490,"name":"MEDICUBE","slug":"medicube"}],"_links":{"self":[{"href":"https:\/\/idakorea.ee\/en\/wp-json\/wp\/v2\/product\/13250","targetHints":{"allow":["GET"]}}],"collection":[{"href":"https:\/\/idakorea.ee\/en\/wp-json\/wp\/v2\/product"}],"about":[{"href":"https:\/\/idakorea.ee\/en\/wp-json\/wp\/v2\/types\/product"}],"replies":[{"embeddable":true,"href":"https:\/\/idakorea.ee\/en\/wp-json\/wp\/v2\/comments?post=13250"}],"version-history":[{"count":3,"href":"https:\/\/idakorea.ee\/en\/wp-json\/wp\/v2\/product\/13250\/revisions"}],"predecessor-version":[{"id":13256,"href":"https:\/\/idakorea.ee\/en\/wp-json\/wp\/v2\/product\/13250\/revisions\/13256"}],"wp:featuredmedia":[{"embeddable":true,"href":"https:\/\/idakorea.ee\/en\/wp-json\/wp\/v2\/media\/13251"}],"wp:attachment":[{"href":"https:\/\/idakorea.ee\/en\/wp-json\/wp\/v2\/media?parent=13250"}],"wp:term":[{"taxonomy":"pwb-brand","embeddable":true,"href":"https:\/\/idakorea.ee\/en\/wp-json\/wp\/v2\/pwb-brand?post=13250"},{"taxonomy":"product_brand","embeddable":true,"href":"https:\/\/idakorea.ee\/en\/wp-json\/wp\/v2\/product_brand?post=13250"},{"taxonomy":"product_cat","embeddable":true,"href":"https:\/\/idakorea.ee\/en\/wp-json\/wp\/v2\/product_cat?post=13250"},{"taxonomy":"product_tag","embeddable":true,"href":"https:\/\/idakorea.ee\/en\/wp-json\/wp\/v2\/product_tag?post=13250"}],"curies":[{"name":"wp","href":"https:\/\/api.w.org\/{rel}","templated":true}]}}