{"id":13267,"date":"2025-03-22T14:09:23","date_gmt":"2025-03-22T12:09:23","guid":{"rendered":"https:\/\/idakorea.ee\/?post_type=product&#038;p=13267"},"modified":"2026-03-16T01:18:22","modified_gmt":"2026-03-15T23:18:22","slug":"huulemask-carenel-lime-lip-night-mask-5g","status":"publish","type":"product","link":"https:\/\/idakorea.ee\/en\/product\/huulemask-carenel-lime-lip-night-mask-5g\/","title":{"rendered":"Lip Mask Care:Nel Lime Lip Night Mask, 5g"},"content":{"rendered":"<p><strong>Care:Nel Lime Lip Night Mask<\/strong>\u00a0is an intensively nourishing and moisturising lip mask that cares for delicate skin during sleep. It can also be used as a daytime balm. It removes dead skin cells, leaving lips hydrated and soft the next morning. Increases elasticity, tones and creates a protective layer to prevent moisture loss. The mask cares for delicate lip skin, improves appearance and prevents premature ageing. Overnight, the mask effectively repairs damage and gives lips a seductive appearance.<\/p>\n<p><strong>Ingredients:<\/strong><\/p>\n<ul>\n<li><strong>Vitamin C<\/strong> - evens the skin tone, brightens the complexion and gives a radiant complexion. Fights free radicals and protects against premature ageing.<\/li>\n<li><strong>Hyaluronic acid<\/strong> - deeply moisturises the skin and prevents moisture loss. It has regenerating properties and strengthens the skin's defences.<\/li>\n<li><strong>Berry complex<\/strong> - intensively nourishes and moisturises the skin of the lips, softens, reduces dryness and flakiness and increases elasticity. It enriches the skin with vitamins, has antioxidant properties and protects the delicate lip against premature ageing.<\/li>\n<\/ul>\n<p>&nbsp;<\/p>\n<p>Suitable for all skin types.<\/p>\n<p><strong>User manual:<\/strong>\u00a0Apply to lips with finger or cotton bud.<\/p>","protected":false},"excerpt":{"rendered":"<p>Care:Nel Lime Lip Night Mask is an intensively nourishing and moisturizing lip mask that cares for delicate skin during sleep. It can also be used as a daytime balm. It removes dead skin cells, leaving lips hydrated and soft the next morning. Increases elasticity, tones and creates a protective layer to prevent moisture loss. The mask cares for delicate lip skin, improves appearance and prevents premature ageing. Overnight, the mask restores...<\/p>","protected":false},"featured_media":13268,"comment_status":"open","ping_status":"closed","template":"","meta":{"_uf_show_specific_survey":0,"_uf_disable_surveys":false,"_bst_post_transparent":"default","_bst_post_title":"","_bst_post_layout":"default","_bst_post_sidebar_id":"","_bst_post_content_style":"default","_bst_post_vertical_padding":"default","_bst_post_feature":"","_bst_post_feature_position":"","_bst_post_header":false,"_bst_post_footer":false},"pwb-brand":[675],"product_brand":[],"product_cat":[368],"product_tag":[676],"class_list":{"0":"post-13267","1":"product","2":"type-product","3":"status-publish","4":"has-post-thumbnail","6":"pwb-brand-carenel","7":"product_cat-huulepalsamid-ja-hooldus","8":"product_tag-lip-mask","10":"first","11":"instock","12":"sale","13":"shipping-taxable","14":"purchasable","15":"product-type-simple","16":"entry","17":"content-bg","18":"loop-entry"},"supplier_id":null,"supplier_sku":"","barcode":null,"atum_controlled":true,"out_stock_date":null,"out_stock_threshold":null,"inheritable":false,"inbound_stock":0,"stock_on_hold":0,"sold_today":0,"sales_last_days":1,"out_stock_days":0,"lost_sales":0,"has_location":false,"update_date":"2026-04-14T00:05:11","atum_locations":[],"atum_stock_status":"instock","restock_status":false,"low_stock_amount":"","sales_update_date":"2026-04-14T00:05:11","calc_backorders":null,"yoast_head":"<!-- This site is optimized with the Yoast SEO plugin v27.2 - https:\/\/yoast.com\/product\/yoast-seo-wordpress\/ -->\n<title>Huulemask Care:Nel Lime Lip Night Mask, 5g - IDA.KOREA<\/title>\n<meta name=\"description\" content=\"Care:Nel Lime Lip Night Mask\u00a0on intensiivselt toitev ja niisutav huulemask, mis hooldab \u00f5rna nahka une ajal. Maski v\u00f5ib kasutada ka p\u00e4eval palsamina.\" \/>\n<meta name=\"robots\" content=\"index, follow, max-snippet:-1, max-image-preview:large, max-video-preview:-1\" \/>\n<link rel=\"canonical\" href=\"https:\/\/idakorea.ee\/en\/product\/huulemask-carenel-lime-lip-night-mask-5g\/\" \/>\n<meta property=\"og:locale\" content=\"en_US\" \/>\n<meta property=\"og:type\" content=\"article\" \/>\n<meta property=\"og:title\" content=\"Huulemask Care:Nel Lime Lip Night Mask, 5g - IDA.KOREA\" \/>\n<meta property=\"og:description\" content=\"Care:Nel Lime Lip Night Mask\u00a0on intensiivselt toitev ja niisutav huulemask, mis hooldab \u00f5rna nahka une ajal. Maski v\u00f5ib kasutada ka p\u00e4eval palsamina.\" \/>\n<meta property=\"og:url\" content=\"https:\/\/idakorea.ee\/en\/product\/huulemask-carenel-lime-lip-night-mask-5g\/\" \/>\n<meta property=\"og:site_name\" content=\"IDA.KOREA\" \/>\n<meta property=\"article:modified_time\" content=\"2026-03-15T23:18:22+00:00\" \/>\n<meta property=\"og:image\" content=\"https:\/\/idakorea.ee\/wp-content\/uploads\/2025\/03\/carenel-lip-mask-idakorea.webp\" \/>\n\t<meta property=\"og:image:width\" content=\"800\" \/>\n\t<meta property=\"og:image:height\" content=\"800\" \/>\n\t<meta property=\"og:image:type\" content=\"image\/webp\" \/>\n<meta name=\"twitter:card\" content=\"summary_large_image\" \/>\n<meta name=\"twitter:label1\" content=\"Est. reading time\" \/>\n\t<meta name=\"twitter:data1\" content=\"1 minute\" \/>\n<script type=\"application\/ld+json\" class=\"yoast-schema-graph\">{\"@context\":\"https:\/\/schema.org\",\"@graph\":[{\"@type\":\"WebPage\",\"@id\":\"https:\/\/idakorea.ee\/product\/huulemask-carenel-lime-lip-night-mask-5g\/\",\"url\":\"https:\/\/idakorea.ee\/product\/huulemask-carenel-lime-lip-night-mask-5g\/\",\"name\":\"Huulemask Care:Nel Lime Lip Night Mask, 5g - IDA.KOREA\",\"isPartOf\":{\"@id\":\"https:\/\/idakorea.ee\/#website\"},\"primaryImageOfPage\":{\"@id\":\"https:\/\/idakorea.ee\/product\/huulemask-carenel-lime-lip-night-mask-5g\/#primaryimage\"},\"image\":{\"@id\":\"https:\/\/idakorea.ee\/product\/huulemask-carenel-lime-lip-night-mask-5g\/#primaryimage\"},\"thumbnailUrl\":\"https:\/\/idakorea.ee\/wp-content\/uploads\/2025\/03\/carenel-lip-mask-idakorea.webp\",\"datePublished\":\"2025-03-22T12:09:23+00:00\",\"dateModified\":\"2026-03-15T23:18:22+00:00\",\"description\":\"Care:Nel Lime Lip Night Mask\u00a0on intensiivselt toitev ja niisutav huulemask, mis hooldab \u00f5rna nahka une ajal. Maski v\u00f5ib kasutada ka p\u00e4eval palsamina.\",\"breadcrumb\":{\"@id\":\"https:\/\/idakorea.ee\/product\/huulemask-carenel-lime-lip-night-mask-5g\/#breadcrumb\"},\"inLanguage\":\"en-US\",\"potentialAction\":[{\"@type\":\"ReadAction\",\"target\":[\"https:\/\/idakorea.ee\/product\/huulemask-carenel-lime-lip-night-mask-5g\/\"]}]},{\"@type\":\"ImageObject\",\"inLanguage\":\"en-US\",\"@id\":\"https:\/\/idakorea.ee\/product\/huulemask-carenel-lime-lip-night-mask-5g\/#primaryimage\",\"url\":\"https:\/\/idakorea.ee\/wp-content\/uploads\/2025\/03\/carenel-lip-mask-idakorea.webp\",\"contentUrl\":\"https:\/\/idakorea.ee\/wp-content\/uploads\/2025\/03\/carenel-lip-mask-idakorea.webp\",\"width\":800,\"height\":800},{\"@type\":\"BreadcrumbList\",\"@id\":\"https:\/\/idakorea.ee\/product\/huulemask-carenel-lime-lip-night-mask-5g\/#breadcrumb\",\"itemListElement\":[{\"@type\":\"ListItem\",\"position\":1,\"name\":\"\u0413\u043b\u0430\u0432\u043d\u0430\u044f \u0441\u0442\u0440\u0430\u043d\u0438\u0446\u0430\",\"item\":\"https:\/\/idakorea.ee\/\"},{\"@type\":\"ListItem\",\"position\":2,\"name\":\"Shop\",\"item\":\"https:\/\/idakorea.ee\/shop-2\/\"},{\"@type\":\"ListItem\",\"position\":3,\"name\":\"Huulemask Care:Nel Lime Lip Night Mask, 5g\"}]},{\"@type\":\"WebSite\",\"@id\":\"https:\/\/idakorea.ee\/#website\",\"url\":\"https:\/\/idakorea.ee\/\",\"name\":\"IDA.KOREA\",\"description\":\"Korea kosmeetika e-pood\",\"publisher\":{\"@id\":\"https:\/\/idakorea.ee\/#organization\"},\"alternateName\":\"Beauty Shop\",\"potentialAction\":[{\"@type\":\"SearchAction\",\"target\":{\"@type\":\"EntryPoint\",\"urlTemplate\":\"https:\/\/idakorea.ee\/?s={search_term_string}\"},\"query-input\":{\"@type\":\"PropertyValueSpecification\",\"valueRequired\":true,\"valueName\":\"search_term_string\"}}],\"inLanguage\":\"en-US\"},{\"@type\":\"Organization\",\"@id\":\"https:\/\/idakorea.ee\/#organization\",\"name\":\"IDA.KOREA\",\"url\":\"https:\/\/idakorea.ee\/\",\"logo\":{\"@type\":\"ImageObject\",\"inLanguage\":\"en-US\",\"@id\":\"https:\/\/idakorea.ee\/#\/schema\/logo\/image\/\",\"url\":\"https:\/\/idakorea.ee\/wp-content\/uploads\/2024\/05\/cropped-korea3.png\",\"contentUrl\":\"https:\/\/idakorea.ee\/wp-content\/uploads\/2024\/05\/cropped-korea3.png\",\"width\":688,\"height\":126,\"caption\":\"IDA.KOREA\"},\"image\":{\"@id\":\"https:\/\/idakorea.ee\/#\/schema\/logo\/image\/\"},\"sameAs\":[\"https:\/\/www.instagram.com\/ida.korea\/\"]}]}<\/script>\n<!-- \/ Yoast SEO plugin. -->","yoast_head_json":{"title":"Lip Mask Care:Nel Lime Lip Night Mask, 5g - IDA.KOREA","description":"Care:Nel Lime Lip Night Mask is an intensely nourishing and moisturizing lip mask that cares for delicate skin while you sleep. The mask can also be used as a balm during the day.","robots":{"index":"index","follow":"follow","max-snippet":"max-snippet:-1","max-image-preview":"max-image-preview:large","max-video-preview":"max-video-preview:-1"},"canonical":"https:\/\/idakorea.ee\/en\/product\/huulemask-carenel-lime-lip-night-mask-5g\/","og_locale":"en_US","og_type":"article","og_title":"Huulemask Care:Nel Lime Lip Night Mask, 5g - IDA.KOREA","og_description":"Care:Nel Lime Lip Night Mask\u00a0on intensiivselt toitev ja niisutav huulemask, mis hooldab \u00f5rna nahka une ajal. Maski v\u00f5ib kasutada ka p\u00e4eval palsamina.","og_url":"https:\/\/idakorea.ee\/en\/product\/huulemask-carenel-lime-lip-night-mask-5g\/","og_site_name":"IDA.KOREA","article_modified_time":"2026-03-15T23:18:22+00:00","og_image":[{"width":800,"height":800,"url":"https:\/\/idakorea.ee\/wp-content\/uploads\/2025\/03\/carenel-lip-mask-idakorea.webp","type":"image\/webp"}],"twitter_card":"summary_large_image","twitter_misc":{"Est. reading time":"1 minute"},"schema":{"@context":"https:\/\/schema.org","@graph":[{"@type":"WebPage","@id":"https:\/\/idakorea.ee\/product\/huulemask-carenel-lime-lip-night-mask-5g\/","url":"https:\/\/idakorea.ee\/product\/huulemask-carenel-lime-lip-night-mask-5g\/","name":"Lip Mask Care:Nel Lime Lip Night Mask, 5g - IDA.KOREA","isPartOf":{"@id":"https:\/\/idakorea.ee\/#website"},"primaryImageOfPage":{"@id":"https:\/\/idakorea.ee\/product\/huulemask-carenel-lime-lip-night-mask-5g\/#primaryimage"},"image":{"@id":"https:\/\/idakorea.ee\/product\/huulemask-carenel-lime-lip-night-mask-5g\/#primaryimage"},"thumbnailUrl":"https:\/\/idakorea.ee\/wp-content\/uploads\/2025\/03\/carenel-lip-mask-idakorea.webp","datePublished":"2025-03-22T12:09:23+00:00","dateModified":"2026-03-15T23:18:22+00:00","description":"Care:Nel Lime Lip Night Mask is an intensely nourishing and moisturizing lip mask that cares for delicate skin while you sleep. The mask can also be used as a balm during the day.","breadcrumb":{"@id":"https:\/\/idakorea.ee\/product\/huulemask-carenel-lime-lip-night-mask-5g\/#breadcrumb"},"inLanguage":"en-US","potentialAction":[{"@type":"ReadAction","target":["https:\/\/idakorea.ee\/product\/huulemask-carenel-lime-lip-night-mask-5g\/"]}]},{"@type":"ImageObject","inLanguage":"en-US","@id":"https:\/\/idakorea.ee\/product\/huulemask-carenel-lime-lip-night-mask-5g\/#primaryimage","url":"https:\/\/idakorea.ee\/wp-content\/uploads\/2025\/03\/carenel-lip-mask-idakorea.webp","contentUrl":"https:\/\/idakorea.ee\/wp-content\/uploads\/2025\/03\/carenel-lip-mask-idakorea.webp","width":800,"height":800},{"@type":"BreadcrumbList","@id":"https:\/\/idakorea.ee\/product\/huulemask-carenel-lime-lip-night-mask-5g\/#breadcrumb","itemListElement":[{"@type":"ListItem","position":1,"name":"\u0413\u043b\u0430\u0432\u043d\u0430\u044f \u0441\u0442\u0440\u0430\u043d\u0438\u0446\u0430","item":"https:\/\/idakorea.ee\/"},{"@type":"ListItem","position":2,"name":"Shop","item":"https:\/\/idakorea.ee\/shop-2\/"},{"@type":"ListItem","position":3,"name":"Huulemask Care:Nel Lime Lip Night Mask, 5g"}]},{"@type":"WebSite","@id":"https:\/\/idakorea.ee\/#website","url":"https:\/\/idakorea.ee\/","name":"IDA.KOREA","description":"Korean cosmetics e-shop","publisher":{"@id":"https:\/\/idakorea.ee\/#organization"},"alternateName":"Beauty Shop","potentialAction":[{"@type":"SearchAction","target":{"@type":"EntryPoint","urlTemplate":"https:\/\/idakorea.ee\/?s={search_term_string}"},"query-input":{"@type":"PropertyValueSpecification","valueRequired":true,"valueName":"search_term_string"}}],"inLanguage":"en-US"},{"@type":"Organization","@id":"https:\/\/idakorea.ee\/#organization","name":"IDA.KOREA","url":"https:\/\/idakorea.ee\/","logo":{"@type":"ImageObject","inLanguage":"en-US","@id":"https:\/\/idakorea.ee\/#\/schema\/logo\/image\/","url":"https:\/\/idakorea.ee\/wp-content\/uploads\/2024\/05\/cropped-korea3.png","contentUrl":"https:\/\/idakorea.ee\/wp-content\/uploads\/2024\/05\/cropped-korea3.png","width":688,"height":126,"caption":"IDA.KOREA"},"image":{"@id":"https:\/\/idakorea.ee\/#\/schema\/logo\/image\/"},"sameAs":["https:\/\/www.instagram.com\/ida.korea\/"]}]}},"jetpack_sharing_enabled":true,"brands":[{"id":675,"name":"CARE:NEL","slug":"carenel"}],"_links":{"self":[{"href":"https:\/\/idakorea.ee\/en\/wp-json\/wp\/v2\/product\/13267","targetHints":{"allow":["GET"]}}],"collection":[{"href":"https:\/\/idakorea.ee\/en\/wp-json\/wp\/v2\/product"}],"about":[{"href":"https:\/\/idakorea.ee\/en\/wp-json\/wp\/v2\/types\/product"}],"replies":[{"embeddable":true,"href":"https:\/\/idakorea.ee\/en\/wp-json\/wp\/v2\/comments?post=13267"}],"version-history":[{"count":2,"href":"https:\/\/idakorea.ee\/en\/wp-json\/wp\/v2\/product\/13267\/revisions"}],"predecessor-version":[{"id":13280,"href":"https:\/\/idakorea.ee\/en\/wp-json\/wp\/v2\/product\/13267\/revisions\/13280"}],"wp:featuredmedia":[{"embeddable":true,"href":"https:\/\/idakorea.ee\/en\/wp-json\/wp\/v2\/media\/13268"}],"wp:attachment":[{"href":"https:\/\/idakorea.ee\/en\/wp-json\/wp\/v2\/media?parent=13267"}],"wp:term":[{"taxonomy":"pwb-brand","embeddable":true,"href":"https:\/\/idakorea.ee\/en\/wp-json\/wp\/v2\/pwb-brand?post=13267"},{"taxonomy":"product_brand","embeddable":true,"href":"https:\/\/idakorea.ee\/en\/wp-json\/wp\/v2\/product_brand?post=13267"},{"taxonomy":"product_cat","embeddable":true,"href":"https:\/\/idakorea.ee\/en\/wp-json\/wp\/v2\/product_cat?post=13267"},{"taxonomy":"product_tag","embeddable":true,"href":"https:\/\/idakorea.ee\/en\/wp-json\/wp\/v2\/product_tag?post=13267"}],"curies":[{"name":"wp","href":"https:\/\/api.w.org\/{rel}","templated":true}]}}