{"id":13281,"date":"2025-03-24T15:22:24","date_gmt":"2025-03-24T13:22:24","guid":{"rendered":"https:\/\/idakorea.ee\/?post_type=product&#038;p=13281"},"modified":"2026-04-06T08:33:02","modified_gmt":"2026-04-06T06:33:02","slug":"valgendav-seerum-axis-y-dark-spot-correcting-glow-serum-5ml","status":"publish","type":"product","link":"https:\/\/idakorea.ee\/en\/product\/valgendav-seerum-axis-y-dark-spot-correcting-glow-serum-5ml\/","title":{"rendered":"AXIS-Y Dark Spot Correcting Glow Serum, 5ml EXP 29.05.2026"},"content":{"rendered":"<div class=\"markdown prose w-full break-words dark:prose-invert light\">\n<p><strong>Whitening Serum AXIS-Y Dark Spot Correcting Glow Serum<\/strong>\u00a0evens the complexion, lightens hyperpigmentation, dark spots, acne scars and signs of photo-ageing.<\/p>\n<p>Moisturizes and softens the skin without causing irritation, acting gently. Provides an even complexion and healthy glow, improves skin texture. Prevents the formation of new pigmentation spots.<\/p>\n<p>The serum has a light texture and absorbs perfectly. The product is packaged in a dosage tube, which makes it hygienic and convenient to use.<\/p>\n<p>The main active ingredient of the serum is 5% niacinamide, a universal ingredient with a whitening effect in an effective concentration. Niacinamide prevents the transport of melanin pigment into the upper layers of the skin, brightening the skin, strengthening the epidermis's natural protective barrier, normalising oil secretion and stimulating collagen production.<\/p>\n<p><strong>Additional active substances:<\/strong><\/p>\n<p><strong>Erythritol<\/strong>\u00a0gives the product a cooling effect, has a strong soothing effect, effectively combats itching and irritation, helps retain moisture.<\/p>\n<\/div>\n<div class=\"markdown prose w-full break-words dark:prose-invert light\"><strong>Vegetable skvalaan<\/strong>\u00a0- antioxidant, intensively moisturises and prevents dryness, accelerates healing and prevents premature ageing.<\/div>\n<div class=\"markdown prose w-full break-words dark:prose-invert light\"><strong>Sea buckthorn extract<\/strong>\u00a0is rich in vitamin C. It gently brightens and evens the complexion, providing antioxidant protection to cells.<\/div>\n<div class=\"markdown prose w-full break-words dark:prose-invert light\"><strong>Papaya extract<\/strong>\u00a0provides gentle but effective cleansing and exfoliation. It has a whitening effect that evens the overall tone and improves complexion.<\/div>\n<div class=\"markdown prose w-full break-words dark:prose-invert light\"><strong>Glutathione<\/strong>\u00a0- antioxidant and whitening agent that lightens pigmentation and acne scars, smoothes wrinkles, improves skin elasticity, stimulates regeneration, slows down the ageing process and fights redness.<\/div>\n<div class=\"markdown prose w-full break-words dark:prose-invert light\"><strong>Acerola (Barbados cherry extract)<\/strong>\u00a0is rich in vitamin C, mineral salts, proteins and flavonoids. It has high antioxidant activity. Increases skin elasticity and slows down the ageing process, removes redness, strengthens blood vessels, lightens pigmentation and improves overall skin tone.<\/div>\n<div class=\"markdown prose w-full break-words dark:prose-invert light\"><strong>Rice bran extract<\/strong>\u00a0evens tone, reduces redness, maintains skin purity and elasticity.<\/div>\n<div class=\"markdown prose w-full break-words dark:prose-invert light\"><strong>Allantoiin<\/strong>\u00a0softens the skin, speeds up healing, has antioxidant properties and helps reduce skin reactivity.<\/div>\n<div class=\"markdown prose w-full break-words dark:prose-invert light\"><strong>Arginia<\/strong>\u00a0- an amino acid that improves circulation, enhances protective functions, provides elasticity, activates collagen and elastin production and promotes wound healing.<\/div>\n<div class=\"markdown prose w-full break-words dark:prose-invert light\"><strong>Sodium hyaluronate<\/strong>\u00a0- low molecular weight hyaluronic acid. Penetrates deep into the stratum corneum, intensively moisturises, improves elasticity and smoothes the skin's surface.<\/div>\n<div><\/div>\n<div><\/div>\n<div><\/div>\n<div class=\"markdown prose w-full break-words dark:prose-invert light\">Suitable for all skin types.<\/div>\n<div class=\"markdown prose w-full break-words dark:prose-invert light\">\n<p>&nbsp;<\/p>\n<p><strong>User manual:<\/strong>\u00a0After cleansing and toning, apply the serum to the face and distribute evenly over the skin.<\/p>\n<\/div>","protected":false},"excerpt":{"rendered":"<p>AXIS-Y Dark Spot Correcting Glow Serum evens the complexion, brightens hyperpigmentation, dark spots, acne scars and signs of photo-ageing. Moisturizes and softens the skin without causing irritation, acting gently. Provides an even complexion and a healthy glow, improves skin texture. Prevents the appearance of new pigmentation spots. The serum has a light texture and is perfectly absorbed. The product is packaged in a dosage tube, which makes it hygienic to use....<\/p>","protected":false},"featured_media":13282,"comment_status":"open","ping_status":"closed","template":"","meta":{"_uf_show_specific_survey":0,"_uf_disable_surveys":false,"_bst_post_transparent":"default","_bst_post_title":"","_bst_post_layout":"default","_bst_post_sidebar_id":"","_bst_post_content_style":"default","_bst_post_vertical_padding":"default","_bst_post_feature":"","_bst_post_feature_position":"","_bst_post_header":false,"_bst_post_footer":false},"pwb-brand":[565],"product_brand":[],"product_cat":[92,97],"product_tag":[618,567],"class_list":{"0":"post-13281","1":"product","2":"type-product","3":"status-publish","4":"has-post-thumbnail","6":"pwb-brand-axis-y","7":"product_cat-nagu","8":"product_cat-naoseerumid-ja-olid","9":"product_tag-axis-y","10":"product_tag-glow","12":"first","13":"instock","14":"sale","15":"shipping-taxable","16":"purchasable","17":"product-type-simple","18":"entry","19":"content-bg","20":"loop-entry"},"supplier_id":null,"supplier_sku":"","barcode":null,"atum_controlled":true,"out_stock_date":null,"out_stock_threshold":null,"inheritable":false,"inbound_stock":0,"stock_on_hold":0,"sold_today":0,"sales_last_days":1,"out_stock_days":0,"lost_sales":0,"has_location":false,"update_date":"2026-04-14T00:05:11","atum_locations":[],"atum_stock_status":"instock","restock_status":false,"low_stock_amount":"","sales_update_date":"2026-04-14T00:05:11","calc_backorders":null,"yoast_head":"<!-- This site is optimized with the Yoast SEO plugin v27.2 - https:\/\/yoast.com\/product\/yoast-seo-wordpress\/ -->\n<title>Valgendav seerum AXIS-Y Dark Spot Correcting Glow Serum, 5ml EXP 29.05.2026 - IDA.KOREA<\/title>\n<meta name=\"robots\" content=\"index, follow, max-snippet:-1, max-image-preview:large, max-video-preview:-1\" \/>\n<link rel=\"canonical\" href=\"https:\/\/idakorea.ee\/en\/product\/valgendav-seerum-axis-y-dark-spot-correcting-glow-serum-5ml\/\" \/>\n<meta property=\"og:locale\" content=\"en_US\" \/>\n<meta property=\"og:type\" content=\"article\" \/>\n<meta property=\"og:title\" content=\"Valgendav seerum AXIS-Y Dark Spot Correcting Glow Serum, 5ml EXP 29.05.2026 - IDA.KOREA\" \/>\n<meta property=\"og:description\" content=\"Valgendav seerum AXIS-Y Dark Spot Correcting Glow Serum\u00a0\u00fchtlustab n\u00e4onahatooni, helendab h\u00fcperpigmentatsiooni, tedret\u00e4ppe, aknearme ja fotovananemise m\u00e4rke. Niisutab ja pehmendab nahka, p\u00f5hjustamata \u00e4rritust, toimides \u00f5rnalt. Annab \u00fchtlase jume ja tervisliku s\u00e4ra, parandab naha tekstuuri. Hoiab \u00e4ra uute pigmendilaikude tekkimise. Seerumil on kerge tekstuur ja see imendub suurep\u00e4raselt. Toode on pakendatud doseerimistorusse, mis muudab selle kasutamise h\u00fcgieeniliseks...\" \/>\n<meta property=\"og:url\" content=\"https:\/\/idakorea.ee\/en\/product\/valgendav-seerum-axis-y-dark-spot-correcting-glow-serum-5ml\/\" \/>\n<meta property=\"og:site_name\" content=\"IDA.KOREA\" \/>\n<meta property=\"article:modified_time\" content=\"2026-04-06T06:33:02+00:00\" \/>\n<meta property=\"og:image\" content=\"https:\/\/idakorea.ee\/wp-content\/uploads\/2025\/03\/axis-y-glow-serum-idakorea.jpg\" \/>\n\t<meta property=\"og:image:width\" content=\"1024\" \/>\n\t<meta property=\"og:image:height\" content=\"1024\" \/>\n\t<meta property=\"og:image:type\" content=\"image\/jpeg\" \/>\n<meta name=\"twitter:card\" content=\"summary_large_image\" \/>\n<meta name=\"twitter:label1\" content=\"Est. reading time\" \/>\n\t<meta name=\"twitter:data1\" content=\"2 minutes\" \/>\n<script type=\"application\/ld+json\" class=\"yoast-schema-graph\">{\"@context\":\"https:\/\/schema.org\",\"@graph\":[{\"@type\":\"WebPage\",\"@id\":\"https:\/\/idakorea.ee\/product\/valgendav-seerum-axis-y-dark-spot-correcting-glow-serum-5ml\/\",\"url\":\"https:\/\/idakorea.ee\/product\/valgendav-seerum-axis-y-dark-spot-correcting-glow-serum-5ml\/\",\"name\":\"Valgendav seerum AXIS-Y Dark Spot Correcting Glow Serum, 5ml EXP 29.05.2026 - IDA.KOREA\",\"isPartOf\":{\"@id\":\"https:\/\/idakorea.ee\/#website\"},\"primaryImageOfPage\":{\"@id\":\"https:\/\/idakorea.ee\/product\/valgendav-seerum-axis-y-dark-spot-correcting-glow-serum-5ml\/#primaryimage\"},\"image\":{\"@id\":\"https:\/\/idakorea.ee\/product\/valgendav-seerum-axis-y-dark-spot-correcting-glow-serum-5ml\/#primaryimage\"},\"thumbnailUrl\":\"https:\/\/idakorea.ee\/wp-content\/uploads\/2025\/03\/axis-y-glow-serum-idakorea.jpg\",\"datePublished\":\"2025-03-24T13:22:24+00:00\",\"dateModified\":\"2026-04-06T06:33:02+00:00\",\"breadcrumb\":{\"@id\":\"https:\/\/idakorea.ee\/product\/valgendav-seerum-axis-y-dark-spot-correcting-glow-serum-5ml\/#breadcrumb\"},\"inLanguage\":\"en-US\",\"potentialAction\":[{\"@type\":\"ReadAction\",\"target\":[\"https:\/\/idakorea.ee\/product\/valgendav-seerum-axis-y-dark-spot-correcting-glow-serum-5ml\/\"]}]},{\"@type\":\"ImageObject\",\"inLanguage\":\"en-US\",\"@id\":\"https:\/\/idakorea.ee\/product\/valgendav-seerum-axis-y-dark-spot-correcting-glow-serum-5ml\/#primaryimage\",\"url\":\"https:\/\/idakorea.ee\/wp-content\/uploads\/2025\/03\/axis-y-glow-serum-idakorea.jpg\",\"contentUrl\":\"https:\/\/idakorea.ee\/wp-content\/uploads\/2025\/03\/axis-y-glow-serum-idakorea.jpg\",\"width\":1024,\"height\":1024},{\"@type\":\"BreadcrumbList\",\"@id\":\"https:\/\/idakorea.ee\/product\/valgendav-seerum-axis-y-dark-spot-correcting-glow-serum-5ml\/#breadcrumb\",\"itemListElement\":[{\"@type\":\"ListItem\",\"position\":1,\"name\":\"\u0413\u043b\u0430\u0432\u043d\u0430\u044f \u0441\u0442\u0440\u0430\u043d\u0438\u0446\u0430\",\"item\":\"https:\/\/idakorea.ee\/\"},{\"@type\":\"ListItem\",\"position\":2,\"name\":\"Shop\",\"item\":\"https:\/\/idakorea.ee\/shop-2\/\"},{\"@type\":\"ListItem\",\"position\":3,\"name\":\"Valgendav seerum AXIS-Y Dark Spot Correcting Glow Serum, 5ml EXP 29.05.2026\"}]},{\"@type\":\"WebSite\",\"@id\":\"https:\/\/idakorea.ee\/#website\",\"url\":\"https:\/\/idakorea.ee\/\",\"name\":\"IDA.KOREA\",\"description\":\"Korea kosmeetika e-pood\",\"publisher\":{\"@id\":\"https:\/\/idakorea.ee\/#organization\"},\"alternateName\":\"Beauty Shop\",\"potentialAction\":[{\"@type\":\"SearchAction\",\"target\":{\"@type\":\"EntryPoint\",\"urlTemplate\":\"https:\/\/idakorea.ee\/?s={search_term_string}\"},\"query-input\":{\"@type\":\"PropertyValueSpecification\",\"valueRequired\":true,\"valueName\":\"search_term_string\"}}],\"inLanguage\":\"en-US\"},{\"@type\":\"Organization\",\"@id\":\"https:\/\/idakorea.ee\/#organization\",\"name\":\"IDA.KOREA\",\"url\":\"https:\/\/idakorea.ee\/\",\"logo\":{\"@type\":\"ImageObject\",\"inLanguage\":\"en-US\",\"@id\":\"https:\/\/idakorea.ee\/#\/schema\/logo\/image\/\",\"url\":\"https:\/\/idakorea.ee\/wp-content\/uploads\/2024\/05\/cropped-korea3.png\",\"contentUrl\":\"https:\/\/idakorea.ee\/wp-content\/uploads\/2024\/05\/cropped-korea3.png\",\"width\":688,\"height\":126,\"caption\":\"IDA.KOREA\"},\"image\":{\"@id\":\"https:\/\/idakorea.ee\/#\/schema\/logo\/image\/\"},\"sameAs\":[\"https:\/\/www.instagram.com\/ida.korea\/\"]}]}<\/script>\n<!-- \/ Yoast SEO plugin. -->","yoast_head_json":{"title":"Whitening serum AXIS-Y Dark Spot Correcting Glow Serum, 5ml EXP 29.05.2026 - EAST KOREA","robots":{"index":"index","follow":"follow","max-snippet":"max-snippet:-1","max-image-preview":"max-image-preview:large","max-video-preview":"max-video-preview:-1"},"canonical":"https:\/\/idakorea.ee\/en\/product\/valgendav-seerum-axis-y-dark-spot-correcting-glow-serum-5ml\/","og_locale":"en_US","og_type":"article","og_title":"Valgendav seerum AXIS-Y Dark Spot Correcting Glow Serum, 5ml EXP 29.05.2026 - IDA.KOREA","og_description":"Valgendav seerum AXIS-Y Dark Spot Correcting Glow Serum\u00a0\u00fchtlustab n\u00e4onahatooni, helendab h\u00fcperpigmentatsiooni, tedret\u00e4ppe, aknearme ja fotovananemise m\u00e4rke. Niisutab ja pehmendab nahka, p\u00f5hjustamata \u00e4rritust, toimides \u00f5rnalt. Annab \u00fchtlase jume ja tervisliku s\u00e4ra, parandab naha tekstuuri. Hoiab \u00e4ra uute pigmendilaikude tekkimise. Seerumil on kerge tekstuur ja see imendub suurep\u00e4raselt. Toode on pakendatud doseerimistorusse, mis muudab selle kasutamise h\u00fcgieeniliseks...","og_url":"https:\/\/idakorea.ee\/en\/product\/valgendav-seerum-axis-y-dark-spot-correcting-glow-serum-5ml\/","og_site_name":"IDA.KOREA","article_modified_time":"2026-04-06T06:33:02+00:00","og_image":[{"width":1024,"height":1024,"url":"https:\/\/idakorea.ee\/wp-content\/uploads\/2025\/03\/axis-y-glow-serum-idakorea.jpg","type":"image\/jpeg"}],"twitter_card":"summary_large_image","twitter_misc":{"Est. reading time":"2 minutes"},"schema":{"@context":"https:\/\/schema.org","@graph":[{"@type":"WebPage","@id":"https:\/\/idakorea.ee\/product\/valgendav-seerum-axis-y-dark-spot-correcting-glow-serum-5ml\/","url":"https:\/\/idakorea.ee\/product\/valgendav-seerum-axis-y-dark-spot-correcting-glow-serum-5ml\/","name":"Whitening serum AXIS-Y Dark Spot Correcting Glow Serum, 5ml EXP 29.05.2026 - EAST KOREA","isPartOf":{"@id":"https:\/\/idakorea.ee\/#website"},"primaryImageOfPage":{"@id":"https:\/\/idakorea.ee\/product\/valgendav-seerum-axis-y-dark-spot-correcting-glow-serum-5ml\/#primaryimage"},"image":{"@id":"https:\/\/idakorea.ee\/product\/valgendav-seerum-axis-y-dark-spot-correcting-glow-serum-5ml\/#primaryimage"},"thumbnailUrl":"https:\/\/idakorea.ee\/wp-content\/uploads\/2025\/03\/axis-y-glow-serum-idakorea.jpg","datePublished":"2025-03-24T13:22:24+00:00","dateModified":"2026-04-06T06:33:02+00:00","breadcrumb":{"@id":"https:\/\/idakorea.ee\/product\/valgendav-seerum-axis-y-dark-spot-correcting-glow-serum-5ml\/#breadcrumb"},"inLanguage":"en-US","potentialAction":[{"@type":"ReadAction","target":["https:\/\/idakorea.ee\/product\/valgendav-seerum-axis-y-dark-spot-correcting-glow-serum-5ml\/"]}]},{"@type":"ImageObject","inLanguage":"en-US","@id":"https:\/\/idakorea.ee\/product\/valgendav-seerum-axis-y-dark-spot-correcting-glow-serum-5ml\/#primaryimage","url":"https:\/\/idakorea.ee\/wp-content\/uploads\/2025\/03\/axis-y-glow-serum-idakorea.jpg","contentUrl":"https:\/\/idakorea.ee\/wp-content\/uploads\/2025\/03\/axis-y-glow-serum-idakorea.jpg","width":1024,"height":1024},{"@type":"BreadcrumbList","@id":"https:\/\/idakorea.ee\/product\/valgendav-seerum-axis-y-dark-spot-correcting-glow-serum-5ml\/#breadcrumb","itemListElement":[{"@type":"ListItem","position":1,"name":"\u0413\u043b\u0430\u0432\u043d\u0430\u044f \u0441\u0442\u0440\u0430\u043d\u0438\u0446\u0430","item":"https:\/\/idakorea.ee\/"},{"@type":"ListItem","position":2,"name":"Shop","item":"https:\/\/idakorea.ee\/shop-2\/"},{"@type":"ListItem","position":3,"name":"Valgendav seerum AXIS-Y Dark Spot Correcting Glow Serum, 5ml EXP 29.05.2026"}]},{"@type":"WebSite","@id":"https:\/\/idakorea.ee\/#website","url":"https:\/\/idakorea.ee\/","name":"IDA.KOREA","description":"Korean cosmetics e-shop","publisher":{"@id":"https:\/\/idakorea.ee\/#organization"},"alternateName":"Beauty Shop","potentialAction":[{"@type":"SearchAction","target":{"@type":"EntryPoint","urlTemplate":"https:\/\/idakorea.ee\/?s={search_term_string}"},"query-input":{"@type":"PropertyValueSpecification","valueRequired":true,"valueName":"search_term_string"}}],"inLanguage":"en-US"},{"@type":"Organization","@id":"https:\/\/idakorea.ee\/#organization","name":"IDA.KOREA","url":"https:\/\/idakorea.ee\/","logo":{"@type":"ImageObject","inLanguage":"en-US","@id":"https:\/\/idakorea.ee\/#\/schema\/logo\/image\/","url":"https:\/\/idakorea.ee\/wp-content\/uploads\/2024\/05\/cropped-korea3.png","contentUrl":"https:\/\/idakorea.ee\/wp-content\/uploads\/2024\/05\/cropped-korea3.png","width":688,"height":126,"caption":"IDA.KOREA"},"image":{"@id":"https:\/\/idakorea.ee\/#\/schema\/logo\/image\/"},"sameAs":["https:\/\/www.instagram.com\/ida.korea\/"]}]}},"jetpack_sharing_enabled":true,"brands":[{"id":565,"name":"AXIS-Y","slug":"axis-y"}],"_links":{"self":[{"href":"https:\/\/idakorea.ee\/en\/wp-json\/wp\/v2\/product\/13281","targetHints":{"allow":["GET"]}}],"collection":[{"href":"https:\/\/idakorea.ee\/en\/wp-json\/wp\/v2\/product"}],"about":[{"href":"https:\/\/idakorea.ee\/en\/wp-json\/wp\/v2\/types\/product"}],"replies":[{"embeddable":true,"href":"https:\/\/idakorea.ee\/en\/wp-json\/wp\/v2\/comments?post=13281"}],"version-history":[{"count":3,"href":"https:\/\/idakorea.ee\/en\/wp-json\/wp\/v2\/product\/13281\/revisions"}],"predecessor-version":[{"id":17922,"href":"https:\/\/idakorea.ee\/en\/wp-json\/wp\/v2\/product\/13281\/revisions\/17922"}],"wp:featuredmedia":[{"embeddable":true,"href":"https:\/\/idakorea.ee\/en\/wp-json\/wp\/v2\/media\/13282"}],"wp:attachment":[{"href":"https:\/\/idakorea.ee\/en\/wp-json\/wp\/v2\/media?parent=13281"}],"wp:term":[{"taxonomy":"pwb-brand","embeddable":true,"href":"https:\/\/idakorea.ee\/en\/wp-json\/wp\/v2\/pwb-brand?post=13281"},{"taxonomy":"product_brand","embeddable":true,"href":"https:\/\/idakorea.ee\/en\/wp-json\/wp\/v2\/product_brand?post=13281"},{"taxonomy":"product_cat","embeddable":true,"href":"https:\/\/idakorea.ee\/en\/wp-json\/wp\/v2\/product_cat?post=13281"},{"taxonomy":"product_tag","embeddable":true,"href":"https:\/\/idakorea.ee\/en\/wp-json\/wp\/v2\/product_tag?post=13281"}],"curies":[{"name":"wp","href":"https:\/\/api.w.org\/{rel}","templated":true}]}}