{"id":13288,"date":"2025-03-25T10:22:37","date_gmt":"2025-03-25T08:22:37","guid":{"rendered":"https:\/\/idakorea.ee\/?post_type=product&#038;p=13288"},"modified":"2026-02-03T19:17:50","modified_gmt":"2026-02-03T17:17:50","slug":"goodal-green-tangerine-vita-c-eye-gel-patch","status":"publish","type":"product","link":"https:\/\/idakorea.ee\/en\/product\/goodal-green-tangerine-vita-c-eye-gel-patch\/","title":{"rendered":"Brightening Eye Patches Goodal Green Tangerine Vita C Eye Gel Patch"},"content":{"rendered":"<p><strong>Goodal Green Tangerine Vita C Eye Gel Patch<\/strong> eye patches tone, refresh and moisturise the skin, reducing hyperpigmentation and dark circles, giving a rested, fresh look and helping to reduce puffiness.<\/p>\n<p>The patches even out skin tone, brighten pigmentation, nourish and soften skin, making it more supple and smooth. The gel-like texture, combined with the embossed side, ensures a tight grip on the skin without slipping, allowing you to go about your daily activities while the patches work.<\/p>\n<p>The patches have a hypoallergenic formulation, are non-irritating and suitable for daily use.<\/p>\n<p><strong>Main active ingredients:<\/strong><\/p>\n<p><strong>Tangerine extract (150 ppm)<\/strong> - obtained by cold pressing, retaining maximum beneficial substances. The extract comes from hand-picked fruits from Jeju Island, and is rich in vitamin C, which strengthens and firms the skin and reduces hyperpigmentation.<\/p>\n<p><strong>Ascorbyl glucoside (100 ppm)<\/strong> - a stable and fat-soluble form of vitamin C that penetrates deeper into the skin, stimulates collagen production, brightens pigmentation and provides antioxidant protection, slowing down the skin's ageing process.<\/p>\n<p>&nbsp;<\/p>\n<p><strong>Additional active ingredients:<\/strong><\/p>\n<ul>\n<li><strong>Niacinamide (vitamin B3)<\/strong> - evens skin tone, improves complexion, stimulates collagen production and reduces melanin transport, contributing to a brighter complexion.<\/li>\n<li><strong>Arbutiin<\/strong> - a powerful skin-brightening ingredient that reduces pigmentation and inhibits the synthesis of melanin for a clearer, more even complexion.<\/li>\n<li><strong>Flower and leaf extract of neem tree<\/strong> - soothes and restores the skin, has anti-inflammatory and antiseptic properties, leaving it silky smooth.<\/li>\n<li><strong>Red vetch (Corallina officinalis) extract<\/strong> - reduces swelling and stimulates collagen production, tones the skin, speeds up recovery and combats oxidative stress.<\/li>\n<li><strong>Adenos<\/strong> - an effective anti-ageing ingredient that stimulates collagen synthesis, improves skin elasticity and firmness, smoothes and firms.<\/li>\n<li><strong>Saharoos<\/strong> - maintains the skin's moisture balance and prevents moisture loss.<\/li>\n<li><strong>Lemon, orange and bergamot oil<\/strong> - nourish and soften the skin and have antioxidant and detoxifying properties.<\/li>\n<li><strong>Irish moss (carrageenan) extract<\/strong> - a powerful antioxidant that protects skin cells from free radical damage, strengthens the skin's protective barrier and slows down the ageing process.<\/li>\n<\/ul>\n<p>&nbsp;<\/p>\n<p><strong>User manual: <\/strong>After cleansing the face and applying the toner, apply the patches to dry skin under the eyes. Leave on for 15-20 minutes. Remove the patches and gently press the serum residue into the skin with your fingertips. For a stronger cooling and anti-puffiness effect, store the patches in the refrigerator before use.<\/p>\n<p>&nbsp;<\/p>","protected":false},"excerpt":{"rendered":"<p>Goodal Green Tangerine Vita C Eye Gel Patches tone, refresh and moisturise the skin, reduce hyperpigmentation and dark circles, giving the eyes a rested, fresh look and helping to reduce puffiness. The patches even out skin tone, brighten pigmentation, nourish and soften the skin, making it more supple and smooth. The gel-like texture, with its embossed side, ensures a tight grip on the skin without slipping, allowing...<\/p>","protected":false},"featured_media":13289,"comment_status":"open","ping_status":"closed","template":"","meta":{"_uf_show_specific_survey":0,"_uf_disable_surveys":false,"_bst_post_transparent":"default","_bst_post_title":"","_bst_post_layout":"default","_bst_post_sidebar_id":"","_bst_post_content_style":"default","_bst_post_vertical_padding":"default","_bst_post_feature":"","_bst_post_feature_position":"","_bst_post_header":false,"_bst_post_footer":false},"pwb-brand":[858],"product_brand":[],"product_cat":[92,385],"product_tag":[859,860],"class_list":{"0":"post-13288","1":"product","2":"type-product","3":"status-publish","4":"has-post-thumbnail","6":"pwb-brand-goodal","7":"product_cat-nagu","8":"product_cat-silmapadjad","9":"product_tag-goodal","10":"product_tag-patch","12":"first","13":"instock","14":"sale","15":"shipping-taxable","16":"purchasable","17":"product-type-simple","18":"entry","19":"content-bg","20":"loop-entry"},"supplier_id":null,"supplier_sku":"","barcode":null,"atum_controlled":true,"out_stock_date":null,"out_stock_threshold":null,"inheritable":false,"inbound_stock":0,"stock_on_hold":0,"sold_today":0,"sales_last_days":0,"out_stock_days":0,"lost_sales":0,"has_location":false,"update_date":"2026-04-14T00:05:07","atum_locations":[],"atum_stock_status":"instock","restock_status":false,"low_stock_amount":"","sales_update_date":"2026-04-14T00:05:07","calc_backorders":null,"yoast_head":"<!-- This site is optimized with the Yoast SEO plugin v27.2 - https:\/\/yoast.com\/product\/yoast-seo-wordpress\/ -->\n<title>Heledust andvad silmaplaastrid Goodal Green Tangerine Vita C Eye Gel Patch - IDA.KOREA<\/title>\n<meta name=\"description\" content=\"Goodal Green Tangerine Vita C Eye Gel Patch silmaplaastrid toniseerivad, v\u00e4rskendavad ja niisutavad nahka, v\u00e4hendavad h\u00fcperpigmentatsiooni ja tumedaid silmaaluseid\" \/>\n<meta name=\"robots\" content=\"index, follow, max-snippet:-1, max-image-preview:large, max-video-preview:-1\" \/>\n<link rel=\"canonical\" href=\"https:\/\/idakorea.ee\/en\/product\/goodal-green-tangerine-vita-c-eye-gel-patch\/\" \/>\n<meta property=\"og:locale\" content=\"en_US\" \/>\n<meta property=\"og:type\" content=\"article\" \/>\n<meta property=\"og:title\" content=\"Heledust andvad silmaplaastrid Goodal Green Tangerine Vita C Eye Gel Patch - IDA.KOREA\" \/>\n<meta property=\"og:description\" content=\"Goodal Green Tangerine Vita C Eye Gel Patch silmaplaastrid toniseerivad, v\u00e4rskendavad ja niisutavad nahka, v\u00e4hendavad h\u00fcperpigmentatsiooni ja tumedaid silmaaluseid\" \/>\n<meta property=\"og:url\" content=\"https:\/\/idakorea.ee\/en\/product\/goodal-green-tangerine-vita-c-eye-gel-patch\/\" \/>\n<meta property=\"og:site_name\" content=\"IDA.KOREA\" \/>\n<meta property=\"article:modified_time\" content=\"2026-02-03T17:17:50+00:00\" \/>\n<meta property=\"og:image\" content=\"https:\/\/idakorea.ee\/wp-content\/uploads\/2025\/03\/goodal_-_green-tangerine-vita-c-eye-gel-patch.jpg\" \/>\n\t<meta property=\"og:image:width\" content=\"1000\" \/>\n\t<meta property=\"og:image:height\" content=\"1000\" \/>\n\t<meta property=\"og:image:type\" content=\"image\/jpeg\" \/>\n<meta name=\"twitter:card\" content=\"summary_large_image\" \/>\n<meta name=\"twitter:label1\" content=\"Est. reading time\" \/>\n\t<meta name=\"twitter:data1\" content=\"2 minutes\" \/>\n<script type=\"application\/ld+json\" class=\"yoast-schema-graph\">{\"@context\":\"https:\/\/schema.org\",\"@graph\":[{\"@type\":\"WebPage\",\"@id\":\"https:\/\/idakorea.ee\/product\/goodal-green-tangerine-vita-c-eye-gel-patch\/\",\"url\":\"https:\/\/idakorea.ee\/product\/goodal-green-tangerine-vita-c-eye-gel-patch\/\",\"name\":\"Heledust andvad silmaplaastrid Goodal Green Tangerine Vita C Eye Gel Patch - IDA.KOREA\",\"isPartOf\":{\"@id\":\"https:\/\/idakorea.ee\/#website\"},\"primaryImageOfPage\":{\"@id\":\"https:\/\/idakorea.ee\/product\/goodal-green-tangerine-vita-c-eye-gel-patch\/#primaryimage\"},\"image\":{\"@id\":\"https:\/\/idakorea.ee\/product\/goodal-green-tangerine-vita-c-eye-gel-patch\/#primaryimage\"},\"thumbnailUrl\":\"https:\/\/idakorea.ee\/wp-content\/uploads\/2025\/03\/goodal_-_green-tangerine-vita-c-eye-gel-patch.jpg\",\"datePublished\":\"2025-03-25T08:22:37+00:00\",\"dateModified\":\"2026-02-03T17:17:50+00:00\",\"description\":\"Goodal Green Tangerine Vita C Eye Gel Patch silmaplaastrid toniseerivad, v\u00e4rskendavad ja niisutavad nahka, v\u00e4hendavad h\u00fcperpigmentatsiooni ja tumedaid silmaaluseid\",\"breadcrumb\":{\"@id\":\"https:\/\/idakorea.ee\/product\/goodal-green-tangerine-vita-c-eye-gel-patch\/#breadcrumb\"},\"inLanguage\":\"en-US\",\"potentialAction\":[{\"@type\":\"ReadAction\",\"target\":[\"https:\/\/idakorea.ee\/product\/goodal-green-tangerine-vita-c-eye-gel-patch\/\"]}]},{\"@type\":\"ImageObject\",\"inLanguage\":\"en-US\",\"@id\":\"https:\/\/idakorea.ee\/product\/goodal-green-tangerine-vita-c-eye-gel-patch\/#primaryimage\",\"url\":\"https:\/\/idakorea.ee\/wp-content\/uploads\/2025\/03\/goodal_-_green-tangerine-vita-c-eye-gel-patch.jpg\",\"contentUrl\":\"https:\/\/idakorea.ee\/wp-content\/uploads\/2025\/03\/goodal_-_green-tangerine-vita-c-eye-gel-patch.jpg\",\"width\":1000,\"height\":1000},{\"@type\":\"BreadcrumbList\",\"@id\":\"https:\/\/idakorea.ee\/product\/goodal-green-tangerine-vita-c-eye-gel-patch\/#breadcrumb\",\"itemListElement\":[{\"@type\":\"ListItem\",\"position\":1,\"name\":\"\u0413\u043b\u0430\u0432\u043d\u0430\u044f \u0441\u0442\u0440\u0430\u043d\u0438\u0446\u0430\",\"item\":\"https:\/\/idakorea.ee\/\"},{\"@type\":\"ListItem\",\"position\":2,\"name\":\"Shop\",\"item\":\"https:\/\/idakorea.ee\/shop-2\/\"},{\"@type\":\"ListItem\",\"position\":3,\"name\":\"Heledust andvad silmaplaastrid Goodal Green Tangerine Vita C Eye Gel Patch\"}]},{\"@type\":\"WebSite\",\"@id\":\"https:\/\/idakorea.ee\/#website\",\"url\":\"https:\/\/idakorea.ee\/\",\"name\":\"IDA.KOREA\",\"description\":\"Korea kosmeetika e-pood\",\"publisher\":{\"@id\":\"https:\/\/idakorea.ee\/#organization\"},\"alternateName\":\"Beauty Shop\",\"potentialAction\":[{\"@type\":\"SearchAction\",\"target\":{\"@type\":\"EntryPoint\",\"urlTemplate\":\"https:\/\/idakorea.ee\/?s={search_term_string}\"},\"query-input\":{\"@type\":\"PropertyValueSpecification\",\"valueRequired\":true,\"valueName\":\"search_term_string\"}}],\"inLanguage\":\"en-US\"},{\"@type\":\"Organization\",\"@id\":\"https:\/\/idakorea.ee\/#organization\",\"name\":\"IDA.KOREA\",\"url\":\"https:\/\/idakorea.ee\/\",\"logo\":{\"@type\":\"ImageObject\",\"inLanguage\":\"en-US\",\"@id\":\"https:\/\/idakorea.ee\/#\/schema\/logo\/image\/\",\"url\":\"https:\/\/idakorea.ee\/wp-content\/uploads\/2024\/05\/cropped-korea3.png\",\"contentUrl\":\"https:\/\/idakorea.ee\/wp-content\/uploads\/2024\/05\/cropped-korea3.png\",\"width\":688,\"height\":126,\"caption\":\"IDA.KOREA\"},\"image\":{\"@id\":\"https:\/\/idakorea.ee\/#\/schema\/logo\/image\/\"},\"sameAs\":[\"https:\/\/www.instagram.com\/ida.korea\/\"]}]}<\/script>\n<!-- \/ Yoast SEO plugin. -->","yoast_head_json":{"title":"Goodal Green Tangerine Vita C Eye Gel Patches - IDA.KOREA - IDA.KOREA","description":"Goodal Green Tangerine Vita C Eye Gel Patches tone, refresh and moisturise the skin, reduce hyperpigmentation and dark circles under the eyes.","robots":{"index":"index","follow":"follow","max-snippet":"max-snippet:-1","max-image-preview":"max-image-preview:large","max-video-preview":"max-video-preview:-1"},"canonical":"https:\/\/idakorea.ee\/en\/product\/goodal-green-tangerine-vita-c-eye-gel-patch\/","og_locale":"en_US","og_type":"article","og_title":"Heledust andvad silmaplaastrid Goodal Green Tangerine Vita C Eye Gel Patch - IDA.KOREA","og_description":"Goodal Green Tangerine Vita C Eye Gel Patch silmaplaastrid toniseerivad, v\u00e4rskendavad ja niisutavad nahka, v\u00e4hendavad h\u00fcperpigmentatsiooni ja tumedaid silmaaluseid","og_url":"https:\/\/idakorea.ee\/en\/product\/goodal-green-tangerine-vita-c-eye-gel-patch\/","og_site_name":"IDA.KOREA","article_modified_time":"2026-02-03T17:17:50+00:00","og_image":[{"width":1000,"height":1000,"url":"https:\/\/idakorea.ee\/wp-content\/uploads\/2025\/03\/goodal_-_green-tangerine-vita-c-eye-gel-patch.jpg","type":"image\/jpeg"}],"twitter_card":"summary_large_image","twitter_misc":{"Est. reading time":"2 minutes"},"schema":{"@context":"https:\/\/schema.org","@graph":[{"@type":"WebPage","@id":"https:\/\/idakorea.ee\/product\/goodal-green-tangerine-vita-c-eye-gel-patch\/","url":"https:\/\/idakorea.ee\/product\/goodal-green-tangerine-vita-c-eye-gel-patch\/","name":"Goodal Green Tangerine Vita C Eye Gel Patches - IDA.KOREA - IDA.KOREA","isPartOf":{"@id":"https:\/\/idakorea.ee\/#website"},"primaryImageOfPage":{"@id":"https:\/\/idakorea.ee\/product\/goodal-green-tangerine-vita-c-eye-gel-patch\/#primaryimage"},"image":{"@id":"https:\/\/idakorea.ee\/product\/goodal-green-tangerine-vita-c-eye-gel-patch\/#primaryimage"},"thumbnailUrl":"https:\/\/idakorea.ee\/wp-content\/uploads\/2025\/03\/goodal_-_green-tangerine-vita-c-eye-gel-patch.jpg","datePublished":"2025-03-25T08:22:37+00:00","dateModified":"2026-02-03T17:17:50+00:00","description":"Goodal Green Tangerine Vita C Eye Gel Patches tone, refresh and moisturise the skin, reduce hyperpigmentation and dark circles under the eyes.","breadcrumb":{"@id":"https:\/\/idakorea.ee\/product\/goodal-green-tangerine-vita-c-eye-gel-patch\/#breadcrumb"},"inLanguage":"en-US","potentialAction":[{"@type":"ReadAction","target":["https:\/\/idakorea.ee\/product\/goodal-green-tangerine-vita-c-eye-gel-patch\/"]}]},{"@type":"ImageObject","inLanguage":"en-US","@id":"https:\/\/idakorea.ee\/product\/goodal-green-tangerine-vita-c-eye-gel-patch\/#primaryimage","url":"https:\/\/idakorea.ee\/wp-content\/uploads\/2025\/03\/goodal_-_green-tangerine-vita-c-eye-gel-patch.jpg","contentUrl":"https:\/\/idakorea.ee\/wp-content\/uploads\/2025\/03\/goodal_-_green-tangerine-vita-c-eye-gel-patch.jpg","width":1000,"height":1000},{"@type":"BreadcrumbList","@id":"https:\/\/idakorea.ee\/product\/goodal-green-tangerine-vita-c-eye-gel-patch\/#breadcrumb","itemListElement":[{"@type":"ListItem","position":1,"name":"\u0413\u043b\u0430\u0432\u043d\u0430\u044f \u0441\u0442\u0440\u0430\u043d\u0438\u0446\u0430","item":"https:\/\/idakorea.ee\/"},{"@type":"ListItem","position":2,"name":"Shop","item":"https:\/\/idakorea.ee\/shop-2\/"},{"@type":"ListItem","position":3,"name":"Heledust andvad silmaplaastrid Goodal Green Tangerine Vita C Eye Gel Patch"}]},{"@type":"WebSite","@id":"https:\/\/idakorea.ee\/#website","url":"https:\/\/idakorea.ee\/","name":"IDA.KOREA","description":"Korean cosmetics e-shop","publisher":{"@id":"https:\/\/idakorea.ee\/#organization"},"alternateName":"Beauty Shop","potentialAction":[{"@type":"SearchAction","target":{"@type":"EntryPoint","urlTemplate":"https:\/\/idakorea.ee\/?s={search_term_string}"},"query-input":{"@type":"PropertyValueSpecification","valueRequired":true,"valueName":"search_term_string"}}],"inLanguage":"en-US"},{"@type":"Organization","@id":"https:\/\/idakorea.ee\/#organization","name":"IDA.KOREA","url":"https:\/\/idakorea.ee\/","logo":{"@type":"ImageObject","inLanguage":"en-US","@id":"https:\/\/idakorea.ee\/#\/schema\/logo\/image\/","url":"https:\/\/idakorea.ee\/wp-content\/uploads\/2024\/05\/cropped-korea3.png","contentUrl":"https:\/\/idakorea.ee\/wp-content\/uploads\/2024\/05\/cropped-korea3.png","width":688,"height":126,"caption":"IDA.KOREA"},"image":{"@id":"https:\/\/idakorea.ee\/#\/schema\/logo\/image\/"},"sameAs":["https:\/\/www.instagram.com\/ida.korea\/"]}]}},"jetpack_sharing_enabled":true,"brands":[{"id":858,"name":"GOODAL","slug":"goodal"}],"_links":{"self":[{"href":"https:\/\/idakorea.ee\/en\/wp-json\/wp\/v2\/product\/13288","targetHints":{"allow":["GET"]}}],"collection":[{"href":"https:\/\/idakorea.ee\/en\/wp-json\/wp\/v2\/product"}],"about":[{"href":"https:\/\/idakorea.ee\/en\/wp-json\/wp\/v2\/types\/product"}],"replies":[{"embeddable":true,"href":"https:\/\/idakorea.ee\/en\/wp-json\/wp\/v2\/comments?post=13288"}],"version-history":[{"count":1,"href":"https:\/\/idakorea.ee\/en\/wp-json\/wp\/v2\/product\/13288\/revisions"}],"predecessor-version":[{"id":13293,"href":"https:\/\/idakorea.ee\/en\/wp-json\/wp\/v2\/product\/13288\/revisions\/13293"}],"wp:featuredmedia":[{"embeddable":true,"href":"https:\/\/idakorea.ee\/en\/wp-json\/wp\/v2\/media\/13289"}],"wp:attachment":[{"href":"https:\/\/idakorea.ee\/en\/wp-json\/wp\/v2\/media?parent=13288"}],"wp:term":[{"taxonomy":"pwb-brand","embeddable":true,"href":"https:\/\/idakorea.ee\/en\/wp-json\/wp\/v2\/pwb-brand?post=13288"},{"taxonomy":"product_brand","embeddable":true,"href":"https:\/\/idakorea.ee\/en\/wp-json\/wp\/v2\/product_brand?post=13288"},{"taxonomy":"product_cat","embeddable":true,"href":"https:\/\/idakorea.ee\/en\/wp-json\/wp\/v2\/product_cat?post=13288"},{"taxonomy":"product_tag","embeddable":true,"href":"https:\/\/idakorea.ee\/en\/wp-json\/wp\/v2\/product_tag?post=13288"}],"curies":[{"name":"wp","href":"https:\/\/api.w.org\/{rel}","templated":true}]}}