{"id":13304,"date":"2025-03-27T12:55:56","date_gmt":"2025-03-27T10:55:56","guid":{"rendered":"https:\/\/idakorea.ee\/?post_type=product&#038;p=13304"},"modified":"2026-01-30T14:29:27","modified_gmt":"2026-01-30T12:29:27","slug":"komplekt-axis-y-glow-your-own-way","status":"publish","type":"product","link":"https:\/\/idakorea.ee\/en\/product\/komplekt-axis-y-glow-your-own-way\/","title":{"rendered":"AXIS-Y Glow Your Own Way kit"},"content":{"rendered":"<p><strong>AXIS-Y Glow Your Own Way Set<\/strong> contains three effective skincare products to help maintain skin health, even out complexion and combat imperfections:<\/p>\n<ul>\n<li><strong>Dark Spot Correcting Glow Toner<\/strong> - intensively moisturises, evens skin tone and reduces pigmentation.<\/li>\n<li><strong>Vegan Collagen Eye Serum Eye Serum<\/strong> - refreshes the eye contour, reduces puffiness and dark circles, and smoothes fine wrinkles.<\/li>\n<li><strong>Dark Spot Correcting Glow serum<\/strong> - contains 5% niacinamide and squalane, which help to reduce pigmentation, deeply hydrate and restore the skin.<\/li>\n<\/ul>\n<p>The set is complemented by a stylish mirror that makes skincare convenient anytime, anywhere.<\/p>\n<p><strong>Main active ingredients:<\/strong><\/p>\n<ul>\n<li><strong>Niacinamide (vitamin B3)<\/strong> - slows down the penetration of melanin into the epidermis, preventing pigmentation. Regulates oil secretion, tightens pores and reduces oiliness.<\/li>\n<li><strong>Glutathione<\/strong> - rejuvenates the skin, increases its elasticity, smoothes wrinkles and removes signs of fatigue. It evens skin tone and reduces the appearance of acne and age spots.<\/li>\n<li><strong>To the Alpha Arbyte<\/strong> - prevents the formation of pigment spots by inhibiting the activity of the enzyme tyrosinase. It also has antiseptic and soothing properties.<\/li>\n<li><strong>Stable vitamin C (sodium ascorbyl phosphate)<\/strong> - a powerful antioxidant that protects cells from free radicals, slows skin ageing and evens skin tone.<\/li>\n<li><strong>5 peptide<\/strong> - stimulate skin renewal, reduce the depth of wrinkles, smooth and firm the skin. Argyralin, a botox-like peptide, relaxes the mimic muscles, preventing the formation of wrinkles.<\/li>\n<li><strong>Plant collagen<\/strong> - deeply moisturises the skin, helps to maintain moisture balance, improves texture and speeds up skin regeneration.<\/li>\n<\/ul>\n<h3><\/h3>\n<p>Suitable for all skin types.<\/p>\n<p><strong>Usage: <\/strong>After cleansing and toning: apply the required amount of serum to the face and distribute evenly. Apply the required amount of cream to the skin after the serum. Gently press the eye serum dispenser until the product reaches the applicator. Apply to the eye area using massaging movements. Clean the applicator with a tissue after use.<\/p>","protected":false},"excerpt":{"rendered":"<p>The AXIS-Y Glow Your Own Way Set contains three effective skincare products to help maintain skin health, even out complexion and combat imperfections: the Dark Spot Correcting Glow Toner - intensely hydrates, evens skin tone and reduces pigmentation. Vegan Collagen Eye Serum - refreshes the eye contour, reduces puffiness and dark circles, and smoothes fine lines. Dark Spot Correcting Glow Serum....<\/p>","protected":false},"featured_media":13311,"comment_status":"open","ping_status":"closed","template":"","meta":{"_uf_show_specific_survey":0,"_uf_disable_surveys":false,"_bst_post_transparent":"default","_bst_post_title":"","_bst_post_layout":"default","_bst_post_sidebar_id":"","_bst_post_content_style":"default","_bst_post_vertical_padding":"default","_bst_post_feature":"","_bst_post_feature_position":"","_bst_post_header":false,"_bst_post_footer":false},"pwb-brand":[565],"product_brand":[],"product_cat":[95],"product_tag":[618,567],"class_list":{"0":"post-13304","1":"product","2":"type-product","3":"status-publish","4":"has-post-thumbnail","6":"pwb-brand-axis-y","7":"product_cat-komplektid","8":"product_tag-axis-y","9":"product_tag-glow","11":"first","12":"outofstock","13":"sale","14":"shipping-taxable","15":"purchasable","16":"product-type-simple","17":"entry","18":"content-bg","19":"loop-entry"},"supplier_id":null,"supplier_sku":"","barcode":null,"atum_controlled":true,"out_stock_date":"2025-11-07 14:46:36","out_stock_threshold":null,"inheritable":false,"inbound_stock":0,"stock_on_hold":0,"sold_today":0,"sales_last_days":0,"out_stock_days":157,"lost_sales":984,"has_location":false,"update_date":"2026-04-14T00:05:07","atum_locations":[],"atum_stock_status":"outofstock","restock_status":false,"low_stock_amount":"","sales_update_date":"2026-04-14T00:05:07","calc_backorders":null,"yoast_head":"<!-- This site is optimized with the Yoast SEO plugin v27.2 - https:\/\/yoast.com\/product\/yoast-seo-wordpress\/ -->\n<title>Komplekt AXIS-Y Glow Your Own Way - IDA.KOREA<\/title>\n<meta name=\"robots\" content=\"index, follow, max-snippet:-1, max-image-preview:large, max-video-preview:-1\" \/>\n<link rel=\"canonical\" href=\"https:\/\/idakorea.ee\/en\/product\/komplekt-axis-y-glow-your-own-way\/\" \/>\n<meta property=\"og:locale\" content=\"en_US\" \/>\n<meta property=\"og:type\" content=\"article\" \/>\n<meta property=\"og:title\" content=\"Komplekt AXIS-Y Glow Your Own Way - IDA.KOREA\" \/>\n<meta property=\"og:description\" content=\"AXIS-Y Glow Your Own Way Set sisaldab kolme t\u00f5husat nahahooldustoodet, mis aitavad s\u00e4ilitada naha tervist, \u00fchtlustada jumet ja v\u00f5idelda ebat\u00e4iuslikkusega: Dark Spot Correcting Glow toonik \u2013 niisutab intensiivselt, \u00fchtlustab nahatooni ja v\u00e4hendab pigmentatsioonilaike. Vegan Collagen Eye Serum silmaseerum \u2013 v\u00e4rskendab silma\u00fcmbrust, v\u00e4hendab turseid ja tumedaid ringe ning silub peeneid kortse. Dark Spot Correcting Glow seerum...\" \/>\n<meta property=\"og:url\" content=\"https:\/\/idakorea.ee\/en\/product\/komplekt-axis-y-glow-your-own-way\/\" \/>\n<meta property=\"og:site_name\" content=\"IDA.KOREA\" \/>\n<meta property=\"article:modified_time\" content=\"2026-01-30T12:29:27+00:00\" \/>\n<meta property=\"og:image\" content=\"https:\/\/idakorea.ee\/wp-content\/uploads\/2025\/03\/axis-y_glow_your_own_way_limited_edition_set_4pcs_idakorea.jpg\" \/>\n\t<meta property=\"og:image:width\" content=\"1280\" \/>\n\t<meta property=\"og:image:height\" content=\"1280\" \/>\n\t<meta property=\"og:image:type\" content=\"image\/jpeg\" \/>\n<meta name=\"twitter:card\" content=\"summary_large_image\" \/>\n<meta name=\"twitter:label1\" content=\"Est. reading time\" \/>\n\t<meta name=\"twitter:data1\" content=\"2 minutes\" \/>\n<script type=\"application\/ld+json\" class=\"yoast-schema-graph\">{\"@context\":\"https:\/\/schema.org\",\"@graph\":[{\"@type\":\"WebPage\",\"@id\":\"https:\/\/idakorea.ee\/product\/komplekt-axis-y-glow-your-own-way\/\",\"url\":\"https:\/\/idakorea.ee\/product\/komplekt-axis-y-glow-your-own-way\/\",\"name\":\"Komplekt AXIS-Y Glow Your Own Way - IDA.KOREA\",\"isPartOf\":{\"@id\":\"https:\/\/idakorea.ee\/#website\"},\"primaryImageOfPage\":{\"@id\":\"https:\/\/idakorea.ee\/product\/komplekt-axis-y-glow-your-own-way\/#primaryimage\"},\"image\":{\"@id\":\"https:\/\/idakorea.ee\/product\/komplekt-axis-y-glow-your-own-way\/#primaryimage\"},\"thumbnailUrl\":\"https:\/\/idakorea.ee\/wp-content\/uploads\/2025\/03\/axis-y_glow_your_own_way_limited_edition_set_4pcs_idakorea.jpg\",\"datePublished\":\"2025-03-27T10:55:56+00:00\",\"dateModified\":\"2026-01-30T12:29:27+00:00\",\"breadcrumb\":{\"@id\":\"https:\/\/idakorea.ee\/product\/komplekt-axis-y-glow-your-own-way\/#breadcrumb\"},\"inLanguage\":\"en-US\",\"potentialAction\":[{\"@type\":\"ReadAction\",\"target\":[\"https:\/\/idakorea.ee\/product\/komplekt-axis-y-glow-your-own-way\/\"]}]},{\"@type\":\"ImageObject\",\"inLanguage\":\"en-US\",\"@id\":\"https:\/\/idakorea.ee\/product\/komplekt-axis-y-glow-your-own-way\/#primaryimage\",\"url\":\"https:\/\/idakorea.ee\/wp-content\/uploads\/2025\/03\/axis-y_glow_your_own_way_limited_edition_set_4pcs_idakorea.jpg\",\"contentUrl\":\"https:\/\/idakorea.ee\/wp-content\/uploads\/2025\/03\/axis-y_glow_your_own_way_limited_edition_set_4pcs_idakorea.jpg\",\"width\":1280,\"height\":1280},{\"@type\":\"BreadcrumbList\",\"@id\":\"https:\/\/idakorea.ee\/product\/komplekt-axis-y-glow-your-own-way\/#breadcrumb\",\"itemListElement\":[{\"@type\":\"ListItem\",\"position\":1,\"name\":\"\u0413\u043b\u0430\u0432\u043d\u0430\u044f \u0441\u0442\u0440\u0430\u043d\u0438\u0446\u0430\",\"item\":\"https:\/\/idakorea.ee\/\"},{\"@type\":\"ListItem\",\"position\":2,\"name\":\"Shop\",\"item\":\"https:\/\/idakorea.ee\/shop-2\/\"},{\"@type\":\"ListItem\",\"position\":3,\"name\":\"Komplekt AXIS-Y Glow Your Own Way\"}]},{\"@type\":\"WebSite\",\"@id\":\"https:\/\/idakorea.ee\/#website\",\"url\":\"https:\/\/idakorea.ee\/\",\"name\":\"IDA.KOREA\",\"description\":\"Korea kosmeetika e-pood\",\"publisher\":{\"@id\":\"https:\/\/idakorea.ee\/#organization\"},\"alternateName\":\"Beauty Shop\",\"potentialAction\":[{\"@type\":\"SearchAction\",\"target\":{\"@type\":\"EntryPoint\",\"urlTemplate\":\"https:\/\/idakorea.ee\/?s={search_term_string}\"},\"query-input\":{\"@type\":\"PropertyValueSpecification\",\"valueRequired\":true,\"valueName\":\"search_term_string\"}}],\"inLanguage\":\"en-US\"},{\"@type\":\"Organization\",\"@id\":\"https:\/\/idakorea.ee\/#organization\",\"name\":\"IDA.KOREA\",\"url\":\"https:\/\/idakorea.ee\/\",\"logo\":{\"@type\":\"ImageObject\",\"inLanguage\":\"en-US\",\"@id\":\"https:\/\/idakorea.ee\/#\/schema\/logo\/image\/\",\"url\":\"https:\/\/idakorea.ee\/wp-content\/uploads\/2024\/05\/cropped-korea3.png\",\"contentUrl\":\"https:\/\/idakorea.ee\/wp-content\/uploads\/2024\/05\/cropped-korea3.png\",\"width\":688,\"height\":126,\"caption\":\"IDA.KOREA\"},\"image\":{\"@id\":\"https:\/\/idakorea.ee\/#\/schema\/logo\/image\/\"},\"sameAs\":[\"https:\/\/www.instagram.com\/ida.korea\/\"]}]}<\/script>\n<!-- \/ Yoast SEO plugin. -->","yoast_head_json":{"title":"AXIS-Y Glow Your Own Way kit - IDA.KOREA","robots":{"index":"index","follow":"follow","max-snippet":"max-snippet:-1","max-image-preview":"max-image-preview:large","max-video-preview":"max-video-preview:-1"},"canonical":"https:\/\/idakorea.ee\/en\/product\/komplekt-axis-y-glow-your-own-way\/","og_locale":"en_US","og_type":"article","og_title":"Komplekt AXIS-Y Glow Your Own Way - IDA.KOREA","og_description":"AXIS-Y Glow Your Own Way Set sisaldab kolme t\u00f5husat nahahooldustoodet, mis aitavad s\u00e4ilitada naha tervist, \u00fchtlustada jumet ja v\u00f5idelda ebat\u00e4iuslikkusega: Dark Spot Correcting Glow toonik \u2013 niisutab intensiivselt, \u00fchtlustab nahatooni ja v\u00e4hendab pigmentatsioonilaike. Vegan Collagen Eye Serum silmaseerum \u2013 v\u00e4rskendab silma\u00fcmbrust, v\u00e4hendab turseid ja tumedaid ringe ning silub peeneid kortse. Dark Spot Correcting Glow seerum...","og_url":"https:\/\/idakorea.ee\/en\/product\/komplekt-axis-y-glow-your-own-way\/","og_site_name":"IDA.KOREA","article_modified_time":"2026-01-30T12:29:27+00:00","og_image":[{"width":1280,"height":1280,"url":"https:\/\/idakorea.ee\/wp-content\/uploads\/2025\/03\/axis-y_glow_your_own_way_limited_edition_set_4pcs_idakorea.jpg","type":"image\/jpeg"}],"twitter_card":"summary_large_image","twitter_misc":{"Est. reading time":"2 minutes"},"schema":{"@context":"https:\/\/schema.org","@graph":[{"@type":"WebPage","@id":"https:\/\/idakorea.ee\/product\/komplekt-axis-y-glow-your-own-way\/","url":"https:\/\/idakorea.ee\/product\/komplekt-axis-y-glow-your-own-way\/","name":"AXIS-Y Glow Your Own Way kit - IDA.KOREA","isPartOf":{"@id":"https:\/\/idakorea.ee\/#website"},"primaryImageOfPage":{"@id":"https:\/\/idakorea.ee\/product\/komplekt-axis-y-glow-your-own-way\/#primaryimage"},"image":{"@id":"https:\/\/idakorea.ee\/product\/komplekt-axis-y-glow-your-own-way\/#primaryimage"},"thumbnailUrl":"https:\/\/idakorea.ee\/wp-content\/uploads\/2025\/03\/axis-y_glow_your_own_way_limited_edition_set_4pcs_idakorea.jpg","datePublished":"2025-03-27T10:55:56+00:00","dateModified":"2026-01-30T12:29:27+00:00","breadcrumb":{"@id":"https:\/\/idakorea.ee\/product\/komplekt-axis-y-glow-your-own-way\/#breadcrumb"},"inLanguage":"en-US","potentialAction":[{"@type":"ReadAction","target":["https:\/\/idakorea.ee\/product\/komplekt-axis-y-glow-your-own-way\/"]}]},{"@type":"ImageObject","inLanguage":"en-US","@id":"https:\/\/idakorea.ee\/product\/komplekt-axis-y-glow-your-own-way\/#primaryimage","url":"https:\/\/idakorea.ee\/wp-content\/uploads\/2025\/03\/axis-y_glow_your_own_way_limited_edition_set_4pcs_idakorea.jpg","contentUrl":"https:\/\/idakorea.ee\/wp-content\/uploads\/2025\/03\/axis-y_glow_your_own_way_limited_edition_set_4pcs_idakorea.jpg","width":1280,"height":1280},{"@type":"BreadcrumbList","@id":"https:\/\/idakorea.ee\/product\/komplekt-axis-y-glow-your-own-way\/#breadcrumb","itemListElement":[{"@type":"ListItem","position":1,"name":"\u0413\u043b\u0430\u0432\u043d\u0430\u044f \u0441\u0442\u0440\u0430\u043d\u0438\u0446\u0430","item":"https:\/\/idakorea.ee\/"},{"@type":"ListItem","position":2,"name":"Shop","item":"https:\/\/idakorea.ee\/shop-2\/"},{"@type":"ListItem","position":3,"name":"Komplekt AXIS-Y Glow Your Own Way"}]},{"@type":"WebSite","@id":"https:\/\/idakorea.ee\/#website","url":"https:\/\/idakorea.ee\/","name":"IDA.KOREA","description":"Korean cosmetics e-shop","publisher":{"@id":"https:\/\/idakorea.ee\/#organization"},"alternateName":"Beauty Shop","potentialAction":[{"@type":"SearchAction","target":{"@type":"EntryPoint","urlTemplate":"https:\/\/idakorea.ee\/?s={search_term_string}"},"query-input":{"@type":"PropertyValueSpecification","valueRequired":true,"valueName":"search_term_string"}}],"inLanguage":"en-US"},{"@type":"Organization","@id":"https:\/\/idakorea.ee\/#organization","name":"IDA.KOREA","url":"https:\/\/idakorea.ee\/","logo":{"@type":"ImageObject","inLanguage":"en-US","@id":"https:\/\/idakorea.ee\/#\/schema\/logo\/image\/","url":"https:\/\/idakorea.ee\/wp-content\/uploads\/2024\/05\/cropped-korea3.png","contentUrl":"https:\/\/idakorea.ee\/wp-content\/uploads\/2024\/05\/cropped-korea3.png","width":688,"height":126,"caption":"IDA.KOREA"},"image":{"@id":"https:\/\/idakorea.ee\/#\/schema\/logo\/image\/"},"sameAs":["https:\/\/www.instagram.com\/ida.korea\/"]}]}},"jetpack_sharing_enabled":true,"brands":[{"id":565,"name":"AXIS-Y","slug":"axis-y"}],"_links":{"self":[{"href":"https:\/\/idakorea.ee\/en\/wp-json\/wp\/v2\/product\/13304","targetHints":{"allow":["GET"]}}],"collection":[{"href":"https:\/\/idakorea.ee\/en\/wp-json\/wp\/v2\/product"}],"about":[{"href":"https:\/\/idakorea.ee\/en\/wp-json\/wp\/v2\/types\/product"}],"replies":[{"embeddable":true,"href":"https:\/\/idakorea.ee\/en\/wp-json\/wp\/v2\/comments?post=13304"}],"version-history":[{"count":2,"href":"https:\/\/idakorea.ee\/en\/wp-json\/wp\/v2\/product\/13304\/revisions"}],"predecessor-version":[{"id":13310,"href":"https:\/\/idakorea.ee\/en\/wp-json\/wp\/v2\/product\/13304\/revisions\/13310"}],"wp:featuredmedia":[{"embeddable":true,"href":"https:\/\/idakorea.ee\/en\/wp-json\/wp\/v2\/media\/13311"}],"wp:attachment":[{"href":"https:\/\/idakorea.ee\/en\/wp-json\/wp\/v2\/media?parent=13304"}],"wp:term":[{"taxonomy":"pwb-brand","embeddable":true,"href":"https:\/\/idakorea.ee\/en\/wp-json\/wp\/v2\/pwb-brand?post=13304"},{"taxonomy":"product_brand","embeddable":true,"href":"https:\/\/idakorea.ee\/en\/wp-json\/wp\/v2\/product_brand?post=13304"},{"taxonomy":"product_cat","embeddable":true,"href":"https:\/\/idakorea.ee\/en\/wp-json\/wp\/v2\/product_cat?post=13304"},{"taxonomy":"product_tag","embeddable":true,"href":"https:\/\/idakorea.ee\/en\/wp-json\/wp\/v2\/product_tag?post=13304"}],"curies":[{"name":"wp","href":"https:\/\/api.w.org\/{rel}","templated":true}]}}