{"id":13318,"date":"2025-03-28T10:33:12","date_gmt":"2025-03-28T08:33:12","guid":{"rendered":"https:\/\/idakorea.ee\/?post_type=product&#038;p=13318"},"modified":"2026-01-30T14:29:11","modified_gmt":"2026-01-30T12:29:11","slug":"taastav-seerum-anua-pdrn-hyaluronic-acid-capsule-100-serum-30-ml","status":"publish","type":"product","link":"https:\/\/idakorea.ee\/en\/product\/taastav-seerum-anua-pdrn-hyaluronic-acid-capsule-100-serum-30-ml\/","title":{"rendered":"Restorative serum Anua PDRN Hyaluronic Acid Capsule 100 Serum, 30 ml"},"content":{"rendered":"<p data-end=\"298\" data-start=\"0\">Serum with PDRN for skin radiance\u00a0<strong>Anua PDRN Hyaluronic Acid Capsule 100 Serum\u00a0<\/strong>deeply moisturises, eliminates dryness and dehydration, increases skin elasticity and firmness. It has a restorative action, strengthens the hydrolipidic barrier and helps maintain an optimal moisture balance throughout the day.<\/p>\n<p data-end=\"573\" data-start=\"300\"><strong>Smart Capsule<\/strong>\u00a0technology accelerates the penetration of active ingredients into the deeper layers of the epidermis, ensuring effective absorption and long-lasting hydration. The product helps to reduce fine wrinkles caused by dryness, refreshing the skin and giving it a healthy glow.<\/p>\n<p data-end=\"597\" data-start=\"575\"><strong>Main active ingredients:<\/strong><\/p>\n<ul data-end=\"1411\" data-start=\"599\">\n<li data-end=\"841\" data-start=\"599\"><strong>PDRN (Sodium DNA, 100 ppm)\u00a0<\/strong>- low molecular weight polynucleotides from salmonid milk. They stimulate epidermal regeneration, activate collagen and elastin synthesis, reduce the appearance of photodamage and strengthen the skin's protective barrier.<\/li>\n<li data-end=\"961\" data-start=\"842\"><strong>11 types of hyaluronic acid\u00a0<\/strong>- moisturise the different layers of the skin, remove scaling, maintain skin elasticity and smoothness.<\/li>\n<li data-end=\"1099\" data-start=\"962\"><strong>Low molecular weight collagen<\/strong>\u00a0- moisturises, retains moisture in the epidermis, improves skin texture, promotes regeneration and reduces wrinkles.<\/li>\n<li data-end=\"1257\" data-start=\"1100\"><strong>Glutathione<\/strong>\u00a0- a powerful antioxidant that lightens pigmentation, speeds up cell metabolism and protects against free radicals, slowing down the ageing process.<\/li>\n<li data-end=\"1411\" data-start=\"1258\"><strong>Japanese Coptis Extract\u00a0<\/strong>- has anti-inflammatory properties, helps with dermatological problems, strengthens skin immunity and deeply moisturises.<\/li>\n<\/ul>\n<p data-end=\"1467\" data-start=\"1413\">Suitable for all skin types.<\/p>\n<p><strong>Usage: <\/strong>After cleansing and toning, apply the serum to the face and gently pat into the skin. Finish with a moisturising cream.<\/p>","protected":false},"excerpt":{"rendered":"<p>Serum with PDRN for skin radiance Anua PDRN Hyaluronic Acid Capsule 100 Serum deeply moisturizes, eliminates dryness and dehydration, increases skin elasticity and firmness. It has a restorative action, strengthens the hydrolipidic barrier and helps maintain an optimal moisture balance throughout the day. Smart Capsule technology accelerates the penetration of active ingredients into the deeper layers of the epidermis, ensuring effective absorption and long-lasting hydration. The product helps to reduce dryness and...<\/p>","protected":false},"featured_media":13319,"comment_status":"open","ping_status":"closed","template":"","meta":{"_uf_show_specific_survey":0,"_uf_disable_surveys":false,"_bst_post_transparent":"default","_bst_post_title":"","_bst_post_layout":"default","_bst_post_sidebar_id":"","_bst_post_content_style":"default","_bst_post_vertical_padding":"default","_bst_post_feature":"","_bst_post_feature_position":"","_bst_post_header":false,"_bst_post_footer":false},"pwb-brand":[104],"product_brand":[],"product_cat":[92,97],"product_tag":[102,789],"class_list":{"0":"post-13318","1":"product","2":"type-product","3":"status-publish","4":"has-post-thumbnail","6":"pwb-brand-anua","7":"product_cat-nagu","8":"product_cat-naoseerumid-ja-olid","9":"product_tag-anua","10":"product_tag-pdrn","12":"first","13":"outofstock","14":"sale","15":"shipping-taxable","16":"purchasable","17":"product-type-simple","18":"entry","19":"content-bg","20":"loop-entry"},"supplier_id":null,"supplier_sku":"","barcode":null,"atum_controlled":true,"out_stock_date":"2025-09-03 12:16:32","out_stock_threshold":null,"inheritable":false,"inbound_stock":0,"stock_on_hold":0,"sold_today":0,"sales_last_days":0,"out_stock_days":225,"lost_sales":832,"has_location":false,"update_date":"2026-04-17T00:06:07","atum_locations":[],"atum_stock_status":"outofstock","restock_status":false,"low_stock_amount":"","sales_update_date":"2026-04-17T00:06:07","calc_backorders":null,"yoast_head":"<!-- This site is optimized with the Yoast SEO plugin v27.2 - https:\/\/yoast.com\/product\/yoast-seo-wordpress\/ -->\n<title>Taastav seerum Anua PDRN Hyaluronic Acid Capsule 100 Serum, 30 ml - IDA.KOREA<\/title>\n<meta name=\"robots\" content=\"index, follow, max-snippet:-1, max-image-preview:large, max-video-preview:-1\" \/>\n<link rel=\"canonical\" href=\"https:\/\/idakorea.ee\/en\/product\/taastav-seerum-anua-pdrn-hyaluronic-acid-capsule-100-serum-30-ml\/\" \/>\n<meta property=\"og:locale\" content=\"en_US\" \/>\n<meta property=\"og:type\" content=\"article\" \/>\n<meta property=\"og:title\" content=\"Taastav seerum Anua PDRN Hyaluronic Acid Capsule 100 Serum, 30 ml - IDA.KOREA\" \/>\n<meta property=\"og:description\" content=\"Seerum PDRN-iga naha s\u00e4ra jaoks\u00a0Anua PDRN Hyaluronic Acid Capsule 100 Serum\u00a0niisutab s\u00fcgavuti, k\u00f5rvaldab kuivuse ja deh\u00fcdratsiooni, suurendab naha elastsust ja pinguldatust. Omab taastavat toimet, tugevdab h\u00fcdrolipiidset barj\u00e4\u00e4ri ja aitab s\u00e4ilitada optimaalset niiskustasakaalu kogu p\u00e4eva v\u00e4ltel. Smart Capsule\u00a0tehnoloogia kiirendab aktiivsete komponentide j\u00f5udmist epidermise s\u00fcgavamatesse kihtidesse, tagades nende t\u00f5husa imendumise ja pikaajalise niisutuse. Toode aitab v\u00e4hendada kuivusest...\" \/>\n<meta property=\"og:url\" content=\"https:\/\/idakorea.ee\/en\/product\/taastav-seerum-anua-pdrn-hyaluronic-acid-capsule-100-serum-30-ml\/\" \/>\n<meta property=\"og:site_name\" content=\"IDA.KOREA\" \/>\n<meta property=\"article:modified_time\" content=\"2026-01-30T12:29:11+00:00\" \/>\n<meta property=\"og:image\" content=\"https:\/\/idakorea.ee\/wp-content\/uploads\/2025\/03\/anuapdrnhyaluronicacidcapsule100serum-idakorea.webp\" \/>\n\t<meta property=\"og:image:width\" content=\"950\" \/>\n\t<meta property=\"og:image:height\" content=\"950\" \/>\n\t<meta property=\"og:image:type\" content=\"image\/webp\" \/>\n<meta name=\"twitter:card\" content=\"summary_large_image\" \/>\n<meta name=\"twitter:label1\" content=\"Est. reading time\" \/>\n\t<meta name=\"twitter:data1\" content=\"2 minutes\" \/>\n<script type=\"application\/ld+json\" class=\"yoast-schema-graph\">{\"@context\":\"https:\/\/schema.org\",\"@graph\":[{\"@type\":\"WebPage\",\"@id\":\"https:\/\/idakorea.ee\/product\/taastav-seerum-anua-pdrn-hyaluronic-acid-capsule-100-serum-30-ml\/\",\"url\":\"https:\/\/idakorea.ee\/product\/taastav-seerum-anua-pdrn-hyaluronic-acid-capsule-100-serum-30-ml\/\",\"name\":\"Taastav seerum Anua PDRN Hyaluronic Acid Capsule 100 Serum, 30 ml - IDA.KOREA\",\"isPartOf\":{\"@id\":\"https:\/\/idakorea.ee\/#website\"},\"primaryImageOfPage\":{\"@id\":\"https:\/\/idakorea.ee\/product\/taastav-seerum-anua-pdrn-hyaluronic-acid-capsule-100-serum-30-ml\/#primaryimage\"},\"image\":{\"@id\":\"https:\/\/idakorea.ee\/product\/taastav-seerum-anua-pdrn-hyaluronic-acid-capsule-100-serum-30-ml\/#primaryimage\"},\"thumbnailUrl\":\"https:\/\/idakorea.ee\/wp-content\/uploads\/2025\/03\/anuapdrnhyaluronicacidcapsule100serum-idakorea.webp\",\"datePublished\":\"2025-03-28T08:33:12+00:00\",\"dateModified\":\"2026-01-30T12:29:11+00:00\",\"breadcrumb\":{\"@id\":\"https:\/\/idakorea.ee\/product\/taastav-seerum-anua-pdrn-hyaluronic-acid-capsule-100-serum-30-ml\/#breadcrumb\"},\"inLanguage\":\"en-US\",\"potentialAction\":[{\"@type\":\"ReadAction\",\"target\":[\"https:\/\/idakorea.ee\/product\/taastav-seerum-anua-pdrn-hyaluronic-acid-capsule-100-serum-30-ml\/\"]}]},{\"@type\":\"ImageObject\",\"inLanguage\":\"en-US\",\"@id\":\"https:\/\/idakorea.ee\/product\/taastav-seerum-anua-pdrn-hyaluronic-acid-capsule-100-serum-30-ml\/#primaryimage\",\"url\":\"https:\/\/idakorea.ee\/wp-content\/uploads\/2025\/03\/anuapdrnhyaluronicacidcapsule100serum-idakorea.webp\",\"contentUrl\":\"https:\/\/idakorea.ee\/wp-content\/uploads\/2025\/03\/anuapdrnhyaluronicacidcapsule100serum-idakorea.webp\",\"width\":950,\"height\":950},{\"@type\":\"BreadcrumbList\",\"@id\":\"https:\/\/idakorea.ee\/product\/taastav-seerum-anua-pdrn-hyaluronic-acid-capsule-100-serum-30-ml\/#breadcrumb\",\"itemListElement\":[{\"@type\":\"ListItem\",\"position\":1,\"name\":\"\u0413\u043b\u0430\u0432\u043d\u0430\u044f \u0441\u0442\u0440\u0430\u043d\u0438\u0446\u0430\",\"item\":\"https:\/\/idakorea.ee\/\"},{\"@type\":\"ListItem\",\"position\":2,\"name\":\"Shop\",\"item\":\"https:\/\/idakorea.ee\/shop-2\/\"},{\"@type\":\"ListItem\",\"position\":3,\"name\":\"Taastav seerum Anua PDRN Hyaluronic Acid Capsule 100 Serum, 30 ml\"}]},{\"@type\":\"WebSite\",\"@id\":\"https:\/\/idakorea.ee\/#website\",\"url\":\"https:\/\/idakorea.ee\/\",\"name\":\"IDA.KOREA\",\"description\":\"Korea kosmeetika e-pood\",\"publisher\":{\"@id\":\"https:\/\/idakorea.ee\/#organization\"},\"alternateName\":\"Beauty Shop\",\"potentialAction\":[{\"@type\":\"SearchAction\",\"target\":{\"@type\":\"EntryPoint\",\"urlTemplate\":\"https:\/\/idakorea.ee\/?s={search_term_string}\"},\"query-input\":{\"@type\":\"PropertyValueSpecification\",\"valueRequired\":true,\"valueName\":\"search_term_string\"}}],\"inLanguage\":\"en-US\"},{\"@type\":\"Organization\",\"@id\":\"https:\/\/idakorea.ee\/#organization\",\"name\":\"IDA.KOREA\",\"url\":\"https:\/\/idakorea.ee\/\",\"logo\":{\"@type\":\"ImageObject\",\"inLanguage\":\"en-US\",\"@id\":\"https:\/\/idakorea.ee\/#\/schema\/logo\/image\/\",\"url\":\"https:\/\/idakorea.ee\/wp-content\/uploads\/2024\/05\/cropped-korea3.png\",\"contentUrl\":\"https:\/\/idakorea.ee\/wp-content\/uploads\/2024\/05\/cropped-korea3.png\",\"width\":688,\"height\":126,\"caption\":\"IDA.KOREA\"},\"image\":{\"@id\":\"https:\/\/idakorea.ee\/#\/schema\/logo\/image\/\"},\"sameAs\":[\"https:\/\/www.instagram.com\/ida.korea\/\"]}]}<\/script>\n<!-- \/ Yoast SEO plugin. -->","yoast_head_json":{"title":"Anua PDRN Hyaluronic Acid Capsule 100 Serum, 30 ml - IDA.KOREA","robots":{"index":"index","follow":"follow","max-snippet":"max-snippet:-1","max-image-preview":"max-image-preview:large","max-video-preview":"max-video-preview:-1"},"canonical":"https:\/\/idakorea.ee\/en\/product\/taastav-seerum-anua-pdrn-hyaluronic-acid-capsule-100-serum-30-ml\/","og_locale":"en_US","og_type":"article","og_title":"Taastav seerum Anua PDRN Hyaluronic Acid Capsule 100 Serum, 30 ml - IDA.KOREA","og_description":"Seerum PDRN-iga naha s\u00e4ra jaoks\u00a0Anua PDRN Hyaluronic Acid Capsule 100 Serum\u00a0niisutab s\u00fcgavuti, k\u00f5rvaldab kuivuse ja deh\u00fcdratsiooni, suurendab naha elastsust ja pinguldatust. Omab taastavat toimet, tugevdab h\u00fcdrolipiidset barj\u00e4\u00e4ri ja aitab s\u00e4ilitada optimaalset niiskustasakaalu kogu p\u00e4eva v\u00e4ltel. Smart Capsule\u00a0tehnoloogia kiirendab aktiivsete komponentide j\u00f5udmist epidermise s\u00fcgavamatesse kihtidesse, tagades nende t\u00f5husa imendumise ja pikaajalise niisutuse. Toode aitab v\u00e4hendada kuivusest...","og_url":"https:\/\/idakorea.ee\/en\/product\/taastav-seerum-anua-pdrn-hyaluronic-acid-capsule-100-serum-30-ml\/","og_site_name":"IDA.KOREA","article_modified_time":"2026-01-30T12:29:11+00:00","og_image":[{"width":950,"height":950,"url":"https:\/\/idakorea.ee\/wp-content\/uploads\/2025\/03\/anuapdrnhyaluronicacidcapsule100serum-idakorea.webp","type":"image\/webp"}],"twitter_card":"summary_large_image","twitter_misc":{"Est. reading time":"2 minutes"},"schema":{"@context":"https:\/\/schema.org","@graph":[{"@type":"WebPage","@id":"https:\/\/idakorea.ee\/product\/taastav-seerum-anua-pdrn-hyaluronic-acid-capsule-100-serum-30-ml\/","url":"https:\/\/idakorea.ee\/product\/taastav-seerum-anua-pdrn-hyaluronic-acid-capsule-100-serum-30-ml\/","name":"Anua PDRN Hyaluronic Acid Capsule 100 Serum, 30 ml - IDA.KOREA","isPartOf":{"@id":"https:\/\/idakorea.ee\/#website"},"primaryImageOfPage":{"@id":"https:\/\/idakorea.ee\/product\/taastav-seerum-anua-pdrn-hyaluronic-acid-capsule-100-serum-30-ml\/#primaryimage"},"image":{"@id":"https:\/\/idakorea.ee\/product\/taastav-seerum-anua-pdrn-hyaluronic-acid-capsule-100-serum-30-ml\/#primaryimage"},"thumbnailUrl":"https:\/\/idakorea.ee\/wp-content\/uploads\/2025\/03\/anuapdrnhyaluronicacidcapsule100serum-idakorea.webp","datePublished":"2025-03-28T08:33:12+00:00","dateModified":"2026-01-30T12:29:11+00:00","breadcrumb":{"@id":"https:\/\/idakorea.ee\/product\/taastav-seerum-anua-pdrn-hyaluronic-acid-capsule-100-serum-30-ml\/#breadcrumb"},"inLanguage":"en-US","potentialAction":[{"@type":"ReadAction","target":["https:\/\/idakorea.ee\/product\/taastav-seerum-anua-pdrn-hyaluronic-acid-capsule-100-serum-30-ml\/"]}]},{"@type":"ImageObject","inLanguage":"en-US","@id":"https:\/\/idakorea.ee\/product\/taastav-seerum-anua-pdrn-hyaluronic-acid-capsule-100-serum-30-ml\/#primaryimage","url":"https:\/\/idakorea.ee\/wp-content\/uploads\/2025\/03\/anuapdrnhyaluronicacidcapsule100serum-idakorea.webp","contentUrl":"https:\/\/idakorea.ee\/wp-content\/uploads\/2025\/03\/anuapdrnhyaluronicacidcapsule100serum-idakorea.webp","width":950,"height":950},{"@type":"BreadcrumbList","@id":"https:\/\/idakorea.ee\/product\/taastav-seerum-anua-pdrn-hyaluronic-acid-capsule-100-serum-30-ml\/#breadcrumb","itemListElement":[{"@type":"ListItem","position":1,"name":"\u0413\u043b\u0430\u0432\u043d\u0430\u044f \u0441\u0442\u0440\u0430\u043d\u0438\u0446\u0430","item":"https:\/\/idakorea.ee\/"},{"@type":"ListItem","position":2,"name":"Shop","item":"https:\/\/idakorea.ee\/shop-2\/"},{"@type":"ListItem","position":3,"name":"Taastav seerum Anua PDRN Hyaluronic Acid Capsule 100 Serum, 30 ml"}]},{"@type":"WebSite","@id":"https:\/\/idakorea.ee\/#website","url":"https:\/\/idakorea.ee\/","name":"IDA.KOREA","description":"Korean cosmetics e-shop","publisher":{"@id":"https:\/\/idakorea.ee\/#organization"},"alternateName":"Beauty Shop","potentialAction":[{"@type":"SearchAction","target":{"@type":"EntryPoint","urlTemplate":"https:\/\/idakorea.ee\/?s={search_term_string}"},"query-input":{"@type":"PropertyValueSpecification","valueRequired":true,"valueName":"search_term_string"}}],"inLanguage":"en-US"},{"@type":"Organization","@id":"https:\/\/idakorea.ee\/#organization","name":"IDA.KOREA","url":"https:\/\/idakorea.ee\/","logo":{"@type":"ImageObject","inLanguage":"en-US","@id":"https:\/\/idakorea.ee\/#\/schema\/logo\/image\/","url":"https:\/\/idakorea.ee\/wp-content\/uploads\/2024\/05\/cropped-korea3.png","contentUrl":"https:\/\/idakorea.ee\/wp-content\/uploads\/2024\/05\/cropped-korea3.png","width":688,"height":126,"caption":"IDA.KOREA"},"image":{"@id":"https:\/\/idakorea.ee\/#\/schema\/logo\/image\/"},"sameAs":["https:\/\/www.instagram.com\/ida.korea\/"]}]}},"jetpack_sharing_enabled":true,"brands":[{"id":104,"name":"ANUA","slug":"anua"}],"_links":{"self":[{"href":"https:\/\/idakorea.ee\/en\/wp-json\/wp\/v2\/product\/13318","targetHints":{"allow":["GET"]}}],"collection":[{"href":"https:\/\/idakorea.ee\/en\/wp-json\/wp\/v2\/product"}],"about":[{"href":"https:\/\/idakorea.ee\/en\/wp-json\/wp\/v2\/types\/product"}],"replies":[{"embeddable":true,"href":"https:\/\/idakorea.ee\/en\/wp-json\/wp\/v2\/comments?post=13318"}],"version-history":[{"count":3,"href":"https:\/\/idakorea.ee\/en\/wp-json\/wp\/v2\/product\/13318\/revisions"}],"predecessor-version":[{"id":14099,"href":"https:\/\/idakorea.ee\/en\/wp-json\/wp\/v2\/product\/13318\/revisions\/14099"}],"wp:featuredmedia":[{"embeddable":true,"href":"https:\/\/idakorea.ee\/en\/wp-json\/wp\/v2\/media\/13319"}],"wp:attachment":[{"href":"https:\/\/idakorea.ee\/en\/wp-json\/wp\/v2\/media?parent=13318"}],"wp:term":[{"taxonomy":"pwb-brand","embeddable":true,"href":"https:\/\/idakorea.ee\/en\/wp-json\/wp\/v2\/pwb-brand?post=13318"},{"taxonomy":"product_brand","embeddable":true,"href":"https:\/\/idakorea.ee\/en\/wp-json\/wp\/v2\/product_brand?post=13318"},{"taxonomy":"product_cat","embeddable":true,"href":"https:\/\/idakorea.ee\/en\/wp-json\/wp\/v2\/product_cat?post=13318"},{"taxonomy":"product_tag","embeddable":true,"href":"https:\/\/idakorea.ee\/en\/wp-json\/wp\/v2\/product_tag?post=13318"}],"curies":[{"name":"wp","href":"https:\/\/api.w.org\/{rel}","templated":true}]}}