{"id":13323,"date":"2025-03-28T10:59:23","date_gmt":"2025-03-28T08:59:23","guid":{"rendered":"https:\/\/idakorea.ee\/?post_type=product&#038;p=13323"},"modified":"2026-04-13T20:27:23","modified_gmt":"2026-04-13T18:27:23","slug":"geelmask-medicube-pdrn-pink-collagen-gel-mask-28g","status":"publish","type":"product","link":"https:\/\/idakorea.ee\/en\/product\/geelmask-medicube-pdrn-pink-collagen-gel-mask-28g\/","title":{"rendered":"Geelmask Medicube PDRN Pink Collagen Gel Mask, 28g"},"content":{"rendered":"<p><strong>Medicube PDRN Pink Collagen Gel Mask<\/strong> is an innovative gel mask that provides intensive care for all skin types. It contains salmon PDRN, an extract of salmon DNA, which helps to strengthen the skin's protective barrier, improve elasticity and even skin tone. Containing low-molecular collagen and niacinamide, the mask moisturises the skin, reduces the appearance of fine wrinkles and tightens enlarged pores and uneven skin tone.<\/p>\n<p><strong>Improves skin elasticity<\/strong> - contains salmon PDRN and collagen, which strengthen the skin's strength and resilience.<br \/>\n<strong>Moisturises and soothes<\/strong> - provides intensive hydration, particularly suitable for sensitive and irritated skin.<br \/>\n<strong>Brightens skin tone<\/strong> - niacinamide helps to reduce dark spots and brighten skin tone.<br \/>\n<strong>Strengthens the skin's protective barrier<\/strong> - protects against external aggressors and supports skin health.<br \/>\n<strong>The Korean \"glass ceiling\" effect<\/strong> - gives the skin a natural glow, one of the main goals of Korean skincare.<\/p>\n<p>&nbsp;<\/p>\n<p>Suitable for all skin types, this mask can be used day or night for maximum effect and a radiant complexion.<\/p>\n<p><strong>Usage: <\/strong><strong>Night Maskina<\/strong> - apply the mask to the skin as the last step of your evening routine. Leave on overnight and rinse off in the morning.<br \/>\n<strong>For everyday use<\/strong> - apply the mask to the skin after the toner or serum and leave on for 3-4 hours. Wait for the mask to turn a translucent pink colour - this means that the active ingredients have been fully absorbed by the skin.<\/p>\n<p><strong>Important!<\/strong> Be careful when removing the mask from the packaging to avoid damaging the gel.<\/p>","protected":false},"excerpt":{"rendered":"<p>Medicube PDRN Pink Collagen Gel Mask is an innovative gel mask that provides intensive care for all skin types. It contains salmon PDRN, an extract of salmon DNA, which helps to strengthen the skin's protective barrier, improve elasticity and even skin tone. Containing low-molecular collagen and niacinamide, the mask moisturises the skin, reduces the appearance of fine wrinkles and tightens enlarged pores and uneven skin tone. Improves skin elasticity -...<\/p>","protected":false},"featured_media":13324,"comment_status":"open","ping_status":"closed","template":"","meta":{"_uf_show_specific_survey":0,"_uf_disable_surveys":false,"_bst_post_transparent":"default","_bst_post_title":"","_bst_post_layout":"default","_bst_post_sidebar_id":"","_bst_post_content_style":"default","_bst_post_vertical_padding":"default","_bst_post_feature":"","_bst_post_feature_position":"","_bst_post_header":false,"_bst_post_footer":false},"pwb-brand":[490],"product_brand":[],"product_cat":[92,98],"product_tag":[721,789],"class_list":{"0":"post-13323","1":"product","2":"type-product","3":"status-publish","4":"has-post-thumbnail","6":"pwb-brand-medicube","7":"product_cat-nagu","8":"product_cat-naomaskid","9":"product_tag-medicube","10":"product_tag-pdrn","12":"first","13":"instock","14":"sale","15":"shipping-taxable","16":"purchasable","17":"product-type-simple","18":"entry","19":"content-bg","20":"loop-entry"},"supplier_id":null,"supplier_sku":"","barcode":null,"atum_controlled":true,"out_stock_date":null,"out_stock_threshold":null,"inheritable":false,"inbound_stock":0,"stock_on_hold":2,"sold_today":0,"sales_last_days":5,"out_stock_days":0,"lost_sales":0,"has_location":false,"update_date":"2026-04-14T08:36:50","atum_locations":[],"atum_stock_status":"instock","restock_status":false,"low_stock_amount":"","sales_update_date":"2026-04-14T08:36:50","calc_backorders":null,"yoast_head":"<!-- This site is optimized with the Yoast SEO plugin v27.2 - https:\/\/yoast.com\/product\/yoast-seo-wordpress\/ -->\n<title>Medicube PDRN Pink Collagen Gel Mask, 28g - IDA.KOREA<\/title>\n<meta name=\"description\" content=\"Medicube PDRN Pink Collagen Gel Mask on innovaatiline geelmask, mis pakub intensiivset hooldust k\u00f5ikidele nahat\u00fc\u00fcpidele. Kiire tarne!\" \/>\n<meta name=\"robots\" content=\"index, follow, max-snippet:-1, max-image-preview:large, max-video-preview:-1\" \/>\n<link rel=\"canonical\" href=\"https:\/\/idakorea.ee\/en\/product\/geelmask-medicube-pdrn-pink-collagen-gel-mask-28g\/\" \/>\n<meta property=\"og:locale\" content=\"en_US\" \/>\n<meta property=\"og:type\" content=\"article\" \/>\n<meta property=\"og:title\" content=\"Medicube PDRN Pink Collagen Gel Mask, 28g - IDA.KOREA\" \/>\n<meta property=\"og:description\" content=\"Medicube PDRN Pink Collagen Gel Mask on innovaatiline geelmask, mis pakub intensiivset hooldust k\u00f5ikidele nahat\u00fc\u00fcpidele. Kiire tarne!\" \/>\n<meta property=\"og:url\" content=\"https:\/\/idakorea.ee\/en\/product\/geelmask-medicube-pdrn-pink-collagen-gel-mask-28g\/\" \/>\n<meta property=\"og:site_name\" content=\"IDA.KOREA\" \/>\n<meta property=\"article:modified_time\" content=\"2026-04-13T18:27:23+00:00\" \/>\n<meta property=\"og:image\" content=\"https:\/\/idakorea.ee\/wp-content\/uploads\/2025\/03\/medicubepdrnpinkcollagengelmask-idakorea.webp\" \/>\n\t<meta property=\"og:image:width\" content=\"950\" \/>\n\t<meta property=\"og:image:height\" content=\"950\" \/>\n\t<meta property=\"og:image:type\" content=\"image\/webp\" \/>\n<meta name=\"twitter:card\" content=\"summary_large_image\" \/>\n<meta name=\"twitter:label1\" content=\"Est. reading time\" \/>\n\t<meta name=\"twitter:data1\" content=\"2 minutes\" \/>\n<script type=\"application\/ld+json\" class=\"yoast-schema-graph\">{\"@context\":\"https:\/\/schema.org\",\"@graph\":[{\"@type\":\"WebPage\",\"@id\":\"https:\/\/idakorea.ee\/product\/geelmask-medicube-pdrn-pink-collagen-gel-mask-28g\/\",\"url\":\"https:\/\/idakorea.ee\/product\/geelmask-medicube-pdrn-pink-collagen-gel-mask-28g\/\",\"name\":\"Medicube PDRN Pink Collagen Gel Mask, 28g - IDA.KOREA\",\"isPartOf\":{\"@id\":\"https:\/\/idakorea.ee\/#website\"},\"primaryImageOfPage\":{\"@id\":\"https:\/\/idakorea.ee\/product\/geelmask-medicube-pdrn-pink-collagen-gel-mask-28g\/#primaryimage\"},\"image\":{\"@id\":\"https:\/\/idakorea.ee\/product\/geelmask-medicube-pdrn-pink-collagen-gel-mask-28g\/#primaryimage\"},\"thumbnailUrl\":\"https:\/\/idakorea.ee\/wp-content\/uploads\/2025\/03\/medicubepdrnpinkcollagengelmask-idakorea.webp\",\"datePublished\":\"2025-03-28T08:59:23+00:00\",\"dateModified\":\"2026-04-13T18:27:23+00:00\",\"description\":\"Medicube PDRN Pink Collagen Gel Mask on innovaatiline geelmask, mis pakub intensiivset hooldust k\u00f5ikidele nahat\u00fc\u00fcpidele. Kiire tarne!\",\"breadcrumb\":{\"@id\":\"https:\/\/idakorea.ee\/product\/geelmask-medicube-pdrn-pink-collagen-gel-mask-28g\/#breadcrumb\"},\"inLanguage\":\"en-US\",\"potentialAction\":[{\"@type\":\"ReadAction\",\"target\":[\"https:\/\/idakorea.ee\/product\/geelmask-medicube-pdrn-pink-collagen-gel-mask-28g\/\"]}]},{\"@type\":\"ImageObject\",\"inLanguage\":\"en-US\",\"@id\":\"https:\/\/idakorea.ee\/product\/geelmask-medicube-pdrn-pink-collagen-gel-mask-28g\/#primaryimage\",\"url\":\"https:\/\/idakorea.ee\/wp-content\/uploads\/2025\/03\/medicubepdrnpinkcollagengelmask-idakorea.webp\",\"contentUrl\":\"https:\/\/idakorea.ee\/wp-content\/uploads\/2025\/03\/medicubepdrnpinkcollagengelmask-idakorea.webp\",\"width\":950,\"height\":950},{\"@type\":\"BreadcrumbList\",\"@id\":\"https:\/\/idakorea.ee\/product\/geelmask-medicube-pdrn-pink-collagen-gel-mask-28g\/#breadcrumb\",\"itemListElement\":[{\"@type\":\"ListItem\",\"position\":1,\"name\":\"\u0413\u043b\u0430\u0432\u043d\u0430\u044f \u0441\u0442\u0440\u0430\u043d\u0438\u0446\u0430\",\"item\":\"https:\/\/idakorea.ee\/\"},{\"@type\":\"ListItem\",\"position\":2,\"name\":\"Shop\",\"item\":\"https:\/\/idakorea.ee\/shop-2\/\"},{\"@type\":\"ListItem\",\"position\":3,\"name\":\"Geelmask Medicube PDRN Pink Collagen Gel Mask, 28g\"}]},{\"@type\":\"WebSite\",\"@id\":\"https:\/\/idakorea.ee\/#website\",\"url\":\"https:\/\/idakorea.ee\/\",\"name\":\"IDA.KOREA\",\"description\":\"Korea kosmeetika e-pood\",\"publisher\":{\"@id\":\"https:\/\/idakorea.ee\/#organization\"},\"alternateName\":\"Beauty Shop\",\"potentialAction\":[{\"@type\":\"SearchAction\",\"target\":{\"@type\":\"EntryPoint\",\"urlTemplate\":\"https:\/\/idakorea.ee\/?s={search_term_string}\"},\"query-input\":{\"@type\":\"PropertyValueSpecification\",\"valueRequired\":true,\"valueName\":\"search_term_string\"}}],\"inLanguage\":\"en-US\"},{\"@type\":\"Organization\",\"@id\":\"https:\/\/idakorea.ee\/#organization\",\"name\":\"IDA.KOREA\",\"url\":\"https:\/\/idakorea.ee\/\",\"logo\":{\"@type\":\"ImageObject\",\"inLanguage\":\"en-US\",\"@id\":\"https:\/\/idakorea.ee\/#\/schema\/logo\/image\/\",\"url\":\"https:\/\/idakorea.ee\/wp-content\/uploads\/2024\/05\/cropped-korea3.png\",\"contentUrl\":\"https:\/\/idakorea.ee\/wp-content\/uploads\/2024\/05\/cropped-korea3.png\",\"width\":688,\"height\":126,\"caption\":\"IDA.KOREA\"},\"image\":{\"@id\":\"https:\/\/idakorea.ee\/#\/schema\/logo\/image\/\"},\"sameAs\":[\"https:\/\/www.instagram.com\/ida.korea\/\"]}]}<\/script>\n<!-- \/ Yoast SEO plugin. -->","yoast_head_json":{"title":"Medicube PDRN Pink Collagen Gel Mask, 28g - IDA.KOREA","description":"Medicube PDRN Pink Collagen Gel Mask is an innovative gel mask that provides intensive care for all skin types. Fast delivery!","robots":{"index":"index","follow":"follow","max-snippet":"max-snippet:-1","max-image-preview":"max-image-preview:large","max-video-preview":"max-video-preview:-1"},"canonical":"https:\/\/idakorea.ee\/en\/product\/geelmask-medicube-pdrn-pink-collagen-gel-mask-28g\/","og_locale":"en_US","og_type":"article","og_title":"Medicube PDRN Pink Collagen Gel Mask, 28g - IDA.KOREA","og_description":"Medicube PDRN Pink Collagen Gel Mask on innovaatiline geelmask, mis pakub intensiivset hooldust k\u00f5ikidele nahat\u00fc\u00fcpidele. Kiire tarne!","og_url":"https:\/\/idakorea.ee\/en\/product\/geelmask-medicube-pdrn-pink-collagen-gel-mask-28g\/","og_site_name":"IDA.KOREA","article_modified_time":"2026-04-13T18:27:23+00:00","og_image":[{"width":950,"height":950,"url":"https:\/\/idakorea.ee\/wp-content\/uploads\/2025\/03\/medicubepdrnpinkcollagengelmask-idakorea.webp","type":"image\/webp"}],"twitter_card":"summary_large_image","twitter_misc":{"Est. reading time":"2 minutes"},"schema":{"@context":"https:\/\/schema.org","@graph":[{"@type":"WebPage","@id":"https:\/\/idakorea.ee\/product\/geelmask-medicube-pdrn-pink-collagen-gel-mask-28g\/","url":"https:\/\/idakorea.ee\/product\/geelmask-medicube-pdrn-pink-collagen-gel-mask-28g\/","name":"Medicube PDRN Pink Collagen Gel Mask, 28g - IDA.KOREA","isPartOf":{"@id":"https:\/\/idakorea.ee\/#website"},"primaryImageOfPage":{"@id":"https:\/\/idakorea.ee\/product\/geelmask-medicube-pdrn-pink-collagen-gel-mask-28g\/#primaryimage"},"image":{"@id":"https:\/\/idakorea.ee\/product\/geelmask-medicube-pdrn-pink-collagen-gel-mask-28g\/#primaryimage"},"thumbnailUrl":"https:\/\/idakorea.ee\/wp-content\/uploads\/2025\/03\/medicubepdrnpinkcollagengelmask-idakorea.webp","datePublished":"2025-03-28T08:59:23+00:00","dateModified":"2026-04-13T18:27:23+00:00","description":"Medicube PDRN Pink Collagen Gel Mask is an innovative gel mask that provides intensive care for all skin types. Fast delivery!","breadcrumb":{"@id":"https:\/\/idakorea.ee\/product\/geelmask-medicube-pdrn-pink-collagen-gel-mask-28g\/#breadcrumb"},"inLanguage":"en-US","potentialAction":[{"@type":"ReadAction","target":["https:\/\/idakorea.ee\/product\/geelmask-medicube-pdrn-pink-collagen-gel-mask-28g\/"]}]},{"@type":"ImageObject","inLanguage":"en-US","@id":"https:\/\/idakorea.ee\/product\/geelmask-medicube-pdrn-pink-collagen-gel-mask-28g\/#primaryimage","url":"https:\/\/idakorea.ee\/wp-content\/uploads\/2025\/03\/medicubepdrnpinkcollagengelmask-idakorea.webp","contentUrl":"https:\/\/idakorea.ee\/wp-content\/uploads\/2025\/03\/medicubepdrnpinkcollagengelmask-idakorea.webp","width":950,"height":950},{"@type":"BreadcrumbList","@id":"https:\/\/idakorea.ee\/product\/geelmask-medicube-pdrn-pink-collagen-gel-mask-28g\/#breadcrumb","itemListElement":[{"@type":"ListItem","position":1,"name":"\u0413\u043b\u0430\u0432\u043d\u0430\u044f \u0441\u0442\u0440\u0430\u043d\u0438\u0446\u0430","item":"https:\/\/idakorea.ee\/"},{"@type":"ListItem","position":2,"name":"Shop","item":"https:\/\/idakorea.ee\/shop-2\/"},{"@type":"ListItem","position":3,"name":"Geelmask Medicube PDRN Pink Collagen Gel Mask, 28g"}]},{"@type":"WebSite","@id":"https:\/\/idakorea.ee\/#website","url":"https:\/\/idakorea.ee\/","name":"IDA.KOREA","description":"Korean cosmetics e-shop","publisher":{"@id":"https:\/\/idakorea.ee\/#organization"},"alternateName":"Beauty Shop","potentialAction":[{"@type":"SearchAction","target":{"@type":"EntryPoint","urlTemplate":"https:\/\/idakorea.ee\/?s={search_term_string}"},"query-input":{"@type":"PropertyValueSpecification","valueRequired":true,"valueName":"search_term_string"}}],"inLanguage":"en-US"},{"@type":"Organization","@id":"https:\/\/idakorea.ee\/#organization","name":"IDA.KOREA","url":"https:\/\/idakorea.ee\/","logo":{"@type":"ImageObject","inLanguage":"en-US","@id":"https:\/\/idakorea.ee\/#\/schema\/logo\/image\/","url":"https:\/\/idakorea.ee\/wp-content\/uploads\/2024\/05\/cropped-korea3.png","contentUrl":"https:\/\/idakorea.ee\/wp-content\/uploads\/2024\/05\/cropped-korea3.png","width":688,"height":126,"caption":"IDA.KOREA"},"image":{"@id":"https:\/\/idakorea.ee\/#\/schema\/logo\/image\/"},"sameAs":["https:\/\/www.instagram.com\/ida.korea\/"]}]}},"jetpack_sharing_enabled":true,"brands":[{"id":490,"name":"MEDICUBE","slug":"medicube"}],"_links":{"self":[{"href":"https:\/\/idakorea.ee\/en\/wp-json\/wp\/v2\/product\/13323","targetHints":{"allow":["GET"]}}],"collection":[{"href":"https:\/\/idakorea.ee\/en\/wp-json\/wp\/v2\/product"}],"about":[{"href":"https:\/\/idakorea.ee\/en\/wp-json\/wp\/v2\/types\/product"}],"replies":[{"embeddable":true,"href":"https:\/\/idakorea.ee\/en\/wp-json\/wp\/v2\/comments?post=13323"}],"version-history":[{"count":2,"href":"https:\/\/idakorea.ee\/en\/wp-json\/wp\/v2\/product\/13323\/revisions"}],"predecessor-version":[{"id":13328,"href":"https:\/\/idakorea.ee\/en\/wp-json\/wp\/v2\/product\/13323\/revisions\/13328"}],"wp:featuredmedia":[{"embeddable":true,"href":"https:\/\/idakorea.ee\/en\/wp-json\/wp\/v2\/media\/13324"}],"wp:attachment":[{"href":"https:\/\/idakorea.ee\/en\/wp-json\/wp\/v2\/media?parent=13323"}],"wp:term":[{"taxonomy":"pwb-brand","embeddable":true,"href":"https:\/\/idakorea.ee\/en\/wp-json\/wp\/v2\/pwb-brand?post=13323"},{"taxonomy":"product_brand","embeddable":true,"href":"https:\/\/idakorea.ee\/en\/wp-json\/wp\/v2\/product_brand?post=13323"},{"taxonomy":"product_cat","embeddable":true,"href":"https:\/\/idakorea.ee\/en\/wp-json\/wp\/v2\/product_cat?post=13323"},{"taxonomy":"product_tag","embeddable":true,"href":"https:\/\/idakorea.ee\/en\/wp-json\/wp\/v2\/product_tag?post=13323"}],"curies":[{"name":"wp","href":"https:\/\/api.w.org\/{rel}","templated":true}]}}