{"id":13330,"date":"2025-03-28T12:05:42","date_gmt":"2025-03-28T10:05:42","guid":{"rendered":"https:\/\/idakorea.ee\/?post_type=product&#038;p=13330"},"modified":"2026-03-07T14:56:14","modified_gmt":"2026-03-07T12:56:14","slug":"rahustav-paikesekaitsekreem-anua-heartleaf-silky-moisture-sun-cream-spf50-pa-50ml","status":"publish","type":"product","link":"https:\/\/idakorea.ee\/en\/product\/rahustav-paikesekaitsekreem-anua-heartleaf-silky-moisture-sun-cream-spf50-pa-50ml\/","title":{"rendered":"Soothing Sunscreen Anua Heartleaf Silky Moisture Sun Cream SPF50+ PA++++, 50ml"},"content":{"rendered":"<p>Soothing Anua Heartleaf Silky Moisture Sun Cream SPF50+ PA++++ prevents cell damage caused by UV rays, softens and moisturises the skin, and absorbs perfectly without leaving white marks. It also helps to prevent oily shine.<\/p>\n<p>It protects against sunburn, pigmentation and photo-ageing, and is ideal as a sun-protecting base cream under make-up. It reduces redness and irritation, does not leave the skin feeling sticky and provides a refreshing sensation on application.<\/p>\n<p><strong>Contains the latest generation of photo-stable chemical UV filters that provide up to 8 hours of protection in urban environments:<\/strong><br \/>\n<strong>Uvinul A Plus<\/strong> (Diethylamino Hydroxybenzoyl Hexyl Benzoate) - protects against UVA radiation.<br \/>\n<strong>Uvinul T 150<\/strong> (Ethylhexyl Triazone) - blocks UVB radiation.<br \/>\n<strong>Parsol SLX<\/strong> (Polysilicone-15) - provides UVB protection and leaves skin with a non-greasy finish.<br \/>\n<strong>Tinosorb S<\/strong> (Bis-Ethylhexyloxyphenol Methoxyphenyl Triazine) - broad spectrum filter against UVA and UVB radiation.<br \/>\n<strong>Ecamsule \/ Mexoryl SX<\/strong> (Terephthalylidene Dicamphor Sulfonic Acid) - an emulsion-like filter that increases the overall protection factor against UVA and UVB rays.<\/p>\n<p><strong>Main active ingredients:<\/strong><\/p>\n<p><strong>Echinococcus extract (300 000 ppm)<\/strong> - reduces inflammation, speeds up the healing of micro-wounds, soothes irritated skin and reduces its sensitivity.<br \/>\n<strong>Niacinamide (vitamin B3)<\/strong> - evens skin tone, improves complexion, stimulates collagen production, lightens pigmentation and strengthens the skin's protective barrier.<br \/>\n<strong>Coffee seed extract<\/strong> - a powerful antioxidant containing ferulic acid, slows down the ageing process and reduces the negative effects of UV radiation.<br \/>\n<strong>Panthenol (vitamin B5)<\/strong> - speeds up the skin's recovery, softens and soothes, reduces redness and strengthens the skin's defences.<br \/>\n<strong>Green tea leaf extract<\/strong> - protects cells from oxidative stress, reduces swelling and regulates lipid secretion.<br \/>\n<strong>Hurmavilja extract<\/strong> - contains polyphenols, which are natural antioxidants. Helps to tighten pores, reduce inflammation and promote skin healing.<br \/>\n<strong>Jeriho rose extract<\/strong> - a deeply nourishing and regenerating component with powerful antioxidant properties that slow down the ageing process.<br \/>\n<strong>Grape extract<\/strong> - stimulates skin renewal, strengthens capillaries and combats redness and inflammation.<\/p>\n<p>&nbsp;<\/p>\n<p>Suitable for all skin types.<\/p>\n<p><strong>Usage: <\/strong>After the last step of your daily skincare routine, apply about 1.2 ml of the cream to the face and neck, and use it on other areas exposed to the sun. For prolonged sun exposure, such as at the beach, reapply every 2-3 hours.<\/p>","protected":false},"excerpt":{"rendered":"<p>Soothing Anua Heartleaf Silky Moisture Sun Cream SPF50+ PA++++ prevents cell damage caused by UV rays, softens and moisturises the skin, and absorbs perfectly without leaving white marks. It also helps to prevent greasy shine. The cream protects against sunburn, pigmentation and photo-ageing and is ideal as a sun protection base cream under make-up. It reduces redness and irritation, doesn't leave skin feeling sticky....<\/p>","protected":false},"featured_media":13331,"comment_status":"open","ping_status":"closed","template":"","meta":{"_uf_show_specific_survey":0,"_uf_disable_surveys":false,"_bst_post_transparent":"default","_bst_post_title":"","_bst_post_layout":"default","_bst_post_sidebar_id":"","_bst_post_content_style":"default","_bst_post_vertical_padding":"default","_bst_post_feature":"","_bst_post_feature_position":"","_bst_post_header":false,"_bst_post_footer":false},"pwb-brand":[104],"product_brand":[],"product_cat":[92,101],"product_tag":[102,864],"class_list":{"0":"post-13330","1":"product","2":"type-product","3":"status-publish","4":"has-post-thumbnail","6":"pwb-brand-anua","7":"product_cat-nagu","8":"product_cat-paikesekaitse","9":"product_tag-anua","10":"product_tag-spf","12":"first","13":"instock","14":"sale","15":"shipping-taxable","16":"purchasable","17":"product-type-simple","18":"entry","19":"content-bg","20":"loop-entry"},"supplier_id":null,"supplier_sku":"","barcode":null,"atum_controlled":true,"out_stock_date":null,"out_stock_threshold":null,"inheritable":false,"inbound_stock":0,"stock_on_hold":0,"sold_today":0,"sales_last_days":0,"out_stock_days":0,"lost_sales":0,"has_location":false,"update_date":"2026-04-14T00:05:07","atum_locations":[],"atum_stock_status":"instock","restock_status":false,"low_stock_amount":"","sales_update_date":"2026-04-14T00:05:07","calc_backorders":null,"yoast_head":"<!-- This site is optimized with the Yoast SEO plugin v27.2 - https:\/\/yoast.com\/product\/yoast-seo-wordpress\/ -->\n<title>Rahustav p\u00e4ikesekaitsekreem Anua Heartleaf Silky Moisture Sun Cream SPF50+ PA++++, 50ml - IDA.KOREA<\/title>\n<meta name=\"robots\" content=\"index, follow, max-snippet:-1, max-image-preview:large, max-video-preview:-1\" \/>\n<link rel=\"canonical\" href=\"https:\/\/idakorea.ee\/en\/product\/rahustav-paikesekaitsekreem-anua-heartleaf-silky-moisture-sun-cream-spf50-pa-50ml\/\" \/>\n<meta property=\"og:locale\" content=\"en_US\" \/>\n<meta property=\"og:type\" content=\"article\" \/>\n<meta property=\"og:title\" content=\"Rahustav p\u00e4ikesekaitsekreem Anua Heartleaf Silky Moisture Sun Cream SPF50+ PA++++, 50ml - IDA.KOREA\" \/>\n<meta property=\"og:description\" content=\"Rahustav p\u00e4ikesekaitsekreem Anua Heartleaf Silky Moisture Sun Cream SPF50+ PA++++ hoiab \u00e4ra UV-kiirguse p\u00f5hjustatud rakukahjustused, pehmendab ja niisutab nahka ning imendub suurep\u00e4raselt ilma valgeid j\u00e4lgi j\u00e4tmata. Samuti aitab see v\u00e4ltida rasust l\u00e4iget. Kreem kaitseb p\u00e4ikesep\u00f5letuse, pigmendilaikude ja fotovananemise eest ning sobib suurep\u00e4raselt p\u00e4ikesekaitse aluskreemiks meigi alla. See v\u00e4hendab punetust ja \u00e4rritust, ei j\u00e4ta nahka kleepuvaks...\" \/>\n<meta property=\"og:url\" content=\"https:\/\/idakorea.ee\/en\/product\/rahustav-paikesekaitsekreem-anua-heartleaf-silky-moisture-sun-cream-spf50-pa-50ml\/\" \/>\n<meta property=\"og:site_name\" content=\"IDA.KOREA\" \/>\n<meta property=\"article:modified_time\" content=\"2026-03-07T12:56:14+00:00\" \/>\n<meta property=\"og:image\" content=\"https:\/\/idakorea.ee\/wp-content\/uploads\/2025\/03\/anua_heartleaf_silky_moisture_sun_cream_spf50_idakorea.webp\" \/>\n\t<meta property=\"og:image:width\" content=\"950\" \/>\n\t<meta property=\"og:image:height\" content=\"950\" \/>\n\t<meta property=\"og:image:type\" content=\"image\/webp\" \/>\n<meta name=\"twitter:card\" content=\"summary_large_image\" \/>\n<meta name=\"twitter:label1\" content=\"Est. reading time\" \/>\n\t<meta name=\"twitter:data1\" content=\"2 minutes\" \/>\n<script type=\"application\/ld+json\" class=\"yoast-schema-graph\">{\"@context\":\"https:\/\/schema.org\",\"@graph\":[{\"@type\":\"WebPage\",\"@id\":\"https:\/\/idakorea.ee\/product\/rahustav-paikesekaitsekreem-anua-heartleaf-silky-moisture-sun-cream-spf50-pa-50ml\/\",\"url\":\"https:\/\/idakorea.ee\/product\/rahustav-paikesekaitsekreem-anua-heartleaf-silky-moisture-sun-cream-spf50-pa-50ml\/\",\"name\":\"Rahustav p\u00e4ikesekaitsekreem Anua Heartleaf Silky Moisture Sun Cream SPF50+ PA++++, 50ml - IDA.KOREA\",\"isPartOf\":{\"@id\":\"https:\/\/idakorea.ee\/#website\"},\"primaryImageOfPage\":{\"@id\":\"https:\/\/idakorea.ee\/product\/rahustav-paikesekaitsekreem-anua-heartleaf-silky-moisture-sun-cream-spf50-pa-50ml\/#primaryimage\"},\"image\":{\"@id\":\"https:\/\/idakorea.ee\/product\/rahustav-paikesekaitsekreem-anua-heartleaf-silky-moisture-sun-cream-spf50-pa-50ml\/#primaryimage\"},\"thumbnailUrl\":\"https:\/\/idakorea.ee\/wp-content\/uploads\/2025\/03\/anua_heartleaf_silky_moisture_sun_cream_spf50_idakorea.webp\",\"datePublished\":\"2025-03-28T10:05:42+00:00\",\"dateModified\":\"2026-03-07T12:56:14+00:00\",\"breadcrumb\":{\"@id\":\"https:\/\/idakorea.ee\/product\/rahustav-paikesekaitsekreem-anua-heartleaf-silky-moisture-sun-cream-spf50-pa-50ml\/#breadcrumb\"},\"inLanguage\":\"en-US\",\"potentialAction\":[{\"@type\":\"ReadAction\",\"target\":[\"https:\/\/idakorea.ee\/product\/rahustav-paikesekaitsekreem-anua-heartleaf-silky-moisture-sun-cream-spf50-pa-50ml\/\"]}]},{\"@type\":\"ImageObject\",\"inLanguage\":\"en-US\",\"@id\":\"https:\/\/idakorea.ee\/product\/rahustav-paikesekaitsekreem-anua-heartleaf-silky-moisture-sun-cream-spf50-pa-50ml\/#primaryimage\",\"url\":\"https:\/\/idakorea.ee\/wp-content\/uploads\/2025\/03\/anua_heartleaf_silky_moisture_sun_cream_spf50_idakorea.webp\",\"contentUrl\":\"https:\/\/idakorea.ee\/wp-content\/uploads\/2025\/03\/anua_heartleaf_silky_moisture_sun_cream_spf50_idakorea.webp\",\"width\":950,\"height\":950},{\"@type\":\"BreadcrumbList\",\"@id\":\"https:\/\/idakorea.ee\/product\/rahustav-paikesekaitsekreem-anua-heartleaf-silky-moisture-sun-cream-spf50-pa-50ml\/#breadcrumb\",\"itemListElement\":[{\"@type\":\"ListItem\",\"position\":1,\"name\":\"\u0413\u043b\u0430\u0432\u043d\u0430\u044f \u0441\u0442\u0440\u0430\u043d\u0438\u0446\u0430\",\"item\":\"https:\/\/idakorea.ee\/\"},{\"@type\":\"ListItem\",\"position\":2,\"name\":\"Shop\",\"item\":\"https:\/\/idakorea.ee\/shop-2\/\"},{\"@type\":\"ListItem\",\"position\":3,\"name\":\"Rahustav p\u00e4ikesekaitsekreem Anua Heartleaf Silky Moisture Sun Cream SPF50+ PA++++, 50ml\"}]},{\"@type\":\"WebSite\",\"@id\":\"https:\/\/idakorea.ee\/#website\",\"url\":\"https:\/\/idakorea.ee\/\",\"name\":\"IDA.KOREA\",\"description\":\"Korea kosmeetika e-pood\",\"publisher\":{\"@id\":\"https:\/\/idakorea.ee\/#organization\"},\"alternateName\":\"Beauty Shop\",\"potentialAction\":[{\"@type\":\"SearchAction\",\"target\":{\"@type\":\"EntryPoint\",\"urlTemplate\":\"https:\/\/idakorea.ee\/?s={search_term_string}\"},\"query-input\":{\"@type\":\"PropertyValueSpecification\",\"valueRequired\":true,\"valueName\":\"search_term_string\"}}],\"inLanguage\":\"en-US\"},{\"@type\":\"Organization\",\"@id\":\"https:\/\/idakorea.ee\/#organization\",\"name\":\"IDA.KOREA\",\"url\":\"https:\/\/idakorea.ee\/\",\"logo\":{\"@type\":\"ImageObject\",\"inLanguage\":\"en-US\",\"@id\":\"https:\/\/idakorea.ee\/#\/schema\/logo\/image\/\",\"url\":\"https:\/\/idakorea.ee\/wp-content\/uploads\/2024\/05\/cropped-korea3.png\",\"contentUrl\":\"https:\/\/idakorea.ee\/wp-content\/uploads\/2024\/05\/cropped-korea3.png\",\"width\":688,\"height\":126,\"caption\":\"IDA.KOREA\"},\"image\":{\"@id\":\"https:\/\/idakorea.ee\/#\/schema\/logo\/image\/\"},\"sameAs\":[\"https:\/\/www.instagram.com\/ida.korea\/\"]}]}<\/script>\n<!-- \/ Yoast SEO plugin. -->","yoast_head_json":{"title":"Soothing Sunscreen Anua Heartleaf Silky Moisture Sun Cream SPF50+ PA++++, 50ml - IDA.KOREA","robots":{"index":"index","follow":"follow","max-snippet":"max-snippet:-1","max-image-preview":"max-image-preview:large","max-video-preview":"max-video-preview:-1"},"canonical":"https:\/\/idakorea.ee\/en\/product\/rahustav-paikesekaitsekreem-anua-heartleaf-silky-moisture-sun-cream-spf50-pa-50ml\/","og_locale":"en_US","og_type":"article","og_title":"Rahustav p\u00e4ikesekaitsekreem Anua Heartleaf Silky Moisture Sun Cream SPF50+ PA++++, 50ml - IDA.KOREA","og_description":"Rahustav p\u00e4ikesekaitsekreem Anua Heartleaf Silky Moisture Sun Cream SPF50+ PA++++ hoiab \u00e4ra UV-kiirguse p\u00f5hjustatud rakukahjustused, pehmendab ja niisutab nahka ning imendub suurep\u00e4raselt ilma valgeid j\u00e4lgi j\u00e4tmata. Samuti aitab see v\u00e4ltida rasust l\u00e4iget. Kreem kaitseb p\u00e4ikesep\u00f5letuse, pigmendilaikude ja fotovananemise eest ning sobib suurep\u00e4raselt p\u00e4ikesekaitse aluskreemiks meigi alla. See v\u00e4hendab punetust ja \u00e4rritust, ei j\u00e4ta nahka kleepuvaks...","og_url":"https:\/\/idakorea.ee\/en\/product\/rahustav-paikesekaitsekreem-anua-heartleaf-silky-moisture-sun-cream-spf50-pa-50ml\/","og_site_name":"IDA.KOREA","article_modified_time":"2026-03-07T12:56:14+00:00","og_image":[{"width":950,"height":950,"url":"https:\/\/idakorea.ee\/wp-content\/uploads\/2025\/03\/anua_heartleaf_silky_moisture_sun_cream_spf50_idakorea.webp","type":"image\/webp"}],"twitter_card":"summary_large_image","twitter_misc":{"Est. reading time":"2 minutes"},"schema":{"@context":"https:\/\/schema.org","@graph":[{"@type":"WebPage","@id":"https:\/\/idakorea.ee\/product\/rahustav-paikesekaitsekreem-anua-heartleaf-silky-moisture-sun-cream-spf50-pa-50ml\/","url":"https:\/\/idakorea.ee\/product\/rahustav-paikesekaitsekreem-anua-heartleaf-silky-moisture-sun-cream-spf50-pa-50ml\/","name":"Soothing Sunscreen Anua Heartleaf Silky Moisture Sun Cream SPF50+ PA++++, 50ml - IDA.KOREA","isPartOf":{"@id":"https:\/\/idakorea.ee\/#website"},"primaryImageOfPage":{"@id":"https:\/\/idakorea.ee\/product\/rahustav-paikesekaitsekreem-anua-heartleaf-silky-moisture-sun-cream-spf50-pa-50ml\/#primaryimage"},"image":{"@id":"https:\/\/idakorea.ee\/product\/rahustav-paikesekaitsekreem-anua-heartleaf-silky-moisture-sun-cream-spf50-pa-50ml\/#primaryimage"},"thumbnailUrl":"https:\/\/idakorea.ee\/wp-content\/uploads\/2025\/03\/anua_heartleaf_silky_moisture_sun_cream_spf50_idakorea.webp","datePublished":"2025-03-28T10:05:42+00:00","dateModified":"2026-03-07T12:56:14+00:00","breadcrumb":{"@id":"https:\/\/idakorea.ee\/product\/rahustav-paikesekaitsekreem-anua-heartleaf-silky-moisture-sun-cream-spf50-pa-50ml\/#breadcrumb"},"inLanguage":"en-US","potentialAction":[{"@type":"ReadAction","target":["https:\/\/idakorea.ee\/product\/rahustav-paikesekaitsekreem-anua-heartleaf-silky-moisture-sun-cream-spf50-pa-50ml\/"]}]},{"@type":"ImageObject","inLanguage":"en-US","@id":"https:\/\/idakorea.ee\/product\/rahustav-paikesekaitsekreem-anua-heartleaf-silky-moisture-sun-cream-spf50-pa-50ml\/#primaryimage","url":"https:\/\/idakorea.ee\/wp-content\/uploads\/2025\/03\/anua_heartleaf_silky_moisture_sun_cream_spf50_idakorea.webp","contentUrl":"https:\/\/idakorea.ee\/wp-content\/uploads\/2025\/03\/anua_heartleaf_silky_moisture_sun_cream_spf50_idakorea.webp","width":950,"height":950},{"@type":"BreadcrumbList","@id":"https:\/\/idakorea.ee\/product\/rahustav-paikesekaitsekreem-anua-heartleaf-silky-moisture-sun-cream-spf50-pa-50ml\/#breadcrumb","itemListElement":[{"@type":"ListItem","position":1,"name":"\u0413\u043b\u0430\u0432\u043d\u0430\u044f \u0441\u0442\u0440\u0430\u043d\u0438\u0446\u0430","item":"https:\/\/idakorea.ee\/"},{"@type":"ListItem","position":2,"name":"Shop","item":"https:\/\/idakorea.ee\/shop-2\/"},{"@type":"ListItem","position":3,"name":"Rahustav p\u00e4ikesekaitsekreem Anua Heartleaf Silky Moisture Sun Cream SPF50+ PA++++, 50ml"}]},{"@type":"WebSite","@id":"https:\/\/idakorea.ee\/#website","url":"https:\/\/idakorea.ee\/","name":"IDA.KOREA","description":"Korean cosmetics e-shop","publisher":{"@id":"https:\/\/idakorea.ee\/#organization"},"alternateName":"Beauty Shop","potentialAction":[{"@type":"SearchAction","target":{"@type":"EntryPoint","urlTemplate":"https:\/\/idakorea.ee\/?s={search_term_string}"},"query-input":{"@type":"PropertyValueSpecification","valueRequired":true,"valueName":"search_term_string"}}],"inLanguage":"en-US"},{"@type":"Organization","@id":"https:\/\/idakorea.ee\/#organization","name":"IDA.KOREA","url":"https:\/\/idakorea.ee\/","logo":{"@type":"ImageObject","inLanguage":"en-US","@id":"https:\/\/idakorea.ee\/#\/schema\/logo\/image\/","url":"https:\/\/idakorea.ee\/wp-content\/uploads\/2024\/05\/cropped-korea3.png","contentUrl":"https:\/\/idakorea.ee\/wp-content\/uploads\/2024\/05\/cropped-korea3.png","width":688,"height":126,"caption":"IDA.KOREA"},"image":{"@id":"https:\/\/idakorea.ee\/#\/schema\/logo\/image\/"},"sameAs":["https:\/\/www.instagram.com\/ida.korea\/"]}]}},"jetpack_sharing_enabled":true,"brands":[{"id":104,"name":"ANUA","slug":"anua"}],"_links":{"self":[{"href":"https:\/\/idakorea.ee\/en\/wp-json\/wp\/v2\/product\/13330","targetHints":{"allow":["GET"]}}],"collection":[{"href":"https:\/\/idakorea.ee\/en\/wp-json\/wp\/v2\/product"}],"about":[{"href":"https:\/\/idakorea.ee\/en\/wp-json\/wp\/v2\/types\/product"}],"replies":[{"embeddable":true,"href":"https:\/\/idakorea.ee\/en\/wp-json\/wp\/v2\/comments?post=13330"}],"version-history":[{"count":1,"href":"https:\/\/idakorea.ee\/en\/wp-json\/wp\/v2\/product\/13330\/revisions"}],"predecessor-version":[{"id":13334,"href":"https:\/\/idakorea.ee\/en\/wp-json\/wp\/v2\/product\/13330\/revisions\/13334"}],"wp:featuredmedia":[{"embeddable":true,"href":"https:\/\/idakorea.ee\/en\/wp-json\/wp\/v2\/media\/13331"}],"wp:attachment":[{"href":"https:\/\/idakorea.ee\/en\/wp-json\/wp\/v2\/media?parent=13330"}],"wp:term":[{"taxonomy":"pwb-brand","embeddable":true,"href":"https:\/\/idakorea.ee\/en\/wp-json\/wp\/v2\/pwb-brand?post=13330"},{"taxonomy":"product_brand","embeddable":true,"href":"https:\/\/idakorea.ee\/en\/wp-json\/wp\/v2\/product_brand?post=13330"},{"taxonomy":"product_cat","embeddable":true,"href":"https:\/\/idakorea.ee\/en\/wp-json\/wp\/v2\/product_cat?post=13330"},{"taxonomy":"product_tag","embeddable":true,"href":"https:\/\/idakorea.ee\/en\/wp-json\/wp\/v2\/product_tag?post=13330"}],"curies":[{"name":"wp","href":"https:\/\/api.w.org\/{rel}","templated":true}]}}