{"id":13380,"date":"2025-04-02T09:06:28","date_gmt":"2025-04-02T07:06:28","guid":{"rendered":"https:\/\/idakorea.ee\/?post_type=product&#038;p=13380"},"modified":"2026-03-07T12:31:24","modified_gmt":"2026-03-07T10:31:24","slug":"huulemask-carenel-pomegranate-lip-night-mask","status":"publish","type":"product","link":"https:\/\/idakorea.ee\/en\/product\/huulemask-carenel-pomegranate-lip-night-mask\/","title":{"rendered":"Pomegranate Lip Mask Care:Nel Pomegranate Lip Night Mask, 5 g"},"content":{"rendered":"<p><strong>Care:Nel Pomegranate Lip Night Mask<\/strong> intensively nourishes and moisturises delicate skin during sleep. This product can be used as a lip balm during the day or as a mask at night. The mask removes dead skin cells, leaving lips soft and hydrated in the morning. It increases elasticity, tones and creates a protective layer to prevent moisture loss.<\/p>\n<p>The mask cares for delicate lip skin, improves its appearance and helps prevent premature ageing. Enriched with beneficial microelements, the mask effectively repairs damage overnight and gives lips an attractive appearance.<\/p>\n<p><strong>Main ingredients:<\/strong><\/p>\n<ul>\n<li><strong>Pomegranate extract<\/strong> - stimulates the production of collagen, which makes the skin plump and supple. Rich in vitamin C, organic acids, sugars and tanning agents. Moisturises, improves circulation, tones the skin and acts as a powerful antioxidant, protecting skin cells from environmental damage. It also has anti-inflammatory and regenerative properties.<\/li>\n<li><strong>Matsutake mushroom extract (ridadik)<\/strong> - fights free radicals, strengthens skin cells' immunity and provides them with vitamins. It is one of the world's most prized mushrooms, with exceptional nourishing and healing properties.<\/li>\n<li><strong>Complex of plant extracts (strawberry, lotus, ginseng, lemongrass)<\/strong> - supplies skin cells with beneficial nutrients and strengthens the skin's protective barrier.<\/li>\n<li><strong>Vitamin E<\/strong> - has a rejuvenating effect and strengthens skin elasticity.<\/li>\n<li><strong>Candelilla and beeswax<\/strong> - protect the delicate skin of the lips, help retain moisture and leave lips silky soft.<\/li>\n<\/ul>\n<p>&nbsp;<\/p>\n<p>Suitable for all skin types.<\/p>\n<p><strong>Usage: <\/strong>Apply the required amount of product to lips.<\/p>","protected":false},"excerpt":{"rendered":"<p>Care:Nel Pomegranate Lip Night Mask intensively nourishes and moisturizes delicate skin during sleep. This product can be used as a lip balm during the day or as a mask at night. The mask removes dead skin cells, leaving lips soft and hydrated in the morning. It increases elasticity, tones and creates a protective layer to prevent moisture loss. The mask cares for the delicate skin of the lips, improves its...<\/p>","protected":false},"featured_media":13381,"comment_status":"open","ping_status":"closed","template":"","meta":{"_uf_show_specific_survey":0,"_uf_disable_surveys":false,"_bst_post_transparent":"default","_bst_post_title":"","_bst_post_layout":"default","_bst_post_sidebar_id":"","_bst_post_content_style":"default","_bst_post_vertical_padding":"default","_bst_post_feature":"","_bst_post_feature_position":"","_bst_post_header":false,"_bst_post_footer":false},"pwb-brand":[675],"product_brand":[],"product_cat":[368,92,99],"product_tag":[867],"class_list":{"0":"post-13380","1":"product","2":"type-product","3":"status-publish","4":"has-post-thumbnail","6":"pwb-brand-carenel","7":"product_cat-huulepalsamid-ja-hooldus","8":"product_cat-nagu","9":"product_cat-silmad-ja-huuled-2","10":"product_tag-huulemask","12":"first","13":"instock","14":"sale","15":"shipping-taxable","16":"purchasable","17":"product-type-simple","18":"entry","19":"content-bg","20":"loop-entry"},"supplier_id":null,"supplier_sku":"","barcode":null,"atum_controlled":true,"out_stock_date":null,"out_stock_threshold":null,"inheritable":false,"inbound_stock":0,"stock_on_hold":0,"sold_today":0,"sales_last_days":0,"out_stock_days":0,"lost_sales":0,"has_location":false,"update_date":"2026-04-14T00:05:10","atum_locations":[],"atum_stock_status":"instock","restock_status":false,"low_stock_amount":"","sales_update_date":"2026-04-14T00:05:10","calc_backorders":null,"yoast_head":"<!-- This site is optimized with the Yoast SEO plugin v27.2 - https:\/\/yoast.com\/product\/yoast-seo-wordpress\/ -->\n<title>Care:Nel Pomegranate Lip Night Mask, 5g - IDA.KOREA<\/title>\n<meta name=\"description\" content=\"Care:Nel Pomegranate Lip Night Mask intensiivselt toidab ja niisutab \u00f5rna nahka une ajal. Seda toodet saab kasutada nii p\u00e4eval, kui ka \u00f6\u00f6sel maskina.\" \/>\n<meta name=\"robots\" content=\"index, follow, max-snippet:-1, max-image-preview:large, max-video-preview:-1\" \/>\n<link rel=\"canonical\" href=\"https:\/\/idakorea.ee\/en\/product\/huulemask-carenel-pomegranate-lip-night-mask\/\" \/>\n<meta property=\"og:locale\" content=\"en_US\" \/>\n<meta property=\"og:type\" content=\"article\" \/>\n<meta property=\"og:title\" content=\"Care:Nel Pomegranate Lip Night Mask, 5g - IDA.KOREA\" \/>\n<meta property=\"og:description\" content=\"Care:Nel Pomegranate Lip Night Mask intensiivselt toidab ja niisutab \u00f5rna nahka une ajal. Seda toodet saab kasutada nii p\u00e4eval, kui ka \u00f6\u00f6sel maskina.\" \/>\n<meta property=\"og:url\" content=\"https:\/\/idakorea.ee\/en\/product\/huulemask-carenel-pomegranate-lip-night-mask\/\" \/>\n<meta property=\"og:site_name\" content=\"IDA.KOREA\" \/>\n<meta property=\"article:modified_time\" content=\"2026-03-07T10:31:24+00:00\" \/>\n<meta property=\"og:image\" content=\"https:\/\/idakorea.ee\/wp-content\/uploads\/2025\/04\/carenel-omegranate-lip-mask-idakorea.jpg\" \/>\n\t<meta property=\"og:image:width\" content=\"750\" \/>\n\t<meta property=\"og:image:height\" content=\"750\" \/>\n\t<meta property=\"og:image:type\" content=\"image\/jpeg\" \/>\n<meta name=\"twitter:card\" content=\"summary_large_image\" \/>\n<meta name=\"twitter:label1\" content=\"Est. reading time\" \/>\n\t<meta name=\"twitter:data1\" content=\"2 minutes\" \/>\n<script type=\"application\/ld+json\" class=\"yoast-schema-graph\">{\"@context\":\"https:\/\/schema.org\",\"@graph\":[{\"@type\":\"WebPage\",\"@id\":\"https:\/\/idakorea.ee\/product\/huulemask-carenel-pomegranate-lip-night-mask\/\",\"url\":\"https:\/\/idakorea.ee\/product\/huulemask-carenel-pomegranate-lip-night-mask\/\",\"name\":\"Care:Nel Pomegranate Lip Night Mask, 5g - IDA.KOREA\",\"isPartOf\":{\"@id\":\"https:\/\/idakorea.ee\/#website\"},\"primaryImageOfPage\":{\"@id\":\"https:\/\/idakorea.ee\/product\/huulemask-carenel-pomegranate-lip-night-mask\/#primaryimage\"},\"image\":{\"@id\":\"https:\/\/idakorea.ee\/product\/huulemask-carenel-pomegranate-lip-night-mask\/#primaryimage\"},\"thumbnailUrl\":\"https:\/\/idakorea.ee\/wp-content\/uploads\/2025\/04\/carenel-omegranate-lip-mask-idakorea.jpg\",\"datePublished\":\"2025-04-02T07:06:28+00:00\",\"dateModified\":\"2026-03-07T10:31:24+00:00\",\"description\":\"Care:Nel Pomegranate Lip Night Mask intensiivselt toidab ja niisutab \u00f5rna nahka une ajal. Seda toodet saab kasutada nii p\u00e4eval, kui ka \u00f6\u00f6sel maskina.\",\"breadcrumb\":{\"@id\":\"https:\/\/idakorea.ee\/product\/huulemask-carenel-pomegranate-lip-night-mask\/#breadcrumb\"},\"inLanguage\":\"en-US\",\"potentialAction\":[{\"@type\":\"ReadAction\",\"target\":[\"https:\/\/idakorea.ee\/product\/huulemask-carenel-pomegranate-lip-night-mask\/\"]}]},{\"@type\":\"ImageObject\",\"inLanguage\":\"en-US\",\"@id\":\"https:\/\/idakorea.ee\/product\/huulemask-carenel-pomegranate-lip-night-mask\/#primaryimage\",\"url\":\"https:\/\/idakorea.ee\/wp-content\/uploads\/2025\/04\/carenel-omegranate-lip-mask-idakorea.jpg\",\"contentUrl\":\"https:\/\/idakorea.ee\/wp-content\/uploads\/2025\/04\/carenel-omegranate-lip-mask-idakorea.jpg\",\"width\":750,\"height\":750},{\"@type\":\"BreadcrumbList\",\"@id\":\"https:\/\/idakorea.ee\/product\/huulemask-carenel-pomegranate-lip-night-mask\/#breadcrumb\",\"itemListElement\":[{\"@type\":\"ListItem\",\"position\":1,\"name\":\"\u0413\u043b\u0430\u0432\u043d\u0430\u044f \u0441\u0442\u0440\u0430\u043d\u0438\u0446\u0430\",\"item\":\"https:\/\/idakorea.ee\/\"},{\"@type\":\"ListItem\",\"position\":2,\"name\":\"Shop\",\"item\":\"https:\/\/idakorea.ee\/shop-2\/\"},{\"@type\":\"ListItem\",\"position\":3,\"name\":\"Granaat\u00f5unaga huulemask Care:Nel Pomegranate Lip Night Mask, 5 g\"}]},{\"@type\":\"WebSite\",\"@id\":\"https:\/\/idakorea.ee\/#website\",\"url\":\"https:\/\/idakorea.ee\/\",\"name\":\"IDA.KOREA\",\"description\":\"Korea kosmeetika e-pood\",\"publisher\":{\"@id\":\"https:\/\/idakorea.ee\/#organization\"},\"alternateName\":\"Beauty Shop\",\"potentialAction\":[{\"@type\":\"SearchAction\",\"target\":{\"@type\":\"EntryPoint\",\"urlTemplate\":\"https:\/\/idakorea.ee\/?s={search_term_string}\"},\"query-input\":{\"@type\":\"PropertyValueSpecification\",\"valueRequired\":true,\"valueName\":\"search_term_string\"}}],\"inLanguage\":\"en-US\"},{\"@type\":\"Organization\",\"@id\":\"https:\/\/idakorea.ee\/#organization\",\"name\":\"IDA.KOREA\",\"url\":\"https:\/\/idakorea.ee\/\",\"logo\":{\"@type\":\"ImageObject\",\"inLanguage\":\"en-US\",\"@id\":\"https:\/\/idakorea.ee\/#\/schema\/logo\/image\/\",\"url\":\"https:\/\/idakorea.ee\/wp-content\/uploads\/2024\/05\/cropped-korea3.png\",\"contentUrl\":\"https:\/\/idakorea.ee\/wp-content\/uploads\/2024\/05\/cropped-korea3.png\",\"width\":688,\"height\":126,\"caption\":\"IDA.KOREA\"},\"image\":{\"@id\":\"https:\/\/idakorea.ee\/#\/schema\/logo\/image\/\"},\"sameAs\":[\"https:\/\/www.instagram.com\/ida.korea\/\"]}]}<\/script>\n<!-- \/ Yoast SEO plugin. -->","yoast_head_json":{"title":"Care:Nel Pomegranate Lip Night Mask, 5g - IDA.KOREA","description":"Care:Nel Pomegranate Lip Night Mask intensively nourishes and moisturizes delicate skin during sleep. This product can be used as a day or night mask.","robots":{"index":"index","follow":"follow","max-snippet":"max-snippet:-1","max-image-preview":"max-image-preview:large","max-video-preview":"max-video-preview:-1"},"canonical":"https:\/\/idakorea.ee\/en\/product\/huulemask-carenel-pomegranate-lip-night-mask\/","og_locale":"en_US","og_type":"article","og_title":"Care:Nel Pomegranate Lip Night Mask, 5g - IDA.KOREA","og_description":"Care:Nel Pomegranate Lip Night Mask intensiivselt toidab ja niisutab \u00f5rna nahka une ajal. Seda toodet saab kasutada nii p\u00e4eval, kui ka \u00f6\u00f6sel maskina.","og_url":"https:\/\/idakorea.ee\/en\/product\/huulemask-carenel-pomegranate-lip-night-mask\/","og_site_name":"IDA.KOREA","article_modified_time":"2026-03-07T10:31:24+00:00","og_image":[{"width":750,"height":750,"url":"https:\/\/idakorea.ee\/wp-content\/uploads\/2025\/04\/carenel-omegranate-lip-mask-idakorea.jpg","type":"image\/jpeg"}],"twitter_card":"summary_large_image","twitter_misc":{"Est. reading time":"2 minutes"},"schema":{"@context":"https:\/\/schema.org","@graph":[{"@type":"WebPage","@id":"https:\/\/idakorea.ee\/product\/huulemask-carenel-pomegranate-lip-night-mask\/","url":"https:\/\/idakorea.ee\/product\/huulemask-carenel-pomegranate-lip-night-mask\/","name":"Care:Nel Pomegranate Lip Night Mask, 5g - IDA.KOREA","isPartOf":{"@id":"https:\/\/idakorea.ee\/#website"},"primaryImageOfPage":{"@id":"https:\/\/idakorea.ee\/product\/huulemask-carenel-pomegranate-lip-night-mask\/#primaryimage"},"image":{"@id":"https:\/\/idakorea.ee\/product\/huulemask-carenel-pomegranate-lip-night-mask\/#primaryimage"},"thumbnailUrl":"https:\/\/idakorea.ee\/wp-content\/uploads\/2025\/04\/carenel-omegranate-lip-mask-idakorea.jpg","datePublished":"2025-04-02T07:06:28+00:00","dateModified":"2026-03-07T10:31:24+00:00","description":"Care:Nel Pomegranate Lip Night Mask intensively nourishes and moisturizes delicate skin during sleep. This product can be used as a day or night mask.","breadcrumb":{"@id":"https:\/\/idakorea.ee\/product\/huulemask-carenel-pomegranate-lip-night-mask\/#breadcrumb"},"inLanguage":"en-US","potentialAction":[{"@type":"ReadAction","target":["https:\/\/idakorea.ee\/product\/huulemask-carenel-pomegranate-lip-night-mask\/"]}]},{"@type":"ImageObject","inLanguage":"en-US","@id":"https:\/\/idakorea.ee\/product\/huulemask-carenel-pomegranate-lip-night-mask\/#primaryimage","url":"https:\/\/idakorea.ee\/wp-content\/uploads\/2025\/04\/carenel-omegranate-lip-mask-idakorea.jpg","contentUrl":"https:\/\/idakorea.ee\/wp-content\/uploads\/2025\/04\/carenel-omegranate-lip-mask-idakorea.jpg","width":750,"height":750},{"@type":"BreadcrumbList","@id":"https:\/\/idakorea.ee\/product\/huulemask-carenel-pomegranate-lip-night-mask\/#breadcrumb","itemListElement":[{"@type":"ListItem","position":1,"name":"\u0413\u043b\u0430\u0432\u043d\u0430\u044f \u0441\u0442\u0440\u0430\u043d\u0438\u0446\u0430","item":"https:\/\/idakorea.ee\/"},{"@type":"ListItem","position":2,"name":"Shop","item":"https:\/\/idakorea.ee\/shop-2\/"},{"@type":"ListItem","position":3,"name":"Granaat\u00f5unaga huulemask Care:Nel Pomegranate Lip Night Mask, 5 g"}]},{"@type":"WebSite","@id":"https:\/\/idakorea.ee\/#website","url":"https:\/\/idakorea.ee\/","name":"IDA.KOREA","description":"Korean cosmetics e-shop","publisher":{"@id":"https:\/\/idakorea.ee\/#organization"},"alternateName":"Beauty Shop","potentialAction":[{"@type":"SearchAction","target":{"@type":"EntryPoint","urlTemplate":"https:\/\/idakorea.ee\/?s={search_term_string}"},"query-input":{"@type":"PropertyValueSpecification","valueRequired":true,"valueName":"search_term_string"}}],"inLanguage":"en-US"},{"@type":"Organization","@id":"https:\/\/idakorea.ee\/#organization","name":"IDA.KOREA","url":"https:\/\/idakorea.ee\/","logo":{"@type":"ImageObject","inLanguage":"en-US","@id":"https:\/\/idakorea.ee\/#\/schema\/logo\/image\/","url":"https:\/\/idakorea.ee\/wp-content\/uploads\/2024\/05\/cropped-korea3.png","contentUrl":"https:\/\/idakorea.ee\/wp-content\/uploads\/2024\/05\/cropped-korea3.png","width":688,"height":126,"caption":"IDA.KOREA"},"image":{"@id":"https:\/\/idakorea.ee\/#\/schema\/logo\/image\/"},"sameAs":["https:\/\/www.instagram.com\/ida.korea\/"]}]}},"jetpack_sharing_enabled":true,"brands":[{"id":675,"name":"CARE:NEL","slug":"carenel"}],"_links":{"self":[{"href":"https:\/\/idakorea.ee\/en\/wp-json\/wp\/v2\/product\/13380","targetHints":{"allow":["GET"]}}],"collection":[{"href":"https:\/\/idakorea.ee\/en\/wp-json\/wp\/v2\/product"}],"about":[{"href":"https:\/\/idakorea.ee\/en\/wp-json\/wp\/v2\/types\/product"}],"replies":[{"embeddable":true,"href":"https:\/\/idakorea.ee\/en\/wp-json\/wp\/v2\/comments?post=13380"}],"version-history":[{"count":1,"href":"https:\/\/idakorea.ee\/en\/wp-json\/wp\/v2\/product\/13380\/revisions"}],"predecessor-version":[{"id":13385,"href":"https:\/\/idakorea.ee\/en\/wp-json\/wp\/v2\/product\/13380\/revisions\/13385"}],"wp:featuredmedia":[{"embeddable":true,"href":"https:\/\/idakorea.ee\/en\/wp-json\/wp\/v2\/media\/13381"}],"wp:attachment":[{"href":"https:\/\/idakorea.ee\/en\/wp-json\/wp\/v2\/media?parent=13380"}],"wp:term":[{"taxonomy":"pwb-brand","embeddable":true,"href":"https:\/\/idakorea.ee\/en\/wp-json\/wp\/v2\/pwb-brand?post=13380"},{"taxonomy":"product_brand","embeddable":true,"href":"https:\/\/idakorea.ee\/en\/wp-json\/wp\/v2\/product_brand?post=13380"},{"taxonomy":"product_cat","embeddable":true,"href":"https:\/\/idakorea.ee\/en\/wp-json\/wp\/v2\/product_cat?post=13380"},{"taxonomy":"product_tag","embeddable":true,"href":"https:\/\/idakorea.ee\/en\/wp-json\/wp\/v2\/product_tag?post=13380"}],"curies":[{"name":"wp","href":"https:\/\/api.w.org\/{rel}","templated":true}]}}