{"id":13506,"date":"2025-04-09T15:44:45","date_gmt":"2025-04-09T13:44:45","guid":{"rendered":"https:\/\/idakorea.ee\/?post_type=product&#038;p=13506"},"modified":"2026-01-30T14:23:11","modified_gmt":"2026-01-30T12:23:11","slug":"alginaatmask-vt-cosmetics-reedle-shot-ex-modeling-pack-25g","status":"publish","type":"product","link":"https:\/\/idakorea.ee\/en\/product\/alginaatmask-vt-cosmetics-reedle-shot-ex-modeling-pack-25g\/","title":{"rendered":"Alginate mask VT Cosmetics Reedle Shot EX Modeling Pack, 25g"},"content":{"rendered":"<p class=\"\" data-start=\"118\" data-end=\"399\"><strong>VT Cosmetics Reedle Shot EX Modeling Pack<\/strong> is a 2-in-one instant skin care product that improves skin texture: tightens pores, reduces redness and inflammation, smoothes wrinkles and evens skin tone. The mask is pleasantly cooling, evenly distributed and removes easily after drying.<\/p>\n<p class=\"\" data-start=\"401\" data-end=\"682\">In addition to micro-particles, each mask contains active ingredients that perform specific functions: improving elasticity, soothing inflammation, moisturising or brightening the skin. The product does not contain any artificial colouring or fragrance - the colour comes from natural ingredients.<\/p>\n<p class=\"\" data-start=\"684\" data-end=\"1063\"><strong data-start=\"684\" data-end=\"705\">Main active substance<\/strong> is a complex of microparticles <strong data-start=\"732\" data-end=\"747\">CicaReedle\u2122<\/strong>, which not only gently exfoliates but also transports active ingredients (collagen, centella extract, hyaluronic acid or vitamin C) deep into the epidermis. CicaReedle\u2122 stimulates cell renewal, smoothes skin texture, tightens pores and reduces wrinkles. Milk exosomes nourish, soften and accelerate regeneration.<\/p>\n<p class=\"\" data-start=\"1334\" data-end=\"1572\"><strong data-start=\"1334\" data-end=\"1357\">Kitty (for recovery)<\/strong><br data-start=\"1357\" data-end=\"1360\" \/>Moisturises and soothes, reduces redness and irritation, suppresses inflammation. Improves skin tone and speeds up healing. Contains centella asiatica complex, hauttuynia and green tea powder, betaine and kaolin.<\/p>\n<p class=\"\" data-start=\"2055\" data-end=\"2381\"><strong data-start=\"2055\" data-end=\"2070\">Usage:<\/strong><br data-start=\"2070\" data-end=\"2073\" \/>Use the mask after washing the face, toner and serum. Add 6-7 spoonfuls of water to the powder, mix until you get a homogeneous mass. Apply the mask to the face, avoiding the eye, nose and lip area. After 10 to 20 minutes, when the mask is dry, gently remove by pulling the mask away. Finish with a moisturising cream.<\/p>","protected":false},"excerpt":{"rendered":"<p>VT Cosmetics Reedle Shot EX Modeling Pack is a 2-in-one quick treatment that improves skin texture: tightens pores, reduces redness and inflammation, smoothes wrinkles and evens skin tone. The mask is pleasantly cooling, evenly distributed and removes easily after drying. In addition to micro-particles, each mask contains active ingredients that perform specific functions: improving elasticity, soothing inflammation, moisturising or brightening the skin.....<\/p>","protected":false},"featured_media":13507,"comment_status":"open","ping_status":"closed","template":"","meta":{"_uf_show_specific_survey":0,"_uf_disable_surveys":false,"_bst_post_transparent":"default","_bst_post_title":"","_bst_post_layout":"default","_bst_post_sidebar_id":"","_bst_post_content_style":"default","_bst_post_vertical_padding":"default","_bst_post_feature":"","_bst_post_feature_position":"","_bst_post_header":false,"_bst_post_footer":false},"pwb-brand":[493],"product_brand":[],"product_cat":[92,98],"product_tag":[],"class_list":{"0":"post-13506","1":"product","2":"type-product","3":"status-publish","4":"has-post-thumbnail","6":"pwb-brand-vt","7":"product_cat-nagu","8":"product_cat-naomaskid","10":"first","11":"instock","12":"sale","13":"shipping-taxable","14":"purchasable","15":"product-type-simple","16":"entry","17":"content-bg","18":"loop-entry"},"supplier_id":null,"supplier_sku":"","barcode":null,"atum_controlled":true,"out_stock_date":null,"out_stock_threshold":null,"inheritable":false,"inbound_stock":0,"stock_on_hold":0,"sold_today":0,"sales_last_days":0,"out_stock_days":0,"lost_sales":0,"has_location":false,"update_date":"2026-04-14T00:05:04","atum_locations":[],"atum_stock_status":"instock","restock_status":false,"low_stock_amount":"","sales_update_date":"2026-04-14T00:05:04","calc_backorders":null,"yoast_head":"<!-- This site is optimized with the Yoast SEO plugin v27.2 - https:\/\/yoast.com\/product\/yoast-seo-wordpress\/ -->\n<title>VT Cosmetics Reedle Shot EX Modeling Pack, 25g - IDA.KOREA<\/title>\n<meta name=\"description\" content=\"VT Cosmetics Reedle Shot EX Modeling Pack parandab naha tekstuuri: ahendab poore, v\u00e4hendab punetust ja p\u00f5letikku, silub kortse ning \u00fchtlustab nahatooni.\" \/>\n<meta name=\"robots\" content=\"index, follow, max-snippet:-1, max-image-preview:large, max-video-preview:-1\" \/>\n<link rel=\"canonical\" href=\"https:\/\/idakorea.ee\/en\/product\/alginaatmask-vt-cosmetics-reedle-shot-ex-modeling-pack-25g\/\" \/>\n<meta property=\"og:locale\" content=\"en_US\" \/>\n<meta property=\"og:type\" content=\"article\" \/>\n<meta property=\"og:title\" content=\"VT Cosmetics Reedle Shot EX Modeling Pack, 25g - IDA.KOREA\" \/>\n<meta property=\"og:description\" content=\"VT Cosmetics Reedle Shot EX Modeling Pack parandab naha tekstuuri: ahendab poore, v\u00e4hendab punetust ja p\u00f5letikku, silub kortse ning \u00fchtlustab nahatooni.\" \/>\n<meta property=\"og:url\" content=\"https:\/\/idakorea.ee\/en\/product\/alginaatmask-vt-cosmetics-reedle-shot-ex-modeling-pack-25g\/\" \/>\n<meta property=\"og:site_name\" content=\"IDA.KOREA\" \/>\n<meta property=\"article:modified_time\" content=\"2026-01-30T12:23:11+00:00\" \/>\n<meta property=\"og:image\" content=\"https:\/\/idakorea.ee\/wp-content\/uploads\/2025\/04\/vt-cosmetics_-reedle-shot-ex-cica-modeling-pack-idakorea.jpg\" \/>\n\t<meta property=\"og:image:width\" content=\"1000\" \/>\n\t<meta property=\"og:image:height\" content=\"1000\" \/>\n\t<meta property=\"og:image:type\" content=\"image\/jpeg\" \/>\n<meta name=\"twitter:card\" content=\"summary_large_image\" \/>\n<meta name=\"twitter:label1\" content=\"Est. reading time\" \/>\n\t<meta name=\"twitter:data1\" content=\"2 minutes\" \/>\n<script type=\"application\/ld+json\" class=\"yoast-schema-graph\">{\"@context\":\"https:\/\/schema.org\",\"@graph\":[{\"@type\":\"WebPage\",\"@id\":\"https:\/\/idakorea.ee\/product\/alginaatmask-vt-cosmetics-reedle-shot-ex-modeling-pack-25g\/\",\"url\":\"https:\/\/idakorea.ee\/product\/alginaatmask-vt-cosmetics-reedle-shot-ex-modeling-pack-25g\/\",\"name\":\"VT Cosmetics Reedle Shot EX Modeling Pack, 25g - IDA.KOREA\",\"isPartOf\":{\"@id\":\"https:\/\/idakorea.ee\/#website\"},\"primaryImageOfPage\":{\"@id\":\"https:\/\/idakorea.ee\/product\/alginaatmask-vt-cosmetics-reedle-shot-ex-modeling-pack-25g\/#primaryimage\"},\"image\":{\"@id\":\"https:\/\/idakorea.ee\/product\/alginaatmask-vt-cosmetics-reedle-shot-ex-modeling-pack-25g\/#primaryimage\"},\"thumbnailUrl\":\"https:\/\/idakorea.ee\/wp-content\/uploads\/2025\/04\/vt-cosmetics_-reedle-shot-ex-cica-modeling-pack-idakorea.jpg\",\"datePublished\":\"2025-04-09T13:44:45+00:00\",\"dateModified\":\"2026-01-30T12:23:11+00:00\",\"description\":\"VT Cosmetics Reedle Shot EX Modeling Pack parandab naha tekstuuri: ahendab poore, v\u00e4hendab punetust ja p\u00f5letikku, silub kortse ning \u00fchtlustab nahatooni.\",\"breadcrumb\":{\"@id\":\"https:\/\/idakorea.ee\/product\/alginaatmask-vt-cosmetics-reedle-shot-ex-modeling-pack-25g\/#breadcrumb\"},\"inLanguage\":\"en-US\",\"potentialAction\":[{\"@type\":\"ReadAction\",\"target\":[\"https:\/\/idakorea.ee\/product\/alginaatmask-vt-cosmetics-reedle-shot-ex-modeling-pack-25g\/\"]}]},{\"@type\":\"ImageObject\",\"inLanguage\":\"en-US\",\"@id\":\"https:\/\/idakorea.ee\/product\/alginaatmask-vt-cosmetics-reedle-shot-ex-modeling-pack-25g\/#primaryimage\",\"url\":\"https:\/\/idakorea.ee\/wp-content\/uploads\/2025\/04\/vt-cosmetics_-reedle-shot-ex-cica-modeling-pack-idakorea.jpg\",\"contentUrl\":\"https:\/\/idakorea.ee\/wp-content\/uploads\/2025\/04\/vt-cosmetics_-reedle-shot-ex-cica-modeling-pack-idakorea.jpg\",\"width\":1000,\"height\":1000},{\"@type\":\"BreadcrumbList\",\"@id\":\"https:\/\/idakorea.ee\/product\/alginaatmask-vt-cosmetics-reedle-shot-ex-modeling-pack-25g\/#breadcrumb\",\"itemListElement\":[{\"@type\":\"ListItem\",\"position\":1,\"name\":\"\u0413\u043b\u0430\u0432\u043d\u0430\u044f \u0441\u0442\u0440\u0430\u043d\u0438\u0446\u0430\",\"item\":\"https:\/\/idakorea.ee\/\"},{\"@type\":\"ListItem\",\"position\":2,\"name\":\"Shop\",\"item\":\"https:\/\/idakorea.ee\/shop-2\/\"},{\"@type\":\"ListItem\",\"position\":3,\"name\":\"Alginaatmask VT Cosmetics Reedle Shot EX Modeling Pack, 25g\"}]},{\"@type\":\"WebSite\",\"@id\":\"https:\/\/idakorea.ee\/#website\",\"url\":\"https:\/\/idakorea.ee\/\",\"name\":\"IDA.KOREA\",\"description\":\"Korea kosmeetika e-pood\",\"publisher\":{\"@id\":\"https:\/\/idakorea.ee\/#organization\"},\"alternateName\":\"Beauty Shop\",\"potentialAction\":[{\"@type\":\"SearchAction\",\"target\":{\"@type\":\"EntryPoint\",\"urlTemplate\":\"https:\/\/idakorea.ee\/?s={search_term_string}\"},\"query-input\":{\"@type\":\"PropertyValueSpecification\",\"valueRequired\":true,\"valueName\":\"search_term_string\"}}],\"inLanguage\":\"en-US\"},{\"@type\":\"Organization\",\"@id\":\"https:\/\/idakorea.ee\/#organization\",\"name\":\"IDA.KOREA\",\"url\":\"https:\/\/idakorea.ee\/\",\"logo\":{\"@type\":\"ImageObject\",\"inLanguage\":\"en-US\",\"@id\":\"https:\/\/idakorea.ee\/#\/schema\/logo\/image\/\",\"url\":\"https:\/\/idakorea.ee\/wp-content\/uploads\/2024\/05\/cropped-korea3.png\",\"contentUrl\":\"https:\/\/idakorea.ee\/wp-content\/uploads\/2024\/05\/cropped-korea3.png\",\"width\":688,\"height\":126,\"caption\":\"IDA.KOREA\"},\"image\":{\"@id\":\"https:\/\/idakorea.ee\/#\/schema\/logo\/image\/\"},\"sameAs\":[\"https:\/\/www.instagram.com\/ida.korea\/\"]}]}<\/script>\n<!-- \/ Yoast SEO plugin. -->","yoast_head_json":{"title":"VT Cosmetics Reedle Shot EX Modeling Pack, 25g - IDA.KOREA","description":"VT Cosmetics Reedle Shot EX Modeling Pack improves skin texture: tightens pores, reduces redness and inflammation, smoothes wrinkles, and evens out skin tone.","robots":{"index":"index","follow":"follow","max-snippet":"max-snippet:-1","max-image-preview":"max-image-preview:large","max-video-preview":"max-video-preview:-1"},"canonical":"https:\/\/idakorea.ee\/en\/product\/alginaatmask-vt-cosmetics-reedle-shot-ex-modeling-pack-25g\/","og_locale":"en_US","og_type":"article","og_title":"VT Cosmetics Reedle Shot EX Modeling Pack, 25g - IDA.KOREA","og_description":"VT Cosmetics Reedle Shot EX Modeling Pack parandab naha tekstuuri: ahendab poore, v\u00e4hendab punetust ja p\u00f5letikku, silub kortse ning \u00fchtlustab nahatooni.","og_url":"https:\/\/idakorea.ee\/en\/product\/alginaatmask-vt-cosmetics-reedle-shot-ex-modeling-pack-25g\/","og_site_name":"IDA.KOREA","article_modified_time":"2026-01-30T12:23:11+00:00","og_image":[{"width":1000,"height":1000,"url":"https:\/\/idakorea.ee\/wp-content\/uploads\/2025\/04\/vt-cosmetics_-reedle-shot-ex-cica-modeling-pack-idakorea.jpg","type":"image\/jpeg"}],"twitter_card":"summary_large_image","twitter_misc":{"Est. reading time":"2 minutes"},"schema":{"@context":"https:\/\/schema.org","@graph":[{"@type":"WebPage","@id":"https:\/\/idakorea.ee\/product\/alginaatmask-vt-cosmetics-reedle-shot-ex-modeling-pack-25g\/","url":"https:\/\/idakorea.ee\/product\/alginaatmask-vt-cosmetics-reedle-shot-ex-modeling-pack-25g\/","name":"VT Cosmetics Reedle Shot EX Modeling Pack, 25g - IDA.KOREA","isPartOf":{"@id":"https:\/\/idakorea.ee\/#website"},"primaryImageOfPage":{"@id":"https:\/\/idakorea.ee\/product\/alginaatmask-vt-cosmetics-reedle-shot-ex-modeling-pack-25g\/#primaryimage"},"image":{"@id":"https:\/\/idakorea.ee\/product\/alginaatmask-vt-cosmetics-reedle-shot-ex-modeling-pack-25g\/#primaryimage"},"thumbnailUrl":"https:\/\/idakorea.ee\/wp-content\/uploads\/2025\/04\/vt-cosmetics_-reedle-shot-ex-cica-modeling-pack-idakorea.jpg","datePublished":"2025-04-09T13:44:45+00:00","dateModified":"2026-01-30T12:23:11+00:00","description":"VT Cosmetics Reedle Shot EX Modeling Pack improves skin texture: tightens pores, reduces redness and inflammation, smoothes wrinkles, and evens out skin tone.","breadcrumb":{"@id":"https:\/\/idakorea.ee\/product\/alginaatmask-vt-cosmetics-reedle-shot-ex-modeling-pack-25g\/#breadcrumb"},"inLanguage":"en-US","potentialAction":[{"@type":"ReadAction","target":["https:\/\/idakorea.ee\/product\/alginaatmask-vt-cosmetics-reedle-shot-ex-modeling-pack-25g\/"]}]},{"@type":"ImageObject","inLanguage":"en-US","@id":"https:\/\/idakorea.ee\/product\/alginaatmask-vt-cosmetics-reedle-shot-ex-modeling-pack-25g\/#primaryimage","url":"https:\/\/idakorea.ee\/wp-content\/uploads\/2025\/04\/vt-cosmetics_-reedle-shot-ex-cica-modeling-pack-idakorea.jpg","contentUrl":"https:\/\/idakorea.ee\/wp-content\/uploads\/2025\/04\/vt-cosmetics_-reedle-shot-ex-cica-modeling-pack-idakorea.jpg","width":1000,"height":1000},{"@type":"BreadcrumbList","@id":"https:\/\/idakorea.ee\/product\/alginaatmask-vt-cosmetics-reedle-shot-ex-modeling-pack-25g\/#breadcrumb","itemListElement":[{"@type":"ListItem","position":1,"name":"\u0413\u043b\u0430\u0432\u043d\u0430\u044f \u0441\u0442\u0440\u0430\u043d\u0438\u0446\u0430","item":"https:\/\/idakorea.ee\/"},{"@type":"ListItem","position":2,"name":"Shop","item":"https:\/\/idakorea.ee\/shop-2\/"},{"@type":"ListItem","position":3,"name":"Alginaatmask VT Cosmetics Reedle Shot EX Modeling Pack, 25g"}]},{"@type":"WebSite","@id":"https:\/\/idakorea.ee\/#website","url":"https:\/\/idakorea.ee\/","name":"IDA.KOREA","description":"Korean cosmetics e-shop","publisher":{"@id":"https:\/\/idakorea.ee\/#organization"},"alternateName":"Beauty Shop","potentialAction":[{"@type":"SearchAction","target":{"@type":"EntryPoint","urlTemplate":"https:\/\/idakorea.ee\/?s={search_term_string}"},"query-input":{"@type":"PropertyValueSpecification","valueRequired":true,"valueName":"search_term_string"}}],"inLanguage":"en-US"},{"@type":"Organization","@id":"https:\/\/idakorea.ee\/#organization","name":"IDA.KOREA","url":"https:\/\/idakorea.ee\/","logo":{"@type":"ImageObject","inLanguage":"en-US","@id":"https:\/\/idakorea.ee\/#\/schema\/logo\/image\/","url":"https:\/\/idakorea.ee\/wp-content\/uploads\/2024\/05\/cropped-korea3.png","contentUrl":"https:\/\/idakorea.ee\/wp-content\/uploads\/2024\/05\/cropped-korea3.png","width":688,"height":126,"caption":"IDA.KOREA"},"image":{"@id":"https:\/\/idakorea.ee\/#\/schema\/logo\/image\/"},"sameAs":["https:\/\/www.instagram.com\/ida.korea\/"]}]}},"jetpack_sharing_enabled":true,"brands":[{"id":493,"name":"VT COSMETICS","slug":"vt"}],"_links":{"self":[{"href":"https:\/\/idakorea.ee\/en\/wp-json\/wp\/v2\/product\/13506","targetHints":{"allow":["GET"]}}],"collection":[{"href":"https:\/\/idakorea.ee\/en\/wp-json\/wp\/v2\/product"}],"about":[{"href":"https:\/\/idakorea.ee\/en\/wp-json\/wp\/v2\/types\/product"}],"replies":[{"embeddable":true,"href":"https:\/\/idakorea.ee\/en\/wp-json\/wp\/v2\/comments?post=13506"}],"version-history":[{"count":2,"href":"https:\/\/idakorea.ee\/en\/wp-json\/wp\/v2\/product\/13506\/revisions"}],"predecessor-version":[{"id":14198,"href":"https:\/\/idakorea.ee\/en\/wp-json\/wp\/v2\/product\/13506\/revisions\/14198"}],"wp:featuredmedia":[{"embeddable":true,"href":"https:\/\/idakorea.ee\/en\/wp-json\/wp\/v2\/media\/13507"}],"wp:attachment":[{"href":"https:\/\/idakorea.ee\/en\/wp-json\/wp\/v2\/media?parent=13506"}],"wp:term":[{"taxonomy":"pwb-brand","embeddable":true,"href":"https:\/\/idakorea.ee\/en\/wp-json\/wp\/v2\/pwb-brand?post=13506"},{"taxonomy":"product_brand","embeddable":true,"href":"https:\/\/idakorea.ee\/en\/wp-json\/wp\/v2\/product_brand?post=13506"},{"taxonomy":"product_cat","embeddable":true,"href":"https:\/\/idakorea.ee\/en\/wp-json\/wp\/v2\/product_cat?post=13506"},{"taxonomy":"product_tag","embeddable":true,"href":"https:\/\/idakorea.ee\/en\/wp-json\/wp\/v2\/product_tag?post=13506"}],"curies":[{"name":"wp","href":"https:\/\/api.w.org\/{rel}","templated":true}]}}